{"id":8171,"date":"2024-05-03T06:30:37","date_gmt":"2024-05-03T06:30:37","guid":{"rendered":"https:\/\/elfsight.com\/de\/?page_id=8171"},"modified":"2025-02-17T12:41:20","modified_gmt":"2025-02-17T12:41:20","slug":"facebook","status":"publish","type":"page","link":"https:\/\/elfsight.com\/de\/booking-reviews-widget\/facebook\/","title":{"rendered":"Booking Reviews &#8211; Facebook Page"},"content":{"rendered":"\n<div class=\"application-platform-content-item-description application-platform-content-item\" id=\"description\" data-nav-section=\"description\"><h2>Beschreibung<\/h2><p>Elfsight Booking Reviews ist ein einfaches Widget, mit dem Sie Bewertungen \u00fcber Ihr Unternehmen in Ihre Facebook-Seite einf\u00fcgen k\u00f6nnen Booking.com. Mit diesem Widget k\u00f6nnen Sie mithilfe von Filtern unerw\u00fcnschte Bewertungen aussortieren, Ihre Sterne- und Zahlenbewertungen von Booking anzeigen, Details zu den Autoren anzeigen und eine Schaltfl\u00e4che integrieren, die Besuchern hilft, eine neue Bewertung auf Booking zu schreiben. Das Elfsight-Bewertungs-Widget hilft Ihnen dabei, perfekte soziale Beweise auf Ihrer Seite zu demonstrieren und den Umsatz zu steigern. <\/p><p><b>Zeigen Sie die besten Bewertungen zu Ihrer Unterkunft von Booking.com!<\/b><\/p> <\/div><div class=\"application-platform-content-item-features application-platform-content-item\" id=\"features\" data-nav-section=\"features\"><h2>Funktionen<\/h2> <p>Hier ist eine Liste aller Funktionen des Widgets. Sie k\u00f6nnen sie direkt im Editor anpassen und das Widget passend zu Ihren Bed\u00fcrfnissen erstellen. <\/p><ul><li>4 verf\u00fcgbare Layouts: Liste, Raster, Mauerwerk und Schieberegler; <\/li><li>\u00dcber die Schaltfl\u00e4che \u201eBewertungsanfrage\u201c gelangen Benutzer zur Buchungsseite. <\/li><li>6 anpassbare Elemente der Benutzeroberfl\u00e4che: Name des Autors und Foto, Empfehlungstext, Datum der Bewertung, Buchungssymbol und Sternebewertung; <\/li><\/ul><p><a href=\"#demo\">\u00dcberpr\u00fcfen Sie in unserer Demo, wie alle Funktionen funktionieren<\/a><\/p><\/div> <div class=\"application-platform-content-item-installation application-platform-content-item\" id=\"installation\" data-nav-section=\"installation\"> <h2>So f\u00fcgen Sie Buchungsbewertungen zu Ihrer Facebook-Unternehmensseite hinzu<\/h2><p>Um das Widget in die Seite einzuf\u00fchren, befolgen Sie die folgenden Richtlinien<\/p><ul><li><b>Erstellen Sie Ihre benutzerdefinierten Buchungsbewertungen tab<\/b><br>Verwalten Sie unseren kostenlosen Konfigurator und richten Sie ein Plugin mit individuellem Layout und funktionalen Merkmalen ein. <\/li><li><b>Kopieren Sie den individuellen Code, um das Plugin einzurichten<\/b><br>Nachdem Sie Ihr Widget konfiguriert haben, erhalten Sie den individuellen Code aus dem Popup-Fenster von Elfsight Apps. Kopiere diesen Code. <\/li><li><b>F\u00fcgen Sie das Widget zur Facebook-Seite hinzu<\/b><br> Erstellen Sie Ihren benutzerdefinierten Facebook-Tab. F\u00fcgen Sie den Code, den Sie bei elfsight apps erhalten haben, in die Registerkarte ein. Wenn Sie Probleme haben, lesen Sie einfach unseren Leitfaden unter <a href=\"https:\/\/elfsight.com\/blog\/how-to-add-custom-tab-to-facebook-page\/\" target=\"_blank\" rel=\"noopener noreferrer\">Benutzerdefinierten Facebook-Tab erstellen<\/a><\/li><li><b>Sie haben die Installation erfolgreich abgeschlossen<\/b><br>Betreten Sie die Seite, um Ihre Erfahrungsberichte zu sehen.<\/li><\/ul><p>Wenn Sie Hilfe ben\u00f6tigen oder Fragen haben, k\u00f6nnen Sie sich gerne an den Support unserer Kunden wenden. Unsere Spezialisten helfen Ihnen bei jeder Anfrage weiter. <\/p><div class=\"faq\" data-component=\"FAQ\"> <div class=\"faq-item\">\r\n\t\t\t\t\t<div class=\"faq-item-question\">\r\n\t\t\t\t\t\t<h3 class=\"faq-item-question-text\">Wie f\u00fcge ich Booking.com-Bewertungen ohne Programmierkenntnisse zu meiner Facebook-Seite hinzu?<\/h3>\r\n\r\n\t\t\t\t\t\t<div class=\"faq-item-question-icon\"><\/div>\r\n\t\t\t\t\t<\/div>\r\n\r\n\t\t\t\t\t<div class=\"faq-item-answer\">\r\n\t\t\t\t\t\t<div class=\"faq-item-answer-text\"> <p>Elfsight bietet eine SaaS-L\u00f6sung, mit der Sie selbst ein Booking.com-Bewertungen-Widget erstellen k\u00f6nnen. Sehen Sie, wie einfach der Prozess ist:<\/p>\n<ul>\n<li>Arbeiten Sie direkt im Online-Editor, um ein Booking.com-Bewertungen-Widget zu erstellen, das Sie auf Ihrer Facebook-Seite anzeigen m\u00f6chten.<\/li> \n<li>W\u00e4hlen Sie eine der vorgefertigten Vorlagen und passen Sie die Einstellungen an, f\u00fcgen Sie Ihre Inhalte hinzu, \u00e4ndern Sie das Layout und Farbschema \u2013 ganz ohne Programmierkenntnisse.<\/li> \n<li>Speichern Sie die \u00c4nderungen und kopieren Sie den Installationscode, den Sie ganz einfach in Ihre Facebook-Seite integrieren k\u00f6nnen, ohne eine kostenpflichtige Version kaufen zu m\u00fcssen.<\/li>\n<\/ul> \n<p>Mit unserem intuitiven Editor kann jeder Internetnutzer ein Booking.com-Bewertungen-Widget erstellen und problemlos in seine Facebook-Seite einf\u00fcgen. Es ist keine Zahlung oder Eingabe Ihrer Kreditkartendaten erforderlich, um den Service zu nutzen. Wenn Sie auf Probleme sto\u00dfen, k\u00f6nnen Sie sich jederzeit gerne an unseren technischen Support wenden.<\/p> <\/div>\r\n\t\t\t\t\t<\/div>\r\n\t\t\t\t<\/div> <\/div> <\/div>\n","protected":false},"excerpt":{"rendered":"","protected":false},"author":9,"featured_media":0,"parent":1543,"menu_order":0,"comment_status":"closed","ping_status":"closed","template":"templates\/template-application-platform.php","meta":{"publish_to_discourse":"","publish_post_category":"","wpdc_auto_publish_overridden":"","wpdc_topic_tags":"","wpdc_pin_topic":"","wpdc_pin_until":"","discourse_post_id":"","discourse_permalink":"","wpdc_publishing_response":"","wpdc_publishing_error":"","footnotes":""},"class_list":["post-8171","page","type-page","status-publish","hentry"],"yoast_head":"<!-- This site is optimized with the Yoast SEO plugin v25.3.1 - https:\/\/yoast.com\/wordpress\/plugins\/seo\/ -->\n<title>Buchungsbewertungen zum benutzerdefinierten Tab der Facebook-Seite hinzuf\u00fcgen (2025)<\/title>\n<meta name=\"description\" content=\"Gestalten Sie mit Elfsight Ihre Buchungsbewertungen und f\u00fcgen Sie sie schnell auf Ihrer Facebook-Seite hinzu. Wir bieten kostenlosen Kundenservice und andere Boni.\" \/>\n<meta name=\"robots\" content=\"index, follow, max-snippet:-1, max-image-preview:large, max-video-preview:-1\" \/>\n<link rel=\"canonical\" href=\"https:\/\/elfsight.com\/de\/booking-reviews-widget\/facebook\/\" \/>\n<meta property=\"og:locale\" content=\"de_DE\" \/>\n<meta property=\"og:type\" content=\"article\" \/>\n<meta property=\"og:title\" content=\"Buchungsbewertungen zum benutzerdefinierten Tab der Facebook-Seite hinzuf\u00fcgen (2025)\" \/>\n<meta property=\"og:description\" content=\"Gestalten Sie mit Elfsight Ihre Buchungsbewertungen und f\u00fcgen Sie sie schnell auf Ihrer Facebook-Seite hinzu. Wir bieten kostenlosen Kundenservice und andere Boni.\" \/>\n<meta property=\"og:url\" content=\"https:\/\/elfsight.com\/de\/booking-reviews-widget\/facebook\/\" \/>\n<meta property=\"og:site_name\" content=\"Elfsight DE\" \/>\n<meta property=\"article:modified_time\" content=\"2025-02-17T12:41:20+00:00\" \/>\n<meta name=\"twitter:card\" content=\"summary_large_image\" \/>\n<meta name=\"twitter:label1\" content=\"Gesch\u00e4tzte Lesezeit\" \/>\n\t<meta name=\"twitter:data1\" content=\"3\u00a0Minuten\" \/>\n<!-- \/ Yoast SEO plugin. -->","yoast_head_json":{"title":"Buchungsbewertungen zum benutzerdefinierten Tab der Facebook-Seite hinzuf\u00fcgen (2025)","description":"Gestalten Sie mit Elfsight Ihre Buchungsbewertungen und f\u00fcgen Sie sie schnell auf Ihrer Facebook-Seite hinzu. Wir bieten kostenlosen Kundenservice und andere Boni.","robots":{"index":"index","follow":"follow","max-snippet":"max-snippet:-1","max-image-preview":"max-image-preview:large","max-video-preview":"max-video-preview:-1"},"canonical":"https:\/\/elfsight.com\/de\/booking-reviews-widget\/facebook\/","og_locale":"de_DE","og_type":"article","og_title":"Buchungsbewertungen zum benutzerdefinierten Tab der Facebook-Seite hinzuf\u00fcgen (2025)","og_description":"Gestalten Sie mit Elfsight Ihre Buchungsbewertungen und f\u00fcgen Sie sie schnell auf Ihrer Facebook-Seite hinzu. Wir bieten kostenlosen Kundenservice und andere Boni.","og_url":"https:\/\/elfsight.com\/de\/booking-reviews-widget\/facebook\/","og_site_name":"Elfsight DE","article_modified_time":"2025-02-17T12:41:20+00:00","twitter_card":"summary_large_image","twitter_misc":{"Gesch\u00e4tzte Lesezeit":"3\u00a0Minuten"},"schema":{"@context":"https:\/\/schema.org","@graph":[{"@type":"WebPage","@id":"https:\/\/elfsight.com\/de\/booking-reviews-widget\/facebook\/","url":"https:\/\/elfsight.com\/de\/booking-reviews-widget\/facebook\/","name":"Buchungsbewertungen zum benutzerdefinierten Tab der Facebook-Seite hinzuf\u00fcgen (2025)","isPartOf":{"@id":"https:\/\/elfsight.com\/de\/#website"},"datePublished":"2024-05-03T06:30:37+00:00","dateModified":"2025-02-17T12:41:20+00:00","description":"Gestalten Sie mit Elfsight Ihre Buchungsbewertungen und f\u00fcgen Sie sie schnell auf Ihrer Facebook-Seite hinzu. Wir bieten kostenlosen Kundenservice und andere Boni.","breadcrumb":{"@id":"https:\/\/elfsight.com\/de\/booking-reviews-widget\/facebook\/#breadcrumb"},"inLanguage":"de","potentialAction":[{"@type":"ReadAction","target":["https:\/\/elfsight.com\/de\/booking-reviews-widget\/facebook\/"]}]},{"@type":"BreadcrumbList","@id":"https:\/\/elfsight.com\/de\/booking-reviews-widget\/facebook\/#breadcrumb","itemListElement":[{"@type":"ListItem","position":1,"name":"Home","item":"https:\/\/elfsight.com\/de\/"},{"@type":"ListItem","position":2,"name":"Booking Reviews","item":"https:\/\/elfsight.com\/de\/booking-reviews-widget\/"},{"@type":"ListItem","position":3,"name":"Booking Reviews &#8211; Facebook Page"}]},{"@type":"WebSite","@id":"https:\/\/elfsight.com\/de\/#website","url":"https:\/\/elfsight.com\/de\/","name":"Elfsight DE","description":"Just another Elfsight Sites site","potentialAction":[{"@type":"SearchAction","target":{"@type":"EntryPoint","urlTemplate":"https:\/\/elfsight.com\/de\/?s={search_term_string}"},"query-input":{"@type":"PropertyValueSpecification","valueRequired":true,"valueName":"search_term_string"}}],"inLanguage":"de"}]}},"meta_box":{"industry":"","seo_heading":"","heading":"","description":"","cta_heading":"","cta_description":"","application":"489","h1":"Booking.com-Bewertungen f\u00fcr die Facebook-Unternehmensseite","h1_caption":"Zeigen Sie Bewertungen von booking.com an, um mehr G\u00e4ste anzulocken, indem Sie m\u00fchelos positive Erfahrungen fr\u00fcherer Besucher auf Ihrer Facebook-Seite anzeigen.","application_category":[],"applications_title":"","applications_request_title":"","applications_request_button_text":"","hero_text":"","hero_video":"","hero_video_schema_markup":"","selling_points_title":"","selling_points_caption":"","selling_points":[],"selling_points_cta_text":"","features_title":"","features":"","ed_cta_examples_text":"","ed_cta_examples_hidden":"","ed_cta_demo_text":"","ed_cta_demo_hidden":"","why_caption":"","why_editor_title":"","why_editor_text":"","why_team_title":"","why_team_text":"","why_service_title":"","why_service_text":"","template_catalog_visible":"0","template_catalog_title":"","template_catalog_text":"","template_catalog_categories_visible":"","demo_title":"Erstellen Sie Ihr Buchungsbewertungs-Widget","demo_caption":"Konfigurieren Sie Ihre Buchungsbewertungen und f\u00fcgen Sie sie kostenlos zu Ihrer Facebook-Seite hinzu!","default_faq_hidden":"","app_template_category":[],"platform":"216","template_public_id":"","codecanyon_url":"","codecanyon_item_id":"","codecanyon_price":"","pricing_caption":"","pricing_elfsight_apps_hide_column":"","pricing_elfsight_apps_url":"","pricing_codecanyon_price_caption":"","integration_category":[],"integration_request_title":"","integration_request_cta":"","integration_platform":"","integrations":[],"platform_category":[],"video_schema_markup":"","price":"ab 0 $ \/ Monat","trial":"","benefits":[{"text":"Kostenlose Installationsunterst\u00fctzung"},{"text":"Kompetenter Kundenservice"},{"text":"14-t\u00e4gige Geld-zur\u00fcck-Garantie"},{"text":"St\u00e4ndige Aktualisierung"}],"button_url":"#demo","button_target_blank":"0","button_nofollow":"0","attributes":[{"name":"Installiert","content":"10,000 - 100,000"},{"name":"Reaktionsfreudig","content":"Ja"},{"name":"Kompatible Browser","content":"Firefox, Edge, Opera, Chrome, Safari"}],"tags":[],"tags_disable_links":"0","hide_more_platforms":"0","video_object":"","demo_hide_cta":"0","demo_hide_cloud_options":"0","pricing_title":"","pricing":[{"pricing_icon":"platform","pricing_title":"Elfsight Apps","pricing_title_caption":"Plattform\u00fcbergreifende digitale L\u00f6sung, die auf jeder Website funktioniert","pricing_price":"ab 0 $ \/ Monat","pricing_price_caption":"Beginnen Sie mit einem kostenlosen Plan","pricing_benefits":[{"text":"Unbegrenzte Websites"},{"text":"Professionelle und p\u00fcnktliche Unterst\u00fctzung"},{"text":"Kostenlose Installationshilfe"},{"text":"Flexibles Design"}],"pricing_button_text":"Zur Website hinzuf\u00fcgen","pricing_button_url":"#demo"}],"related_apps_title":"","related_apps_hidden":"0","author":"","image":[],"title":"","job":"","social_networks":[]},"_links":{"self":[{"href":"https:\/\/elfsight.com\/de\/wp-json\/wp\/v2\/pages\/8171","targetHints":{"allow":["GET"]}}],"collection":[{"href":"https:\/\/elfsight.com\/de\/wp-json\/wp\/v2\/pages"}],"about":[{"href":"https:\/\/elfsight.com\/de\/wp-json\/wp\/v2\/types\/page"}],"author":[{"embeddable":true,"href":"https:\/\/elfsight.com\/de\/wp-json\/wp\/v2\/users\/9"}],"replies":[{"embeddable":true,"href":"https:\/\/elfsight.com\/de\/wp-json\/wp\/v2\/comments?post=8171"}],"version-history":[{"count":2,"href":"https:\/\/elfsight.com\/de\/wp-json\/wp\/v2\/pages\/8171\/revisions"}],"predecessor-version":[{"id":24264,"href":"https:\/\/elfsight.com\/de\/wp-json\/wp\/v2\/pages\/8171\/revisions\/24264"}],"up":[{"embeddable":true,"href":"https:\/\/elfsight.com\/de\/wp-json\/wp\/v2\/pages\/1543"}],"wp:attachment":[{"href":"https:\/\/elfsight.com\/de\/wp-json\/wp\/v2\/media?parent=8171"}],"curies":[{"name":"wp","href":"https:\/\/api.w.org\/{rel}","templated":true}]}}