{"id":8170,"date":"2024-05-03T06:30:36","date_gmt":"2024-05-03T06:30:36","guid":{"rendered":"https:\/\/elfsight.com\/de\/?page_id=8170"},"modified":"2025-02-17T13:44:19","modified_gmt":"2025-02-17T13:44:19","slug":"woocommerce","status":"publish","type":"page","link":"https:\/\/elfsight.com\/de\/booking-reviews-widget\/woocommerce\/","title":{"rendered":"Booking Reviews &#8211; WooCommerce"},"content":{"rendered":"\n<div class=\"application-platform-content-item-description application-platform-content-item\" id=\"description\" data-nav-section=\"description\"><h2>Beschreibung<\/h2><p>Wenn Sie Ihre hohe Bewertung demonstrieren und Website-Besucher davon \u00fcberzeugen m\u00f6chten, dass Ihre Produkte oder Dienstleistungen eine Ausgabe wert sind Geld sparen, das Elfsight Booking Reviews-Widget passt perfekt zu Ihnen. Mit diesem Widget k\u00f6nnen Sie Kundenbewertungen von Booking auf Ihrer Website mit Details zu ihren Autoren anzeigen, sie filtern, um nur gute Bewertungen anzuzeigen, Bewertungen anzeigen und eine Weiterleitungsschaltfl\u00e4che verwenden, die Benutzer auf Ihre Booking-Seite leitet, damit sie Beitr\u00e4ge ver\u00f6ffentlichen k\u00f6nnen ihre Bewertung.<\/p><p><b>Erzielen Sie mit Elfsight Booking Reviews eine solide Gesch\u00e4ftsentwicklung und steigern Sie den Umsatz<\/b><\/p><\/div> <div class=\"application-platform-content-item-features application-platform-content-item\" id=\"features\" data-nav-section=\"features\"><h2>Studieren Sie die Liste der leistungsst\u00e4rksten Funktionen:<\/h2><ul><li>Vier verf\u00fcgbare Layouts: Liste, Raster, Mauerwerk und Schieberegler;<\/li><li>Eine M\u00f6glichkeit, die Kopfzeile des Widgets ein-\/auszuschalten; <\/li><li>Zwei Optionen f\u00fcr Szenarios der Ablehnung einer Bewertungsanfrage: Anzeigen einer benutzerdefinierten Nachricht oder Ausblenden der Schaltfl\u00e4che.<\/li><\/ul><p><a href=\"#demo\">Probieren Sie einfach diese Demo aus Sehen Sie, was das Widget wert ist<\/a><\/p><\/div><div class=\"application-platform-content-item-installation application-platform-content-item\" id=\"installation\" data-nav-section=\"installation\"><h2>Wie f\u00fcge ich Buchungsbewertungen auf meiner WooCommerce-Website hinzu?<\/h2><p>Folgen Sie einfach ein paar Die unten aufgef\u00fchrten Schritte zur Integration des Widgets.<\/p><ol><li><b>Starten Sie unseren kostenlosen Editor und beginnen Sie mit der Erstellung Ihres ma\u00dfgeschneiderten Plugins.<\/b><br>Bestimmen Sie die ausgew\u00e4hlte Schnittstelle und Funktionalit\u00e4t des Plugin und wenden Sie die \u00c4nderungen an.<\/li><li><b>Erhalten Sie Ihren eindeutigen Code, der in der speziellen Form auf Elfsight Apps angezeigt wird.<\/b><br>Sobald die Konfiguration Ihres Plugins abgeschlossen ist, kopieren Sie ihn F\u00fcgen Sie den exklusiven Code im angezeigten Popup ein und speichern Sie ihn zur sp\u00e4teren Verwendung.<\/li><li><b>Beginnen Sie mit der Verwendung des Plugins auf Ihrer Plattform-Website.<\/b><br>F\u00fcgen Sie den zuvor kopierten Code in Ihre Webseite ein und Speichern Sie die \u00c4nderungen.<\/li><li><b>Fertig! Die Integration wurde erfolgreich abgeschlossen.<\/b><br>Gehen Sie auf Ihre Seite, um zu sehen, wie das Widget funktioniert.<\/li><\/ol><p>Falls Sie auf Hindernisse sto\u00dfen, z\u00f6gern Sie nicht, danach zu suchen Unterst\u00fctzung durch unser Support-Personal. Unsere Spezialisten beantworten gerne alle Fragen, die Sie zum Tool haben.<\/p><div class=\"faq\" data-component=\"FAQ\"> <div class=\"faq-item\">\r\n\t\t\t\t\t<div class=\"faq-item-question\">\r\n\t\t\t\t\t\t<h3 class=\"faq-item-question-text\">Wie kann ich Booking.com-Bewertungen in meine WooCommerce-Website einf\u00fcgen, ohne Code schreiben zu m\u00fcssen?<\/h3>\r\n\r\n\t\t\t\t\t\t<div class=\"faq-item-question-icon\"><\/div>\r\n\t\t\t\t\t<\/div>\r\n\r\n\t\t\t\t\t<div class=\"faq-item-answer\">\r\n\t\t\t\t\t\t<div class=\"faq-item-answer-text\"> <p>Mit Elfsight k\u00f6nnen Sie ein Booking.com-Bewertungen-Widget ganz einfach selbst erstellen. Der Prozess ist wirklich unkompliziert:<\/p>\n<ol>\n<li>\u00d6ffnen Sie den Online-Editor und erstellen Sie das gew\u00fcnschte Booking.com-Bewertungen-Widget f\u00fcr Ihre WooCommerce-Website.<\/li>\n<li>W\u00e4hlen Sie eine der verf\u00fcgbaren Vorlagen aus und passen Sie die Einstellungen an \u2013 \u00e4ndern Sie das Design, die Farben und f\u00fcgen Sie Ihre Inhalte hinzu, ganz ohne technisches Wissen.<\/li>\n<li>Speichern Sie Ihre \u00c4nderungen und kopieren Sie den Installationscode, den Sie dann problemlos in Ihre WooCommerce-Seite einf\u00fcgen k\u00f6nnen.<\/li>\n<\/ol>\n<p>Dank des benutzerfreundlichen Editors kann jeder, unabh\u00e4ngig vom technischen Know-how, ein Booking.com-Bewertungen-Widget erstellen und in seine WooCommerce-Seite integrieren. Um auf den Editor zuzugreifen, m\u00fcssen Sie nichts bezahlen oder Ihre Kreditkarteninformationen angeben. Sollten w\u00e4hrend des Prozesses Probleme auftreten, k\u00f6nnen Sie sich jederzeit an unseren Support wenden.<\/p> <\/div>\r\n\t\t\t\t\t<\/div>\r\n\t\t\t\t<\/div> <\/div> <\/div>\n\n\n\n<p><\/p>\n","protected":false},"excerpt":{"rendered":"","protected":false},"author":9,"featured_media":0,"parent":1543,"menu_order":0,"comment_status":"closed","ping_status":"closed","template":"templates\/template-application-platform.php","meta":{"publish_to_discourse":"","publish_post_category":"","wpdc_auto_publish_overridden":"","wpdc_topic_tags":"","wpdc_pin_topic":"","wpdc_pin_until":"","discourse_post_id":"","discourse_permalink":"","wpdc_publishing_response":"","wpdc_publishing_error":"","footnotes":""},"class_list":["post-8170","page","type-page","status-publish","hentry"],"yoast_head":"<!-- This site is optimized with the Yoast SEO plugin v25.3.1 - https:\/\/yoast.com\/wordpress\/plugins\/seo\/ -->\n<title>WooCommerce Booking Reviews-Plugin f\u00fcr Ihre Website (2025)<\/title>\n<meta name=\"description\" content=\"Nutzen Sie jetzt die Chance, das Booking Reviews-Plugin anzupassen und es direkt aus der Live-Demo in Ihre WooCommerce-Site zu integrieren.\" \/>\n<meta name=\"robots\" content=\"index, follow, max-snippet:-1, max-image-preview:large, max-video-preview:-1\" \/>\n<link rel=\"canonical\" href=\"https:\/\/elfsight.com\/de\/booking-reviews-widget\/woocommerce\/\" \/>\n<meta property=\"og:locale\" content=\"de_DE\" \/>\n<meta property=\"og:type\" content=\"article\" \/>\n<meta property=\"og:title\" content=\"WooCommerce Booking Reviews-Plugin f\u00fcr Ihre Website (2025)\" \/>\n<meta property=\"og:description\" content=\"Nutzen Sie jetzt die Chance, das Booking Reviews-Plugin anzupassen und es direkt aus der Live-Demo in Ihre WooCommerce-Site zu integrieren.\" \/>\n<meta property=\"og:url\" content=\"https:\/\/elfsight.com\/de\/booking-reviews-widget\/woocommerce\/\" \/>\n<meta property=\"og:site_name\" content=\"Elfsight DE\" \/>\n<meta property=\"article:modified_time\" content=\"2025-02-17T13:44:19+00:00\" \/>\n<meta name=\"twitter:card\" content=\"summary_large_image\" \/>\n<meta name=\"twitter:label1\" content=\"Gesch\u00e4tzte Lesezeit\" \/>\n\t<meta name=\"twitter:data1\" content=\"3\u00a0Minuten\" \/>\n<!-- \/ Yoast SEO plugin. -->","yoast_head_json":{"title":"WooCommerce Booking Reviews-Plugin f\u00fcr Ihre Website (2025)","description":"Nutzen Sie jetzt die Chance, das Booking Reviews-Plugin anzupassen und es direkt aus der Live-Demo in Ihre WooCommerce-Site zu integrieren.","robots":{"index":"index","follow":"follow","max-snippet":"max-snippet:-1","max-image-preview":"max-image-preview:large","max-video-preview":"max-video-preview:-1"},"canonical":"https:\/\/elfsight.com\/de\/booking-reviews-widget\/woocommerce\/","og_locale":"de_DE","og_type":"article","og_title":"WooCommerce Booking Reviews-Plugin f\u00fcr Ihre Website (2025)","og_description":"Nutzen Sie jetzt die Chance, das Booking Reviews-Plugin anzupassen und es direkt aus der Live-Demo in Ihre WooCommerce-Site zu integrieren.","og_url":"https:\/\/elfsight.com\/de\/booking-reviews-widget\/woocommerce\/","og_site_name":"Elfsight DE","article_modified_time":"2025-02-17T13:44:19+00:00","twitter_card":"summary_large_image","twitter_misc":{"Gesch\u00e4tzte Lesezeit":"3\u00a0Minuten"},"schema":{"@context":"https:\/\/schema.org","@graph":[{"@type":"WebPage","@id":"https:\/\/elfsight.com\/de\/booking-reviews-widget\/woocommerce\/","url":"https:\/\/elfsight.com\/de\/booking-reviews-widget\/woocommerce\/","name":"WooCommerce Booking Reviews-Plugin f\u00fcr Ihre Website (2025)","isPartOf":{"@id":"https:\/\/elfsight.com\/de\/#website"},"datePublished":"2024-05-03T06:30:36+00:00","dateModified":"2025-02-17T13:44:19+00:00","description":"Nutzen Sie jetzt die Chance, das Booking Reviews-Plugin anzupassen und es direkt aus der Live-Demo in Ihre WooCommerce-Site zu integrieren.","breadcrumb":{"@id":"https:\/\/elfsight.com\/de\/booking-reviews-widget\/woocommerce\/#breadcrumb"},"inLanguage":"de","potentialAction":[{"@type":"ReadAction","target":["https:\/\/elfsight.com\/de\/booking-reviews-widget\/woocommerce\/"]}]},{"@type":"BreadcrumbList","@id":"https:\/\/elfsight.com\/de\/booking-reviews-widget\/woocommerce\/#breadcrumb","itemListElement":[{"@type":"ListItem","position":1,"name":"Home","item":"https:\/\/elfsight.com\/de\/"},{"@type":"ListItem","position":2,"name":"Booking Reviews","item":"https:\/\/elfsight.com\/de\/booking-reviews-widget\/"},{"@type":"ListItem","position":3,"name":"Booking Reviews &#8211; WooCommerce"}]},{"@type":"WebSite","@id":"https:\/\/elfsight.com\/de\/#website","url":"https:\/\/elfsight.com\/de\/","name":"Elfsight DE","description":"Just another Elfsight Sites site","potentialAction":[{"@type":"SearchAction","target":{"@type":"EntryPoint","urlTemplate":"https:\/\/elfsight.com\/de\/?s={search_term_string}"},"query-input":{"@type":"PropertyValueSpecification","valueRequired":true,"valueName":"search_term_string"}}],"inLanguage":"de"}]}},"meta_box":{"industry":"","seo_heading":"","heading":"","description":"","cta_heading":"","cta_description":"","application":"489","h1":"WooCommerce Booking.com Reviews-Plugin","h1_caption":"Zeigen Sie Bewertungen von booking.com an, um mehr G\u00e4ste anzulocken, indem Sie m\u00fchelos positive Erfahrungen fr\u00fcherer Besucher auf Ihrer WooCommerce-Website zeigen.","application_category":[],"applications_title":"","applications_request_title":"","applications_request_button_text":"","hero_text":"","hero_video":"","hero_video_schema_markup":"","selling_points_title":"","selling_points_caption":"","selling_points":[],"selling_points_cta_text":"","features_title":"","features":"","ed_cta_examples_text":"","ed_cta_examples_hidden":"","ed_cta_demo_text":"","ed_cta_demo_hidden":"","why_caption":"","why_editor_title":"","why_editor_text":"","why_team_title":"","why_team_text":"","why_service_title":"","why_service_text":"","template_catalog_visible":"0","template_catalog_title":"","template_catalog_text":"","template_catalog_categories_visible":"","demo_title":"Erstellen Sie Ihre Buchungsbewertungs-App","demo_caption":"Konfigurieren Sie Ihre Buchungsbewertungen und f\u00fcgen Sie sie kostenlos zu Ihrer WooCommerce-Website hinzu!","default_faq_hidden":"","app_template_category":[],"platform":"200","template_public_id":"","codecanyon_url":"","codecanyon_item_id":"","codecanyon_price":"","pricing_caption":"","pricing_elfsight_apps_hide_column":"","pricing_elfsight_apps_url":"","pricing_codecanyon_price_caption":"","integration_category":[],"integration_request_title":"","integration_request_cta":"","integration_platform":"","integrations":[],"platform_category":[],"video_schema_markup":"","price":"ab 0 $ \/ Monat","trial":"","benefits":[{"text":"Kostenloser Installationsservice"},{"text":"Premium-Support"},{"text":"14-t\u00e4gige Geld-zur\u00fcck-Garantie"},{"text":"Lebenslange Updates"}],"button_url":"#demo","button_target_blank":"0","button_nofollow":"0","attributes":[{"name":"Installiert","content":"10,000 - 100,000"},{"name":"Reaktionsfreudig","content":"Ja"},{"name":"Kompatible Browser","content":"Firefox, Safari, Opera, Chrome, Edge"}],"tags":[],"tags_disable_links":"0","hide_more_platforms":"0","video_object":"","demo_hide_cta":"0","demo_hide_cloud_options":"0","pricing_title":"","pricing":[{"pricing_icon":"platform","pricing_title":"Elfsight Apps","pricing_title_caption":"Engagierter und p\u00fcnktlicher Support und gut dokumentiert","pricing_price":"ab 0 $ \/ Monat","pricing_price_caption":"Beginnen Sie mit einem kostenlosen Plan","pricing_benefits":[{"text":"Unbegrenzte Websites"},{"text":"Engagierter und p\u00fcnktlicher Support und gut dokumentiert"},{"text":"Kostenlose Installationsunterst\u00fctzung"},{"text":"Vollst\u00e4ndig anpassbar"}],"pricing_button_text":"Zur Website hinzuf\u00fcgen","pricing_button_url":"#demo"}],"related_apps_title":"","related_apps_hidden":"0","author":"","image":[],"title":"","job":"","social_networks":[]},"_links":{"self":[{"href":"https:\/\/elfsight.com\/de\/wp-json\/wp\/v2\/pages\/8170","targetHints":{"allow":["GET"]}}],"collection":[{"href":"https:\/\/elfsight.com\/de\/wp-json\/wp\/v2\/pages"}],"about":[{"href":"https:\/\/elfsight.com\/de\/wp-json\/wp\/v2\/types\/page"}],"author":[{"embeddable":true,"href":"https:\/\/elfsight.com\/de\/wp-json\/wp\/v2\/users\/9"}],"replies":[{"embeddable":true,"href":"https:\/\/elfsight.com\/de\/wp-json\/wp\/v2\/comments?post=8170"}],"version-history":[{"count":2,"href":"https:\/\/elfsight.com\/de\/wp-json\/wp\/v2\/pages\/8170\/revisions"}],"predecessor-version":[{"id":24279,"href":"https:\/\/elfsight.com\/de\/wp-json\/wp\/v2\/pages\/8170\/revisions\/24279"}],"up":[{"embeddable":true,"href":"https:\/\/elfsight.com\/de\/wp-json\/wp\/v2\/pages\/1543"}],"wp:attachment":[{"href":"https:\/\/elfsight.com\/de\/wp-json\/wp\/v2\/media?parent=8170"}],"curies":[{"name":"wp","href":"https:\/\/api.w.org\/{rel}","templated":true}]}}