{"id":8164,"date":"2024-05-03T06:30:34","date_gmt":"2024-05-03T06:30:34","guid":{"rendered":"https:\/\/elfsight.com\/de\/?page_id=8164"},"modified":"2025-02-17T13:50:23","modified_gmt":"2025-02-17T13:50:23","slug":"google-sites","status":"publish","type":"page","link":"https:\/\/elfsight.com\/de\/booking-reviews-widget\/google-sites\/","title":{"rendered":"Booking Reviews &#8211; Google Sites"},"content":{"rendered":"\n<div class=\"application-platform-content-item-description application-platform-content-item\" id=\"description\" data-nav-section=\"description\"> <h2>Einbetten von Buchungsbewertungen auf Google Sites mit dem Elfsight-Widget<\/h2> <p>Wenn Sie Ihre hohe Wertsch\u00e4tzung durch Kunden zeigen und \u00fcberzeugen m\u00f6chten Wenn Sie Ihren Website-Besuchern zeigen, dass sich der Kauf Ihrer Produkte oder Dienstleistungen lohnt, sind Elfsight Booking Reviews f\u00fcr Google Sites die richtige Wahl. Mit unserem Tool k\u00f6nnen Sie die Bewertungen von Booking-Benutzern mit Informationen zu ihren Autoren auf Ihrer Website platzieren, sie so sortieren, dass nur gute Bewertungen angezeigt werden, Bewertungen anzeigen und eine Bewertungsanfrage-Schaltfl\u00e4che einrichten, die die Leute auf Ihre Booking-Seite dorthin leitet, wo sie sind Kann noch eine Rezension schreiben. <\/p> <p><b>Sehen Sie mit Booking Reviews die aktive Gesch\u00e4ftsentwicklung und steigern Sie den Umsatz <\/b><\/p> <\/div> <div class=\"application-platform-content-item-features application-platform-content-item\" id=\"features\" data-nav-section=\"features\"> <h2>Hier sind zentrale Funktionen von Widget: <\/h2> <ul> <li>Vier vordefinierte Layouts: Liste, Raster, Mauerwerk und Schieberegler; <\/li> <li>\u00dcber die Schaltfl\u00e4che zum Anfordern einer Bewertung gelangen Benutzer zu Ihrer Buchungsseite. <\/li> <li>Zwei Szenariovarianten nach der Ablehnung einer \u00dcberpr\u00fcfungsanfrage: Offenlegen einer Textnachricht oder Ausblenden der Schaltfl\u00e4che. <\/li> <\/ul><p><a href=\"#demo\">Mit Hilfe der Demo k\u00f6nnen Sie sp\u00fcren, was das Widget wert ist<\/a><\/p> <\/div> <div class=\"application-platform-content-item-installation application-platform-content-item\" id=\"installation\" data-nav-section=\"installation\"> <h2>Wie kann ich Buchungsbewertungen zu meiner Google Sites-Webseite hinzuf\u00fcgen? <\/h2><div class=\"video-container\"><iframe width=\"560\" height=\"315\" src=\"https:\/\/www.youtube.com\/embed\/CuzMC2vW9dk?si=af7gx3deAi4_G2b9\" frameborder=\"0\" allow=\"accelerometer; autoplay; clipboard-write; encrypted-media; gyroscope; picture-in-picture; web-share\" allowfullscreen><\/iframe><\/div><p>Befolgen Sie einfach die nachstehenden Anweisungen, um mit der Verwendung des Tools zu beginnen. <\/p> <ol><li><b>Verwalten Sie unseren kostenlosen Konfigurator und beginnen Sie mit der Erstellung Ihres individuellen Plugins. <\/b><br> Bestimmen Sie das passende Aussehen und die Funktionalit\u00e4t des Plugins und speichern Sie die \u00c4nderungen. <\/li> <li><b>Lassen Sie sich Ihren individuellen Code im speziellen Formular auf Elfsight Apps anzeigen. <\/b><br> Kopieren Sie unmittelbar nach Abschluss der Generierung Ihres Widgets den pers\u00f6nlichen Code im angezeigten Fenster und bewahren Sie ihn f\u00fcr zuk\u00fcnftige Gelegenheiten auf. <\/li> <li><b>Initiieren Sie die Anwendung des Tools auf Ihrer Google Sites-Website. <\/b><br> Integrieren Sie den zuvor kopierten Code in Ihre Seite und speichern Sie die \u00c4nderungen. <\/li> <li><b>Die Installation ist vollst\u00e4ndig durchgef\u00fchrt. <\/b><br> Besuchen Sie Ihre Website, um zu sehen, wie das Tool funktioniert. <\/li><\/ol> <div class=\"tip-yellow tip\"><b>Aufgrund der Besonderheiten der Google Sites-Funktion sieht das Widget m\u00f6glicherweise anders aus als die Online-Demo. Wir entschuldigen uns f\u00fcr etwaige Unannehmlichkeiten.<\/b><\/div><p>Wenn Sie Fragen haben oder auf Komplikationen sto\u00dfen, wenden Sie sich bitte an unser Support-Team. Unsere Spezialisten l\u00f6sen gerne alle Probleme, die Sie mit dem Produkt haben k\u00f6nnten. <\/p> <div class=\"faq\" data-component=\"FAQ\"> <div class=\"faq-item\">\r\n\t\t\t\t\t<div class=\"faq-item-question\">\r\n\t\t\t\t\t\t<h3 class=\"faq-item-question-text\">Wie kann ich Booking.com-Bewertungen in meine Google Seite einf\u00fcgen, ohne Programmierkenntnisse?<\/h3>\r\n\r\n\t\t\t\t\t\t<div class=\"faq-item-question-icon\"><\/div>\r\n\t\t\t\t\t<\/div>\r\n\r\n\t\t\t\t\t<div class=\"faq-item-answer\">\r\n\t\t\t\t\t\t<div class=\"faq-item-answer-text\"> <p>Mit Elfsight k\u00f6nnen Sie problemlos ein Booking.com-Bewertungen-Widget selbst erstellen. Der Prozess ist ganz einfach:<\/p>\n<ol>\n<li>Greifen Sie auf den Online-Editor zu und erstellen Sie das gew\u00fcnschte Booking.com-Bewertungen-Widget f\u00fcr Ihre Google Seite.<\/li>\n<li>W\u00e4hlen Sie eine der Vorlagen aus und passen Sie die Einstellungen an \u2013 \u00e4ndern Sie das Layout, die Farben und f\u00fcgen Sie Ihre Inhalte hinzu, ohne dass Sie programmieren m\u00fcssen.<\/li>\n<li>Speichern Sie Ihre \u00c4nderungen und kopieren Sie den Einbettungscode, den Sie dann m\u00fchelos in Ihre Google Seite einf\u00fcgen k\u00f6nnen.<\/li><\/ol>\n<p>Mit dem benutzerfreundlichen Editor k\u00f6nnen alle Internetnutzer problemlos ein Booking.com-Bewertungen-Widget erstellen und es in ihre Google Seite integrieren. Der Zugriff auf den Editor ist kostenlos, und Sie m\u00fcssen keine Zahlungsinformationen angeben. Wenn Sie auf Probleme sto\u00dfen, steht Ihnen unser Support jederzeit zur Verf\u00fcgung.<\/p> <\/div>\r\n\t\t\t\t\t<\/div>\r\n\t\t\t\t<\/div> <\/div> <\/div>\n","protected":false},"excerpt":{"rendered":"","protected":false},"author":9,"featured_media":0,"parent":1543,"menu_order":0,"comment_status":"closed","ping_status":"closed","template":"templates\/template-application-platform.php","meta":{"publish_to_discourse":"","publish_post_category":"","wpdc_auto_publish_overridden":"","wpdc_topic_tags":"","wpdc_pin_topic":"","wpdc_pin_until":"","discourse_post_id":"","discourse_permalink":"","wpdc_publishing_response":"","wpdc_publishing_error":"","footnotes":""},"class_list":["post-8164","page","type-page","status-publish","hentry"],"yoast_head":"<!-- This site is optimized with the Yoast SEO plugin v25.3.1 - https:\/\/yoast.com\/wordpress\/plugins\/seo\/ -->\n<title>Buchungsbewertungen \u2013 Hinzuf\u00fcgen von Bewertungen aus der Buchung zu Google Sites (2025)<\/title>\n<meta name=\"description\" content=\"F\u00fcgen Sie Ihrer Google Sites-Webseite ein responsives Buchungsbewertungs-Plugin hinzu und gewinnen Sie volles Vertrauen. Nutzen Sie die Elfsight-Demo, um Ihr personalisiertes Feature zu erstellen.\" \/>\n<meta name=\"robots\" content=\"index, follow, max-snippet:-1, max-image-preview:large, max-video-preview:-1\" \/>\n<link rel=\"canonical\" href=\"https:\/\/elfsight.com\/de\/booking-reviews-widget\/google-sites\/\" \/>\n<meta property=\"og:locale\" content=\"de_DE\" \/>\n<meta property=\"og:type\" content=\"article\" \/>\n<meta property=\"og:title\" content=\"Buchungsbewertungen \u2013 Hinzuf\u00fcgen von Bewertungen aus der Buchung zu Google Sites (2025)\" \/>\n<meta property=\"og:description\" content=\"F\u00fcgen Sie Ihrer Google Sites-Webseite ein responsives Buchungsbewertungs-Plugin hinzu und gewinnen Sie volles Vertrauen. Nutzen Sie die Elfsight-Demo, um Ihr personalisiertes Feature zu erstellen.\" \/>\n<meta property=\"og:url\" content=\"https:\/\/elfsight.com\/de\/booking-reviews-widget\/google-sites\/\" \/>\n<meta property=\"og:site_name\" content=\"Elfsight DE\" \/>\n<meta property=\"article:modified_time\" content=\"2025-02-17T13:50:23+00:00\" \/>\n<meta name=\"twitter:card\" content=\"summary_large_image\" \/>\n<meta name=\"twitter:label1\" content=\"Gesch\u00e4tzte Lesezeit\" \/>\n\t<meta name=\"twitter:data1\" content=\"3\u00a0Minuten\" \/>\n<!-- \/ Yoast SEO plugin. -->","yoast_head_json":{"title":"Buchungsbewertungen \u2013 Hinzuf\u00fcgen von Bewertungen aus der Buchung zu Google Sites (2025)","description":"F\u00fcgen Sie Ihrer Google Sites-Webseite ein responsives Buchungsbewertungs-Plugin hinzu und gewinnen Sie volles Vertrauen. Nutzen Sie die Elfsight-Demo, um Ihr personalisiertes Feature zu erstellen.","robots":{"index":"index","follow":"follow","max-snippet":"max-snippet:-1","max-image-preview":"max-image-preview:large","max-video-preview":"max-video-preview:-1"},"canonical":"https:\/\/elfsight.com\/de\/booking-reviews-widget\/google-sites\/","og_locale":"de_DE","og_type":"article","og_title":"Buchungsbewertungen \u2013 Hinzuf\u00fcgen von Bewertungen aus der Buchung zu Google Sites (2025)","og_description":"F\u00fcgen Sie Ihrer Google Sites-Webseite ein responsives Buchungsbewertungs-Plugin hinzu und gewinnen Sie volles Vertrauen. Nutzen Sie die Elfsight-Demo, um Ihr personalisiertes Feature zu erstellen.","og_url":"https:\/\/elfsight.com\/de\/booking-reviews-widget\/google-sites\/","og_site_name":"Elfsight DE","article_modified_time":"2025-02-17T13:50:23+00:00","twitter_card":"summary_large_image","twitter_misc":{"Gesch\u00e4tzte Lesezeit":"3\u00a0Minuten"},"schema":{"@context":"https:\/\/schema.org","@graph":[{"@type":"WebPage","@id":"https:\/\/elfsight.com\/de\/booking-reviews-widget\/google-sites\/","url":"https:\/\/elfsight.com\/de\/booking-reviews-widget\/google-sites\/","name":"Buchungsbewertungen \u2013 Hinzuf\u00fcgen von Bewertungen aus der Buchung zu Google Sites (2025)","isPartOf":{"@id":"https:\/\/elfsight.com\/de\/#website"},"datePublished":"2024-05-03T06:30:34+00:00","dateModified":"2025-02-17T13:50:23+00:00","description":"F\u00fcgen Sie Ihrer Google Sites-Webseite ein responsives Buchungsbewertungs-Plugin hinzu und gewinnen Sie volles Vertrauen. Nutzen Sie die Elfsight-Demo, um Ihr personalisiertes Feature zu erstellen.","breadcrumb":{"@id":"https:\/\/elfsight.com\/de\/booking-reviews-widget\/google-sites\/#breadcrumb"},"inLanguage":"de","potentialAction":[{"@type":"ReadAction","target":["https:\/\/elfsight.com\/de\/booking-reviews-widget\/google-sites\/"]}]},{"@type":"BreadcrumbList","@id":"https:\/\/elfsight.com\/de\/booking-reviews-widget\/google-sites\/#breadcrumb","itemListElement":[{"@type":"ListItem","position":1,"name":"Home","item":"https:\/\/elfsight.com\/de\/"},{"@type":"ListItem","position":2,"name":"Booking Reviews","item":"https:\/\/elfsight.com\/de\/booking-reviews-widget\/"},{"@type":"ListItem","position":3,"name":"Booking Reviews &#8211; Google Sites"}]},{"@type":"WebSite","@id":"https:\/\/elfsight.com\/de\/#website","url":"https:\/\/elfsight.com\/de\/","name":"Elfsight DE","description":"Just another Elfsight Sites site","potentialAction":[{"@type":"SearchAction","target":{"@type":"EntryPoint","urlTemplate":"https:\/\/elfsight.com\/de\/?s={search_term_string}"},"query-input":{"@type":"PropertyValueSpecification","valueRequired":true,"valueName":"search_term_string"}}],"inLanguage":"de"}]}},"meta_box":{"industry":"","seo_heading":"","heading":"","description":"","cta_heading":"","cta_description":"","application":"489","h1":"Google Sites Booking.com-Bewertungs-Widget","h1_caption":"Zeigen Sie Bewertungen von booking.com an, um mehr G\u00e4ste anzulocken, indem Sie m\u00fchelos positive Erfahrungen fr\u00fcherer Besucher auf Ihren Google Sites anzeigen.","application_category":[],"applications_title":"","applications_request_title":"","applications_request_button_text":"","hero_text":"","hero_video":"","hero_video_schema_markup":"","selling_points_title":"","selling_points_caption":"","selling_points":[],"selling_points_cta_text":"","features_title":"","features":"","ed_cta_examples_text":"","ed_cta_examples_hidden":"","ed_cta_demo_text":"","ed_cta_demo_hidden":"","why_caption":"","why_editor_title":"","why_editor_text":"","why_team_title":"","why_team_text":"","why_service_title":"","why_service_text":"","template_catalog_visible":"0","template_catalog_title":"","template_catalog_text":"","template_catalog_categories_visible":"","demo_title":"Erstellen Sie Ihr Buchungsbewertungs-Widget","demo_caption":"Konfigurieren Sie Ihre Buchungsbewertungen und f\u00fcgen Sie sie kostenlos zu Ihrer Google Sites-Website hinzu!","default_faq_hidden":"","app_template_category":[],"platform":"3000","template_public_id":"","codecanyon_url":"","codecanyon_item_id":"","codecanyon_price":"","pricing_caption":"","pricing_elfsight_apps_hide_column":"","pricing_elfsight_apps_url":"","pricing_codecanyon_price_caption":"","integration_category":[],"integration_request_title":"","integration_request_cta":"","integration_platform":"","integrations":[],"platform_category":[],"video_schema_markup":"","price":"ab 0 $ \/ Monat","trial":"","benefits":[{"text":"Kostenlose Installationsunterst\u00fctzung"},{"text":"Au\u00dfergew\u00f6hnliche Unterst\u00fctzung"},{"text":"14-t\u00e4gige R\u00fcckerstattungsgarantie"},{"text":"Laufende kostenlose Updates"}],"button_url":"#demo","button_target_blank":"0","button_nofollow":"0","attributes":[{"name":"Installiert","content":"10,000 - 100,000"},{"name":"Reaktionsfreudig","content":"Bereit f\u00fcr Mobile First"},{"name":"Kompatible Browser","content":"Firefox, Edge, Chrome, Safari, Opera"}],"tags":[],"tags_disable_links":"0","hide_more_platforms":"0","video_object":"","demo_hide_cta":"0","demo_hide_cloud_options":"0","pricing_title":"","pricing":[{"pricing_icon":"platform","pricing_title":"Elfsight Apps","pricing_title_caption":"Plattform\u00fcbergreifende L\u00f6sung","pricing_price":"ab 0 $ \/ Monat","pricing_price_caption":"Beginnen Sie mit einem kostenlosen Plan","pricing_benefits":[{"text":"Unbegrenzte Anzahl an Domains"},{"text":"Professionelle und p\u00fcnktliche Unterst\u00fctzung"},{"text":"Kostenloser Installationsservice"},{"text":"Sonderangebot f\u00fcr mehrere Apps"}],"pricing_button_text":"Zur Website hinzuf\u00fcgen","pricing_button_url":"#demo"}],"related_apps_title":"","related_apps_hidden":"0","author":"","image":[],"title":"","job":"","social_networks":[]},"_links":{"self":[{"href":"https:\/\/elfsight.com\/de\/wp-json\/wp\/v2\/pages\/8164","targetHints":{"allow":["GET"]}}],"collection":[{"href":"https:\/\/elfsight.com\/de\/wp-json\/wp\/v2\/pages"}],"about":[{"href":"https:\/\/elfsight.com\/de\/wp-json\/wp\/v2\/types\/page"}],"author":[{"embeddable":true,"href":"https:\/\/elfsight.com\/de\/wp-json\/wp\/v2\/users\/9"}],"replies":[{"embeddable":true,"href":"https:\/\/elfsight.com\/de\/wp-json\/wp\/v2\/comments?post=8164"}],"version-history":[{"count":3,"href":"https:\/\/elfsight.com\/de\/wp-json\/wp\/v2\/pages\/8164\/revisions"}],"predecessor-version":[{"id":24281,"href":"https:\/\/elfsight.com\/de\/wp-json\/wp\/v2\/pages\/8164\/revisions\/24281"}],"up":[{"embeddable":true,"href":"https:\/\/elfsight.com\/de\/wp-json\/wp\/v2\/pages\/1543"}],"wp:attachment":[{"href":"https:\/\/elfsight.com\/de\/wp-json\/wp\/v2\/media?parent=8164"}],"curies":[{"name":"wp","href":"https:\/\/api.w.org\/{rel}","templated":true}]}}