{"id":8163,"date":"2024-05-03T06:30:33","date_gmt":"2024-05-03T06:30:33","guid":{"rendered":"https:\/\/elfsight.com\/de\/?page_id=8163"},"modified":"2025-02-17T13:56:38","modified_gmt":"2025-02-17T13:56:38","slug":"godaddy","status":"publish","type":"page","link":"https:\/\/elfsight.com\/de\/booking-reviews-widget\/godaddy\/","title":{"rendered":"Booking Reviews &#8211; GoDaddy"},"content":{"rendered":"\n<div class=\"application-platform-content-item-description application-platform-content-item\" id=\"description\" data-nav-section=\"description\"> <h2>Einbetten von Buchungsbewertungen auf GoDaddy mit dem Elfsight-Widget<\/h2> <p>Elfsight Booking Reviews ist ein einfaches Plugin f\u00fcr GoDaddy, das Ihnen dies erm\u00f6glicht F\u00fcgen Sie auf Ihrer Website Bewertungen zu Ihrem Unternehmen ein, die auf Booking ver\u00f6ffentlicht wurden. Mit diesem Plugin k\u00f6nnen Sie mithilfe von Filtern unerw\u00fcnschte Bewertungen aussortieren, Ihre Sterne- und Zahlenbewertungen von Booking anzeigen, Details zu den Autoren anzeigen und eine Schaltfl\u00e4che integrieren, die Besuchern hilft, eine neue Bewertung auf Booking zu schreiben. Das Elfsight Booking Reviews-Plugin hilft Ihnen dabei, Ihren perfekten Social Proof auf Ihrer Website zu pr\u00e4sentieren und den Umsatz zu steigern. <\/p> <p><b>Zeigen Sie die besten Kundenstimmen von Booking auf Ihrer Website!<\/b><\/p> <\/div> <div class=\"application-platform-content-item-features application-platform-content-item\" id=\"features\" data-nav-section=\"features\"> <h2>Dies sind nur einige davon wertvolle Plugin-Funktionen: <\/h2> <ul> <li>4 verf\u00fcgbare Layouts: Liste, Raster, Mauerwerk und Schieberegler; <\/li> <li>\u00dcber die Schaltfl\u00e4che \u201eBewertungsanfrage\u201c gelangen Benutzer zur Buchungsseite. <\/li> <li>6 anpassbare Elemente der Benutzeroberfl\u00e4che: Name des Autors und Foto, Empfehlungstext, Abreisedatum, Buchungssymbol und Sternebewertung; <\/li> <\/ul><p><a href=\"#demo\">Mit Hilfe der Demo k\u00f6nnen Sie herausfinden, ob das Plugin f\u00fcr Sie geeignet ist<\/a><\/p> <\/div> <div class=\"application-platform-content-item-installation application-platform-content-item\" id=\"installation\" data-nav-section=\"installation\"> <h2>Wie bette ich Buchungsbewertungen in meine GoDaddy-Website ein? <\/h2> <p>Befolgen Sie einfach die unten beschriebenen Schritte, um das Plugin einzuf\u00fcgen. <\/p> <ol><li><b>Nutzen Sie unsere kostenlose Demo und beginnen Sie mit der Gestaltung Ihres einzigartigen Instruments. <\/b><br> Geben Sie die bevorzugten Design- und Funktionsmerkmale des Plugins an und speichern Sie die \u00c4nderungen. <\/li> <li><b>Erwerben Sie den individuellen Code, der im speziellen Formular auf Elfsight Apps angezeigt wird. <\/b><br> Nachdem die Generierung Ihres Tools abgeschlossen ist, kopieren Sie den pers\u00f6nlichen Code in das angezeigte Feld und bewahren Sie ihn f\u00fcr die zuk\u00fcnftige Verwendung auf. <\/li> <li><b>Initiieren Sie die Anwendung des Tools auf der GoDaddy-Webseite. <\/b><br> F\u00fcgen Sie den Code, den Sie k\u00fcrzlich gespeichert haben, in Ihre Website ein und \u00fcbernehmen Sie die \u00c4nderungen. <\/li> <li><b>Du bist fertig! Die Einbettung ist erfolgreich abgeschlossen. <\/b><br> Gehen Sie auf Ihre Webseite, um zu sehen, wie das Plugin funktioniert. <\/li><\/ol> <p>Wenn Sie Fragen haben oder auf Hindernisse sto\u00dfen, z\u00f6gern Sie nicht, sich an unser Kundendienstteam zu wenden. Unsere Berater sind bestrebt, alle Fragen zu beantworten, die Sie m\u00f6glicherweise zum Produkt haben. <\/p> <div class=\"faq\" data-component=\"FAQ\"> <div class=\"faq-item\">\r\n\t\t\t\t\t<div class=\"faq-item-question\">\r\n\t\t\t\t\t\t<h3 class=\"faq-item-question-text\">Wie kann ich Booking.com-Bewertungen zu meiner GoDaddy-Website hinzuf\u00fcgen, ohne Programmierkenntnisse?<\/h3>\r\n\r\n\t\t\t\t\t\t<div class=\"faq-item-question-icon\"><\/div>\r\n\t\t\t\t\t<\/div>\r\n\r\n\t\t\t\t\t<div class=\"faq-item-answer\">\r\n\t\t\t\t\t\t<div class=\"faq-item-answer-text\"> <p>Elfsight bietet eine SaaS-L\u00f6sung, mit der Sie selbst ein Booking.com-Bewertungs-Widget erstellen k\u00f6nnen. Sehen Sie, wie einfach der Prozess ist:<\/p>\n<ol>\n<li>Arbeiten Sie direkt im Online-Editor, um ein Booking.com-Bewertungs-Widget zu erstellen, das Sie gerne auf Ihrer GoDaddy-Website sehen m\u00f6chten.<\/li>\n\n<li>W\u00e4hlen Sie eine der vorgefertigten Vorlagen aus, passen Sie die Einstellungen f\u00fcr die Booking.com-Bewertungen an, f\u00fcgen Sie Ihre Inhalte hinzu und \u00e4ndern Sie das Layout und die Farben \u2013 ganz ohne Programmierkenntnisse.<\/li>\n\n<li>Speichern Sie die Booking.com-Bewertungen und kopieren Sie den Installationscode, den Sie problemlos in Ihre GoDaddy-Website einf\u00fcgen k\u00f6nnen, ohne eine kostenpflichtige Version kaufen zu m\u00fcssen.<\/li>\n<\/ol>\n<p>Mit unserem intuitiven Editor kann jeder Internetnutzer online ein Booking.com-Bewertungs-Widget erstellen und es einfach in seine GoDaddy-Website einbetten. Sie m\u00fcssen nicht bezahlen oder Ihre Kartendaten eingeben, um auf den Dienst zugreifen zu k\u00f6nnen. Wenn Sie bei einem Schritt auf Probleme sto\u00dfen, wenden Sie sich bitte an unser technisches Support-Team.<\/p> <\/div>\r\n\t\t\t\t\t<\/div>\r\n\t\t\t\t<\/div> <\/div> <\/div>\n","protected":false},"excerpt":{"rendered":"","protected":false},"author":9,"featured_media":0,"parent":1543,"menu_order":0,"comment_status":"closed","ping_status":"closed","template":"templates\/template-application-platform.php","meta":{"publish_to_discourse":"","publish_post_category":"","wpdc_auto_publish_overridden":"","wpdc_topic_tags":"","wpdc_pin_topic":"","wpdc_pin_until":"","discourse_post_id":"","discourse_permalink":"","wpdc_publishing_response":"","wpdc_publishing_error":"","footnotes":""},"class_list":["post-8163","page","type-page","status-publish","hentry"],"yoast_head":"<!-- This site is optimized with the Yoast SEO plugin v25.3.1 - https:\/\/yoast.com\/wordpress\/plugins\/seo\/ -->\n<title>Plugin \u201eBuchungsbewertungen\u201c \u2013 F\u00fcgen Sie das Plugin \u201eBewertungen\u201c zur GoDaddy-Website hinzu!<\/title>\n<meta name=\"description\" content=\"Bieten Sie Ihrem Publikum eine einfache M\u00f6glichkeit, eine Bewertung zu Ihrem Unternehmen abzugeben, indem Sie ein einfaches Buchungsbewertungs-Plugin f\u00fcr die GoDaddy-Website verwenden!\" \/>\n<meta name=\"robots\" content=\"index, follow, max-snippet:-1, max-image-preview:large, max-video-preview:-1\" \/>\n<link rel=\"canonical\" href=\"https:\/\/elfsight.com\/de\/booking-reviews-widget\/godaddy\/\" \/>\n<meta property=\"og:locale\" content=\"de_DE\" \/>\n<meta property=\"og:type\" content=\"article\" \/>\n<meta property=\"og:title\" content=\"Plugin \u201eBuchungsbewertungen\u201c \u2013 F\u00fcgen Sie das Plugin \u201eBewertungen\u201c zur GoDaddy-Website hinzu!\" \/>\n<meta property=\"og:description\" content=\"Bieten Sie Ihrem Publikum eine einfache M\u00f6glichkeit, eine Bewertung zu Ihrem Unternehmen abzugeben, indem Sie ein einfaches Buchungsbewertungs-Plugin f\u00fcr die GoDaddy-Website verwenden!\" \/>\n<meta property=\"og:url\" content=\"https:\/\/elfsight.com\/de\/booking-reviews-widget\/godaddy\/\" \/>\n<meta property=\"og:site_name\" content=\"Elfsight DE\" \/>\n<meta property=\"article:modified_time\" content=\"2025-02-17T13:56:38+00:00\" \/>\n<meta name=\"twitter:card\" content=\"summary_large_image\" \/>\n<meta name=\"twitter:label1\" content=\"Gesch\u00e4tzte Lesezeit\" \/>\n\t<meta name=\"twitter:data1\" content=\"3\u00a0Minuten\" \/>\n<!-- \/ Yoast SEO plugin. -->","yoast_head_json":{"title":"Plugin \u201eBuchungsbewertungen\u201c \u2013 F\u00fcgen Sie das Plugin \u201eBewertungen\u201c zur GoDaddy-Website hinzu!","description":"Bieten Sie Ihrem Publikum eine einfache M\u00f6glichkeit, eine Bewertung zu Ihrem Unternehmen abzugeben, indem Sie ein einfaches Buchungsbewertungs-Plugin f\u00fcr die GoDaddy-Website verwenden!","robots":{"index":"index","follow":"follow","max-snippet":"max-snippet:-1","max-image-preview":"max-image-preview:large","max-video-preview":"max-video-preview:-1"},"canonical":"https:\/\/elfsight.com\/de\/booking-reviews-widget\/godaddy\/","og_locale":"de_DE","og_type":"article","og_title":"Plugin \u201eBuchungsbewertungen\u201c \u2013 F\u00fcgen Sie das Plugin \u201eBewertungen\u201c zur GoDaddy-Website hinzu!","og_description":"Bieten Sie Ihrem Publikum eine einfache M\u00f6glichkeit, eine Bewertung zu Ihrem Unternehmen abzugeben, indem Sie ein einfaches Buchungsbewertungs-Plugin f\u00fcr die GoDaddy-Website verwenden!","og_url":"https:\/\/elfsight.com\/de\/booking-reviews-widget\/godaddy\/","og_site_name":"Elfsight DE","article_modified_time":"2025-02-17T13:56:38+00:00","twitter_card":"summary_large_image","twitter_misc":{"Gesch\u00e4tzte Lesezeit":"3\u00a0Minuten"},"schema":{"@context":"https:\/\/schema.org","@graph":[{"@type":"WebPage","@id":"https:\/\/elfsight.com\/de\/booking-reviews-widget\/godaddy\/","url":"https:\/\/elfsight.com\/de\/booking-reviews-widget\/godaddy\/","name":"Plugin \u201eBuchungsbewertungen\u201c \u2013 F\u00fcgen Sie das Plugin \u201eBewertungen\u201c zur GoDaddy-Website hinzu!","isPartOf":{"@id":"https:\/\/elfsight.com\/de\/#website"},"datePublished":"2024-05-03T06:30:33+00:00","dateModified":"2025-02-17T13:56:38+00:00","description":"Bieten Sie Ihrem Publikum eine einfache M\u00f6glichkeit, eine Bewertung zu Ihrem Unternehmen abzugeben, indem Sie ein einfaches Buchungsbewertungs-Plugin f\u00fcr die GoDaddy-Website verwenden!","breadcrumb":{"@id":"https:\/\/elfsight.com\/de\/booking-reviews-widget\/godaddy\/#breadcrumb"},"inLanguage":"de","potentialAction":[{"@type":"ReadAction","target":["https:\/\/elfsight.com\/de\/booking-reviews-widget\/godaddy\/"]}]},{"@type":"BreadcrumbList","@id":"https:\/\/elfsight.com\/de\/booking-reviews-widget\/godaddy\/#breadcrumb","itemListElement":[{"@type":"ListItem","position":1,"name":"Home","item":"https:\/\/elfsight.com\/de\/"},{"@type":"ListItem","position":2,"name":"Booking Reviews","item":"https:\/\/elfsight.com\/de\/booking-reviews-widget\/"},{"@type":"ListItem","position":3,"name":"Booking Reviews &#8211; GoDaddy"}]},{"@type":"WebSite","@id":"https:\/\/elfsight.com\/de\/#website","url":"https:\/\/elfsight.com\/de\/","name":"Elfsight DE","description":"Just another Elfsight Sites site","potentialAction":[{"@type":"SearchAction","target":{"@type":"EntryPoint","urlTemplate":"https:\/\/elfsight.com\/de\/?s={search_term_string}"},"query-input":{"@type":"PropertyValueSpecification","valueRequired":true,"valueName":"search_term_string"}}],"inLanguage":"de"}]}},"meta_box":{"industry":"","seo_heading":"","heading":"","description":"","cta_heading":"","cta_description":"","application":"489","h1":"GoDaddy Booking.com Reviews-Plugin","h1_caption":"Zeigen Sie Bewertungen von booking.com an, um mehr G\u00e4ste anzulocken, indem Sie m\u00fchelos positive Erfahrungen fr\u00fcherer Besucher auf Ihrer GoDaddy-Website zeigen.","application_category":[],"applications_title":"","applications_request_title":"","applications_request_button_text":"","hero_text":"","hero_video":"","hero_video_schema_markup":"","selling_points_title":"","selling_points_caption":"","selling_points":[],"selling_points_cta_text":"","features_title":"","features":"","ed_cta_examples_text":"","ed_cta_examples_hidden":"","ed_cta_demo_text":"","ed_cta_demo_hidden":"","why_caption":"","why_editor_title":"","why_editor_text":"","why_team_title":"","why_team_text":"","why_service_title":"","why_service_text":"","template_catalog_visible":"0","template_catalog_title":"","template_catalog_text":"","template_catalog_categories_visible":"","demo_title":"Erstellen Sie Ihr Plugin f\u00fcr Buchungsbewertungen","demo_caption":"Konfigurieren Sie Ihre Buchungsbewertungen und f\u00fcgen Sie sie kostenlos zu Ihrer GoDaddy-Website hinzu!","default_faq_hidden":"","app_template_category":[],"platform":"241","template_public_id":"","codecanyon_url":"","codecanyon_item_id":"","codecanyon_price":"","pricing_caption":"","pricing_elfsight_apps_hide_column":"","pricing_elfsight_apps_url":"","pricing_codecanyon_price_caption":"","integration_category":[],"integration_request_title":"","integration_request_cta":"","integration_platform":"","integrations":[],"platform_category":[],"video_schema_markup":"","price":"ab 0 $ \/ Monat","trial":"","benefits":[{"text":"Kostenlose Installationshilfe"},{"text":"Au\u00dfergew\u00f6hnlicher Support"},{"text":"14-t\u00e4gige R\u00fcckerstattungsgarantie"},{"text":"Fortlaufende Entwicklung"}],"button_url":"#demo","button_target_blank":"0","button_nofollow":"0","attributes":[{"name":"Installiert","content":"10,000 - 100,000"},{"name":"Reaktionsfreudig","content":"Ja"},{"name":"Kompatible Browser","content":"IE11, Firefox, Safari, Opera, Chrome, Edge"}],"tags":[],"tags_disable_links":"0","hide_more_platforms":"0","video_object":"","demo_hide_cta":"0","demo_hide_cloud_options":"0","pricing_title":"","pricing":[{"pricing_icon":"platform","pricing_title":"Elfsight Apps","pricing_title_caption":"Multiplattform-Software, die f\u00fcr jede Website geeignet ist","pricing_price":"ab 0 $ \/ Monat","pricing_price_caption":"Beginnen Sie mit einem kostenlosen Plan","pricing_benefits":[{"text":"Unbegrenzte Websites"},{"text":"Professionelle und p\u00fcnktliche Unterst\u00fctzung und gut dokumentiert"},{"text":"Kostenlose Installationshilfe"},{"text":"100 % anpassbar"}],"pricing_button_text":"Zur Website hinzuf\u00fcgen","pricing_button_url":"#demo"}],"related_apps_title":"","related_apps_hidden":"0","author":"","image":[],"title":"","job":"","social_networks":[]},"_links":{"self":[{"href":"https:\/\/elfsight.com\/de\/wp-json\/wp\/v2\/pages\/8163","targetHints":{"allow":["GET"]}}],"collection":[{"href":"https:\/\/elfsight.com\/de\/wp-json\/wp\/v2\/pages"}],"about":[{"href":"https:\/\/elfsight.com\/de\/wp-json\/wp\/v2\/types\/page"}],"author":[{"embeddable":true,"href":"https:\/\/elfsight.com\/de\/wp-json\/wp\/v2\/users\/9"}],"replies":[{"embeddable":true,"href":"https:\/\/elfsight.com\/de\/wp-json\/wp\/v2\/comments?post=8163"}],"version-history":[{"count":2,"href":"https:\/\/elfsight.com\/de\/wp-json\/wp\/v2\/pages\/8163\/revisions"}],"predecessor-version":[{"id":24283,"href":"https:\/\/elfsight.com\/de\/wp-json\/wp\/v2\/pages\/8163\/revisions\/24283"}],"up":[{"embeddable":true,"href":"https:\/\/elfsight.com\/de\/wp-json\/wp\/v2\/pages\/1543"}],"wp:attachment":[{"href":"https:\/\/elfsight.com\/de\/wp-json\/wp\/v2\/media?parent=8163"}],"curies":[{"name":"wp","href":"https:\/\/api.w.org\/{rel}","templated":true}]}}