{"id":8162,"date":"2024-05-03T06:30:32","date_gmt":"2024-05-03T06:30:32","guid":{"rendered":"https:\/\/elfsight.com\/de\/?page_id=8162"},"modified":"2025-02-17T14:19:40","modified_gmt":"2025-02-17T14:19:40","slug":"prestashop","status":"publish","type":"page","link":"https:\/\/elfsight.com\/de\/booking-reviews-widget\/prestashop\/","title":{"rendered":"Booking Reviews &#8211; PrestaShop"},"content":{"rendered":"\n<div class=\"application-platform-content-item-description application-platform-content-item\" id=\"description\" data-nav-section=\"description\"> <h2>Beschreibung<\/h2> <p>Elfsight Booking Reviews ist ein praktisches Tool, das Ihnen die M\u00f6glichkeit gibt, die Erfahrungsberichte zu Ihren Waren direkt auf Ihrem zu pr\u00e4sentieren Website von allen g\u00e4ngigen Bewertungsseiten. \u00dcber unser Add-on k\u00f6nnen Sie Filter zum Ausblenden unerw\u00fcnschter Kommentare anwenden, Ihre Sterne- und Zahlenbewertung direkt von Ihrem Konto aus auf jeder Webseite mit Unternehmensbewertungen anzeigen, Daten zu den Erstellern der Bewertungen hinzuf\u00fcgen und einen Call-to-Action hinzuf\u00fcgen Das wird Besucher dazu anregen, ihre Gedanken aufzuschreiben. Das Buchungsbewertungstool hilft Ihnen dabei, Ihre herausragenden sozialen Beweise auf der Webseite anzuzeigen und mehr Neuk\u00e4ufe zu t\u00e4tigen. <\/p><p><b>Beginnen Sie mit der Anwendung von Buchungsbewertungen, um mit weniger Aufwand die Spitzenwerte Ihres Gesch\u00e4fts zu erreichen! <\/b><\/p> <\/div> <div class=\"application-platform-content-item-features application-platform-content-item\" id=\"features\" data-nav-section=\"features\"> <h2>Zu den wesentlichen Widget-Funktionen geh\u00f6rt<\/h2> <ul><li>Kundenbewertungen aus dem Buchungskonto hinzuf\u00fcgen<\/li><li>3 Arten von Filtern: Ausschlie\u00dfen nach, Anzahl der Bewertungen und nach Typ<\/li><li>Vier Arten von Layouts: Slider, Raster, Mauerwerk und Liste<\/li><li>Pfeile und Drag-Navigationstypen im Slider-Layout<\/li><li>Autoplay-Geschwindigkeit und Slide-Geschwindigkeit festlegen<\/li><li>Paginierungstyp im Slider-Layout ausw\u00e4hlen<\/li><li>Call-to-Action-Schaltfl\u00e4che, um neue Benutzerbewertungen auf der Buchungsseite zu erhalten<\/li> <li>3 Bewertungsvorlagen: Klassisch, Spotlight, Bubble<\/li><li>6 flexible Elemente der Bewertungen: Datum und Empfehlung, Sternebewertung, Name des Autors, Foto und Buchungssymbol<\/li><li>Eine Option So \u00e4ndern Sie die Schriftgr\u00f6\u00dfe des Bewertungstexts<\/li><\/ul><p><a href=\"#demo\">Probieren Sie einfach diese Demo aus, um zu sehen, wie es funktioniert<\/a><\/p> <\/div> <div class=\"application-platform-content-item-installation application-platform-content-item\" id=\"installation\" data-nav-section=\"installation\"> <h2>Wie kann ich Buchungsbewertungen zu meiner PrestaShop-Website hinzuf\u00fcgen? <\/h2> <p>Befolgen Sie einfach die folgenden Richtlinien, um mit der Verwendung des Add-ons zu beginnen. <\/p> <ol><li><b>Nutzen Sie unseren kostenlosen Editor und beginnen Sie mit der Erstellung Ihres individuellen Add-ons. <\/b><br> W\u00e4hlen Sie das passende Aussehen und die funktionalen Merkmale des Widgets und nehmen Sie die Korrekturen vor. <\/li> <li><b>Erhalten Sie Ihren individuellen Code, der im speziellen Formular auf Elfsight Apps angezeigt wird. <\/b><br> Wenn die Generierung Ihres Widgets abgeschlossen ist, kopieren Sie den einzelnen Code aus dem angezeigten Feld und bewahren Sie ihn f\u00fcr die sp\u00e4tere Verwendung auf. <\/li> <li><b>Beginnen Sie mit der Verwendung des Tools auf Ihrer PrestaShop-Website. <\/b><br> Implementieren Sie den Code, den Sie k\u00fcrzlich kopiert haben, in Ihre Webseite und speichern Sie die \u00c4nderungen. <\/li> <li><b>Du bist fertig! Die Einbettung wurde erfolgreich durchgef\u00fchrt. <\/b><br> Besuchen Sie Ihre Seite, um die Arbeit des Widgets in Aktion zu sehen. <\/li><\/ol> <p>Sollten Sie auf Hindernisse sto\u00dfen, z\u00f6gern Sie nicht, sich an unseren Kundenservice zu wenden. Unsere Berater sind bestrebt, alle Probleme zu l\u00f6sen, die Sie m\u00f6glicherweise mit dem Tool haben. <\/p> <div class=\"faq\" data-component=\"FAQ\"> <div class=\"faq-item\">\r\n\t\t\t\t\t<div class=\"faq-item-question\">\r\n\t\t\t\t\t\t<h3 class=\"faq-item-question-text\">Wie f\u00fcge ich Booking.com-Bewertungen zu meiner PrestaShop-Website hinzu, ohne Programmierkenntnisse?<\/h3>\r\n\r\n\t\t\t\t\t\t<div class=\"faq-item-question-icon\"><\/div>\r\n\t\t\t\t\t<\/div>\r\n\r\n\t\t\t\t\t<div class=\"faq-item-answer\">\r\n\t\t\t\t\t\t<div class=\"faq-item-answer-text\"> <p>Elfsight bietet eine SaaS-L\u00f6sung, mit der Sie ganz einfach ein Booking.com-Bewertungen-Widget erstellen k\u00f6nnen. Sehen Sie, wie unkompliziert der Vorgang ist:<\/p>\n<ul>\n<li>Arbeiten Sie direkt im Online-Editor, um ein Booking.com-Bewertungen-Widget zu erstellen, das perfekt zu Ihrer PrestaShop-Website passt.<\/li>\n\n<li>W\u00e4hlen Sie aus einer Vielzahl fertiger Vorlagen, passen Sie die Einstellungen f\u00fcr die Booking.com-Bewertungen an, f\u00fcgen Sie Ihre Inhalte hinzu und ver\u00e4ndern Sie Layout sowie Farben \u2013 und das ganz ohne Programmierkenntnisse.<\/li>\n\n<li>Speichern Sie die Einstellungen und kopieren Sie den Embed-Code, den Sie einfach in Ihre PrestaShop-Website einf\u00fcgen k\u00f6nnen, ohne f\u00fcr eine kostenpflichtige Version bezahlen zu m\u00fcssen.<\/li>\n<\/ul>\n<p>Mit unserem benutzerfreundlichen Editor kann jeder Nutzer ein Booking.com-Bewertungen-Widget erstellen und problemlos in seine Website integrieren. Sie m\u00fcssen nichts bezahlen oder Ihre Kartendaten eingeben, um den Service zu nutzen. Bei Problemen w\u00e4hrend eines der Schritte steht Ihnen unser technisches Support-Team gerne zur Verf\u00fcgung.<\/p> <\/div>\r\n\t\t\t\t\t<\/div>\r\n\t\t\t\t<\/div> <\/div> <\/div>\n","protected":false},"excerpt":{"rendered":"","protected":false},"author":9,"featured_media":0,"parent":1543,"menu_order":0,"comment_status":"closed","ping_status":"closed","template":"templates\/template-application-platform.php","meta":{"publish_to_discourse":"","publish_post_category":"","wpdc_auto_publish_overridden":"","wpdc_topic_tags":"","wpdc_pin_topic":"","wpdc_pin_until":"","discourse_post_id":"","discourse_permalink":"","wpdc_publishing_response":"","wpdc_publishing_error":"","footnotes":""},"class_list":["post-8162","page","type-page","status-publish","hentry"],"yoast_head":"<!-- This site is optimized with the Yoast SEO plugin v25.3.1 - https:\/\/yoast.com\/wordpress\/plugins\/seo\/ -->\n<title>Einbetten von Buchungsbewertungen auf der PrestaShop-Website (schnell und einfach)<\/title>\n<meta name=\"description\" content=\"Gestalten Sie mit Elfsight Ihre Buchungsbewertungen und f\u00fcgen Sie sie ganz einfach auf Ihrer PrestaShop-Website hinzu. Wir bieten kostenlosen Kundensupport und weitere Boni.\" \/>\n<meta name=\"robots\" content=\"index, follow, max-snippet:-1, max-image-preview:large, max-video-preview:-1\" \/>\n<link rel=\"canonical\" href=\"https:\/\/elfsight.com\/de\/booking-reviews-widget\/prestashop\/\" \/>\n<meta property=\"og:locale\" content=\"de_DE\" \/>\n<meta property=\"og:type\" content=\"article\" \/>\n<meta property=\"og:title\" content=\"Einbetten von Buchungsbewertungen auf der PrestaShop-Website (schnell und einfach)\" \/>\n<meta property=\"og:description\" content=\"Gestalten Sie mit Elfsight Ihre Buchungsbewertungen und f\u00fcgen Sie sie ganz einfach auf Ihrer PrestaShop-Website hinzu. Wir bieten kostenlosen Kundensupport und weitere Boni.\" \/>\n<meta property=\"og:url\" content=\"https:\/\/elfsight.com\/de\/booking-reviews-widget\/prestashop\/\" \/>\n<meta property=\"og:site_name\" content=\"Elfsight DE\" \/>\n<meta property=\"article:modified_time\" content=\"2025-02-17T14:19:40+00:00\" \/>\n<meta name=\"twitter:card\" content=\"summary_large_image\" \/>\n<meta name=\"twitter:label1\" content=\"Gesch\u00e4tzte Lesezeit\" \/>\n\t<meta name=\"twitter:data1\" content=\"3\u00a0Minuten\" \/>\n<!-- \/ Yoast SEO plugin. -->","yoast_head_json":{"title":"Einbetten von Buchungsbewertungen auf der PrestaShop-Website (schnell und einfach)","description":"Gestalten Sie mit Elfsight Ihre Buchungsbewertungen und f\u00fcgen Sie sie ganz einfach auf Ihrer PrestaShop-Website hinzu. Wir bieten kostenlosen Kundensupport und weitere Boni.","robots":{"index":"index","follow":"follow","max-snippet":"max-snippet:-1","max-image-preview":"max-image-preview:large","max-video-preview":"max-video-preview:-1"},"canonical":"https:\/\/elfsight.com\/de\/booking-reviews-widget\/prestashop\/","og_locale":"de_DE","og_type":"article","og_title":"Einbetten von Buchungsbewertungen auf der PrestaShop-Website (schnell und einfach)","og_description":"Gestalten Sie mit Elfsight Ihre Buchungsbewertungen und f\u00fcgen Sie sie ganz einfach auf Ihrer PrestaShop-Website hinzu. Wir bieten kostenlosen Kundensupport und weitere Boni.","og_url":"https:\/\/elfsight.com\/de\/booking-reviews-widget\/prestashop\/","og_site_name":"Elfsight DE","article_modified_time":"2025-02-17T14:19:40+00:00","twitter_card":"summary_large_image","twitter_misc":{"Gesch\u00e4tzte Lesezeit":"3\u00a0Minuten"},"schema":{"@context":"https:\/\/schema.org","@graph":[{"@type":"WebPage","@id":"https:\/\/elfsight.com\/de\/booking-reviews-widget\/prestashop\/","url":"https:\/\/elfsight.com\/de\/booking-reviews-widget\/prestashop\/","name":"Einbetten von Buchungsbewertungen auf der PrestaShop-Website (schnell und einfach)","isPartOf":{"@id":"https:\/\/elfsight.com\/de\/#website"},"datePublished":"2024-05-03T06:30:32+00:00","dateModified":"2025-02-17T14:19:40+00:00","description":"Gestalten Sie mit Elfsight Ihre Buchungsbewertungen und f\u00fcgen Sie sie ganz einfach auf Ihrer PrestaShop-Website hinzu. Wir bieten kostenlosen Kundensupport und weitere Boni.","breadcrumb":{"@id":"https:\/\/elfsight.com\/de\/booking-reviews-widget\/prestashop\/#breadcrumb"},"inLanguage":"de","potentialAction":[{"@type":"ReadAction","target":["https:\/\/elfsight.com\/de\/booking-reviews-widget\/prestashop\/"]}]},{"@type":"BreadcrumbList","@id":"https:\/\/elfsight.com\/de\/booking-reviews-widget\/prestashop\/#breadcrumb","itemListElement":[{"@type":"ListItem","position":1,"name":"Home","item":"https:\/\/elfsight.com\/de\/"},{"@type":"ListItem","position":2,"name":"Booking Reviews","item":"https:\/\/elfsight.com\/de\/booking-reviews-widget\/"},{"@type":"ListItem","position":3,"name":"Booking Reviews &#8211; PrestaShop"}]},{"@type":"WebSite","@id":"https:\/\/elfsight.com\/de\/#website","url":"https:\/\/elfsight.com\/de\/","name":"Elfsight DE","description":"Just another Elfsight Sites site","potentialAction":[{"@type":"SearchAction","target":{"@type":"EntryPoint","urlTemplate":"https:\/\/elfsight.com\/de\/?s={search_term_string}"},"query-input":{"@type":"PropertyValueSpecification","valueRequired":true,"valueName":"search_term_string"}}],"inLanguage":"de"}]}},"meta_box":{"industry":"","seo_heading":"","heading":"","description":"","cta_heading":"","cta_description":"","application":"489","h1":"PrestaShop Booking.com Bewertungen","h1_caption":"Zeigen Sie Bewertungen von booking.com an, um mehr G\u00e4ste anzulocken, indem Sie m\u00fchelos positive Erfahrungen fr\u00fcherer Besucher auf Ihrer Prestashop-Website anzeigen.","application_category":[],"applications_title":"","applications_request_title":"","applications_request_button_text":"","hero_text":"","hero_video":"","hero_video_schema_markup":"","selling_points_title":"","selling_points_caption":"","selling_points":[],"selling_points_cta_text":"","features_title":"","features":"","ed_cta_examples_text":"","ed_cta_examples_hidden":"","ed_cta_demo_text":"","ed_cta_demo_hidden":"","why_caption":"","why_editor_title":"","why_editor_text":"","why_team_title":"","why_team_text":"","why_service_title":"","why_service_text":"","template_catalog_visible":"0","template_catalog_title":"","template_catalog_text":"","template_catalog_categories_visible":"","demo_title":"Erstellen Sie Ihr Add-on f\u00fcr Buchungsbewertungen","demo_caption":"Konfigurieren Sie Ihre Buchungsbewertungen und f\u00fcgen Sie sie kostenlos zu Ihrer PrestaShop-Website hinzu!","default_faq_hidden":"","app_template_category":[],"platform":"3811","template_public_id":"","codecanyon_url":"","codecanyon_item_id":"","codecanyon_price":"","pricing_caption":"","pricing_elfsight_apps_hide_column":"","pricing_elfsight_apps_url":"","pricing_codecanyon_price_caption":"","integration_category":[],"integration_request_title":"","integration_request_cta":"","integration_platform":"","integrations":[],"platform_category":[],"video_schema_markup":"","price":"ab 0 $ \/ Monat","trial":"","benefits":[{"text":"Kostenloser Installationsservice"},{"text":"Premium-Support"},{"text":"14-t\u00e4gige Geld-zur\u00fcck-Garantie"},{"text":"St\u00e4ndige Aktualisierung"}],"button_url":"#demo","button_target_blank":"0","button_nofollow":"0","attributes":[{"name":"Installiert","content":"10,000 - 100,000"},{"name":"Reaktionsfreudig","content":"Ja"},{"name":"Kompatible Browser","content":"Firefox, Safari, Opera, Chrome, Edge"}],"tags":[],"tags_disable_links":"0","hide_more_platforms":"0","video_object":"","demo_hide_cta":"0","demo_hide_cloud_options":"0","pricing_title":"","pricing":[{"pricing_icon":"platform","pricing_title":"Elfsight Apps","pricing_title_caption":"Multiplattform-L\u00f6sung","pricing_price":"ab 0 $ \/ Monat","pricing_price_caption":"Beginnen Sie mit einem kostenlosen Plan","pricing_benefits":[{"text":"Unbegrenzte Websites"},{"text":"Professionelle und p\u00fcnktliche Unterst\u00fctzung"},{"text":"Kostenlose Installationshilfe"},{"text":"100 % anpassbar"}],"pricing_button_text":"Zur Website hinzuf\u00fcgen","pricing_button_url":"#demo"}],"related_apps_title":"","related_apps_hidden":"0","author":"","image":[],"title":"","job":"","social_networks":[]},"_links":{"self":[{"href":"https:\/\/elfsight.com\/de\/wp-json\/wp\/v2\/pages\/8162","targetHints":{"allow":["GET"]}}],"collection":[{"href":"https:\/\/elfsight.com\/de\/wp-json\/wp\/v2\/pages"}],"about":[{"href":"https:\/\/elfsight.com\/de\/wp-json\/wp\/v2\/types\/page"}],"author":[{"embeddable":true,"href":"https:\/\/elfsight.com\/de\/wp-json\/wp\/v2\/users\/9"}],"replies":[{"embeddable":true,"href":"https:\/\/elfsight.com\/de\/wp-json\/wp\/v2\/comments?post=8162"}],"version-history":[{"count":2,"href":"https:\/\/elfsight.com\/de\/wp-json\/wp\/v2\/pages\/8162\/revisions"}],"predecessor-version":[{"id":24287,"href":"https:\/\/elfsight.com\/de\/wp-json\/wp\/v2\/pages\/8162\/revisions\/24287"}],"up":[{"embeddable":true,"href":"https:\/\/elfsight.com\/de\/wp-json\/wp\/v2\/pages\/1543"}],"wp:attachment":[{"href":"https:\/\/elfsight.com\/de\/wp-json\/wp\/v2\/media?parent=8162"}],"curies":[{"name":"wp","href":"https:\/\/api.w.org\/{rel}","templated":true}]}}