{"id":8161,"date":"2024-05-03T06:30:31","date_gmt":"2024-05-03T06:30:31","guid":{"rendered":"https:\/\/elfsight.com\/de\/?page_id=8161"},"modified":"2025-02-17T14:15:25","modified_gmt":"2025-02-17T14:15:25","slug":"jimdo","status":"publish","type":"page","link":"https:\/\/elfsight.com\/de\/booking-reviews-widget\/jimdo\/","title":{"rendered":"Booking Reviews &#8211; Jimdo"},"content":{"rendered":"\n<div class=\"application-platform-content-item-description application-platform-content-item\" id=\"description\" data-nav-section=\"description\"> <h2>Beschreibung<\/h2> <p>Elfsight Booking Reviews ist ein praktisches Widget, mit dem Sie die Bewertungen Ihrer Waren direkt auf Ihrem Ger\u00e4t anzeigen k\u00f6nnen Website von allen bekannten Bewertungsseiten. Mithilfe unseres Widgets k\u00f6nnen Sie Filter anwenden, um unerw\u00fcnschte Kommentare auszublenden, Ihre Sterne- und Mengenbewertung direkt von Ihrem Konto aus auf jeder Bewertungswebsite anzeigen, Informationen zu den Erstellern der Bewertungen hinzuf\u00fcgen und eine CTA-Schaltfl\u00e4che hinzuf\u00fcgen, die Sie anspricht Besucher, ihre Gedanken niederzuschreiben. Unsere Buchungsbewertungs-App wird Sie dazu anspornen, Ihren bemerkenswerten Social Proof direkt auf der Website unter Beweis zu stellen und mehr Neuk\u00e4ufe zu t\u00e4tigen. <\/p><p><b>F\u00fcgen Sie Buchungsbewertungen ein, um Ihre Gesch\u00e4ftsziele zu erreichen! <\/b><\/p> <\/div> <div class=\"application-platform-content-item-features application-platform-content-item\" id=\"features\" data-nav-section=\"features\"> <h2>Das Widget verf\u00fcgt \u00fcber n\u00fctzliche und schnelle Funktionen, hier sind einige davon: <\/h2> <ul><li>Kundenrezensionen integrieren aus dem Buchungskonto<\/li><li>Drei Arten von Filtern: nach Typ, Ausschlie\u00dfen nach und Anzahl der Bewertungen<\/li><li>Vier Arten von Layouts: Liste, Mauerwerk, Schieberegler und Raster<\/li><li> Pfeile und Drag-Navigationstypen im Slider-Layout<\/li><li>Foliengeschwindigkeit und Autoplay-Geschwindigkeit festlegen<\/li><li>Paginierungstyp im Slider-Layout ausw\u00e4hlen<\/li><li>Call-to-Action-Schaltfl\u00e4che, um Neues zu erhalten Benutzerbewertungen auf der Buchungsseite<\/li><li>3 Bewertungsvorlagen: Spotlight, Bubble, Classic<\/li><li>Sechs flexible Elemente der Bewertungen: Buchungssymbol und Name des Autors, Datum, Sternebewertung, Foto und Empfehlung <\/li><li>Eine Option zum \u00c4ndern der Schriftgr\u00f6\u00dfe des Rezensionstextes<\/li><\/ul><p><a href=\"#demo\">Sie k\u00f6nnen hier in der Demo alle Funktionen des Widgets testen<\/a><\/p> <\/div> <div class=\"application-platform-content-item-installation application-platform-content-item\" id=\"installation\" data-nav-section=\"installation\"> <h2>Wie f\u00fcge ich Buchungsbewertungen zu meiner Jimdo-Site hinzu? <\/h2> <p>Befolgen Sie einfach die folgenden Richtlinien, um das Werkzeug einzusetzen. <\/p> <ol><li><b>Starten Sie unseren kostenlosen Konfigurator und beginnen Sie mit der Gestaltung Ihres personalisierten Widgets. <\/b><br> Bestimmen Sie das benutzerdefinierte Erscheinungsbild und die Funktionalit\u00e4t des Widgets und speichern Sie die \u00c4nderungen. <\/li> <li><b>Erhalten Sie Ihren pers\u00f6nlichen Code, der im speziellen Formular auf Elfsight Apps angezeigt wird. <\/b><br> Wenn die Konfiguration Ihres Widgets abgeschlossen ist, kopieren Sie den pers\u00f6nlichen Code aus dem erscheinenden Feld und speichern Sie ihn f\u00fcr die zuk\u00fcnftige Verwendung. <\/li> <li><b>Beginnen Sie mit der Verwendung des Widgets auf Ihrer Jimdo-Website. <\/b><br> F\u00fcgen Sie den zuvor kopierten Code in Ihre Homepage ein und \u00fcbernehmen Sie die Anpassungen. <\/li> <li><b>Du bist fertig! Das Setup wurde erfolgreich durchgef\u00fchrt. <\/b><br> Gehen Sie zu Ihrer Seite, um die Funktionsweise des Widgets zu sehen. <\/li><\/ol> <p>Sollten Sie auf Probleme sto\u00dfen, z\u00f6gern Sie nicht, sich an unsere Kundendienstmitarbeiter zu wenden. Unsere Mitarbeiter helfen Ihnen gerne bei allen Fragen, die Sie zum Tool haben. <\/p><div class=\"faq\" data-component=\"FAQ\"> <div class=\"faq-item\">\r\n\t\t\t\t\t<div class=\"faq-item-question\">\r\n\t\t\t\t\t\t<h3 class=\"faq-item-question-text\">Wie kann ich Booking.com-Bewertungen zu meiner Jimdo-Website hinzuf\u00fcgen, ohne Programmierkenntnisse zu haben?<\/h3>\r\n\r\n\t\t\t\t\t\t<div class=\"faq-item-question-icon\"><\/div>\r\n\t\t\t\t\t<\/div>\r\n\r\n\t\t\t\t\t<div class=\"faq-item-answer\">\r\n\t\t\t\t\t\t<div class=\"faq-item-answer-text\"> <p>Elfsight bietet eine SaaS-L\u00f6sung, mit der Sie selbst ein Booking.com-Bewertungen-Widget erstellen k\u00f6nnen. Sehen Sie, wie einfach der Prozess ist:<\/p>\n<ul>\n<li>Arbeiten Sie direkt im Online-Editor, um ein Booking.com-Bewertungen-Widget zu erstellen, das Sie auf Ihrer Jimdo-Website haben m\u00f6chten.<\/li>\n\n<li>W\u00e4hlen Sie eine der fertigen Vorlagen aus, passen Sie die Einstellungen f\u00fcr die Booking.com-Bewertungen an, f\u00fcgen Sie Ihren Inhalt hinzu und \u00e4ndern Sie das Layout sowie die Farben \u2013 alles ohne Programmierkenntnisse.<\/li>\n\n<li>Speichern Sie die Einstellungen und kopieren Sie den Einbettungscode, den Sie problemlos in Ihre Jimdo-Website einf\u00fcgen k\u00f6nnen, ohne eine kostenpflichtige Version kaufen zu m\u00fcssen.<\/li>\n<ul>\n<p>Mit unserem intuitiven Editor kann jeder Benutzer ein Booking.com-Bewertungen-Widget online erstellen und es einfach in seine Website einf\u00fcgen. Sie m\u00fcssen nicht bezahlen oder Ihre Kartendaten eingeben, um auf den Service zuzugreifen. Sollten Sie bei einem der Schritte auf Probleme sto\u00dfen, wenden Sie sich bitte an unser technisches Support-Team.<\/p> <\/div>\r\n\t\t\t\t\t<\/div>\r\n\t\t\t\t<\/div> <\/div> <\/div>\n","protected":false},"excerpt":{"rendered":"","protected":false},"author":9,"featured_media":0,"parent":1543,"menu_order":0,"comment_status":"closed","ping_status":"closed","template":"templates\/template-application-platform.php","meta":{"publish_to_discourse":"","publish_post_category":"","wpdc_auto_publish_overridden":"","wpdc_topic_tags":"","wpdc_pin_topic":"","wpdc_pin_until":"","discourse_post_id":"","discourse_permalink":"","wpdc_publishing_response":"","wpdc_publishing_error":"","footnotes":""},"class_list":["post-8161","page","type-page","status-publish","hentry"],"yoast_head":"<!-- This site is optimized with the Yoast SEO plugin v25.3.1 - https:\/\/yoast.com\/wordpress\/plugins\/seo\/ -->\n<title>Buchungsbewertungen auf der Jimdo-Website einbetten (schnell und einfach)<\/title>\n<meta name=\"description\" content=\"Gestalten Sie mit Elfsight Ihre Buchungsbewertungen und f\u00fcgen Sie sie ganz einfach zu Ihrer Jimdo-Website hinzu. Wir bieten kostenlosen Kundensupport und weitere Boni.\" \/>\n<meta name=\"robots\" content=\"index, follow, max-snippet:-1, max-image-preview:large, max-video-preview:-1\" \/>\n<link rel=\"canonical\" href=\"https:\/\/elfsight.com\/de\/booking-reviews-widget\/jimdo\/\" \/>\n<meta property=\"og:locale\" content=\"de_DE\" \/>\n<meta property=\"og:type\" content=\"article\" \/>\n<meta property=\"og:title\" content=\"Buchungsbewertungen auf der Jimdo-Website einbetten (schnell und einfach)\" \/>\n<meta property=\"og:description\" content=\"Gestalten Sie mit Elfsight Ihre Buchungsbewertungen und f\u00fcgen Sie sie ganz einfach zu Ihrer Jimdo-Website hinzu. Wir bieten kostenlosen Kundensupport und weitere Boni.\" \/>\n<meta property=\"og:url\" content=\"https:\/\/elfsight.com\/de\/booking-reviews-widget\/jimdo\/\" \/>\n<meta property=\"og:site_name\" content=\"Elfsight DE\" \/>\n<meta property=\"article:modified_time\" content=\"2025-02-17T14:15:25+00:00\" \/>\n<meta name=\"twitter:card\" content=\"summary_large_image\" \/>\n<meta name=\"twitter:label1\" content=\"Gesch\u00e4tzte Lesezeit\" \/>\n\t<meta name=\"twitter:data1\" content=\"3\u00a0Minuten\" \/>\n<!-- \/ Yoast SEO plugin. -->","yoast_head_json":{"title":"Buchungsbewertungen auf der Jimdo-Website einbetten (schnell und einfach)","description":"Gestalten Sie mit Elfsight Ihre Buchungsbewertungen und f\u00fcgen Sie sie ganz einfach zu Ihrer Jimdo-Website hinzu. Wir bieten kostenlosen Kundensupport und weitere Boni.","robots":{"index":"index","follow":"follow","max-snippet":"max-snippet:-1","max-image-preview":"max-image-preview:large","max-video-preview":"max-video-preview:-1"},"canonical":"https:\/\/elfsight.com\/de\/booking-reviews-widget\/jimdo\/","og_locale":"de_DE","og_type":"article","og_title":"Buchungsbewertungen auf der Jimdo-Website einbetten (schnell und einfach)","og_description":"Gestalten Sie mit Elfsight Ihre Buchungsbewertungen und f\u00fcgen Sie sie ganz einfach zu Ihrer Jimdo-Website hinzu. Wir bieten kostenlosen Kundensupport und weitere Boni.","og_url":"https:\/\/elfsight.com\/de\/booking-reviews-widget\/jimdo\/","og_site_name":"Elfsight DE","article_modified_time":"2025-02-17T14:15:25+00:00","twitter_card":"summary_large_image","twitter_misc":{"Gesch\u00e4tzte Lesezeit":"3\u00a0Minuten"},"schema":{"@context":"https:\/\/schema.org","@graph":[{"@type":"WebPage","@id":"https:\/\/elfsight.com\/de\/booking-reviews-widget\/jimdo\/","url":"https:\/\/elfsight.com\/de\/booking-reviews-widget\/jimdo\/","name":"Buchungsbewertungen auf der Jimdo-Website einbetten (schnell und einfach)","isPartOf":{"@id":"https:\/\/elfsight.com\/de\/#website"},"datePublished":"2024-05-03T06:30:31+00:00","dateModified":"2025-02-17T14:15:25+00:00","description":"Gestalten Sie mit Elfsight Ihre Buchungsbewertungen und f\u00fcgen Sie sie ganz einfach zu Ihrer Jimdo-Website hinzu. Wir bieten kostenlosen Kundensupport und weitere Boni.","breadcrumb":{"@id":"https:\/\/elfsight.com\/de\/booking-reviews-widget\/jimdo\/#breadcrumb"},"inLanguage":"de","potentialAction":[{"@type":"ReadAction","target":["https:\/\/elfsight.com\/de\/booking-reviews-widget\/jimdo\/"]}]},{"@type":"BreadcrumbList","@id":"https:\/\/elfsight.com\/de\/booking-reviews-widget\/jimdo\/#breadcrumb","itemListElement":[{"@type":"ListItem","position":1,"name":"Home","item":"https:\/\/elfsight.com\/de\/"},{"@type":"ListItem","position":2,"name":"Booking Reviews","item":"https:\/\/elfsight.com\/de\/booking-reviews-widget\/"},{"@type":"ListItem","position":3,"name":"Booking Reviews &#8211; Jimdo"}]},{"@type":"WebSite","@id":"https:\/\/elfsight.com\/de\/#website","url":"https:\/\/elfsight.com\/de\/","name":"Elfsight DE","description":"Just another Elfsight Sites site","potentialAction":[{"@type":"SearchAction","target":{"@type":"EntryPoint","urlTemplate":"https:\/\/elfsight.com\/de\/?s={search_term_string}"},"query-input":{"@type":"PropertyValueSpecification","valueRequired":true,"valueName":"search_term_string"}}],"inLanguage":"de"}]}},"meta_box":{"industry":"","seo_heading":"","heading":"","description":"","cta_heading":"","cta_description":"","application":"489","h1":"Jimdo Booking.com-Bewertungs-Widget","h1_caption":"Zeigen Sie Bewertungen von booking.com an, um mehr G\u00e4ste anzulocken, indem Sie m\u00fchelos positive Erfahrungen fr\u00fcherer Besucher auf Ihrer Jimdo-Website zeigen.","application_category":[],"applications_title":"","applications_request_title":"","applications_request_button_text":"","hero_text":"","hero_video":"","hero_video_schema_markup":"","selling_points_title":"","selling_points_caption":"","selling_points":[],"selling_points_cta_text":"","features_title":"","features":"","ed_cta_examples_text":"","ed_cta_examples_hidden":"","ed_cta_demo_text":"","ed_cta_demo_hidden":"","why_caption":"","why_editor_title":"","why_editor_text":"","why_team_title":"","why_team_text":"","why_service_title":"","why_service_text":"","template_catalog_visible":"0","template_catalog_title":"","template_catalog_text":"","template_catalog_categories_visible":"","demo_title":"Erstellen Sie Ihr Buchungsbewertungs-Widget","demo_caption":"Konfigurieren Sie Ihre Buchungsbewertungen und f\u00fcgen Sie sie kostenlos zu Ihrer Jimdo-Website hinzu!","default_faq_hidden":"","app_template_category":[],"platform":"239","template_public_id":"","codecanyon_url":"","codecanyon_item_id":"","codecanyon_price":"","pricing_caption":"","pricing_elfsight_apps_hide_column":"","pricing_elfsight_apps_url":"","pricing_codecanyon_price_caption":"","integration_category":[],"integration_request_title":"","integration_request_cta":"","integration_platform":"","integrations":[],"platform_category":[],"video_schema_markup":"","price":"ab 0 $ \/ Monat","trial":"","benefits":[{"text":"Kostenloser Installationsservice"},{"text":"Kompetenter Kundenservice"},{"text":"14-t\u00e4gige Geld-zur\u00fcck-Garantie"},{"text":"Fortlaufende Entwicklung"}],"button_url":"#demo","button_target_blank":"0","button_nofollow":"0","attributes":[{"name":"Installiert","content":"10,000 - 100,000"},{"name":"Reaktionsfreudig","content":"Ja"},{"name":"Kompatible Browser","content":"Firefox, Safari, Opera, Chrome, Edge"}],"tags":[],"tags_disable_links":"0","hide_more_platforms":"0","video_object":"","demo_hide_cta":"0","demo_hide_cloud_options":"0","pricing_title":"","pricing":[{"pricing_icon":"platform","pricing_title":"Elfsight Apps","pricing_title_caption":"Multiplattform-L\u00f6sung","pricing_price":"ab 0 $ \/ Monat","pricing_price_caption":"Beginnen Sie mit einem kostenlosen Plan","pricing_benefits":[{"text":"Unbegrenzte Websites"},{"text":"Erstklassiger und p\u00fcnktlicher Support"},{"text":"Kostenloser Installationssupport"},{"text":"Flexibles Design"}],"pricing_button_text":"Zur Website hinzuf\u00fcgen","pricing_button_url":"#demo"}],"related_apps_title":"","related_apps_hidden":"0","author":"","image":[],"title":"","job":"","social_networks":[]},"_links":{"self":[{"href":"https:\/\/elfsight.com\/de\/wp-json\/wp\/v2\/pages\/8161","targetHints":{"allow":["GET"]}}],"collection":[{"href":"https:\/\/elfsight.com\/de\/wp-json\/wp\/v2\/pages"}],"about":[{"href":"https:\/\/elfsight.com\/de\/wp-json\/wp\/v2\/types\/page"}],"author":[{"embeddable":true,"href":"https:\/\/elfsight.com\/de\/wp-json\/wp\/v2\/users\/9"}],"replies":[{"embeddable":true,"href":"https:\/\/elfsight.com\/de\/wp-json\/wp\/v2\/comments?post=8161"}],"version-history":[{"count":2,"href":"https:\/\/elfsight.com\/de\/wp-json\/wp\/v2\/pages\/8161\/revisions"}],"predecessor-version":[{"id":24285,"href":"https:\/\/elfsight.com\/de\/wp-json\/wp\/v2\/pages\/8161\/revisions\/24285"}],"up":[{"embeddable":true,"href":"https:\/\/elfsight.com\/de\/wp-json\/wp\/v2\/pages\/1543"}],"wp:attachment":[{"href":"https:\/\/elfsight.com\/de\/wp-json\/wp\/v2\/media?parent=8161"}],"curies":[{"name":"wp","href":"https:\/\/api.w.org\/{rel}","templated":true}]}}