{"id":8106,"date":"2024-05-03T06:30:04","date_gmt":"2024-05-03T06:30:04","guid":{"rendered":"https:\/\/elfsight.com\/de\/?page_id=8106"},"modified":"2025-07-08T10:11:59","modified_gmt":"2025-07-08T10:11:59","slug":"blogger","status":"publish","type":"page","link":"https:\/\/elfsight.com\/de\/banner-widget\/blogger\/","title":{"rendered":"Banner &#8211; Blogger"},"content":{"rendered":"<div class=\"application-platform-content-item-description application-platform-content-item\" id=\"description\" data-nav-section=\"description\"> <h2>Beschreibung<\/h2> <p>Das Elfsight-Banner-Widget f\u00fcr Blogger ist eine hochgradig anpassbare Funktion. Derzeit haben Sie die M\u00f6glichkeit, f\u00fcr jedes Ziel ein Werbebanner zu erstellen. Sie m\u00fcssen lediglich ein Hintergrundbild und die Art des Hintergrunds ausw\u00e4hlen, seine Position festlegen und den Titel und Text hinzuf\u00fcgen. Vergessen Sie nicht, einen CTA-Button anzubringen \u2013 ein wesentliches Element jedes Werbebanners. Und nat\u00fcrlich steht es Ihnen frei, das Gesamtdesign des Widgets nach Ihren W\u00fcnschen anzupassen. <\/p> <p><b>Wenn Sie unser verlockendes Banner auf Ihrer Website anbringen, st\u00e4rken Sie Ihre Angebote und Dienstleistungen und motivieren mehr Benutzer zum Kauf<\/b><\/p> <\/div> <div class=\"application-platform-content-item-features application-platform-content-item\" id=\"features\" data-nav-section=\"features\"> <h2>Sehen Sie sich die Liste der leistungsst\u00e4rksten Funktionen an: <\/h2> <ul><li>Bilder und Videos hochladen. <\/li><li>F\u00fcgen Sie Links, Ihre E-Mail-Adresse oder Telefonnummer hinzu. <\/li><li>F\u00fcgen Sie Titel und Text hinzu. <\/li><li>Erstellen Sie Ihren CTA-Button. <\/li><li>Lassen Sie die Schaltfl\u00e4che ausgef\u00fcllt oder umrandet sein. <\/li><\/ul><p><a href=\"#demo\">Probieren Sie einfach diese Demo aus, um einen vollst\u00e4ndigen \u00dcberblick zu erhalten<\/a><\/p> <\/div> <div class=\"application-platform-content-item-installation application-platform-content-item\" id=\"installation\" data-nav-section=\"installation\"> <h2>Wie kann ich meiner Blogger-Site ein Banner hinzuf\u00fcgen? <\/h2> <p>Befolgen Sie einfach die folgenden Richtlinien, um das Widget einzubetten. <\/p> <ol><li><b>Nutzen Sie unseren kostenlosen Konfigurator und beginnen Sie mit der Erstellung Ihres individuellen Widgets. <\/b><br> Bestimmen Sie das ausgew\u00e4hlte Design und die Spezifikationen des Plugins und \u00fcbernehmen Sie die \u00c4nderungen. <\/li> <li><b>Erhalten Sie den einzigartigen Code, der im speziellen Formular auf Elfsight Apps angezeigt wird. <\/b><br> Kopieren Sie direkt nach Abschluss der Einrichtung Ihres Plugins den pers\u00f6nlichen Code im erscheinenden Fenster und speichern Sie ihn f\u00fcr die zuk\u00fcnftige Verwendung. <\/li> <li><b>Erste Schritte mit der Verwendung des Widgets auf der Plattform-Website. <\/b><br> Implementieren Sie den Code, den Sie k\u00fcrzlich kopiert haben, in Ihre Homepage und \u00fcbernehmen Sie die \u00c4nderungen. <\/li> <li><b>Das Setup wurde erfolgreich beendet. <\/b><br> Besuchen Sie Ihre Website, um die Funktionsweise des Plugins anzuzeigen. <\/li><\/ol> <p>Z\u00f6gern Sie nicht, sich an unser Support-Team zu wenden, wenn Sie mit Fragen oder Hindernissen konfrontiert werden. Unsere Mitarbeiter sind bestrebt, alle Probleme zu l\u00f6sen, die Sie m\u00f6glicherweise mit dem Produkt haben. <\/p> <div class=\"faq\" data-component=\"FAQ\"> <div class=\"faq-item\">\r\n\t\t\t\t\t<div class=\"faq-item-question\">\r\n\t\t\t\t\t\t<h3 class=\"faq-item-question-text\">Wie kann ich ohne Programmierkenntnisse Banner zu meiner Blogger-Website hinzuf\u00fcgen?<\/h3>\r\n\r\n\t\t\t\t\t\t<div class=\"faq-item-question-icon\"><\/div>\r\n\t\t\t\t\t<\/div>\r\n\r\n\t\t\t\t\t<div class=\"faq-item-answer\">\r\n\t\t\t\t\t\t<div class=\"faq-item-answer-text\"> <p>Elfsight bietet eine SaaS-L\u00f6sung, mit der Sie selbst ein Banner-Widget erstellen k\u00f6nnen. Sehen Sie, wie einfach der Vorgang ist : Arbeiten Sie direkt im Online-Editor, um ein Banner-Widget zu erstellen, das Sie auf Ihrer Blogger-Website sehen m\u00f6chten. W\u00e4hlen Sie eine der vorgefertigten Vorlagen aus und passen Sie die Bannereinstellungen an, f\u00fcgen Sie Ihre Inhalte hinzu, \u00e4ndern Sie das Layout und das Farbschema ohne Programmierkenntnisse. Speichern Sie das Banner und kopieren Sie seinen Installationscode, den Sie m\u00fchelos in Ihre Blogger-Website integrieren k\u00f6nnen, ohne einen kostenpflichtigen Plan zu kaufen. Mit unserem intuitiven Editor kann jeder Internetnutzer online ein Banner-Widget erstellen und es einfach in seine Blogger-Website einbetten. Sie m\u00fcssen weder bezahlen noch Ihre Kartendaten eingeben, um auf den Service zuzugreifen. Sollten bei irgendeinem Schritt Probleme auftreten, wenden Sie sich bitte an unser technisches Support-Team.<\/p> <\/div>\r\n\t\t\t\t\t<\/div>\r\n\t\t\t\t<\/div> <\/div> <\/div>","protected":false},"excerpt":{"rendered":"","protected":false},"author":9,"featured_media":0,"parent":4128,"menu_order":0,"comment_status":"closed","ping_status":"closed","template":"templates\/template-application-platform.php","meta":{"publish_to_discourse":"","publish_post_category":"","wpdc_auto_publish_overridden":"","wpdc_topic_tags":"","wpdc_pin_topic":"","wpdc_pin_until":"","discourse_post_id":"","discourse_permalink":"","wpdc_publishing_response":"","wpdc_publishing_error":"","footnotes":""},"class_list":["post-8106","page","type-page","status-publish","hentry"],"yoast_head":"<!-- This site is optimized with the Yoast SEO plugin v25.3.1 - https:\/\/yoast.com\/wordpress\/plugins\/seo\/ -->\n<title>F\u00fcgen Sie ein Banner-Widget zur Blogger-Website hinzu. Schnell und kostenlos (2025)<\/title>\n<meta name=\"description\" content=\"Integrieren Sie ein benutzerfreundliches Blogger-Banner-Plugin auf der Website. Nutzen Sie die Elfsight-Demo und modifizieren Sie Ihr atemberaubendes Banner in wenigen Minuten\" \/>\n<meta name=\"robots\" content=\"index, follow, max-snippet:-1, max-image-preview:large, max-video-preview:-1\" \/>\n<link rel=\"canonical\" href=\"https:\/\/elfsight.com\/de\/banner-widget\/blogger\/\" \/>\n<meta property=\"og:locale\" content=\"de_DE\" \/>\n<meta property=\"og:type\" content=\"article\" \/>\n<meta property=\"og:title\" content=\"F\u00fcgen Sie ein Banner-Widget zur Blogger-Website hinzu. Schnell und kostenlos (2025)\" \/>\n<meta property=\"og:description\" content=\"Integrieren Sie ein benutzerfreundliches Blogger-Banner-Plugin auf der Website. Nutzen Sie die Elfsight-Demo und modifizieren Sie Ihr atemberaubendes Banner in wenigen Minuten\" \/>\n<meta property=\"og:url\" content=\"https:\/\/elfsight.com\/de\/banner-widget\/blogger\/\" \/>\n<meta property=\"og:site_name\" content=\"Elfsight DE\" \/>\n<meta property=\"article:modified_time\" content=\"2025-07-08T10:11:59+00:00\" \/>\n<meta name=\"twitter:card\" content=\"summary_large_image\" \/>\n<meta name=\"twitter:label1\" content=\"Gesch\u00e4tzte Lesezeit\" \/>\n\t<meta name=\"twitter:data1\" content=\"3\u00a0Minuten\" \/>\n<!-- \/ Yoast SEO plugin. -->","yoast_head_json":{"title":"F\u00fcgen Sie ein Banner-Widget zur Blogger-Website hinzu. Schnell und kostenlos (2025)","description":"Integrieren Sie ein benutzerfreundliches Blogger-Banner-Plugin auf der Website. Nutzen Sie die Elfsight-Demo und modifizieren Sie Ihr atemberaubendes Banner in wenigen Minuten","robots":{"index":"index","follow":"follow","max-snippet":"max-snippet:-1","max-image-preview":"max-image-preview:large","max-video-preview":"max-video-preview:-1"},"canonical":"https:\/\/elfsight.com\/de\/banner-widget\/blogger\/","og_locale":"de_DE","og_type":"article","og_title":"F\u00fcgen Sie ein Banner-Widget zur Blogger-Website hinzu. Schnell und kostenlos (2025)","og_description":"Integrieren Sie ein benutzerfreundliches Blogger-Banner-Plugin auf der Website. Nutzen Sie die Elfsight-Demo und modifizieren Sie Ihr atemberaubendes Banner in wenigen Minuten","og_url":"https:\/\/elfsight.com\/de\/banner-widget\/blogger\/","og_site_name":"Elfsight DE","article_modified_time":"2025-07-08T10:11:59+00:00","twitter_card":"summary_large_image","twitter_misc":{"Gesch\u00e4tzte Lesezeit":"3\u00a0Minuten"},"schema":{"@context":"https:\/\/schema.org","@graph":[{"@type":"WebPage","@id":"https:\/\/elfsight.com\/de\/banner-widget\/blogger\/","url":"https:\/\/elfsight.com\/de\/banner-widget\/blogger\/","name":"F\u00fcgen Sie ein Banner-Widget zur Blogger-Website hinzu. Schnell und kostenlos (2025)","isPartOf":{"@id":"https:\/\/elfsight.com\/de\/#website"},"datePublished":"2024-05-03T06:30:04+00:00","dateModified":"2025-07-08T10:11:59+00:00","description":"Integrieren Sie ein benutzerfreundliches Blogger-Banner-Plugin auf der Website. Nutzen Sie die Elfsight-Demo und modifizieren Sie Ihr atemberaubendes Banner in wenigen Minuten","breadcrumb":{"@id":"https:\/\/elfsight.com\/de\/banner-widget\/blogger\/#breadcrumb"},"inLanguage":"de","potentialAction":[{"@type":"ReadAction","target":["https:\/\/elfsight.com\/de\/banner-widget\/blogger\/"]}]},{"@type":"BreadcrumbList","@id":"https:\/\/elfsight.com\/de\/banner-widget\/blogger\/#breadcrumb","itemListElement":[{"@type":"ListItem","position":1,"name":"Home","item":"https:\/\/elfsight.com\/de\/"},{"@type":"ListItem","position":2,"name":"Banner","item":"https:\/\/elfsight.com\/de\/banner-widget\/"},{"@type":"ListItem","position":3,"name":"Banner &#8211; Blogger"}]},{"@type":"WebSite","@id":"https:\/\/elfsight.com\/de\/#website","url":"https:\/\/elfsight.com\/de\/","name":"Elfsight DE","description":"Just another Elfsight Sites site","potentialAction":[{"@type":"SearchAction","target":{"@type":"EntryPoint","urlTemplate":"https:\/\/elfsight.com\/de\/?s={search_term_string}"},"query-input":{"@type":"PropertyValueSpecification","valueRequired":true,"valueName":"search_term_string"}}],"inLanguage":"de"}]}},"meta_box":{"industry":"","seo_heading":"","heading":"","description":"","cta_heading":"","cta_description":"","application":"4127","h1":"Blogger-Banner-Widget","h1_caption":"Zeigen Sie anpassbare Banner auf Ihrer Website an, um Angebote zu bewerben, Veranstaltungen anzuk\u00fcndigen oder die Aufmerksamkeit auf wichtige Inhalte auf Ihrer Blogger-Website zu lenken.","application_category":[],"applications_title":"","applications_request_title":"","applications_request_button_text":"","hero_text":"","hero_video":"","hero_video_schema_markup":"","selling_points_title":"","selling_points_caption":"","selling_points":[],"selling_points_cta_text":"","features_title":"","features":"","ed_cta_examples_text":"","ed_cta_examples_hidden":"","ed_cta_demo_text":"","ed_cta_demo_hidden":"","why_caption":"","why_editor_title":"","why_editor_text":"","why_team_title":"","why_team_text":"","why_service_title":"","why_service_text":"","template_catalog_visible":"","template_catalog_title":"","template_catalog_text":"","template_catalog_categories_visible":"","demo_title":"Erstellen Sie Ihr Banner-Widget","demo_caption":"Konfigurieren Sie Ihr Banner und f\u00fcgen Sie es kostenlos zu Ihrer Blogger-Website hinzu!","default_faq_hidden":"","app_template_category":[],"platform":"262","template_public_id":"","codecanyon_url":"","codecanyon_item_id":"","codecanyon_price":"","pricing_caption":"","pricing_elfsight_apps_hide_column":"","pricing_elfsight_apps_url":"","pricing_codecanyon_price_caption":"","integration_category":[],"integration_request_title":"","integration_request_cta":"","integration_platform":"","integrations":[],"platform_category":[],"video_schema_markup":"","price":"ab 0 $ \/ Monat","trial":"","benefits":[{"text":"Kostenlose Installationshilfe"},{"text":"Professioneller Kundenservice"},{"text":"14-t\u00e4gige Geld-zur\u00fcck-Garantie"},{"text":"Fortlaufende Entwicklung"}],"button_url":"#demo","button_target_blank":"","button_nofollow":"","attributes":[{"name":"Installiert","content":"10,000 - 100,000"},{"name":"Reaktionsfreudig","content":"Ja"},{"name":"Kompatible Browser","content":"Firefox, Safari, Opera, Chrome, Edge"}],"tags":[],"tags_disable_links":"","hide_more_platforms":"","video_object":"","demo_hide_cta":"","demo_hide_cloud_options":"","pricing_title":"","pricing":[{"pricing_icon":"platform","pricing_title":"Elfsight Apps","pricing_title_caption":"Plattformunabh\u00e4ngige digitale L\u00f6sung","pricing_price":"ab 0 $ \/ Monat","pricing_price_caption":"Beginnen Sie mit einem kostenlosen Plan","pricing_benefits":[{"text":"Unbegrenzte Websites"},{"text":"Professionelle Kundenbetreuung und gut dokumentiert"},{"text":"Kostenlose Installationsunterst\u00fctzung"},{"text":"Flexibles Design"}],"pricing_button_text":"Zur Website hinzuf\u00fcgen","pricing_button_url":"#demo"}],"related_apps_title":"","related_apps_hidden":"","author":"","image":[],"title":"","job":"","social_networks":[]},"_links":{"self":[{"href":"https:\/\/elfsight.com\/de\/wp-json\/wp\/v2\/pages\/8106","targetHints":{"allow":["GET"]}}],"collection":[{"href":"https:\/\/elfsight.com\/de\/wp-json\/wp\/v2\/pages"}],"about":[{"href":"https:\/\/elfsight.com\/de\/wp-json\/wp\/v2\/types\/page"}],"author":[{"embeddable":true,"href":"https:\/\/elfsight.com\/de\/wp-json\/wp\/v2\/users\/9"}],"replies":[{"embeddable":true,"href":"https:\/\/elfsight.com\/de\/wp-json\/wp\/v2\/comments?post=8106"}],"version-history":[{"count":2,"href":"https:\/\/elfsight.com\/de\/wp-json\/wp\/v2\/pages\/8106\/revisions"}],"predecessor-version":[{"id":21319,"href":"https:\/\/elfsight.com\/de\/wp-json\/wp\/v2\/pages\/8106\/revisions\/21319"}],"up":[{"embeddable":true,"href":"https:\/\/elfsight.com\/de\/wp-json\/wp\/v2\/pages\/4128"}],"wp:attachment":[{"href":"https:\/\/elfsight.com\/de\/wp-json\/wp\/v2\/media?parent=8106"}],"curies":[{"name":"wp","href":"https:\/\/api.w.org\/{rel}","templated":true}]}}