{"id":81,"date":"2020-01-31T12:33:37","date_gmt":"2020-01-31T12:33:37","guid":{"rendered":"https:\/\/elfsight.com\/de\/?page_id=81"},"modified":"2020-09-23T13:16:49","modified_gmt":"2020-09-23T13:16:49","slug":"examples","status":"publish","type":"page","link":"https:\/\/elfsight.com\/de\/google-reviews-widget\/examples\/","title":{"rendered":"Google Reviews &#8211; Examples"},"content":{"rendered":"\n<div class=\"application-examples-item application-examples-item-loading\">\n                            <div class=\"col-row\">\n                                <div class=\"col-6 col-m-8 col-s-12\"><h3 class=\"application-examples-item-title\">Example 1: Review Request<\/h3><div class=\"application-examples-item-description\">Das Widget ist in den Originalfarben von Google. Hier ist eine informative und funktionale Das Header zeigt die Gesamtbewertung der Seite und die Anzahl der Befragten mit den Fotos der neuesten. Alle Elemente sind anklickbar. Der Bewertungen Frage Button bietet die M\u00f6glichkeit, eine neue Bewertung abgeben. Die blaue Schaltfl\u00e4che \u201eJa\u201c unter der Frage zieht Benutzer an.<\/div><\/div>\n                <\/div>\n\n                <div class=\"application-examples-item-iframe-container browser-frame\">\n                    <div class=\"application-examples-item-iframe-wrapper\">\n                        <iframe class=\"application-examples-item-iframe\" data-src=\"https:\/\/elfsight.com\/examples?widget_id=d0db87f8-16cf-40b1-a610-e9d47894089d&padding=28px+40px+40px\" width=\"100%\" allow=\"autoplay; fullscreen\"><\/iframe>\n                    <\/div>\n\n                    <div class=\"application-examples-item-loader\"><\/div>\n                <\/div>\n            <\/div>\n\n<div class=\"application-examples-item application-examples-item-loading\">\n                            <div class=\"col-row\">\n                                <div class=\"col-6 col-m-8 col-s-12\"><h3 class=\"application-examples-item-title\">Example 2: List<\/h3><div class=\"application-examples-item-description\">Mit unserem Widget k\u00f6nnen Sie Bewertungen als Liste in eine Webseite einbetten. Sie k\u00f6nnen die Anzahl der Bewertungen auf Ihrer Seite festlegen. You can set the number of the reviews on your page. Mit der Schaltfl\u00e4che \u201eMehr laden\u201c k\u00f6nnen Sie den n\u00e4chsten Teil Ihrer Kundenkommentare anzeigen.<\/div><\/div>\n                <\/div>\n\n                <div class=\"application-examples-item-iframe-container browser-frame\">\n                    <div class=\"application-examples-item-iframe-wrapper\">\n                        <iframe class=\"application-examples-item-iframe\" data-src=\"https:\/\/elfsight.com\/examples?widget_id=17b9969d-36c0-4942-89a8-867cfbb09e76&padding=28px+40px+40px\" width=\"100%\" allow=\"autoplay; fullscreen\"><\/iframe>\n                    <\/div>\n\n                    <div class=\"application-examples-item-loader\"><\/div>\n                <\/div>\n            <\/div>\n \n<div class=\"application-examples-item application-examples-item-loading\">\n                            <div class=\"col-row\">\n                                <div class=\"col-6 col-m-8 col-s-12\"><h3 class=\"application-examples-item-title\">Example 3: Masonry<\/h3><div class=\"application-examples-item-description\">Das Grid der Bewertungen wird als Mauerwerk Struktur angezeigt. Das Widget organisiert die Bewertungen in der bestm\u00f6glichen Reihenfolge entsprechend der H\u00f6he. Die individuelle Auswahl von Farben des Widget-Look absolut einzigartig. Das Sterne Ranking der Rezensionen ist hier, um eine hohe Kundenbewertung zu zeigen.<\/div><\/div>\n                <\/div>\n\n                <div class=\"application-examples-item-iframe-container browser-frame\">\n                    <div class=\"application-examples-item-iframe-wrapper\">\n                        <iframe class=\"application-examples-item-iframe\" data-src=\"https:\/\/elfsight.com\/examples?widget_id=bacb6f6d-220d-4ac0-a8f2-fc0281fd13c6&padding=28px+40px+40px\" width=\"100%\" allow=\"autoplay; fullscreen\"><\/iframe>\n                    <\/div>\n\n                    <div class=\"application-examples-item-loader\"><\/div>\n                <\/div>\n            <\/div>\n\n<div class=\"application-examples-item application-examples-item-loading\">\n                            <div class=\"col-row\">\n                                <div class=\"col-6 col-m-8 col-s-12\"><h3 class=\"application-examples-item-title\">Example 4: Grid<\/h3><div class=\"application-examples-item-description\">Die Kombination von Grid-Layout und Spotlight Bewertung Vorlage organisiert Ihre Bewertungen in gut strukturierte Weise.Gerade Linien und zentriert ausgerichtete Texte ziehen die Aufmerksamkeit der Benutzer auf sich.<\/div><\/div>\n                <\/div>\n\n                <div class=\"application-examples-item-iframe-container browser-frame\">\n                    <div class=\"application-examples-item-iframe-wrapper\">\n                        <iframe class=\"application-examples-item-iframe\" data-src=\"https:\/\/elfsight.com\/examples?widget_id=9571cb08-ed59-466a-8ceb-ad740f92deb1&padding=28px+40px+40px\" width=\"100%\" allow=\"autoplay; fullscreen\"><\/iframe>\n                    <\/div>\n\n                    <div class=\"application-examples-item-loader\"><\/div>\n                <\/div>\n            <\/div>\n\n<div class=\"application-examples-item application-examples-item-loading\">\n                            <div class=\"col-row\">\n                                <div class=\"col-6 col-m-8 col-s-12\"><h3 class=\"application-examples-item-title\">Example 5: Carousel<\/h3><div class=\"application-examples-item-description\">Dieses Widget im Slider-Layout zeigt die Bewertungen in einem aktiven Karussell mit Autoplay-Modus an. Dies ist eine gro\u00dfe Variante, zum Beispiel f\u00fcr die Homepage. Das Slider-Layout bietet Navigationssteuerung: Pfeil,Ziehen oder Paginierung. Sie k\u00f6nnen auch entscheiden, wie viele Bewertungen auf jeder Folie angezeigt.<\/div><\/div>\n                <\/div>\n\n                <div class=\"application-examples-item-iframe-container browser-frame\">\n                    <div class=\"application-examples-item-iframe-wrapper\">\n                        <iframe class=\"application-examples-item-iframe\" data-src=\"https:\/\/elfsight.com\/examples?widget_id=5a34be40-2b67-4b1e-944f-6fd63a8dafbb&padding=28px+40px+40px\" width=\"100%\" allow=\"autoplay; fullscreen\"><\/iframe>\n                    <\/div>\n\n                    <div class=\"application-examples-item-loader\"><\/div>\n                <\/div>\n            <\/div>\n\n<div class=\"application-examples-item application-examples-item-loading\">\n                            <div class=\"col-row\">\n                                <div class=\"col-6 col-m-8 col-s-12\"><h3 class=\"application-examples-item-title\">Example 6: Slider<\/h3><div class=\"application-examples-item-description\">Ihre Bewertungen werden angezeigt, indem man die Aufmerksamkeit der Nutzer akzentuiert. \nIn diesem Widget ordnen Sie die Elemente in der Spotlight-Vorlage auf praktische Weise an: Das Bild und die Bewertung des Autors befinden sich \u00fcber dem Bewertungstext, wobei alle Elemente zentriert sind. Andere Kommentare k\u00f6nnen durch Ziehen oder Klicken auf die Pfeile angezeigt werden.<\/div><\/div>\n                <\/div>\n\n                <div class=\"application-examples-item-iframe-container browser-frame\">\n                    <div class=\"application-examples-item-iframe-wrapper\">\n                        <iframe class=\"application-examples-item-iframe\" data-src=\"https:\/\/elfsight.com\/examples?widget_id=2213b80a-ff94-4a7b-9e71-d4fafe46dbea&padding=28px+40px+40px\" width=\"100%\" allow=\"autoplay; fullscreen\"><\/iframe>\n                    <\/div>\n\n                    <div class=\"application-examples-item-loader\"><\/div>\n                <\/div>\n            <\/div>  \n\n<div class=\"application-examples-item application-examples-item-loading\">\n                            <div class=\"col-row\">\n                                <div class=\"col-6 col-m-8 col-s-12\"><h3 class=\"application-examples-item-title\">Example 7: Sidebar<\/h3><div class=\"application-examples-item-description\">Schauen Sie sich dieses Beispiel an, wie Sie ein Bewertungs-Widget in eine Website mit sehr wenig Platz einf\u00fcgen k\u00f6nnen. Das Widget enth\u00e4lt keine zus\u00e4tzlichen Elemente, nur die wichtigen Funktionen.<\/div><\/div>\n                <\/div>\n\n                <div class=\"application-examples-item-iframe-container browser-frame\">\n                    <div class=\"application-examples-item-iframe-wrapper\">\n                        <iframe class=\"application-examples-item-iframe\" data-src=\"https:\/\/elfsight.com\/examples?widget_id=2928e648-d2ef-411e-9720-4ee635a6ce27&padding=28px+40px+40px\" width=\"100%\" allow=\"autoplay; fullscreen\"><\/iframe>\n                    <\/div>\n\n                    <div class=\"application-examples-item-loader\"><\/div>\n                <\/div>\n            <\/div>\n","protected":false},"excerpt":{"rendered":"","protected":false},"author":11,"featured_media":0,"parent":69,"menu_order":0,"comment_status":"closed","ping_status":"closed","template":"templates\/template-application-examples.php","meta":{"publish_to_discourse":"","publish_post_category":"","wpdc_auto_publish_overridden":"","wpdc_topic_tags":"","wpdc_pin_topic":"","wpdc_pin_until":"","discourse_post_id":"","discourse_permalink":"","wpdc_publishing_response":"","wpdc_publishing_error":"","footnotes":""},"class_list":["post-81","page","type-page","status-publish","hentry"],"yoast_head":"<!-- This site is optimized with the Yoast SEO plugin v25.3.1 - https:\/\/yoast.com\/wordpress\/plugins\/seo\/ -->\n<title>Beispiele wie Google Bewertungen in Website integrieren<\/title>\n<meta name=\"description\" content=\"TOP Beispiele des Elfsight Google Bewertungen Plugins: wie Google Business Rezensionen auf Webseite einbinden schnelle and kostenlos\" \/>\n<meta name=\"robots\" content=\"index, follow, max-snippet:-1, max-image-preview:large, max-video-preview:-1\" \/>\n<link rel=\"canonical\" href=\"https:\/\/elfsight.com\/de\/google-reviews-widget\/examples\/\" \/>\n<meta property=\"og:locale\" content=\"de_DE\" \/>\n<meta property=\"og:type\" content=\"article\" \/>\n<meta property=\"og:title\" content=\"Beispiele wie Google Bewertungen in Website integrieren\" \/>\n<meta property=\"og:description\" content=\"TOP Beispiele des Elfsight Google Bewertungen Plugins: wie Google Business Rezensionen auf Webseite einbinden schnelle and kostenlos\" \/>\n<meta property=\"og:url\" content=\"https:\/\/elfsight.com\/de\/google-reviews-widget\/examples\/\" \/>\n<meta property=\"og:site_name\" content=\"Elfsight DE\" \/>\n<meta property=\"article:modified_time\" content=\"2020-09-23T13:16:49+00:00\" \/>\n<meta name=\"twitter:card\" content=\"summary_large_image\" \/>\n<meta name=\"twitter:label1\" content=\"Gesch\u00e4tzte Lesezeit\" \/>\n\t<meta name=\"twitter:data1\" content=\"3\u00a0Minuten\" \/>\n<!-- \/ Yoast SEO plugin. -->","yoast_head_json":{"title":"Beispiele wie Google Bewertungen in Website integrieren","description":"TOP Beispiele des Elfsight Google Bewertungen Plugins: wie Google Business Rezensionen auf Webseite einbinden schnelle and kostenlos","robots":{"index":"index","follow":"follow","max-snippet":"max-snippet:-1","max-image-preview":"max-image-preview:large","max-video-preview":"max-video-preview:-1"},"canonical":"https:\/\/elfsight.com\/de\/google-reviews-widget\/examples\/","og_locale":"de_DE","og_type":"article","og_title":"Beispiele wie Google Bewertungen in Website integrieren","og_description":"TOP Beispiele des Elfsight Google Bewertungen Plugins: wie Google Business Rezensionen auf Webseite einbinden schnelle and kostenlos","og_url":"https:\/\/elfsight.com\/de\/google-reviews-widget\/examples\/","og_site_name":"Elfsight DE","article_modified_time":"2020-09-23T13:16:49+00:00","twitter_card":"summary_large_image","twitter_misc":{"Gesch\u00e4tzte Lesezeit":"3\u00a0Minuten"},"schema":{"@context":"https:\/\/schema.org","@graph":[{"@type":"WebPage","@id":"https:\/\/elfsight.com\/de\/google-reviews-widget\/examples\/","url":"https:\/\/elfsight.com\/de\/google-reviews-widget\/examples\/","name":"Beispiele wie Google Bewertungen in Website integrieren","isPartOf":{"@id":"https:\/\/elfsight.com\/de\/#website"},"datePublished":"2020-01-31T12:33:37+00:00","dateModified":"2020-09-23T13:16:49+00:00","description":"TOP Beispiele des Elfsight Google Bewertungen Plugins: wie Google Business Rezensionen auf Webseite einbinden schnelle and kostenlos","breadcrumb":{"@id":"https:\/\/elfsight.com\/de\/google-reviews-widget\/examples\/#breadcrumb"},"inLanguage":"de","potentialAction":[{"@type":"ReadAction","target":["https:\/\/elfsight.com\/de\/google-reviews-widget\/examples\/"]}]},{"@type":"BreadcrumbList","@id":"https:\/\/elfsight.com\/de\/google-reviews-widget\/examples\/#breadcrumb","itemListElement":[{"@type":"ListItem","position":1,"name":"Home","item":"https:\/\/elfsight.com\/de\/"},{"@type":"ListItem","position":2,"name":"Google Reviews","item":"https:\/\/elfsight.com\/de\/google-reviews-widget\/"},{"@type":"ListItem","position":3,"name":"Google Reviews &#8211; Examples"}]},{"@type":"WebSite","@id":"https:\/\/elfsight.com\/de\/#website","url":"https:\/\/elfsight.com\/de\/","name":"Elfsight DE","description":"Just another Elfsight Sites site","potentialAction":[{"@type":"SearchAction","target":{"@type":"EntryPoint","urlTemplate":"https:\/\/elfsight.com\/de\/?s={search_term_string}"},"query-input":{"@type":"PropertyValueSpecification","valueRequired":true,"valueName":"search_term_string"}}],"inLanguage":"de"}]}},"meta_box":{"industry":"","seo_heading":"","heading":"","description":"","cta_heading":"","cta_description":"","application":"60","h1":"Google Bewertungen Beispiele","h1_caption":"","application_category":[],"applications_title":"","applications_request_title":"","applications_request_button_text":"","hero_text":"","hero_video":"","hero_video_schema_markup":"","selling_points_title":"","selling_points_caption":"","selling_points":[],"selling_points_cta_text":"","features_title":"","features":"","ed_cta_examples_text":"","ed_cta_examples_hidden":"","ed_cta_demo_text":"","ed_cta_demo_hidden":"","why_caption":"","why_editor_title":"","why_editor_text":"","why_team_title":"","why_team_text":"","why_service_title":"","why_service_text":"","template_catalog_visible":"","template_catalog_title":"","template_catalog_text":"","template_catalog_categories_visible":"","demo_title":"","demo_caption":"","default_faq_hidden":"","app_template_category":[],"platform":"","template_public_id":"","codecanyon_url":"","codecanyon_item_id":"","codecanyon_price":"","pricing_caption":"","pricing_elfsight_apps_hide_column":"","pricing_elfsight_apps_url":"","pricing_codecanyon_price_caption":"","integration_category":[],"integration_request_title":"","integration_request_cta":"","integration_platform":"","integrations":[],"platform_category":[],"video_schema_markup":"","price":"","trial":"","benefits":[],"button_url":"","button_target_blank":"","button_nofollow":"","attributes":[],"tags":[],"tags_disable_links":"","hide_more_platforms":"","video_object":"","demo_hide_cta":"","demo_hide_cloud_options":"","pricing_title":"","pricing":[],"related_apps_title":"","related_apps_hidden":"","author":"","image":[],"title":"","job":"","social_networks":[]},"_links":{"self":[{"href":"https:\/\/elfsight.com\/de\/wp-json\/wp\/v2\/pages\/81","targetHints":{"allow":["GET"]}}],"collection":[{"href":"https:\/\/elfsight.com\/de\/wp-json\/wp\/v2\/pages"}],"about":[{"href":"https:\/\/elfsight.com\/de\/wp-json\/wp\/v2\/types\/page"}],"author":[{"embeddable":true,"href":"https:\/\/elfsight.com\/de\/wp-json\/wp\/v2\/users\/11"}],"replies":[{"embeddable":true,"href":"https:\/\/elfsight.com\/de\/wp-json\/wp\/v2\/comments?post=81"}],"version-history":[{"count":2,"href":"https:\/\/elfsight.com\/de\/wp-json\/wp\/v2\/pages\/81\/revisions"}],"predecessor-version":[{"id":83,"href":"https:\/\/elfsight.com\/de\/wp-json\/wp\/v2\/pages\/81\/revisions\/83"}],"up":[{"embeddable":true,"href":"https:\/\/elfsight.com\/de\/wp-json\/wp\/v2\/pages\/69"}],"wp:attachment":[{"href":"https:\/\/elfsight.com\/de\/wp-json\/wp\/v2\/media?parent=81"}],"curies":[{"name":"wp","href":"https:\/\/api.w.org\/{rel}","templated":true}]}}