{"id":8098,"date":"2024-05-03T06:30:00","date_gmt":"2024-05-03T06:30:00","guid":{"rendered":"https:\/\/elfsight.com\/de\/?page_id=8098"},"modified":"2025-07-08T10:12:17","modified_gmt":"2025-07-08T10:12:17","slug":"facebook","status":"publish","type":"page","link":"https:\/\/elfsight.com\/de\/banner-widget\/facebook\/","title":{"rendered":"Banner &#8211; Facebook Page"},"content":{"rendered":"<div class=\"application-platform-content-item-description application-platform-content-item\" id=\"description\" data-nav-section=\"description\"> <h2>Beschreibung<\/h2> <p>Das Elfsight-Banner-Widget f\u00fcr die Facebook-Seite ist eine hochgradig anpassbare Funktion. Derzeit haben Sie die M\u00f6glichkeit, f\u00fcr fast jedes Ziel ein Werbebanner zu erstellen. Sie m\u00fcssen lediglich ein Hintergrundbild und die Art des Hintergrunds ausw\u00e4hlen, seine Position festlegen und den Titel und Text anh\u00e4ngen. Denken Sie daran, einen Call-to-Action-Button anzubringen \u2013 ein wesentlicher Bestandteil jedes Banners. Und nat\u00fcrlich k\u00f6nnen Sie das Gesamtdesign des Widgets ganz nach Ihren W\u00fcnschen anpassen. <\/p> <p><b>Mithilfe des attraktiven Banners auf Ihren Website-Seiten steigern Sie Ihre Produkte und Dienstleistungen und motivieren so mehr Website-Benutzer zum Kauf.<\/b><\/p> <\/div> <div class=\"application-platform-content-item-features application-platform-content-item\" id=\"features\" data-nav-section=\"features\"> <h2>Hier finden Sie die Grundfunktionen des Widgets: <\/h2> <ul><li>Fotos und Videos hochladen. <\/li><li>F\u00fcgen Sie Links, Ihre E-Mail-Adresse oder Telefonnummer hinzu<\/li><li>F\u00fcgen Sie Titel und Text hinzu. <\/li><li>Erstellen Sie Ihren CTA-Button. <\/li><li>Lassen Sie Ihren Button ausgef\u00fcllt oder umrandet sein. <\/li><\/ul><p><a href=\"#demo\">Sie k\u00f6nnen \u00fcberpr\u00fcfen, ob das Widget die M\u00f6glichkeit bietet, die Demo auszuprobieren<\/a><\/p> <\/div> <div class=\"application-platform-content-item-installation application-platform-content-item\" id=\"installation\" data-nav-section=\"installation\"> <h2>Wie bette ich ein Banner in die Website meiner Facebook-Seite ein? <\/h2> <p>F\u00fchren Sie einfach die folgenden Richtlinien aus, um das Widget zu integrieren. <\/p> <ol><li><b>F\u00fchren Sie unsere kostenlose Demo durch und beginnen Sie mit der Erstellung Ihres ma\u00dfgeschneiderten Widgets. <\/b><br> W\u00e4hlen Sie die benutzerdefinierte Benutzeroberfl\u00e4che und die Eigenschaften des Tools aus und wenden Sie die \u00c4nderungen an. <\/li> <li><b>Lassen Sie sich Ihren pers\u00f6nlichen Code im speziellen Formular auf Elfsight Apps anzeigen. <\/b><br> Nachdem die Einrichtung Ihres Plugins abgeschlossen ist, kopieren Sie den exklusiven Code aus dem angezeigten Feld und speichern Sie ihn f\u00fcr sp\u00e4tere Gelegenheiten. <\/li> <li><b>Erste Schritte mit der Verwendung des Widgets auf der Facebook-Seitenseite. <\/b><br> Betten Sie den k\u00fcrzlich gespeicherten Code in Ihre Seite ein und wenden Sie die Korrekturen an. <\/li> <li><b>Die Installation wurde erfolgreich abgeschlossen. <\/b><br> Gehen Sie zu Ihrer Seite, um die Leistung des Widgets zu \u00fcberpr\u00fcfen. <\/li><\/ol> <p>Wenn Sie Fragen oder Probleme haben, z\u00f6gern Sie nicht, sich an unser Support-Team zu wenden. Unsere Berater sind bestrebt, alle Probleme zu l\u00f6sen, die Sie m\u00f6glicherweise mit dem Widget haben. <\/p> <div class=\"faq\" data-component=\"FAQ\"> <div class=\"faq-item\">\r\n\t\t\t\t\t<div class=\"faq-item-question\">\r\n\t\t\t\t\t\t<h3 class=\"faq-item-question-text\">Wie f\u00fcge ich ohne Programmierkenntnisse Banner zu meiner Facebook-Seite hinzu?<\/h3>\r\n\r\n\t\t\t\t\t\t<div class=\"faq-item-question-icon\"><\/div>\r\n\t\t\t\t\t<\/div>\r\n\r\n\t\t\t\t\t<div class=\"faq-item-answer\">\r\n\t\t\t\t\t\t<div class=\"faq-item-answer-text\"> <p>Elfsight bietet eine SaaS-L\u00f6sung, mit der Sie selbst ein Banner-Widget erstellen k\u00f6nnen. Sehen Sie, wie einfach der Vorgang ist : Arbeiten Sie direkt im Online-Editor, um ein Banner-Widget zu erstellen, das Sie auf Ihrer Facebook-Seiten-Website sehen m\u00f6chten. W\u00e4hlen Sie eine der vorgefertigten Vorlagen aus und passen Sie die Bannereinstellungen an, f\u00fcgen Sie Ihre Inhalte hinzu, \u00e4ndern Sie das Layout und das Farbschema ohne Programmierkenntnisse. Speichern Sie das Banner und kopieren Sie seinen Installationscode, den Sie in Ihre Facebook-Seiten-Website einf\u00fcgen k\u00f6nnen, ohne ein kostenpflichtiges Abonnement kaufen zu m\u00fcssen. Mit unserem intuitiven Editor kann jeder Internetnutzer online ein Banner-Widget erstellen und es ganz einfach in seine Facebook-Seite einbetten. Sie m\u00fcssen weder bezahlen noch Ihre Kartendaten eingeben, um auf den Service zuzugreifen. Sollten bei irgendeinem Schritt Probleme auftreten, wenden Sie sich bitte an unser technisches Support-Team.<\/p> <\/div>\r\n\t\t\t\t\t<\/div>\r\n\t\t\t\t<\/div> <\/div> <\/div><p><\/p>","protected":false},"excerpt":{"rendered":"","protected":false},"author":9,"featured_media":0,"parent":4128,"menu_order":0,"comment_status":"closed","ping_status":"closed","template":"templates\/template-application-platform.php","meta":{"publish_to_discourse":"","publish_post_category":"","wpdc_auto_publish_overridden":"","wpdc_topic_tags":"","wpdc_pin_topic":"","wpdc_pin_until":"","discourse_post_id":"","discourse_permalink":"","wpdc_publishing_response":"","wpdc_publishing_error":"","footnotes":""},"class_list":["post-8098","page","type-page","status-publish","hentry"],"yoast_head":"<!-- This site is optimized with the Yoast SEO plugin v25.3.1 - https:\/\/yoast.com\/wordpress\/plugins\/seo\/ -->\n<title>F\u00fcgen Sie ein Banner-Widget zur Facebook-Seiten-Website hinzu. Schnell und kostenlos (2025)<\/title>\n<meta name=\"description\" content=\"Implementieren Sie ein mobilfreundliches Facebook-Seitenbanner-Widget auf Ihrer Website. Probieren Sie die praktische Elfsight-Demo aus und erstellen Sie Ihr Banner in drei Minuten\" \/>\n<meta name=\"robots\" content=\"index, follow, max-snippet:-1, max-image-preview:large, max-video-preview:-1\" \/>\n<link rel=\"canonical\" href=\"https:\/\/elfsight.com\/de\/banner-widget\/facebook\/\" \/>\n<meta property=\"og:locale\" content=\"de_DE\" \/>\n<meta property=\"og:type\" content=\"article\" \/>\n<meta property=\"og:title\" content=\"F\u00fcgen Sie ein Banner-Widget zur Facebook-Seiten-Website hinzu. Schnell und kostenlos (2025)\" \/>\n<meta property=\"og:description\" content=\"Implementieren Sie ein mobilfreundliches Facebook-Seitenbanner-Widget auf Ihrer Website. Probieren Sie die praktische Elfsight-Demo aus und erstellen Sie Ihr Banner in drei Minuten\" \/>\n<meta property=\"og:url\" content=\"https:\/\/elfsight.com\/de\/banner-widget\/facebook\/\" \/>\n<meta property=\"og:site_name\" content=\"Elfsight DE\" \/>\n<meta property=\"article:modified_time\" content=\"2025-07-08T10:12:17+00:00\" \/>\n<meta name=\"twitter:card\" content=\"summary_large_image\" \/>\n<meta name=\"twitter:label1\" content=\"Gesch\u00e4tzte Lesezeit\" \/>\n\t<meta name=\"twitter:data1\" content=\"3\u00a0Minuten\" \/>\n<!-- \/ Yoast SEO plugin. -->","yoast_head_json":{"title":"F\u00fcgen Sie ein Banner-Widget zur Facebook-Seiten-Website hinzu. Schnell und kostenlos (2025)","description":"Implementieren Sie ein mobilfreundliches Facebook-Seitenbanner-Widget auf Ihrer Website. Probieren Sie die praktische Elfsight-Demo aus und erstellen Sie Ihr Banner in drei Minuten","robots":{"index":"index","follow":"follow","max-snippet":"max-snippet:-1","max-image-preview":"max-image-preview:large","max-video-preview":"max-video-preview:-1"},"canonical":"https:\/\/elfsight.com\/de\/banner-widget\/facebook\/","og_locale":"de_DE","og_type":"article","og_title":"F\u00fcgen Sie ein Banner-Widget zur Facebook-Seiten-Website hinzu. Schnell und kostenlos (2025)","og_description":"Implementieren Sie ein mobilfreundliches Facebook-Seitenbanner-Widget auf Ihrer Website. Probieren Sie die praktische Elfsight-Demo aus und erstellen Sie Ihr Banner in drei Minuten","og_url":"https:\/\/elfsight.com\/de\/banner-widget\/facebook\/","og_site_name":"Elfsight DE","article_modified_time":"2025-07-08T10:12:17+00:00","twitter_card":"summary_large_image","twitter_misc":{"Gesch\u00e4tzte Lesezeit":"3\u00a0Minuten"},"schema":{"@context":"https:\/\/schema.org","@graph":[{"@type":"WebPage","@id":"https:\/\/elfsight.com\/de\/banner-widget\/facebook\/","url":"https:\/\/elfsight.com\/de\/banner-widget\/facebook\/","name":"F\u00fcgen Sie ein Banner-Widget zur Facebook-Seiten-Website hinzu. Schnell und kostenlos (2025)","isPartOf":{"@id":"https:\/\/elfsight.com\/de\/#website"},"datePublished":"2024-05-03T06:30:00+00:00","dateModified":"2025-07-08T10:12:17+00:00","description":"Implementieren Sie ein mobilfreundliches Facebook-Seitenbanner-Widget auf Ihrer Website. Probieren Sie die praktische Elfsight-Demo aus und erstellen Sie Ihr Banner in drei Minuten","breadcrumb":{"@id":"https:\/\/elfsight.com\/de\/banner-widget\/facebook\/#breadcrumb"},"inLanguage":"de","potentialAction":[{"@type":"ReadAction","target":["https:\/\/elfsight.com\/de\/banner-widget\/facebook\/"]}]},{"@type":"BreadcrumbList","@id":"https:\/\/elfsight.com\/de\/banner-widget\/facebook\/#breadcrumb","itemListElement":[{"@type":"ListItem","position":1,"name":"Home","item":"https:\/\/elfsight.com\/de\/"},{"@type":"ListItem","position":2,"name":"Banner","item":"https:\/\/elfsight.com\/de\/banner-widget\/"},{"@type":"ListItem","position":3,"name":"Banner &#8211; Facebook Page"}]},{"@type":"WebSite","@id":"https:\/\/elfsight.com\/de\/#website","url":"https:\/\/elfsight.com\/de\/","name":"Elfsight DE","description":"Just another Elfsight Sites site","potentialAction":[{"@type":"SearchAction","target":{"@type":"EntryPoint","urlTemplate":"https:\/\/elfsight.com\/de\/?s={search_term_string}"},"query-input":{"@type":"PropertyValueSpecification","valueRequired":true,"valueName":"search_term_string"}}],"inLanguage":"de"}]}},"meta_box":{"industry":"","seo_heading":"","heading":"","description":"","cta_heading":"","cta_description":"","application":"4127","h1":"Facebook-Seitenbanner-Widget","h1_caption":"Zeigen Sie anpassbare Banner auf Ihrer Website an, um Angebote zu bewerben, Veranstaltungen anzuk\u00fcndigen oder die Aufmerksamkeit auf wichtige Inhalte auf Ihrer Facebook-Seite zu lenken.","application_category":[],"applications_title":"","applications_request_title":"","applications_request_button_text":"","hero_text":"","hero_video":"","hero_video_schema_markup":"","selling_points_title":"","selling_points_caption":"","selling_points":[],"selling_points_cta_text":"","features_title":"","features":"","ed_cta_examples_text":"","ed_cta_examples_hidden":"","ed_cta_demo_text":"","ed_cta_demo_hidden":"","why_caption":"","why_editor_title":"","why_editor_text":"","why_team_title":"","why_team_text":"","why_service_title":"","why_service_text":"","template_catalog_visible":"","template_catalog_title":"","template_catalog_text":"","template_catalog_categories_visible":"","demo_title":"Erstellen Sie Ihr Banner-Widget","demo_caption":"Konfigurieren Sie Ihr Banner und f\u00fcgen Sie es kostenlos Ihrer Facebook-Seite hinzu!","default_faq_hidden":"","app_template_category":[],"platform":"216","template_public_id":"","codecanyon_url":"","codecanyon_item_id":"","codecanyon_price":"","pricing_caption":"","pricing_elfsight_apps_hide_column":"","pricing_elfsight_apps_url":"","pricing_codecanyon_price_caption":"","integration_category":[],"integration_request_title":"","integration_request_cta":"","integration_platform":"","integrations":[],"platform_category":[],"video_schema_markup":"","price":"ab 0 $ \/ Monat","trial":"","benefits":[{"text":"Kostenloser Installationsservice"},{"text":"Au\u00dfergew\u00f6hnlicher Support"},{"text":"14-t\u00e4gige Geld-zur\u00fcck-Garantie"},{"text":"Kontinuierliche Updates"}],"button_url":"#demo","button_target_blank":"","button_nofollow":"","attributes":[{"name":"Installiert","content":"10,000 - 100,000"},{"name":"Reaktionsfreudig","content":"Ja"},{"name":"Kompatible Browser","content":"Firefox, Safari, Opera, Chrome, Edge"}],"tags":[],"tags_disable_links":"","hide_more_platforms":"","video_object":"","demo_hide_cta":"","demo_hide_cloud_options":"","pricing_title":"","pricing":[{"pricing_icon":"platform","pricing_title":"Elfsight Apps","pricing_title_caption":"Multiplattform-Version","pricing_price":"ab 0 $ \/ Monat","pricing_price_caption":"Beginnen Sie mit einem kostenlosen Plan","pricing_benefits":[{"text":"Unbegrenzte Websites"},{"text":"Professionelle Unternehmensunterst\u00fctzung und gut dokumentiert"},{"text":"Kostenlose Installationshilfe"},{"text":"100 % anpassbar"}],"pricing_button_text":"Zur Website hinzuf\u00fcgen","pricing_button_url":"#demo"}],"related_apps_title":"","related_apps_hidden":"","author":"","image":[],"title":"","job":"","social_networks":[]},"_links":{"self":[{"href":"https:\/\/elfsight.com\/de\/wp-json\/wp\/v2\/pages\/8098","targetHints":{"allow":["GET"]}}],"collection":[{"href":"https:\/\/elfsight.com\/de\/wp-json\/wp\/v2\/pages"}],"about":[{"href":"https:\/\/elfsight.com\/de\/wp-json\/wp\/v2\/types\/page"}],"author":[{"embeddable":true,"href":"https:\/\/elfsight.com\/de\/wp-json\/wp\/v2\/users\/9"}],"replies":[{"embeddable":true,"href":"https:\/\/elfsight.com\/de\/wp-json\/wp\/v2\/comments?post=8098"}],"version-history":[{"count":2,"href":"https:\/\/elfsight.com\/de\/wp-json\/wp\/v2\/pages\/8098\/revisions"}],"predecessor-version":[{"id":21315,"href":"https:\/\/elfsight.com\/de\/wp-json\/wp\/v2\/pages\/8098\/revisions\/21315"}],"up":[{"embeddable":true,"href":"https:\/\/elfsight.com\/de\/wp-json\/wp\/v2\/pages\/4128"}],"wp:attachment":[{"href":"https:\/\/elfsight.com\/de\/wp-json\/wp\/v2\/media?parent=8098"}],"curies":[{"name":"wp","href":"https:\/\/api.w.org\/{rel}","templated":true}]}}