{"id":8084,"date":"2024-05-03T06:29:54","date_gmt":"2024-05-03T06:29:54","guid":{"rendered":"https:\/\/elfsight.com\/de\/?page_id=8084"},"modified":"2025-07-08T10:13:03","modified_gmt":"2025-07-08T10:13:03","slug":"magento","status":"publish","type":"page","link":"https:\/\/elfsight.com\/de\/banner-widget\/magento\/","title":{"rendered":"Banner &#8211; Magento"},"content":{"rendered":"<div class=\"application-platform-content-item-description application-platform-content-item\" id=\"description\" data-nav-section=\"description\"> <h2>Beschreibung<\/h2> <p>Die Elfsight-Bannererweiterung f\u00fcr Magento ist eine \u00e4u\u00dferst anpassbare Funktion. Derzeit haben Sie die M\u00f6glichkeit, f\u00fcr fast jedes Ziel ein Werbebanner zu erstellen. Sie m\u00fcssen lediglich ein Hintergrundbild und die Art des Hintergrunds ausw\u00e4hlen, seine Position festlegen und den Titel und Text hinzuf\u00fcgen. Denken Sie daran, einen CTA-Button hinzuzuf\u00fcgen \u2013 ein wichtiger Bestandteil jedes Banners. Und nat\u00fcrlich steht es Ihnen frei, das Gesamtdesign des Widgets nach Ihren W\u00fcnschen zu \u00e4ndern. <\/p> <p><b>Mit unserem attraktiven Banner auf Ihrer Website bewerben Sie Ihre Angebote und Dienstleistungen und regen so mehr Nutzer zum Kauf an<\/b><\/p> <\/div> <div class=\"application-platform-content-item-features application-platform-content-item\" id=\"features\" data-nav-section=\"features\"> <h2>Hier sind die Hauptfunktionen der Erweiterung: <\/h2> <ul><li>Bilder und Videos hochladen. <\/li><li>Links, E-Mail oder Telefonnummer anh\u00e4ngen <\/li><li>Titel und Text anh\u00e4ngen. <\/li><li>Erstellen Sie Ihren CTA-Button. <\/li><li>Lassen Sie Ihren Button ausgef\u00fcllt oder umrandet sein. <\/li><\/ul><p><a href=\"#demo\">Testen Sie alle Personalisierungsfunktionen in einer Demo mit vollem Funktionsumfang<\/a><\/p> <\/div> <div class=\"application-platform-content-item-installation application-platform-content-item\" id=\"installation\" data-nav-section=\"installation\"> <h2>Wie bette ich ein Banner in meine Magento-Website ein? <\/h2> <p>Befolgen Sie einfach die unten aufgef\u00fchrten Schritte, um die Erweiterung zu integrieren. <\/p> <ol><li><b>Nutzen Sie unseren kostenlosen Konfigurator und beginnen Sie mit der Erstellung Ihres ma\u00dfgeschneiderten Instruments. <\/b><br> Finden Sie die gew\u00fcnschten Schnittstellen- und Funktionsmerkmale der Erweiterung und speichern Sie die Korrekturen. <\/li> <li><b>Erhalten Sie Ihren einzigartigen Code, der im speziellen Formular auf Elfsight Apps angezeigt wird. <\/b><br> Sobald die Erstellung Ihres pers\u00f6nlichen Widgets abgeschlossen ist, kopieren Sie den pers\u00f6nlichen Code in das entstandene Feld und bewahren Sie ihn f\u00fcr zuk\u00fcnftige Gelegenheiten auf. <\/li> <li><b>Beginnen Sie mit der Verwendung des Plugins auf Ihrer Magento-Website. <\/b><br> F\u00fcgen Sie den Code, den Sie zuvor gespeichert haben, auf Ihrer Homepage hinzu und speichern Sie die \u00c4nderungen. <\/li> <li><b>Die Installation wurde erfolgreich beendet. <\/b><br> Besuchen Sie Ihre Website, um die Funktion des Tools zu \u00fcberpr\u00fcfen. <\/li><\/ol> <p>Wenn Sie Fragen haben oder auf Schwierigkeiten sto\u00dfen, wenden Sie sich bitte an unser Kundendienstteam. Unsere Spezialisten sind bestrebt, alle Probleme zu l\u00f6sen, die Sie m\u00f6glicherweise mit dem Produkt haben. <\/p> <div class=\"faq\" data-component=\"FAQ\"> <div class=\"faq-item\">\r\n\t\t\t\t\t<div class=\"faq-item-question\">\r\n\t\t\t\t\t\t<h3 class=\"faq-item-question-text\">Wie f\u00fcge ich Banner ohne Programmierkenntnisse zu meiner Magento-Website hinzu?<\/h3>\r\n\r\n\t\t\t\t\t\t<div class=\"faq-item-question-icon\"><\/div>\r\n\t\t\t\t\t<\/div>\r\n\r\n\t\t\t\t\t<div class=\"faq-item-answer\">\r\n\t\t\t\t\t\t<div class=\"faq-item-answer-text\"> <p>Elfsight bietet eine SaaS-L\u00f6sung, mit der Sie selbst ein Banner-Widget erstellen k\u00f6nnen. Sehen Sie, wie einfach der Vorgang ist: Arbeiten Sie direkt im Online-Editor, um ein Banner-Widget zu erstellen, das Sie auf Ihrer Magento-Website sehen m\u00f6chten. W\u00e4hlen Sie eine der vorgefertigten Vorlagen aus und passen Sie die Bannereinstellungen an, f\u00fcgen Sie Ihre Inhalte hinzu, \u00e4ndern Sie das Layout und die Farben ohne Programmierkenntnisse. Speichern Sie das Banner und kopieren Sie den Installationscode, den Sie einfach in Ihre Magento-Website einbetten k\u00f6nnen, ohne ein kostenpflichtiges Abonnement erwerben zu m\u00fcssen. Mit unserem intuitiven Editor kann jeder Internetnutzer online ein Banner-Widget erstellen und es einfach in seine Magento-Website einbetten. Sie m\u00fcssen weder bezahlen noch Ihre Kartendaten eingeben, um auf den Service zuzugreifen. Sollten bei irgendeinem Schritt Probleme auftreten, wenden Sie sich bitte an unser technisches Support-Team.<\/p> <\/div>\r\n\t\t\t\t\t<\/div>\r\n\t\t\t\t<\/div> <\/div> <\/div>","protected":false},"excerpt":{"rendered":"","protected":false},"author":9,"featured_media":0,"parent":4128,"menu_order":0,"comment_status":"closed","ping_status":"closed","template":"templates\/template-application-platform.php","meta":{"publish_to_discourse":"","publish_post_category":"","wpdc_auto_publish_overridden":"","wpdc_topic_tags":"","wpdc_pin_topic":"","wpdc_pin_until":"","discourse_post_id":"","discourse_permalink":"","wpdc_publishing_response":"","wpdc_publishing_error":"","footnotes":""},"class_list":["post-8084","page","type-page","status-publish","hentry"],"yoast_head":"<!-- This site is optimized with the Yoast SEO plugin v25.3.1 - https:\/\/yoast.com\/wordpress\/plugins\/seo\/ -->\n<title>F\u00fcgen Sie der Magento-Website eine Banner-Erweiterung hinzu. Schnell und kostenlos (2025)<\/title>\n<meta name=\"description\" content=\"F\u00fcgen Sie der Website eine responsive Magento-Banner-Erweiterung hinzu. Probieren Sie die praktische Elfsight-Demo aus und erstellen Sie in nur wenigen Minuten Ihr stilvolles Banner\" \/>\n<meta name=\"robots\" content=\"index, follow, max-snippet:-1, max-image-preview:large, max-video-preview:-1\" \/>\n<link rel=\"canonical\" href=\"https:\/\/elfsight.com\/de\/banner-widget\/magento\/\" \/>\n<meta property=\"og:locale\" content=\"de_DE\" \/>\n<meta property=\"og:type\" content=\"article\" \/>\n<meta property=\"og:title\" content=\"F\u00fcgen Sie der Magento-Website eine Banner-Erweiterung hinzu. Schnell und kostenlos (2025)\" \/>\n<meta property=\"og:description\" content=\"F\u00fcgen Sie der Website eine responsive Magento-Banner-Erweiterung hinzu. Probieren Sie die praktische Elfsight-Demo aus und erstellen Sie in nur wenigen Minuten Ihr stilvolles Banner\" \/>\n<meta property=\"og:url\" content=\"https:\/\/elfsight.com\/de\/banner-widget\/magento\/\" \/>\n<meta property=\"og:site_name\" content=\"Elfsight DE\" \/>\n<meta property=\"article:modified_time\" content=\"2025-07-08T10:13:03+00:00\" \/>\n<meta name=\"twitter:card\" content=\"summary_large_image\" \/>\n<meta name=\"twitter:label1\" content=\"Gesch\u00e4tzte Lesezeit\" \/>\n\t<meta name=\"twitter:data1\" content=\"3\u00a0Minuten\" \/>\n<!-- \/ Yoast SEO plugin. -->","yoast_head_json":{"title":"F\u00fcgen Sie der Magento-Website eine Banner-Erweiterung hinzu. Schnell und kostenlos (2025)","description":"F\u00fcgen Sie der Website eine responsive Magento-Banner-Erweiterung hinzu. Probieren Sie die praktische Elfsight-Demo aus und erstellen Sie in nur wenigen Minuten Ihr stilvolles Banner","robots":{"index":"index","follow":"follow","max-snippet":"max-snippet:-1","max-image-preview":"max-image-preview:large","max-video-preview":"max-video-preview:-1"},"canonical":"https:\/\/elfsight.com\/de\/banner-widget\/magento\/","og_locale":"de_DE","og_type":"article","og_title":"F\u00fcgen Sie der Magento-Website eine Banner-Erweiterung hinzu. Schnell und kostenlos (2025)","og_description":"F\u00fcgen Sie der Website eine responsive Magento-Banner-Erweiterung hinzu. Probieren Sie die praktische Elfsight-Demo aus und erstellen Sie in nur wenigen Minuten Ihr stilvolles Banner","og_url":"https:\/\/elfsight.com\/de\/banner-widget\/magento\/","og_site_name":"Elfsight DE","article_modified_time":"2025-07-08T10:13:03+00:00","twitter_card":"summary_large_image","twitter_misc":{"Gesch\u00e4tzte Lesezeit":"3\u00a0Minuten"},"schema":{"@context":"https:\/\/schema.org","@graph":[{"@type":"WebPage","@id":"https:\/\/elfsight.com\/de\/banner-widget\/magento\/","url":"https:\/\/elfsight.com\/de\/banner-widget\/magento\/","name":"F\u00fcgen Sie der Magento-Website eine Banner-Erweiterung hinzu. Schnell und kostenlos (2025)","isPartOf":{"@id":"https:\/\/elfsight.com\/de\/#website"},"datePublished":"2024-05-03T06:29:54+00:00","dateModified":"2025-07-08T10:13:03+00:00","description":"F\u00fcgen Sie der Website eine responsive Magento-Banner-Erweiterung hinzu. Probieren Sie die praktische Elfsight-Demo aus und erstellen Sie in nur wenigen Minuten Ihr stilvolles Banner","breadcrumb":{"@id":"https:\/\/elfsight.com\/de\/banner-widget\/magento\/#breadcrumb"},"inLanguage":"de","potentialAction":[{"@type":"ReadAction","target":["https:\/\/elfsight.com\/de\/banner-widget\/magento\/"]}]},{"@type":"BreadcrumbList","@id":"https:\/\/elfsight.com\/de\/banner-widget\/magento\/#breadcrumb","itemListElement":[{"@type":"ListItem","position":1,"name":"Home","item":"https:\/\/elfsight.com\/de\/"},{"@type":"ListItem","position":2,"name":"Banner","item":"https:\/\/elfsight.com\/de\/banner-widget\/"},{"@type":"ListItem","position":3,"name":"Banner &#8211; Magento"}]},{"@type":"WebSite","@id":"https:\/\/elfsight.com\/de\/#website","url":"https:\/\/elfsight.com\/de\/","name":"Elfsight DE","description":"Just another Elfsight Sites site","potentialAction":[{"@type":"SearchAction","target":{"@type":"EntryPoint","urlTemplate":"https:\/\/elfsight.com\/de\/?s={search_term_string}"},"query-input":{"@type":"PropertyValueSpecification","valueRequired":true,"valueName":"search_term_string"}}],"inLanguage":"de"}]}},"meta_box":{"industry":"","seo_heading":"","heading":"","description":"","cta_heading":"","cta_description":"","application":"4127","h1":"Magento-Banner-Erweiterung","h1_caption":"Zeigen Sie anpassbare Banner auf Ihrer Website an, um Angebote zu bewerben, Veranstaltungen anzuk\u00fcndigen oder die Aufmerksamkeit auf wichtige Inhalte Ihrer Magento-Website zu lenken.","application_category":[],"applications_title":"","applications_request_title":"","applications_request_button_text":"","hero_text":"","hero_video":"","hero_video_schema_markup":"","selling_points_title":"","selling_points_caption":"","selling_points":[],"selling_points_cta_text":"","features_title":"","features":"","ed_cta_examples_text":"","ed_cta_examples_hidden":"","ed_cta_demo_text":"","ed_cta_demo_hidden":"","why_caption":"","why_editor_title":"","why_editor_text":"","why_team_title":"","why_team_text":"","why_service_title":"","why_service_text":"","template_catalog_visible":"","template_catalog_title":"","template_catalog_text":"","template_catalog_categories_visible":"","demo_title":"Erstellen Sie Ihre Banner-Erweiterung","demo_caption":"Konfigurieren Sie Ihr Banner und f\u00fcgen Sie es kostenlos zu Ihrer Magento-Website hinzu!","default_faq_hidden":"","app_template_category":[],"platform":"256","template_public_id":"","codecanyon_url":"","codecanyon_item_id":"","codecanyon_price":"","pricing_caption":"","pricing_elfsight_apps_hide_column":"","pricing_elfsight_apps_url":"","pricing_codecanyon_price_caption":"","integration_category":[],"integration_request_title":"","integration_request_cta":"","integration_platform":"","integrations":[],"platform_category":[],"video_schema_markup":"","price":"ab 0 $ \/ Monat","trial":"","benefits":[{"text":"Kostenlose Installationshilfe"},{"text":"Kompetenter Kundenservice"},{"text":"14-t\u00e4gige R\u00fcckerstattungsgarantie"},{"text":"Regelm\u00e4\u00dfige kostenlose Verbesserungen"}],"button_url":"#demo","button_target_blank":"","button_nofollow":"","attributes":[{"name":"Installiert","content":"10,000 - 100,000"},{"name":"Reaktionsfreudig","content":"Ja"},{"name":"Kompatible Browser","content":"Firefox, Safari, Opera, Chrome, Edge"}],"tags":[],"tags_disable_links":"","hide_more_platforms":"","video_object":"","demo_hide_cta":"","demo_hide_cloud_options":"","pricing_title":"","pricing":[{"pricing_icon":"platform","pricing_title":"Elfsight Apps","pricing_title_caption":"Multiplattform-L\u00f6sung, die f\u00fcr jeden Standort geeignet ist","pricing_price":"ab 0 $ \/ Monat","pricing_price_caption":"Beginnen Sie mit einem kostenlosen Plan","pricing_benefits":[{"text":"Unbegrenzte Domains"},{"text":"Professionelle Kundenbetreuung und gut dokumentiert"},{"text":"Kostenlose Installationsunterst\u00fctzung"},{"text":"Flexibles Design"}],"pricing_button_text":"Zur Website hinzuf\u00fcgen","pricing_button_url":"#demo"}],"related_apps_title":"","related_apps_hidden":"","author":"","image":[],"title":"","job":"","social_networks":[]},"_links":{"self":[{"href":"https:\/\/elfsight.com\/de\/wp-json\/wp\/v2\/pages\/8084","targetHints":{"allow":["GET"]}}],"collection":[{"href":"https:\/\/elfsight.com\/de\/wp-json\/wp\/v2\/pages"}],"about":[{"href":"https:\/\/elfsight.com\/de\/wp-json\/wp\/v2\/types\/page"}],"author":[{"embeddable":true,"href":"https:\/\/elfsight.com\/de\/wp-json\/wp\/v2\/users\/9"}],"replies":[{"embeddable":true,"href":"https:\/\/elfsight.com\/de\/wp-json\/wp\/v2\/comments?post=8084"}],"version-history":[{"count":2,"href":"https:\/\/elfsight.com\/de\/wp-json\/wp\/v2\/pages\/8084\/revisions"}],"predecessor-version":[{"id":21309,"href":"https:\/\/elfsight.com\/de\/wp-json\/wp\/v2\/pages\/8084\/revisions\/21309"}],"up":[{"embeddable":true,"href":"https:\/\/elfsight.com\/de\/wp-json\/wp\/v2\/pages\/4128"}],"wp:attachment":[{"href":"https:\/\/elfsight.com\/de\/wp-json\/wp\/v2\/media?parent=8084"}],"curies":[{"name":"wp","href":"https:\/\/api.w.org\/{rel}","templated":true}]}}