{"id":8073,"date":"2024-05-03T06:29:47","date_gmt":"2024-05-03T06:29:47","guid":{"rendered":"https:\/\/elfsight.com\/de\/?page_id=8073"},"modified":"2025-07-08T10:13:41","modified_gmt":"2025-07-08T10:13:41","slug":"webnode","status":"publish","type":"page","link":"https:\/\/elfsight.com\/de\/banner-widget\/webnode\/","title":{"rendered":"Banner &#8211; Webnode"},"content":{"rendered":"<div class=\"application-platform-content-item-description application-platform-content-item\" id=\"description\" data-nav-section=\"description\"> <h2>Beschreibung<\/h2> <p>Das Elfsight-Banner-Widget f\u00fcr Webnode ist eine \u00e4u\u00dferst anpassbare Funktion. Jetzt haben Sie die M\u00f6glichkeit, f\u00fcr fast jedes Ziel ein Werbebanner zu erstellen. Sie m\u00fcssen lediglich ein Hintergrundbild und die Art des Hintergrunds ausw\u00e4hlen, seine Position bestimmen und den Titel und die Bildunterschrift hinzuf\u00fcgen. Denken Sie daran, einen Call-to-Action-Button hinzuzuf\u00fcgen \u2013 ein zentrales Element jedes Banners. Und nat\u00fcrlich k\u00f6nnen Sie das Gesamtdesign des Widgets gerne nach Ihren W\u00fcnschen \u00e4ndern. <\/p> <p><b>Verwenden Sie unser attraktives Banner auf Ihren Website-Seiten, bewerben Sie Ihre Waren und Dienstleistungen und regen Sie mehr Website-Benutzer zum Kauf an<\/b><\/p> <\/div> <div class=\"application-platform-content-item- Features application-platform-content-item\" id=\" Features\" data-nav-section=\" Features\"> <h2>Sehen Sie sich die Liste der herausragendsten Features an: <\/h2> <ul><li>Laden Sie Bilder und passende Videos hoch. <\/li><li>Link, E-Mail oder Telefonnummer hinzuf\u00fcgen <\/li><li>Titel und Text hinzuf\u00fcgen. <\/li><li>Erstellen Sie eine CTA-Schaltfl\u00e4che. <\/li><li>Erlauben Sie, dass die Schaltfl\u00e4che ausgef\u00fcllt oder umrandet wird. <\/li><\/ul><p><a href=\"#demo\">Sie k\u00f6nnen sich die vollst\u00e4ndigen Funktionen des Widgets in der Demo ansehen <\/a><\/p> <\/div> <div class=\"application-platform-content-item- Installation application-platform-content-item\" id=\" Installation\" data-nav-section=\" Installation\"> <h2>Wie f\u00fcge ich Banner auf meiner Webnode-Site hinzu? <\/h2> <p>Befolgen Sie einfach die nachstehenden Anweisungen, um das Werkzeug einzusetzen. <\/p> <ol><li><b>Verwalten Sie unseren kostenlosen Konfigurator und beginnen Sie mit der Erstellung Ihres ma\u00dfgeschneiderten Widgets. <\/b><br> W\u00e4hlen Sie das ausgew\u00e4hlte Formular und die Optionen des Widgets aus und \u00fcbernehmen Sie die \u00c4nderungen. <\/li> <li><b>Kopieren Sie Ihren pers\u00f6nlichen Code, der in der speziellen Form auf Elfsight Apps angezeigt wird. <\/b><br> Kopieren Sie unmittelbar nach Abschluss der Konfiguration Ihres Widgets den pers\u00f6nlichen Code aus dem angezeigten Feld und bewahren Sie ihn f\u00fcr den sp\u00e4teren Bedarf auf. <\/li> <li><b>Geben Sie die Verwendung des Widgets auf Ihrer Webnode-Website ein. <\/b><br> Integrieren Sie den zuvor kopierten Code in Ihre Homepage und \u00fcbernehmen Sie die \u00c4nderungen. <\/li> <li><b>Das Setup ist vollst\u00e4ndig abgeschlossen. <\/b><br> Besuchen Sie Ihre Website, um die Arbeit des Tools zu beobachten. <\/li><\/ol> <p>Wenn Sie Fragen haben oder auf Schwierigkeiten sto\u00dfen, k\u00f6nnen Sie sich gerne an unser Support-Team wenden. Unsere Berater helfen Ihnen gerne bei allen Fragen rund um das Tool weiter. <\/p> <div class=\"faq\" data-component=\"FAQ\"> <div class=\"faq-item\">\r\n\t\t\t\t\t<div class=\"faq-item-question\">\r\n\t\t\t\t\t\t<h3 class=\"faq-item-question-text\">Wie f\u00fcge ich Banner ohne Programmierkenntnisse zu meiner Webnode-Website hinzu?<\/h3>\r\n\r\n\t\t\t\t\t\t<div class=\"faq-item-question-icon\"><\/div>\r\n\t\t\t\t\t<\/div>\r\n\r\n\t\t\t\t\t<div class=\"faq-item-answer\">\r\n\t\t\t\t\t\t<div class=\"faq-item-answer-text\"> <p>Elfsight bietet eine SaaS-L\u00f6sung, mit der Sie selbst ein Banner-Widget erstellen k\u00f6nnen. Sehen Sie, wie einfach der Vorgang ist: Erstellen Sie direkt im Online-Editor ein Banner-Widget, das Sie auf Ihrer Webnode-Website sehen m\u00f6chten. W\u00e4hlen Sie eine der vorgefertigten Vorlagen aus und passen Sie die Bannereinstellungen an, f\u00fcgen Sie Ihre Inhalte hinzu, \u00e4ndern Sie das Layout und das Farbschema ohne Programmierkenntnisse. Speichern Sie das Banner und kopieren Sie den Installationscode, den Sie m\u00fchelos in Ihre Webnode-Website einf\u00fcgen k\u00f6nnen, ohne einen kostenpflichtigen Plan kaufen zu m\u00fcssen. Mit unserem intuitiven Editor kann jeder Internetnutzer online ein Banner-Widget erstellen und es einfach in seine Webnode-Website einbetten. Sie m\u00fcssen weder bezahlen noch Ihre Kartendaten eingeben, um auf den Service zuzugreifen. Sollten bei irgendeinem Schritt Probleme auftreten, wenden Sie sich bitte an unser technisches Support-Team.<\/p> <\/div>\r\n\t\t\t\t\t<\/div>\r\n\t\t\t\t<\/div> <\/div> <\/div>","protected":false},"excerpt":{"rendered":"","protected":false},"author":9,"featured_media":0,"parent":4128,"menu_order":0,"comment_status":"closed","ping_status":"closed","template":"templates\/template-application-platform.php","meta":{"publish_to_discourse":"","publish_post_category":"","wpdc_auto_publish_overridden":"","wpdc_topic_tags":"","wpdc_pin_topic":"","wpdc_pin_until":"","discourse_post_id":"","discourse_permalink":"","wpdc_publishing_response":"","wpdc_publishing_error":"","footnotes":""},"class_list":["post-8073","page","type-page","status-publish","hentry"],"yoast_head":"<!-- This site is optimized with the Yoast SEO plugin v25.3.1 - https:\/\/yoast.com\/wordpress\/plugins\/seo\/ -->\n<title>F\u00fcgen Sie ein Banner-Widget zur Webnode-Website hinzu. Schnell und kostenlos (2025)<\/title>\n<meta name=\"description\" content=\"F\u00fcgen Sie ein mobilfreundliches Webnode-Banner-Widget auf Ihrer Website ein. Nutzen Sie die praktische Elfsight-Demo und erstellen Sie Ihr atemberaubendes Banner mit zwei Klicks\" \/>\n<meta name=\"robots\" content=\"index, follow, max-snippet:-1, max-image-preview:large, max-video-preview:-1\" \/>\n<link rel=\"canonical\" href=\"https:\/\/elfsight.com\/de\/banner-widget\/webnode\/\" \/>\n<meta property=\"og:locale\" content=\"de_DE\" \/>\n<meta property=\"og:type\" content=\"article\" \/>\n<meta property=\"og:title\" content=\"F\u00fcgen Sie ein Banner-Widget zur Webnode-Website hinzu. Schnell und kostenlos (2025)\" \/>\n<meta property=\"og:description\" content=\"F\u00fcgen Sie ein mobilfreundliches Webnode-Banner-Widget auf Ihrer Website ein. Nutzen Sie die praktische Elfsight-Demo und erstellen Sie Ihr atemberaubendes Banner mit zwei Klicks\" \/>\n<meta property=\"og:url\" content=\"https:\/\/elfsight.com\/de\/banner-widget\/webnode\/\" \/>\n<meta property=\"og:site_name\" content=\"Elfsight DE\" \/>\n<meta property=\"article:modified_time\" content=\"2025-07-08T10:13:41+00:00\" \/>\n<meta name=\"twitter:card\" content=\"summary_large_image\" \/>\n<meta name=\"twitter:label1\" content=\"Gesch\u00e4tzte Lesezeit\" \/>\n\t<meta name=\"twitter:data1\" content=\"3\u00a0Minuten\" \/>\n<!-- \/ Yoast SEO plugin. -->","yoast_head_json":{"title":"F\u00fcgen Sie ein Banner-Widget zur Webnode-Website hinzu. Schnell und kostenlos (2025)","description":"F\u00fcgen Sie ein mobilfreundliches Webnode-Banner-Widget auf Ihrer Website ein. Nutzen Sie die praktische Elfsight-Demo und erstellen Sie Ihr atemberaubendes Banner mit zwei Klicks","robots":{"index":"index","follow":"follow","max-snippet":"max-snippet:-1","max-image-preview":"max-image-preview:large","max-video-preview":"max-video-preview:-1"},"canonical":"https:\/\/elfsight.com\/de\/banner-widget\/webnode\/","og_locale":"de_DE","og_type":"article","og_title":"F\u00fcgen Sie ein Banner-Widget zur Webnode-Website hinzu. Schnell und kostenlos (2025)","og_description":"F\u00fcgen Sie ein mobilfreundliches Webnode-Banner-Widget auf Ihrer Website ein. Nutzen Sie die praktische Elfsight-Demo und erstellen Sie Ihr atemberaubendes Banner mit zwei Klicks","og_url":"https:\/\/elfsight.com\/de\/banner-widget\/webnode\/","og_site_name":"Elfsight DE","article_modified_time":"2025-07-08T10:13:41+00:00","twitter_card":"summary_large_image","twitter_misc":{"Gesch\u00e4tzte Lesezeit":"3\u00a0Minuten"},"schema":{"@context":"https:\/\/schema.org","@graph":[{"@type":"WebPage","@id":"https:\/\/elfsight.com\/de\/banner-widget\/webnode\/","url":"https:\/\/elfsight.com\/de\/banner-widget\/webnode\/","name":"F\u00fcgen Sie ein Banner-Widget zur Webnode-Website hinzu. Schnell und kostenlos (2025)","isPartOf":{"@id":"https:\/\/elfsight.com\/de\/#website"},"datePublished":"2024-05-03T06:29:47+00:00","dateModified":"2025-07-08T10:13:41+00:00","description":"F\u00fcgen Sie ein mobilfreundliches Webnode-Banner-Widget auf Ihrer Website ein. Nutzen Sie die praktische Elfsight-Demo und erstellen Sie Ihr atemberaubendes Banner mit zwei Klicks","breadcrumb":{"@id":"https:\/\/elfsight.com\/de\/banner-widget\/webnode\/#breadcrumb"},"inLanguage":"de","potentialAction":[{"@type":"ReadAction","target":["https:\/\/elfsight.com\/de\/banner-widget\/webnode\/"]}]},{"@type":"BreadcrumbList","@id":"https:\/\/elfsight.com\/de\/banner-widget\/webnode\/#breadcrumb","itemListElement":[{"@type":"ListItem","position":1,"name":"Home","item":"https:\/\/elfsight.com\/de\/"},{"@type":"ListItem","position":2,"name":"Banner","item":"https:\/\/elfsight.com\/de\/banner-widget\/"},{"@type":"ListItem","position":3,"name":"Banner &#8211; Webnode"}]},{"@type":"WebSite","@id":"https:\/\/elfsight.com\/de\/#website","url":"https:\/\/elfsight.com\/de\/","name":"Elfsight DE","description":"Just another Elfsight Sites site","potentialAction":[{"@type":"SearchAction","target":{"@type":"EntryPoint","urlTemplate":"https:\/\/elfsight.com\/de\/?s={search_term_string}"},"query-input":{"@type":"PropertyValueSpecification","valueRequired":true,"valueName":"search_term_string"}}],"inLanguage":"de"}]}},"meta_box":{"industry":"","seo_heading":"","heading":"","description":"","cta_heading":"","cta_description":"","application":"4127","h1":"Webnode-Banner-Widget","h1_caption":"Zeigen Sie anpassbare Banner auf Ihrer Website an, um Angebote zu bewerben, Veranstaltungen anzuk\u00fcndigen oder die Aufmerksamkeit auf wichtige Inhalte auf Ihrer Webnode-Website zu lenken.","application_category":[],"applications_title":"","applications_request_title":"","applications_request_button_text":"","hero_text":"","hero_video":"","hero_video_schema_markup":"","selling_points_title":"","selling_points_caption":"","selling_points":[],"selling_points_cta_text":"","features_title":"","features":"","ed_cta_examples_text":"","ed_cta_examples_hidden":"","ed_cta_demo_text":"","ed_cta_demo_hidden":"","why_caption":"","why_editor_title":"","why_editor_text":"","why_team_title":"","why_team_text":"","why_service_title":"","why_service_text":"","template_catalog_visible":"","template_catalog_title":"","template_catalog_text":"","template_catalog_categories_visible":"","demo_title":"Erstellen Sie Ihr Banner-Widget","demo_caption":"Konfigurieren Sie Ihr Banner und f\u00fcgen Sie es kostenlos zu Ihrer Webnode-Website hinzu!","default_faq_hidden":"","app_template_category":[],"platform":"248","template_public_id":"","codecanyon_url":"","codecanyon_item_id":"","codecanyon_price":"","pricing_caption":"","pricing_elfsight_apps_hide_column":"","pricing_elfsight_apps_url":"","pricing_codecanyon_price_caption":"","integration_category":[],"integration_request_title":"","integration_request_cta":"","integration_platform":"","integrations":[],"platform_category":[],"video_schema_markup":"","price":"ab 0 $ \/ Monat","trial":"","benefits":[{"text":"Kostenloser Installationsservice"},{"text":"Au\u00dfergew\u00f6hnliche Unterst\u00fctzung"},{"text":"14-t\u00e4gige Geld-zur\u00fcck-Garantie"},{"text":"St\u00e4ndige Aktualisierung"}],"button_url":"#demo","button_target_blank":"","button_nofollow":"","attributes":[{"name":"Installiert","content":"10,000 - 100,000"},{"name":"Reaktionsfreudig","content":"Ja"},{"name":"Kompatible Browser","content":"Firefox, Safari, Opera, Chrome, Edge"}],"tags":[],"tags_disable_links":"","hide_more_platforms":"","video_object":"","demo_hide_cta":"","demo_hide_cloud_options":"","pricing_title":"","pricing":[{"pricing_icon":"platform","pricing_title":"Elfsight Apps","pricing_title_caption":"Plattform\u00fcbergreifende L\u00f6sung, die auf jeder Website funktioniert","pricing_price":"ab 0 $ \/ Monat","pricing_price_caption":"Beginnen Sie mit einem kostenlosen Plan","pricing_benefits":[{"text":"Unbegrenzte Websites"},{"text":"Engagierte Unterst\u00fctzung"},{"text":"Kostenlose Installationsunterst\u00fctzung"},{"text":"Flexibles Design"}],"pricing_button_text":"Zur Website hinzuf\u00fcgen","pricing_button_url":"#demo"}],"related_apps_title":"","related_apps_hidden":"","author":"","image":[],"title":"","job":"","social_networks":[]},"_links":{"self":[{"href":"https:\/\/elfsight.com\/de\/wp-json\/wp\/v2\/pages\/8073","targetHints":{"allow":["GET"]}}],"collection":[{"href":"https:\/\/elfsight.com\/de\/wp-json\/wp\/v2\/pages"}],"about":[{"href":"https:\/\/elfsight.com\/de\/wp-json\/wp\/v2\/types\/page"}],"author":[{"embeddable":true,"href":"https:\/\/elfsight.com\/de\/wp-json\/wp\/v2\/users\/9"}],"replies":[{"embeddable":true,"href":"https:\/\/elfsight.com\/de\/wp-json\/wp\/v2\/comments?post=8073"}],"version-history":[{"count":2,"href":"https:\/\/elfsight.com\/de\/wp-json\/wp\/v2\/pages\/8073\/revisions"}],"predecessor-version":[{"id":21302,"href":"https:\/\/elfsight.com\/de\/wp-json\/wp\/v2\/pages\/8073\/revisions\/21302"}],"up":[{"embeddable":true,"href":"https:\/\/elfsight.com\/de\/wp-json\/wp\/v2\/pages\/4128"}],"wp:attachment":[{"href":"https:\/\/elfsight.com\/de\/wp-json\/wp\/v2\/media?parent=8073"}],"curies":[{"name":"wp","href":"https:\/\/api.w.org\/{rel}","templated":true}]}}