{"id":8068,"date":"2024-05-03T06:29:46","date_gmt":"2024-05-03T06:29:46","guid":{"rendered":"https:\/\/elfsight.com\/de\/?page_id=8068"},"modified":"2025-07-08T10:13:53","modified_gmt":"2025-07-08T10:13:53","slug":"weebly","status":"publish","type":"page","link":"https:\/\/elfsight.com\/de\/banner-widget\/weebly\/","title":{"rendered":"Banner &#8211; Weebly"},"content":{"rendered":"<div class=\"application-platform-content-item-description application-platform-content-item\" id=\"description\" data-nav-section=\"description\"> <h2>Beschreibung<\/h2> <p>Die Elfsight-Banner-App f\u00fcr Weebly ist eine \u00e4u\u00dferst anpassbare Funktion. Jetzt haben Sie die M\u00f6glichkeit, ein Werbebanner f\u00fcr jeden Zweck zu erstellen. Sie m\u00fcssen lediglich ein Hintergrundbild und die Art des Hintergrunds ausw\u00e4hlen, seine Position festlegen und den Titel und die Bildunterschrift hinzuf\u00fcgen. Denken Sie daran, einen CTA-Button hinzuzuf\u00fcgen \u2013 ein wesentlicher Bestandteil jedes Werbebanners. Und nat\u00fcrlich haben Sie die Freiheit, die Farben des Widgets so anzupassen, wie es f\u00fcr Sie funktioniert. <\/p> <p><b>Wenn Sie unser verlockendes Banner auf den Seiten Ihrer Website anbringen, bewerben Sie Ihre Angebote und Dienstleistungen und regen Sie mehr Website-Benutzer zum Kauf an<\/b><\/p> <\/div> <div class=\"application-platform-content-item- Funktionen application-platform-content-item\" id=\" Funktionen\" data-nav-section=\" Funktionen\"> <h2>Wir bieten praktische und unkomplizierte Funktionen, sehen Sie sich einige davon an: <\/h2> <ul><li>Laden Sie Bilder und passende Videos hoch. <\/li><li>F\u00fcgen Sie Links, Ihre E-Mail-Adresse oder Telefonnummer hinzu<\/li><li>F\u00fcgen Sie Titel und Untertiteltext hinzu. <\/li><li>Erstellen Sie Ihren CTA-Button. <\/li><li>Erlauben Sie, dass die Schaltfl\u00e4che gef\u00fcllt oder umrandet wird. <\/li><\/ul><p><a href=\"#demo\">Sie k\u00f6nnen die vollst\u00e4ndigen Funktionen des Widgets in der Demo unten entdecken<\/a><\/p> <\/div> <div class=\"application-platform-content-item- Installation application-platform-content-item\" id=\" Installation\" data-nav-section=\" Installation\"> <h2>Wie kann ich meiner Weebly-Website ein Banner hinzuf\u00fcgen? <\/h2> <p>Befolgen Sie einfach die nachstehenden Anweisungen, um mit der Arbeit mit dem Tool zu beginnen. <\/p> <ol><li><b>Verwalten Sie unseren kostenlosen Konfigurator und beginnen Sie mit der Erstellung Ihres individuellen Widgets. <\/b><br> Bestimmen Sie das gew\u00fcnschte Design und die gew\u00fcnschten Spezifikationen des Werkzeugs und nehmen Sie die Korrekturen vor. <\/li> <li><b>Sie erhalten Ihren pers\u00f6nlichen Code in der Box von Elfsight Apps. <\/b><br> Wenn die Anpassung Ihrer App abgeschlossen ist, kopieren Sie den pers\u00f6nlichen Code im angezeigten Fenster und speichern Sie ihn f\u00fcr die zuk\u00fcnftige Verwendung. <\/li> <li><b>Beginnen Sie mit der Anwendung der App auf der Weebly-Website. <\/b><br> Platzieren Sie den Code, den Sie k\u00fcrzlich gespeichert haben, auf Ihrer Seite und wenden Sie die Korrekturen an. <\/li> <li><b>Du bist fertig! Die Einbettung ist vollst\u00e4ndig durchgef\u00fchrt. <\/b><br> Gehen Sie zu Ihrer Website, um zu sehen, wie das Widget funktioniert. <\/li><\/ol> <p>Wenn Sie auf Hindernisse sto\u00dfen, scheuen Sie sich nicht, sich an unser Support-Team zu wenden. Unsere Spezialisten helfen Ihnen gerne bei allen Fragen rund um das Widget weiter. <\/p><div class=\"faq\" data-component=\"FAQ\"> <div class=\"faq-item\">\r\n\t\t\t\t\t<div class=\"faq-item-question\">\r\n\t\t\t\t\t\t<h3 class=\"faq-item-question-text\">Wie kann ich ohne Programmierkenntnisse Banner zu meiner Weebly-Website hinzuf\u00fcgen?<\/h3>\r\n\r\n\t\t\t\t\t\t<div class=\"faq-item-question-icon\"><\/div>\r\n\t\t\t\t\t<\/div>\r\n\r\n\t\t\t\t\t<div class=\"faq-item-answer\">\r\n\t\t\t\t\t\t<div class=\"faq-item-answer-text\"> <p>Elfsight bietet eine SaaS-L\u00f6sung, mit der Sie selbst ein Banner-Widget erstellen k\u00f6nnen. Sehen Sie, wie einfach der Vorgang ist : Arbeiten Sie direkt im Online-Editor, um ein Banner-Widget zu erstellen, das Sie auf Ihrer Weebly-Website sehen m\u00f6chten. W\u00e4hlen Sie eine der vorgefertigten Vorlagen aus und passen Sie die Bannereinstellungen an, f\u00fcgen Sie Ihre Inhalte hinzu, \u00e4ndern Sie das Layout und die Farbe der Elemente, ohne dass Sie Programmierkenntnisse ben\u00f6tigen. Speichern Sie das Banner und kopieren Sie seinen Installationscode, damit Sie es problemlos zu Ihrer Weebly-Website hinzuf\u00fcgen k\u00f6nnen, ohne ein kostenpflichtiges Abonnement zu kaufen. Mit unserem intuitiven Editor kann jeder Internetnutzer online ein Banner-Widget erstellen und es einfach in seine Weebly-Website einbetten. Sie m\u00fcssen weder bezahlen noch Ihre Kartendaten eingeben, um auf den Service zuzugreifen. Sollten bei irgendeinem Schritt Probleme auftreten, wenden Sie sich bitte an unser technisches Support-Team.<\/p> <\/div>\r\n\t\t\t\t\t<\/div>\r\n\t\t\t\t<\/div> <\/div> <\/div>","protected":false},"excerpt":{"rendered":"","protected":false},"author":9,"featured_media":0,"parent":4128,"menu_order":0,"comment_status":"closed","ping_status":"closed","template":"templates\/template-application-platform.php","meta":{"publish_to_discourse":"","publish_post_category":"","wpdc_auto_publish_overridden":"","wpdc_topic_tags":"","wpdc_pin_topic":"","wpdc_pin_until":"","discourse_post_id":"","discourse_permalink":"","wpdc_publishing_response":"","wpdc_publishing_error":"","footnotes":""},"class_list":["post-8068","page","type-page","status-publish","hentry"],"yoast_head":"<!-- This site is optimized with the Yoast SEO plugin v25.3.1 - https:\/\/yoast.com\/wordpress\/plugins\/seo\/ -->\n<title>F\u00fcgen Sie die Banner-App in die Weebly-Website ein. Schnell und kostenlos (2025)<\/title>\n<meta name=\"description\" content=\"Integrieren Sie eine responsive Weebly-Banner-App auf Ihrer Website. Nutzen Sie die praktische Elfsight-Demo und erstellen Sie Ihr fantastisches Banner mit nur zwei Klicks\" \/>\n<meta name=\"robots\" content=\"index, follow, max-snippet:-1, max-image-preview:large, max-video-preview:-1\" \/>\n<link rel=\"canonical\" href=\"https:\/\/elfsight.com\/de\/banner-widget\/weebly\/\" \/>\n<meta property=\"og:locale\" content=\"de_DE\" \/>\n<meta property=\"og:type\" content=\"article\" \/>\n<meta property=\"og:title\" content=\"F\u00fcgen Sie die Banner-App in die Weebly-Website ein. Schnell und kostenlos (2025)\" \/>\n<meta property=\"og:description\" content=\"Integrieren Sie eine responsive Weebly-Banner-App auf Ihrer Website. Nutzen Sie die praktische Elfsight-Demo und erstellen Sie Ihr fantastisches Banner mit nur zwei Klicks\" \/>\n<meta property=\"og:url\" content=\"https:\/\/elfsight.com\/de\/banner-widget\/weebly\/\" \/>\n<meta property=\"og:site_name\" content=\"Elfsight DE\" \/>\n<meta property=\"article:modified_time\" content=\"2025-07-08T10:13:53+00:00\" \/>\n<meta name=\"twitter:card\" content=\"summary_large_image\" \/>\n<meta name=\"twitter:label1\" content=\"Gesch\u00e4tzte Lesezeit\" \/>\n\t<meta name=\"twitter:data1\" content=\"3\u00a0Minuten\" \/>\n<!-- \/ Yoast SEO plugin. -->","yoast_head_json":{"title":"F\u00fcgen Sie die Banner-App in die Weebly-Website ein. Schnell und kostenlos (2025)","description":"Integrieren Sie eine responsive Weebly-Banner-App auf Ihrer Website. Nutzen Sie die praktische Elfsight-Demo und erstellen Sie Ihr fantastisches Banner mit nur zwei Klicks","robots":{"index":"index","follow":"follow","max-snippet":"max-snippet:-1","max-image-preview":"max-image-preview:large","max-video-preview":"max-video-preview:-1"},"canonical":"https:\/\/elfsight.com\/de\/banner-widget\/weebly\/","og_locale":"de_DE","og_type":"article","og_title":"F\u00fcgen Sie die Banner-App in die Weebly-Website ein. Schnell und kostenlos (2025)","og_description":"Integrieren Sie eine responsive Weebly-Banner-App auf Ihrer Website. Nutzen Sie die praktische Elfsight-Demo und erstellen Sie Ihr fantastisches Banner mit nur zwei Klicks","og_url":"https:\/\/elfsight.com\/de\/banner-widget\/weebly\/","og_site_name":"Elfsight DE","article_modified_time":"2025-07-08T10:13:53+00:00","twitter_card":"summary_large_image","twitter_misc":{"Gesch\u00e4tzte Lesezeit":"3\u00a0Minuten"},"schema":{"@context":"https:\/\/schema.org","@graph":[{"@type":"WebPage","@id":"https:\/\/elfsight.com\/de\/banner-widget\/weebly\/","url":"https:\/\/elfsight.com\/de\/banner-widget\/weebly\/","name":"F\u00fcgen Sie die Banner-App in die Weebly-Website ein. Schnell und kostenlos (2025)","isPartOf":{"@id":"https:\/\/elfsight.com\/de\/#website"},"datePublished":"2024-05-03T06:29:46+00:00","dateModified":"2025-07-08T10:13:53+00:00","description":"Integrieren Sie eine responsive Weebly-Banner-App auf Ihrer Website. Nutzen Sie die praktische Elfsight-Demo und erstellen Sie Ihr fantastisches Banner mit nur zwei Klicks","breadcrumb":{"@id":"https:\/\/elfsight.com\/de\/banner-widget\/weebly\/#breadcrumb"},"inLanguage":"de","potentialAction":[{"@type":"ReadAction","target":["https:\/\/elfsight.com\/de\/banner-widget\/weebly\/"]}]},{"@type":"BreadcrumbList","@id":"https:\/\/elfsight.com\/de\/banner-widget\/weebly\/#breadcrumb","itemListElement":[{"@type":"ListItem","position":1,"name":"Home","item":"https:\/\/elfsight.com\/de\/"},{"@type":"ListItem","position":2,"name":"Banner","item":"https:\/\/elfsight.com\/de\/banner-widget\/"},{"@type":"ListItem","position":3,"name":"Banner &#8211; Weebly"}]},{"@type":"WebSite","@id":"https:\/\/elfsight.com\/de\/#website","url":"https:\/\/elfsight.com\/de\/","name":"Elfsight DE","description":"Just another Elfsight Sites site","potentialAction":[{"@type":"SearchAction","target":{"@type":"EntryPoint","urlTemplate":"https:\/\/elfsight.com\/de\/?s={search_term_string}"},"query-input":{"@type":"PropertyValueSpecification","valueRequired":true,"valueName":"search_term_string"}}],"inLanguage":"de"}]}},"meta_box":{"industry":"","seo_heading":"","heading":"","description":"","cta_heading":"","cta_description":"","application":"4127","h1":"Weebly Banner-App","h1_caption":"Zeigen Sie anpassbare Banner auf Ihrer Website an, um Angebote zu bewerben, Veranstaltungen anzuk\u00fcndigen oder die Aufmerksamkeit auf wichtige Inhalte auf Ihrer Weebly-Website zu lenken.","application_category":[],"applications_title":"","applications_request_title":"","applications_request_button_text":"","hero_text":"","hero_video":"","hero_video_schema_markup":"","selling_points_title":"","selling_points_caption":"","selling_points":[],"selling_points_cta_text":"","features_title":"","features":"","ed_cta_examples_text":"","ed_cta_examples_hidden":"","ed_cta_demo_text":"","ed_cta_demo_hidden":"","why_caption":"","why_editor_title":"","why_editor_text":"","why_team_title":"","why_team_text":"","why_service_title":"","why_service_text":"","template_catalog_visible":"","template_catalog_title":"","template_catalog_text":"","template_catalog_categories_visible":"","demo_title":"Erstellen Sie Ihre Banner-App","demo_caption":"Konfigurieren Sie Ihr Banner und f\u00fcgen Sie es kostenlos zu Ihrer Weebly-Website hinzu!","default_faq_hidden":"","app_template_category":[],"platform":"249","template_public_id":"","codecanyon_url":"","codecanyon_item_id":"","codecanyon_price":"","pricing_caption":"","pricing_elfsight_apps_hide_column":"","pricing_elfsight_apps_url":"","pricing_codecanyon_price_caption":"","integration_category":[],"integration_request_title":"","integration_request_cta":"","integration_platform":"","integrations":[],"platform_category":[],"video_schema_markup":"","price":"ab 0 $ \/ Monat","trial":"","benefits":[{"text":"Kostenlose Installationsunterst\u00fctzung"},{"text":"Professioneller Kundenservice"},{"text":"14-t\u00e4gige Geld-zur\u00fcck-Garantie"},{"text":"Zuk\u00fcnftige kostenlose Updates"}],"button_url":"#demo","button_target_blank":"","button_nofollow":"","attributes":[{"name":"Installiert","content":"10,000 - 100,000"},{"name":"Reaktionsfreudig","content":"Ja"},{"name":"Kompatible Browser","content":"Firefox, Safari, Opera, Chrome, Edge"}],"tags":[],"tags_disable_links":"","hide_more_platforms":"","video_object":"","demo_hide_cta":"","demo_hide_cloud_options":"","pricing_title":"","pricing":[{"pricing_icon":"platform","pricing_title":"Elfsight Apps","pricing_title_caption":"Plattform\u00fcbergreifende Software, die auf jeder Website funktioniert","pricing_price":"ab 0 $ \/ Monat","pricing_price_caption":"Beginnen Sie mit einem kostenlosen Plan","pricing_benefits":[{"text":"Unbegrenzte Domains"},{"text":"Engagierter und p\u00fcnktlicher Support und gut dokumentiert"},{"text":"Kostenloser Installationssupport"},{"text":"Vollst\u00e4ndig anpassbar"}],"pricing_button_text":"Zur Website hinzuf\u00fcgen","pricing_button_url":"#demo"}],"related_apps_title":"","related_apps_hidden":"","author":"","image":[],"title":"","job":"","social_networks":[]},"_links":{"self":[{"href":"https:\/\/elfsight.com\/de\/wp-json\/wp\/v2\/pages\/8068","targetHints":{"allow":["GET"]}}],"collection":[{"href":"https:\/\/elfsight.com\/de\/wp-json\/wp\/v2\/pages"}],"about":[{"href":"https:\/\/elfsight.com\/de\/wp-json\/wp\/v2\/types\/page"}],"author":[{"embeddable":true,"href":"https:\/\/elfsight.com\/de\/wp-json\/wp\/v2\/users\/9"}],"replies":[{"embeddable":true,"href":"https:\/\/elfsight.com\/de\/wp-json\/wp\/v2\/comments?post=8068"}],"version-history":[{"count":2,"href":"https:\/\/elfsight.com\/de\/wp-json\/wp\/v2\/pages\/8068\/revisions"}],"predecessor-version":[{"id":21301,"href":"https:\/\/elfsight.com\/de\/wp-json\/wp\/v2\/pages\/8068\/revisions\/21301"}],"up":[{"embeddable":true,"href":"https:\/\/elfsight.com\/de\/wp-json\/wp\/v2\/pages\/4128"}],"wp:attachment":[{"href":"https:\/\/elfsight.com\/de\/wp-json\/wp\/v2\/media?parent=8068"}],"curies":[{"name":"wp","href":"https:\/\/api.w.org\/{rel}","templated":true}]}}