{"id":8067,"date":"2024-05-03T06:29:45","date_gmt":"2024-05-03T06:29:45","guid":{"rendered":"https:\/\/elfsight.com\/de\/?page_id=8067"},"modified":"2025-07-08T10:13:58","modified_gmt":"2025-07-08T10:13:58","slug":"wix","status":"publish","type":"page","link":"https:\/\/elfsight.com\/de\/banner-widget\/wix\/","title":{"rendered":"Banner &#8211; Wix"},"content":{"rendered":"<div class=\"application-platform-content-item-description application-platform-content-item\" id=\"description\" data-nav-section=\"description\"> <h2>Beschreibung<\/h2> <p>Die Elfsight-Banner-App f\u00fcr Wix ist eine \u00e4u\u00dferst anpassbare Funktion. Jetzt haben Sie die M\u00f6glichkeit, ein Werbebanner f\u00fcr jeden Zweck zu erstellen. Sie m\u00fcssen lediglich ein Hintergrundbild und die Art des Hintergrunds ausw\u00e4hlen, seine Position bestimmen und den Titel und Text hinzuf\u00fcgen. Vergessen Sie nicht, einen CTA-Button anzubringen \u2013 ein zentrales Element jedes Werbebanners. Und nat\u00fcrlich haben Sie die Freiheit, die Farben des Widgets so anzupassen, wie es f\u00fcr Sie funktioniert. <\/p> <p><b>Verwenden Sie das verf\u00fchrerische Banner auf den Seiten Ihrer Website, steigern Sie Ihre Produkte und Dienstleistungen und inspirieren Sie mehr Besucher zum Kauf<\/b><\/p> <\/div> <div class=\"application-platform-content-item-features  application-platform-content-item\" id=\"features \" data-nav-section=\"features \"> <h2>Dies sind nur einige der leistungsstarken App-Funktionen: <\/h2> <ul><li>Laden Sie Fotos und passende Videos hoch. <\/li><li>F\u00fcgen Sie Links, E-Mail oder Telefonnummer hinzu. <\/li><li>F\u00fcgen Sie Titel und Text hinzu. <\/li><li>Erstellen Sie eine CTA-Schaltfl\u00e4che. <\/li><li>Erlauben Sie, dass Ihre Schaltfl\u00e4che ausgef\u00fcllt oder umrandet ist. <\/li><\/ul><p><a href=\"#demo\">Probieren Sie einfach diese Demo aus, um einen vollst\u00e4ndigen \u00dcberblick zu erhalten<\/a><\/p> <\/div> <div class=\"application-platform-content-item-installation application-platform-content-item\" id=\"installation\" data-nav-section=\"installation\"> <h2>Wie bette ich ein Banner in meine Website von Wix ein? <\/h2> <p>Befolgen Sie einfach die nachstehenden Anweisungen, um die App hinzuzuf\u00fcgen. <\/p> <ol><li><b>F\u00fchren Sie unsere kostenlose Demo durch und beginnen Sie mit der Erstellung Ihres personalisierten Instruments. <\/b><br> Geben Sie das gew\u00fcnschte Layout und die Parameter des Plugins an und wenden Sie die Korrekturen an. <\/li> <li><b>Kopieren Sie den pers\u00f6nlichen Code, der im speziellen Formular auf Elfsight Apps angezeigt wird. <\/b><br> Sobald die Einrichtung Ihrer App abgeschlossen ist, kopieren Sie den pers\u00f6nlichen Code aus dem angezeigten Feld und speichern Sie ihn f\u00fcr die zuk\u00fcnftige Verwendung. <\/li> <li><b>Geben Sie Informationen zur Verwendung des Tools auf der Website von Wix ein. <\/b><br> Implementieren Sie den Code, den Sie k\u00fcrzlich in Ihrer Website gespeichert haben, und \u00fcbernehmen Sie die \u00c4nderungen. <\/li> <li><b>Fertig! Das Setup wurde erfolgreich beendet. <\/b><br> Gehen Sie zu Ihrer Webseite, um zu \u00fcberpr\u00fcfen, wie die App ausgef\u00fchrt wird. <\/li><\/ol> <p>Scheuen Sie sich nicht, sich bei unserem Kundendienst zu bewerben, sofern Sie Anfragen bearbeiten oder auf Schwierigkeiten sto\u00dfen. Unsere Mitarbeiter werden sich freuen, alle Probleme zu l\u00f6sen, die Sie mit dem Tool haben k\u00f6nnten. <\/p> <div class=\"faq\" data-component=\"FAQ\"> <div class=\"faq-item\">\r\n\t\t\t\t\t<div class=\"faq-item-question\">\r\n\t\t\t\t\t\t<h3 class=\"faq-item-question-text\">Wie f\u00fcge ich Banner ohne Programmierkenntnisse zu meiner Wix-Website hinzu?<\/h3>\r\n\r\n\t\t\t\t\t\t<div class=\"faq-item-question-icon\"><\/div>\r\n\t\t\t\t\t<\/div>\r\n\r\n\t\t\t\t\t<div class=\"faq-item-answer\">\r\n\t\t\t\t\t\t<div class=\"faq-item-answer-text\"> <p>Elfsight bietet eine SaaS-L\u00f6sung, mit der Sie selbst ein Banner-Widget erstellen k\u00f6nnen. Sehen Sie, wie einfach der Vorgang ist: Arbeiten Sie direkt im Online-Editor, um ein Banner-Widget zu erstellen, das Sie auf Ihrer Website von Wix sehen m\u00f6chten. W\u00e4hlen Sie eine der vorgefertigten Vorlagen aus und passen Sie die Bannereinstellungen an, f\u00fcgen Sie Ihre Inhalte hinzu, \u00e4ndern Sie das Layout und das Farbschema ohne Programmierkenntnisse. Speichern Sie das Banner und kopieren Sie seinen Installationscode, den Sie m\u00fchelos zu Ihrer Wix-Website hinzuf\u00fcgen k\u00f6nnen, ohne einen kostenpflichtigen Plan kaufen zu m\u00fcssen. Mit unserem intuitiven Editor kann jeder Internetnutzer online ein Banner-Widget erstellen und es einfach in seine Wix-Website einbetten. Sie m\u00fcssen weder bezahlen noch Ihre Kartendaten eingeben, um auf den Service zuzugreifen. Sollten bei irgendeinem Schritt Probleme auftreten, wenden Sie sich bitte an unser technisches Support-Team.<\/p> <\/div>\r\n\t\t\t\t\t<\/div>\r\n\t\t\t\t<\/div> <\/div> <\/div>","protected":false},"excerpt":{"rendered":"","protected":false},"author":9,"featured_media":0,"parent":4128,"menu_order":0,"comment_status":"closed","ping_status":"closed","template":"templates\/template-application-platform.php","meta":{"publish_to_discourse":"","publish_post_category":"","wpdc_auto_publish_overridden":"","wpdc_topic_tags":"","wpdc_pin_topic":"","wpdc_pin_until":"","discourse_post_id":"","discourse_permalink":"","wpdc_publishing_response":"","wpdc_publishing_error":"","footnotes":""},"class_list":["post-8067","page","type-page","status-publish","hentry"],"yoast_head":"<!-- This site is optimized with the Yoast SEO plugin v25.3.1 - https:\/\/yoast.com\/wordpress\/plugins\/seo\/ -->\n<title>Integrieren Sie die Banner-App in die Website von Wix. Schnell und kostenlos (2026)<\/title>\n<meta name=\"description\" content=\"F\u00fcgen Sie eine benutzerfreundliche Wix-Banner-App auf Ihrer Website ein. Nutzen Sie die praktische Elfsight-Demo und erstellen Sie in wenigen Minuten Ihr wundersch\u00f6nes Banner\" \/>\n<meta name=\"robots\" content=\"index, follow, max-snippet:-1, max-image-preview:large, max-video-preview:-1\" \/>\n<link rel=\"canonical\" href=\"https:\/\/elfsight.com\/de\/banner-widget\/wix\/\" \/>\n<meta property=\"og:locale\" content=\"de_DE\" \/>\n<meta property=\"og:type\" content=\"article\" \/>\n<meta property=\"og:title\" content=\"Integrieren Sie die Banner-App in die Website von Wix. Schnell und kostenlos (2026)\" \/>\n<meta property=\"og:description\" content=\"F\u00fcgen Sie eine benutzerfreundliche Wix-Banner-App auf Ihrer Website ein. Nutzen Sie die praktische Elfsight-Demo und erstellen Sie in wenigen Minuten Ihr wundersch\u00f6nes Banner\" \/>\n<meta property=\"og:url\" content=\"https:\/\/elfsight.com\/de\/banner-widget\/wix\/\" \/>\n<meta property=\"og:site_name\" content=\"Elfsight DE\" \/>\n<meta property=\"article:modified_time\" content=\"2025-07-08T10:13:58+00:00\" \/>\n<meta name=\"twitter:card\" content=\"summary_large_image\" \/>\n<meta name=\"twitter:label1\" content=\"Gesch\u00e4tzte Lesezeit\" \/>\n\t<meta name=\"twitter:data1\" content=\"3\u00a0Minuten\" \/>\n<!-- \/ Yoast SEO plugin. -->","yoast_head_json":{"title":"Integrieren Sie die Banner-App in die Website von Wix. Schnell und kostenlos (2026)","description":"F\u00fcgen Sie eine benutzerfreundliche Wix-Banner-App auf Ihrer Website ein. Nutzen Sie die praktische Elfsight-Demo und erstellen Sie in wenigen Minuten Ihr wundersch\u00f6nes Banner","robots":{"index":"index","follow":"follow","max-snippet":"max-snippet:-1","max-image-preview":"max-image-preview:large","max-video-preview":"max-video-preview:-1"},"canonical":"https:\/\/elfsight.com\/de\/banner-widget\/wix\/","og_locale":"de_DE","og_type":"article","og_title":"Integrieren Sie die Banner-App in die Website von Wix. Schnell und kostenlos (2026)","og_description":"F\u00fcgen Sie eine benutzerfreundliche Wix-Banner-App auf Ihrer Website ein. Nutzen Sie die praktische Elfsight-Demo und erstellen Sie in wenigen Minuten Ihr wundersch\u00f6nes Banner","og_url":"https:\/\/elfsight.com\/de\/banner-widget\/wix\/","og_site_name":"Elfsight DE","article_modified_time":"2025-07-08T10:13:58+00:00","twitter_card":"summary_large_image","twitter_misc":{"Gesch\u00e4tzte Lesezeit":"3\u00a0Minuten"},"schema":{"@context":"https:\/\/schema.org","@graph":[{"@type":"WebPage","@id":"https:\/\/elfsight.com\/de\/banner-widget\/wix\/","url":"https:\/\/elfsight.com\/de\/banner-widget\/wix\/","name":"Integrieren Sie die Banner-App in die Website von Wix. Schnell und kostenlos (2026)","isPartOf":{"@id":"https:\/\/elfsight.com\/de\/#website"},"datePublished":"2024-05-03T06:29:45+00:00","dateModified":"2025-07-08T10:13:58+00:00","description":"F\u00fcgen Sie eine benutzerfreundliche Wix-Banner-App auf Ihrer Website ein. Nutzen Sie die praktische Elfsight-Demo und erstellen Sie in wenigen Minuten Ihr wundersch\u00f6nes Banner","breadcrumb":{"@id":"https:\/\/elfsight.com\/de\/banner-widget\/wix\/#breadcrumb"},"inLanguage":"de","potentialAction":[{"@type":"ReadAction","target":["https:\/\/elfsight.com\/de\/banner-widget\/wix\/"]}]},{"@type":"BreadcrumbList","@id":"https:\/\/elfsight.com\/de\/banner-widget\/wix\/#breadcrumb","itemListElement":[{"@type":"ListItem","position":1,"name":"Home","item":"https:\/\/elfsight.com\/de\/"},{"@type":"ListItem","position":2,"name":"Banner","item":"https:\/\/elfsight.com\/de\/banner-widget\/"},{"@type":"ListItem","position":3,"name":"Banner &#8211; Wix"}]},{"@type":"WebSite","@id":"https:\/\/elfsight.com\/de\/#website","url":"https:\/\/elfsight.com\/de\/","name":"Elfsight DE","description":"Just another Elfsight Sites site","potentialAction":[{"@type":"SearchAction","target":{"@type":"EntryPoint","urlTemplate":"https:\/\/elfsight.com\/de\/?s={search_term_string}"},"query-input":{"@type":"PropertyValueSpecification","valueRequired":true,"valueName":"search_term_string"}}],"inLanguage":"de"}]}},"meta_box":{"industry":"","seo_heading":"","heading":"","description":"","cta_heading":"","cta_description":"","application":"4127","h1":"Wix Banner-App","h1_caption":"Zeigen Sie anpassbare Banner auf Ihrer Website an, um Angebote zu bewerben, Veranstaltungen anzuk\u00fcndigen oder die Aufmerksamkeit auf wichtige Inhalte auf Ihrer Website von Wix zu lenken.","application_category":[],"applications_title":"","applications_request_title":"","applications_request_button_text":"","hero_text":"","hero_video":"","hero_video_schema_markup":"","selling_points_title":"","selling_points_caption":"","selling_points":[],"selling_points_cta_text":"","features_title":"","features":"","ed_cta_examples_text":"","ed_cta_examples_hidden":"","ed_cta_demo_text":"","ed_cta_demo_hidden":"","why_caption":"","why_editor_title":"","why_editor_text":"","why_team_title":"","why_team_text":"","why_service_title":"","why_service_text":"","template_catalog_visible":"","template_catalog_title":"","template_catalog_text":"","template_catalog_categories_visible":"","demo_title":"Erstellen Sie Ihre Banner-App","demo_caption":"Konfigurieren Sie Ihr Banner und f\u00fcgen Sie es kostenlos zu Ihrer Wix-Website hinzu!","default_faq_hidden":"","app_template_category":[],"platform":"265","template_public_id":"","codecanyon_url":"","codecanyon_item_id":"","codecanyon_price":"","pricing_caption":"","pricing_elfsight_apps_hide_column":"","pricing_elfsight_apps_url":"","pricing_codecanyon_price_caption":"","integration_category":[],"integration_request_title":"","integration_request_cta":"","integration_platform":"","integrations":[],"platform_category":[],"video_schema_markup":"","price":"ab 0 $ \/ Monat","trial":"","benefits":[{"text":"Kostenloser Installationsservice"},{"text":"Premium-Support"},{"text":"14-t\u00e4gige Geld-zur\u00fcck-Garantie"},{"text":"Laufende kostenlose Verbesserungen"}],"button_url":"#demo","button_target_blank":"","button_nofollow":"","attributes":[{"name":"Installiert","content":"10,000 - 100,000"},{"name":"Reaktionsfreudig","content":"Ja"},{"name":"Kompatible Browser","content":"Firefox, Safari, Opera, Chrome, Edge"}],"tags":[],"tags_disable_links":"","hide_more_platforms":"","video_object":"","demo_hide_cta":"","demo_hide_cloud_options":"","pricing_title":"","pricing":[{"pricing_icon":"platform","pricing_title":"Elfsight Apps","pricing_title_caption":"Plattformunabh\u00e4ngige Version, die f\u00fcr jede Website geeignet ist","pricing_price":"ab 0 $ \/ Monat","pricing_price_caption":"Beginnen Sie mit einem kostenlosen Plan","pricing_benefits":[{"text":"Unbegrenzte Domains"},{"text":"Professionelle Unterst\u00fctzung"},{"text":"Kostenloser Installationsservice"},{"text":"100 % anpassbar"}],"pricing_button_text":"Zur Website hinzuf\u00fcgen","pricing_button_url":"#demo"}],"related_apps_title":"","related_apps_hidden":"","author":"","image":[],"title":"","job":"","social_networks":[]},"_links":{"self":[{"href":"https:\/\/elfsight.com\/de\/wp-json\/wp\/v2\/pages\/8067","targetHints":{"allow":["GET"]}}],"collection":[{"href":"https:\/\/elfsight.com\/de\/wp-json\/wp\/v2\/pages"}],"about":[{"href":"https:\/\/elfsight.com\/de\/wp-json\/wp\/v2\/types\/page"}],"author":[{"embeddable":true,"href":"https:\/\/elfsight.com\/de\/wp-json\/wp\/v2\/users\/9"}],"replies":[{"embeddable":true,"href":"https:\/\/elfsight.com\/de\/wp-json\/wp\/v2\/comments?post=8067"}],"version-history":[{"count":2,"href":"https:\/\/elfsight.com\/de\/wp-json\/wp\/v2\/pages\/8067\/revisions"}],"predecessor-version":[{"id":21300,"href":"https:\/\/elfsight.com\/de\/wp-json\/wp\/v2\/pages\/8067\/revisions\/21300"}],"up":[{"embeddable":true,"href":"https:\/\/elfsight.com\/de\/wp-json\/wp\/v2\/pages\/4128"}],"wp:attachment":[{"href":"https:\/\/elfsight.com\/de\/wp-json\/wp\/v2\/media?parent=8067"}],"curies":[{"name":"wp","href":"https:\/\/api.w.org\/{rel}","templated":true}]}}