{"id":8060,"date":"2024-05-03T06:29:42","date_gmt":"2024-05-03T06:29:42","guid":{"rendered":"https:\/\/elfsight.com\/de\/?page_id=8060"},"modified":"2025-07-08T10:12:32","modified_gmt":"2025-07-08T10:12:32","slug":"google-sites","status":"publish","type":"page","link":"https:\/\/elfsight.com\/de\/banner-widget\/google-sites\/","title":{"rendered":"Banner &#8211; Google Sites"},"content":{"rendered":"<div class=\"application-platform-content-item-description application-platform-content-item\" id=\"description\" data-nav-section=\"description\"> <h2>Banner auf Google Sites mit dem Elfsight-Widget einbetten<\/h2> <p>Das Elfsight-Banner-Plugin f\u00fcr Google Sites ist eine \u00e4u\u00dferst anpassbare Funktion. Jetzt haben Sie die M\u00f6glichkeit, ein Werbebanner f\u00fcr fast jeden Zweck zu erstellen. Sie m\u00fcssen lediglich ein Hintergrundbild und die Art des Hintergrunds ausw\u00e4hlen, seine Position bestimmen und den Titel und Text hinzuf\u00fcgen. Vergessen Sie nicht, einen Call-to-Action-Button anzubringen \u2013 ein wesentlicher Bestandteil jedes Werbebanners. Und nat\u00fcrlich k\u00f6nnen Sie das Gesamtdesign des Widgets gerne so \u00e4ndern, wie es f\u00fcr Sie funktioniert. <\/p> <p><b>Bewerben Sie mit dem attraktiven Banner auf Ihrer Website Ihre Waren und Dienstleistungen und veranlassen Sie so mehr Website-Benutzer zum Kauf.<\/b><\/p> <\/div> <div class=\"application-platform-content-item-features application-platform-content-item\" id=\"features\" data-nav-section=\"features\"> <h2>Dies sind nur einige der zahlreichen Widget-Funktionen: <\/h2> <ul><li>Bilder und Videos hochladen. <\/li><li>Link, E-Mail oder Telefonnummer anh\u00e4ngen <\/li><li>Titel und Text hinzuf\u00fcgen. <\/li><li>Formulieren Sie Ihren CTA-Button. <\/li><li>Erlauben Sie, dass die Schaltfl\u00e4che gef\u00fcllt oder umrandet wird. <\/li><\/ul><p><a href=\"#demo\">Was das Plugin wert ist, k\u00f6nnen Sie anhand der Demo pr\u00fcfen<\/a><\/p> <\/div> <div class=\"application-platform-content-item-installation application-platform-content-item\" id=\"installation\" data-nav-section=\"installation\"> <h2>Wie kann ich meiner Google Sites-Website ein Banner hinzuf\u00fcgen? <\/h2> <p>Befolgen Sie einfach die nachstehenden Anweisungen, um das Plugin einzuf\u00fcgen. <\/p> <ol><li><b>\u00d6ffnen Sie unseren kostenlosen Konfigurator und beginnen Sie mit der Erstellung Ihres einzigartigen Plugins. <\/b><br> Geben Sie die bevorzugte Form und Aspekte des Plugins an und speichern Sie die Korrekturen. <\/li> <li><b>Erhalten Sie den eindeutigen Code, der in der Box auf Elfsight Apps angezeigt wird. <\/b><br> Nachdem die Erstellung Ihres Tools abgeschlossen ist, kopieren Sie den exklusiven Code aus dem angezeigten Popup und bewahren Sie ihn f\u00fcr zuk\u00fcnftige Gelegenheiten auf. <\/li> <li><b>Initiieren Sie die Anwendung des Widgets auf der Google Sites-Website. <\/b><br> F\u00fcgen Sie den k\u00fcrzlich gespeicherten Code in Ihre Website ein und \u00fcbernehmen Sie die Anpassungen. <\/li> <li><b>Das Setup wurde erfolgreich durchgef\u00fchrt. <\/b><br> Besuchen Sie Ihre Website, um einen Blick auf die Funktionsweise des Widgets zu werfen. <\/li><\/ol> <div class=\"tip-yellow tip\"><b>Aufgrund der Besonderheiten der Google Sites-Funktion sieht das Widget m\u00f6glicherweise anders aus als die Online-Demo. Wir entschuldigen uns f\u00fcr etwaige Unannehmlichkeiten.<\/b><\/div><p>Falls Sie auf Schwierigkeiten sto\u00dfen, wenden Sie sich bitte an unseren Kundendienst. Unsere Spezialisten beantworten gerne alle Fragen, die Sie zum Plugin haben. <\/p><div class=\"faq\" data-component=\"FAQ\"> <div class=\"faq-item\">\r\n\t\t\t\t\t<div class=\"faq-item-question\">\r\n\t\t\t\t\t\t<h3 class=\"faq-item-question-text\">Wie kann ich ohne Programmierkenntnisse Banner zu meiner Google Sites-Website hinzuf\u00fcgen?<\/h3>\r\n\r\n\t\t\t\t\t\t<div class=\"faq-item-question-icon\"><\/div>\r\n\t\t\t\t\t<\/div>\r\n\r\n\t\t\t\t\t<div class=\"faq-item-answer\">\r\n\t\t\t\t\t\t<div class=\"faq-item-answer-text\"> <p>Elfsight bietet eine SaaS-L\u00f6sung, mit der Sie selbst ein Banner-Widget erstellen k\u00f6nnen. Sehen Sie, wie einfach der Vorgang ist ist: Arbeiten Sie direkt im Online-Editor, um ein Banner-Widget zu erstellen, das Sie auf Ihrer Google Sites-Website sehen m\u00f6chten. W\u00e4hlen Sie eine der vorgefertigten Vorlagen aus und passen Sie die Bannereinstellungen an, f\u00fcgen Sie Ihre Inhalte hinzu, \u00e4ndern Sie das Layout und die Farben ohne Programmierkenntnisse. Speichern Sie das Banner und kopieren Sie den Installationscode, den Sie ganz einfach in Ihre Google Sites-Website einf\u00fcgen k\u00f6nnen, ohne einen kostenpflichtigen Plan kaufen zu m\u00fcssen. Mit unserem intuitiven Editor kann jeder Internetnutzer online ein Banner-Widget erstellen und es einfach in seine Google Sites-Website einbetten. Sie m\u00fcssen weder bezahlen noch Ihre Kartendaten eingeben, um auf den Service zuzugreifen. Sollten bei irgendeinem Schritt Probleme auftreten, wenden Sie sich bitte an unser technisches Support-Team.<\/p> <\/div>\r\n\t\t\t\t\t<\/div>\r\n\t\t\t\t<\/div> <\/div> <\/div>","protected":false},"excerpt":{"rendered":"","protected":false},"author":9,"featured_media":0,"parent":4128,"menu_order":0,"comment_status":"closed","ping_status":"closed","template":"templates\/template-application-platform.php","meta":{"publish_to_discourse":"","publish_post_category":"","wpdc_auto_publish_overridden":"","wpdc_topic_tags":"","wpdc_pin_topic":"","wpdc_pin_until":"","discourse_post_id":"","discourse_permalink":"","wpdc_publishing_response":"","wpdc_publishing_error":"","footnotes":""},"class_list":["post-8060","page","type-page","status-publish","hentry"],"yoast_head":"<!-- This site is optimized with the Yoast SEO plugin v25.3.1 - https:\/\/yoast.com\/wordpress\/plugins\/seo\/ -->\n<title>F\u00fcgen Sie das Banner-Plugin zur Google Sites-Website hinzu. Schnell und kostenlos (2026)<\/title>\n<meta name=\"description\" content=\"Integrieren Sie ein benutzerfreundliches Google Sites-Banner-Plugin auf der Website. Nutzen Sie die praktische Elfsight-Demo und erstellen Sie Ihr beeindruckendes Banner mit nur wenigen Klicks\" \/>\n<meta name=\"robots\" content=\"index, follow, max-snippet:-1, max-image-preview:large, max-video-preview:-1\" \/>\n<link rel=\"canonical\" href=\"https:\/\/elfsight.com\/de\/banner-widget\/google-sites\/\" \/>\n<meta property=\"og:locale\" content=\"de_DE\" \/>\n<meta property=\"og:type\" content=\"article\" \/>\n<meta property=\"og:title\" content=\"F\u00fcgen Sie das Banner-Plugin zur Google Sites-Website hinzu. Schnell und kostenlos (2026)\" \/>\n<meta property=\"og:description\" content=\"Integrieren Sie ein benutzerfreundliches Google Sites-Banner-Plugin auf der Website. Nutzen Sie die praktische Elfsight-Demo und erstellen Sie Ihr beeindruckendes Banner mit nur wenigen Klicks\" \/>\n<meta property=\"og:url\" content=\"https:\/\/elfsight.com\/de\/banner-widget\/google-sites\/\" \/>\n<meta property=\"og:site_name\" content=\"Elfsight DE\" \/>\n<meta property=\"article:modified_time\" content=\"2025-07-08T10:12:32+00:00\" \/>\n<meta name=\"twitter:card\" content=\"summary_large_image\" \/>\n<meta name=\"twitter:label1\" content=\"Gesch\u00e4tzte Lesezeit\" \/>\n\t<meta name=\"twitter:data1\" content=\"3\u00a0Minuten\" \/>\n<!-- \/ Yoast SEO plugin. -->","yoast_head_json":{"title":"F\u00fcgen Sie das Banner-Plugin zur Google Sites-Website hinzu. Schnell und kostenlos (2026)","description":"Integrieren Sie ein benutzerfreundliches Google Sites-Banner-Plugin auf der Website. Nutzen Sie die praktische Elfsight-Demo und erstellen Sie Ihr beeindruckendes Banner mit nur wenigen Klicks","robots":{"index":"index","follow":"follow","max-snippet":"max-snippet:-1","max-image-preview":"max-image-preview:large","max-video-preview":"max-video-preview:-1"},"canonical":"https:\/\/elfsight.com\/de\/banner-widget\/google-sites\/","og_locale":"de_DE","og_type":"article","og_title":"F\u00fcgen Sie das Banner-Plugin zur Google Sites-Website hinzu. Schnell und kostenlos (2026)","og_description":"Integrieren Sie ein benutzerfreundliches Google Sites-Banner-Plugin auf der Website. Nutzen Sie die praktische Elfsight-Demo und erstellen Sie Ihr beeindruckendes Banner mit nur wenigen Klicks","og_url":"https:\/\/elfsight.com\/de\/banner-widget\/google-sites\/","og_site_name":"Elfsight DE","article_modified_time":"2025-07-08T10:12:32+00:00","twitter_card":"summary_large_image","twitter_misc":{"Gesch\u00e4tzte Lesezeit":"3\u00a0Minuten"},"schema":{"@context":"https:\/\/schema.org","@graph":[{"@type":"WebPage","@id":"https:\/\/elfsight.com\/de\/banner-widget\/google-sites\/","url":"https:\/\/elfsight.com\/de\/banner-widget\/google-sites\/","name":"F\u00fcgen Sie das Banner-Plugin zur Google Sites-Website hinzu. Schnell und kostenlos (2026)","isPartOf":{"@id":"https:\/\/elfsight.com\/de\/#website"},"datePublished":"2024-05-03T06:29:42+00:00","dateModified":"2025-07-08T10:12:32+00:00","description":"Integrieren Sie ein benutzerfreundliches Google Sites-Banner-Plugin auf der Website. Nutzen Sie die praktische Elfsight-Demo und erstellen Sie Ihr beeindruckendes Banner mit nur wenigen Klicks","breadcrumb":{"@id":"https:\/\/elfsight.com\/de\/banner-widget\/google-sites\/#breadcrumb"},"inLanguage":"de","potentialAction":[{"@type":"ReadAction","target":["https:\/\/elfsight.com\/de\/banner-widget\/google-sites\/"]}]},{"@type":"BreadcrumbList","@id":"https:\/\/elfsight.com\/de\/banner-widget\/google-sites\/#breadcrumb","itemListElement":[{"@type":"ListItem","position":1,"name":"Home","item":"https:\/\/elfsight.com\/de\/"},{"@type":"ListItem","position":2,"name":"Banner","item":"https:\/\/elfsight.com\/de\/banner-widget\/"},{"@type":"ListItem","position":3,"name":"Banner &#8211; Google Sites"}]},{"@type":"WebSite","@id":"https:\/\/elfsight.com\/de\/#website","url":"https:\/\/elfsight.com\/de\/","name":"Elfsight DE","description":"Just another Elfsight Sites site","potentialAction":[{"@type":"SearchAction","target":{"@type":"EntryPoint","urlTemplate":"https:\/\/elfsight.com\/de\/?s={search_term_string}"},"query-input":{"@type":"PropertyValueSpecification","valueRequired":true,"valueName":"search_term_string"}}],"inLanguage":"de"}]}},"meta_box":{"industry":"","seo_heading":"","heading":"","description":"","cta_heading":"","cta_description":"","application":"4127","h1":"Google Sites-Banner-Plugin","h1_caption":"Zeigen Sie anpassbare Banner auf Ihrer Website an, um Angebote zu bewerben, Veranstaltungen anzuk\u00fcndigen oder die Aufmerksamkeit auf wichtige Inhalte auf Ihren Google Sites zu lenken.","application_category":[],"applications_title":"","applications_request_title":"","applications_request_button_text":"","hero_text":"","hero_video":"","hero_video_schema_markup":"","selling_points_title":"","selling_points_caption":"","selling_points":[],"selling_points_cta_text":"","features_title":"","features":"","ed_cta_examples_text":"","ed_cta_examples_hidden":"","ed_cta_demo_text":"","ed_cta_demo_hidden":"","why_caption":"","why_editor_title":"","why_editor_text":"","why_team_title":"","why_team_text":"","why_service_title":"","why_service_text":"","template_catalog_visible":"","template_catalog_title":"","template_catalog_text":"","template_catalog_categories_visible":"","demo_title":"Erstellen Sie Ihr Banner-Widget","demo_caption":"Konfigurieren Sie Ihr Banner und f\u00fcgen Sie es kostenlos zu Ihrer Google Sites-Website hinzu!","default_faq_hidden":"","app_template_category":[],"platform":"3000","template_public_id":"","codecanyon_url":"","codecanyon_item_id":"","codecanyon_price":"","pricing_caption":"","pricing_elfsight_apps_hide_column":"","pricing_elfsight_apps_url":"","pricing_codecanyon_price_caption":"","integration_category":[],"integration_request_title":"","integration_request_cta":"","integration_platform":"","integrations":[],"platform_category":[],"video_schema_markup":"","price":"ab 0 $ \/ Monat","trial":"","benefits":[{"text":"Kostenlose Installationsunterst\u00fctzung"},{"text":"Premium-Support"},{"text":"14-t\u00e4gige R\u00fcckerstattungsgarantie"},{"text":"Fortlaufende Entwicklung"}],"button_url":"#demo","button_target_blank":"","button_nofollow":"","attributes":[{"name":"Installiert","content":"10,000 - 100,000"},{"name":"Reaktionsfreudig","content":"Ja"},{"name":"Kompatible Browser","content":"Firefox, Safari, Opera, Chrome, Edge"}],"tags":[],"tags_disable_links":"","hide_more_platforms":"","video_object":"","demo_hide_cta":"","demo_hide_cloud_options":"","pricing_title":"","pricing":[{"pricing_icon":"platform","pricing_title":"Elfsight Apps","pricing_title_caption":"Plattformunabh\u00e4ngige L\u00f6sung","pricing_price":"ab 0 $ \/ Monat","pricing_price_caption":"Beginnen Sie mit einem kostenlosen Plan","pricing_benefits":[{"text":"Unbegrenzte Websites"},{"text":"Premium-Support und gut dokumentiert"},{"text":"Kostenlose Installationshilfe"},{"text":"100 % anpassbar"}],"pricing_button_text":"Zur Website hinzuf\u00fcgen","pricing_button_url":"#demo"}],"related_apps_title":"","related_apps_hidden":"","author":"","image":[],"title":"","job":"","social_networks":[]},"_links":{"self":[{"href":"https:\/\/elfsight.com\/de\/wp-json\/wp\/v2\/pages\/8060","targetHints":{"allow":["GET"]}}],"collection":[{"href":"https:\/\/elfsight.com\/de\/wp-json\/wp\/v2\/pages"}],"about":[{"href":"https:\/\/elfsight.com\/de\/wp-json\/wp\/v2\/types\/page"}],"author":[{"embeddable":true,"href":"https:\/\/elfsight.com\/de\/wp-json\/wp\/v2\/users\/9"}],"replies":[{"embeddable":true,"href":"https:\/\/elfsight.com\/de\/wp-json\/wp\/v2\/comments?post=8060"}],"version-history":[{"count":2,"href":"https:\/\/elfsight.com\/de\/wp-json\/wp\/v2\/pages\/8060\/revisions"}],"predecessor-version":[{"id":21298,"href":"https:\/\/elfsight.com\/de\/wp-json\/wp\/v2\/pages\/8060\/revisions\/21298"}],"up":[{"embeddable":true,"href":"https:\/\/elfsight.com\/de\/wp-json\/wp\/v2\/pages\/4128"}],"wp:attachment":[{"href":"https:\/\/elfsight.com\/de\/wp-json\/wp\/v2\/media?parent=8060"}],"curies":[{"name":"wp","href":"https:\/\/api.w.org\/{rel}","templated":true}]}}