{"id":8059,"date":"2024-05-03T06:29:41","date_gmt":"2024-05-03T06:29:41","guid":{"rendered":"https:\/\/elfsight.com\/de\/?page_id=8059"},"modified":"2025-07-08T10:12:27","modified_gmt":"2025-07-08T10:12:27","slug":"godaddy","status":"publish","type":"page","link":"https:\/\/elfsight.com\/de\/banner-widget\/godaddy\/","title":{"rendered":"Banner &#8211; GoDaddy"},"content":{"rendered":"<div class=\"application-platform-content-item-description application-platform-content-item\" id=\"description\" data-nav-section=\"description\"> <h2>Banner auf GoDaddy mit dem Elfsight-Widget einbetten<\/h2> <p>Das Elfsight-Banner-Plugin ist eine hochgradig personalisierbare Funktion f\u00fcr GoDaddy. Jetzt haben Sie die M\u00f6glichkeit, ein Werbebanner f\u00fcr jedes beliebige Ziel zu erstellen. Sie m\u00fcssen lediglich ein Hintergrundbild und die Art des Hintergrunds ausw\u00e4hlen, seine Position festlegen und den Titel und die Bildunterschrift hinzuf\u00fcgen. Denken Sie daran, einen Call-to-Action-Button anzubringen \u2013 ein entscheidendes Element jedes Werbebanners. Und nat\u00fcrlich k\u00f6nnen Sie die Farben des Plugins gerne nach Ihren W\u00fcnschen anpassen. <\/p> <p><b>Durch die Anbringung des attraktiven Banners auf Ihrer Website steigern Sie Ihre Angebote und Dienstleistungen und inspirieren mehr Benutzer zum Kauf.<\/b><\/p> <\/div> <div class=\"application-platform-content-item-features application-platform-content-item\" id=\"features\" data-nav-section=\"features\"> <h2>Lernen Sie die Liste der besten Funktionen kennen: <\/h2> <ul><li>Laden Sie Bilder und passende Videos hoch. <\/li><li>Links, E-Mail-Adresse oder Telefonnummer anh\u00e4ngen<\/li><li>Titel und Untertiteltext anh\u00e4ngen. <\/li><li>Erstellen Sie eine CTA-Schaltfl\u00e4che. <\/li><li>Lassen Sie die Schaltfl\u00e4che ausgef\u00fcllt oder umrandet sein. <\/li><\/ul><p><a href=\"#demo\">Probieren Sie einfach diese Demo aus, um die Funktionalit\u00e4t des Plugins zu verstehen<\/a><\/p> <\/div> <div class=\"application-platform-content-item-installation  application-platform-content-item\" id=\"installation \" data-nav-section=\"installation \"> <h2>Wie bette ich ein Banner in meine GoDaddy-Website ein? <\/h2> <p>Befolgen Sie einfach die nachstehenden Anweisungen, um das Tool zu aktivieren. <\/p> <ol><li><b>Nutzen Sie unseren kostenlosen Editor und beginnen Sie mit der Gestaltung Ihres individuellen Plugins. <\/b><br> W\u00e4hlen Sie die bevorzugte Schnittstelle und Spezifikationen des Tools und wenden Sie die Korrekturen an. <\/li> <li><b>Sie erhalten Ihren pers\u00f6nlichen Code, der im Fenster von Elfsight Apps angezeigt wird. <\/b><br> Kopieren Sie direkt nach Abschluss der Konfiguration Ihres pers\u00f6nlichen Tools den individuellen Code aus dem erscheinenden Popup und bewahren Sie ihn zur weiteren Verwendung auf. <\/li> <li><b>Initiieren Sie die Anwendung des Plugins auf Ihrer GoDaddy-Website. <\/b><br> Betten Sie den zuvor kopierten Code in Ihre Seite ein und \u00fcbernehmen Sie die \u00c4nderungen. <\/li> <li><b>Das Setup wurde erfolgreich abgeschlossen. <\/b><br> Besuchen Sie Ihre Webseite, um die Arbeit des Tools zu \u00fcberpr\u00fcfen. <\/li><\/ol> <p>Sollten Sie auf Probleme sto\u00dfen, wenden Sie sich bitte an unsere Kundendienstmitarbeiter. Unsere Spezialisten helfen Ihnen gerne bei allen Problemen, die Sie mit dem Plugin haben k\u00f6nnten. <\/p> <div class=\"faq\" data-component=\"FAQ\"> <div class=\"faq-item\">\r\n\t\t\t\t\t<div class=\"faq-item-question\">\r\n\t\t\t\t\t\t<h3 class=\"faq-item-question-text\">Wie kann ich ohne Programmierkenntnisse Banner zu meiner GoDaddy-Website hinzuf\u00fcgen?<\/h3>\r\n\r\n\t\t\t\t\t\t<div class=\"faq-item-question-icon\"><\/div>\r\n\t\t\t\t\t<\/div>\r\n\r\n\t\t\t\t\t<div class=\"faq-item-answer\">\r\n\t\t\t\t\t\t<div class=\"faq-item-answer-text\"> <p>Elfsight bietet eine SaaS-L\u00f6sung, mit der Sie selbst ein Banner-Widget erstellen k\u00f6nnen. Sehen Sie, wie einfach der Vorgang ist : Arbeiten Sie direkt im Online-Editor, um ein Banner-Widget zu erstellen, das Sie auf Ihrer GoDaddy-Website sehen m\u00f6chten. W\u00e4hlen Sie eine der vorgefertigten Vorlagen aus und passen Sie die Bannereinstellungen an, f\u00fcgen Sie Ihre Inhalte hinzu, \u00e4ndern Sie das Layout und das Farbschema ohne Programmierkenntnisse. Speichern Sie das Banner und kopieren Sie den Installationscode, den Sie m\u00fchelos in Ihre GoDaddy-Website einf\u00fcgen k\u00f6nnen, ohne einen kostenpflichtigen Plan kaufen zu m\u00fcssen. Mit unserem intuitiven Editor kann jeder Internetnutzer online ein Banner-Widget erstellen und es einfach in seine GoDaddy-Website einbetten. Sie m\u00fcssen weder bezahlen noch Ihre Kartendaten eingeben, um auf den Service zuzugreifen. Sollten bei irgendeinem Schritt Probleme auftreten, wenden Sie sich bitte an unser technisches Support-Team.<\/p> <\/div>\r\n\t\t\t\t\t<\/div>\r\n\t\t\t\t<\/div> <\/div> <\/div>","protected":false},"excerpt":{"rendered":"","protected":false},"author":9,"featured_media":0,"parent":4128,"menu_order":0,"comment_status":"closed","ping_status":"closed","template":"templates\/template-application-platform.php","meta":{"publish_to_discourse":"","publish_post_category":"","wpdc_auto_publish_overridden":"","wpdc_topic_tags":"","wpdc_pin_topic":"","wpdc_pin_until":"","discourse_post_id":"","discourse_permalink":"","wpdc_publishing_response":"","wpdc_publishing_error":"","footnotes":""},"class_list":["post-8059","page","type-page","status-publish","hentry"],"yoast_head":"<!-- This site is optimized with the Yoast SEO plugin v25.3.1 - https:\/\/yoast.com\/wordpress\/plugins\/seo\/ -->\n<title>Banner-Plugin \u2013 Banner-Plugin zur GoDaddy-Website hinzuf\u00fcgen!<\/title>\n<meta name=\"description\" content=\"Implementieren Sie ein f\u00fcr Mobilger\u00e4te optimiertes GoDaddy-Banner-Plugin auf der Website. Probieren Sie die praktische Elfsight-Demo aus und erstellen Sie Ihr atemberaubendes Banner-Plugin!\" \/>\n<meta name=\"robots\" content=\"index, follow, max-snippet:-1, max-image-preview:large, max-video-preview:-1\" \/>\n<link rel=\"canonical\" href=\"https:\/\/elfsight.com\/de\/banner-widget\/godaddy\/\" \/>\n<meta property=\"og:locale\" content=\"de_DE\" \/>\n<meta property=\"og:type\" content=\"article\" \/>\n<meta property=\"og:title\" content=\"Banner-Plugin \u2013 Banner-Plugin zur GoDaddy-Website hinzuf\u00fcgen!\" \/>\n<meta property=\"og:description\" content=\"Implementieren Sie ein f\u00fcr Mobilger\u00e4te optimiertes GoDaddy-Banner-Plugin auf der Website. Probieren Sie die praktische Elfsight-Demo aus und erstellen Sie Ihr atemberaubendes Banner-Plugin!\" \/>\n<meta property=\"og:url\" content=\"https:\/\/elfsight.com\/de\/banner-widget\/godaddy\/\" \/>\n<meta property=\"og:site_name\" content=\"Elfsight DE\" \/>\n<meta property=\"article:modified_time\" content=\"2025-07-08T10:12:27+00:00\" \/>\n<meta name=\"twitter:card\" content=\"summary_large_image\" \/>\n<meta name=\"twitter:label1\" content=\"Gesch\u00e4tzte Lesezeit\" \/>\n\t<meta name=\"twitter:data1\" content=\"3\u00a0Minuten\" \/>\n<!-- \/ Yoast SEO plugin. -->","yoast_head_json":{"title":"Banner-Plugin \u2013 Banner-Plugin zur GoDaddy-Website hinzuf\u00fcgen!","description":"Implementieren Sie ein f\u00fcr Mobilger\u00e4te optimiertes GoDaddy-Banner-Plugin auf der Website. Probieren Sie die praktische Elfsight-Demo aus und erstellen Sie Ihr atemberaubendes Banner-Plugin!","robots":{"index":"index","follow":"follow","max-snippet":"max-snippet:-1","max-image-preview":"max-image-preview:large","max-video-preview":"max-video-preview:-1"},"canonical":"https:\/\/elfsight.com\/de\/banner-widget\/godaddy\/","og_locale":"de_DE","og_type":"article","og_title":"Banner-Plugin \u2013 Banner-Plugin zur GoDaddy-Website hinzuf\u00fcgen!","og_description":"Implementieren Sie ein f\u00fcr Mobilger\u00e4te optimiertes GoDaddy-Banner-Plugin auf der Website. Probieren Sie die praktische Elfsight-Demo aus und erstellen Sie Ihr atemberaubendes Banner-Plugin!","og_url":"https:\/\/elfsight.com\/de\/banner-widget\/godaddy\/","og_site_name":"Elfsight DE","article_modified_time":"2025-07-08T10:12:27+00:00","twitter_card":"summary_large_image","twitter_misc":{"Gesch\u00e4tzte Lesezeit":"3\u00a0Minuten"},"schema":{"@context":"https:\/\/schema.org","@graph":[{"@type":"WebPage","@id":"https:\/\/elfsight.com\/de\/banner-widget\/godaddy\/","url":"https:\/\/elfsight.com\/de\/banner-widget\/godaddy\/","name":"Banner-Plugin \u2013 Banner-Plugin zur GoDaddy-Website hinzuf\u00fcgen!","isPartOf":{"@id":"https:\/\/elfsight.com\/de\/#website"},"datePublished":"2024-05-03T06:29:41+00:00","dateModified":"2025-07-08T10:12:27+00:00","description":"Implementieren Sie ein f\u00fcr Mobilger\u00e4te optimiertes GoDaddy-Banner-Plugin auf der Website. Probieren Sie die praktische Elfsight-Demo aus und erstellen Sie Ihr atemberaubendes Banner-Plugin!","breadcrumb":{"@id":"https:\/\/elfsight.com\/de\/banner-widget\/godaddy\/#breadcrumb"},"inLanguage":"de","potentialAction":[{"@type":"ReadAction","target":["https:\/\/elfsight.com\/de\/banner-widget\/godaddy\/"]}]},{"@type":"BreadcrumbList","@id":"https:\/\/elfsight.com\/de\/banner-widget\/godaddy\/#breadcrumb","itemListElement":[{"@type":"ListItem","position":1,"name":"Home","item":"https:\/\/elfsight.com\/de\/"},{"@type":"ListItem","position":2,"name":"Banner","item":"https:\/\/elfsight.com\/de\/banner-widget\/"},{"@type":"ListItem","position":3,"name":"Banner &#8211; GoDaddy"}]},{"@type":"WebSite","@id":"https:\/\/elfsight.com\/de\/#website","url":"https:\/\/elfsight.com\/de\/","name":"Elfsight DE","description":"Just another Elfsight Sites site","potentialAction":[{"@type":"SearchAction","target":{"@type":"EntryPoint","urlTemplate":"https:\/\/elfsight.com\/de\/?s={search_term_string}"},"query-input":{"@type":"PropertyValueSpecification","valueRequired":true,"valueName":"search_term_string"}}],"inLanguage":"de"}]}},"meta_box":{"industry":"","seo_heading":"","heading":"","description":"","cta_heading":"","cta_description":"","application":"4127","h1":"GoDaddy-Banner-Plugin","h1_caption":"Zeigen Sie anpassbare Banner auf Ihrer Website an, um Angebote zu bewerben, Veranstaltungen anzuk\u00fcndigen oder die Aufmerksamkeit auf wichtige Inhalte auf Ihrer GoDaddy-Website zu lenken.","application_category":[],"applications_title":"","applications_request_title":"","applications_request_button_text":"","hero_text":"","hero_video":"","hero_video_schema_markup":"","selling_points_title":"","selling_points_caption":"","selling_points":[],"selling_points_cta_text":"","features_title":"","features":"","ed_cta_examples_text":"","ed_cta_examples_hidden":"","ed_cta_demo_text":"","ed_cta_demo_hidden":"","why_caption":"","why_editor_title":"","why_editor_text":"","why_team_title":"","why_team_text":"","why_service_title":"","why_service_text":"","template_catalog_visible":"","template_catalog_title":"","template_catalog_text":"","template_catalog_categories_visible":"","demo_title":"Erstellen Sie Ihr Banner-Plugin","demo_caption":"Konfigurieren Sie Ihr Banner und f\u00fcgen Sie es kostenlos zu Ihrer GoDaddy-Website hinzu!","default_faq_hidden":"","app_template_category":[],"platform":"241","template_public_id":"","codecanyon_url":"","codecanyon_item_id":"","codecanyon_price":"","pricing_caption":"","pricing_elfsight_apps_hide_column":"","pricing_elfsight_apps_url":"","pricing_codecanyon_price_caption":"","integration_category":[],"integration_request_title":"","integration_request_cta":"","integration_platform":"","integrations":[],"platform_category":[],"video_schema_markup":"","price":"ab 0 $ \/ Monat","trial":"","benefits":[{"text":"Kostenloser Installationsservice"},{"text":"Effektiver Kundenservice"},{"text":"14-t\u00e4gige R\u00fcckerstattungsgarantie"},{"text":"Laufende Updates"}],"button_url":"#demo","button_target_blank":"","button_nofollow":"","attributes":[{"name":"Installiert","content":"10,000 - 100,000"},{"name":"Reaktionsfreudig","content":"Ja"},{"name":"Kompatible Browser","content":"IE11, Firefox, Safari, Opera, Chrome, Edge"}],"tags":[],"tags_disable_links":"","hide_more_platforms":"","video_object":"","demo_hide_cta":"","demo_hide_cloud_options":"","pricing_title":"","pricing":[{"pricing_icon":"platform","pricing_title":"Elfsight Apps","pricing_title_caption":"Plattform\u00fcbergreifende L\u00f6sung, die f\u00fcr jede Website geeignet ist","pricing_price":"ab 0 $ \/ Monat","pricing_price_caption":"Beginnen Sie mit einem kostenlosen Plan","pricing_benefits":[{"text":"Unbegrenzte Domains"},{"text":"Professionelle Unterst\u00fctzung und gut dokumentiert"},{"text":"Kostenloser Installationsservice"},{"text":"Flexibles Design"}],"pricing_button_text":"Zur Website hinzuf\u00fcgen","pricing_button_url":"#demo"}],"related_apps_title":"","related_apps_hidden":"","author":"","image":[],"title":"","job":"","social_networks":[]},"_links":{"self":[{"href":"https:\/\/elfsight.com\/de\/wp-json\/wp\/v2\/pages\/8059","targetHints":{"allow":["GET"]}}],"collection":[{"href":"https:\/\/elfsight.com\/de\/wp-json\/wp\/v2\/pages"}],"about":[{"href":"https:\/\/elfsight.com\/de\/wp-json\/wp\/v2\/types\/page"}],"author":[{"embeddable":true,"href":"https:\/\/elfsight.com\/de\/wp-json\/wp\/v2\/users\/9"}],"replies":[{"embeddable":true,"href":"https:\/\/elfsight.com\/de\/wp-json\/wp\/v2\/comments?post=8059"}],"version-history":[{"count":2,"href":"https:\/\/elfsight.com\/de\/wp-json\/wp\/v2\/pages\/8059\/revisions"}],"predecessor-version":[{"id":21297,"href":"https:\/\/elfsight.com\/de\/wp-json\/wp\/v2\/pages\/8059\/revisions\/21297"}],"up":[{"embeddable":true,"href":"https:\/\/elfsight.com\/de\/wp-json\/wp\/v2\/pages\/4128"}],"wp:attachment":[{"href":"https:\/\/elfsight.com\/de\/wp-json\/wp\/v2\/media?parent=8059"}],"curies":[{"name":"wp","href":"https:\/\/api.w.org\/{rel}","templated":true}]}}