{"id":8057,"date":"2024-05-03T06:29:39","date_gmt":"2024-05-03T06:29:39","guid":{"rendered":"https:\/\/elfsight.com\/de\/?page_id=8057"},"modified":"2025-02-20T05:52:52","modified_gmt":"2025-02-20T05:52:52","slug":"jimdo","status":"publish","type":"page","link":"https:\/\/elfsight.com\/de\/banner-widget\/jimdo\/","title":{"rendered":"Banner &#8211; Jimdo"},"content":{"rendered":"\n<div class=\"application-platform-content-item-description application-platform-content-item\" id=\"description\" data-nav-section=\"description\"> <h2>Beschreibung<\/h2> <p>Das Elfsight-Banner-Widget ist ein hochgradig anpassbares Widget f\u00fcr Jimdo. Jetzt haben Sie die M\u00f6glichkeit, ein Werbebanner f\u00fcr jedes beliebige Ziel zu erstellen. Sie m\u00fcssen lediglich ein Hintergrundbild und die Art des Hintergrunds ausw\u00e4hlen, seine Position festlegen und den Titel und Text hinzuf\u00fcgen. Vergessen Sie nicht, einen CTA-Button hinzuzuf\u00fcgen \u2013 ein wesentlicher Bestandteil jedes Werbebanners. Und nat\u00fcrlich steht es Ihnen frei, das Gesamtdesign des Widgets so zu \u00e4ndern, wie es f\u00fcr Sie funktioniert. <\/p> <p><b>Bewerben Sie Ihre Angebote und Dienstleistungen mit unserem attraktiven Banner auf Ihrer Website und inspirieren Sie so mehr Website-Benutzer zum Kauf.<\/b><\/p> <\/div> <div class=\"application-platform-content-item-features application-platform-content-item\" id=\"features\" data-nav-section=\"features\"> <h2>Dies sind nur einige der verschiedenen Widget-Funktionen: <\/h2> <ul><li>Fotos und Videos hochladen. <\/li><li>F\u00fcgen Sie einen Link, Ihre E-Mail-Adresse oder Telefonnummer hinzu. <\/li><li>F\u00fcgen Sie Titel und Untertiteltext hinzu. <\/li><li>Erstellen Sie Ihren CTA-Button. <\/li><li>Lassen Sie Ihren Button ausgef\u00fcllt oder umrandet sein. <\/li><\/ul><p><a href=\"#demo\">Probieren Sie einfach diese Demo aus, um zu sehen, was das Widget wert ist<\/a><\/p> <\/div> <div class=\"application-platform-content-item-installation application-platform-content-item\" id=\"installation\" data-nav-section=\"installation\"> <h2>Wie kann ich ein Banner auf meiner Jimdo-Seite einbetten? <\/h2> <p>Befolgen Sie einfach die folgenden Richtlinien, um das Widget einzuf\u00fcgen. <\/p> <ol><li><b>Nutzen Sie unsere kostenlose Demo und beginnen Sie mit der Gestaltung Ihres personalisierten Widgets. <\/b><br> Geben Sie das gew\u00fcnschte Design und die Spezifikationen des Widgets an und speichern Sie die Korrekturen. <\/li> <li><b>Erhalten Sie den individuellen Code, der im Fenster von Elfsight Apps angezeigt wird. <\/b><br> Kopieren Sie unmittelbar nach Abschluss der Konfiguration Ihres Widgets den pers\u00f6nlichen Code aus dem angezeigten Popup und bewahren Sie ihn f\u00fcr die zuk\u00fcnftige Verwendung auf. <\/li> <li><b>Erste Schritte mit der Verwendung des Tools auf der Jimdo-Webseite. <\/b><br> Platzieren Sie den zuvor kopierten Code auf Ihrer Homepage und \u00fcbernehmen Sie die \u00c4nderungen. <\/li> <li><b>Das Setup ist vollst\u00e4ndig abgeschlossen. <\/b><br> Besuchen Sie Ihre Website, um in Aktion zu sehen, wie das Widget funktioniert. <\/li><\/ol> <p>Sollten Sie auf Schwierigkeiten sto\u00dfen, z\u00f6gern Sie nicht, sich an unser Support-Team zu wenden. Unsere Berater beantworten gerne alle Fragen, die Sie zum Widget haben. <\/p> <div class=\"faq\" data-component=\"FAQ\"> <div class=\"faq-item\">\r\n\t\t\t\t\t<div class=\"faq-item-question\">\r\n\t\t\t\t\t\t<h3 class=\"faq-item-question-text\">Wie kann ich ohne Programmierkenntnisse Banner zu meiner Jimdo-Website hinzuf\u00fcgen?<\/h3>\r\n\r\n\t\t\t\t\t\t<div class=\"faq-item-question-icon\"><\/div>\r\n\t\t\t\t\t<\/div>\r\n\r\n\t\t\t\t\t<div class=\"faq-item-answer\">\r\n\t\t\t\t\t\t<div class=\"faq-item-answer-text\"> <p>Elfsight bietet eine SaaS-L\u00f6sung, mit der Sie selbst ein Banner-Widget erstellen k\u00f6nnen. Sehen Sie, wie einfach der Vorgang ist : Erstellen Sie direkt im Online-Editor ein Banner-Widget, das Sie auf Ihrer Jimdo-Website sehen m\u00f6chten. W\u00e4hlen Sie eine der vorgefertigten Vorlagen aus und passen Sie die Bannereinstellungen an, f\u00fcgen Sie Ihre Inhalte hinzu, \u00e4ndern Sie das Layout und die Farben ohne Programmierkenntnisse. Speichern Sie das Banner und kopieren Sie den Installationscode, den Sie in Ihre Jimdo-Website einf\u00fcgen k\u00f6nnen, ohne eine kostenpflichtige Version kaufen zu m\u00fcssen. Mit unserem intuitiven Editor kann jeder Internetnutzer online ein Banner-Widget erstellen und es einfach in seine Jimdo-Website einbetten. Sie m\u00fcssen weder bezahlen noch Ihre Kartendaten eingeben, um auf den Service zuzugreifen. Sollten bei irgendeinem Schritt Probleme auftreten, wenden Sie sich bitte an unser technisches Support-Team.<\/p> <\/div>\r\n\t\t\t\t\t<\/div>\r\n\t\t\t\t<\/div> <\/div> <\/div>\n","protected":false},"excerpt":{"rendered":"","protected":false},"author":9,"featured_media":0,"parent":4128,"menu_order":0,"comment_status":"closed","ping_status":"closed","template":"templates\/template-application-platform.php","meta":{"publish_to_discourse":"","publish_post_category":"","wpdc_auto_publish_overridden":"","wpdc_topic_tags":"","wpdc_pin_topic":"","wpdc_pin_until":"","discourse_post_id":"","discourse_permalink":"","wpdc_publishing_response":"","wpdc_publishing_error":"","footnotes":""},"class_list":["post-8057","page","type-page","status-publish","hentry"],"yoast_head":"<!-- This site is optimized with the Yoast SEO plugin v25.3.1 - https:\/\/yoast.com\/wordpress\/plugins\/seo\/ -->\n<title>Betten Sie das Banner-Widget in die Jimdo-Website ein. Schnell und kostenlos (2025)<\/title>\n<meta name=\"description\" content=\"F\u00fcgen Sie der Website ein einfach zu verwaltendes Jimdo-Banner-Widget hinzu. Probieren Sie die praktische Demo von Elfsight aus und erstellen Sie Ihr atemberaubendes Banner in drei Minuten.\" \/>\n<meta name=\"robots\" content=\"index, follow, max-snippet:-1, max-image-preview:large, max-video-preview:-1\" \/>\n<link rel=\"canonical\" href=\"https:\/\/elfsight.com\/de\/banner-widget\/jimdo\/\" \/>\n<meta property=\"og:locale\" content=\"de_DE\" \/>\n<meta property=\"og:type\" content=\"article\" \/>\n<meta property=\"og:title\" content=\"Betten Sie das Banner-Widget in die Jimdo-Website ein. Schnell und kostenlos (2025)\" \/>\n<meta property=\"og:description\" content=\"F\u00fcgen Sie der Website ein einfach zu verwaltendes Jimdo-Banner-Widget hinzu. Probieren Sie die praktische Demo von Elfsight aus und erstellen Sie Ihr atemberaubendes Banner in drei Minuten.\" \/>\n<meta property=\"og:url\" content=\"https:\/\/elfsight.com\/de\/banner-widget\/jimdo\/\" \/>\n<meta property=\"og:site_name\" content=\"Elfsight DE\" \/>\n<meta property=\"article:modified_time\" content=\"2025-02-20T05:52:52+00:00\" \/>\n<meta name=\"twitter:card\" content=\"summary_large_image\" \/>\n<meta name=\"twitter:label1\" content=\"Gesch\u00e4tzte Lesezeit\" \/>\n\t<meta name=\"twitter:data1\" content=\"3\u00a0Minuten\" \/>\n<!-- \/ Yoast SEO plugin. -->","yoast_head_json":{"title":"Betten Sie das Banner-Widget in die Jimdo-Website ein. Schnell und kostenlos (2025)","description":"F\u00fcgen Sie der Website ein einfach zu verwaltendes Jimdo-Banner-Widget hinzu. Probieren Sie die praktische Demo von Elfsight aus und erstellen Sie Ihr atemberaubendes Banner in drei Minuten.","robots":{"index":"index","follow":"follow","max-snippet":"max-snippet:-1","max-image-preview":"max-image-preview:large","max-video-preview":"max-video-preview:-1"},"canonical":"https:\/\/elfsight.com\/de\/banner-widget\/jimdo\/","og_locale":"de_DE","og_type":"article","og_title":"Betten Sie das Banner-Widget in die Jimdo-Website ein. Schnell und kostenlos (2025)","og_description":"F\u00fcgen Sie der Website ein einfach zu verwaltendes Jimdo-Banner-Widget hinzu. Probieren Sie die praktische Demo von Elfsight aus und erstellen Sie Ihr atemberaubendes Banner in drei Minuten.","og_url":"https:\/\/elfsight.com\/de\/banner-widget\/jimdo\/","og_site_name":"Elfsight DE","article_modified_time":"2025-02-20T05:52:52+00:00","twitter_card":"summary_large_image","twitter_misc":{"Gesch\u00e4tzte Lesezeit":"3\u00a0Minuten"},"schema":{"@context":"https:\/\/schema.org","@graph":[{"@type":"WebPage","@id":"https:\/\/elfsight.com\/de\/banner-widget\/jimdo\/","url":"https:\/\/elfsight.com\/de\/banner-widget\/jimdo\/","name":"Betten Sie das Banner-Widget in die Jimdo-Website ein. Schnell und kostenlos (2025)","isPartOf":{"@id":"https:\/\/elfsight.com\/de\/#website"},"datePublished":"2024-05-03T06:29:39+00:00","dateModified":"2025-02-20T05:52:52+00:00","description":"F\u00fcgen Sie der Website ein einfach zu verwaltendes Jimdo-Banner-Widget hinzu. Probieren Sie die praktische Demo von Elfsight aus und erstellen Sie Ihr atemberaubendes Banner in drei Minuten.","breadcrumb":{"@id":"https:\/\/elfsight.com\/de\/banner-widget\/jimdo\/#breadcrumb"},"inLanguage":"de","potentialAction":[{"@type":"ReadAction","target":["https:\/\/elfsight.com\/de\/banner-widget\/jimdo\/"]}]},{"@type":"BreadcrumbList","@id":"https:\/\/elfsight.com\/de\/banner-widget\/jimdo\/#breadcrumb","itemListElement":[{"@type":"ListItem","position":1,"name":"Home","item":"https:\/\/elfsight.com\/de\/"},{"@type":"ListItem","position":2,"name":"Banner","item":"https:\/\/elfsight.com\/de\/banner-widget\/"},{"@type":"ListItem","position":3,"name":"Banner &#8211; Jimdo"}]},{"@type":"WebSite","@id":"https:\/\/elfsight.com\/de\/#website","url":"https:\/\/elfsight.com\/de\/","name":"Elfsight DE","description":"Just another Elfsight Sites site","potentialAction":[{"@type":"SearchAction","target":{"@type":"EntryPoint","urlTemplate":"https:\/\/elfsight.com\/de\/?s={search_term_string}"},"query-input":{"@type":"PropertyValueSpecification","valueRequired":true,"valueName":"search_term_string"}}],"inLanguage":"de"}]}},"meta_box":{"industry":"","seo_heading":"","heading":"","description":"","cta_heading":"","cta_description":"","application":"4127","h1":"Jimdo-Banner-Widget","h1_caption":"Zeigen Sie anpassbare Banner auf Ihrer Website an, um Angebote zu bewerben, Veranstaltungen anzuk\u00fcndigen oder die Aufmerksamkeit auf wichtige Inhalte Ihrer Jimdo-Website zu lenken.","application_category":[],"applications_title":"","applications_request_title":"","applications_request_button_text":"","hero_text":"","hero_video":"","hero_video_schema_markup":"","selling_points_title":"","selling_points_caption":"","selling_points":[],"selling_points_cta_text":"","features_title":"","features":"","ed_cta_examples_text":"","ed_cta_examples_hidden":"","ed_cta_demo_text":"","ed_cta_demo_hidden":"","why_caption":"","why_editor_title":"","why_editor_text":"","why_team_title":"","why_team_text":"","why_service_title":"","why_service_text":"","template_catalog_visible":"0","template_catalog_title":"","template_catalog_text":"","template_catalog_categories_visible":"","demo_title":"Erstellen Sie Ihr Banner-Widget","demo_caption":"Konfigurieren Sie Ihr Banner und f\u00fcgen Sie es kostenlos zu Ihrer Jimdo-Website hinzu!","default_faq_hidden":"","app_template_category":[],"platform":"239","template_public_id":"","codecanyon_url":"","codecanyon_item_id":"","codecanyon_price":"","pricing_caption":"","pricing_elfsight_apps_hide_column":"","pricing_elfsight_apps_url":"","pricing_codecanyon_price_caption":"","integration_category":[],"integration_request_title":"","integration_request_cta":"","integration_platform":"","integrations":[],"platform_category":[],"video_schema_markup":"","price":"ab 0 $ \/ Monat","trial":"","benefits":[{"text":"Kostenlose Installationsunterst\u00fctzung"},{"text":"Au\u00dfergew\u00f6hnlicher Kundenservice"},{"text":"14-t\u00e4gige Geld-zur\u00fcck-Garantie"},{"text":"Laufende kostenlose Verbesserungen"}],"button_url":"#demo","button_target_blank":"0","button_nofollow":"0","attributes":[{"name":"Installiert","content":"10,000 - 100,000"},{"name":"Reaktionsfreudig","content":"Ja"},{"name":"Kompatible Browser","content":"Firefox, Safari, Opera, Chrome, Edge"}],"tags":[],"tags_disable_links":"0","hide_more_platforms":"0","video_object":"","demo_hide_cta":"0","demo_hide_cloud_options":"0","pricing_title":"","pricing":[{"pricing_icon":"platform","pricing_title":"Elfsight Apps","pricing_title_caption":"Plattformunabh\u00e4ngige L\u00f6sung, die f\u00fcr jede Site geeignet ist","pricing_price":"ab 0 $ \/ Monat","pricing_price_caption":"Beginnen Sie mit einem kostenlosen Plan","pricing_benefits":[{"text":"Unbegrenzte Websites"},{"text":"Kostenloser Kundensupport"},{"text":"Kostenlose Installationshilfe"},{"text":"100 % anpassbar"}],"pricing_button_text":"Zur Website hinzuf\u00fcgen","pricing_button_url":"#demo"}],"related_apps_title":"","related_apps_hidden":"0","author":"","image":[],"title":"","job":"","social_networks":[]},"_links":{"self":[{"href":"https:\/\/elfsight.com\/de\/wp-json\/wp\/v2\/pages\/8057","targetHints":{"allow":["GET"]}}],"collection":[{"href":"https:\/\/elfsight.com\/de\/wp-json\/wp\/v2\/pages"}],"about":[{"href":"https:\/\/elfsight.com\/de\/wp-json\/wp\/v2\/types\/page"}],"author":[{"embeddable":true,"href":"https:\/\/elfsight.com\/de\/wp-json\/wp\/v2\/users\/9"}],"replies":[{"embeddable":true,"href":"https:\/\/elfsight.com\/de\/wp-json\/wp\/v2\/comments?post=8057"}],"version-history":[{"count":3,"href":"https:\/\/elfsight.com\/de\/wp-json\/wp\/v2\/pages\/8057\/revisions"}],"predecessor-version":[{"id":24459,"href":"https:\/\/elfsight.com\/de\/wp-json\/wp\/v2\/pages\/8057\/revisions\/24459"}],"up":[{"embeddable":true,"href":"https:\/\/elfsight.com\/de\/wp-json\/wp\/v2\/pages\/4128"}],"wp:attachment":[{"href":"https:\/\/elfsight.com\/de\/wp-json\/wp\/v2\/media?parent=8057"}],"curies":[{"name":"wp","href":"https:\/\/api.w.org\/{rel}","templated":true}]}}