{"id":8051,"date":"2024-05-03T06:29:37","date_gmt":"2024-05-03T06:29:37","guid":{"rendered":"https:\/\/elfsight.com\/de\/?page_id=8051"},"modified":"2025-02-14T07:05:19","modified_gmt":"2025-02-14T07:05:19","slug":"bigcommerce","status":"publish","type":"page","link":"https:\/\/elfsight.com\/de\/background-music-widget\/bigcommerce\/","title":{"rendered":"Background Music &#8211; BigCommerce"},"content":{"rendered":"\n<div class=\"application-platform-content-item-description application-platform-content-item\" id=\"description\" data-nav-section=\"description\"> <h2>Beschreibung<\/h2> <p>Elfsight Background Music ist ein unkompliziertes Widget f\u00fcr BigCommerce-Websites, das Ihnen die M\u00f6glichkeit gibt, Audiotracks direkt auf der zu streamen Seiten Ihrer Website. Das Plugin ist enorm anpassbar: Sie k\u00f6nnen seine Position \u00e4ndern, indem Sie es an einer beliebigen Stelle auf der Seite platzieren, seine Gr\u00f6\u00dfe \u00e4ndern, den Hintergrund und andere Elemente neu einf\u00e4rben, um es mit dem Design Ihrer Website zu kombinieren, ein dunkles Farbschema anwenden, Cover anzeigen und demonstrieren oder ausblenden 4 weitere Spielerdetails, zum Beispiel Fortschrittsbalken, Titel und viele mehr. Laden Sie so viele Titel hoch, wie Sie m\u00f6chten, um Ihre Benutzer zu unterhalten, schalten Sie die Autoplay-Option ein und z\u00f6gern Sie nicht \u2013 Ihr Publikum wird Ihre Website nicht so schnell verlassen!<\/p> <p><b>Machen Sie Ihre Website effektiver f\u00fcr E-Commerce-Ziele mit Hilfe des Hintergrundmusik-Players<\/b><\/p> <\/div> <div class=\"application-platform-content-item-features application-platform-content-item\" id=\"features\" data-nav-section=\"features\"> <h2>Die wertvollsten Widget-Funktionen bieten<\/h2> <ul><li>Unbegrenzt Farbvariationen<\/li><li>Dunkles\/helles Farbthema<\/li><li>Responsives Design<\/li><li>Zwei Layouts verf\u00fcgbar<\/li><li>Eine M\u00f6glichkeit, ein Hintergrundbild anzuh\u00e4ngen<\/li> <\/ul><p><a href=\"#demo\">Die volle Funktionalit\u00e4t des Widgets erfahren Sie in der Demo unten<\/a><\/p> <\/div> <div class=\"application-platform-content-item-installation application-platform-content-item\" id=\"installation\" data-nav-section=\"installation\"> <h2>Wie bette ich Elfsight-Hintergrundmusik in meine BigCommerce-Website ein? <\/h2> <div class=\"video-container\"><iframe width=\"560\" height=\"315\" src=\"https:\/\/www.youtube.com\/embed\/q5N8JmH1UGw?si=TYwm_HQhlZlyN_IZ\" frameborder=\"0\" allow=\"accelerometer; autoplay; clipboard-write; encrypted-media; gyroscope; picture-in-picture; web-share\" allowfullscreen><\/iframe><\/div><p>Befolgen Sie einfach die nachstehenden Anweisungen, um das Widget einzubetten. <\/p> <ol><li><b>Nutzen Sie unsere kostenlose Demo und beginnen Sie mit der Gestaltung Ihres ma\u00dfgeschneiderten Widgets. <\/b><br> Finden Sie das passende Design und die passenden Eigenschaften des Widgets und speichern Sie alle Korrekturen. <\/li> <li><b>Holen Sie sich den individuellen Code, der im Fenster von Elfsight Apps angezeigt wird. <\/b><br> Wenn die Konfiguration Ihres Widgets abgeschlossen ist, kopieren Sie den einzelnen Code aus dem angezeigten Fenster und speichern Sie ihn f\u00fcr die zuk\u00fcnftige Verwendung. <\/li> <li><b>Beginnen Sie mit der Verwendung des Widgets auf Ihrer BigCommerce-Website. <\/b><br> Platzieren Sie den Code, den Sie zuvor gespeichert haben, auf Ihrer Seite und speichern Sie die Verbesserungen. <\/li> <li><b>Die Einrichtung ist vollst\u00e4ndig abgeschlossen. <\/b><br> \u00d6ffnen Sie Ihre Website, um die Funktionsweise des Widgets zu \u00fcberpr\u00fcfen. <\/li><\/ol><p>Wenn Sie Fragen haben oder auf Hindernisse sto\u00dfen, wenden Sie sich bitte an unser Support-Team. Unsere Spezialisten helfen Ihnen gerne bei allen Schwierigkeiten, die Sie mit dem Produkt haben k\u00f6nnten. <\/p> <\/div>\n","protected":false},"excerpt":{"rendered":"","protected":false},"author":9,"featured_media":0,"parent":2301,"menu_order":0,"comment_status":"closed","ping_status":"closed","template":"templates\/template-application-platform.php","meta":{"publish_to_discourse":"","publish_post_category":"","wpdc_auto_publish_overridden":"","wpdc_topic_tags":"","wpdc_pin_topic":"","wpdc_pin_until":"","discourse_post_id":"","discourse_permalink":"","wpdc_publishing_response":"","wpdc_publishing_error":"","footnotes":""},"class_list":["post-8051","page","type-page","status-publish","hentry"],"yoast_head":"<!-- This site is optimized with the Yoast SEO plugin v25.3.1 - https:\/\/yoast.com\/wordpress\/plugins\/seo\/ -->\n<title>Hintergrundmusik-Player f\u00fcr die BigCommerce-Website (kostenlos und ohne Programmierung)<\/title>\n<meta name=\"description\" content=\"Betten Sie ein adaptives Hintergrund-Audio-Widget in Ihre BigCommerce-Site ein. Nutzen Sie die \u00fcbersichtliche Demo und erstellen Sie Ihr personalisiertes Widget in nur 2 Minuten.\" \/>\n<meta name=\"robots\" content=\"index, follow, max-snippet:-1, max-image-preview:large, max-video-preview:-1\" \/>\n<link rel=\"canonical\" href=\"https:\/\/elfsight.com\/de\/background-music-widget\/bigcommerce\/\" \/>\n<meta property=\"og:locale\" content=\"de_DE\" \/>\n<meta property=\"og:type\" content=\"article\" \/>\n<meta property=\"og:title\" content=\"Hintergrundmusik-Player f\u00fcr die BigCommerce-Website (kostenlos und ohne Programmierung)\" \/>\n<meta property=\"og:description\" content=\"Betten Sie ein adaptives Hintergrund-Audio-Widget in Ihre BigCommerce-Site ein. Nutzen Sie die \u00fcbersichtliche Demo und erstellen Sie Ihr personalisiertes Widget in nur 2 Minuten.\" \/>\n<meta property=\"og:url\" content=\"https:\/\/elfsight.com\/de\/background-music-widget\/bigcommerce\/\" \/>\n<meta property=\"og:site_name\" content=\"Elfsight DE\" \/>\n<meta property=\"article:modified_time\" content=\"2025-02-14T07:05:19+00:00\" \/>\n<meta name=\"twitter:card\" content=\"summary_large_image\" \/>\n<meta name=\"twitter:label1\" content=\"Gesch\u00e4tzte Lesezeit\" \/>\n\t<meta name=\"twitter:data1\" content=\"2\u00a0Minuten\" \/>\n<!-- \/ Yoast SEO plugin. -->","yoast_head_json":{"title":"Hintergrundmusik-Player f\u00fcr die BigCommerce-Website (kostenlos und ohne Programmierung)","description":"Betten Sie ein adaptives Hintergrund-Audio-Widget in Ihre BigCommerce-Site ein. Nutzen Sie die \u00fcbersichtliche Demo und erstellen Sie Ihr personalisiertes Widget in nur 2 Minuten.","robots":{"index":"index","follow":"follow","max-snippet":"max-snippet:-1","max-image-preview":"max-image-preview:large","max-video-preview":"max-video-preview:-1"},"canonical":"https:\/\/elfsight.com\/de\/background-music-widget\/bigcommerce\/","og_locale":"de_DE","og_type":"article","og_title":"Hintergrundmusik-Player f\u00fcr die BigCommerce-Website (kostenlos und ohne Programmierung)","og_description":"Betten Sie ein adaptives Hintergrund-Audio-Widget in Ihre BigCommerce-Site ein. Nutzen Sie die \u00fcbersichtliche Demo und erstellen Sie Ihr personalisiertes Widget in nur 2 Minuten.","og_url":"https:\/\/elfsight.com\/de\/background-music-widget\/bigcommerce\/","og_site_name":"Elfsight DE","article_modified_time":"2025-02-14T07:05:19+00:00","twitter_card":"summary_large_image","twitter_misc":{"Gesch\u00e4tzte Lesezeit":"2\u00a0Minuten"},"schema":{"@context":"https:\/\/schema.org","@graph":[{"@type":"WebPage","@id":"https:\/\/elfsight.com\/de\/background-music-widget\/bigcommerce\/","url":"https:\/\/elfsight.com\/de\/background-music-widget\/bigcommerce\/","name":"Hintergrundmusik-Player f\u00fcr die BigCommerce-Website (kostenlos und ohne Programmierung)","isPartOf":{"@id":"https:\/\/elfsight.com\/de\/#website"},"datePublished":"2024-05-03T06:29:37+00:00","dateModified":"2025-02-14T07:05:19+00:00","description":"Betten Sie ein adaptives Hintergrund-Audio-Widget in Ihre BigCommerce-Site ein. Nutzen Sie die \u00fcbersichtliche Demo und erstellen Sie Ihr personalisiertes Widget in nur 2 Minuten.","breadcrumb":{"@id":"https:\/\/elfsight.com\/de\/background-music-widget\/bigcommerce\/#breadcrumb"},"inLanguage":"de","potentialAction":[{"@type":"ReadAction","target":["https:\/\/elfsight.com\/de\/background-music-widget\/bigcommerce\/"]}]},{"@type":"BreadcrumbList","@id":"https:\/\/elfsight.com\/de\/background-music-widget\/bigcommerce\/#breadcrumb","itemListElement":[{"@type":"ListItem","position":1,"name":"Home","item":"https:\/\/elfsight.com\/de\/"},{"@type":"ListItem","position":2,"name":"Background Music","item":"https:\/\/elfsight.com\/de\/background-music-widget\/"},{"@type":"ListItem","position":3,"name":"Background Music &#8211; BigCommerce"}]},{"@type":"WebSite","@id":"https:\/\/elfsight.com\/de\/#website","url":"https:\/\/elfsight.com\/de\/","name":"Elfsight DE","description":"Just another Elfsight Sites site","potentialAction":[{"@type":"SearchAction","target":{"@type":"EntryPoint","urlTemplate":"https:\/\/elfsight.com\/de\/?s={search_term_string}"},"query-input":{"@type":"PropertyValueSpecification","valueRequired":true,"valueName":"search_term_string"}}],"inLanguage":"de"}]}},"meta_box":{"industry":"","seo_heading":"","heading":"","description":"","cta_heading":"","cta_description":"","application":"2274","h1":"BigCommerce-Hintergrundmusik-App","h1_caption":"F\u00fcgen Sie Hintergrundmusik zu Ihrer Website hinzu und schaffen Sie so m\u00fchelos ein immersives Erlebnis f\u00fcr Ihre Besucher auf Ihrer BigCommerce-Website.","application_category":[],"applications_title":"","applications_request_title":"","applications_request_button_text":"","hero_text":"","hero_video":"","hero_video_schema_markup":"","selling_points_title":"","selling_points_caption":"","selling_points":[],"selling_points_cta_text":"","features_title":"","features":"","ed_cta_examples_text":"","ed_cta_examples_hidden":"","ed_cta_demo_text":"","ed_cta_demo_hidden":"","why_caption":"","why_editor_title":"","why_editor_text":"","why_team_title":"","why_team_text":"","why_service_title":"","why_service_text":"","template_catalog_visible":"0","template_catalog_title":"","template_catalog_text":"","template_catalog_categories_visible":"","demo_title":"Erstellen Sie Ihre Hintergrundmusik-App","demo_caption":"Konfigurieren Sie Ihre Hintergrundmusik und f\u00fcgen Sie sie kostenlos zu Ihrer BigCommerce-Website hinzu!","default_faq_hidden":"","app_template_category":[],"platform":"268","template_public_id":"","codecanyon_url":"","codecanyon_item_id":"","codecanyon_price":"","pricing_caption":"","pricing_elfsight_apps_hide_column":"","pricing_elfsight_apps_url":"","pricing_codecanyon_price_caption":"","integration_category":[],"integration_request_title":"","integration_request_cta":"","integration_platform":"","integrations":[],"platform_category":[],"video_schema_markup":"","price":"ab 0 $ \/ Monat","trial":"","benefits":[{"text":"Kostenlose Installationshilfe"},{"text":"Professioneller Kundenservice"},{"text":"14-t\u00e4gige Geld-zur\u00fcck-Garantie"},{"text":"Lebenslange kostenlose Verbesserungen"}],"button_url":"#demo","button_target_blank":"0","button_nofollow":"0","attributes":[{"name":"Installiert","content":"10,000 - 100,000"},{"name":"Reaktionsfreudig","content":"Ja"},{"name":"Kompatible Browser","content":"Firefox, Safari, Opera, Chrome, Edge"}],"tags":[],"tags_disable_links":"0","hide_more_platforms":"0","video_object":"","demo_hide_cta":"0","demo_hide_cloud_options":"0","pricing_title":"","pricing":[{"pricing_icon":"platform","pricing_title":"Elfsight Apps","pricing_title_caption":"Plattformunabh\u00e4ngige digitale L\u00f6sung, die auf jeder Website funktioniert","pricing_price":"ab 0 $ \/ Monat","pricing_price_caption":"Beginnen Sie mit einem kostenlosen Plan","pricing_benefits":[{"text":"Unbegrenzte Websites"},{"text":"Kostenloser Kundensupport und gut dokumentiert"},{"text":"Kostenlose Installationshilfe"},{"text":"Vollst\u00e4ndig anpassbar"}],"pricing_button_text":"Zur Website hinzuf\u00fcgen","pricing_button_url":"#demo"}],"related_apps_title":"","related_apps_hidden":"0","author":"","image":[],"title":"","job":"","social_networks":[]},"_links":{"self":[{"href":"https:\/\/elfsight.com\/de\/wp-json\/wp\/v2\/pages\/8051","targetHints":{"allow":["GET"]}}],"collection":[{"href":"https:\/\/elfsight.com\/de\/wp-json\/wp\/v2\/pages"}],"about":[{"href":"https:\/\/elfsight.com\/de\/wp-json\/wp\/v2\/types\/page"}],"author":[{"embeddable":true,"href":"https:\/\/elfsight.com\/de\/wp-json\/wp\/v2\/users\/9"}],"replies":[{"embeddable":true,"href":"https:\/\/elfsight.com\/de\/wp-json\/wp\/v2\/comments?post=8051"}],"version-history":[{"count":3,"href":"https:\/\/elfsight.com\/de\/wp-json\/wp\/v2\/pages\/8051\/revisions"}],"predecessor-version":[{"id":24162,"href":"https:\/\/elfsight.com\/de\/wp-json\/wp\/v2\/pages\/8051\/revisions\/24162"}],"up":[{"embeddable":true,"href":"https:\/\/elfsight.com\/de\/wp-json\/wp\/v2\/pages\/2301"}],"wp:attachment":[{"href":"https:\/\/elfsight.com\/de\/wp-json\/wp\/v2\/media?parent=8051"}],"curies":[{"name":"wp","href":"https:\/\/api.w.org\/{rel}","templated":true}]}}