{"id":8050,"date":"2024-05-03T06:29:36","date_gmt":"2024-05-03T06:29:36","guid":{"rendered":"https:\/\/elfsight.com\/de\/?page_id=8050"},"modified":"2025-02-14T07:07:44","modified_gmt":"2025-02-14T07:07:44","slug":"blogger","status":"publish","type":"page","link":"https:\/\/elfsight.com\/de\/background-music-widget\/blogger\/","title":{"rendered":"Background Music &#8211; Blogger"},"content":{"rendered":"\n<div class=\"application-platform-content-item-description application-platform-content-item\" id=\"description\" data-nav-section=\"description\"> <h2>Beschreibung<\/h2> <p>Elfsight Background Music ist ein unkompliziertes Widget f\u00fcr Blogger-Websites, das Ihnen die M\u00f6glichkeit gibt, Audiotracks direkt auf der zu streamen Seiten Ihrer Website. Das Plugin ist vollst\u00e4ndig anpassbar: Sie k\u00f6nnen seine Platzierung \u00e4ndern, es an einer beliebigen Stelle auf der Seite einf\u00fcgen, seine Gr\u00f6\u00dfe \u00e4ndern, den Hintergrund und alle anderen Elemente neu einf\u00e4rben, um es mit dem Design Ihrer Website zu kombinieren, ein dunkles Farbschema verwenden, Bilder demonstrieren und andere Elemente anzeigen 4 weitere Spielerdetails ausblenden, zum Beispiel Fortschrittsbalken, \u00dcberschrift und vieles mehr. F\u00fcgen Sie so viele Titel hinzu, wie Sie ben\u00f6tigen, um Ihre Benutzer anzusprechen, schalten Sie die Autoplay-Option ein und stellen Sie sicher, dass Ihre Benutzer Ihre Webseite nicht in Eile verlassen! <\/p> <p><b>Mit Elfsight-Hintergrundmusik sehen Sie die aktive Gesch\u00e4ftsentwicklung und steigern den Umsatz <\/b><\/p> <\/div> <div class=\"application-platform-content-item-features application-platform-content-item\" id=\"features\" data-nav-section=\"features\"> <h2>Die wertvollsten Widget-Funktionen enthalten<\/h2> <ul><li>Verschiedene Farbvarianten<\/li><li>Dunkel-\/Hell-Farbschema<\/li><li>Flexibles Design<\/li><li>2 Layouts verf\u00fcgbar<\/li><li>Eine Option zum Anh\u00e4ngen eines Hintergrundbilds<\/li><\/ul><p><a href=\"#demo\">Mit Hilfe der Demo k\u00f6nnen Sie sich ein Bild davon machen, was das Widget bietet<\/a><\/p> <\/div> <div class=\"application-platform-content-item-installation application-platform-content-item\" id=\"installation\" data-nav-section=\"installation\"> <h2>Wie f\u00fcge ich Hintergrundmusik zur Blogger-Website hinzu?<\/h2> <div class=\"video-container\"><iframe width=\"560\" height=\"315\" src=\"https:\/\/www.youtube.com\/embed\/46K2-X1_770?si=yVGAgqtkv8VfeeAv\" frameborder=\"0\" allow=\"accelerometer; autoplay; clipboard-write; encrypted-media; gyroscope; picture-in-picture; web-share\" allowfullscreen><\/iframe><\/div><p>Befolgen Sie einfach die unten aufgef\u00fchrten Schritte, um das Widget zu integrieren. <\/p> <ol><li><b>Nutzen Sie unsere kostenlose Demo und beginnen Sie mit der Entwicklung Ihres eigenen Plugins. <\/b><br> W\u00e4hlen Sie die passende Schnittstelle und Eigenschaften des Tools und speichern Sie die \u00c4nderungen. <\/li> <li><b>Erhalten Sie den individuellen Code, der im Feld auf Elfsight Apps angezeigt wird.<\/b><br> Nachdem die Einrichtung Ihres Widgets abgeschlossen ist, kopieren Sie den individuellen Code im angezeigten Feld und speichern Sie ihn weitere Verwendung. <\/li> <li><b>Beginnen Sie mit der Anwendung des Tools auf Ihrer Blogger-Webseite.<\/b><br> F\u00fcgen Sie den k\u00fcrzlich gespeicherten Code in Ihre Webseite ein und speichern Sie die \u00c4nderungen. <\/li> <li><b>Du bist fertig! Die Einrichtung ist vollst\u00e4ndig abgeschlossen<\/b><br> Besuchen Sie Ihre Website, um zu \u00fcberpr\u00fcfen, wie das Tool funktioniert. <\/li><\/ol> <p>Falls Sie auf Fragen sto\u00dfen oder auf Hindernisse sto\u00dfen, scheuen Sie sich nicht, sich an unsere Kundendienstmitarbeiter zu wenden. Unsere Berater sind bestrebt, alle Ihre Fragen zum Tool zu beantworten. <\/p> <\/div>\n\n\n\n<p><\/p>\n","protected":false},"excerpt":{"rendered":"","protected":false},"author":9,"featured_media":0,"parent":2301,"menu_order":0,"comment_status":"closed","ping_status":"closed","template":"templates\/template-application-platform.php","meta":{"publish_to_discourse":"","publish_post_category":"","wpdc_auto_publish_overridden":"","wpdc_topic_tags":"","wpdc_pin_topic":"","wpdc_pin_until":"","discourse_post_id":"","discourse_permalink":"","wpdc_publishing_response":"","wpdc_publishing_error":"","footnotes":""},"class_list":["post-8050","page","type-page","status-publish","hentry"],"yoast_head":"<!-- This site is optimized with the Yoast SEO plugin v25.3.1 - https:\/\/yoast.com\/wordpress\/plugins\/seo\/ -->\n<title>Hintergrundmusik-Player f\u00fcr die Blogger-Website (kostenlos und ohne Programmierung)<\/title>\n<meta name=\"description\" content=\"Integrieren Sie einen adaptiven Hintergrund-Audio-Player auf Ihrer Seite. F\u00fcgen Sie Blogger Autoplay-Hintergrundmusik hinzu. Erstellen Sie Ihr einzigartiges Widget in nur wenigen Minuten!\" \/>\n<meta name=\"robots\" content=\"index, follow, max-snippet:-1, max-image-preview:large, max-video-preview:-1\" \/>\n<link rel=\"canonical\" href=\"https:\/\/elfsight.com\/de\/background-music-widget\/blogger\/\" \/>\n<meta property=\"og:locale\" content=\"de_DE\" \/>\n<meta property=\"og:type\" content=\"article\" \/>\n<meta property=\"og:title\" content=\"Hintergrundmusik-Player f\u00fcr die Blogger-Website (kostenlos und ohne Programmierung)\" \/>\n<meta property=\"og:description\" content=\"Integrieren Sie einen adaptiven Hintergrund-Audio-Player auf Ihrer Seite. F\u00fcgen Sie Blogger Autoplay-Hintergrundmusik hinzu. Erstellen Sie Ihr einzigartiges Widget in nur wenigen Minuten!\" \/>\n<meta property=\"og:url\" content=\"https:\/\/elfsight.com\/de\/background-music-widget\/blogger\/\" \/>\n<meta property=\"og:site_name\" content=\"Elfsight DE\" \/>\n<meta property=\"article:modified_time\" content=\"2025-02-14T07:07:44+00:00\" \/>\n<meta name=\"twitter:card\" content=\"summary_large_image\" \/>\n<meta name=\"twitter:label1\" content=\"Gesch\u00e4tzte Lesezeit\" \/>\n\t<meta name=\"twitter:data1\" content=\"2\u00a0Minuten\" \/>\n<!-- \/ Yoast SEO plugin. -->","yoast_head_json":{"title":"Hintergrundmusik-Player f\u00fcr die Blogger-Website (kostenlos und ohne Programmierung)","description":"Integrieren Sie einen adaptiven Hintergrund-Audio-Player auf Ihrer Seite. F\u00fcgen Sie Blogger Autoplay-Hintergrundmusik hinzu. Erstellen Sie Ihr einzigartiges Widget in nur wenigen Minuten!","robots":{"index":"index","follow":"follow","max-snippet":"max-snippet:-1","max-image-preview":"max-image-preview:large","max-video-preview":"max-video-preview:-1"},"canonical":"https:\/\/elfsight.com\/de\/background-music-widget\/blogger\/","og_locale":"de_DE","og_type":"article","og_title":"Hintergrundmusik-Player f\u00fcr die Blogger-Website (kostenlos und ohne Programmierung)","og_description":"Integrieren Sie einen adaptiven Hintergrund-Audio-Player auf Ihrer Seite. F\u00fcgen Sie Blogger Autoplay-Hintergrundmusik hinzu. Erstellen Sie Ihr einzigartiges Widget in nur wenigen Minuten!","og_url":"https:\/\/elfsight.com\/de\/background-music-widget\/blogger\/","og_site_name":"Elfsight DE","article_modified_time":"2025-02-14T07:07:44+00:00","twitter_card":"summary_large_image","twitter_misc":{"Gesch\u00e4tzte Lesezeit":"2\u00a0Minuten"},"schema":{"@context":"https:\/\/schema.org","@graph":[{"@type":"WebPage","@id":"https:\/\/elfsight.com\/de\/background-music-widget\/blogger\/","url":"https:\/\/elfsight.com\/de\/background-music-widget\/blogger\/","name":"Hintergrundmusik-Player f\u00fcr die Blogger-Website (kostenlos und ohne Programmierung)","isPartOf":{"@id":"https:\/\/elfsight.com\/de\/#website"},"datePublished":"2024-05-03T06:29:36+00:00","dateModified":"2025-02-14T07:07:44+00:00","description":"Integrieren Sie einen adaptiven Hintergrund-Audio-Player auf Ihrer Seite. F\u00fcgen Sie Blogger Autoplay-Hintergrundmusik hinzu. Erstellen Sie Ihr einzigartiges Widget in nur wenigen Minuten!","breadcrumb":{"@id":"https:\/\/elfsight.com\/de\/background-music-widget\/blogger\/#breadcrumb"},"inLanguage":"de","potentialAction":[{"@type":"ReadAction","target":["https:\/\/elfsight.com\/de\/background-music-widget\/blogger\/"]}]},{"@type":"BreadcrumbList","@id":"https:\/\/elfsight.com\/de\/background-music-widget\/blogger\/#breadcrumb","itemListElement":[{"@type":"ListItem","position":1,"name":"Home","item":"https:\/\/elfsight.com\/de\/"},{"@type":"ListItem","position":2,"name":"Background Music","item":"https:\/\/elfsight.com\/de\/background-music-widget\/"},{"@type":"ListItem","position":3,"name":"Background Music &#8211; Blogger"}]},{"@type":"WebSite","@id":"https:\/\/elfsight.com\/de\/#website","url":"https:\/\/elfsight.com\/de\/","name":"Elfsight DE","description":"Just another Elfsight Sites site","potentialAction":[{"@type":"SearchAction","target":{"@type":"EntryPoint","urlTemplate":"https:\/\/elfsight.com\/de\/?s={search_term_string}"},"query-input":{"@type":"PropertyValueSpecification","valueRequired":true,"valueName":"search_term_string"}}],"inLanguage":"de"}]}},"meta_box":{"industry":"","seo_heading":"","heading":"","description":"","cta_heading":"","cta_description":"","application":"2274","h1":"Blogger-Hintergrundmusik-Widget","h1_caption":"F\u00fcgen Sie Hintergrundmusik zu Ihrer Website hinzu und schaffen Sie so m\u00fchelos ein immersives Erlebnis f\u00fcr Ihre Besucher auf Ihrer Blogger-Website.","application_category":[],"applications_title":"","applications_request_title":"","applications_request_button_text":"","hero_text":"","hero_video":"","hero_video_schema_markup":"","selling_points_title":"","selling_points_caption":"","selling_points":[],"selling_points_cta_text":"","features_title":"","features":"","ed_cta_examples_text":"","ed_cta_examples_hidden":"","ed_cta_demo_text":"","ed_cta_demo_hidden":"","why_caption":"","why_editor_title":"","why_editor_text":"","why_team_title":"","why_team_text":"","why_service_title":"","why_service_text":"","template_catalog_visible":"0","template_catalog_title":"","template_catalog_text":"","template_catalog_categories_visible":"","demo_title":"Erstellen Sie Ihr Hintergrundmusik-Widget","demo_caption":"Konfigurieren Sie Ihre Hintergrundmusik und f\u00fcgen Sie sie kostenlos zu Ihrer Blogger-Website hinzu!","default_faq_hidden":"","app_template_category":[],"platform":"262","template_public_id":"","codecanyon_url":"","codecanyon_item_id":"","codecanyon_price":"","pricing_caption":"","pricing_elfsight_apps_hide_column":"","pricing_elfsight_apps_url":"","pricing_codecanyon_price_caption":"","integration_category":[],"integration_request_title":"","integration_request_cta":"","integration_platform":"","integrations":[],"platform_category":[],"video_schema_markup":"","price":"ab 0 $ \/ Monat","trial":"","benefits":[{"text":"Kostenlose Installationsunterst\u00fctzung"},{"text":"Au\u00dfergew\u00f6hnlicher Support"},{"text":"14-t\u00e4gige Geld-zur\u00fcck-Garantie"},{"text":"Lebenslange kostenlose Verbesserungen"}],"button_url":"#demo","button_target_blank":"0","button_nofollow":"0","attributes":[{"name":"Installiert","content":"10,000 - 100,000"},{"name":"Reaktionsfreudig","content":"Ja"},{"name":"Kompatible Browser","content":"Firefox, Safari, Opera, Chrome, Edge"}],"tags":[],"tags_disable_links":"0","hide_more_platforms":"0","video_object":"","demo_hide_cta":"0","demo_hide_cloud_options":"0","pricing_title":"","pricing":[{"pricing_icon":"platform","pricing_title":"Elfsight Apps","pricing_title_caption":"Plattform\u00fcbergreifende Version, die f\u00fcr jede Website geeignet ist","pricing_price":"ab 0 $ \/ Monat","pricing_price_caption":"Beginnen Sie mit einem kostenlosen Plan","pricing_benefits":[{"text":"Unbegrenzte Websites"},{"text":"24\/7 und p\u00fcnktlicher Support und gut dokumentiert"},{"text":"Kostenlose Installationsunterst\u00fctzung"},{"text":"Flexibles Design"}],"pricing_button_text":"Zur Website hinzuf\u00fcgen","pricing_button_url":"#demo"}],"related_apps_title":"","related_apps_hidden":"0","author":"","image":[],"title":"","job":"","social_networks":[]},"_links":{"self":[{"href":"https:\/\/elfsight.com\/de\/wp-json\/wp\/v2\/pages\/8050","targetHints":{"allow":["GET"]}}],"collection":[{"href":"https:\/\/elfsight.com\/de\/wp-json\/wp\/v2\/pages"}],"about":[{"href":"https:\/\/elfsight.com\/de\/wp-json\/wp\/v2\/types\/page"}],"author":[{"embeddable":true,"href":"https:\/\/elfsight.com\/de\/wp-json\/wp\/v2\/users\/9"}],"replies":[{"embeddable":true,"href":"https:\/\/elfsight.com\/de\/wp-json\/wp\/v2\/comments?post=8050"}],"version-history":[{"count":3,"href":"https:\/\/elfsight.com\/de\/wp-json\/wp\/v2\/pages\/8050\/revisions"}],"predecessor-version":[{"id":24164,"href":"https:\/\/elfsight.com\/de\/wp-json\/wp\/v2\/pages\/8050\/revisions\/24164"}],"up":[{"embeddable":true,"href":"https:\/\/elfsight.com\/de\/wp-json\/wp\/v2\/pages\/2301"}],"wp:attachment":[{"href":"https:\/\/elfsight.com\/de\/wp-json\/wp\/v2\/media?parent=8050"}],"curies":[{"name":"wp","href":"https:\/\/api.w.org\/{rel}","templated":true}]}}