{"id":8049,"date":"2024-05-03T06:29:35","date_gmt":"2024-05-03T06:29:35","guid":{"rendered":"https:\/\/elfsight.com\/de\/?page_id=8049"},"modified":"2025-02-14T07:08:53","modified_gmt":"2025-02-14T07:08:53","slug":"drupal","status":"publish","type":"page","link":"https:\/\/elfsight.com\/de\/background-music-widget\/drupal\/","title":{"rendered":"Background Music &#8211; Drupal"},"content":{"rendered":"\n<div class=\"application-platform-content-item-description application-platform-content-item\" id=\"description\" data-nav-section=\"description\"> <h2>Beschreibung<\/h2> <p>Elfsight Background Music ist ein einfaches Widget f\u00fcr Drupal, mit dem Sie Audiotitel direkt auf Ihren Seiten streamen k\u00f6nnen Webseite. Das Plugin ist \u00e4u\u00dferst ver\u00e4nderbar: Sie k\u00f6nnen seine Position \u00e4ndern, es an einer beliebigen Stelle auf der Seite einbetten, seine Gr\u00f6\u00dfe \u00e4ndern, den Hintergrund und andere Teile \u00fcberarbeiten, um es mit dem Stil Ihrer Website zu mischen, ein dunkles Farbschema anwenden, Bilder anzeigen usw 4 weitere Player-Komponenten ein- oder ausblenden, zum Beispiel Fortschrittsbalken, \u00dcberschrift und vieles mehr. Laden Sie so viele Titel hoch, wie Sie m\u00f6chten, um Ihre Besucher zu begeistern, schalten Sie die automatische Wiedergabe ein und z\u00f6gern Sie nicht \u2013 Ihr Publikum wird Ihre Website nicht so schnell verlassen!<\/p> <p><b>Holen Sie sich das Beste aus Elfsight Background Musik, um Ihre Gesch\u00e4ftsziele einfacher zu erreichen! <\/b><\/p> <\/div> <div class=\"application-platform-content-item-features application-platform-content-item\" id=\"features\" data-nav-section=\"features\"> <h2>Sehen Sie sich die Liste der besten Funktionen an: <\/h2> <ul><li>Zahlreiche Farbvarianten<\/li><li>Dunkles\/helles Farbthema<\/li><li>Flexibles Design<\/li><li>Zwei Layouts verf\u00fcgbar<\/li><li>Eine Option zur Verwendung eines Hintergrundbilds<\/li><\/ul><p><a href=\"#demo\">Sie k\u00f6nnen \u00fcberpr\u00fcfen, ob das Widget f\u00fcr Sie geeignet ist, indem Sie die Demo ausprobieren<\/a><\/p> <\/div> <div class=\"application-platform-content-item-installation application-platform-content-item\" id=\"installation\" data-nav-section=\"installation\"> <h2>So betten Sie Elfsight-Hintergrundmusik ein in meine Drupal-Website? <\/h2> <div class=\"video-container\"><iframe width=\"560\" height=\"315\" src=\"https:\/\/www.youtube.com\/embed\/F_9QziIdONc?si=KriOboanxmlhb95z\" frameborder=\"0\" allow=\"accelerometer; autoplay; clipboard-write; encrypted-media; gyroscope; picture-in-picture; web-share\" allowfullscreen><\/iframe><\/div><p>F\u00fchren Sie einfach die unten angegebenen Schritte aus, um das Plugin hinzuzuf\u00fcgen. <\/p> <ol><li><b>Nutzen Sie unsere kostenlose Demo und beginnen Sie mit der Erstellung Ihres individuellen Moduls. <\/b><br> W\u00e4hlen Sie das passende Design und die Optionen des Moduls und \u00fcbernehmen Sie alle \u00c4nderungen. <\/li> <li><b>Holen Sie sich den individuellen Code, der in der Box auf Elfsight Apps demonstriert wird. <\/b><br> Kopieren Sie unmittelbar nach Abschluss der Konfiguration Ihres pers\u00f6nlichen Moduls Ihren Code im angezeigten Fenster und bewahren Sie ihn f\u00fcr die zuk\u00fcnftige Verwendung auf. <\/li> <li><b>Initiieren Sie die Anwendung des Moduls auf Ihrer Drupal-Site. <\/b><br> Betten Sie den zuvor gespeicherten Code in Ihre Website ein und speichern Sie die Anpassungen. <\/li> <li><b>Fertig! Die Einbettung ist vollst\u00e4ndig durchgef\u00fchrt. <\/b><br> Besuchen Sie Ihre Website, um die Leistung des Moduls zu \u00fcberpr\u00fcfen. <\/li><\/ol><p>Wenn Sie Fragen haben oder auf Schwierigkeiten sto\u00dfen, k\u00f6nnen Sie sich gerne an unser Kundendienstteam wenden. Unsere Berater helfen Ihnen gerne bei allen Fragen rund um das Tool weiter. <\/p> <\/div>\n\n\n\n<p><\/p>\n","protected":false},"excerpt":{"rendered":"","protected":false},"author":9,"featured_media":0,"parent":2301,"menu_order":0,"comment_status":"closed","ping_status":"closed","template":"templates\/template-application-platform.php","meta":{"publish_to_discourse":"","publish_post_category":"","wpdc_auto_publish_overridden":"","wpdc_topic_tags":"","wpdc_pin_topic":"","wpdc_pin_until":"","discourse_post_id":"","discourse_permalink":"","wpdc_publishing_response":"","wpdc_publishing_error":"","footnotes":""},"class_list":["post-8049","page","type-page","status-publish","hentry"],"yoast_head":"<!-- This site is optimized with the Yoast SEO plugin v25.3.1 - https:\/\/yoast.com\/wordpress\/plugins\/seo\/ -->\n<title>Hintergrundmusik-Widget zur Drupal-Website (kostenlos und schnell)<\/title>\n<meta name=\"description\" content=\"Integrieren Sie einen reaktionsf\u00e4higen Hintergrund-Audioplayer in Ihre Drupal-Webseite. F\u00fchren Sie die hilfreiche Demo aus und gestalten Sie Ihr benutzerdefiniertes Widget in nur 2 Minuten.\" \/>\n<meta name=\"robots\" content=\"index, follow, max-snippet:-1, max-image-preview:large, max-video-preview:-1\" \/>\n<link rel=\"canonical\" href=\"https:\/\/elfsight.com\/de\/background-music-widget\/drupal\/\" \/>\n<meta property=\"og:locale\" content=\"de_DE\" \/>\n<meta property=\"og:type\" content=\"article\" \/>\n<meta property=\"og:title\" content=\"Hintergrundmusik-Widget zur Drupal-Website (kostenlos und schnell)\" \/>\n<meta property=\"og:description\" content=\"Integrieren Sie einen reaktionsf\u00e4higen Hintergrund-Audioplayer in Ihre Drupal-Webseite. F\u00fchren Sie die hilfreiche Demo aus und gestalten Sie Ihr benutzerdefiniertes Widget in nur 2 Minuten.\" \/>\n<meta property=\"og:url\" content=\"https:\/\/elfsight.com\/de\/background-music-widget\/drupal\/\" \/>\n<meta property=\"og:site_name\" content=\"Elfsight DE\" \/>\n<meta property=\"article:modified_time\" content=\"2025-02-14T07:08:53+00:00\" \/>\n<meta name=\"twitter:card\" content=\"summary_large_image\" \/>\n<meta name=\"twitter:label1\" content=\"Gesch\u00e4tzte Lesezeit\" \/>\n\t<meta name=\"twitter:data1\" content=\"2\u00a0Minuten\" \/>\n<!-- \/ Yoast SEO plugin. -->","yoast_head_json":{"title":"Hintergrundmusik-Widget zur Drupal-Website (kostenlos und schnell)","description":"Integrieren Sie einen reaktionsf\u00e4higen Hintergrund-Audioplayer in Ihre Drupal-Webseite. F\u00fchren Sie die hilfreiche Demo aus und gestalten Sie Ihr benutzerdefiniertes Widget in nur 2 Minuten.","robots":{"index":"index","follow":"follow","max-snippet":"max-snippet:-1","max-image-preview":"max-image-preview:large","max-video-preview":"max-video-preview:-1"},"canonical":"https:\/\/elfsight.com\/de\/background-music-widget\/drupal\/","og_locale":"de_DE","og_type":"article","og_title":"Hintergrundmusik-Widget zur Drupal-Website (kostenlos und schnell)","og_description":"Integrieren Sie einen reaktionsf\u00e4higen Hintergrund-Audioplayer in Ihre Drupal-Webseite. F\u00fchren Sie die hilfreiche Demo aus und gestalten Sie Ihr benutzerdefiniertes Widget in nur 2 Minuten.","og_url":"https:\/\/elfsight.com\/de\/background-music-widget\/drupal\/","og_site_name":"Elfsight DE","article_modified_time":"2025-02-14T07:08:53+00:00","twitter_card":"summary_large_image","twitter_misc":{"Gesch\u00e4tzte Lesezeit":"2\u00a0Minuten"},"schema":{"@context":"https:\/\/schema.org","@graph":[{"@type":"WebPage","@id":"https:\/\/elfsight.com\/de\/background-music-widget\/drupal\/","url":"https:\/\/elfsight.com\/de\/background-music-widget\/drupal\/","name":"Hintergrundmusik-Widget zur Drupal-Website (kostenlos und schnell)","isPartOf":{"@id":"https:\/\/elfsight.com\/de\/#website"},"datePublished":"2024-05-03T06:29:35+00:00","dateModified":"2025-02-14T07:08:53+00:00","description":"Integrieren Sie einen reaktionsf\u00e4higen Hintergrund-Audioplayer in Ihre Drupal-Webseite. F\u00fchren Sie die hilfreiche Demo aus und gestalten Sie Ihr benutzerdefiniertes Widget in nur 2 Minuten.","breadcrumb":{"@id":"https:\/\/elfsight.com\/de\/background-music-widget\/drupal\/#breadcrumb"},"inLanguage":"de","potentialAction":[{"@type":"ReadAction","target":["https:\/\/elfsight.com\/de\/background-music-widget\/drupal\/"]}]},{"@type":"BreadcrumbList","@id":"https:\/\/elfsight.com\/de\/background-music-widget\/drupal\/#breadcrumb","itemListElement":[{"@type":"ListItem","position":1,"name":"Home","item":"https:\/\/elfsight.com\/de\/"},{"@type":"ListItem","position":2,"name":"Background Music","item":"https:\/\/elfsight.com\/de\/background-music-widget\/"},{"@type":"ListItem","position":3,"name":"Background Music &#8211; Drupal"}]},{"@type":"WebSite","@id":"https:\/\/elfsight.com\/de\/#website","url":"https:\/\/elfsight.com\/de\/","name":"Elfsight DE","description":"Just another Elfsight Sites site","potentialAction":[{"@type":"SearchAction","target":{"@type":"EntryPoint","urlTemplate":"https:\/\/elfsight.com\/de\/?s={search_term_string}"},"query-input":{"@type":"PropertyValueSpecification","valueRequired":true,"valueName":"search_term_string"}}],"inLanguage":"de"}]}},"meta_box":{"industry":"","seo_heading":"","heading":"","description":"","cta_heading":"","cta_description":"","application":"2274","h1":"Drupal-Modul f\u00fcr Hintergrundmusik","h1_caption":"F\u00fcgen Sie Hintergrundmusik zu Ihrer Website hinzu und schaffen Sie so m\u00fchelos ein immersives Erlebnis f\u00fcr Ihre Besucher auf Ihrer Drupal-Website.","application_category":[],"applications_title":"","applications_request_title":"","applications_request_button_text":"","hero_text":"","hero_video":"","hero_video_schema_markup":"","selling_points_title":"","selling_points_caption":"","selling_points":[],"selling_points_cta_text":"","features_title":"","features":"","ed_cta_examples_text":"","ed_cta_examples_hidden":"","ed_cta_demo_text":"","ed_cta_demo_hidden":"","why_caption":"","why_editor_title":"","why_editor_text":"","why_team_title":"","why_team_text":"","why_service_title":"","why_service_text":"","template_catalog_visible":"0","template_catalog_title":"","template_catalog_text":"","template_catalog_categories_visible":"","demo_title":"Erstellen Sie Ihr Hintergrundmusik-Modul","demo_caption":"Konfigurieren Sie Ihre Hintergrundmusik und f\u00fcgen Sie sie kostenlos zu Ihrer Drupal-Website hinzu!","default_faq_hidden":"","app_template_category":[],"platform":"261","template_public_id":"","codecanyon_url":"","codecanyon_item_id":"","codecanyon_price":"","pricing_caption":"","pricing_elfsight_apps_hide_column":"","pricing_elfsight_apps_url":"","pricing_codecanyon_price_caption":"","integration_category":[],"integration_request_title":"","integration_request_cta":"","integration_platform":"","integrations":[],"platform_category":[],"video_schema_markup":"","price":"ab 0 $ \/ Monat","trial":"","benefits":[{"text":"Kostenlose Installationshilfe"},{"text":"Premium-Support"},{"text":"14-t\u00e4gige R\u00fcckerstattungsgarantie"},{"text":"St\u00e4ndige Aktualisierung"}],"button_url":"#demo","button_target_blank":"0","button_nofollow":"0","attributes":[{"name":"Installiert","content":"10,000 - 100,000"},{"name":"Reaktionsfreudig","content":"Ja"},{"name":"Kompatible Browser","content":"Firefox, Safari, Opera, Chrome, Edge"}],"tags":[],"tags_disable_links":"0","hide_more_platforms":"0","video_object":"","demo_hide_cta":"0","demo_hide_cloud_options":"0","pricing_title":"","pricing":[{"pricing_icon":"platform","pricing_title":"Elfsight Apps","pricing_title_caption":"Plattformunabh\u00e4ngige Version","pricing_price":"ab 0 $ \/ Monat","pricing_price_caption":"Beginnen Sie mit einem kostenlosen Plan","pricing_benefits":[{"text":"Unbegrenzte Domains"},{"text":"Kostenloser Unternehmenssupport und gut dokumentiert"},{"text":"Kostenlose Installationsunterst\u00fctzung"},{"text":"Sonderangebot f\u00fcr mehrere Apps"}],"pricing_button_text":"Zur Website hinzuf\u00fcgen","pricing_button_url":"#demo"}],"related_apps_title":"","related_apps_hidden":"0","author":"","image":[],"title":"","job":"","social_networks":[]},"_links":{"self":[{"href":"https:\/\/elfsight.com\/de\/wp-json\/wp\/v2\/pages\/8049","targetHints":{"allow":["GET"]}}],"collection":[{"href":"https:\/\/elfsight.com\/de\/wp-json\/wp\/v2\/pages"}],"about":[{"href":"https:\/\/elfsight.com\/de\/wp-json\/wp\/v2\/types\/page"}],"author":[{"embeddable":true,"href":"https:\/\/elfsight.com\/de\/wp-json\/wp\/v2\/users\/9"}],"replies":[{"embeddable":true,"href":"https:\/\/elfsight.com\/de\/wp-json\/wp\/v2\/comments?post=8049"}],"version-history":[{"count":3,"href":"https:\/\/elfsight.com\/de\/wp-json\/wp\/v2\/pages\/8049\/revisions"}],"predecessor-version":[{"id":24165,"href":"https:\/\/elfsight.com\/de\/wp-json\/wp\/v2\/pages\/8049\/revisions\/24165"}],"up":[{"embeddable":true,"href":"https:\/\/elfsight.com\/de\/wp-json\/wp\/v2\/pages\/2301"}],"wp:attachment":[{"href":"https:\/\/elfsight.com\/de\/wp-json\/wp\/v2\/media?parent=8049"}],"curies":[{"name":"wp","href":"https:\/\/api.w.org\/{rel}","templated":true}]}}