{"id":8044,"date":"2024-05-03T06:29:34","date_gmt":"2024-05-03T06:29:34","guid":{"rendered":"https:\/\/elfsight.com\/de\/?page_id=8044"},"modified":"2025-07-08T10:10:54","modified_gmt":"2025-07-08T10:10:54","slug":"facebook","status":"publish","type":"page","link":"https:\/\/elfsight.com\/de\/background-music-widget\/facebook\/","title":{"rendered":"Background Music &#8211; Facebook"},"content":{"rendered":"<div class=\"application-platform-content-item-description application-platform-content-item\" id=\"description\" data-nav-section=\"description\"> <h2>Beschreibung<\/h2> <p>Elfsight Background Music ist ein einfaches Plugin f\u00fcr Facebook, das Ihnen die M\u00f6glichkeit gibt, Audiotitel direkt auf Ihrer Homepage zu streamen . Das Tool ist in hohem Ma\u00dfe ver\u00e4nderbar: Sie k\u00f6nnen seine Position \u00e4ndern, es an einer beliebigen Stelle auf der Seite platzieren, seine Gr\u00f6\u00dfe skalieren, den Hintergrund und alle anderen Elemente neu zeichnen, um es mit dem Design Ihrer Website zu kombinieren, ein dunkles Thema verwenden, Bilder anzeigen und anzeigen oder blenden Sie vier zus\u00e4tzliche Spielerteile aus, zum Beispiel Fortschrittsbalken, \u00dcberschrift und viele mehr. Laden Sie so viele Titel hoch, wie Sie m\u00f6chten, um Ihre Besucher zu unterhalten, schalten Sie die automatische Wiedergabe ein und haben Sie keinen Zweifel \u2013 Ihre Benutzer werden Ihre Webseite nicht sofort verlassen!<\/p> <p><b>Mit Elfsight-Hintergrundmusik starten Sie ein solides Gesch\u00e4ft Entwicklung und Steigerung des Umsatzes <\/b><\/p> <\/div> <div class=\"application-platform-content-item-features application-platform-content-item\" id=\"features\" data-nav-section=\"features\"> <h2>Sehen Sie sich die Liste der n\u00fctzlichsten Funktionen an: <\/h2> <ul><li>Zahlreiche Farb\u00e4nderungen<\/li><li>Dunkles\/helles Farbthema<\/li><li>Responsives Design<\/li><li>Zwei Layouts verf\u00fcgbar<\/li><li>Eine M\u00f6glichkeit, ein Hintergrundbild anzuh\u00e4ngen<\/li><\/ul><p><a href=\"#demo\">Probieren Sie einfach diese Demo aus, um zu sehen, was das Widget wert ist<\/a><\/p> <\/div> <div class=\"application-platform-content-item-installation application-platform-content-item\" id=\"installation\" data-nav-section=\"installation\"> <h2>Wie kann Ich f\u00fcge Elfsight-Hintergrundmusik zu meiner Facebook-Website hinzu? <\/h2> <p>Befolgen Sie einfach die nachstehenden Anweisungen, um das Plugin einzubetten. <\/p> <ol><li><b>Nutzen Sie unseren kostenlosen Editor und beginnen Sie mit der Erstellung Ihres individuellen Plugins. <\/b><br> Bestimmen Sie das bevorzugte Aussehen und die bevorzugten Aspekte des Plugins und nehmen Sie die Korrekturen vor. <\/li> <li><b>Ihr einzigartiger Code erscheint im Feld von Elfsight Apps<\/b><br> Sobald die Anpassung Ihres pers\u00f6nlichen Tools abgeschlossen ist, kopieren Sie den exklusiven Code aus dem angezeigten Fenster und Bewahren Sie es f\u00fcr eine sp\u00e4tere Verwendung auf. <\/li> <li><b>Erste Schritte mit der Verwendung des Widgets auf Ihrer Facebook-Webseite<\/b><br> Implementieren Sie den k\u00fcrzlich kopierten Code auf Ihrer Seite und \u00fcbernehmen Sie die \u00c4nderungen. <\/li> <li><b>Fertig! Die Integration ist vollst\u00e4ndig abgeschlossen<\/b><br> Besuchen Sie Ihre Website, um die Funktionsweise des Widgets in Aktion zu sehen. <\/li><\/ol> <p>Wenn Sie Fragen haben oder auf Schwierigkeiten sto\u00dfen, wenden Sie sich bitte an unseren Support. Unsere Berater sind bestrebt, alle Probleme zu l\u00f6sen, die Sie m\u00f6glicherweise mit dem Tool haben. <\/p> <\/div>","protected":false},"excerpt":{"rendered":"","protected":false},"author":9,"featured_media":0,"parent":2301,"menu_order":0,"comment_status":"closed","ping_status":"closed","template":"templates\/template-application-platform.php","meta":{"publish_to_discourse":"","publish_post_category":"","wpdc_auto_publish_overridden":"","wpdc_topic_tags":"","wpdc_pin_topic":"","wpdc_pin_until":"","discourse_post_id":"","discourse_permalink":"","wpdc_publishing_response":"","wpdc_publishing_error":"","footnotes":""},"class_list":["post-8044","page","type-page","status-publish","hentry"],"yoast_head":"<!-- This site is optimized with the Yoast SEO plugin v25.3.1 - https:\/\/yoast.com\/wordpress\/plugins\/seo\/ -->\n<title>Hintergrundmusik-Player f\u00fcr Facebook-Seite (kostenlos und ohne Programmierung)<\/title>\n<meta name=\"description\" content=\"Integrieren Sie ein beeindruckendes Hintergrund-Audio-Widget auf Ihrer Facebook-Seite. Wenden Sie die \u00fcberschaubare Elfsight-Demo an und gestalten Sie Ihr eigenes Werkzeug in nur 2 Minuten.\" \/>\n<meta name=\"robots\" content=\"index, follow, max-snippet:-1, max-image-preview:large, max-video-preview:-1\" \/>\n<link rel=\"canonical\" href=\"https:\/\/elfsight.com\/de\/background-music-widget\/facebook\/\" \/>\n<meta property=\"og:locale\" content=\"de_DE\" \/>\n<meta property=\"og:type\" content=\"article\" \/>\n<meta property=\"og:title\" content=\"Hintergrundmusik-Player f\u00fcr Facebook-Seite (kostenlos und ohne Programmierung)\" \/>\n<meta property=\"og:description\" content=\"Integrieren Sie ein beeindruckendes Hintergrund-Audio-Widget auf Ihrer Facebook-Seite. Wenden Sie die \u00fcberschaubare Elfsight-Demo an und gestalten Sie Ihr eigenes Werkzeug in nur 2 Minuten.\" \/>\n<meta property=\"og:url\" content=\"https:\/\/elfsight.com\/de\/background-music-widget\/facebook\/\" \/>\n<meta property=\"og:site_name\" content=\"Elfsight DE\" \/>\n<meta property=\"article:modified_time\" content=\"2025-07-08T10:10:54+00:00\" \/>\n<meta name=\"twitter:card\" content=\"summary_large_image\" \/>\n<meta name=\"twitter:label1\" content=\"Gesch\u00e4tzte Lesezeit\" \/>\n\t<meta name=\"twitter:data1\" content=\"2\u00a0Minuten\" \/>\n<!-- \/ Yoast SEO plugin. -->","yoast_head_json":{"title":"Hintergrundmusik-Player f\u00fcr Facebook-Seite (kostenlos und ohne Programmierung)","description":"Integrieren Sie ein beeindruckendes Hintergrund-Audio-Widget auf Ihrer Facebook-Seite. Wenden Sie die \u00fcberschaubare Elfsight-Demo an und gestalten Sie Ihr eigenes Werkzeug in nur 2 Minuten.","robots":{"index":"index","follow":"follow","max-snippet":"max-snippet:-1","max-image-preview":"max-image-preview:large","max-video-preview":"max-video-preview:-1"},"canonical":"https:\/\/elfsight.com\/de\/background-music-widget\/facebook\/","og_locale":"de_DE","og_type":"article","og_title":"Hintergrundmusik-Player f\u00fcr Facebook-Seite (kostenlos und ohne Programmierung)","og_description":"Integrieren Sie ein beeindruckendes Hintergrund-Audio-Widget auf Ihrer Facebook-Seite. Wenden Sie die \u00fcberschaubare Elfsight-Demo an und gestalten Sie Ihr eigenes Werkzeug in nur 2 Minuten.","og_url":"https:\/\/elfsight.com\/de\/background-music-widget\/facebook\/","og_site_name":"Elfsight DE","article_modified_time":"2025-07-08T10:10:54+00:00","twitter_card":"summary_large_image","twitter_misc":{"Gesch\u00e4tzte Lesezeit":"2\u00a0Minuten"},"schema":{"@context":"https:\/\/schema.org","@graph":[{"@type":"WebPage","@id":"https:\/\/elfsight.com\/de\/background-music-widget\/facebook\/","url":"https:\/\/elfsight.com\/de\/background-music-widget\/facebook\/","name":"Hintergrundmusik-Player f\u00fcr Facebook-Seite (kostenlos und ohne Programmierung)","isPartOf":{"@id":"https:\/\/elfsight.com\/de\/#website"},"datePublished":"2024-05-03T06:29:34+00:00","dateModified":"2025-07-08T10:10:54+00:00","description":"Integrieren Sie ein beeindruckendes Hintergrund-Audio-Widget auf Ihrer Facebook-Seite. Wenden Sie die \u00fcberschaubare Elfsight-Demo an und gestalten Sie Ihr eigenes Werkzeug in nur 2 Minuten.","breadcrumb":{"@id":"https:\/\/elfsight.com\/de\/background-music-widget\/facebook\/#breadcrumb"},"inLanguage":"de","potentialAction":[{"@type":"ReadAction","target":["https:\/\/elfsight.com\/de\/background-music-widget\/facebook\/"]}]},{"@type":"BreadcrumbList","@id":"https:\/\/elfsight.com\/de\/background-music-widget\/facebook\/#breadcrumb","itemListElement":[{"@type":"ListItem","position":1,"name":"Home","item":"https:\/\/elfsight.com\/de\/"},{"@type":"ListItem","position":2,"name":"Background Music","item":"https:\/\/elfsight.com\/de\/background-music-widget\/"},{"@type":"ListItem","position":3,"name":"Background Music &#8211; Facebook"}]},{"@type":"WebSite","@id":"https:\/\/elfsight.com\/de\/#website","url":"https:\/\/elfsight.com\/de\/","name":"Elfsight DE","description":"Just another Elfsight Sites site","potentialAction":[{"@type":"SearchAction","target":{"@type":"EntryPoint","urlTemplate":"https:\/\/elfsight.com\/de\/?s={search_term_string}"},"query-input":{"@type":"PropertyValueSpecification","valueRequired":true,"valueName":"search_term_string"}}],"inLanguage":"de"}]}},"meta_box":{"industry":"","seo_heading":"","heading":"","description":"","cta_heading":"","cta_description":"","application":"2274","h1":"Facebook-Hintergrundmusik-Widget","h1_caption":"F\u00fcgen Sie eine verlockende Option in Ihre Webseite ein und gewinnen Sie schnell mehr dankbare Kunden","application_category":[],"applications_title":"","applications_request_title":"","applications_request_button_text":"","hero_text":"","hero_video":"","hero_video_schema_markup":"","selling_points_title":"","selling_points_caption":"","selling_points":[],"selling_points_cta_text":"","features_title":"","features":"","ed_cta_examples_text":"","ed_cta_examples_hidden":"","ed_cta_demo_text":"","ed_cta_demo_hidden":"","why_caption":"","why_editor_title":"","why_editor_text":"","why_team_title":"","why_team_text":"","why_service_title":"","why_service_text":"","template_catalog_visible":"","template_catalog_title":"","template_catalog_text":"","template_catalog_categories_visible":"","demo_title":"Personalisieren Sie das Instrument und f\u00fcgen Sie es mithilfe einer aktiven Demo auf Ihrer Website hinzu","demo_caption":"Beeilen Sie sich, um personalisierte Facebook Elfsight-Hintergrundmusik zu erstellen, die hervorragend zu Ihrer Seite passt!","default_faq_hidden":"","app_template_category":[],"platform":"216","template_public_id":"","codecanyon_url":"","codecanyon_item_id":"","codecanyon_price":"","pricing_caption":"","pricing_elfsight_apps_hide_column":"","pricing_elfsight_apps_url":"","pricing_codecanyon_price_caption":"","integration_category":[],"integration_request_title":"","integration_request_cta":"","integration_platform":"","integrations":[],"platform_category":[],"video_schema_markup":"","price":"ab 0 $ \/ Monat","trial":"","benefits":[{"text":"Kostenloser Installationsservice"},{"text":"Erfahrener Kundensupport"},{"text":"14-t\u00e4gige Geld-zur\u00fcck-Garantie"},{"text":"Laufende Updates"}],"button_url":"#demo","button_target_blank":"","button_nofollow":"","attributes":[{"name":"Installiert","content":"10,000 - 100,000"},{"name":"Reaktionsfreudig","content":"Ja"},{"name":"Kompatible Browser","content":"Edge, Opera, Safari, Firefox, Chrome"}],"tags":[],"tags_disable_links":"","hide_more_platforms":"","video_object":"","demo_hide_cta":"","demo_hide_cloud_options":"","pricing_title":"","pricing":[{"pricing_icon":"platform","pricing_title":"Elfsight Apps","pricing_title_caption":"Plattformunabh\u00e4ngige Software, die auf jeder Website funktioniert","pricing_price":"ab 0 $ \/ Monat","pricing_price_caption":"Beginnen Sie mit einem kostenlosen Plan","pricing_benefits":[{"text":"Unbegrenzte Websites"},{"text":"Professionelle und p\u00fcnktliche Unterst\u00fctzung"},{"text":"Kostenlose Installationshilfe"},{"text":"Vollst\u00e4ndig anpassbar"}],"pricing_button_text":"Zur Website hinzuf\u00fcgen","pricing_button_url":"#demo"}],"related_apps_title":"","related_apps_hidden":"","author":"","image":[],"title":"","job":"","social_networks":[]},"_links":{"self":[{"href":"https:\/\/elfsight.com\/de\/wp-json\/wp\/v2\/pages\/8044","targetHints":{"allow":["GET"]}}],"collection":[{"href":"https:\/\/elfsight.com\/de\/wp-json\/wp\/v2\/pages"}],"about":[{"href":"https:\/\/elfsight.com\/de\/wp-json\/wp\/v2\/types\/page"}],"author":[{"embeddable":true,"href":"https:\/\/elfsight.com\/de\/wp-json\/wp\/v2\/users\/9"}],"replies":[{"embeddable":true,"href":"https:\/\/elfsight.com\/de\/wp-json\/wp\/v2\/comments?post=8044"}],"version-history":[{"count":1,"href":"https:\/\/elfsight.com\/de\/wp-json\/wp\/v2\/pages\/8044\/revisions"}],"predecessor-version":[{"id":8048,"href":"https:\/\/elfsight.com\/de\/wp-json\/wp\/v2\/pages\/8044\/revisions\/8048"}],"up":[{"embeddable":true,"href":"https:\/\/elfsight.com\/de\/wp-json\/wp\/v2\/pages\/2301"}],"wp:attachment":[{"href":"https:\/\/elfsight.com\/de\/wp-json\/wp\/v2\/media?parent=8044"}],"curies":[{"name":"wp","href":"https:\/\/api.w.org\/{rel}","templated":true}]}}