{"id":8043,"date":"2024-05-03T06:29:33","date_gmt":"2024-05-03T06:29:33","guid":{"rendered":"https:\/\/elfsight.com\/de\/?page_id=8043"},"modified":"2025-02-14T07:49:46","modified_gmt":"2025-02-14T07:49:46","slug":"elementor","status":"publish","type":"page","link":"https:\/\/elfsight.com\/de\/background-music-widget\/elementor\/","title":{"rendered":"Background Music &#8211; Elementor"},"content":{"rendered":"\n<div class=\"application-platform-content-item-description application-platform-content-item\" id=\"description\" data-nav-section=\"description\"> <h2>Einbetten von Hintergrundmusik in Elementor mit dem Elfsight-Widget<\/h2> <p>Elfsight Background Audio ist ein einfaches Tool f\u00fcr Elementor, mit dem Sie die Musik abspielen k\u00f6nnen Musiktitel direkt auf den Seiten Ihrer Website. Das Tool ist \u00e4u\u00dferst ver\u00e4nderbar: Sie k\u00f6nnen seine Platzierung \u00e4ndern, es an einer beliebigen Stelle auf der Seite platzieren, seine Gr\u00f6\u00dfe skalieren, den Hintergrund und andere Elemente \u00fcberarbeiten, um es mit dem Layout Ihrer Website zu vermischen, ein dunkles Thema verwenden, Cover freilegen und vier weitere Elemente ein- oder ausblenden Spielerdetails wie Fortschrittsbalken, Titel und vieles mehr. F\u00fcgen Sie so viele Tracks hinzu, wie Sie m\u00f6chten, um Ihre Benutzer anzusprechen, schalten Sie die automatische Wiedergabe ein und haben Sie keinen Zweifel \u2013 Ihre Besucher werden Ihre Website nicht sofort verlassen!<\/p> <p><b>Machen Sie Ihre Website f\u00fcr E-Commerce-Ziele effizienter mit Autoplay-Player f\u00fcr Hintergrundmusik<\/b><\/p> <\/div> <div class=\"application-platform-content-item-features application-platform-content-item\" id=\"features\" data-nav-section=\"features\"> <h2>Wir bieten praktische und schnelle Funktionen, sehen Sie sich einige davon an: <\/h2> <ul><li>Unbegrenzt Farb\u00e4nderungen<\/li><li>Dunkles\/helles Farbthema<\/li><li>Formbares Design<\/li><li>Zwei Layouts anwendbar<\/li><li>Eine M\u00f6glichkeit, ein Hintergrundbild zu verwenden<\/li> <\/ul><p><a href=\"#demo\">Die volle Funktionalit\u00e4t des Widgets erfahren Sie jetzt in der Demo<\/a><\/p> <\/div> <div class=\"application-platform-content-item-installation application-platform-content-item\" id=\"installation\" data-nav-section=\"installation\"> <h2>Wie f\u00fcge ich Hintergrundmusik zu meiner Elementor-Website hinzu? <\/h2><div class=\"video-container\"><iframe width=\"560\" height=\"315\" src=\"https:\/\/www.youtube.com\/embed\/SIfrx0cvyiE?si=8u0fTlkbtj_7oSrF\" frameborder=\"0\" allow=\"accelerometer; autoplay; clipboard-write; encrypted-media; gyroscope; picture-in-picture; web-share\" allowfullscreen><\/iframe><\/div> <p>Erf\u00fcllen Sie einfach die folgenden Richtlinien, um das Plugin zu integrieren. <\/p> <ol><li><b>Nutzen Sie unseren kostenlosen Konfigurator und beginnen Sie mit der Erstellung Ihres ma\u00dfgeschneiderten Plugins. <\/b><br> Finden Sie das bevorzugte Design und die Funktionalit\u00e4t des Tools und speichern Sie die Korrekturen. <\/li> <li><b>Kopieren Sie Ihren einzigartigen Code, der im Fenster von Elfsight Apps angezeigt wird.<\/b><br> Sobald die Generierung Ihres Tools abgeschlossen ist, kopieren Sie den exklusiven Code in das angezeigte Feld und bewahren Sie ihn auf zur weiteren Verwendung. <\/li> <li><b>Initiieren Sie die Anwendung des Widgets auf der Elementor-Site<\/b><br> Implementieren Sie den zuvor gespeicherten Code auf Ihrer Webseite und speichern Sie die Verbesserungen. <\/li> <li><b>Das Setup ist vollst\u00e4ndig durchgef\u00fchrt<\/b><br> Gehen Sie auf Ihre Webseite, um zu sehen, wie das Tool funktioniert. <\/li><\/ol> <p>Wenn Sie mit Anfragen konfrontiert werden oder auf Probleme sto\u00dfen, z\u00f6gern Sie nicht, sich an unsere Kundendienstmitarbeiter zu wenden. Unsere Spezialisten sind bestrebt, alle Probleme zu l\u00f6sen, die Sie m\u00f6glicherweise mit dem Plugin haben. <\/p> <div class=\"faq\" data-component=\"FAQ\"><div class=\"faq-item\">\r\n\t\t\t\t\t<div class=\"faq-item-question\">\r\n\t\t\t\t\t\t<h3 class=\"faq-item-question-text\">Wie kann ich ein Hintergrundmusik-Widget ohne Programmierkenntnisse in meine Elementor-Website einbetten?<\/h3>\r\n\r\n\t\t\t\t\t\t<div class=\"faq-item-question-icon\"><\/div>\r\n\t\t\t\t\t<\/div>\r\n\r\n\t\t\t\t\t<div class=\"faq-item-answer\">\r\n\t\t\t\t\t\t<div class=\"faq-item-answer-text\"><p>Elfsight bietet eine cloudbasierte L\u00f6sung, mit der Benutzer ein Hintergrundmusik-Widget in ihre Elementor-Website integrieren k\u00f6nnen. Sehen Sie, wie einfach der Prozess ist:<\/p>\n    <ul>\n      <li>Greifen Sie auf den Online-Editor zu, um den Abschnitt f\u00fcr das Hintergrundmusik-Widget zu erstellen, den Sie in Ihre Website integrieren m\u00f6chten.<\/li>\n      <li>W\u00e4hlen Sie eine unserer vorgefertigten Vorlagen und passen Sie die Widget-Einstellungen an, \u00e4ndern Sie das Layout und Farbschema und f\u00fcgen Sie Ihre Inhalte ein \u2013 ganz ohne Programmierung.<\/li>\n      <li>Speichern Sie die vorgenommenen Einstellungen und erhalten Sie den Code des Widgets, den Sie problemlos und kostenlos in Ihre Elementor-Website einf\u00fcgen k\u00f6nnen.<\/li>\n    <\/ul>\n    <p>Im benutzerfreundlichen Editor kann jeder Nutzer ein Hintergrundmusik-Widget erstellen und es auf seiner Website einbetten. Der Zugriff auf den Elfsight-Editor erfordert keine Zahlung oder die Offenlegung Ihrer Kartendaten. Sollten Sie auf Schwierigkeiten sto\u00dfen, wenden Sie sich bitte an unseren Kundenservice.<\/p><\/div>\r\n\t\t\t\t\t<\/div>\r\n\t\t\t\t<\/div><\/div><\/div>\n","protected":false},"excerpt":{"rendered":"","protected":false},"author":9,"featured_media":0,"parent":2301,"menu_order":0,"comment_status":"closed","ping_status":"closed","template":"templates\/template-application-platform.php","meta":{"publish_to_discourse":"","publish_post_category":"","wpdc_auto_publish_overridden":"","wpdc_topic_tags":"","wpdc_pin_topic":"","wpdc_pin_until":"","discourse_post_id":"","discourse_permalink":"","wpdc_publishing_response":"","wpdc_publishing_error":"","footnotes":""},"class_list":["post-8043","page","type-page","status-publish","hentry"],"yoast_head":"<!-- This site is optimized with the Yoast SEO plugin v25.3.1 - https:\/\/yoast.com\/wordpress\/plugins\/seo\/ -->\n<title>Hintergrundmusik-Player f\u00fcr die Elementor-Website (kostenlos und ohne Programmierung)<\/title>\n<meta name=\"description\" content=\"Implementieren Sie einen Hintergrundmusik-Player auf Ihrer Elementor-Seite. F\u00fchren Sie die Elfsight-Demo aus und erstellen Sie in nur wenigen Minuten Ihr personalisiertes Audio-Widget.\" \/>\n<meta name=\"robots\" content=\"index, follow, max-snippet:-1, max-image-preview:large, max-video-preview:-1\" \/>\n<link rel=\"canonical\" href=\"https:\/\/elfsight.com\/de\/background-music-widget\/elementor\/\" \/>\n<meta property=\"og:locale\" content=\"de_DE\" \/>\n<meta property=\"og:type\" content=\"article\" \/>\n<meta property=\"og:title\" content=\"Hintergrundmusik-Player f\u00fcr die Elementor-Website (kostenlos und ohne Programmierung)\" \/>\n<meta property=\"og:description\" content=\"Implementieren Sie einen Hintergrundmusik-Player auf Ihrer Elementor-Seite. F\u00fchren Sie die Elfsight-Demo aus und erstellen Sie in nur wenigen Minuten Ihr personalisiertes Audio-Widget.\" \/>\n<meta property=\"og:url\" content=\"https:\/\/elfsight.com\/de\/background-music-widget\/elementor\/\" \/>\n<meta property=\"og:site_name\" content=\"Elfsight DE\" \/>\n<meta property=\"article:modified_time\" content=\"2025-02-14T07:49:46+00:00\" \/>\n<meta name=\"twitter:card\" content=\"summary_large_image\" \/>\n<meta name=\"twitter:label1\" content=\"Gesch\u00e4tzte Lesezeit\" \/>\n\t<meta name=\"twitter:data1\" content=\"3\u00a0Minuten\" \/>\n<!-- \/ Yoast SEO plugin. -->","yoast_head_json":{"title":"Hintergrundmusik-Player f\u00fcr die Elementor-Website (kostenlos und ohne Programmierung)","description":"Implementieren Sie einen Hintergrundmusik-Player auf Ihrer Elementor-Seite. F\u00fchren Sie die Elfsight-Demo aus und erstellen Sie in nur wenigen Minuten Ihr personalisiertes Audio-Widget.","robots":{"index":"index","follow":"follow","max-snippet":"max-snippet:-1","max-image-preview":"max-image-preview:large","max-video-preview":"max-video-preview:-1"},"canonical":"https:\/\/elfsight.com\/de\/background-music-widget\/elementor\/","og_locale":"de_DE","og_type":"article","og_title":"Hintergrundmusik-Player f\u00fcr die Elementor-Website (kostenlos und ohne Programmierung)","og_description":"Implementieren Sie einen Hintergrundmusik-Player auf Ihrer Elementor-Seite. F\u00fchren Sie die Elfsight-Demo aus und erstellen Sie in nur wenigen Minuten Ihr personalisiertes Audio-Widget.","og_url":"https:\/\/elfsight.com\/de\/background-music-widget\/elementor\/","og_site_name":"Elfsight DE","article_modified_time":"2025-02-14T07:49:46+00:00","twitter_card":"summary_large_image","twitter_misc":{"Gesch\u00e4tzte Lesezeit":"3\u00a0Minuten"},"schema":{"@context":"https:\/\/schema.org","@graph":[{"@type":"WebPage","@id":"https:\/\/elfsight.com\/de\/background-music-widget\/elementor\/","url":"https:\/\/elfsight.com\/de\/background-music-widget\/elementor\/","name":"Hintergrundmusik-Player f\u00fcr die Elementor-Website (kostenlos und ohne Programmierung)","isPartOf":{"@id":"https:\/\/elfsight.com\/de\/#website"},"datePublished":"2024-05-03T06:29:33+00:00","dateModified":"2025-02-14T07:49:46+00:00","description":"Implementieren Sie einen Hintergrundmusik-Player auf Ihrer Elementor-Seite. F\u00fchren Sie die Elfsight-Demo aus und erstellen Sie in nur wenigen Minuten Ihr personalisiertes Audio-Widget.","breadcrumb":{"@id":"https:\/\/elfsight.com\/de\/background-music-widget\/elementor\/#breadcrumb"},"inLanguage":"de","potentialAction":[{"@type":"ReadAction","target":["https:\/\/elfsight.com\/de\/background-music-widget\/elementor\/"]}]},{"@type":"BreadcrumbList","@id":"https:\/\/elfsight.com\/de\/background-music-widget\/elementor\/#breadcrumb","itemListElement":[{"@type":"ListItem","position":1,"name":"Home","item":"https:\/\/elfsight.com\/de\/"},{"@type":"ListItem","position":2,"name":"Background Music","item":"https:\/\/elfsight.com\/de\/background-music-widget\/"},{"@type":"ListItem","position":3,"name":"Background Music &#8211; Elementor"}]},{"@type":"WebSite","@id":"https:\/\/elfsight.com\/de\/#website","url":"https:\/\/elfsight.com\/de\/","name":"Elfsight DE","description":"Just another Elfsight Sites site","potentialAction":[{"@type":"SearchAction","target":{"@type":"EntryPoint","urlTemplate":"https:\/\/elfsight.com\/de\/?s={search_term_string}"},"query-input":{"@type":"PropertyValueSpecification","valueRequired":true,"valueName":"search_term_string"}}],"inLanguage":"de"}]}},"meta_box":{"industry":"","seo_heading":"","heading":"","description":"","cta_heading":"","cta_description":"","application":"2274","h1":"Elementor-Hintergrundmusik-Widget","h1_caption":"F\u00fcgen Sie Hintergrundmusik zu Ihrer Website hinzu und schaffen Sie so m\u00fchelos ein immersives Erlebnis f\u00fcr Ihre Besucher auf Ihrer Elementor-Website.","application_category":[],"applications_title":"","applications_request_title":"","applications_request_button_text":"","hero_text":"","hero_video":"","hero_video_schema_markup":"","selling_points_title":"","selling_points_caption":"","selling_points":[],"selling_points_cta_text":"","features_title":"","features":"","ed_cta_examples_text":"","ed_cta_examples_hidden":"","ed_cta_demo_text":"","ed_cta_demo_hidden":"","why_caption":"","why_editor_title":"","why_editor_text":"","why_team_title":"","why_team_text":"","why_service_title":"","why_service_text":"","template_catalog_visible":"0","template_catalog_title":"","template_catalog_text":"","template_catalog_categories_visible":"","demo_title":"Erstellen Sie Ihr Hintergrundmusik-Widget","demo_caption":"Konfigurieren Sie Ihre Hintergrundmusik und f\u00fcgen Sie sie kostenlos zu Ihrer Elementor-Website hinzu!","default_faq_hidden":"","app_template_category":[],"platform":"223","template_public_id":"","codecanyon_url":"","codecanyon_item_id":"","codecanyon_price":"","pricing_caption":"","pricing_elfsight_apps_hide_column":"","pricing_elfsight_apps_url":"","pricing_codecanyon_price_caption":"","integration_category":[],"integration_request_title":"","integration_request_cta":"","integration_platform":"","integrations":[],"platform_category":[],"video_schema_markup":"","price":"ab 0 $ \/ Monat","trial":"","benefits":[{"text":"Kostenlose Installationshilfe"},{"text":"Erfahrener Kundensupport"},{"text":"14-t\u00e4gige Geld-zur\u00fcck-Garantie"},{"text":"St\u00e4ndige Aktualisierung"}],"button_url":"#demo","button_target_blank":"0","button_nofollow":"0","attributes":[{"name":"Installiert","content":"10,000 - 100,000"},{"name":"Reaktionsfreudig","content":"Ja"},{"name":"Kompatible Browser","content":"Firefox, Safari, Opera, Chrome, Edge"}],"tags":[],"tags_disable_links":"0","hide_more_platforms":"0","video_object":"","demo_hide_cta":"0","demo_hide_cloud_options":"0","pricing_title":"","pricing":[{"pricing_icon":"platform","pricing_title":"Elfsight Apps","pricing_title_caption":"Plattformunabh\u00e4ngige Software","pricing_price":"ab 0 $ \/ Monat","pricing_price_caption":"Beginnen Sie mit einem kostenlosen Plan","pricing_benefits":[{"text":"Unbegrenzte Domains"},{"text":"Unternehmensunterst\u00fctzung rund um die Uhr"},{"text":"Kostenlose Installationshilfe"},{"text":"Tolles Angebot f\u00fcr mehrere Apps"}],"pricing_button_text":"Zur Website hinzuf\u00fcgen","pricing_button_url":"#demo"}],"related_apps_title":"","related_apps_hidden":"0","author":"","image":[],"title":"","job":"","social_networks":[]},"_links":{"self":[{"href":"https:\/\/elfsight.com\/de\/wp-json\/wp\/v2\/pages\/8043","targetHints":{"allow":["GET"]}}],"collection":[{"href":"https:\/\/elfsight.com\/de\/wp-json\/wp\/v2\/pages"}],"about":[{"href":"https:\/\/elfsight.com\/de\/wp-json\/wp\/v2\/types\/page"}],"author":[{"embeddable":true,"href":"https:\/\/elfsight.com\/de\/wp-json\/wp\/v2\/users\/9"}],"replies":[{"embeddable":true,"href":"https:\/\/elfsight.com\/de\/wp-json\/wp\/v2\/comments?post=8043"}],"version-history":[{"count":4,"href":"https:\/\/elfsight.com\/de\/wp-json\/wp\/v2\/pages\/8043\/revisions"}],"predecessor-version":[{"id":24171,"href":"https:\/\/elfsight.com\/de\/wp-json\/wp\/v2\/pages\/8043\/revisions\/24171"}],"up":[{"embeddable":true,"href":"https:\/\/elfsight.com\/de\/wp-json\/wp\/v2\/pages\/2301"}],"wp:attachment":[{"href":"https:\/\/elfsight.com\/de\/wp-json\/wp\/v2\/media?parent=8043"}],"curies":[{"name":"wp","href":"https:\/\/api.w.org\/{rel}","templated":true}]}}