{"id":8042,"date":"2024-05-03T06:29:32","date_gmt":"2024-05-03T06:29:32","guid":{"rendered":"https:\/\/elfsight.com\/de\/?page_id=8042"},"modified":"2025-02-14T07:17:46","modified_gmt":"2025-02-14T07:17:46","slug":"joomla","status":"publish","type":"page","link":"https:\/\/elfsight.com\/de\/background-music-widget\/joomla\/","title":{"rendered":"Background Music &#8211; Joomla"},"content":{"rendered":"\n<div class=\"application-platform-content-item-description application-platform-content-item\" id=\"description\" data-nav-section=\"description\"> <h2>Beschreibung<\/h2> <p>Elfsight Background Audio Player ist ein unkompliziertes Plugin f\u00fcr Joomla-Sites, mit dem Sie Musiktitel direkt auf Ihren Seiten wiedergeben k\u00f6nnen . Das Plugin ist hochgradig anpassbar: Sie k\u00f6nnen seine Position \u00e4ndern, es an einer beliebigen Stelle auf der Seite einbetten, seine Gr\u00f6\u00dfe \u00e4ndern, den Hintergrund und alle anderen Teile neu einf\u00e4rben, um es mit dem Stil Ihrer Website zu vermischen, ein dunkles Farbschema verwenden, Bilder zeigen usw 4 zus\u00e4tzliche Spielerteile wie Fortschrittsbalken, Titel und vieles mehr ein- oder ausblenden. F\u00fcgen Sie so viele Titel hinzu, wie Sie m\u00f6chten, um Ihre Benutzer zu unterhalten, schalten Sie die automatische Wiedergabe ein und z\u00f6gern Sie nicht \u2013 Ihre Besucher werden Ihre Webseite nicht sofort verlassen!<\/p> <p><b>Mit Elfsight-Hintergrundmusik f\u00fcr Joomla Erzielen Sie ein schnelleres Gesch\u00e4ftswachstum und steigern Sie den Umsatz <\/b><\/p> <\/div> <div class=\"application-platform-content-item-features application-platform-content-item\" id=\"features\" data-nav-section=\"features\"> <h2>Dies sind nur einige der leistungsstarken Plugin-Funktionen:<\/h2> <ul><li> Unbegrenzte Farb\u00e4nderungen<\/li><li>Dunkles\/helles Farbschema<\/li><li>Formbares Design<\/li><li>2 Layouts verf\u00fcgbar<\/li><li>M\u00f6glichkeit zum Anh\u00e4ngen eines Hintergrundbilds<\/li> <\/ul><p><a href=\"#demo\">Probieren Sie einfach diese Demo aus, um einen vollst\u00e4ndigen \u00dcberblick zu bekommen<\/a><\/p> <\/div> <div class=\"application-platform-content-item-installation application-platform-content-item\" id=\"installation\" data-nav-section=\"installation\"> <h2>Wie Hintergrundmusik zur Joomla-Website hinzuf\u00fcgen?<\/h2> <div class=\"video-container\"><iframe width=\"560\" height=\"315\" src=\"https:\/\/www.youtube.com\/embed\/QrMK9EwwIaU?si=Ycuk2OpY0CHpOd_d\" frameborder=\"0\" allow=\"accelerometer; autoplay; clipboard-write; encrypted-media; gyroscope; picture-in-picture; web-share\" allowfullscreen><\/iframe><\/div><p>Befolgen Sie einfach die unten aufgef\u00fchrten Schritte, um das Plugin zu integrieren. <\/p> <ol><li><b>F\u00fchren Sie unsere kostenlose Demo durch und beginnen Sie mit der Gestaltung Ihrer eigenen Erweiterung. <\/b><br> W\u00e4hlen Sie das passende Layout und die Funktionalit\u00e4t der Erweiterung und \u00fcbernehmen Sie alle \u00c4nderungen. <\/li> <li><b>Erhalten Sie den individuellen Code, der in der Box auf Elfsight Apps angezeigt wird. <\/b><br> Sobald die Erstellung Ihrer pers\u00f6nlichen Erweiterung abgeschlossen ist, kopieren Sie Ihren Code aus dem angezeigten Popup und speichern Sie ihn zur weiteren Verwendung. <\/li> <li><b>Beginnen Sie mit der Nutzung der Erweiterung auf Ihrer Joomla-Website. <\/b><br> Implementieren Sie den zuvor gespeicherten Code in Ihre Site und speichern Sie die \u00c4nderungen. <\/li> <li><b>Die Installation ist vollst\u00e4ndig beendet. <\/b><br> Besuchen Sie Ihre Webseite, um einen Blick auf die Leistung der Erweiterung zu werfen. <\/li><\/ol><p>Wenn Sie mit Fragen oder Problemen konfrontiert werden, wenden Sie sich bitte an unser Support-Team. Unsere Spezialisten helfen Ihnen gerne bei allen Schwierigkeiten, die Sie mit dem Plugin haben. <\/p> <\/div>\n","protected":false},"excerpt":{"rendered":"","protected":false},"author":9,"featured_media":0,"parent":2301,"menu_order":0,"comment_status":"closed","ping_status":"closed","template":"templates\/template-application-platform.php","meta":{"publish_to_discourse":"","publish_post_category":"","wpdc_auto_publish_overridden":"","wpdc_topic_tags":"","wpdc_pin_topic":"","wpdc_pin_until":"","discourse_post_id":"","discourse_permalink":"","wpdc_publishing_response":"","wpdc_publishing_error":"","footnotes":""},"class_list":["post-8042","page","type-page","status-publish","hentry"],"yoast_head":"<!-- This site is optimized with the Yoast SEO plugin v25.3.1 - https:\/\/yoast.com\/wordpress\/plugins\/seo\/ -->\n<title>Hintergrund-Audio-Plugin \u2013 F\u00fcgen Sie Hintergrundmusik zur Joomla-Website hinzu<\/title>\n<meta name=\"description\" content=\"F\u00fcgen Sie Ihrer Joomla-Website ein beeindruckendes Hintergrundmusik-Plugin hinzu. F\u00fchren Sie unsere praktische Demo aus und gestalten Sie Ihren einzigartigen Audio-Player in nur 2 Minuten.\" \/>\n<meta name=\"robots\" content=\"index, follow, max-snippet:-1, max-image-preview:large, max-video-preview:-1\" \/>\n<link rel=\"canonical\" href=\"https:\/\/elfsight.com\/de\/background-music-widget\/joomla\/\" \/>\n<meta property=\"og:locale\" content=\"de_DE\" \/>\n<meta property=\"og:type\" content=\"article\" \/>\n<meta property=\"og:title\" content=\"Hintergrund-Audio-Plugin \u2013 F\u00fcgen Sie Hintergrundmusik zur Joomla-Website hinzu\" \/>\n<meta property=\"og:description\" content=\"F\u00fcgen Sie Ihrer Joomla-Website ein beeindruckendes Hintergrundmusik-Plugin hinzu. F\u00fchren Sie unsere praktische Demo aus und gestalten Sie Ihren einzigartigen Audio-Player in nur 2 Minuten.\" \/>\n<meta property=\"og:url\" content=\"https:\/\/elfsight.com\/de\/background-music-widget\/joomla\/\" \/>\n<meta property=\"og:site_name\" content=\"Elfsight DE\" \/>\n<meta property=\"article:modified_time\" content=\"2025-02-14T07:17:46+00:00\" \/>\n<meta name=\"twitter:card\" content=\"summary_large_image\" \/>\n<meta name=\"twitter:label1\" content=\"Gesch\u00e4tzte Lesezeit\" \/>\n\t<meta name=\"twitter:data1\" content=\"2\u00a0Minuten\" \/>\n<!-- \/ Yoast SEO plugin. -->","yoast_head_json":{"title":"Hintergrund-Audio-Plugin \u2013 F\u00fcgen Sie Hintergrundmusik zur Joomla-Website hinzu","description":"F\u00fcgen Sie Ihrer Joomla-Website ein beeindruckendes Hintergrundmusik-Plugin hinzu. F\u00fchren Sie unsere praktische Demo aus und gestalten Sie Ihren einzigartigen Audio-Player in nur 2 Minuten.","robots":{"index":"index","follow":"follow","max-snippet":"max-snippet:-1","max-image-preview":"max-image-preview:large","max-video-preview":"max-video-preview:-1"},"canonical":"https:\/\/elfsight.com\/de\/background-music-widget\/joomla\/","og_locale":"de_DE","og_type":"article","og_title":"Hintergrund-Audio-Plugin \u2013 F\u00fcgen Sie Hintergrundmusik zur Joomla-Website hinzu","og_description":"F\u00fcgen Sie Ihrer Joomla-Website ein beeindruckendes Hintergrundmusik-Plugin hinzu. F\u00fchren Sie unsere praktische Demo aus und gestalten Sie Ihren einzigartigen Audio-Player in nur 2 Minuten.","og_url":"https:\/\/elfsight.com\/de\/background-music-widget\/joomla\/","og_site_name":"Elfsight DE","article_modified_time":"2025-02-14T07:17:46+00:00","twitter_card":"summary_large_image","twitter_misc":{"Gesch\u00e4tzte Lesezeit":"2\u00a0Minuten"},"schema":{"@context":"https:\/\/schema.org","@graph":[{"@type":"WebPage","@id":"https:\/\/elfsight.com\/de\/background-music-widget\/joomla\/","url":"https:\/\/elfsight.com\/de\/background-music-widget\/joomla\/","name":"Hintergrund-Audio-Plugin \u2013 F\u00fcgen Sie Hintergrundmusik zur Joomla-Website hinzu","isPartOf":{"@id":"https:\/\/elfsight.com\/de\/#website"},"datePublished":"2024-05-03T06:29:32+00:00","dateModified":"2025-02-14T07:17:46+00:00","description":"F\u00fcgen Sie Ihrer Joomla-Website ein beeindruckendes Hintergrundmusik-Plugin hinzu. F\u00fchren Sie unsere praktische Demo aus und gestalten Sie Ihren einzigartigen Audio-Player in nur 2 Minuten.","breadcrumb":{"@id":"https:\/\/elfsight.com\/de\/background-music-widget\/joomla\/#breadcrumb"},"inLanguage":"de","potentialAction":[{"@type":"ReadAction","target":["https:\/\/elfsight.com\/de\/background-music-widget\/joomla\/"]}]},{"@type":"BreadcrumbList","@id":"https:\/\/elfsight.com\/de\/background-music-widget\/joomla\/#breadcrumb","itemListElement":[{"@type":"ListItem","position":1,"name":"Home","item":"https:\/\/elfsight.com\/de\/"},{"@type":"ListItem","position":2,"name":"Background Music","item":"https:\/\/elfsight.com\/de\/background-music-widget\/"},{"@type":"ListItem","position":3,"name":"Background Music &#8211; Joomla"}]},{"@type":"WebSite","@id":"https:\/\/elfsight.com\/de\/#website","url":"https:\/\/elfsight.com\/de\/","name":"Elfsight DE","description":"Just another Elfsight Sites site","potentialAction":[{"@type":"SearchAction","target":{"@type":"EntryPoint","urlTemplate":"https:\/\/elfsight.com\/de\/?s={search_term_string}"},"query-input":{"@type":"PropertyValueSpecification","valueRequired":true,"valueName":"search_term_string"}}],"inLanguage":"de"}]}},"meta_box":{"industry":"","seo_heading":"","heading":"","description":"","cta_heading":"","cta_description":"","application":"2274","h1":"Joomla-Hintergrundmusik-Plugin","h1_caption":"F\u00fcgen Sie Hintergrundmusik zu Ihrer Website hinzu und schaffen Sie so m\u00fchelos ein immersives Erlebnis f\u00fcr Ihre Besucher auf Ihrer Joomla-Website.","application_category":[],"applications_title":"","applications_request_title":"","applications_request_button_text":"","hero_text":"","hero_video":"","hero_video_schema_markup":"","selling_points_title":"","selling_points_caption":"","selling_points":[],"selling_points_cta_text":"","features_title":"","features":"","ed_cta_examples_text":"","ed_cta_examples_hidden":"","ed_cta_demo_text":"","ed_cta_demo_hidden":"","why_caption":"","why_editor_title":"","why_editor_text":"","why_team_title":"","why_team_text":"","why_service_title":"","why_service_text":"","template_catalog_visible":"0","template_catalog_title":"","template_catalog_text":"","template_catalog_categories_visible":"","demo_title":"Erstellen Sie Ihr Hintergrundmusik-Plugin","demo_caption":"Konfigurieren Sie Ihre Hintergrundmusik und f\u00fcgen Sie sie kostenlos zu Ihrer Joomla-Website hinzu!","default_faq_hidden":"","app_template_category":[],"platform":"259","template_public_id":"","codecanyon_url":"","codecanyon_item_id":"","codecanyon_price":"","pricing_caption":"","pricing_elfsight_apps_hide_column":"","pricing_elfsight_apps_url":"","pricing_codecanyon_price_caption":"","integration_category":[],"integration_request_title":"","integration_request_cta":"","integration_platform":"","integrations":[],"platform_category":[],"video_schema_markup":"","price":"ab 0 $ \/ Monat","trial":"","benefits":[{"text":"Kostenlose Installationsunterst\u00fctzung"},{"text":"Au\u00dfergew\u00f6hnlicher Support"},{"text":"14-t\u00e4gige R\u00fcckerstattungsgarantie"},{"text":"Zuk\u00fcnftige Verbesserungen"}],"button_url":"#demo","button_target_blank":"0","button_nofollow":"0","attributes":[{"name":"Installiert","content":"10,000 - 100,000"},{"name":"Reaktionsfreudig","content":"Ja"},{"name":"Kompatible Browser","content":"Firefox, Safari, Opera, Chrome, Edge"}],"tags":[],"tags_disable_links":"0","hide_more_platforms":"0","video_object":"","demo_hide_cta":"0","demo_hide_cloud_options":"0","pricing_title":"","pricing":[{"pricing_icon":"platform","pricing_title":"Elfsight Apps","pricing_title_caption":"Plattform\u00fcbergreifende L\u00f6sung, die auf jeder Website funktioniert","pricing_price":"ab 0 $ \/ Monat","pricing_price_caption":"Beginnen Sie mit einem kostenlosen Plan","pricing_benefits":[{"text":"Unbegrenzte Websites"},{"text":"Professionelle und p\u00fcnktliche Unterst\u00fctzung und gut dokumentiert"},{"text":"Kostenlose Installationsunterst\u00fctzung"},{"text":"Zeitlich begrenztes Angebot f\u00fcr mehrere Apps"}],"pricing_button_text":"Zur Website hinzuf\u00fcgen","pricing_button_url":"#demo"}],"related_apps_title":"","related_apps_hidden":"0","author":"","image":[],"title":"","job":"","social_networks":[]},"_links":{"self":[{"href":"https:\/\/elfsight.com\/de\/wp-json\/wp\/v2\/pages\/8042","targetHints":{"allow":["GET"]}}],"collection":[{"href":"https:\/\/elfsight.com\/de\/wp-json\/wp\/v2\/pages"}],"about":[{"href":"https:\/\/elfsight.com\/de\/wp-json\/wp\/v2\/types\/page"}],"author":[{"embeddable":true,"href":"https:\/\/elfsight.com\/de\/wp-json\/wp\/v2\/users\/9"}],"replies":[{"embeddable":true,"href":"https:\/\/elfsight.com\/de\/wp-json\/wp\/v2\/comments?post=8042"}],"version-history":[{"count":3,"href":"https:\/\/elfsight.com\/de\/wp-json\/wp\/v2\/pages\/8042\/revisions"}],"predecessor-version":[{"id":24169,"href":"https:\/\/elfsight.com\/de\/wp-json\/wp\/v2\/pages\/8042\/revisions\/24169"}],"up":[{"embeddable":true,"href":"https:\/\/elfsight.com\/de\/wp-json\/wp\/v2\/pages\/2301"}],"wp:attachment":[{"href":"https:\/\/elfsight.com\/de\/wp-json\/wp\/v2\/media?parent=8042"}],"curies":[{"name":"wp","href":"https:\/\/api.w.org\/{rel}","templated":true}]}}