{"id":8041,"date":"2024-05-03T06:29:31","date_gmt":"2024-05-03T06:29:31","guid":{"rendered":"https:\/\/elfsight.com\/de\/?page_id=8041"},"modified":"2025-07-08T10:11:14","modified_gmt":"2025-07-08T10:11:14","slug":"jquery","status":"publish","type":"page","link":"https:\/\/elfsight.com\/de\/background-music-widget\/jquery\/","title":{"rendered":"Background Music &#8211; jQuery"},"content":{"rendered":"<div class=\"application-platform-content-item-description application-platform-content-item\" id=\"description\" data-nav-section=\"description\"> <h2>Beschreibung<\/h2> <p>Elfsight Background Audio ist ein unkompliziertes Widget f\u00fcr jQuery, das Ihnen die M\u00f6glichkeit gibt, Musiktitel direkt auf den Seiten abzuspielen Ihrer Website. Das Tool ist \u00e4u\u00dferst anpassbar: Sie k\u00f6nnen seine Position \u00e4ndern, es an einer beliebigen Stelle auf der Seite platzieren, seine Gr\u00f6\u00dfe skalieren, den Hintergrund und alle anderen Teile neu einf\u00e4rben, um es mit dem Layout Ihrer Website zu kombinieren, ein dunkles Thema anwenden, Cover anzeigen und vier weitere Elemente anzeigen oder verbergen Player-Komponenten, zum Beispiel Fortschrittsbalken, \u00dcberschrift und andere. F\u00fcgen Sie so viele Titel hinzu, wie Sie m\u00f6chten, um Ihr Publikum zu begeistern, schalten Sie die automatische Wiedergabe ein und z\u00f6gern Sie nicht \u2013 Ihre Besucher werden Ihre Website nicht sofort verlassen!<\/p> <p><b>Mit dem Elfsight-Hintergrundmusik-Player erleben Sie ein solides Erlebnis Gesch\u00e4ftsentwicklung und mehr Umsatz!<\/b><\/p> <\/div> <div class=\"application-platform-content-item-features application-platform-content-item\" id=\"features\" data-nav-section=\"features\"> <h2>Dies sind nur einige der zahlreichen Widget-Funktionen:<\/h2> <ul><li> Unbegrenzte Farb\u00e4nderungen<\/li><li>Dunkel-\/Hell-Farbschema<\/li><li>Flexibles Design<\/li><li>2 sofort einsatzbereite Layouts<\/li><li>Eine M\u00f6glichkeit, Hintergrundbilder zu verwenden<\/li><\/ul><p><a href=\"#demo\">Mit der Demo k\u00f6nnen Sie sehen, wann das Widget angeboten wird<\/a><\/p> <\/div> <div class=\"application-platform-content-item-installation application-platform-content-item\" id=\"installation\" data-nav-section=\"installation\"> <h2>Wie f\u00fcge ich Hintergrundmusik zu meiner jQuery-Website hinzu? <\/h2> <p>F\u00fchren Sie einfach die folgenden Richtlinien aus, um das Tool hinzuzuf\u00fcgen. <\/p> <ol><li><b>\u00d6ffnen Sie unseren kostenlosen Editor und beginnen Sie mit der Gestaltung Ihres einzigartigen Widgets. <\/b><br> W\u00e4hlen Sie das bevorzugte Design und die Eigenschaften des Widgets und speichern Sie die \u00c4nderungen.<\/li> <li><b>Erhalten Sie den eindeutigen Code, der in der speziellen Form auf Elfsight Apps angezeigt wird<\/b><br> Nachdem die Anpassung Ihres eigenen Plugins abgeschlossen ist, kopieren Sie den individuellen Code aus dem angezeigten Feld und bewahren Sie ihn f\u00fcr sp\u00e4ter auf.<\/li> <li><b>Geben Sie die Verwendung des Hintergrundaudios auf Ihrer jQuery-Seite ein<\/b><br> Implementieren Sie den zuvor kopierten Code in Ihre Website und \u00fcbernehmen Sie die \u00c4nderungen.<\/li> <li><b>Fertig! Die Integration ist vollst\u00e4ndig abgeschlossen<\/b><br> Besuchen Sie Ihre Website, um die Funktionsweise des Widgets zu \u00fcberpr\u00fcfen.<\/li><\/ol> <p>Wenn Sie Fragen haben oder auf Probleme sto\u00dfen, wenden Sie sich bitte an Unser Support-Team. Unsere Mitarbeiter helfen Ihnen gerne bei allen Fragen zum Plugin.<\/p> <\/div>","protected":false},"excerpt":{"rendered":"","protected":false},"author":9,"featured_media":0,"parent":2301,"menu_order":0,"comment_status":"closed","ping_status":"closed","template":"templates\/template-application-platform.php","meta":{"publish_to_discourse":"","publish_post_category":"","wpdc_auto_publish_overridden":"","wpdc_topic_tags":"","wpdc_pin_topic":"","wpdc_pin_until":"","discourse_post_id":"","discourse_permalink":"","wpdc_publishing_response":"","wpdc_publishing_error":"","footnotes":""},"class_list":["post-8041","page","type-page","status-publish","hentry"],"yoast_head":"<!-- This site is optimized with the Yoast SEO plugin v25.3.1 - https:\/\/yoast.com\/wordpress\/plugins\/seo\/ -->\n<title>Hintergrundmusik-Player-Plugin f\u00fcr die jQuery-Website (einfach und kostenlos)<\/title>\n<meta name=\"description\" content=\"F\u00fcgen Sie Ihrer jQuery-Website ein flexibles Hintergrundmusik-Plugin hinzu. Nutzen Sie die \u00fcbersichtliche Demo und erstellen Sie Ihren Audio-Player in nur wenigen Minuten.\" \/>\n<meta name=\"robots\" content=\"index, follow, max-snippet:-1, max-image-preview:large, max-video-preview:-1\" \/>\n<link rel=\"canonical\" href=\"https:\/\/elfsight.com\/de\/background-music-widget\/jquery\/\" \/>\n<meta property=\"og:locale\" content=\"de_DE\" \/>\n<meta property=\"og:type\" content=\"article\" \/>\n<meta property=\"og:title\" content=\"Hintergrundmusik-Player-Plugin f\u00fcr die jQuery-Website (einfach und kostenlos)\" \/>\n<meta property=\"og:description\" content=\"F\u00fcgen Sie Ihrer jQuery-Website ein flexibles Hintergrundmusik-Plugin hinzu. Nutzen Sie die \u00fcbersichtliche Demo und erstellen Sie Ihren Audio-Player in nur wenigen Minuten.\" \/>\n<meta property=\"og:url\" content=\"https:\/\/elfsight.com\/de\/background-music-widget\/jquery\/\" \/>\n<meta property=\"og:site_name\" content=\"Elfsight DE\" \/>\n<meta property=\"article:modified_time\" content=\"2025-07-08T10:11:14+00:00\" \/>\n<meta name=\"twitter:card\" content=\"summary_large_image\" \/>\n<meta name=\"twitter:label1\" content=\"Gesch\u00e4tzte Lesezeit\" \/>\n\t<meta name=\"twitter:data1\" content=\"2\u00a0Minuten\" \/>\n<!-- \/ Yoast SEO plugin. -->","yoast_head_json":{"title":"Hintergrundmusik-Player-Plugin f\u00fcr die jQuery-Website (einfach und kostenlos)","description":"F\u00fcgen Sie Ihrer jQuery-Website ein flexibles Hintergrundmusik-Plugin hinzu. Nutzen Sie die \u00fcbersichtliche Demo und erstellen Sie Ihren Audio-Player in nur wenigen Minuten.","robots":{"index":"index","follow":"follow","max-snippet":"max-snippet:-1","max-image-preview":"max-image-preview:large","max-video-preview":"max-video-preview:-1"},"canonical":"https:\/\/elfsight.com\/de\/background-music-widget\/jquery\/","og_locale":"de_DE","og_type":"article","og_title":"Hintergrundmusik-Player-Plugin f\u00fcr die jQuery-Website (einfach und kostenlos)","og_description":"F\u00fcgen Sie Ihrer jQuery-Website ein flexibles Hintergrundmusik-Plugin hinzu. Nutzen Sie die \u00fcbersichtliche Demo und erstellen Sie Ihren Audio-Player in nur wenigen Minuten.","og_url":"https:\/\/elfsight.com\/de\/background-music-widget\/jquery\/","og_site_name":"Elfsight DE","article_modified_time":"2025-07-08T10:11:14+00:00","twitter_card":"summary_large_image","twitter_misc":{"Gesch\u00e4tzte Lesezeit":"2\u00a0Minuten"},"schema":{"@context":"https:\/\/schema.org","@graph":[{"@type":"WebPage","@id":"https:\/\/elfsight.com\/de\/background-music-widget\/jquery\/","url":"https:\/\/elfsight.com\/de\/background-music-widget\/jquery\/","name":"Hintergrundmusik-Player-Plugin f\u00fcr die jQuery-Website (einfach und kostenlos)","isPartOf":{"@id":"https:\/\/elfsight.com\/de\/#website"},"datePublished":"2024-05-03T06:29:31+00:00","dateModified":"2025-07-08T10:11:14+00:00","description":"F\u00fcgen Sie Ihrer jQuery-Website ein flexibles Hintergrundmusik-Plugin hinzu. Nutzen Sie die \u00fcbersichtliche Demo und erstellen Sie Ihren Audio-Player in nur wenigen Minuten.","breadcrumb":{"@id":"https:\/\/elfsight.com\/de\/background-music-widget\/jquery\/#breadcrumb"},"inLanguage":"de","potentialAction":[{"@type":"ReadAction","target":["https:\/\/elfsight.com\/de\/background-music-widget\/jquery\/"]}]},{"@type":"BreadcrumbList","@id":"https:\/\/elfsight.com\/de\/background-music-widget\/jquery\/#breadcrumb","itemListElement":[{"@type":"ListItem","position":1,"name":"Home","item":"https:\/\/elfsight.com\/de\/"},{"@type":"ListItem","position":2,"name":"Background Music","item":"https:\/\/elfsight.com\/de\/background-music-widget\/"},{"@type":"ListItem","position":3,"name":"Background Music &#8211; jQuery"}]},{"@type":"WebSite","@id":"https:\/\/elfsight.com\/de\/#website","url":"https:\/\/elfsight.com\/de\/","name":"Elfsight DE","description":"Just another Elfsight Sites site","potentialAction":[{"@type":"SearchAction","target":{"@type":"EntryPoint","urlTemplate":"https:\/\/elfsight.com\/de\/?s={search_term_string}"},"query-input":{"@type":"PropertyValueSpecification","valueRequired":true,"valueName":"search_term_string"}}],"inLanguage":"de"}]}},"meta_box":{"industry":"","seo_heading":"","heading":"","description":"","cta_heading":"","cta_description":"","application":"2274","h1":"jQuery-Hintergrundmusik-Plugin","h1_caption":"F\u00fcgen Sie Hintergrundmusik zu Ihrer Website hinzu und schaffen Sie so m\u00fchelos ein immersives Erlebnis f\u00fcr Ihre Besucher auf Ihrer jQuery-Website.","application_category":[],"applications_title":"","applications_request_title":"","applications_request_button_text":"","hero_text":"","hero_video":"","hero_video_schema_markup":"","selling_points_title":"","selling_points_caption":"","selling_points":[],"selling_points_cta_text":"","features_title":"","features":"","ed_cta_examples_text":"","ed_cta_examples_hidden":"","ed_cta_demo_text":"","ed_cta_demo_hidden":"","why_caption":"","why_editor_title":"","why_editor_text":"","why_team_title":"","why_team_text":"","why_service_title":"","why_service_text":"","template_catalog_visible":"","template_catalog_title":"","template_catalog_text":"","template_catalog_categories_visible":"","demo_title":"Erstellen Sie Ihr Hintergrundmusik-Plugin","demo_caption":"Konfigurieren Sie Ihre Hintergrundmusik und f\u00fcgen Sie sie kostenlos zu Ihrer jQuery-Website hinzu!","default_faq_hidden":"","app_template_category":[],"platform":"258","template_public_id":"","codecanyon_url":"","codecanyon_item_id":"","codecanyon_price":"","pricing_caption":"","pricing_elfsight_apps_hide_column":"","pricing_elfsight_apps_url":"","pricing_codecanyon_price_caption":"","integration_category":[],"integration_request_title":"","integration_request_cta":"","integration_platform":"","integrations":[],"platform_category":[],"video_schema_markup":"","price":"ab 0 $ \/ Monat","trial":"","benefits":[{"text":"Kostenlose Installationshilfe"},{"text":"Erfahrener Kundensupport"},{"text":"14-t\u00e4gige R\u00fcckerstattungsgarantie"},{"text":"Regelm\u00e4\u00dfige kostenlose Updates"}],"button_url":"#demo","button_target_blank":"","button_nofollow":"","attributes":[{"name":"Installiert","content":"10,000 - 100,000"},{"name":"Reaktionsfreudig","content":"Ja"},{"name":"Kompatible Browser","content":"Firefox, Safari, Opera, Chrome, Edge"}],"tags":[],"tags_disable_links":"","hide_more_platforms":"","video_object":"","demo_hide_cta":"","demo_hide_cloud_options":"","pricing_title":"","pricing":[{"pricing_icon":"platform","pricing_title":"Elfsight Apps","pricing_title_caption":"Multiplattform-L\u00f6sung, die f\u00fcr jeden Standort geeignet ist","pricing_price":"ab 0 $ \/ Monat","pricing_price_caption":"Beginnen Sie mit einem kostenlosen Plan","pricing_benefits":[{"text":"Unbegrenzte Websites"},{"text":"Premium-Support und gut dokumentiert"},{"text":"Kostenlose Installationsunterst\u00fctzung"},{"text":"Flexibles Design"}],"pricing_button_text":"Zur Website hinzuf\u00fcgen","pricing_button_url":"#demo"}],"related_apps_title":"","related_apps_hidden":"","author":"","image":[],"title":"","job":"","social_networks":[]},"_links":{"self":[{"href":"https:\/\/elfsight.com\/de\/wp-json\/wp\/v2\/pages\/8041","targetHints":{"allow":["GET"]}}],"collection":[{"href":"https:\/\/elfsight.com\/de\/wp-json\/wp\/v2\/pages"}],"about":[{"href":"https:\/\/elfsight.com\/de\/wp-json\/wp\/v2\/types\/page"}],"author":[{"embeddable":true,"href":"https:\/\/elfsight.com\/de\/wp-json\/wp\/v2\/users\/9"}],"replies":[{"embeddable":true,"href":"https:\/\/elfsight.com\/de\/wp-json\/wp\/v2\/comments?post=8041"}],"version-history":[{"count":1,"href":"https:\/\/elfsight.com\/de\/wp-json\/wp\/v2\/pages\/8041\/revisions"}],"predecessor-version":[{"id":8045,"href":"https:\/\/elfsight.com\/de\/wp-json\/wp\/v2\/pages\/8041\/revisions\/8045"}],"up":[{"embeddable":true,"href":"https:\/\/elfsight.com\/de\/wp-json\/wp\/v2\/pages\/2301"}],"wp:attachment":[{"href":"https:\/\/elfsight.com\/de\/wp-json\/wp\/v2\/media?parent=8041"}],"curies":[{"name":"wp","href":"https:\/\/api.w.org\/{rel}","templated":true}]}}