{"id":8036,"date":"2024-05-03T06:29:30","date_gmt":"2024-05-03T06:29:30","guid":{"rendered":"https:\/\/elfsight.com\/de\/?page_id=8036"},"modified":"2025-07-08T10:11:02","modified_gmt":"2025-07-08T10:11:02","slug":"iframe","status":"publish","type":"page","link":"https:\/\/elfsight.com\/de\/background-music-widget\/iframe\/","title":{"rendered":"Background Music &#8211; iFrame"},"content":{"rendered":"<div class=\"application-platform-content-item-description application-platform-content-item\" id=\"description\" data-nav-section=\"description\"> <h2>Hintergrundmusik in iFrame mit dem Elfsight-Widget einbetten<\/h2> <p>Der Hintergrund-Audio-Player ist ein unkompliziertes Tool, das Ihnen die M\u00f6glichkeit zur Wiedergabe bietet Musiktitel direkt auf Ihren Webseiten mit Elfsight iFrame-Code. Das Widget ist vollst\u00e4ndig ver\u00e4nderbar: Sie k\u00f6nnen seine Position \u00e4ndern, es an einer beliebigen Stelle auf der Seite einf\u00fcgen, seine Gr\u00f6\u00dfe skalieren, den Hintergrund und andere Elemente \u00fcberarbeiten, um es mit dem Stil Ihrer Website zu vermischen, ein dunkles Design verwenden, Bilder anzeigen und ein- oder ausblenden 4 weitere Spielerdetails, zum Beispiel Fortschrittsbalken, \u00dcberschrift und andere. F\u00fcgen Sie so viele Titel hinzu, wie Sie m\u00f6chten, um Ihr Publikum zu unterhalten, schalten Sie die automatische Wiedergabe ein und haben Sie keinen Zweifel \u2013 Ihre Besucher werden Ihre Webseite nicht so schnell verlassen!<\/p> <p><b>Integrieren Sie den Elfsight-Hintergrundmusik-Player in Erreichen Sie Ihre Gesch\u00e4ftsziele schneller!<\/b><\/p> <\/div> <div class=\"application-platform-content-item-features application-platform-content-item\" id=\"features\" data-nav-section=\"features\"> <h2>Sehen Sie sich die Liste der wertvollsten Funktionen an: <\/h2> <ul><li>Verschiedene Farben Variationen<\/li><li>Dunkles\/helles Farbthema<\/li><li>Formbares Design<\/li><li>Zwei Layouts anwendbar<\/li><li>Eine Option zur Verwendung eines Hintergrundbilds<\/li><\/ul><p><a href=\"#demo\">Sie k\u00f6nnen die volle Funktionalit\u00e4t des Widgets in der Demo unten entdecken<\/a><\/p> <\/div> <div class=\"application-platform-content-item-installation application-platform-content-item\" id=\"installation\" data-nav-section=\"installation\"> <h2>Wie f\u00fcge ich Iframe-Code mit Hintergrundmusik zur Website hinzu?<\/h2> <p>Befolgen Sie einfach die nachstehenden Anweisungen, um das Widget zu aktivieren. <\/p> <ol><li><b>Verwalten Sie unseren kostenlosen Konfigurator und beginnen Sie mit der Erstellung Ihres eigenen Widgets. <\/b><br> Finden Sie das gew\u00fcnschte Aussehen und die gew\u00fcnschten Optionen des Plugins und wenden Sie die Korrekturen an. <\/li> <li><b>Erhalten Sie den individuellen Code, der im speziellen Formular auf Elfsight Apps angezeigt wird.<\/b><br> Wenn die Erstellung Ihres pers\u00f6nlichen Tools abgeschlossen ist, kopieren Sie den exklusiven Code aus dem angezeigten Fenster und behalten Sie ihn es f\u00fcr zuk\u00fcnftige Gelegenheit. <\/li> <li><b>Machen Sie Angaben zur Verwendung des Hintergrundaudios auf Ihrer iFrame-Website<\/b><br> F\u00fcgen Sie den Code, den Sie k\u00fcrzlich kopiert haben, in Ihre Webseite ein und speichern Sie die Korrekturen. <\/li> <li><b>Fertig! Die Einrichtung ist vollst\u00e4ndig abgeschlossen<\/b><br> Besuchen Sie Ihre Seite, um einen Blick auf die Funktionsweise des Plugins zu werfen.<\/li><\/ol> <p>Angenommen, Sie haben Fragen oder sto\u00dfen auf Komplikationen, das ist nicht der Fall Ich habe Angst, unsere Kundendienstmitarbeiter zu kontaktieren. Unsere Mitarbeiter helfen Ihnen gerne bei allen Fragen zum Produkt weiter. <\/p> <div class=\"faq\" data-component=\"FAQ\"><div class=\"faq-item\">\r\n\t\t\t\t\t<div class=\"faq-item-question\">\r\n\t\t\t\t\t\t<h3 class=\"faq-item-question-text\">Wie kann ich ohne Programmierkenntnisse ein iFrame-Hintergrundmusik-Widget in meine iFrame-Website einbetten?<\/h3>\r\n\r\n\t\t\t\t\t\t<div class=\"faq-item-question-icon\"><\/div>\r\n\t\t\t\t\t<\/div>\r\n\r\n\t\t\t\t\t<div class=\"faq-item-answer\">\r\n\t\t\t\t\t\t<div class=\"faq-item-answer-text\"><p>Elfsight bietet eine cloudbasierte L\u00f6sung, die es Benutzern erm\u00f6glicht, eine iFrame-Hintergrundmusik einzubetten Sehen Sie, wie unkompliziert der Prozess ist:<\/p><ul><li>Greifen Sie auf den Online-Editor zu, um einen iFrame-Hintergrundmusik-Widget-Abschnitt zu erstellen, den Sie in Ihre Squarespace-Site integrieren m\u00f6chten.<\/li><li>W\u00e4hlen Sie eine unserer vorgefertigten Vorlagen und passen Sie die Einstellungen des iFrame-Hintergrundmusik-Widgets an, \u00e4ndern Sie das Layout und das Farbschema und f\u00fcgen Sie Ihre Inhalte ein, ohne dass eine Codierung erforderlich ist.<\/li><li>Speichern Sie die Einstellungen, die Sie konfiguriert haben Klicken Sie auf das iFrame-Hintergrundmusik-Widget und erhalten Sie den Code des Widgets zum Einbetten, der m\u00fchelos und kostenlos zu Ihrer Squarespace-Website hinzugef\u00fcgt werden kann.<\/li><\/ul><p>Durch die Arbeit im benutzerfreundlichen Editor kann jeder Internetnutzer dies tun Erstellen Sie einen iFrame-Widget-Bereich f\u00fcr Hintergrundmusik und betten Sie ihn in ihre Squarespace-Website ein. F\u00fcr den Zugriff auf den Elfsight-Editor ist keine Zahlung oder Offenlegung Ihrer Karteninformationen erforderlich. Sollten Sie zu irgendeinem Zeitpunkt auf Schwierigkeiten sto\u00dfen, wenden Sie sich bitte an unseren Kundensupport.<\/p><\/div>\r\n\t\t\t\t\t<\/div>\r\n\t\t\t\t<\/div><\/div><\/div>","protected":false},"excerpt":{"rendered":"","protected":false},"author":9,"featured_media":0,"parent":2301,"menu_order":0,"comment_status":"closed","ping_status":"closed","template":"templates\/template-application-platform.php","meta":{"publish_to_discourse":"","publish_post_category":"","wpdc_auto_publish_overridden":"","wpdc_topic_tags":"","wpdc_pin_topic":"","wpdc_pin_until":"","discourse_post_id":"","discourse_permalink":"","wpdc_publishing_response":"","wpdc_publishing_error":"","footnotes":""},"class_list":["post-8036","page","type-page","status-publish","hentry"],"yoast_head":"<!-- This site is optimized with the Yoast SEO plugin v25.3.1 - https:\/\/yoast.com\/wordpress\/plugins\/seo\/ -->\n<title>iFrame-Code f\u00fcr Website-Hintergrundmusik-Player (schnell und kostenlos)<\/title>\n<meta name=\"description\" content=\"F\u00fcgen Sie Ihrer iFrame-Website einen flexiblen Hintergrundmusik-Player hinzu. Nutzen Sie die praktische Elfsight-Demo und erstellen Sie Ihr personalisiertes Audio-Widget in nur 2 Minuten.\" \/>\n<meta name=\"robots\" content=\"index, follow, max-snippet:-1, max-image-preview:large, max-video-preview:-1\" \/>\n<link rel=\"canonical\" href=\"https:\/\/elfsight.com\/de\/background-music-widget\/iframe\/\" \/>\n<meta property=\"og:locale\" content=\"de_DE\" \/>\n<meta property=\"og:type\" content=\"article\" \/>\n<meta property=\"og:title\" content=\"iFrame-Code f\u00fcr Website-Hintergrundmusik-Player (schnell und kostenlos)\" \/>\n<meta property=\"og:description\" content=\"F\u00fcgen Sie Ihrer iFrame-Website einen flexiblen Hintergrundmusik-Player hinzu. Nutzen Sie die praktische Elfsight-Demo und erstellen Sie Ihr personalisiertes Audio-Widget in nur 2 Minuten.\" \/>\n<meta property=\"og:url\" content=\"https:\/\/elfsight.com\/de\/background-music-widget\/iframe\/\" \/>\n<meta property=\"og:site_name\" content=\"Elfsight DE\" \/>\n<meta property=\"article:modified_time\" content=\"2025-07-08T10:11:02+00:00\" \/>\n<meta name=\"twitter:card\" content=\"summary_large_image\" \/>\n<meta name=\"twitter:label1\" content=\"Gesch\u00e4tzte Lesezeit\" \/>\n\t<meta name=\"twitter:data1\" content=\"3\u00a0Minuten\" \/>\n<!-- \/ Yoast SEO plugin. -->","yoast_head_json":{"title":"iFrame-Code f\u00fcr Website-Hintergrundmusik-Player (schnell und kostenlos)","description":"F\u00fcgen Sie Ihrer iFrame-Website einen flexiblen Hintergrundmusik-Player hinzu. Nutzen Sie die praktische Elfsight-Demo und erstellen Sie Ihr personalisiertes Audio-Widget in nur 2 Minuten.","robots":{"index":"index","follow":"follow","max-snippet":"max-snippet:-1","max-image-preview":"max-image-preview:large","max-video-preview":"max-video-preview:-1"},"canonical":"https:\/\/elfsight.com\/de\/background-music-widget\/iframe\/","og_locale":"de_DE","og_type":"article","og_title":"iFrame-Code f\u00fcr Website-Hintergrundmusik-Player (schnell und kostenlos)","og_description":"F\u00fcgen Sie Ihrer iFrame-Website einen flexiblen Hintergrundmusik-Player hinzu. Nutzen Sie die praktische Elfsight-Demo und erstellen Sie Ihr personalisiertes Audio-Widget in nur 2 Minuten.","og_url":"https:\/\/elfsight.com\/de\/background-music-widget\/iframe\/","og_site_name":"Elfsight DE","article_modified_time":"2025-07-08T10:11:02+00:00","twitter_card":"summary_large_image","twitter_misc":{"Gesch\u00e4tzte Lesezeit":"3\u00a0Minuten"},"schema":{"@context":"https:\/\/schema.org","@graph":[{"@type":"WebPage","@id":"https:\/\/elfsight.com\/de\/background-music-widget\/iframe\/","url":"https:\/\/elfsight.com\/de\/background-music-widget\/iframe\/","name":"iFrame-Code f\u00fcr Website-Hintergrundmusik-Player (schnell und kostenlos)","isPartOf":{"@id":"https:\/\/elfsight.com\/de\/#website"},"datePublished":"2024-05-03T06:29:30+00:00","dateModified":"2025-07-08T10:11:02+00:00","description":"F\u00fcgen Sie Ihrer iFrame-Website einen flexiblen Hintergrundmusik-Player hinzu. Nutzen Sie die praktische Elfsight-Demo und erstellen Sie Ihr personalisiertes Audio-Widget in nur 2 Minuten.","breadcrumb":{"@id":"https:\/\/elfsight.com\/de\/background-music-widget\/iframe\/#breadcrumb"},"inLanguage":"de","potentialAction":[{"@type":"ReadAction","target":["https:\/\/elfsight.com\/de\/background-music-widget\/iframe\/"]}]},{"@type":"BreadcrumbList","@id":"https:\/\/elfsight.com\/de\/background-music-widget\/iframe\/#breadcrumb","itemListElement":[{"@type":"ListItem","position":1,"name":"Home","item":"https:\/\/elfsight.com\/de\/"},{"@type":"ListItem","position":2,"name":"Background Music","item":"https:\/\/elfsight.com\/de\/background-music-widget\/"},{"@type":"ListItem","position":3,"name":"Background Music &#8211; iFrame"}]},{"@type":"WebSite","@id":"https:\/\/elfsight.com\/de\/#website","url":"https:\/\/elfsight.com\/de\/","name":"Elfsight DE","description":"Just another Elfsight Sites site","potentialAction":[{"@type":"SearchAction","target":{"@type":"EntryPoint","urlTemplate":"https:\/\/elfsight.com\/de\/?s={search_term_string}"},"query-input":{"@type":"PropertyValueSpecification","valueRequired":true,"valueName":"search_term_string"}}],"inLanguage":"de"}]}},"meta_box":{"industry":"","seo_heading":"","heading":"","description":"","cta_heading":"","cta_description":"","application":"2274","h1":"iFrame-Hintergrundmusikcode","h1_caption":"F\u00fcgen Sie Hintergrundmusik zu Ihrer Website hinzu und schaffen Sie so m\u00fchelos ein immersives Erlebnis f\u00fcr Ihre Besucher auf Ihrer iFrame-Website.","application_category":[],"applications_title":"","applications_request_title":"","applications_request_button_text":"","hero_text":"","hero_video":"","hero_video_schema_markup":"","selling_points_title":"","selling_points_caption":"","selling_points":[],"selling_points_cta_text":"","features_title":"","features":"","ed_cta_examples_text":"","ed_cta_examples_hidden":"","ed_cta_demo_text":"","ed_cta_demo_hidden":"","why_caption":"","why_editor_title":"","why_editor_text":"","why_team_title":"","why_team_text":"","why_service_title":"","why_service_text":"","template_catalog_visible":"","template_catalog_title":"","template_catalog_text":"","template_catalog_categories_visible":"","demo_title":"Erstellen Sie Ihr Hintergrundmusik-Widget","demo_caption":"Konfigurieren Sie Ihre Hintergrundmusik und f\u00fcgen Sie sie kostenlos zu Ihrer iFrame-Website hinzu!","default_faq_hidden":"","app_template_category":[],"platform":"240","template_public_id":"","codecanyon_url":"","codecanyon_item_id":"","codecanyon_price":"","pricing_caption":"","pricing_elfsight_apps_hide_column":"","pricing_elfsight_apps_url":"","pricing_codecanyon_price_caption":"","integration_category":[],"integration_request_title":"","integration_request_cta":"","integration_platform":"","integrations":[],"platform_category":[],"video_schema_markup":"","price":"ab 0 $ \/ Monat","trial":"","benefits":[{"text":"Kostenlose Installationsunterst\u00fctzung"},{"text":"Professioneller Kundenservice"},{"text":"14-t\u00e4gige Geld-zur\u00fcck-Garantie"},{"text":"Kontinuierliche Verbesserungen"}],"button_url":"#demo","button_target_blank":"","button_nofollow":"","attributes":[{"name":"Installiert","content":"10,000 - 100,000"},{"name":"Reaktionsfreudig","content":"Ja"},{"name":"Kompatible Browser","content":"Firefox, Safari, Edge, Opera, Chrome"}],"tags":[],"tags_disable_links":"","hide_more_platforms":"","video_object":"","demo_hide_cta":"","demo_hide_cloud_options":"","pricing_title":"","pricing":[{"pricing_icon":"platform","pricing_title":"Elfsight Apps","pricing_title_caption":"Plattformunabh\u00e4ngige Version, die zu jeder Website passt","pricing_price":"ab 0 $ \/ Monat","pricing_price_caption":"Beginnen Sie mit einem kostenlosen Plan","pricing_benefits":[{"text":"Unbegrenzte Anzahl an Websites"},{"text":"Engagierte Unterst\u00fctzung"},{"text":"Kostenlose Installationshilfe"},{"text":"Tolles Angebot f\u00fcr mehrere Apps"}],"pricing_button_text":"Zur Website hinzuf\u00fcgen","pricing_button_url":"#demo"}],"related_apps_title":"","related_apps_hidden":"","author":"","image":[],"title":"","job":"","social_networks":[]},"_links":{"self":[{"href":"https:\/\/elfsight.com\/de\/wp-json\/wp\/v2\/pages\/8036","targetHints":{"allow":["GET"]}}],"collection":[{"href":"https:\/\/elfsight.com\/de\/wp-json\/wp\/v2\/pages"}],"about":[{"href":"https:\/\/elfsight.com\/de\/wp-json\/wp\/v2\/types\/page"}],"author":[{"embeddable":true,"href":"https:\/\/elfsight.com\/de\/wp-json\/wp\/v2\/users\/9"}],"replies":[{"embeddable":true,"href":"https:\/\/elfsight.com\/de\/wp-json\/wp\/v2\/comments?post=8036"}],"version-history":[{"count":2,"href":"https:\/\/elfsight.com\/de\/wp-json\/wp\/v2\/pages\/8036\/revisions"}],"predecessor-version":[{"id":21289,"href":"https:\/\/elfsight.com\/de\/wp-json\/wp\/v2\/pages\/8036\/revisions\/21289"}],"up":[{"embeddable":true,"href":"https:\/\/elfsight.com\/de\/wp-json\/wp\/v2\/pages\/2301"}],"wp:attachment":[{"href":"https:\/\/elfsight.com\/de\/wp-json\/wp\/v2\/media?parent=8036"}],"curies":[{"name":"wp","href":"https:\/\/api.w.org\/{rel}","templated":true}]}}