{"id":8035,"date":"2024-05-03T06:29:29","date_gmt":"2024-05-03T06:29:29","guid":{"rendered":"https:\/\/elfsight.com\/de\/?page_id=8035"},"modified":"2025-02-14T07:51:43","modified_gmt":"2025-02-14T07:51:43","slug":"magento","status":"publish","type":"page","link":"https:\/\/elfsight.com\/de\/background-music-widget\/magento\/","title":{"rendered":"Background Music &#8211; Magento"},"content":{"rendered":"\n<div class=\"application-platform-content-item-description application-platform-content-item\" id=\"description\" data-nav-section=\"description\"> <h2>Beschreibung<\/h2> <p>Elfsight Background Audio Player ist eine einfache Erweiterung f\u00fcr Magento-Websites, mit der Sie Musiktitel direkt auf Ihrer Website wiedergeben k\u00f6nnen Seite. Das Plugin ist \u00e4u\u00dferst anpassbar: Sie k\u00f6nnen seine Platzierung \u00e4ndern, es an einer beliebigen Stelle auf der Seite einbetten, seine Gr\u00f6\u00dfe skalieren, den Hintergrund und alle anderen Elemente neu einf\u00e4rben, um es mit dem Design Ihrer Website zu vermischen, ein dunkles Farbschema anwenden, Cover zeigen und ein- oder ausblenden vier zus\u00e4tzliche Spielerelemente, zum Beispiel Fortschrittsbalken, \u00dcberschrift und andere. F\u00fcgen Sie so viele Titel hinzu, wie Sie ben\u00f6tigen, um Ihre Besucher zu unterhalten, schalten Sie die Autoplay-Option ein und z\u00f6gern Sie nicht \u2013 Ihr Publikum wird Ihre Website nicht so schnell verlassen!<\/p> <p><b>Mit dem Elfsight-Hintergrundmusik-Player, eine nachhaltige Gesch\u00e4ftsentwicklung und mehr Umsatz haben <\/b><\/p> <\/div> <div class=\"application-platform-content-item-features application-platform-content-item\" id=\"features\" data-nav-section=\"features\"> <h2>Dies sind nur einige der vielen Erweiterungsfunktionen:<\/h2> <ul><li>Verschiedene Farbvarianten<\/li><li>Dunkles\/helles Farbthema<\/li><li>Flexibles Design<\/li><li>Zwei sofort einsatzbereite Layouts<\/li><li>M\u00f6glichkeit zum Anh\u00e4ngen eines Hintergrundbildes<\/li><\/ul><p><a href=\"#demo\">Probieren Sie einfach diese Demo aus, um zu sehen, was die Erweiterung wert ist<\/a><\/p> <\/div> <div class=\"application-platform-content-item-installation application-platform-content-item\" id=\"installation\" data-nav-section=\"installation\"> <h2>Wie bette ich Hintergrundmusik in meine Magento-Webseite ein?<\/h2> <p>Befolgen Sie einfach die nachstehenden Anweisungen, um das Tool einzuf\u00fcgen.<\/p> <ol><li><b>Nutzen Sie unser kostenloses Machen Sie eine Demo und beginnen Sie mit der Arbeit mit Ihrer ma\u00dfgeschneiderten Erweiterung. <\/b><br> W\u00e4hlen Sie das benutzerdefinierte Design und die Funktionen der Erweiterung aus und speichern Sie alle Korrekturen. <\/li> <li><b>Kopieren Sie Ihren pers\u00f6nlichen Code, der in der Box von Elfsight Apps angezeigt wird. <\/b><br> Kopieren Sie unmittelbar nach Abschluss der Erstellung Ihrer Erweiterung den einzelnen Code aus dem angezeigten Fenster und bewahren Sie ihn f\u00fcr sp\u00e4tere Zwecke auf. <\/li> <li><b>Erstens beginnen Sie mit der Verwendung der Erweiterung auf Ihrer Magento-Website. <\/b><br> Betten Sie den k\u00fcrzlich gespeicherten Code in Ihre Website ein und \u00fcbernehmen Sie die Anpassungen. <\/li> <li><b>Fertig! Die Einbettung ist vollst\u00e4ndig durchgef\u00fchrt. <\/b><br> Besuchen Sie Ihre Website, um die Arbeit der Erweiterung zu \u00fcberpr\u00fcfen. <\/li><\/ol><p>Wenn Sie Anfragen bearbeiten oder auf Hindernisse sto\u00dfen, scheuen Sie sich nicht, unseren Support-Mitarbeitern zu schreiben. Unsere Spezialisten helfen Ihnen gerne bei allen Problemen, die Sie mit dem Tool haben k\u00f6nnten. <\/p> <\/div>\n","protected":false},"excerpt":{"rendered":"","protected":false},"author":9,"featured_media":0,"parent":2301,"menu_order":0,"comment_status":"closed","ping_status":"closed","template":"templates\/template-application-platform.php","meta":{"publish_to_discourse":"","publish_post_category":"","wpdc_auto_publish_overridden":"","wpdc_topic_tags":"","wpdc_pin_topic":"","wpdc_pin_until":"","discourse_post_id":"","discourse_permalink":"","wpdc_publishing_response":"","wpdc_publishing_error":"","footnotes":""},"class_list":["post-8035","page","type-page","status-publish","hentry"],"yoast_head":"<!-- This site is optimized with the Yoast SEO plugin v25.3.1 - https:\/\/yoast.com\/wordpress\/plugins\/seo\/ -->\n<title>Hintergrundmusik-Erweiterung f\u00fcr die Magento-Website (kostenlos und ohne Programmierung)<\/title>\n<meta name=\"description\" content=\"Integrieren Sie ein flexibles Hintergrundmusik-Tool in Ihre Magento-Site. Nutzen Sie die hilfreiche Demo und erstellen Sie Ihr einzigartiges Tool in nur wenigen Minuten.\" \/>\n<meta name=\"robots\" content=\"index, follow, max-snippet:-1, max-image-preview:large, max-video-preview:-1\" \/>\n<link rel=\"canonical\" href=\"https:\/\/elfsight.com\/de\/background-music-widget\/magento\/\" \/>\n<meta property=\"og:locale\" content=\"de_DE\" \/>\n<meta property=\"og:type\" content=\"article\" \/>\n<meta property=\"og:title\" content=\"Hintergrundmusik-Erweiterung f\u00fcr die Magento-Website (kostenlos und ohne Programmierung)\" \/>\n<meta property=\"og:description\" content=\"Integrieren Sie ein flexibles Hintergrundmusik-Tool in Ihre Magento-Site. Nutzen Sie die hilfreiche Demo und erstellen Sie Ihr einzigartiges Tool in nur wenigen Minuten.\" \/>\n<meta property=\"og:url\" content=\"https:\/\/elfsight.com\/de\/background-music-widget\/magento\/\" \/>\n<meta property=\"og:site_name\" content=\"Elfsight DE\" \/>\n<meta property=\"article:modified_time\" content=\"2025-02-14T07:51:43+00:00\" \/>\n<meta name=\"twitter:card\" content=\"summary_large_image\" \/>\n<meta name=\"twitter:label1\" content=\"Gesch\u00e4tzte Lesezeit\" \/>\n\t<meta name=\"twitter:data1\" content=\"2\u00a0Minuten\" \/>\n<!-- \/ Yoast SEO plugin. -->","yoast_head_json":{"title":"Hintergrundmusik-Erweiterung f\u00fcr die Magento-Website (kostenlos und ohne Programmierung)","description":"Integrieren Sie ein flexibles Hintergrundmusik-Tool in Ihre Magento-Site. Nutzen Sie die hilfreiche Demo und erstellen Sie Ihr einzigartiges Tool in nur wenigen Minuten.","robots":{"index":"index","follow":"follow","max-snippet":"max-snippet:-1","max-image-preview":"max-image-preview:large","max-video-preview":"max-video-preview:-1"},"canonical":"https:\/\/elfsight.com\/de\/background-music-widget\/magento\/","og_locale":"de_DE","og_type":"article","og_title":"Hintergrundmusik-Erweiterung f\u00fcr die Magento-Website (kostenlos und ohne Programmierung)","og_description":"Integrieren Sie ein flexibles Hintergrundmusik-Tool in Ihre Magento-Site. Nutzen Sie die hilfreiche Demo und erstellen Sie Ihr einzigartiges Tool in nur wenigen Minuten.","og_url":"https:\/\/elfsight.com\/de\/background-music-widget\/magento\/","og_site_name":"Elfsight DE","article_modified_time":"2025-02-14T07:51:43+00:00","twitter_card":"summary_large_image","twitter_misc":{"Gesch\u00e4tzte Lesezeit":"2\u00a0Minuten"},"schema":{"@context":"https:\/\/schema.org","@graph":[{"@type":"WebPage","@id":"https:\/\/elfsight.com\/de\/background-music-widget\/magento\/","url":"https:\/\/elfsight.com\/de\/background-music-widget\/magento\/","name":"Hintergrundmusik-Erweiterung f\u00fcr die Magento-Website (kostenlos und ohne Programmierung)","isPartOf":{"@id":"https:\/\/elfsight.com\/de\/#website"},"datePublished":"2024-05-03T06:29:29+00:00","dateModified":"2025-02-14T07:51:43+00:00","description":"Integrieren Sie ein flexibles Hintergrundmusik-Tool in Ihre Magento-Site. Nutzen Sie die hilfreiche Demo und erstellen Sie Ihr einzigartiges Tool in nur wenigen Minuten.","breadcrumb":{"@id":"https:\/\/elfsight.com\/de\/background-music-widget\/magento\/#breadcrumb"},"inLanguage":"de","potentialAction":[{"@type":"ReadAction","target":["https:\/\/elfsight.com\/de\/background-music-widget\/magento\/"]}]},{"@type":"BreadcrumbList","@id":"https:\/\/elfsight.com\/de\/background-music-widget\/magento\/#breadcrumb","itemListElement":[{"@type":"ListItem","position":1,"name":"Home","item":"https:\/\/elfsight.com\/de\/"},{"@type":"ListItem","position":2,"name":"Background Music","item":"https:\/\/elfsight.com\/de\/background-music-widget\/"},{"@type":"ListItem","position":3,"name":"Background Music &#8211; Magento"}]},{"@type":"WebSite","@id":"https:\/\/elfsight.com\/de\/#website","url":"https:\/\/elfsight.com\/de\/","name":"Elfsight DE","description":"Just another Elfsight Sites site","potentialAction":[{"@type":"SearchAction","target":{"@type":"EntryPoint","urlTemplate":"https:\/\/elfsight.com\/de\/?s={search_term_string}"},"query-input":{"@type":"PropertyValueSpecification","valueRequired":true,"valueName":"search_term_string"}}],"inLanguage":"de"}]}},"meta_box":{"industry":"","seo_heading":"","heading":"","description":"","cta_heading":"","cta_description":"","application":"2274","h1":"Magento-Hintergrundmusik-Erweiterung","h1_caption":"F\u00fcgen Sie Hintergrundmusik zu Ihrer Website hinzu und schaffen Sie so m\u00fchelos ein immersives Erlebnis f\u00fcr Ihre Besucher auf Ihrer Magento-Website.","application_category":[],"applications_title":"","applications_request_title":"","applications_request_button_text":"","hero_text":"","hero_video":"","hero_video_schema_markup":"","selling_points_title":"","selling_points_caption":"","selling_points":[],"selling_points_cta_text":"","features_title":"","features":"","ed_cta_examples_text":"","ed_cta_examples_hidden":"","ed_cta_demo_text":"","ed_cta_demo_hidden":"","why_caption":"","why_editor_title":"","why_editor_text":"","why_team_title":"","why_team_text":"","why_service_title":"","why_service_text":"","template_catalog_visible":"0","template_catalog_title":"","template_catalog_text":"","template_catalog_categories_visible":"","demo_title":"Erstellen Sie Ihre Hintergrundmusik-Erweiterung","demo_caption":"Konfigurieren Sie Ihre Hintergrundmusik und f\u00fcgen Sie sie kostenlos zu Ihrer Magento-Website hinzu!","default_faq_hidden":"","app_template_category":[],"platform":"256","template_public_id":"","codecanyon_url":"","codecanyon_item_id":"","codecanyon_price":"","pricing_caption":"","pricing_elfsight_apps_hide_column":"","pricing_elfsight_apps_url":"","pricing_codecanyon_price_caption":"","integration_category":[],"integration_request_title":"","integration_request_cta":"","integration_platform":"","integrations":[],"platform_category":[],"video_schema_markup":"","price":"ab 0 $ \/ Monat","trial":"","benefits":[{"text":"Kostenloser Installationsservice"},{"text":"Professioneller Kundenservice"},{"text":"14-t\u00e4gige R\u00fcckerstattungsgarantie"},{"text":"Zuk\u00fcnftige kostenlose Updates"}],"button_url":"#demo","button_target_blank":"0","button_nofollow":"0","attributes":[{"name":"Installiert","content":"10,000 - 100,000"},{"name":"Reaktionsfreudig","content":"Ja"},{"name":"Kompatible Browser","content":"Firefox, Safari, Opera, Chrome, Edge"}],"tags":[],"tags_disable_links":"0","hide_more_platforms":"0","video_object":"","demo_hide_cta":"0","demo_hide_cloud_options":"0","pricing_title":"","pricing":[{"pricing_icon":"platform","pricing_title":"Elfsight Apps","pricing_title_caption":"Plattform\u00fcbergreifende digitale L\u00f6sung, die auf jedem Standort funktioniert","pricing_price":"ab 0 $ \/ Monat","pricing_price_caption":"Beginnen Sie mit einem kostenlosen Plan","pricing_benefits":[{"text":"Unbegrenzte Websites"},{"text":"Professionelle Unternehmensunterst\u00fctzung und gut dokumentiert"},{"text":"Kostenlose Installationshilfe"},{"text":"100 % anpassbar"}],"pricing_button_text":"Zur Website hinzuf\u00fcgen","pricing_button_url":"#demo"}],"related_apps_title":"","related_apps_hidden":"0","author":"","image":[],"title":"","job":"","social_networks":[]},"_links":{"self":[{"href":"https:\/\/elfsight.com\/de\/wp-json\/wp\/v2\/pages\/8035","targetHints":{"allow":["GET"]}}],"collection":[{"href":"https:\/\/elfsight.com\/de\/wp-json\/wp\/v2\/pages"}],"about":[{"href":"https:\/\/elfsight.com\/de\/wp-json\/wp\/v2\/types\/page"}],"author":[{"embeddable":true,"href":"https:\/\/elfsight.com\/de\/wp-json\/wp\/v2\/users\/9"}],"replies":[{"embeddable":true,"href":"https:\/\/elfsight.com\/de\/wp-json\/wp\/v2\/comments?post=8035"}],"version-history":[{"count":2,"href":"https:\/\/elfsight.com\/de\/wp-json\/wp\/v2\/pages\/8035\/revisions"}],"predecessor-version":[{"id":24172,"href":"https:\/\/elfsight.com\/de\/wp-json\/wp\/v2\/pages\/8035\/revisions\/24172"}],"up":[{"embeddable":true,"href":"https:\/\/elfsight.com\/de\/wp-json\/wp\/v2\/pages\/2301"}],"wp:attachment":[{"href":"https:\/\/elfsight.com\/de\/wp-json\/wp\/v2\/media?parent=8035"}],"curies":[{"name":"wp","href":"https:\/\/api.w.org\/{rel}","templated":true}]}}