{"id":8034,"date":"2024-05-03T06:29:28","date_gmt":"2024-05-03T06:29:28","guid":{"rendered":"https:\/\/elfsight.com\/de\/?page_id=8034"},"modified":"2025-02-14T07:16:12","modified_gmt":"2025-02-14T07:16:12","slug":"html","status":"publish","type":"page","link":"https:\/\/elfsight.com\/de\/background-music-widget\/html\/","title":{"rendered":"Background Music &#8211; HTML"},"content":{"rendered":"\n<div class=\"application-platform-content-item-description application-platform-content-item\" id=\"description\" data-nav-section=\"description\"> <h2>Beschreibung<\/h2> <p>Elfsight Background Audio Player ist ein einfaches Widget, mit dem Sie Musiktitel auf den Seiten Ihrer HTML-Website wiedergeben k\u00f6nnen . Das Plugin ist umfassend anpassbar: Sie k\u00f6nnen seine Position \u00e4ndern, es an einer beliebigen Stelle auf der Seite platzieren, seine Gr\u00f6\u00dfe \u00e4ndern, den Hintergrund und andere Teile \u00fcberarbeiten, um es mit dem Stil Ihrer Website zu mischen, ein dunkles Farbschema anwenden, Cover anzeigen und vier anzeigen oder ausblenden weitere Spielerteile, zum Beispiel Fortschrittsbalken, Titel und vieles mehr. Sie k\u00f6nnen so viele Titel hochladen, wie Sie ben\u00f6tigen, um Ihre Benutzer zu begeistern, die Autoplay-Option f\u00fcr Hintergrundmusik einschalten und sicher sein, dass Ihr Publikum Ihre Homepage nicht sofort verl\u00e4sst!<\/p><p><b>Mit dem Elfsight-Hintergrundmusik-Player, sehen Sie aktives Gesch\u00e4ftswachstum und h\u00f6here Ums\u00e4tze <\/b><\/p> <\/div> <div class=\"application-platform-content-item-features application-platform-content-item\" id=\"features\" data-nav-section=\"features\"> <h2>Zu den wichtigsten Widget-Funktionen geh\u00f6ren<\/h2> <ul><li>Zahlreiche Farbvariationen<\/li><li>Dunkles\/helles Farbthema<\/li><li>Flexibles Design<\/li><li>Zwei sofort einsatzbereite Layouts<\/li><li>Eine Option zum Hinzuf\u00fcgen eines Hintergrundbilds<\/li><\/ul><p><a href=\"#demo\">Schauen Sie sich einfach diese Demo an, um einen vollst\u00e4ndigen \u00dcberblick zu erhalten<\/a><\/p> <\/div> <div class=\"application-platform-content-item-installation application-platform-content-item\" id=\"installation\" data-nav-section=\"installation\"> <h2>So f\u00fcgen Sie hinzu Hintergrund-Audio zur HTML-Website?<\/h2> <div class=\"video-container\"><iframe width=\"560\" height=\"315\" src=\"https:\/\/www.youtube.com\/embed\/g8qZXC_W18s?si=QDWRdmeed9aucKqd\" frameborder=\"0\" allow=\"accelerometer; autoplay; clipboard-write; encrypted-media; gyroscope; picture-in-picture; web-share\" allowfullscreen><\/iframe><\/div><p>F\u00fchren Sie einfach die folgenden Richtlinien aus, um mit der Arbeit mit dem Widget zu beginnen. <\/p> <ol><li><b>\u00d6ffnen Sie unsere kostenlose Demo und beginnen Sie mit der Erstellung Ihres individuellen Widgets.<\/b><br> W\u00e4hlen Sie das ausgew\u00e4hlte Design und die Funktionsmerkmale des Plugins aus und wenden Sie die Korrekturen an. <\/li> <li><b>Erhalten Sie Ihren einzigartigen Code, der in der speziellen Form auf Elfsight Apps angezeigt wird.<\/b><br> Wenn die Erstellung Ihres pers\u00f6nlichen Widgets abgeschlossen ist, kopieren Sie den exklusiven Code aus dem angezeigten Fenster und speichern Sie ihn f\u00fcr weiteren Bedarf. <\/li> <li><b>Beginnen Sie mit der Anwendung des Hintergrundaudios auf Ihrer HTML-Seite.<\/b><br> F\u00fcgen Sie den zuvor kopierten Code in Ihre Website ein und speichern Sie die Korrekturen. <\/li> <li><b>Die Installation ist vollst\u00e4ndig abgeschlossen.<\/b><br> Besuchen Sie Ihre Website, um die Funktionsweise des Tools zu \u00fcberpr\u00fcfen.<\/li><\/ol> <p>Vorausgesetzt, dass Anfragen vorliegen oder Wenn Sie auf Probleme sto\u00dfen, k\u00f6nnen Sie sich jederzeit an unser Kundendienstteam wenden. Unsere Berater sind bestrebt, alle Probleme zu l\u00f6sen, die Sie m\u00f6glicherweise mit dem Plugin haben. <\/p> <\/div><div class=\"faq\" data-component=\"FAQ\"><div class=\"faq-item\">\r\n\t\t\t\t\t<div class=\"faq-item-question\">\r\n\t\t\t\t\t\t<h3 class=\"faq-item-question-text\">Wie kann ich eine Hintergrundmusik in meine HTML-Site einbetten?<\/h3>\r\n\r\n\t\t\t\t\t\t<div class=\"faq-item-question-icon\"><\/div>\r\n\t\t\t\t\t<\/div>\r\n\r\n\t\t\t\t\t<div class=\"faq-item-answer\">\r\n\t\t\t\t\t\t<div class=\"faq-item-answer-text\"><p>Der Aufbau des Tools wird durchgef\u00fchrt innerhalb der Elfsight-Site und Sie m\u00fcssen nicht programmieren. Besuchen Sie unsere Live-Demo, um Ihre eigene App anzupassen, den Code zu erwerben und ihn in Ihre Website einzubetten. <\/p><\/div>\r\n\t\t\t\t\t<\/div>\r\n\t\t\t\t<\/div><div class=\"faq-item\">\r\n\t\t\t\t\t<div class=\"faq-item-question\">\r\n\t\t\t\t\t\t<h3 class=\"faq-item-question-text\">Die besten Anwendungsbeispiele f\u00fcr die Integration von Musik-Playern<\/h3>\r\n\r\n\t\t\t\t\t\t<div class=\"faq-item-question-icon\"><\/div>\r\n\t\t\t\t\t<\/div>\r\n\r\n\t\t\t\t\t<div class=\"faq-item-answer\">\r\n\t\t\t\t\t\t<div class=\"faq-item-answer-text\"><p>Wir bieten Ihnen zahlreiche Personalisierungsm\u00f6glichkeiten: Widgets in voller Gr\u00f6\u00dfe zum Hinzuf\u00fcgen die Inhaltszone, schwebende Widgets f\u00fcr Scrolloptionen, Miniaturansichten f\u00fcr die Fu\u00dfzeile, den Kopfbereich und alle m\u00f6glichen vertikalen Optionen f\u00fcr Seitenleisten und Men\u00fcs der Website. <\/p><\/div>\r\n\t\t\t\t\t<\/div>\r\n\t\t\t\t<\/div><div class=\"faq-item\">\r\n\t\t\t\t\t<div class=\"faq-item-question\">\r\n\t\t\t\t\t\t<h3 class=\"faq-item-question-text\">Gibt es eine Option, mit Hilfe Ihres Editors einen Weihnachts- oder Lautst\u00e4rke-Player zu erstellen?<\/h3>\r\n\r\n\t\t\t\t\t\t<div class=\"faq-item-question-icon\"><\/div>\r\n\t\t\t\t\t<\/div>\r\n\r\n\t\t\t\t\t<div class=\"faq-item-answer\">\r\n\t\t\t\t\t\t<div class=\"faq-item-answer-text\"><p>Es steht Ihnen frei, \u00c4nderungen an jedem Widget vorzunehmen. Im Editor stehen zahlreiche Layouts zur Verf\u00fcgung, die alle schnell nach Ihren W\u00fcnschen angepasst werden k\u00f6nnen. <\/p><\/div>\r\n\t\t\t\t\t<\/div>\r\n\t\t\t\t<\/div><\/div>\n","protected":false},"excerpt":{"rendered":"","protected":false},"author":9,"featured_media":0,"parent":2301,"menu_order":0,"comment_status":"closed","ping_status":"closed","template":"templates\/template-application-platform.php","meta":{"publish_to_discourse":"","publish_post_category":"","wpdc_auto_publish_overridden":"","wpdc_topic_tags":"","wpdc_pin_topic":"","wpdc_pin_until":"","discourse_post_id":"","discourse_permalink":"","wpdc_publishing_response":"","wpdc_publishing_error":"","footnotes":""},"class_list":["post-8034","page","type-page","status-publish","hentry"],"yoast_head":"<!-- This site is optimized with the Yoast SEO plugin v25.3.1 - https:\/\/yoast.com\/wordpress\/plugins\/seo\/ -->\n<title>Hintergrundmusik-Player f\u00fcr HTML-Website (kostenlos und ohne Programmierung)<\/title>\n<meta name=\"description\" content=\"F\u00fcgen Sie Hintergrundmusik zur HTML-Webseite hinzu. Nutzen Sie die \u00fcberschaubare Demo von Elfsight und erstellen Sie Ihr personalisiertes Widget in nur 2 Minuten.\" \/>\n<meta name=\"robots\" content=\"index, follow, max-snippet:-1, max-image-preview:large, max-video-preview:-1\" \/>\n<link rel=\"canonical\" href=\"https:\/\/elfsight.com\/de\/background-music-widget\/html\/\" \/>\n<meta property=\"og:locale\" content=\"de_DE\" \/>\n<meta property=\"og:type\" content=\"article\" \/>\n<meta property=\"og:title\" content=\"Hintergrundmusik-Player f\u00fcr HTML-Website (kostenlos und ohne Programmierung)\" \/>\n<meta property=\"og:description\" content=\"F\u00fcgen Sie Hintergrundmusik zur HTML-Webseite hinzu. Nutzen Sie die \u00fcberschaubare Demo von Elfsight und erstellen Sie Ihr personalisiertes Widget in nur 2 Minuten.\" \/>\n<meta property=\"og:url\" content=\"https:\/\/elfsight.com\/de\/background-music-widget\/html\/\" \/>\n<meta property=\"og:site_name\" content=\"Elfsight DE\" \/>\n<meta property=\"article:modified_time\" content=\"2025-02-14T07:16:12+00:00\" \/>\n<meta name=\"twitter:card\" content=\"summary_large_image\" \/>\n<meta name=\"twitter:label1\" content=\"Gesch\u00e4tzte Lesezeit\" \/>\n\t<meta name=\"twitter:data1\" content=\"3\u00a0Minuten\" \/>\n<!-- \/ Yoast SEO plugin. -->","yoast_head_json":{"title":"Hintergrundmusik-Player f\u00fcr HTML-Website (kostenlos und ohne Programmierung)","description":"F\u00fcgen Sie Hintergrundmusik zur HTML-Webseite hinzu. Nutzen Sie die \u00fcberschaubare Demo von Elfsight und erstellen Sie Ihr personalisiertes Widget in nur 2 Minuten.","robots":{"index":"index","follow":"follow","max-snippet":"max-snippet:-1","max-image-preview":"max-image-preview:large","max-video-preview":"max-video-preview:-1"},"canonical":"https:\/\/elfsight.com\/de\/background-music-widget\/html\/","og_locale":"de_DE","og_type":"article","og_title":"Hintergrundmusik-Player f\u00fcr HTML-Website (kostenlos und ohne Programmierung)","og_description":"F\u00fcgen Sie Hintergrundmusik zur HTML-Webseite hinzu. Nutzen Sie die \u00fcberschaubare Demo von Elfsight und erstellen Sie Ihr personalisiertes Widget in nur 2 Minuten.","og_url":"https:\/\/elfsight.com\/de\/background-music-widget\/html\/","og_site_name":"Elfsight DE","article_modified_time":"2025-02-14T07:16:12+00:00","twitter_card":"summary_large_image","twitter_misc":{"Gesch\u00e4tzte Lesezeit":"3\u00a0Minuten"},"schema":{"@context":"https:\/\/schema.org","@graph":[{"@type":"WebPage","@id":"https:\/\/elfsight.com\/de\/background-music-widget\/html\/","url":"https:\/\/elfsight.com\/de\/background-music-widget\/html\/","name":"Hintergrundmusik-Player f\u00fcr HTML-Website (kostenlos und ohne Programmierung)","isPartOf":{"@id":"https:\/\/elfsight.com\/de\/#website"},"datePublished":"2024-05-03T06:29:28+00:00","dateModified":"2025-02-14T07:16:12+00:00","description":"F\u00fcgen Sie Hintergrundmusik zur HTML-Webseite hinzu. Nutzen Sie die \u00fcberschaubare Demo von Elfsight und erstellen Sie Ihr personalisiertes Widget in nur 2 Minuten.","breadcrumb":{"@id":"https:\/\/elfsight.com\/de\/background-music-widget\/html\/#breadcrumb"},"inLanguage":"de","potentialAction":[{"@type":"ReadAction","target":["https:\/\/elfsight.com\/de\/background-music-widget\/html\/"]}]},{"@type":"BreadcrumbList","@id":"https:\/\/elfsight.com\/de\/background-music-widget\/html\/#breadcrumb","itemListElement":[{"@type":"ListItem","position":1,"name":"Home","item":"https:\/\/elfsight.com\/de\/"},{"@type":"ListItem","position":2,"name":"Background Music","item":"https:\/\/elfsight.com\/de\/background-music-widget\/"},{"@type":"ListItem","position":3,"name":"Background Music &#8211; HTML"}]},{"@type":"WebSite","@id":"https:\/\/elfsight.com\/de\/#website","url":"https:\/\/elfsight.com\/de\/","name":"Elfsight DE","description":"Just another Elfsight Sites site","potentialAction":[{"@type":"SearchAction","target":{"@type":"EntryPoint","urlTemplate":"https:\/\/elfsight.com\/de\/?s={search_term_string}"},"query-input":{"@type":"PropertyValueSpecification","valueRequired":true,"valueName":"search_term_string"}}],"inLanguage":"de"}]}},"meta_box":{"industry":"","seo_heading":"","heading":"","description":"","cta_heading":"","cta_description":"","application":"2274","h1":"HTML-Hintergrundmusik-Widget","h1_caption":"F\u00fcgen Sie Hintergrundmusik zu Ihrer Website hinzu und schaffen Sie so m\u00fchelos ein immersives Erlebnis f\u00fcr Ihre Besucher auf Ihrer HTML-Website.","application_category":[],"applications_title":"","applications_request_title":"","applications_request_button_text":"","hero_text":"","hero_video":"","hero_video_schema_markup":"","selling_points_title":"","selling_points_caption":"","selling_points":[],"selling_points_cta_text":"","features_title":"","features":"","ed_cta_examples_text":"","ed_cta_examples_hidden":"","ed_cta_demo_text":"","ed_cta_demo_hidden":"","why_caption":"","why_editor_title":"","why_editor_text":"","why_team_title":"","why_team_text":"","why_service_title":"","why_service_text":"","template_catalog_visible":"0","template_catalog_title":"","template_catalog_text":"","template_catalog_categories_visible":"","demo_title":"Erstellen Sie Ihr Hintergrundmusik-Widget","demo_caption":"Konfigurieren Sie Ihre Hintergrundmusik und f\u00fcgen Sie sie kostenlos zu Ihrer HTML-Website hinzu!","default_faq_hidden":"","app_template_category":[],"platform":"260","template_public_id":"","codecanyon_url":"","codecanyon_item_id":"","codecanyon_price":"","pricing_caption":"","pricing_elfsight_apps_hide_column":"","pricing_elfsight_apps_url":"","pricing_codecanyon_price_caption":"","integration_category":[],"integration_request_title":"","integration_request_cta":"","integration_platform":"","integrations":[],"platform_category":[],"video_schema_markup":"","price":"ab 0 $ \/ Monat","trial":"","benefits":[{"text":"Kostenlose Installationshilfe"},{"text":"Premium-Support"},{"text":"14-t\u00e4gige Geld-zur\u00fcck-Garantie"},{"text":"Kontinuierliche kostenlose Updates"}],"button_url":"#demo","button_target_blank":"0","button_nofollow":"0","attributes":[{"name":"Installiert","content":"10,000 - 100,000"},{"name":"Reaktionsfreudig","content":"Ja"},{"name":"Kompatible Browser","content":"Firefox, Safari, Opera, Chrome, Edge"}],"tags":[],"tags_disable_links":"0","hide_more_platforms":"0","video_object":"","demo_hide_cta":"0","demo_hide_cloud_options":"0","pricing_title":"","pricing":[{"pricing_icon":"platform","pricing_title":"Elfsight Apps","pricing_title_caption":"Plattform\u00fcbergreifende digitale L\u00f6sung","pricing_price":"ab 0 $ \/ Monat","pricing_price_caption":"Beginnen Sie mit einem kostenlosen Plan","pricing_benefits":[{"text":"Unbegrenzte Domains"},{"text":"Kundensupport rund um die Uhr"},{"text":"Kostenloser Installationsservice"},{"text":"Sonderangebot f\u00fcr mehrere Apps"}],"pricing_button_text":"Zur Website hinzuf\u00fcgen","pricing_button_url":"#demo"}],"related_apps_title":"","related_apps_hidden":"0","author":"","image":[],"title":"","job":"","social_networks":[]},"_links":{"self":[{"href":"https:\/\/elfsight.com\/de\/wp-json\/wp\/v2\/pages\/8034","targetHints":{"allow":["GET"]}}],"collection":[{"href":"https:\/\/elfsight.com\/de\/wp-json\/wp\/v2\/pages"}],"about":[{"href":"https:\/\/elfsight.com\/de\/wp-json\/wp\/v2\/types\/page"}],"author":[{"embeddable":true,"href":"https:\/\/elfsight.com\/de\/wp-json\/wp\/v2\/users\/9"}],"replies":[{"embeddable":true,"href":"https:\/\/elfsight.com\/de\/wp-json\/wp\/v2\/comments?post=8034"}],"version-history":[{"count":3,"href":"https:\/\/elfsight.com\/de\/wp-json\/wp\/v2\/pages\/8034\/revisions"}],"predecessor-version":[{"id":24168,"href":"https:\/\/elfsight.com\/de\/wp-json\/wp\/v2\/pages\/8034\/revisions\/24168"}],"up":[{"embeddable":true,"href":"https:\/\/elfsight.com\/de\/wp-json\/wp\/v2\/pages\/2301"}],"wp:attachment":[{"href":"https:\/\/elfsight.com\/de\/wp-json\/wp\/v2\/media?parent=8034"}],"curies":[{"name":"wp","href":"https:\/\/api.w.org\/{rel}","templated":true}]}}