{"id":8027,"date":"2024-05-03T06:29:25","date_gmt":"2024-05-03T06:29:25","guid":{"rendered":"https:\/\/elfsight.com\/de\/?page_id=8027"},"modified":"2025-12-03T09:22:32","modified_gmt":"2025-12-03T09:22:32","slug":"shopify","status":"publish","type":"page","link":"https:\/\/elfsight.com\/de\/background-music-widget\/shopify\/","title":{"rendered":"Background Music &#8211; Shopify"},"content":{"rendered":"\n<div class=\"application-platform-content-item-description application-platform-content-item\" id=\"description\" data-nav-section=\"description\"> <h2>Einbetten von Hintergrundmusik auf Shopify mit dem Elfsight-Widget<\/h2> <p>Der Elfsight Background Audio Player ist ein unkompliziertes Tool f\u00fcr Shopify-Websites, mit dem Sie um Musiktitel direkt auf Ihrer Website zu streamen. Das Widget ist \u00e4u\u00dferst ver\u00e4nderbar: Sie k\u00f6nnen seine Position \u00e4ndern, es an einer beliebigen Stelle auf der Seite einbetten, seine Gr\u00f6\u00dfe \u00e4ndern, den Hintergrund und alle anderen Teile neu zeichnen, um es mit dem Stil Ihrer Website zu verschmelzen, ein dunkles Thema anwenden, Cover demonstrieren und vier weitere anzeigen oder verbergen Spielerelemente, zum Beispiel Fortschrittsbalken, \u00dcberschrift und viele mehr. F\u00fcgen Sie so viele Titel hinzu, wie Sie m\u00f6chten, um Ihr Publikum zu unterhalten, schalten Sie die Autoplay-Option ein und haben Sie keinen Zweifel \u2013 Ihre Benutzer werden Ihre Website nicht so schnell verlassen!<\/p><p><b>Machen Sie Ihre Website erfolgreicher E-Commerce-Ziele mit Hintergrundmusik-Player<\/b><\/p> <\/div> <div class=\"application-platform-content-item-features application-platform-content-item\" id=\"features\" data-nav-section=\"features\"> <h2>Hier sind grundlegende Funktionen des Widgets: <\/h2> <ul><li>Unbegrenzt Farbvarianten<\/li><li>Dunkles\/helles Farbschema<\/li><li>Responsives Design<\/li><li>2 Layouts anwendbar<\/li><li>M\u00f6glichkeit, ein Hintergrundbild anzuh\u00e4ngen<\/li><\/ul><p><a href=\"#demo\">Probieren Sie einfach diese Demo aus, um einen vollst\u00e4ndigen \u00dcberblick zu erhalten<\/a><\/p> <\/div> <div class=\"application-platform-content-item-installation application-platform-content-item\" id=\"installation\" data-nav-section=\"installation\"> <h2>Anleitung Hintergrundmusik zu meiner Shopify-Website hinzuf\u00fcgen?<\/h2><div class=\"video-container\">\n<iframe width=\"720\" height=\"405\" src=\"https:\/\/www.youtube.com\/embed\/MHZj9TywnRo?si=oyvYqIsxL0dLLBnd\" frameborder=\"0\" allowfullscreen=\"\"><\/iframe>\n<\/div><p>F\u00fchren Sie einfach die folgenden Richtlinien aus, um das Plugin einzubetten. <\/p> <ol><li><b>Nutzen Sie unsere kostenlose Demo und beginnen Sie mit der Erstellung Ihrer individuellen App. <\/b><br> Geben Sie das gew\u00fcnschte Aussehen und die gew\u00fcnschten Parameter der App an und speichern Sie alle Korrekturen. <\/li> <li><b>Kopieren Sie Ihren pers\u00f6nlichen Code, der im speziellen Formular auf Elfsight Apps angezeigt wird. <\/b><br> Nachdem die Einrichtung Ihrer App abgeschlossen ist, kopieren Sie den exklusiven Code in das entstandene Feld und bewahren Sie ihn f\u00fcr die zuk\u00fcnftige Verwendung auf. <\/li> <li><b>Geben Sie die Verwendung der App auf Ihrer Shopify-Website ein. <\/b><br> F\u00fcgen Sie den Code, den Sie k\u00fcrzlich kopiert haben, in Ihre Webseite ein und \u00fcbernehmen Sie die \u00c4nderungen. <\/li> <li><b>Die Installation wurde erfolgreich beendet. <\/b><br> Besuchen Sie Ihre Webseite, um die Funktionsweise der App zu \u00fcberpr\u00fcfen. <\/li><\/ol><p>Wenn Sie mit Fragen konfrontiert werden oder auf Hindernisse sto\u00dfen, scheuen Sie sich nicht, sich bei unserem Support-Team zu bewerben. Unsere Spezialisten beantworten gerne alle Fragen, die Sie zum Plugin haben. <\/p> <div class=\"faq\" data-component=\"FAQ\"><div class=\"faq-item\">\r\n\t\t\t\t\t<div class=\"faq-item-question\">\r\n\t\t\t\t\t\t<h3 class=\"faq-item-question-text\">Wie kann ich die Hintergrundmusik-App ohne Programmierkenntnisse in meinen Shopify-Shop einbetten?<\/h3>\r\n\r\n\t\t\t\t\t\t<div class=\"faq-item-question-icon\"><\/div>\r\n\t\t\t\t\t<\/div>\r\n\r\n\t\t\t\t\t<div class=\"faq-item-answer\">\r\n\t\t\t\t\t\t<div class=\"faq-item-answer-text\"><p>Elfsight bietet eine cloudbasierte L\u00f6sung, mit der Benutzer selbst eine Hintergrundmusik-App erstellen k\u00f6nnen . Entdecken Sie, wie einfach der Prozess sein kann:<\/p><ul><li>Greifen Sie auf den Online-Editor zu, um einen Abschnitt mit Hintergrundmusik zu erstellen, den Sie in Ihren Shopify-Shop integrieren m\u00f6chten.<\/li><li>W\u00e4hlen Sie einen davon aus Nutzen Sie unsere vorgefertigten Vorlagen und passen Sie die Einstellungen der Hintergrundmusik-App an, indem Sie das Layout und das Farbschema anpassen und Ihre Inhalte ohne Programmieraufwand einbinden.<\/li><li>Speichern Sie die Einstellungen, die Sie f\u00fcr die Hintergrundmusik-App und konfiguriert haben Erhalten Sie den Code zum Einbetten der App, der nahtlos und kostenlos zu Ihrem Shopify-Shop hinzugef\u00fcgt werden kann.<\/li><\/ul><p>Mit dem benutzerfreundlichen Editor kann jeder einen Abschnitt mit Hintergrundmusik erstellen und in ihn integrieren in ihrem Shopify-Shop, ohne dass eine Zahlung erforderlich ist oder Ihre Karteninformationen offengelegt werden m\u00fcssen. Sollten Sie zu irgendeinem Zeitpunkt auf Probleme sto\u00dfen, z\u00f6gern Sie bitte nicht, unseren Kundensupport zu kontaktieren.<\/p><\/div>\r\n\t\t\t\t\t<\/div>\r\n\t\t\t\t<\/div><\/div><\/div>\n","protected":false},"excerpt":{"rendered":"","protected":false},"author":9,"featured_media":0,"parent":2301,"menu_order":0,"comment_status":"closed","ping_status":"closed","template":"templates\/template-application-platform.php","meta":{"publish_to_discourse":"","publish_post_category":"","wpdc_auto_publish_overridden":"","wpdc_topic_tags":"","wpdc_pin_topic":"","wpdc_pin_until":"","discourse_post_id":"","discourse_permalink":"","wpdc_publishing_response":"","wpdc_publishing_error":"","footnotes":""},"class_list":["post-8027","page","type-page","status-publish","hentry"],"yoast_head":"<!-- This site is optimized with the Yoast SEO plugin v25.3.1 - https:\/\/yoast.com\/wordpress\/plugins\/seo\/ -->\n<title>Hintergrundaudio \u2013 Hintergrundmusik zum Shopify-Shop hinzuf\u00fcgen [ 2025 ]<\/title>\n<meta name=\"description\" content=\"F\u00fcgen Sie Ihrem Shopify-Shop einen flexiblen Hintergrundmusik-Player hinzu. Nutzen Sie die praktische Demo und erstellen Sie in nur wenigen Minuten Ihren eigenen Audio-Player.\" \/>\n<meta name=\"robots\" content=\"index, follow, max-snippet:-1, max-image-preview:large, max-video-preview:-1\" \/>\n<link rel=\"canonical\" href=\"https:\/\/elfsight.com\/de\/background-music-widget\/shopify\/\" \/>\n<meta property=\"og:locale\" content=\"de_DE\" \/>\n<meta property=\"og:type\" content=\"article\" \/>\n<meta property=\"og:title\" content=\"Hintergrundaudio \u2013 Hintergrundmusik zum Shopify-Shop hinzuf\u00fcgen [ 2025 ]\" \/>\n<meta property=\"og:description\" content=\"F\u00fcgen Sie Ihrem Shopify-Shop einen flexiblen Hintergrundmusik-Player hinzu. Nutzen Sie die praktische Demo und erstellen Sie in nur wenigen Minuten Ihren eigenen Audio-Player.\" \/>\n<meta property=\"og:url\" content=\"https:\/\/elfsight.com\/de\/background-music-widget\/shopify\/\" \/>\n<meta property=\"og:site_name\" content=\"Elfsight DE\" \/>\n<meta property=\"article:modified_time\" content=\"2025-12-03T09:22:32+00:00\" \/>\n<meta name=\"twitter:card\" content=\"summary_large_image\" \/>\n<meta name=\"twitter:label1\" content=\"Gesch\u00e4tzte Lesezeit\" \/>\n\t<meta name=\"twitter:data1\" content=\"3\u00a0Minuten\" \/>\n<!-- \/ Yoast SEO plugin. -->","yoast_head_json":{"title":"Hintergrundaudio \u2013 Hintergrundmusik zum Shopify-Shop hinzuf\u00fcgen [ 2025 ]","description":"F\u00fcgen Sie Ihrem Shopify-Shop einen flexiblen Hintergrundmusik-Player hinzu. Nutzen Sie die praktische Demo und erstellen Sie in nur wenigen Minuten Ihren eigenen Audio-Player.","robots":{"index":"index","follow":"follow","max-snippet":"max-snippet:-1","max-image-preview":"max-image-preview:large","max-video-preview":"max-video-preview:-1"},"canonical":"https:\/\/elfsight.com\/de\/background-music-widget\/shopify\/","og_locale":"de_DE","og_type":"article","og_title":"Hintergrundaudio \u2013 Hintergrundmusik zum Shopify-Shop hinzuf\u00fcgen [ 2025 ]","og_description":"F\u00fcgen Sie Ihrem Shopify-Shop einen flexiblen Hintergrundmusik-Player hinzu. Nutzen Sie die praktische Demo und erstellen Sie in nur wenigen Minuten Ihren eigenen Audio-Player.","og_url":"https:\/\/elfsight.com\/de\/background-music-widget\/shopify\/","og_site_name":"Elfsight DE","article_modified_time":"2025-12-03T09:22:32+00:00","twitter_card":"summary_large_image","twitter_misc":{"Gesch\u00e4tzte Lesezeit":"3\u00a0Minuten"},"schema":{"@context":"https:\/\/schema.org","@graph":[{"@type":"WebPage","@id":"https:\/\/elfsight.com\/de\/background-music-widget\/shopify\/","url":"https:\/\/elfsight.com\/de\/background-music-widget\/shopify\/","name":"Hintergrundaudio \u2013 Hintergrundmusik zum Shopify-Shop hinzuf\u00fcgen [ 2025 ]","isPartOf":{"@id":"https:\/\/elfsight.com\/de\/#website"},"datePublished":"2024-05-03T06:29:25+00:00","dateModified":"2025-12-03T09:22:32+00:00","description":"F\u00fcgen Sie Ihrem Shopify-Shop einen flexiblen Hintergrundmusik-Player hinzu. Nutzen Sie die praktische Demo und erstellen Sie in nur wenigen Minuten Ihren eigenen Audio-Player.","breadcrumb":{"@id":"https:\/\/elfsight.com\/de\/background-music-widget\/shopify\/#breadcrumb"},"inLanguage":"de","potentialAction":[{"@type":"ReadAction","target":["https:\/\/elfsight.com\/de\/background-music-widget\/shopify\/"]}]},{"@type":"BreadcrumbList","@id":"https:\/\/elfsight.com\/de\/background-music-widget\/shopify\/#breadcrumb","itemListElement":[{"@type":"ListItem","position":1,"name":"Home","item":"https:\/\/elfsight.com\/de\/"},{"@type":"ListItem","position":2,"name":"Background Music","item":"https:\/\/elfsight.com\/de\/background-music-widget\/"},{"@type":"ListItem","position":3,"name":"Background Music &#8211; Shopify"}]},{"@type":"WebSite","@id":"https:\/\/elfsight.com\/de\/#website","url":"https:\/\/elfsight.com\/de\/","name":"Elfsight DE","description":"Just another Elfsight Sites site","potentialAction":[{"@type":"SearchAction","target":{"@type":"EntryPoint","urlTemplate":"https:\/\/elfsight.com\/de\/?s={search_term_string}"},"query-input":{"@type":"PropertyValueSpecification","valueRequired":true,"valueName":"search_term_string"}}],"inLanguage":"de"}]}},"meta_box":{"industry":"","seo_heading":"","heading":"","description":"","cta_heading":"","cta_description":"","application":"2274","h1":"Shopify Hintergrundmusik-App","h1_caption":"F\u00fcgen Sie Hintergrundmusik zu Ihrer Website hinzu und schaffen Sie so m\u00fchelos ein immersives Erlebnis f\u00fcr Ihre Besucher auf Ihrer Shopify-Website.","application_category":[],"applications_title":"","applications_request_title":"","applications_request_button_text":"","hero_text":"","hero_video":"","hero_video_schema_markup":"","selling_points_title":"","selling_points_caption":"","selling_points":[],"selling_points_cta_text":"","features_title":"","features":"","ed_cta_examples_text":"","ed_cta_examples_hidden":"","ed_cta_demo_text":"","ed_cta_demo_hidden":"","why_caption":"","why_editor_title":"","why_editor_text":"","why_team_title":"","why_team_text":"","why_service_title":"","why_service_text":"","template_catalog_visible":"0","template_catalog_title":"","template_catalog_text":"","template_catalog_categories_visible":"","demo_title":"Erstellen Sie Ihre Hintergrundmusik-App","demo_caption":"Konfigurieren Sie Ihre Hintergrundmusik und f\u00fcgen Sie sie kostenlos zu Ihrer Shopify-Website hinzu!","default_faq_hidden":"","app_template_category":[],"platform":"253","template_public_id":"","codecanyon_url":"","codecanyon_item_id":"","codecanyon_price":"","pricing_caption":"","pricing_elfsight_apps_hide_column":"","pricing_elfsight_apps_url":"","pricing_codecanyon_price_caption":"","integration_category":[],"integration_request_title":"","integration_request_cta":"","integration_platform":"","integrations":[],"platform_category":[],"video_schema_markup":"","price":"ab 0 $ \/ Monat","trial":"","benefits":[{"text":"Kostenloser Installationsservice"},{"text":"Premium-Support"},{"text":"14-t\u00e4gige Geld-zur\u00fcck-Garantie"},{"text":"Kontinuierliche kostenlose Updates"}],"button_url":"#demo","button_target_blank":"0","button_nofollow":"0","attributes":[{"name":"Installiert","content":"10,000 - 100,000"},{"name":"Reaktionsfreudig","content":"Ja"},{"name":"Kompatible Browser","content":"Firefox, Safari, Opera, Chrome, Edge"}],"tags":[],"tags_disable_links":"0","hide_more_platforms":"0","video_object":"","demo_hide_cta":"0","demo_hide_cloud_options":"0","pricing_title":"","pricing":[{"pricing_icon":"platform","pricing_title":"Elfsight Apps","pricing_title_caption":"Plattform\u00fcbergreifende Version, die auf jeder Website funktioniert","pricing_price":"ab 0 $ \/ Monat","pricing_price_caption":"Beginnen Sie mit einem kostenlosen Plan","pricing_benefits":[{"text":"Unbegrenzte Websites"},{"text":"Premium-Support"},{"text":"Kostenloser Installationsservice"},{"text":"Sonderangebot f\u00fcr mehrere Apps"}],"pricing_button_text":"Zur Website hinzuf\u00fcgen","pricing_button_url":"#demo"}],"related_apps_title":"","related_apps_hidden":"0","author":"","image":[],"title":"","job":"","social_networks":[]},"_links":{"self":[{"href":"https:\/\/elfsight.com\/de\/wp-json\/wp\/v2\/pages\/8027","targetHints":{"allow":["GET"]}}],"collection":[{"href":"https:\/\/elfsight.com\/de\/wp-json\/wp\/v2\/pages"}],"about":[{"href":"https:\/\/elfsight.com\/de\/wp-json\/wp\/v2\/types\/page"}],"author":[{"embeddable":true,"href":"https:\/\/elfsight.com\/de\/wp-json\/wp\/v2\/users\/9"}],"replies":[{"embeddable":true,"href":"https:\/\/elfsight.com\/de\/wp-json\/wp\/v2\/comments?post=8027"}],"version-history":[{"count":4,"href":"https:\/\/elfsight.com\/de\/wp-json\/wp\/v2\/pages\/8027\/revisions"}],"predecessor-version":[{"id":25574,"href":"https:\/\/elfsight.com\/de\/wp-json\/wp\/v2\/pages\/8027\/revisions\/25574"}],"up":[{"embeddable":true,"href":"https:\/\/elfsight.com\/de\/wp-json\/wp\/v2\/pages\/2301"}],"wp:attachment":[{"href":"https:\/\/elfsight.com\/de\/wp-json\/wp\/v2\/media?parent=8027"}],"curies":[{"name":"wp","href":"https:\/\/api.w.org\/{rel}","templated":true}]}}