{"id":8026,"date":"2024-05-03T06:29:24","date_gmt":"2024-05-03T06:29:24","guid":{"rendered":"https:\/\/elfsight.com\/de\/?page_id=8026"},"modified":"2025-02-14T08:15:29","modified_gmt":"2025-02-14T08:15:29","slug":"squarespace","status":"publish","type":"page","link":"https:\/\/elfsight.com\/de\/background-music-widget\/squarespace\/","title":{"rendered":"Background Music &#8211; Squarespace"},"content":{"rendered":"\n<div class=\"application-platform-content-item-description application-platform-content-item\" id=\"description\" data-nav-section=\"description\"> <h2>Einbetten von Hintergrundmusik auf Squarespace mit dem Elfsight-Widget<\/h2> <p>Elfsight Background Audio ist ein unkompliziertes Plugin f\u00fcr Squarespace, das Ihnen die Wiedergabe erm\u00f6glicht Musiktitel direkt auf den Seiten Ihrer Website. Das Widget ist in hohem Ma\u00dfe ver\u00e4nderbar: Sie k\u00f6nnen seine Platzierung \u00e4ndern, es an einer beliebigen Stelle auf der Seite platzieren, seine Gr\u00f6\u00dfe \u00e4ndern, den Hintergrund und andere Teile neu streichen, um es mit dem Stil Ihrer Website zu vermischen, ein dunkles Farbschema verwenden, Bilder anzeigen und andere anzeigen 4 weitere Spielerteile verbergen, zum Beispiel Fortschrittsbalken, \u00dcberschrift und andere. F\u00fcgen Sie so viele Titel hinzu, wie Sie ben\u00f6tigen, um Ihre Benutzer zu fesseln, schalten Sie die automatische Wiedergabe ein und haben Sie keine Zweifel \u2013 Ihre Benutzer werden Ihre Website nicht so schnell verlassen!<\/p><p><b>Machen Sie Ihre Website zum Beispiel erfolgreicher -Commerce-Ziele mit Hilfe des Hintergrundmusik-Players<\/b><\/p> <\/div> <div class=\"application-platform-content-item-features application-platform-content-item\" id=\"features\" data-nav-section=\"features\"> <h2>Wir bieten n\u00fctzliche und einfache Funktionen, sehen Sie sich einige davon an: <\/h2> <ul><li>Unbegrenzte Farb\u00e4nderungen<\/li><li>Dunkel-\/Hell-Farbschema<\/li><li>Flexibles Design<\/li><li>Zwei sofort einsatzbereite Layouts<\/li><li>Eine Chance Hintergrundbild verwenden<\/li><\/ul><p><a href=\"#demo\">Sie k\u00f6nnen die volle Funktionalit\u00e4t des Widgets in der Demo auf dieser Seite ausprobieren<\/a><\/p> <\/div> <div class=\"application-platform-content-item-installation application-platform-content-item\" id=\"installation\" data-nav-section=\"installation\"> <h2>Wie f\u00fcge ich Hintergrundmusik zur Squarespace-Website hinzu?<\/h2> <div class=\"video-container\"><iframe width=\"560\" height=\"315\" src=\"https:\/\/www.youtube.com\/embed\/wYNlxOwqDkM?si=DWuiINAlMy8yJybj\" frameborder=\"0\" allow=\"accelerometer; autoplay; clipboard-write; encrypted-media; gyroscope; picture-in-picture; web-share\" allowfullscreen><\/iframe><\/div><p>F\u00fchren Sie einfach die unten aufgef\u00fchrten Schritte aus, um das Plugin zu aktivieren. <\/p> <ol><li><b>Wenden Sie unseren kostenlosen Konfigurator an und beginnen Sie mit der Erstellung Ihres ma\u00dfgeschneiderten Widgets. <\/b><br> W\u00e4hlen Sie das benutzerdefinierte Erscheinungsbild und die Spezifikationen des Tools und wenden Sie die Korrekturen an.<\/li> <li><b>Lassen Sie Ihren individuellen Code im Fenster von Elfsight Apps erscheinen<\/b><br> As Sobald die Einrichtung Ihres pers\u00f6nlichen Widgets abgeschlossen ist, kopieren Sie den pers\u00f6nlichen Code im angezeigten Fenster und speichern Sie ihn zur sp\u00e4teren Verwendung.<\/li> <li><b>Beginnen Sie mit der Verwendung des Hintergrundaudios auf Ihrer Squarespace-Website<\/b> <br> Platzieren Sie den zuvor gespeicherten Code auf Ihrer Seite und speichern Sie die Anpassungen.<\/li> <li><b>Fertig! Die Integration wurde erfolgreich durchgef\u00fchrt.<\/b><br> Besuchen Sie Ihre Website, um zu sehen, wie das Widget funktioniert.<\/li><\/ol> <p>Wenn Sie auf Anfragen sto\u00dfen oder auf Schwierigkeiten sto\u00dfen, k\u00f6nnen Sie jederzeit Einspruch einlegen an unsere Support-Mitarbeiter. Unsere Berater beantworten gerne alle Fragen, die Sie zum Produkt haben. <\/p> <div class=\"faq\" data-component=\"FAQ\"><div class=\"faq-item\">\r\n\t\t\t\t\t<div class=\"faq-item-question\">\r\n\t\t\t\t\t\t<h3 class=\"faq-item-question-text\">Wie binde ich Hintergrundmusik ohne Programmierkenntnisse in meine Squarespace-Website ein?<\/h3>\r\n\r\n\t\t\t\t\t\t<div class=\"faq-item-question-icon\"><\/div>\r\n\t\t\t\t\t<\/div>\r\n\r\n\t\t\t\t\t<div class=\"faq-item-answer\">\r\n\t\t\t\t\t\t<div class=\"faq-item-answer-text\"><p>Elfsight bietet eine SaaS-L\u00f6sung, mit der Sie selbst eine Hintergrundmusikfunktion erstellen k\u00f6nnen; Erleben Sie, wie einfach der Vorgang ist: Erstellen Sie direkt im Online-Editor ein gew\u00fcnschtes Hintergrundmusikelement f\u00fcr Ihre Squarespace-Website. W\u00e4hlen Sie eine der vorgefertigten Vorlagen und passen Sie die Musikeinstellungen an, integrieren Sie Ihre Inhalte, passen Sie das Layout und die Farben an \u2013 alles ohne Programmierkenntnisse. Speichern Sie die Musikfunktion und kopieren Sie ihren Installationscode, damit Sie sie nahtlos in Ihre Squarespace-Website einf\u00fcgen k\u00f6nnen, ohne einen Premium-Plan erwerben zu m\u00fcssen. Mit unserem benutzerfreundlichen Editor kann jeder Internetnutzer online ein Hintergrundmusikelement erstellen und es bequem in seine Squarespace-Website einbetten. Es ist nicht erforderlich, eine Zahlung zu t\u00e4tigen oder Ihre Karteninformationen anzugeben, um auf den Dienst zuzugreifen. Wenn Sie zu irgendeinem Zeitpunkt auf Probleme sto\u00dfen, z\u00f6gern Sie bitte nicht, sich an unser technisches Support-Team zu wenden.<\/p><\/div>\r\n\t\t\t\t\t<\/div>\r\n\t\t\t\t<\/div><\/div><\/div>\n","protected":false},"excerpt":{"rendered":"","protected":false},"author":9,"featured_media":0,"parent":2301,"menu_order":0,"comment_status":"closed","ping_status":"closed","template":"templates\/template-application-platform.php","meta":{"publish_to_discourse":"","publish_post_category":"","wpdc_auto_publish_overridden":"","wpdc_topic_tags":"","wpdc_pin_topic":"","wpdc_pin_until":"","discourse_post_id":"","discourse_permalink":"","wpdc_publishing_response":"","wpdc_publishing_error":"","footnotes":""},"class_list":["post-8026","page","type-page","status-publish","hentry"],"yoast_head":"<!-- This site is optimized with the Yoast SEO plugin v25.3.1 - https:\/\/yoast.com\/wordpress\/plugins\/seo\/ -->\n<title>Hintergrundaudio \u2013 F\u00fcgen Sie Hintergrundmusik zur Squarespace-Website hinzu<\/title>\n<meta name=\"description\" content=\"F\u00fcgen Sie der Squarespace-Website eine Hintergrundmusik hinzu. F\u00fchren Sie die hilfreiche Elfsight-Demo aus und erstellen Sie in nur wenigen Minuten Ihr personalisiertes Audio-Plugin.\" \/>\n<meta name=\"robots\" content=\"index, follow, max-snippet:-1, max-image-preview:large, max-video-preview:-1\" \/>\n<link rel=\"canonical\" href=\"https:\/\/elfsight.com\/de\/background-music-widget\/squarespace\/\" \/>\n<meta property=\"og:locale\" content=\"de_DE\" \/>\n<meta property=\"og:type\" content=\"article\" \/>\n<meta property=\"og:title\" content=\"Hintergrundaudio \u2013 F\u00fcgen Sie Hintergrundmusik zur Squarespace-Website hinzu\" \/>\n<meta property=\"og:description\" content=\"F\u00fcgen Sie der Squarespace-Website eine Hintergrundmusik hinzu. F\u00fchren Sie die hilfreiche Elfsight-Demo aus und erstellen Sie in nur wenigen Minuten Ihr personalisiertes Audio-Plugin.\" \/>\n<meta property=\"og:url\" content=\"https:\/\/elfsight.com\/de\/background-music-widget\/squarespace\/\" \/>\n<meta property=\"og:site_name\" content=\"Elfsight DE\" \/>\n<meta property=\"article:modified_time\" content=\"2025-02-14T08:15:29+00:00\" \/>\n<meta name=\"twitter:card\" content=\"summary_large_image\" \/>\n<meta name=\"twitter:label1\" content=\"Gesch\u00e4tzte Lesezeit\" \/>\n\t<meta name=\"twitter:data1\" content=\"3\u00a0Minuten\" \/>\n<!-- \/ Yoast SEO plugin. -->","yoast_head_json":{"title":"Hintergrundaudio \u2013 F\u00fcgen Sie Hintergrundmusik zur Squarespace-Website hinzu","description":"F\u00fcgen Sie der Squarespace-Website eine Hintergrundmusik hinzu. F\u00fchren Sie die hilfreiche Elfsight-Demo aus und erstellen Sie in nur wenigen Minuten Ihr personalisiertes Audio-Plugin.","robots":{"index":"index","follow":"follow","max-snippet":"max-snippet:-1","max-image-preview":"max-image-preview:large","max-video-preview":"max-video-preview:-1"},"canonical":"https:\/\/elfsight.com\/de\/background-music-widget\/squarespace\/","og_locale":"de_DE","og_type":"article","og_title":"Hintergrundaudio \u2013 F\u00fcgen Sie Hintergrundmusik zur Squarespace-Website hinzu","og_description":"F\u00fcgen Sie der Squarespace-Website eine Hintergrundmusik hinzu. F\u00fchren Sie die hilfreiche Elfsight-Demo aus und erstellen Sie in nur wenigen Minuten Ihr personalisiertes Audio-Plugin.","og_url":"https:\/\/elfsight.com\/de\/background-music-widget\/squarespace\/","og_site_name":"Elfsight DE","article_modified_time":"2025-02-14T08:15:29+00:00","twitter_card":"summary_large_image","twitter_misc":{"Gesch\u00e4tzte Lesezeit":"3\u00a0Minuten"},"schema":{"@context":"https:\/\/schema.org","@graph":[{"@type":"WebPage","@id":"https:\/\/elfsight.com\/de\/background-music-widget\/squarespace\/","url":"https:\/\/elfsight.com\/de\/background-music-widget\/squarespace\/","name":"Hintergrundaudio \u2013 F\u00fcgen Sie Hintergrundmusik zur Squarespace-Website hinzu","isPartOf":{"@id":"https:\/\/elfsight.com\/de\/#website"},"datePublished":"2024-05-03T06:29:24+00:00","dateModified":"2025-02-14T08:15:29+00:00","description":"F\u00fcgen Sie der Squarespace-Website eine Hintergrundmusik hinzu. F\u00fchren Sie die hilfreiche Elfsight-Demo aus und erstellen Sie in nur wenigen Minuten Ihr personalisiertes Audio-Plugin.","breadcrumb":{"@id":"https:\/\/elfsight.com\/de\/background-music-widget\/squarespace\/#breadcrumb"},"inLanguage":"de","potentialAction":[{"@type":"ReadAction","target":["https:\/\/elfsight.com\/de\/background-music-widget\/squarespace\/"]}]},{"@type":"BreadcrumbList","@id":"https:\/\/elfsight.com\/de\/background-music-widget\/squarespace\/#breadcrumb","itemListElement":[{"@type":"ListItem","position":1,"name":"Home","item":"https:\/\/elfsight.com\/de\/"},{"@type":"ListItem","position":2,"name":"Background Music","item":"https:\/\/elfsight.com\/de\/background-music-widget\/"},{"@type":"ListItem","position":3,"name":"Background Music &#8211; Squarespace"}]},{"@type":"WebSite","@id":"https:\/\/elfsight.com\/de\/#website","url":"https:\/\/elfsight.com\/de\/","name":"Elfsight DE","description":"Just another Elfsight Sites site","potentialAction":[{"@type":"SearchAction","target":{"@type":"EntryPoint","urlTemplate":"https:\/\/elfsight.com\/de\/?s={search_term_string}"},"query-input":{"@type":"PropertyValueSpecification","valueRequired":true,"valueName":"search_term_string"}}],"inLanguage":"de"}]}},"meta_box":{"industry":"","seo_heading":"","heading":"","description":"","cta_heading":"","cta_description":"","application":"2274","h1":"Squarespace-Hintergrundmusik-Plugin","h1_caption":"F\u00fcgen Sie Hintergrundmusik zu Ihrer Website hinzu und schaffen Sie so m\u00fchelos ein immersives Erlebnis f\u00fcr Ihre Besucher auf Ihrer Squarespace-Website.","application_category":[],"applications_title":"","applications_request_title":"","applications_request_button_text":"","hero_text":"","hero_video":"","hero_video_schema_markup":"","selling_points_title":"","selling_points_caption":"","selling_points":[],"selling_points_cta_text":"","features_title":"","features":"","ed_cta_examples_text":"","ed_cta_examples_hidden":"","ed_cta_demo_text":"","ed_cta_demo_hidden":"","why_caption":"","why_editor_title":"","why_editor_text":"","why_team_title":"","why_team_text":"","why_service_title":"","why_service_text":"","template_catalog_visible":"0","template_catalog_title":"","template_catalog_text":"","template_catalog_categories_visible":"","demo_title":"Erstellen Sie Ihr Hintergrundmusik-Plugin","demo_caption":"Konfigurieren Sie Ihre Hintergrundmusik und f\u00fcgen Sie sie kostenlos zu Ihrer Squarespace-Website hinzu!","default_faq_hidden":"","app_template_category":[],"platform":"252","template_public_id":"","codecanyon_url":"","codecanyon_item_id":"","codecanyon_price":"","pricing_caption":"","pricing_elfsight_apps_hide_column":"","pricing_elfsight_apps_url":"","pricing_codecanyon_price_caption":"","integration_category":[],"integration_request_title":"","integration_request_cta":"","integration_platform":"","integrations":[],"platform_category":[],"video_schema_markup":"","price":"ab 0 $ \/ Monat","trial":"","benefits":[{"text":"Kostenlose Installationsunterst\u00fctzung"},{"text":"Kompetenter Kundenservice"},{"text":"14-t\u00e4gige R\u00fcckerstattungsgarantie"},{"text":"St\u00e4ndige Aktualisierung"}],"button_url":"#demo","button_target_blank":"0","button_nofollow":"0","attributes":[{"name":"Installiert","content":"10,000 - 100,000"},{"name":"Reaktionsfreudig","content":"Ja"},{"name":"Kompatible Browser","content":"Firefox, Safari, Opera, Chrome, Edge"}],"tags":[],"tags_disable_links":"0","hide_more_platforms":"0","video_object":"","demo_hide_cta":"0","demo_hide_cloud_options":"0","pricing_title":"","pricing":[{"pricing_icon":"platform","pricing_title":"Elfsight Apps","pricing_title_caption":"Plattformunabh\u00e4ngige digitale L\u00f6sung","pricing_price":"ab 0 $ \/ Monat","pricing_price_caption":"Beginnen Sie mit einem kostenlosen Plan","pricing_benefits":[{"text":"Unbegrenzte Websites"},{"text":"Kundensupport rund um die Uhr und gut dokumentiert"},{"text":"Kostenloser Installationssupport"},{"text":"Vollst\u00e4ndig anpassbar"}],"pricing_button_text":"Zur Website hinzuf\u00fcgen","pricing_button_url":"#demo"}],"related_apps_title":"","related_apps_hidden":"0","author":"","image":[],"title":"","job":"","social_networks":[]},"_links":{"self":[{"href":"https:\/\/elfsight.com\/de\/wp-json\/wp\/v2\/pages\/8026","targetHints":{"allow":["GET"]}}],"collection":[{"href":"https:\/\/elfsight.com\/de\/wp-json\/wp\/v2\/pages"}],"about":[{"href":"https:\/\/elfsight.com\/de\/wp-json\/wp\/v2\/types\/page"}],"author":[{"embeddable":true,"href":"https:\/\/elfsight.com\/de\/wp-json\/wp\/v2\/users\/9"}],"replies":[{"embeddable":true,"href":"https:\/\/elfsight.com\/de\/wp-json\/wp\/v2\/comments?post=8026"}],"version-history":[{"count":3,"href":"https:\/\/elfsight.com\/de\/wp-json\/wp\/v2\/pages\/8026\/revisions"}],"predecessor-version":[{"id":24176,"href":"https:\/\/elfsight.com\/de\/wp-json\/wp\/v2\/pages\/8026\/revisions\/24176"}],"up":[{"embeddable":true,"href":"https:\/\/elfsight.com\/de\/wp-json\/wp\/v2\/pages\/2301"}],"wp:attachment":[{"href":"https:\/\/elfsight.com\/de\/wp-json\/wp\/v2\/media?parent=8026"}],"curies":[{"name":"wp","href":"https:\/\/api.w.org\/{rel}","templated":true}]}}