{"id":8025,"date":"2024-05-03T06:29:23","date_gmt":"2024-05-03T06:29:23","guid":{"rendered":"https:\/\/elfsight.com\/de\/?page_id=8025"},"modified":"2025-02-14T08:18:22","modified_gmt":"2025-02-14T08:18:22","slug":"webflow","status":"publish","type":"page","link":"https:\/\/elfsight.com\/de\/background-music-widget\/webflow\/","title":{"rendered":"Background Music &#8211; Webflow"},"content":{"rendered":"\n<div class=\"application-platform-content-item-description application-platform-content-item\" id=\"description\" data-nav-section=\"description\"> <h2>Hintergrundmusik in Webflow mit dem Elfsight-Widget einbetten<\/h2> <p>Elfsight Background Audio ist ein unkompliziertes Plugin f\u00fcr Webflow, das Ihnen die Wiedergabe erm\u00f6glicht Musiktitel direkt auf Ihrer Website. Das Widget ist bemerkenswert ver\u00e4nderbar: Sie k\u00f6nnen seine Platzierung \u00e4ndern, es an einer beliebigen Stelle auf der Seite platzieren, seine Gr\u00f6\u00dfe \u00e4ndern, den Hintergrund und alle anderen Teile \u00fcberarbeiten, um es mit dem Design Ihrer Website zu kombinieren, ein dunkles Thema anwenden, Cover freigeben und anzeigen oder vier zus\u00e4tzliche Player-Komponenten wie Fortschrittsbalken, \u00dcberschrift und andere ausblenden. F\u00fcgen Sie so viele Titel hinzu, wie Sie m\u00f6chten, um Ihr Publikum zu unterhalten, schalten Sie die Autoplay-Option ein und stellen Sie sicher, dass Ihre Benutzer Ihre Website nicht sofort verlassen!<\/p> <p><b>Machen Sie Ihre Website effektiver f\u00fcr den E-Commerce Ziele mit Hintergrundmusik-Player<\/b><\/p> <\/div> <div class=\"application-platform-content-item-features application-platform-content-item\" id=\"features\" data-nav-section=\"features\"> <h2>Lernen Sie die Liste der leistungsst\u00e4rksten Funktionen kennen: <\/h2> <ul><li>Unbegrenzt Farb\u00e4nderungen<\/li><li>Dunkles\/helles Farbschema<\/li><li>Responsives Design<\/li><li>Zwei Layouts verf\u00fcgbar<\/li><li>M\u00f6glichkeit, ein Hintergrundbild hinzuzuf\u00fcgen<\/li><\/ul><p><a href=\"#demo\">Sie k\u00f6nnen die vollst\u00e4ndigen Funktionen des Widgets in der Demo erkunden <\/a><\/p> <\/div> <div class=\"application-platform-content-item-installation application-platform-content-item\" id=\"installation\" data-nav-section=\"installation\"> <h2> Wie f\u00fcge ich Hintergrundmusik zu meiner Webflow-Site hinzu? <\/h2> <div class=\"video-container\"><iframe width=\"560\" height=\"315\" src=\"https:\/\/www.youtube.com\/embed\/xl1BG7DrQe4?si=-KqSoIjNVLvnOw4L\" frameborder=\"0\" allow=\"accelerometer; autoplay; clipboard-write; encrypted-media; gyroscope; picture-in-picture; web-share\" allowfullscreen><\/iframe><\/div><p>Befolgen Sie einfach die nachstehenden Anweisungen, um das Plugin zu integrieren. <\/p> <ol><li><b>Mit unserer kostenlosen Demo beginnen Sie mit der Erstellung Ihres personalisierten Widgets. <\/b><br> Bestimmen Sie die benutzerdefinierte Schnittstelle und die Eigenschaften des Plugins und speichern Sie die \u00c4nderungen. <\/li> <li><b>Kopieren Sie den eindeutigen Code, der im speziellen Formular auf Elfsight Apps angezeigt wird.<\/b><br> Nachdem die Einrichtung Ihres Widgets abgeschlossen ist, kopieren Sie den einzelnen Code aus dem angezeigten Feld und bewahren Sie ihn auf es zur weiteren Verwendung. <\/li> <li><b>Initiieren Sie die Verwendung des Hintergrundaudios auf Webflow<\/b><br> Betten Sie den Code, den Sie k\u00fcrzlich kopiert haben, in Ihre Homepage ein und \u00fcbernehmen Sie die \u00c4nderungen. <\/li> <li><b>Du bist fertig! Die Einrichtung ist vollst\u00e4ndig abgeschlossen<\/b><br> Gehen Sie auf Ihre Website, um zu sehen, wie das Plugin in Aktion l\u00e4uft. <\/li><\/ol> <p>Wenn Sie Fragen haben oder auf Hindernisse sto\u00dfen, wenden Sie sich bitte an unser Kundendienstteam. Unsere Spezialisten helfen Ihnen gerne bei allen Schwierigkeiten, die Sie mit dem Plugin haben k\u00f6nnten. <\/p> <div class=\"faq\" data-component=\"FAQ\"><div class=\"faq-item\">\r\n\t\t\t\t\t<div class=\"faq-item-question\">\r\n\t\t\t\t\t\t<h3 class=\"faq-item-question-text\">Wie kann ich Hintergrundmusik ohne Programmierkenntnisse in meine Webflow-Site einbetten?<\/h3>\r\n\r\n\t\t\t\t\t\t<div class=\"faq-item-question-icon\"><\/div>\r\n\t\t\t\t\t<\/div>\r\n\r\n\t\t\t\t\t<div class=\"faq-item-answer\">\r\n\t\t\t\t\t\t<div class=\"faq-item-answer-text\"><p>Elfsight bietet eine cloudbasierte L\u00f6sung, die es Benutzern erm\u00f6glicht, selbst eine Hintergrundmusikfunktion zu erstellen, siehe Wie unkompliziert der Prozess ist:<\/p><ul><li>Greifen Sie auf den Online-Editor zu, um eine Hintergrundmusikfunktion zu erstellen, die Sie in Ihre Webflow-Site integrieren m\u00f6chten.<\/li><li>W\u00e4hlen Sie eine unserer vorgefertigten Entwerfen Sie Vorlagen und passen Sie die Einstellungen der Hintergrundmusikfunktion an, passen Sie das Layout und das Farbschema an und integrieren Sie Ihre Inhalte ohne Programmieraufwand.<\/li><li>Speichern Sie die Einstellungen, die Sie f\u00fcr die Hintergrundmusikfunktion konfiguriert haben, und erhalten Sie den Code daf\u00fcr Einbetten der Funktion, die m\u00fchelos und kostenlos zu Ihrer Webflow-Site hinzugef\u00fcgt werden kann.<\/li><\/ul><p>Durch die Bedienung des benutzerfreundlichen Editors kann jeder Internetnutzer eine Hintergrundmusikfunktion erstellen und diese einbetten ihre Webflow-Website. F\u00fcr den Zugriff auf den Elfsight-Editor ist keine Zahlung oder Offenlegung Ihrer Karteninformationen erforderlich. Sollten Sie zu irgendeinem Zeitpunkt auf Schwierigkeiten sto\u00dfen, wenden Sie sich bitte an unseren Kundensupport.<\/p><\/div>\r\n\t\t\t\t\t<\/div>\r\n\t\t\t\t<\/div><\/div><\/div>\n","protected":false},"excerpt":{"rendered":"","protected":false},"author":9,"featured_media":0,"parent":2301,"menu_order":0,"comment_status":"closed","ping_status":"closed","template":"templates\/template-application-platform.php","meta":{"publish_to_discourse":"","publish_post_category":"","wpdc_auto_publish_overridden":"","wpdc_topic_tags":"","wpdc_pin_topic":"","wpdc_pin_until":"","discourse_post_id":"","discourse_permalink":"","wpdc_publishing_response":"","wpdc_publishing_error":"","footnotes":""},"class_list":["post-8025","page","type-page","status-publish","hentry"],"yoast_head":"<!-- This site is optimized with the Yoast SEO plugin v25.3.1 - https:\/\/yoast.com\/wordpress\/plugins\/seo\/ -->\n<title>Hintergrundaudio \u2013 Hintergrundmusik zur Webflow-Website hinzuf\u00fcgen [2025]<\/title>\n<meta name=\"description\" content=\"F\u00fcgen Sie Ihren Webflow-Webseiten einen flexiblen Hintergrundmusik-Player hinzu. Wenden Sie die hilfreiche Demo an und erstellen Sie Ihr personalisiertes Widget in nur 2 Minuten.\" \/>\n<meta name=\"robots\" content=\"index, follow, max-snippet:-1, max-image-preview:large, max-video-preview:-1\" \/>\n<link rel=\"canonical\" href=\"https:\/\/elfsight.com\/de\/background-music-widget\/webflow\/\" \/>\n<meta property=\"og:locale\" content=\"de_DE\" \/>\n<meta property=\"og:type\" content=\"article\" \/>\n<meta property=\"og:title\" content=\"Hintergrundaudio \u2013 Hintergrundmusik zur Webflow-Website hinzuf\u00fcgen [2025]\" \/>\n<meta property=\"og:description\" content=\"F\u00fcgen Sie Ihren Webflow-Webseiten einen flexiblen Hintergrundmusik-Player hinzu. Wenden Sie die hilfreiche Demo an und erstellen Sie Ihr personalisiertes Widget in nur 2 Minuten.\" \/>\n<meta property=\"og:url\" content=\"https:\/\/elfsight.com\/de\/background-music-widget\/webflow\/\" \/>\n<meta property=\"og:site_name\" content=\"Elfsight DE\" \/>\n<meta property=\"article:modified_time\" content=\"2025-02-14T08:18:22+00:00\" \/>\n<meta name=\"twitter:card\" content=\"summary_large_image\" \/>\n<meta name=\"twitter:label1\" content=\"Gesch\u00e4tzte Lesezeit\" \/>\n\t<meta name=\"twitter:data1\" content=\"3\u00a0Minuten\" \/>\n<!-- \/ Yoast SEO plugin. -->","yoast_head_json":{"title":"Hintergrundaudio \u2013 Hintergrundmusik zur Webflow-Website hinzuf\u00fcgen [2025]","description":"F\u00fcgen Sie Ihren Webflow-Webseiten einen flexiblen Hintergrundmusik-Player hinzu. Wenden Sie die hilfreiche Demo an und erstellen Sie Ihr personalisiertes Widget in nur 2 Minuten.","robots":{"index":"index","follow":"follow","max-snippet":"max-snippet:-1","max-image-preview":"max-image-preview:large","max-video-preview":"max-video-preview:-1"},"canonical":"https:\/\/elfsight.com\/de\/background-music-widget\/webflow\/","og_locale":"de_DE","og_type":"article","og_title":"Hintergrundaudio \u2013 Hintergrundmusik zur Webflow-Website hinzuf\u00fcgen [2025]","og_description":"F\u00fcgen Sie Ihren Webflow-Webseiten einen flexiblen Hintergrundmusik-Player hinzu. Wenden Sie die hilfreiche Demo an und erstellen Sie Ihr personalisiertes Widget in nur 2 Minuten.","og_url":"https:\/\/elfsight.com\/de\/background-music-widget\/webflow\/","og_site_name":"Elfsight DE","article_modified_time":"2025-02-14T08:18:22+00:00","twitter_card":"summary_large_image","twitter_misc":{"Gesch\u00e4tzte Lesezeit":"3\u00a0Minuten"},"schema":{"@context":"https:\/\/schema.org","@graph":[{"@type":"WebPage","@id":"https:\/\/elfsight.com\/de\/background-music-widget\/webflow\/","url":"https:\/\/elfsight.com\/de\/background-music-widget\/webflow\/","name":"Hintergrundaudio \u2013 Hintergrundmusik zur Webflow-Website hinzuf\u00fcgen [2025]","isPartOf":{"@id":"https:\/\/elfsight.com\/de\/#website"},"datePublished":"2024-05-03T06:29:23+00:00","dateModified":"2025-02-14T08:18:22+00:00","description":"F\u00fcgen Sie Ihren Webflow-Webseiten einen flexiblen Hintergrundmusik-Player hinzu. Wenden Sie die hilfreiche Demo an und erstellen Sie Ihr personalisiertes Widget in nur 2 Minuten.","breadcrumb":{"@id":"https:\/\/elfsight.com\/de\/background-music-widget\/webflow\/#breadcrumb"},"inLanguage":"de","potentialAction":[{"@type":"ReadAction","target":["https:\/\/elfsight.com\/de\/background-music-widget\/webflow\/"]}]},{"@type":"BreadcrumbList","@id":"https:\/\/elfsight.com\/de\/background-music-widget\/webflow\/#breadcrumb","itemListElement":[{"@type":"ListItem","position":1,"name":"Home","item":"https:\/\/elfsight.com\/de\/"},{"@type":"ListItem","position":2,"name":"Background Music","item":"https:\/\/elfsight.com\/de\/background-music-widget\/"},{"@type":"ListItem","position":3,"name":"Background Music &#8211; Webflow"}]},{"@type":"WebSite","@id":"https:\/\/elfsight.com\/de\/#website","url":"https:\/\/elfsight.com\/de\/","name":"Elfsight DE","description":"Just another Elfsight Sites site","potentialAction":[{"@type":"SearchAction","target":{"@type":"EntryPoint","urlTemplate":"https:\/\/elfsight.com\/de\/?s={search_term_string}"},"query-input":{"@type":"PropertyValueSpecification","valueRequired":true,"valueName":"search_term_string"}}],"inLanguage":"de"}]}},"meta_box":{"industry":"","seo_heading":"","heading":"","description":"","cta_heading":"","cta_description":"","application":"2274","h1":"Webflow-Hintergrundmusik","h1_caption":"F\u00fcgen Sie Hintergrundmusik zu Ihrer Website hinzu und schaffen Sie so m\u00fchelos ein immersives Erlebnis f\u00fcr Ihre Besucher auf Ihrer Webflow-Website.","application_category":[],"applications_title":"","applications_request_title":"","applications_request_button_text":"","hero_text":"","hero_video":"","hero_video_schema_markup":"","selling_points_title":"","selling_points_caption":"","selling_points":[],"selling_points_cta_text":"","features_title":"","features":"","ed_cta_examples_text":"","ed_cta_examples_hidden":"","ed_cta_demo_text":"","ed_cta_demo_hidden":"","why_caption":"","why_editor_title":"","why_editor_text":"","why_team_title":"","why_team_text":"","why_service_title":"","why_service_text":"","template_catalog_visible":"0","template_catalog_title":"","template_catalog_text":"","template_catalog_categories_visible":"","demo_title":"Erstellen Sie Ihr Hintergrundmusik-Widget","demo_caption":"Konfigurieren Sie Ihre Hintergrundmusik und f\u00fcgen Sie sie kostenlos zu Ihrer Webflow-Website hinzu!","default_faq_hidden":"","app_template_category":[],"platform":"250","template_public_id":"","codecanyon_url":"","codecanyon_item_id":"","codecanyon_price":"","pricing_caption":"","pricing_elfsight_apps_hide_column":"","pricing_elfsight_apps_url":"","pricing_codecanyon_price_caption":"","integration_category":[],"integration_request_title":"","integration_request_cta":"","integration_platform":"","integrations":[],"platform_category":[],"video_schema_markup":"","price":"ab 0 $ \/ Monat","trial":"","benefits":[{"text":"Kostenlose Installationshilfe"},{"text":"Kompetenter Kundenservice"},{"text":"14-t\u00e4gige R\u00fcckerstattungsgarantie"},{"text":"Regelm\u00e4\u00dfige Updates"}],"button_url":"#demo","button_target_blank":"0","button_nofollow":"0","attributes":[{"name":"Installiert","content":"10,000 - 100,000"},{"name":"Reaktionsfreudig","content":"Ja"},{"name":"Kompatible Browser","content":"Chrome, Opera, Edge, Firefox, Safari"}],"tags":[],"tags_disable_links":"0","hide_more_platforms":"0","video_object":"","demo_hide_cta":"0","demo_hide_cloud_options":"0","pricing_title":"","pricing":[{"pricing_icon":"platform","pricing_title":"Elfsight Apps","pricing_title_caption":"Plattformunabh\u00e4ngige L\u00f6sung, die auf jeder Website funktioniert","pricing_price":"ab 0 $ \/ Monat","pricing_price_caption":"Beginnen Sie mit einem kostenlosen Plan","pricing_benefits":[{"text":"Unbegrenzte Anzahl an Domains"},{"text":"Kostenloser Kundensupport"},{"text":"Kostenlose Installationshilfe"},{"text":"Sonderangebot f\u00fcr mehrere Apps"}],"pricing_button_text":"Zur Website hinzuf\u00fcgen","pricing_button_url":"#demo"}],"related_apps_title":"","related_apps_hidden":"0","author":"","image":[],"title":"","job":"","social_networks":[]},"_links":{"self":[{"href":"https:\/\/elfsight.com\/de\/wp-json\/wp\/v2\/pages\/8025","targetHints":{"allow":["GET"]}}],"collection":[{"href":"https:\/\/elfsight.com\/de\/wp-json\/wp\/v2\/pages"}],"about":[{"href":"https:\/\/elfsight.com\/de\/wp-json\/wp\/v2\/types\/page"}],"author":[{"embeddable":true,"href":"https:\/\/elfsight.com\/de\/wp-json\/wp\/v2\/users\/9"}],"replies":[{"embeddable":true,"href":"https:\/\/elfsight.com\/de\/wp-json\/wp\/v2\/comments?post=8025"}],"version-history":[{"count":3,"href":"https:\/\/elfsight.com\/de\/wp-json\/wp\/v2\/pages\/8025\/revisions"}],"predecessor-version":[{"id":24177,"href":"https:\/\/elfsight.com\/de\/wp-json\/wp\/v2\/pages\/8025\/revisions\/24177"}],"up":[{"embeddable":true,"href":"https:\/\/elfsight.com\/de\/wp-json\/wp\/v2\/pages\/2301"}],"wp:attachment":[{"href":"https:\/\/elfsight.com\/de\/wp-json\/wp\/v2\/media?parent=8025"}],"curies":[{"name":"wp","href":"https:\/\/api.w.org\/{rel}","templated":true}]}}