{"id":8019,"date":"2024-05-03T06:29:21","date_gmt":"2024-05-03T06:29:21","guid":{"rendered":"https:\/\/elfsight.com\/de\/?page_id=8019"},"modified":"2025-02-14T08:19:50","modified_gmt":"2025-02-14T08:19:50","slug":"weebly","status":"publish","type":"page","link":"https:\/\/elfsight.com\/de\/background-music-widget\/weebly\/","title":{"rendered":"Background Music &#8211; Weebly"},"content":{"rendered":"\n<div class=\"application-platform-content-item-description application-platform-content-item\" id=\"description\" data-nav-section=\"description\"> <h2>Beschreibung<\/h2> <p>Elfsight Background Player ist ein unkompliziertes Widget, mit dem Sie Audiotitel im Hintergrund direkt auf den Seiten von abspielen k\u00f6nnen Ihre Weebly-Website. Das Tool ist vollst\u00e4ndig anpassbar: Sie k\u00f6nnen seine Platzierung \u00e4ndern, es an einer beliebigen Stelle auf der Seite platzieren, seine Gr\u00f6\u00dfe skalieren, den Hintergrund und alle anderen Teile neu zeichnen, um es mit dem Design Ihrer Website zu verschmelzen, ein dunkles Thema verwenden, Bilder anzeigen und ein- oder ausblenden 4 zus\u00e4tzliche Spielerelemente, zum Beispiel Fortschrittsbalken, \u00dcberschrift und andere. Laden Sie so viele Titel hoch, wie Sie ben\u00f6tigen, um Ihr Publikum zu begeistern, schalten Sie die automatische Wiedergabe ein und z\u00f6gern Sie nicht \u2013 Ihre Benutzer werden Ihre Website nicht so schnell verlassen!<\/p><p><b>Machen Sie Ihre Website effizienter f\u00fcr Gesch\u00e4ftsaufgaben mit Hintergrundmusik-Player<\/b><\/p> <\/div> <div class=\"application-platform-content-item-features application-platform-content-item\" id=\"features\" data-nav-section=\"features\"> <h2>Die App verf\u00fcgt \u00fcber n\u00fctzliche und schnelle Funktionen, sehen Sie sich einige davon an: <\/h2> <ul><li>Verschiedene Farb\u00e4nderungen<\/li><li>Dunkles\/helles Farbthema<\/li><li>Formbares Design<\/li><li>Zwei Layouts anwendbar<\/li><li>Eine Option zum Anh\u00e4ngen eines Hintergrundbilds<\/li><\/ul><p><a href=\"#demo\">Untersuchen Sie alle Einstellungen in der Demo mit vollem Funktionsumfang<\/a><\/p> <\/div> <div class=\"application-platform-content-item-installation application-platform-content-item\" id=\"installation\" data-nav-section=\"installation\"> <h2>Wie f\u00fcge ich Hintergrundmusik zur Weebly-Website hinzu?<\/h2> <div class=\"video-container\"><iframe width=\"560\" height=\"315\" src=\"https:\/\/www.youtube.com\/embed\/xH-vwGwdHQw?si=2kHmmzg3Kabs2Wp2\" frameborder=\"0\" allow=\"accelerometer; autoplay; clipboard-write; encrypted-media; gyroscope; picture-in-picture; web-share\" allowfullscreen><\/iframe><\/div><p>Befolgen Sie einfach die folgenden Richtlinien, um mit der Nutzung der App zu beginnen.<\/p> <ol><li><b>\u00d6ffnen Sie unsere kostenlose Testen Sie die Demo und beginnen Sie mit der Erstellung Ihrer ma\u00dfgeschneiderten App. <\/b><br> Geben Sie das ausgew\u00e4hlte Aussehen und die Funktionsmerkmale der App an und \u00fcbernehmen Sie alle \u00c4nderungen. <\/li> <li><b>Lassen Sie sich Ihren individuellen Code im Feld von Elfsight Apps anzeigen. <\/b><br> Wenn die Einrichtung Ihrer pers\u00f6nlichen App abgeschlossen ist, kopieren Sie den exklusiven Code im angezeigten Fenster und bewahren Sie ihn f\u00fcr die sp\u00e4tere Verwendung auf. <\/li> <li><b>Initiieren Sie den Einsatz der App auf Ihrer Weebly-Website. <\/b><br> F\u00fcgen Sie den Code, den Sie k\u00fcrzlich gespeichert haben, in Ihre Website ein und wenden Sie die Verbesserungen an. <\/li> <li><b>Du bist fertig! Die Integration ist vollst\u00e4ndig abgeschlossen. <\/b><br> Besuchen Sie Ihre Webseite, um zu pr\u00fcfen, wie die App funktioniert. <\/li><\/ol><p>Sollten Sie auf Anfragen sto\u00dfen oder auf Schwierigkeiten sto\u00dfen, wenden Sie sich gerne an unsere Kundendienstmitarbeiter. Unsere Berater helfen Ihnen gerne bei allen Problemen mit der App.<\/p> <\/div>\n","protected":false},"excerpt":{"rendered":"","protected":false},"author":9,"featured_media":0,"parent":2301,"menu_order":0,"comment_status":"closed","ping_status":"closed","template":"templates\/template-application-platform.php","meta":{"publish_to_discourse":"","publish_post_category":"","wpdc_auto_publish_overridden":"","wpdc_topic_tags":"","wpdc_pin_topic":"","wpdc_pin_until":"","discourse_post_id":"","discourse_permalink":"","wpdc_publishing_response":"","wpdc_publishing_error":"","footnotes":""},"class_list":["post-8019","page","type-page","status-publish","hentry"],"yoast_head":"<!-- This site is optimized with the Yoast SEO plugin v25.3.1 - https:\/\/yoast.com\/wordpress\/plugins\/seo\/ -->\n<title>Hintergrundaudio \u2013 Hintergrundmusik zur Weebly-Website hinzuf\u00fcgen [2025]<\/title>\n<meta name=\"description\" content=\"F\u00fcgen Sie Ihrer Weebly-Website einen Hintergrundmusik-Player hinzu. Nutzen Sie die praktische Demo und erstellen Sie in nur 2 Minuten Ihr eigenes Audio-Widget.\" \/>\n<meta name=\"robots\" content=\"index, follow, max-snippet:-1, max-image-preview:large, max-video-preview:-1\" \/>\n<link rel=\"canonical\" href=\"https:\/\/elfsight.com\/de\/background-music-widget\/weebly\/\" \/>\n<meta property=\"og:locale\" content=\"de_DE\" \/>\n<meta property=\"og:type\" content=\"article\" \/>\n<meta property=\"og:title\" content=\"Hintergrundaudio \u2013 Hintergrundmusik zur Weebly-Website hinzuf\u00fcgen [2025]\" \/>\n<meta property=\"og:description\" content=\"F\u00fcgen Sie Ihrer Weebly-Website einen Hintergrundmusik-Player hinzu. Nutzen Sie die praktische Demo und erstellen Sie in nur 2 Minuten Ihr eigenes Audio-Widget.\" \/>\n<meta property=\"og:url\" content=\"https:\/\/elfsight.com\/de\/background-music-widget\/weebly\/\" \/>\n<meta property=\"og:site_name\" content=\"Elfsight DE\" \/>\n<meta property=\"article:modified_time\" content=\"2025-02-14T08:19:50+00:00\" \/>\n<meta name=\"twitter:card\" content=\"summary_large_image\" \/>\n<meta name=\"twitter:label1\" content=\"Gesch\u00e4tzte Lesezeit\" \/>\n\t<meta name=\"twitter:data1\" content=\"2\u00a0Minuten\" \/>\n<!-- \/ Yoast SEO plugin. -->","yoast_head_json":{"title":"Hintergrundaudio \u2013 Hintergrundmusik zur Weebly-Website hinzuf\u00fcgen [2025]","description":"F\u00fcgen Sie Ihrer Weebly-Website einen Hintergrundmusik-Player hinzu. Nutzen Sie die praktische Demo und erstellen Sie in nur 2 Minuten Ihr eigenes Audio-Widget.","robots":{"index":"index","follow":"follow","max-snippet":"max-snippet:-1","max-image-preview":"max-image-preview:large","max-video-preview":"max-video-preview:-1"},"canonical":"https:\/\/elfsight.com\/de\/background-music-widget\/weebly\/","og_locale":"de_DE","og_type":"article","og_title":"Hintergrundaudio \u2013 Hintergrundmusik zur Weebly-Website hinzuf\u00fcgen [2025]","og_description":"F\u00fcgen Sie Ihrer Weebly-Website einen Hintergrundmusik-Player hinzu. Nutzen Sie die praktische Demo und erstellen Sie in nur 2 Minuten Ihr eigenes Audio-Widget.","og_url":"https:\/\/elfsight.com\/de\/background-music-widget\/weebly\/","og_site_name":"Elfsight DE","article_modified_time":"2025-02-14T08:19:50+00:00","twitter_card":"summary_large_image","twitter_misc":{"Gesch\u00e4tzte Lesezeit":"2\u00a0Minuten"},"schema":{"@context":"https:\/\/schema.org","@graph":[{"@type":"WebPage","@id":"https:\/\/elfsight.com\/de\/background-music-widget\/weebly\/","url":"https:\/\/elfsight.com\/de\/background-music-widget\/weebly\/","name":"Hintergrundaudio \u2013 Hintergrundmusik zur Weebly-Website hinzuf\u00fcgen [2025]","isPartOf":{"@id":"https:\/\/elfsight.com\/de\/#website"},"datePublished":"2024-05-03T06:29:21+00:00","dateModified":"2025-02-14T08:19:50+00:00","description":"F\u00fcgen Sie Ihrer Weebly-Website einen Hintergrundmusik-Player hinzu. Nutzen Sie die praktische Demo und erstellen Sie in nur 2 Minuten Ihr eigenes Audio-Widget.","breadcrumb":{"@id":"https:\/\/elfsight.com\/de\/background-music-widget\/weebly\/#breadcrumb"},"inLanguage":"de","potentialAction":[{"@type":"ReadAction","target":["https:\/\/elfsight.com\/de\/background-music-widget\/weebly\/"]}]},{"@type":"BreadcrumbList","@id":"https:\/\/elfsight.com\/de\/background-music-widget\/weebly\/#breadcrumb","itemListElement":[{"@type":"ListItem","position":1,"name":"Home","item":"https:\/\/elfsight.com\/de\/"},{"@type":"ListItem","position":2,"name":"Background Music","item":"https:\/\/elfsight.com\/de\/background-music-widget\/"},{"@type":"ListItem","position":3,"name":"Background Music &#8211; Weebly"}]},{"@type":"WebSite","@id":"https:\/\/elfsight.com\/de\/#website","url":"https:\/\/elfsight.com\/de\/","name":"Elfsight DE","description":"Just another Elfsight Sites site","potentialAction":[{"@type":"SearchAction","target":{"@type":"EntryPoint","urlTemplate":"https:\/\/elfsight.com\/de\/?s={search_term_string}"},"query-input":{"@type":"PropertyValueSpecification","valueRequired":true,"valueName":"search_term_string"}}],"inLanguage":"de"}]}},"meta_box":{"industry":"","seo_heading":"","heading":"","description":"","cta_heading":"","cta_description":"","application":"2274","h1":"Weebly Hintergrundmusik-App","h1_caption":"F\u00fcgen Sie Hintergrundmusik zu Ihrer Website hinzu und schaffen Sie so m\u00fchelos ein immersives Erlebnis f\u00fcr Ihre Besucher auf Ihrer Weebly-Website.","application_category":[],"applications_title":"","applications_request_title":"","applications_request_button_text":"","hero_text":"","hero_video":"","hero_video_schema_markup":"","selling_points_title":"","selling_points_caption":"","selling_points":[],"selling_points_cta_text":"","features_title":"","features":"","ed_cta_examples_text":"","ed_cta_examples_hidden":"","ed_cta_demo_text":"","ed_cta_demo_hidden":"","why_caption":"","why_editor_title":"","why_editor_text":"","why_team_title":"","why_team_text":"","why_service_title":"","why_service_text":"","template_catalog_visible":"0","template_catalog_title":"","template_catalog_text":"","template_catalog_categories_visible":"","demo_title":"Erstellen Sie Ihre Hintergrundmusik-App","demo_caption":"Konfigurieren Sie Ihre Hintergrundmusik und f\u00fcgen Sie sie kostenlos zu Ihrer Weebly-Website hinzu!","default_faq_hidden":"","app_template_category":[],"platform":"249","template_public_id":"","codecanyon_url":"","codecanyon_item_id":"","codecanyon_price":"","pricing_caption":"","pricing_elfsight_apps_hide_column":"","pricing_elfsight_apps_url":"","pricing_codecanyon_price_caption":"","integration_category":[],"integration_request_title":"","integration_request_cta":"","integration_platform":"","integrations":[],"platform_category":[],"video_schema_markup":"","price":"ab 0 $ \/ Monat","trial":"","benefits":[{"text":"Kostenloser Installationsservice"},{"text":"Effektiver Kundenservice"},{"text":"14-t\u00e4gige R\u00fcckerstattungsgarantie"},{"text":"Regelm\u00e4\u00dfige Updates"}],"button_url":"#demo","button_target_blank":"0","button_nofollow":"0","attributes":[{"name":"Installiert","content":"10,000 - 100,000"},{"name":"Reaktionsfreudig","content":"Ja"},{"name":"Kompatible Browser","content":"Firefox, Safari, Opera, Chrome, Edge"}],"tags":[],"tags_disable_links":"0","hide_more_platforms":"0","video_object":"","demo_hide_cta":"0","demo_hide_cloud_options":"0","pricing_title":"","pricing":[{"pricing_icon":"platform","pricing_title":"Elfsight Apps","pricing_title_caption":"Plattformunabh\u00e4ngige digitale L\u00f6sung","pricing_price":"ab 0 $ \/ Monat","pricing_price_caption":"Beginnen Sie mit einem kostenlosen Plan","pricing_benefits":[{"text":"Unbegrenzte Domains"},{"text":"Engagierte Unternehmensunterst\u00fctzung"},{"text":"Kostenlose Installationshilfe"},{"text":"100 % anpassbar"}],"pricing_button_text":"Zur Website hinzuf\u00fcgen","pricing_button_url":"#demo"}],"related_apps_title":"","related_apps_hidden":"0","author":"","image":[],"title":"","job":"","social_networks":[]},"_links":{"self":[{"href":"https:\/\/elfsight.com\/de\/wp-json\/wp\/v2\/pages\/8019","targetHints":{"allow":["GET"]}}],"collection":[{"href":"https:\/\/elfsight.com\/de\/wp-json\/wp\/v2\/pages"}],"about":[{"href":"https:\/\/elfsight.com\/de\/wp-json\/wp\/v2\/types\/page"}],"author":[{"embeddable":true,"href":"https:\/\/elfsight.com\/de\/wp-json\/wp\/v2\/users\/9"}],"replies":[{"embeddable":true,"href":"https:\/\/elfsight.com\/de\/wp-json\/wp\/v2\/comments?post=8019"}],"version-history":[{"count":3,"href":"https:\/\/elfsight.com\/de\/wp-json\/wp\/v2\/pages\/8019\/revisions"}],"predecessor-version":[{"id":24178,"href":"https:\/\/elfsight.com\/de\/wp-json\/wp\/v2\/pages\/8019\/revisions\/24178"}],"up":[{"embeddable":true,"href":"https:\/\/elfsight.com\/de\/wp-json\/wp\/v2\/pages\/2301"}],"wp:attachment":[{"href":"https:\/\/elfsight.com\/de\/wp-json\/wp\/v2\/media?parent=8019"}],"curies":[{"name":"wp","href":"https:\/\/api.w.org\/{rel}","templated":true}]}}