{"id":8018,"date":"2024-05-03T06:29:20","date_gmt":"2024-05-03T06:29:20","guid":{"rendered":"https:\/\/elfsight.com\/de\/?page_id=8018"},"modified":"2025-12-03T16:15:05","modified_gmt":"2025-12-03T16:15:05","slug":"wix","status":"publish","type":"page","link":"https:\/\/elfsight.com\/de\/background-music-widget\/wix\/","title":{"rendered":"Background Music &#8211; Wix"},"content":{"rendered":"\n<div class=\"application-platform-content-item-description application-platform-content-item\" id=\"description\" data-nav-section=\"description\"> <h2>Beschreibung<\/h2> <p>Elfsight Background Audio ist ein unkompliziertes Widget f\u00fcr Wix-Websites, mit dem Sie Musiktitel direkt in Ihrem Web streamen k\u00f6nnen Seiten. Die App ist \u00e4u\u00dferst anpassbar: Sie k\u00f6nnen ihre Position \u00e4ndern, sie an einer beliebigen Stelle auf der Seite platzieren, ihre Gr\u00f6\u00dfe skalieren, den Hintergrund und andere Teile neu einf\u00e4rben, um sie mit dem Design Ihrer Website zu verschmelzen, ein dunkles Farbschema verwenden, Bilder einblenden und vier weitere anzeigen oder ausblenden Player-Elemente wie Fortschrittsbalken, Titel und vieles mehr. F\u00fcgen Sie so viele Titel hinzu, wie Sie m\u00f6chten, um Ihr Publikum anzusprechen, schalten Sie die automatische Wiedergabe ein und haben Sie keinen Zweifel \u2013 Ihre Benutzer werden Ihre Website nicht sofort verlassen!<\/p> <p><b>Machen Sie Ihre Website effektiver f\u00fcr den E-Commerce Ziele mit Hintergrundmusik-Player<\/b><\/p> <\/div> <div class=\"application-platform-content-item-features application-platform-content-item\" id=\"features\" data-nav-section=\"features\"> <h2>Dies sind nur einige der umfangreichen Widget-Funktionen: <\/h2> <ul><li>Unbegrenzte Farbe \u00c4nderungen<\/li><li>Dunkles\/helles Farbschema<\/li><li>Responsives Design<\/li><li>2 sofort einsatzbereite Layouts<\/li><li>M\u00f6glichkeit, ein Hintergrundbild hinzuzuf\u00fcgen<\/li> <\/ul><p><a href=\"#demo\">Sie k\u00f6nnen die vollst\u00e4ndigen Funktionen des Widgets in der Demo unten entdecken<\/a><\/p> <\/div> <div class=\"application-platform-content-item-installation application-platform-content-item\" id=\"installation\" data-nav-section=\"installation\"> <h2>Wie f\u00fcge ich Hintergrundmusik zur Wix-Website hinzu?<\/h2> <div class=\"video-container\">\n<iframe width=\"720\" height=\"405\" src=\"https:\/\/www.youtube.com\/embed\/XI5jF-HHlEw?si=Bn97UYUsXJJKhzDX\" frameborder=\"0\" allowfullscreen><\/iframe>\n<\/div><p>Befolgen Sie einfach die unten aufgef\u00fchrten Schritte, um das Tool einzuf\u00fcgen. <\/p> <ol><li><b>Starten Sie unsere kostenlose Demo und beginnen Sie mit der Gestaltung Ihrer individuellen App.<\/b><br> Bestimmen Sie die bevorzugte Benutzeroberfl\u00e4che und die Eigenschaften der App und wenden Sie die Korrekturen an.<\/li> <li><b>Erhalten Sie Ihren einzigartigen Code, der im Fenster von Elfsight Apps angezeigt wird.<\/b><br> Sobald die Konfiguration Ihrer pers\u00f6nlichen App abgeschlossen ist, kopieren Sie den exklusiven Code im angezeigten Fenster und speichern Sie ihn f\u00fcr weitere Zwecke Anlass.<\/li> <li><b>Beginnen Sie mit der Nutzung des Hintergrundaudios auf Wix<\/b><br> F\u00fcgen Sie den Code, den Sie zuvor gespeichert haben, in Ihre Website ein und wenden Sie die Korrekturen an. <\/li> <li><b>Du bist fertig! Die Einbettung wurde erfolgreich abgeschlossen.<\/b><br> Besuchen Sie Ihre Webseite, um die Leistung des Tools zu \u00fcberpr\u00fcfen.<\/li><\/ol> <p>Wenn Sie Fragen haben oder auf Schwierigkeiten sto\u00dfen, k\u00f6nnen Sie sich gerne an uns wenden Support-team. Unsere Berater werden sich freuen, alle Probleme zu l\u00f6sen, die Sie mit dem Tool haben k\u00f6nnten. <\/p> <\/div>\n","protected":false},"excerpt":{"rendered":"","protected":false},"author":9,"featured_media":0,"parent":2301,"menu_order":0,"comment_status":"closed","ping_status":"closed","template":"templates\/template-application-platform.php","meta":{"publish_to_discourse":"","publish_post_category":"","wpdc_auto_publish_overridden":"","wpdc_topic_tags":"","wpdc_pin_topic":"","wpdc_pin_until":"","discourse_post_id":"","discourse_permalink":"","wpdc_publishing_response":"","wpdc_publishing_error":"","footnotes":""},"class_list":["post-8018","page","type-page","status-publish","hentry"],"yoast_head":"<!-- This site is optimized with the Yoast SEO plugin v25.3.1 - https:\/\/yoast.com\/wordpress\/plugins\/seo\/ -->\n<title>Hintergrundaudio \u2013 Hintergrundmusik zur Website von Wix hinzuf\u00fcgen [ 2025 ]<\/title>\n<meta name=\"description\" content=\"F\u00fcgen Sie Ihrer Website von Wix einen Player f\u00fcr Hintergrundmusik hinzu. Nutzen Sie unsere praktische Demo und erstellen Sie in nur 2 Minuten Ihre eigene Hintergrund-Audio-App.\" \/>\n<meta name=\"robots\" content=\"index, follow, max-snippet:-1, max-image-preview:large, max-video-preview:-1\" \/>\n<link rel=\"canonical\" href=\"https:\/\/elfsight.com\/de\/background-music-widget\/wix\/\" \/>\n<meta property=\"og:locale\" content=\"de_DE\" \/>\n<meta property=\"og:type\" content=\"article\" \/>\n<meta property=\"og:title\" content=\"Hintergrundaudio \u2013 Hintergrundmusik zur Website von Wix hinzuf\u00fcgen [ 2025 ]\" \/>\n<meta property=\"og:description\" content=\"F\u00fcgen Sie Ihrer Website von Wix einen Player f\u00fcr Hintergrundmusik hinzu. Nutzen Sie unsere praktische Demo und erstellen Sie in nur 2 Minuten Ihre eigene Hintergrund-Audio-App.\" \/>\n<meta property=\"og:url\" content=\"https:\/\/elfsight.com\/de\/background-music-widget\/wix\/\" \/>\n<meta property=\"og:site_name\" content=\"Elfsight DE\" \/>\n<meta property=\"article:modified_time\" content=\"2025-12-03T16:15:05+00:00\" \/>\n<meta name=\"twitter:card\" content=\"summary_large_image\" \/>\n<meta name=\"twitter:label1\" content=\"Gesch\u00e4tzte Lesezeit\" \/>\n\t<meta name=\"twitter:data1\" content=\"2\u00a0Minuten\" \/>\n<!-- \/ Yoast SEO plugin. -->","yoast_head_json":{"title":"Hintergrundaudio \u2013 Hintergrundmusik zur Website von Wix hinzuf\u00fcgen [ 2025 ]","description":"F\u00fcgen Sie Ihrer Website von Wix einen Player f\u00fcr Hintergrundmusik hinzu. Nutzen Sie unsere praktische Demo und erstellen Sie in nur 2 Minuten Ihre eigene Hintergrund-Audio-App.","robots":{"index":"index","follow":"follow","max-snippet":"max-snippet:-1","max-image-preview":"max-image-preview:large","max-video-preview":"max-video-preview:-1"},"canonical":"https:\/\/elfsight.com\/de\/background-music-widget\/wix\/","og_locale":"de_DE","og_type":"article","og_title":"Hintergrundaudio \u2013 Hintergrundmusik zur Website von Wix hinzuf\u00fcgen [ 2025 ]","og_description":"F\u00fcgen Sie Ihrer Website von Wix einen Player f\u00fcr Hintergrundmusik hinzu. Nutzen Sie unsere praktische Demo und erstellen Sie in nur 2 Minuten Ihre eigene Hintergrund-Audio-App.","og_url":"https:\/\/elfsight.com\/de\/background-music-widget\/wix\/","og_site_name":"Elfsight DE","article_modified_time":"2025-12-03T16:15:05+00:00","twitter_card":"summary_large_image","twitter_misc":{"Gesch\u00e4tzte Lesezeit":"2\u00a0Minuten"},"schema":{"@context":"https:\/\/schema.org","@graph":[{"@type":"WebPage","@id":"https:\/\/elfsight.com\/de\/background-music-widget\/wix\/","url":"https:\/\/elfsight.com\/de\/background-music-widget\/wix\/","name":"Hintergrundaudio \u2013 Hintergrundmusik zur Website von Wix hinzuf\u00fcgen [ 2025 ]","isPartOf":{"@id":"https:\/\/elfsight.com\/de\/#website"},"datePublished":"2024-05-03T06:29:20+00:00","dateModified":"2025-12-03T16:15:05+00:00","description":"F\u00fcgen Sie Ihrer Website von Wix einen Player f\u00fcr Hintergrundmusik hinzu. Nutzen Sie unsere praktische Demo und erstellen Sie in nur 2 Minuten Ihre eigene Hintergrund-Audio-App.","breadcrumb":{"@id":"https:\/\/elfsight.com\/de\/background-music-widget\/wix\/#breadcrumb"},"inLanguage":"de","potentialAction":[{"@type":"ReadAction","target":["https:\/\/elfsight.com\/de\/background-music-widget\/wix\/"]}]},{"@type":"BreadcrumbList","@id":"https:\/\/elfsight.com\/de\/background-music-widget\/wix\/#breadcrumb","itemListElement":[{"@type":"ListItem","position":1,"name":"Home","item":"https:\/\/elfsight.com\/de\/"},{"@type":"ListItem","position":2,"name":"Background Music","item":"https:\/\/elfsight.com\/de\/background-music-widget\/"},{"@type":"ListItem","position":3,"name":"Background Music &#8211; Wix"}]},{"@type":"WebSite","@id":"https:\/\/elfsight.com\/de\/#website","url":"https:\/\/elfsight.com\/de\/","name":"Elfsight DE","description":"Just another Elfsight Sites site","potentialAction":[{"@type":"SearchAction","target":{"@type":"EntryPoint","urlTemplate":"https:\/\/elfsight.com\/de\/?s={search_term_string}"},"query-input":{"@type":"PropertyValueSpecification","valueRequired":true,"valueName":"search_term_string"}}],"inLanguage":"de"}]}},"meta_box":{"industry":"","seo_heading":"","heading":"","description":"","cta_heading":"","cta_description":"","application":"2274","h1":"Hintergrundmusik-App von Wix","h1_caption":"F\u00fcgen Sie Hintergrundmusik zu Ihrer Website hinzu und schaffen Sie so m\u00fchelos ein immersives Erlebnis f\u00fcr Ihre Besucher auf Ihrer Website von Wix.","application_category":[],"applications_title":"","applications_request_title":"","applications_request_button_text":"","hero_text":"","hero_video":"","hero_video_schema_markup":"","selling_points_title":"","selling_points_caption":"","selling_points":[],"selling_points_cta_text":"","features_title":"","features":"","ed_cta_examples_text":"","ed_cta_examples_hidden":"","ed_cta_demo_text":"","ed_cta_demo_hidden":"","why_caption":"","why_editor_title":"","why_editor_text":"","why_team_title":"","why_team_text":"","why_service_title":"","why_service_text":"","template_catalog_visible":"0","template_catalog_title":"","template_catalog_text":"","template_catalog_categories_visible":"","demo_title":"Erstellen Sie Ihre Hintergrundmusik-App","demo_caption":"Konfigurieren Sie Ihre Hintergrundmusik und f\u00fcgen Sie sie kostenlos zu Ihrer Wix-Website hinzu!","default_faq_hidden":"","app_template_category":[],"platform":"265","template_public_id":"","codecanyon_url":"","codecanyon_item_id":"","codecanyon_price":"","pricing_caption":"","pricing_elfsight_apps_hide_column":"","pricing_elfsight_apps_url":"","pricing_codecanyon_price_caption":"","integration_category":[],"integration_request_title":"","integration_request_cta":"","integration_platform":"","integrations":[],"platform_category":[],"video_schema_markup":"","price":"ab 0 $ \/ Monat","trial":"","benefits":[{"text":"Kostenlose Installationshilfe"},{"text":"Premium-Support"},{"text":"14-t\u00e4gige Geld-zur\u00fcck-Garantie"},{"text":"Lebenslange Verbesserungen"}],"button_url":"#demo","button_target_blank":"0","button_nofollow":"0","attributes":[{"name":"Installiert","content":"10,000 - 100,000"},{"name":"Reaktionsfreudig","content":"Ja"},{"name":"Kompatible Browser","content":"Safari, Edge, Firefox, Opera, Chrome"}],"tags":[],"tags_disable_links":"0","hide_more_platforms":"0","video_object":"","demo_hide_cta":"0","demo_hide_cloud_options":"0","pricing_title":"","pricing":[{"pricing_icon":"platform","pricing_title":"Elfsight Apps","pricing_title_caption":"Plattform\u00fcbergreifende L\u00f6sung, die auf jeder Website funktioniert","pricing_price":"ab 0 $ \/ Monat","pricing_price_caption":"Beginnen Sie mit einem kostenlosen Plan","pricing_benefits":[{"text":"Unbegrenzte Anzahl an Domains"},{"text":"Engagierter und p\u00fcnktlicher Support"},{"text":"Kostenloser Installationsservice"},{"text":"Sonderangebot f\u00fcr mehrere Apps"}],"pricing_button_text":"Zur Website hinzuf\u00fcgen","pricing_button_url":"#demo"}],"related_apps_title":"","related_apps_hidden":"0","author":"","image":[],"title":"","job":"","social_networks":[]},"_links":{"self":[{"href":"https:\/\/elfsight.com\/de\/wp-json\/wp\/v2\/pages\/8018","targetHints":{"allow":["GET"]}}],"collection":[{"href":"https:\/\/elfsight.com\/de\/wp-json\/wp\/v2\/pages"}],"about":[{"href":"https:\/\/elfsight.com\/de\/wp-json\/wp\/v2\/types\/page"}],"author":[{"embeddable":true,"href":"https:\/\/elfsight.com\/de\/wp-json\/wp\/v2\/users\/9"}],"replies":[{"embeddable":true,"href":"https:\/\/elfsight.com\/de\/wp-json\/wp\/v2\/comments?post=8018"}],"version-history":[{"count":4,"href":"https:\/\/elfsight.com\/de\/wp-json\/wp\/v2\/pages\/8018\/revisions"}],"predecessor-version":[{"id":25575,"href":"https:\/\/elfsight.com\/de\/wp-json\/wp\/v2\/pages\/8018\/revisions\/25575"}],"up":[{"embeddable":true,"href":"https:\/\/elfsight.com\/de\/wp-json\/wp\/v2\/pages\/2301"}],"wp:attachment":[{"href":"https:\/\/elfsight.com\/de\/wp-json\/wp\/v2\/media?parent=8018"}],"curies":[{"name":"wp","href":"https:\/\/api.w.org\/{rel}","templated":true}]}}