{"id":8009,"date":"2024-05-03T06:29:15","date_gmt":"2024-05-03T06:29:15","guid":{"rendered":"https:\/\/elfsight.com\/de\/?page_id=8009"},"modified":"2025-02-14T08:32:21","modified_gmt":"2025-02-14T08:32:21","slug":"godaddy","status":"publish","type":"page","link":"https:\/\/elfsight.com\/de\/background-music-widget\/godaddy\/","title":{"rendered":"Background Music &#8211; GoDaddy"},"content":{"rendered":"\n<div class=\"application-platform-content-item-description application-platform-content-item\" id=\"description\" data-nav-section=\"description\"> <h2>Einbetten von Hintergrundmusik auf GoDaddy mit dem Elfsight-Widget<\/h2> <p>Elfsight Background Music ist ein unkompliziertes Plugin, mit dem Sie Audiospuren wiedergeben k\u00f6nnen direkt auf Ihrer Website. Das Tool ist vollst\u00e4ndig anpassbar: Sie k\u00f6nnen seine Platzierung \u00e4ndern, es an einer beliebigen Stelle auf der Seite platzieren, seine Gr\u00f6\u00dfe skalieren, den Hintergrund und andere Teile neu streichen, um es mit dem Layout Ihrer Website zu vermischen, ein dunkles Farbschema verwenden, Cover sichtbar machen und ein- oder ausblenden 4 zus\u00e4tzliche Spielerteile wie Fortschrittsbalken, Titel und andere. F\u00fcgen Sie so viele Titel hinzu, wie Sie m\u00f6chten, um Ihre Besucher anzusprechen, schalten Sie die Autoplay-Option ein und seien Sie sicher \u2013 Ihr Publikum wird Ihre Webseite nicht so schnell verlassen! <\/p> <p><b>Integrieren Sie Elfsight-Hintergrundmusik, um Ihre Gesch\u00e4ftsziele einfacher zu erreichen! <\/b><\/p> <\/div> <div class=\"application-platform-content-item-features application-platform-content-item\" id=\"features\" data-nav-section=\"features\"> <h2>Wir bieten n\u00fctzliche und einfache Funktionen, sehen Sie sich einige davon an: <\/h2> <ul><li>Unbegrenzte Farbvariationen<\/li><li>Dunkles\/helles Farbthema<\/li><li>Flexibles Design<\/li><li>2 Layouts anwendbar<\/li><li>Eine M\u00f6glichkeit, ein Hintergrundbild zu verwenden<\/li><\/ul> <p><a href=\"#demo\">Probieren Sie einfach diese Demo aus, um zu sehen, wie es funktioniert<\/a><\/p> <\/div> <div class=\"application-platform-content-item-installation application-platform-content-item\" id=\"installation\" data-nav-section=\"installation\"> <h2>Wie f\u00fcge ich Elfsight-Hintergrund hinzu? Musik in meinen GoDaddy? <\/h2> <p>Befolgen Sie einfach die unten aufgef\u00fchrten Schritte, um das Plugin zu aktivieren. <\/p> <ol><li><b>Wenden Sie unseren kostenlosen Editor an und beginnen Sie mit der Gestaltung Ihres ma\u00dfgeschneiderten Instruments. <\/b><br> Geben Sie das ausgew\u00e4hlte Aussehen und die Funktionalit\u00e4t des Plugins an und wenden Sie die Korrekturen an. <\/li> <li><b>Erhalten Sie Ihren individuellen Code, der im Feld auf Elfsight Apps angezeigt wird.<\/b><br> Wenn die Konfiguration Ihres Plugins abgeschlossen ist, kopieren Sie den individuellen Code im angezeigten Feld und bewahren Sie ihn f\u00fcr die Zukunft auf Gelegenheit. <\/li> <li><b>Beginnen Sie mit der Verwendung des Tools auf Ihrer GoDaddy-Website<\/b><br> Implementieren Sie den zuvor kopierten Code in Ihre Seite und speichern Sie die Anpassungen. <\/li> <li><b>Die Installation wurde erfolgreich abgeschlossen<\/b><br> Besuchen Sie Ihre Website, um zu sehen, wie das Tool funktioniert. <\/li><\/ol> <p>Wenn Sie Fragen haben oder auf Schwierigkeiten sto\u00dfen, k\u00f6nnen Sie sich gerne an unser Kundendienstteam wenden. Unsere Spezialisten l\u00f6sen gerne alle Probleme, die Sie mit dem Plugin haben k\u00f6nnten. <\/p> <div class=\"faq\" data-component=\"FAQ\"><div class=\"faq-item\">\r\n\t\t\t\t\t<div class=\"faq-item-question\">\r\n\t\t\t\t\t\t<h3 class=\"faq-item-question-text\">Wie kann ich das GoDaddy-Hintergrundmusik-Plugin ohne Programmierkenntnisse in meine Website einbetten?<\/h3>\r\n\r\n\t\t\t\t\t\t<div class=\"faq-item-question-icon\"><\/div>\r\n\t\t\t\t\t<\/div>\r\n\r\n\t\t\t\t\t<div class=\"faq-item-answer\">\r\n\t\t\t\t\t\t<div class=\"faq-item-answer-text\"><p>Elfsight bietet eine cloudbasierte L\u00f6sung, mit der Benutzer ein GoDaddy-Hintergrundmusik-Plugin erstellen k\u00f6nnen alleine. Erleben Sie, wie einfach der Vorgang sein kann:<\/p><ul><li>Greifen Sie auf den Online-Editor zu, um einen GoDaddy-Hintergrundmusik-Plugin-Bereich zu erstellen, den Sie in Ihre Website integrieren m\u00f6chten.<\/li><li>W\u00e4hlen Sie einen davon aus Nutzen Sie unsere vorgefertigten Vorlagen und passen Sie die Einstellungen des GoDaddy-Hintergrundmusik-Plugins an, passen Sie das Layout und das Farbschema an und f\u00fcgen Sie Ihre Inhalte ohne Programmieraufwand ein.<\/li><li>Behalten Sie die Einstellungen bei, die Sie f\u00fcr das GoDaddy-Hintergrundmusik-Plugin konfiguriert haben und erhalten Sie den Code zum Einbetten, der m\u00fchelos und kostenlos in Ihre Website integriert werden kann.<\/li><\/ul><p>Durch die Arbeit im benutzerfreundlichen Editor kann jeder Internetnutzer einen GoDaddy-Hintergrundmusik-Plugin-Bereich erstellen und betten es in ihre Website ein. F\u00fcr den Zugriff auf den Elfsight-Editor ist keine Zahlung oder Offenlegung Ihrer Karteninformationen erforderlich. Wenn Sie zu irgendeinem Zeitpunkt auf Probleme sto\u00dfen, wenden Sie sich bitte an unseren Kundensupport.<\/p><\/div>\r\n\t\t\t\t\t<\/div>\r\n\t\t\t\t<\/div><\/div><\/div>\n","protected":false},"excerpt":{"rendered":"","protected":false},"author":9,"featured_media":0,"parent":2301,"menu_order":0,"comment_status":"closed","ping_status":"closed","template":"templates\/template-application-platform.php","meta":{"publish_to_discourse":"","publish_post_category":"","wpdc_auto_publish_overridden":"","wpdc_topic_tags":"","wpdc_pin_topic":"","wpdc_pin_until":"","discourse_post_id":"","discourse_permalink":"","wpdc_publishing_response":"","wpdc_publishing_error":"","footnotes":""},"class_list":["post-8009","page","type-page","status-publish","hentry"],"yoast_head":"<!-- This site is optimized with the Yoast SEO plugin v25.3.1 - https:\/\/yoast.com\/wordpress\/plugins\/seo\/ -->\n<title>Hintergrundmusik \u2013 Musik-Plugin zur GoDaddy-Website hinzuf\u00fcgen!<\/title>\n<meta name=\"description\" content=\"F\u00fcgen Sie Ihrer GoDaddy-Site ein adaptives Hintergrundmusik-Plugin hinzu. F\u00fchren Sie die praktische Elfsight-Demo aus und erstellen Sie Ihr einzigartiges Plugin!\" \/>\n<meta name=\"robots\" content=\"index, follow, max-snippet:-1, max-image-preview:large, max-video-preview:-1\" \/>\n<link rel=\"canonical\" href=\"https:\/\/elfsight.com\/de\/background-music-widget\/godaddy\/\" \/>\n<meta property=\"og:locale\" content=\"de_DE\" \/>\n<meta property=\"og:type\" content=\"article\" \/>\n<meta property=\"og:title\" content=\"Hintergrundmusik \u2013 Musik-Plugin zur GoDaddy-Website hinzuf\u00fcgen!\" \/>\n<meta property=\"og:description\" content=\"F\u00fcgen Sie Ihrer GoDaddy-Site ein adaptives Hintergrundmusik-Plugin hinzu. F\u00fchren Sie die praktische Elfsight-Demo aus und erstellen Sie Ihr einzigartiges Plugin!\" \/>\n<meta property=\"og:url\" content=\"https:\/\/elfsight.com\/de\/background-music-widget\/godaddy\/\" \/>\n<meta property=\"og:site_name\" content=\"Elfsight DE\" \/>\n<meta property=\"article:modified_time\" content=\"2025-02-14T08:32:21+00:00\" \/>\n<meta name=\"twitter:card\" content=\"summary_large_image\" \/>\n<meta name=\"twitter:label1\" content=\"Gesch\u00e4tzte Lesezeit\" \/>\n\t<meta name=\"twitter:data1\" content=\"3\u00a0Minuten\" \/>\n<!-- \/ Yoast SEO plugin. -->","yoast_head_json":{"title":"Hintergrundmusik \u2013 Musik-Plugin zur GoDaddy-Website hinzuf\u00fcgen!","description":"F\u00fcgen Sie Ihrer GoDaddy-Site ein adaptives Hintergrundmusik-Plugin hinzu. F\u00fchren Sie die praktische Elfsight-Demo aus und erstellen Sie Ihr einzigartiges Plugin!","robots":{"index":"index","follow":"follow","max-snippet":"max-snippet:-1","max-image-preview":"max-image-preview:large","max-video-preview":"max-video-preview:-1"},"canonical":"https:\/\/elfsight.com\/de\/background-music-widget\/godaddy\/","og_locale":"de_DE","og_type":"article","og_title":"Hintergrundmusik \u2013 Musik-Plugin zur GoDaddy-Website hinzuf\u00fcgen!","og_description":"F\u00fcgen Sie Ihrer GoDaddy-Site ein adaptives Hintergrundmusik-Plugin hinzu. F\u00fchren Sie die praktische Elfsight-Demo aus und erstellen Sie Ihr einzigartiges Plugin!","og_url":"https:\/\/elfsight.com\/de\/background-music-widget\/godaddy\/","og_site_name":"Elfsight DE","article_modified_time":"2025-02-14T08:32:21+00:00","twitter_card":"summary_large_image","twitter_misc":{"Gesch\u00e4tzte Lesezeit":"3\u00a0Minuten"},"schema":{"@context":"https:\/\/schema.org","@graph":[{"@type":"WebPage","@id":"https:\/\/elfsight.com\/de\/background-music-widget\/godaddy\/","url":"https:\/\/elfsight.com\/de\/background-music-widget\/godaddy\/","name":"Hintergrundmusik \u2013 Musik-Plugin zur GoDaddy-Website hinzuf\u00fcgen!","isPartOf":{"@id":"https:\/\/elfsight.com\/de\/#website"},"datePublished":"2024-05-03T06:29:15+00:00","dateModified":"2025-02-14T08:32:21+00:00","description":"F\u00fcgen Sie Ihrer GoDaddy-Site ein adaptives Hintergrundmusik-Plugin hinzu. F\u00fchren Sie die praktische Elfsight-Demo aus und erstellen Sie Ihr einzigartiges Plugin!","breadcrumb":{"@id":"https:\/\/elfsight.com\/de\/background-music-widget\/godaddy\/#breadcrumb"},"inLanguage":"de","potentialAction":[{"@type":"ReadAction","target":["https:\/\/elfsight.com\/de\/background-music-widget\/godaddy\/"]}]},{"@type":"BreadcrumbList","@id":"https:\/\/elfsight.com\/de\/background-music-widget\/godaddy\/#breadcrumb","itemListElement":[{"@type":"ListItem","position":1,"name":"Home","item":"https:\/\/elfsight.com\/de\/"},{"@type":"ListItem","position":2,"name":"Background Music","item":"https:\/\/elfsight.com\/de\/background-music-widget\/"},{"@type":"ListItem","position":3,"name":"Background Music &#8211; GoDaddy"}]},{"@type":"WebSite","@id":"https:\/\/elfsight.com\/de\/#website","url":"https:\/\/elfsight.com\/de\/","name":"Elfsight DE","description":"Just another Elfsight Sites site","potentialAction":[{"@type":"SearchAction","target":{"@type":"EntryPoint","urlTemplate":"https:\/\/elfsight.com\/de\/?s={search_term_string}"},"query-input":{"@type":"PropertyValueSpecification","valueRequired":true,"valueName":"search_term_string"}}],"inLanguage":"de"}]}},"meta_box":{"industry":"","seo_heading":"","heading":"","description":"","cta_heading":"","cta_description":"","application":"2274","h1":"GoDaddy-Hintergrundmusik-Plugin","h1_caption":"F\u00fcgen Sie Hintergrundmusik zu Ihrer Website hinzu und schaffen Sie so m\u00fchelos ein immersives Erlebnis f\u00fcr Ihre Besucher auf Ihrer GoDaddy-Website.","application_category":[],"applications_title":"","applications_request_title":"","applications_request_button_text":"","hero_text":"","hero_video":"","hero_video_schema_markup":"","selling_points_title":"","selling_points_caption":"","selling_points":[],"selling_points_cta_text":"","features_title":"","features":"","ed_cta_examples_text":"","ed_cta_examples_hidden":"","ed_cta_demo_text":"","ed_cta_demo_hidden":"","why_caption":"","why_editor_title":"","why_editor_text":"","why_team_title":"","why_team_text":"","why_service_title":"","why_service_text":"","template_catalog_visible":"0","template_catalog_title":"","template_catalog_text":"","template_catalog_categories_visible":"","demo_title":"Erstellen Sie Ihr Hintergrundmusik-Plugin","demo_caption":"Konfigurieren Sie Ihre Hintergrundmusik und f\u00fcgen Sie sie kostenlos zu Ihrer GoDaddy-Website hinzu!","default_faq_hidden":"","app_template_category":[],"platform":"241","template_public_id":"","codecanyon_url":"","codecanyon_item_id":"","codecanyon_price":"","pricing_caption":"","pricing_elfsight_apps_hide_column":"","pricing_elfsight_apps_url":"","pricing_codecanyon_price_caption":"","integration_category":[],"integration_request_title":"","integration_request_cta":"","integration_platform":"","integrations":[],"platform_category":[],"video_schema_markup":"","price":"ab 0 $ \/ Monat","trial":"","benefits":[{"text":"Kostenlose Installationshilfe"},{"text":"Premium-Support"},{"text":"14-t\u00e4gige Geld-zur\u00fcck-Garantie"},{"text":"Laufende Verbesserungen"}],"button_url":"#demo","button_target_blank":"0","button_nofollow":"0","attributes":[{"name":"Installiert","content":"10,000 - 100,000"},{"name":"Reaktionsfreudig","content":"Ja"},{"name":"Kompatible Browser","content":"IE11, Firefox, Safari, Opera, Chrome, Edge"}],"tags":[],"tags_disable_links":"0","hide_more_platforms":"0","video_object":"","demo_hide_cta":"0","demo_hide_cloud_options":"0","pricing_title":"","pricing":[{"pricing_icon":"platform","pricing_title":"Elfsight Apps","pricing_title_caption":"Multiplattform-Version, die auf jeder Website funktioniert","pricing_price":"ab 0 $ \/ Monat","pricing_price_caption":"Beginnen Sie mit einem kostenlosen Plan","pricing_benefits":[{"text":"Unbegrenzte Websites"},{"text":"Professionelle Unterst\u00fctzung"},{"text":"Kostenlose Installationshilfe"},{"text":"Flexibles Design"}],"pricing_button_text":"Zur Website hinzuf\u00fcgen","pricing_button_url":"#demo"}],"related_apps_title":"","related_apps_hidden":"0","author":"","image":[],"title":"","job":"","social_networks":[]},"_links":{"self":[{"href":"https:\/\/elfsight.com\/de\/wp-json\/wp\/v2\/pages\/8009","targetHints":{"allow":["GET"]}}],"collection":[{"href":"https:\/\/elfsight.com\/de\/wp-json\/wp\/v2\/pages"}],"about":[{"href":"https:\/\/elfsight.com\/de\/wp-json\/wp\/v2\/types\/page"}],"author":[{"embeddable":true,"href":"https:\/\/elfsight.com\/de\/wp-json\/wp\/v2\/users\/9"}],"replies":[{"embeddable":true,"href":"https:\/\/elfsight.com\/de\/wp-json\/wp\/v2\/comments?post=8009"}],"version-history":[{"count":3,"href":"https:\/\/elfsight.com\/de\/wp-json\/wp\/v2\/pages\/8009\/revisions"}],"predecessor-version":[{"id":24183,"href":"https:\/\/elfsight.com\/de\/wp-json\/wp\/v2\/pages\/8009\/revisions\/24183"}],"up":[{"embeddable":true,"href":"https:\/\/elfsight.com\/de\/wp-json\/wp\/v2\/pages\/2301"}],"wp:attachment":[{"href":"https:\/\/elfsight.com\/de\/wp-json\/wp\/v2\/media?parent=8009"}],"curies":[{"name":"wp","href":"https:\/\/api.w.org\/{rel}","templated":true}]}}