{"id":8004,"date":"2024-05-03T06:29:14","date_gmt":"2024-05-03T06:29:14","guid":{"rendered":"https:\/\/elfsight.com\/de\/?page_id=8004"},"modified":"2025-07-08T10:11:31","modified_gmt":"2025-07-08T10:11:31","slug":"prestashop","status":"publish","type":"page","link":"https:\/\/elfsight.com\/de\/background-music-widget\/prestashop\/","title":{"rendered":"Background Music &#8211; PrestaShop"},"content":{"rendered":"<div class=\"application-platform-content-item-description application-platform-content-item\" id=\"description\" data-nav-section=\"description\"> <h2>Beschreibung<\/h2> <p>Elfsight Background Audio Player ist ein unkompliziertes Add-on, das Ihnen die M\u00f6glichkeit gibt, Audiotracks auf Ihrer Homepage zu streamen. Das Plugin ist umfassend anpassbar: Sie k\u00f6nnen seine Platzierung \u00e4ndern, es an einer beliebigen Stelle auf der Seite einf\u00fcgen, seine Gr\u00f6\u00dfe \u00e4ndern, den Hintergrund und alle anderen Elemente \u00fcberarbeiten, um es mit dem Layout Ihrer Website zu verschmelzen, ein dunkles Thema anwenden, Bilder einblenden und ein- oder ausblenden 3 andere Spielerelemente, zum Beispiel Fortschrittsbalken und viele mehr. F\u00fcgen Sie so viele Tracks ein, wie Sie m\u00f6chten, um Ihre Besucher zu fesseln, schalten Sie die automatische Wiedergabe ein und haben Sie keinen Zweifel \u2013 Ihre Benutzer werden Ihre Website nicht so schnell verlassen! <\/p><p><b>Machen Sie Ihre Website im Hinblick auf E-Commerce-Ziele erfolgreicher mit %produkt%<\/b><\/p> <\/div> <div class=\"application-platform-content-item-features application-platform-content-item\" id=\"features\" data-nav-section=\"features\"> <h2>\u00dcberpr\u00fcfen Sie die Liste der herausragendsten Merkmale: <\/h2> <ul><li>Verschiedene Farbvarianten<\/li><li>Dunkel-\/Hell-Farbschema<\/li><li>Responsives Design<\/li><li>2 Layouts verf\u00fcgbar <\/li><li>M\u00f6glichkeit, ein Hintergrundbild anzuh\u00e4ngen<\/li><li>Unendlich viele Titel hinzuf\u00fcgen<\/li><li>Eine Option zum Entwerfen Ihres pers\u00f6nlichen Farbschemas<\/li><li>Unterst\u00fctzte Formate: ogv , mp3, HLS (mThreeu8), DASH (mpd), webm, mp4<\/li><li>Autoplay-Option<\/li><li>Tracks per URL oder direkt von Ihrem Ger\u00e4t hinzuf\u00fcgen<\/li><\/ul><p><a href=\"#demo\">Sie k\u00f6nnen die Funktionsweise des Widgets mithilfe der Demo testen<\/a><\/p> <\/div> <div class=\"application-platform-content-item-installation application-platform-content-item\" id=\"installation\" data-nav-section=\"installation\"> <h2>Wie binde ich Hintergrundmusik ein? zu meiner PrestaShop-Seite? <\/h2> <p>F\u00fchren Sie einfach die unten aufgef\u00fchrten Schritte aus, um mit der Verwendung des Add-ons zu beginnen. <\/p> <ol><li><b>\u00d6ffnen Sie unsere kostenlose Demo und beginnen Sie mit der Gestaltung Ihres personalisierten Widgets. <\/b><br> Finden Sie die ausgew\u00e4hlte Form und die Eigenschaften des Werkzeugs und speichern Sie die \u00c4nderungen. <\/li> <li><b>Sie erhalten Ihren einzigartigen Code, der in einem speziellen Formular auf Elfsight Apps angezeigt wird. <\/b><br> Nachdem die Erstellung Ihres pers\u00f6nlichen Widgets abgeschlossen ist, kopieren Sie den pers\u00f6nlichen Code im angezeigten Popup und bewahren Sie ihn f\u00fcr sp\u00e4tere Gelegenheiten auf. <\/li> <li><b>Initiieren Sie die Nutzung des Add-ons auf der PrestaShop-Site. <\/b><br> F\u00fcgen Sie den Code, den Sie zuvor kopiert haben, in Ihre Website ein und \u00fcbernehmen Sie die \u00c4nderungen. <\/li> <li><b>Fertig! Die Integration ist vollst\u00e4ndig abgeschlossen. <\/b><br> Besuchen Sie Ihre Website, um zu pr\u00fcfen, wie das Widget funktioniert. <\/li><\/ol> <p>Angenommen, Sie haben ein Problem, z\u00f6gern Sie nicht, unserem Support-Team zu schreiben. Unsere Berater werden sich freuen, alle Probleme zu l\u00f6sen, die Sie m\u00f6glicherweise mit dem Widget haben. <\/p> <\/div>","protected":false},"excerpt":{"rendered":"","protected":false},"author":9,"featured_media":0,"parent":2301,"menu_order":0,"comment_status":"closed","ping_status":"closed","template":"templates\/template-application-platform.php","meta":{"publish_to_discourse":"","publish_post_category":"","wpdc_auto_publish_overridden":"","wpdc_topic_tags":"","wpdc_pin_topic":"","wpdc_pin_until":"","discourse_post_id":"","discourse_permalink":"","wpdc_publishing_response":"","wpdc_publishing_error":"","footnotes":""},"class_list":["post-8004","page","type-page","status-publish","hentry"],"yoast_head":"<!-- This site is optimized with the Yoast SEO plugin v25.3.1 - https:\/\/yoast.com\/wordpress\/plugins\/seo\/ -->\n<title>Hintergrundaudio \u2013 F\u00fcgen Sie Hintergrundmusik zur PrestaShop-Website hinzu<\/title>\n<meta name=\"description\" content=\"F\u00fcgen Sie der PrestaShop-Website eine Hintergrundmusik hinzu. F\u00fchren Sie die hilfreiche Elfsight-Demo aus und erstellen Sie in nur wenigen Minuten Ihr personalisiertes Audio-Plugin.\" \/>\n<meta name=\"robots\" content=\"index, follow, max-snippet:-1, max-image-preview:large, max-video-preview:-1\" \/>\n<link rel=\"canonical\" href=\"https:\/\/elfsight.com\/de\/background-music-widget\/prestashop\/\" \/>\n<meta property=\"og:locale\" content=\"de_DE\" \/>\n<meta property=\"og:type\" content=\"article\" \/>\n<meta property=\"og:title\" content=\"Hintergrundaudio \u2013 F\u00fcgen Sie Hintergrundmusik zur PrestaShop-Website hinzu\" \/>\n<meta property=\"og:description\" content=\"F\u00fcgen Sie der PrestaShop-Website eine Hintergrundmusik hinzu. F\u00fchren Sie die hilfreiche Elfsight-Demo aus und erstellen Sie in nur wenigen Minuten Ihr personalisiertes Audio-Plugin.\" \/>\n<meta property=\"og:url\" content=\"https:\/\/elfsight.com\/de\/background-music-widget\/prestashop\/\" \/>\n<meta property=\"og:site_name\" content=\"Elfsight DE\" \/>\n<meta property=\"article:modified_time\" content=\"2025-07-08T10:11:31+00:00\" \/>\n<meta name=\"twitter:card\" content=\"summary_large_image\" \/>\n<meta name=\"twitter:label1\" content=\"Gesch\u00e4tzte Lesezeit\" \/>\n\t<meta name=\"twitter:data1\" content=\"2\u00a0Minuten\" \/>\n<!-- \/ Yoast SEO plugin. -->","yoast_head_json":{"title":"Hintergrundaudio \u2013 F\u00fcgen Sie Hintergrundmusik zur PrestaShop-Website hinzu","description":"F\u00fcgen Sie der PrestaShop-Website eine Hintergrundmusik hinzu. F\u00fchren Sie die hilfreiche Elfsight-Demo aus und erstellen Sie in nur wenigen Minuten Ihr personalisiertes Audio-Plugin.","robots":{"index":"index","follow":"follow","max-snippet":"max-snippet:-1","max-image-preview":"max-image-preview:large","max-video-preview":"max-video-preview:-1"},"canonical":"https:\/\/elfsight.com\/de\/background-music-widget\/prestashop\/","og_locale":"de_DE","og_type":"article","og_title":"Hintergrundaudio \u2013 F\u00fcgen Sie Hintergrundmusik zur PrestaShop-Website hinzu","og_description":"F\u00fcgen Sie der PrestaShop-Website eine Hintergrundmusik hinzu. F\u00fchren Sie die hilfreiche Elfsight-Demo aus und erstellen Sie in nur wenigen Minuten Ihr personalisiertes Audio-Plugin.","og_url":"https:\/\/elfsight.com\/de\/background-music-widget\/prestashop\/","og_site_name":"Elfsight DE","article_modified_time":"2025-07-08T10:11:31+00:00","twitter_card":"summary_large_image","twitter_misc":{"Gesch\u00e4tzte Lesezeit":"2\u00a0Minuten"},"schema":{"@context":"https:\/\/schema.org","@graph":[{"@type":"WebPage","@id":"https:\/\/elfsight.com\/de\/background-music-widget\/prestashop\/","url":"https:\/\/elfsight.com\/de\/background-music-widget\/prestashop\/","name":"Hintergrundaudio \u2013 F\u00fcgen Sie Hintergrundmusik zur PrestaShop-Website hinzu","isPartOf":{"@id":"https:\/\/elfsight.com\/de\/#website"},"datePublished":"2024-05-03T06:29:14+00:00","dateModified":"2025-07-08T10:11:31+00:00","description":"F\u00fcgen Sie der PrestaShop-Website eine Hintergrundmusik hinzu. F\u00fchren Sie die hilfreiche Elfsight-Demo aus und erstellen Sie in nur wenigen Minuten Ihr personalisiertes Audio-Plugin.","breadcrumb":{"@id":"https:\/\/elfsight.com\/de\/background-music-widget\/prestashop\/#breadcrumb"},"inLanguage":"de","potentialAction":[{"@type":"ReadAction","target":["https:\/\/elfsight.com\/de\/background-music-widget\/prestashop\/"]}]},{"@type":"BreadcrumbList","@id":"https:\/\/elfsight.com\/de\/background-music-widget\/prestashop\/#breadcrumb","itemListElement":[{"@type":"ListItem","position":1,"name":"Home","item":"https:\/\/elfsight.com\/de\/"},{"@type":"ListItem","position":2,"name":"Background Music","item":"https:\/\/elfsight.com\/de\/background-music-widget\/"},{"@type":"ListItem","position":3,"name":"Background Music &#8211; PrestaShop"}]},{"@type":"WebSite","@id":"https:\/\/elfsight.com\/de\/#website","url":"https:\/\/elfsight.com\/de\/","name":"Elfsight DE","description":"Just another Elfsight Sites site","potentialAction":[{"@type":"SearchAction","target":{"@type":"EntryPoint","urlTemplate":"https:\/\/elfsight.com\/de\/?s={search_term_string}"},"query-input":{"@type":"PropertyValueSpecification","valueRequired":true,"valueName":"search_term_string"}}],"inLanguage":"de"}]}},"meta_box":{"industry":"","seo_heading":"","heading":"","description":"","cta_heading":"","cta_description":"","application":"2274","h1":"PrestaShop-Hintergrundmusik-Add-on","h1_caption":"F\u00fcgen Sie Hintergrundmusik zu Ihrer Website hinzu und schaffen Sie so m\u00fchelos ein immersives Erlebnis f\u00fcr Ihre Besucher auf Ihrer Prestashop-Website.","application_category":[],"applications_title":"","applications_request_title":"","applications_request_button_text":"","hero_text":"","hero_video":"","hero_video_schema_markup":"","selling_points_title":"","selling_points_caption":"","selling_points":[],"selling_points_cta_text":"","features_title":"","features":"","ed_cta_examples_text":"","ed_cta_examples_hidden":"","ed_cta_demo_text":"","ed_cta_demo_hidden":"","why_caption":"","why_editor_title":"","why_editor_text":"","why_team_title":"","why_team_text":"","why_service_title":"","why_service_text":"","template_catalog_visible":"","template_catalog_title":"","template_catalog_text":"","template_catalog_categories_visible":"","demo_title":"Erstellen Sie Ihr Hintergrundmusik-Add-on","demo_caption":"Konfigurieren Sie Ihre Hintergrundmusik und f\u00fcgen Sie sie kostenlos zu Ihrer PrestaShop-Website hinzu!","default_faq_hidden":"","app_template_category":[],"platform":"3811","template_public_id":"","codecanyon_url":"","codecanyon_item_id":"","codecanyon_price":"","pricing_caption":"","pricing_elfsight_apps_hide_column":"","pricing_elfsight_apps_url":"","pricing_codecanyon_price_caption":"","integration_category":[],"integration_request_title":"","integration_request_cta":"","integration_platform":"","integrations":[],"platform_category":[],"video_schema_markup":"","price":"ab 0 $ \/ Monat","trial":"","benefits":[{"text":"Kostenloser Installationsservice"},{"text":"Professioneller Kundenservice"},{"text":"14-t\u00e4gige R\u00fcckerstattungsgarantie"},{"text":"Laufende kostenlose Verbesserungen"}],"button_url":"#demo","button_target_blank":"","button_nofollow":"","attributes":[{"name":"Installiert","content":"10,000 - 100,000"},{"name":"Reaktionsfreudig","content":"Ja"},{"name":"Kompatible Browser","content":"Firefox, Safari, Opera, Chrome, Edge"}],"tags":[],"tags_disable_links":"","hide_more_platforms":"","video_object":"","demo_hide_cta":"","demo_hide_cloud_options":"","pricing_title":"","pricing":[{"pricing_icon":"platform","pricing_title":"Elfsight Apps","pricing_title_caption":"Plattformunabh\u00e4ngige digitale L\u00f6sung","pricing_price":"ab 0 $ \/ Monat","pricing_price_caption":"Beginnen Sie mit einem kostenlosen Plan","pricing_benefits":[{"text":"Unbegrenzte Domains"},{"text":"Kostenlose Installationshilfe"},{"text":"Engagierter Kundensupport"},{"text":"100 % anpassbar"}],"pricing_button_text":"Zur Website hinzuf\u00fcgen","pricing_button_url":"#demo"}],"related_apps_title":"","related_apps_hidden":"","author":"","image":[],"title":"","job":"","social_networks":[]},"_links":{"self":[{"href":"https:\/\/elfsight.com\/de\/wp-json\/wp\/v2\/pages\/8004","targetHints":{"allow":["GET"]}}],"collection":[{"href":"https:\/\/elfsight.com\/de\/wp-json\/wp\/v2\/pages"}],"about":[{"href":"https:\/\/elfsight.com\/de\/wp-json\/wp\/v2\/types\/page"}],"author":[{"embeddable":true,"href":"https:\/\/elfsight.com\/de\/wp-json\/wp\/v2\/users\/9"}],"replies":[{"embeddable":true,"href":"https:\/\/elfsight.com\/de\/wp-json\/wp\/v2\/comments?post=8004"}],"version-history":[{"count":1,"href":"https:\/\/elfsight.com\/de\/wp-json\/wp\/v2\/pages\/8004\/revisions"}],"predecessor-version":[{"id":8008,"href":"https:\/\/elfsight.com\/de\/wp-json\/wp\/v2\/pages\/8004\/revisions\/8008"}],"up":[{"embeddable":true,"href":"https:\/\/elfsight.com\/de\/wp-json\/wp\/v2\/pages\/2301"}],"wp:attachment":[{"href":"https:\/\/elfsight.com\/de\/wp-json\/wp\/v2\/media?parent=8004"}],"curies":[{"name":"wp","href":"https:\/\/api.w.org\/{rel}","templated":true}]}}