{"id":8003,"date":"2024-05-03T06:29:13","date_gmt":"2024-05-03T06:29:13","guid":{"rendered":"https:\/\/elfsight.com\/de\/?page_id=8003"},"modified":"2025-07-08T10:11:09","modified_gmt":"2025-07-08T10:11:09","slug":"jimdo","status":"publish","type":"page","link":"https:\/\/elfsight.com\/de\/background-music-widget\/jimdo\/","title":{"rendered":"Background Music &#8211; Jimdo"},"content":{"rendered":"<div class=\"application-platform-content-item-description application-platform-content-item\" id=\"description\" data-nav-section=\"description\"> <h2>Beschreibung<\/h2> <p>Das Elfsight-Hintergrundmusik-Widget ist ein unkompliziertes Plugin, mit dem Sie Audiotitel direkt auf Ihrer Website wiedergeben k\u00f6nnen. Das Plugin ist \u00e4u\u00dferst anpassbar: Sie k\u00f6nnen seine Position \u00e4ndern, es an einer beliebigen Stelle auf der Seite platzieren, seine Gr\u00f6\u00dfe skalieren, den Hintergrund und andere Elemente neu einf\u00e4rben, um es mit dem Design Ihrer Website zu mischen, ein dunkles Farbschema verwenden, Cover freilegen und ein- oder ausblenden 3 zus\u00e4tzliche Spielerdetails, zum Beispiel Fortschrittsbalken und vieles mehr. Sie k\u00f6nnen so viele Titel hochladen, wie Sie m\u00f6chten, um Ihre Benutzer anzusprechen, schalten Sie die Autoplay-Option ein und stellen Sie sicher, dass Ihre Besucher Ihre Website nicht in Eile verlassen! <\/p><p><b>Integrieren Sie Hintergrundmusik, um Ihre gesch\u00e4ftlichen Herausforderungen einfacher zu meistern! <\/b><\/p> <\/div> <div class=\"application-platform-content-item-features application-platform-content-item\" id=\"features\" data-nav-section=\"features\"> <h2>Hier sind zentrale Features des Widgets: <\/h2> <ul><li>Zahlreiche Farbvariationen<\/li><li>Dunkles\/helles Farbschema<\/li><li>Responsives Design<\/li><li>2 Layouts anwendbar<\/li><li>M\u00f6glichkeit, Hintergrundbild zu verwenden<\/li><li>Eine unbegrenzte Anzahl von Spuren<\/li><li>Eine M\u00f6glichkeit, Ihr benutzerdefiniertes Farbschema zu erstellen<\/li><li>Unterst\u00fctzte Formate: mp3, ogv, HLS (mThreeu8), DASH (mpd), mp4, webm<\/li><li>Autoplay-Option <\/li><li>Tracks per URL oder direkt von Ihrem Ger\u00e4t hinzuf\u00fcgen<\/li><\/ul><p><a href=\"#demo\">In der Demo unten k\u00f6nnen Sie alle Funktionen des Widgets erkunden<\/a><\/p> <\/div> <div class=\"application-platform-content-item-installation application-platform-content-item\" id=\"installation\" data-nav-section=\"installation\"> <h2>Wie kann ich meiner Jimdo-Webseite Hintergrundmusik hinzuf\u00fcgen? <\/h2> <p>Erf\u00fcllen Sie einfach die folgenden Richtlinien, um das Widget einzubetten. <\/p> <ol><li><b>\u00d6ffnen Sie unseren kostenlosen Konfigurator und beginnen Sie mit der Zusammenstellung Ihres individuellen Instruments. <\/b><br> Bestimmen Sie das bevorzugte Layout und die Parameter des Widgets und speichern Sie die \u00c4nderungen. <\/li> <li><b>Holen Sie sich den eindeutigen Code, der im Fenster von Elfsight Apps angezeigt wird. <\/b><br> Sobald die Konfiguration Ihres Tools abgeschlossen ist, kopieren Sie den exklusiven Code aus dem erscheinenden Popup und bewahren Sie ihn f\u00fcr sp\u00e4tere Gelegenheiten auf. <\/li> <li><b>Beginnen Sie mit der Nutzung des Widgets auf der Jimdo-Website. <\/b><br> Integrieren Sie den Code, den Sie k\u00fcrzlich in Ihrer Website gespeichert haben, und speichern Sie die \u00c4nderungen. <\/li> <li><b>Du bist fertig! Die Einbettung wurde erfolgreich durchgef\u00fchrt. <\/b><br> Besuchen Sie Ihre Seite, um einen Blick auf die Funktionsweise des Tools zu werfen. <\/li><\/ol> <p>Wenn Sie Fragen haben oder auf Komplikationen sto\u00dfen, wenden Sie sich bitte an unsere Kundendienstmitarbeiter. Unsere Berater helfen Ihnen gerne bei allen Fragen rund um das Produkt weiter. <\/p> <\/div>","protected":false},"excerpt":{"rendered":"","protected":false},"author":9,"featured_media":0,"parent":2301,"menu_order":0,"comment_status":"closed","ping_status":"closed","template":"templates\/template-application-platform.php","meta":{"publish_to_discourse":"","publish_post_category":"","wpdc_auto_publish_overridden":"","wpdc_topic_tags":"","wpdc_pin_topic":"","wpdc_pin_until":"","discourse_post_id":"","discourse_permalink":"","wpdc_publishing_response":"","wpdc_publishing_error":"","footnotes":""},"class_list":["post-8003","page","type-page","status-publish","hentry"],"yoast_head":"<!-- This site is optimized with the Yoast SEO plugin v25.3.1 - https:\/\/yoast.com\/wordpress\/plugins\/seo\/ -->\n<title>Hintergrundaudio \u2013 F\u00fcgen Sie Hintergrundmusik zur Jimdo-Website hinzu<\/title>\n<meta name=\"description\" content=\"F\u00fcgen Sie der Jimdo-Website eine Hintergrundmusik hinzu. F\u00fchren Sie die hilfreiche Elfsight-Demo aus und erstellen Sie in nur wenigen Minuten Ihr personalisiertes Audio-Widget.\" \/>\n<meta name=\"robots\" content=\"index, follow, max-snippet:-1, max-image-preview:large, max-video-preview:-1\" \/>\n<link rel=\"canonical\" href=\"https:\/\/elfsight.com\/de\/background-music-widget\/jimdo\/\" \/>\n<meta property=\"og:locale\" content=\"de_DE\" \/>\n<meta property=\"og:type\" content=\"article\" \/>\n<meta property=\"og:title\" content=\"Hintergrundaudio \u2013 F\u00fcgen Sie Hintergrundmusik zur Jimdo-Website hinzu\" \/>\n<meta property=\"og:description\" content=\"F\u00fcgen Sie der Jimdo-Website eine Hintergrundmusik hinzu. F\u00fchren Sie die hilfreiche Elfsight-Demo aus und erstellen Sie in nur wenigen Minuten Ihr personalisiertes Audio-Widget.\" \/>\n<meta property=\"og:url\" content=\"https:\/\/elfsight.com\/de\/background-music-widget\/jimdo\/\" \/>\n<meta property=\"og:site_name\" content=\"Elfsight DE\" \/>\n<meta property=\"article:modified_time\" content=\"2025-07-08T10:11:09+00:00\" \/>\n<meta name=\"twitter:card\" content=\"summary_large_image\" \/>\n<meta name=\"twitter:label1\" content=\"Gesch\u00e4tzte Lesezeit\" \/>\n\t<meta name=\"twitter:data1\" content=\"2\u00a0Minuten\" \/>\n<!-- \/ Yoast SEO plugin. -->","yoast_head_json":{"title":"Hintergrundaudio \u2013 F\u00fcgen Sie Hintergrundmusik zur Jimdo-Website hinzu","description":"F\u00fcgen Sie der Jimdo-Website eine Hintergrundmusik hinzu. F\u00fchren Sie die hilfreiche Elfsight-Demo aus und erstellen Sie in nur wenigen Minuten Ihr personalisiertes Audio-Widget.","robots":{"index":"index","follow":"follow","max-snippet":"max-snippet:-1","max-image-preview":"max-image-preview:large","max-video-preview":"max-video-preview:-1"},"canonical":"https:\/\/elfsight.com\/de\/background-music-widget\/jimdo\/","og_locale":"de_DE","og_type":"article","og_title":"Hintergrundaudio \u2013 F\u00fcgen Sie Hintergrundmusik zur Jimdo-Website hinzu","og_description":"F\u00fcgen Sie der Jimdo-Website eine Hintergrundmusik hinzu. F\u00fchren Sie die hilfreiche Elfsight-Demo aus und erstellen Sie in nur wenigen Minuten Ihr personalisiertes Audio-Widget.","og_url":"https:\/\/elfsight.com\/de\/background-music-widget\/jimdo\/","og_site_name":"Elfsight DE","article_modified_time":"2025-07-08T10:11:09+00:00","twitter_card":"summary_large_image","twitter_misc":{"Gesch\u00e4tzte Lesezeit":"2\u00a0Minuten"},"schema":{"@context":"https:\/\/schema.org","@graph":[{"@type":"WebPage","@id":"https:\/\/elfsight.com\/de\/background-music-widget\/jimdo\/","url":"https:\/\/elfsight.com\/de\/background-music-widget\/jimdo\/","name":"Hintergrundaudio \u2013 F\u00fcgen Sie Hintergrundmusik zur Jimdo-Website hinzu","isPartOf":{"@id":"https:\/\/elfsight.com\/de\/#website"},"datePublished":"2024-05-03T06:29:13+00:00","dateModified":"2025-07-08T10:11:09+00:00","description":"F\u00fcgen Sie der Jimdo-Website eine Hintergrundmusik hinzu. F\u00fchren Sie die hilfreiche Elfsight-Demo aus und erstellen Sie in nur wenigen Minuten Ihr personalisiertes Audio-Widget.","breadcrumb":{"@id":"https:\/\/elfsight.com\/de\/background-music-widget\/jimdo\/#breadcrumb"},"inLanguage":"de","potentialAction":[{"@type":"ReadAction","target":["https:\/\/elfsight.com\/de\/background-music-widget\/jimdo\/"]}]},{"@type":"BreadcrumbList","@id":"https:\/\/elfsight.com\/de\/background-music-widget\/jimdo\/#breadcrumb","itemListElement":[{"@type":"ListItem","position":1,"name":"Home","item":"https:\/\/elfsight.com\/de\/"},{"@type":"ListItem","position":2,"name":"Background Music","item":"https:\/\/elfsight.com\/de\/background-music-widget\/"},{"@type":"ListItem","position":3,"name":"Background Music &#8211; Jimdo"}]},{"@type":"WebSite","@id":"https:\/\/elfsight.com\/de\/#website","url":"https:\/\/elfsight.com\/de\/","name":"Elfsight DE","description":"Just another Elfsight Sites site","potentialAction":[{"@type":"SearchAction","target":{"@type":"EntryPoint","urlTemplate":"https:\/\/elfsight.com\/de\/?s={search_term_string}"},"query-input":{"@type":"PropertyValueSpecification","valueRequired":true,"valueName":"search_term_string"}}],"inLanguage":"de"}]}},"meta_box":{"industry":"","seo_heading":"","heading":"","description":"","cta_heading":"","cta_description":"","application":"2274","h1":"Jimdo-Hintergrundmusik-Widget","h1_caption":"F\u00fcgen Sie Hintergrundmusik zu Ihrer Website hinzu und schaffen Sie so m\u00fchelos ein immersives Erlebnis f\u00fcr Ihre Besucher auf Ihrer Jimdo-Website.","application_category":[],"applications_title":"","applications_request_title":"","applications_request_button_text":"","hero_text":"","hero_video":"","hero_video_schema_markup":"","selling_points_title":"","selling_points_caption":"","selling_points":[],"selling_points_cta_text":"","features_title":"","features":"","ed_cta_examples_text":"","ed_cta_examples_hidden":"","ed_cta_demo_text":"","ed_cta_demo_hidden":"","why_caption":"","why_editor_title":"","why_editor_text":"","why_team_title":"","why_team_text":"","why_service_title":"","why_service_text":"","template_catalog_visible":"","template_catalog_title":"","template_catalog_text":"","template_catalog_categories_visible":"","demo_title":"Erstellen Sie Ihr Hintergrundmusik-Widget","demo_caption":"Konfigurieren Sie Ihre Hintergrundmusik und f\u00fcgen Sie sie kostenlos zu Ihrer Jimdo-Website hinzu!","default_faq_hidden":"","app_template_category":[],"platform":"239","template_public_id":"","codecanyon_url":"","codecanyon_item_id":"","codecanyon_price":"","pricing_caption":"","pricing_elfsight_apps_hide_column":"","pricing_elfsight_apps_url":"","pricing_codecanyon_price_caption":"","integration_category":[],"integration_request_title":"","integration_request_cta":"","integration_platform":"","integrations":[],"platform_category":[],"video_schema_markup":"","price":"ab 0 $ \/ Monat","trial":"","benefits":[{"text":"Kostenloser Installationsservice"},{"text":"Kompetenter Kundenservice"},{"text":"14-t\u00e4gige R\u00fcckerstattungsgarantie"},{"text":"Zuk\u00fcnftige kostenlose Updates"}],"button_url":"#demo","button_target_blank":"","button_nofollow":"","attributes":[{"name":"Installiert","content":"10,000 - 100,000"},{"name":"Reaktionsfreudig","content":"Ja"},{"name":"Kompatible Browser","content":"Firefox, Safari, Opera, Chrome, Edge"}],"tags":[],"tags_disable_links":"","hide_more_platforms":"","video_object":"","demo_hide_cta":"","demo_hide_cloud_options":"","pricing_title":"","pricing":[{"pricing_icon":"platform","pricing_title":"Elfsight Apps","pricing_title_caption":"Plattformunabh\u00e4ngige L\u00f6sung, die auf jeder Site funktioniert","pricing_price":"ab 0 $ \/ Monat","pricing_price_caption":"Beginnen Sie mit einem kostenlosen Plan","pricing_benefits":[{"text":"Unbegrenzte Websites"},{"text":"Kundensupport rund um die Uhr"},{"text":"Kostenlose Installationsunterst\u00fctzung"},{"text":"100 % anpassbar"}],"pricing_button_text":"Zur Website hinzuf\u00fcgen","pricing_button_url":"#demo"}],"related_apps_title":"","related_apps_hidden":"","author":"","image":[],"title":"","job":"","social_networks":[]},"_links":{"self":[{"href":"https:\/\/elfsight.com\/de\/wp-json\/wp\/v2\/pages\/8003","targetHints":{"allow":["GET"]}}],"collection":[{"href":"https:\/\/elfsight.com\/de\/wp-json\/wp\/v2\/pages"}],"about":[{"href":"https:\/\/elfsight.com\/de\/wp-json\/wp\/v2\/types\/page"}],"author":[{"embeddable":true,"href":"https:\/\/elfsight.com\/de\/wp-json\/wp\/v2\/users\/9"}],"replies":[{"embeddable":true,"href":"https:\/\/elfsight.com\/de\/wp-json\/wp\/v2\/comments?post=8003"}],"version-history":[{"count":1,"href":"https:\/\/elfsight.com\/de\/wp-json\/wp\/v2\/pages\/8003\/revisions"}],"predecessor-version":[{"id":8007,"href":"https:\/\/elfsight.com\/de\/wp-json\/wp\/v2\/pages\/8003\/revisions\/8007"}],"up":[{"embeddable":true,"href":"https:\/\/elfsight.com\/de\/wp-json\/wp\/v2\/pages\/2301"}],"wp:attachment":[{"href":"https:\/\/elfsight.com\/de\/wp-json\/wp\/v2\/media?parent=8003"}],"curies":[{"name":"wp","href":"https:\/\/api.w.org\/{rel}","templated":true}]}}