{"id":8001,"date":"2024-05-03T06:29:11","date_gmt":"2024-05-03T06:29:11","guid":{"rendered":"https:\/\/elfsight.com\/de\/?page_id=8001"},"modified":"2025-02-20T13:07:24","modified_gmt":"2025-02-20T13:07:24","slug":"bigcommerce","status":"publish","type":"page","link":"https:\/\/elfsight.com\/de\/back-to-top-widget\/bigcommerce\/","title":{"rendered":"Back to Top &#8211; BigCommerce"},"content":{"rendered":"\n<div class=\"application-platform-content-item-description application-platform-content-item\" id=\"description\" data-nav-section=\"description\"> <h2>Beschreibung<\/h2> <p>Elfsight Back to Top ist eine einfache App f\u00fcr BigCommerce, mit der Benutzer schnell und reibungslos an die Spitze zur\u00fcckkehren k\u00f6nnen Ihrer Website nach dem Scrollen langer Seiten. Die Benutzer Ihrer Webseite m\u00fcssen nicht mehr nach der Home-Schaltfl\u00e4che suchen und die Bildlaufleiste \u00fcber die Seite ziehen. Das Back-to-Top-Tool kann so angepasst werden, wie es am besten zu Ihnen passt: Gestalten Sie es quadratisch oder rund, \u00e4ndern Sie seine Farbe und Gr\u00f6\u00dfe und platzieren Sie es an einer beliebigen Stelle auf der Seite, um das Benutzererlebnis zu verbessern. Der Button kann auf jedem Ger\u00e4tetyp angezeigt werden \u2013 vom Smartphone bis zum Desktop. <\/p> <p><b>Wenden Sie ein weiteres hilfreiches Back-to-Top-Widget an, um eine erstaunliche UX zu gew\u00e4hrleisten<\/b><\/p> <\/div> <div class=\"application-platform-content-item-features application-platform-content-item\" id=\"features\" data-nav-section=\"features\"> <h2>Wir bieten n\u00fctzliche und unkomplizierte Angebote Funktionen, \u00fcberpr\u00fcfen Sie einige davon: <\/h2> <ul><li>\u00c4ndern Sie die Farbe der Schaltfl\u00e4che<\/li><li>F\u00fcgen Sie das Widget hinzu auf: allen Seiten, bestimmten oder ausgeschlossenen<\/li><li>Eingestellt die Scroll-Agilit\u00e4t<\/li><li>Acht Tastenpositionen zur Auswahl<\/li><li>Zwei Tastenklassen \u2013 schwebend oder eingebettet<\/li><\/ul><p><a href=\"#demo\">Anhand der Demo k\u00f6nnen Sie herausfinden, ob die App f\u00fcr Sie geeignet ist<\/a><\/p> <\/div> <div class=\"application-platform-content-item-installation application-platform-content-item\" id=\"installation\" data-nav-section=\"installation\"> <h2>Wie bette ich \u201eBack to Top\u201c auf meiner BigCommerce-Website ein? ? <\/h2> <p>F\u00fchren Sie einfach die folgenden Richtlinien aus, um das Widget zu integrieren. <\/p> <ol><li><b>\u00d6ffnen Sie unseren kostenlosen Konfigurator und beginnen Sie mit der Gestaltung Ihres einzigartigen Widgets. <\/b><br> Geben Sie die bevorzugte Benutzeroberfl\u00e4che und die Funktionsmerkmale des Widgets an und speichern Sie alle \u00c4nderungen. <\/li> <li><b>Holen Sie sich Ihren einzigartigen Code, der in der speziellen Form auf Elfsight Apps angezeigt wird. <\/b><br> Sobald die Konfiguration Ihres pers\u00f6nlichen Widgets abgeschlossen ist, kopieren Sie Ihren Code in das angezeigte Fenster und bewahren Sie ihn f\u00fcr zuk\u00fcnftige Zwecke auf. <\/li> <li><b>Beginnen Sie mit der Verwendung des Widgets auf Ihrer BigCommerce-Website. <\/b><br> Implementieren Sie den zuvor kopierten Code in Ihre Site und \u00fcbernehmen Sie die \u00c4nderungen. <\/li> <li><b>Du bist fertig! Das Setup ist vollst\u00e4ndig durchgef\u00fchrt. <\/b><br> \u00d6ffnen Sie Ihre Webseite, um in Aktion zu sehen, wie das Widget funktioniert. <\/li><\/ol><p>Sollten Sie auf Schwierigkeiten sto\u00dfen, z\u00f6gern Sie nicht, sich an unser Support-Team zu wenden. Unsere Spezialisten helfen Ihnen gerne bei der L\u00f6sung aller Schwierigkeiten, die Sie mit dem Plugin haben k\u00f6nnten. <\/p> <div class=\"faq\" data-component=\"FAQ\"><div class=\"faq-item\">\r\n\t\t\t\t\t<div class=\"faq-item-question\">\r\n\t\t\t\t\t\t<h3 class=\"faq-item-question-text\">Wie f\u00fcge ich \u201eBack to top\u201c zu meiner BigCommerce-Website hinzu, ohne Programmierkenntnisse zu haben?<\/h3>\r\n\r\n\t\t\t\t\t\t<div class=\"faq-item-question-icon\"><\/div>\r\n\t\t\t\t\t<\/div>\r\n\r\n\t\t\t\t\t<div class=\"faq-item-answer\">\r\n\t\t\t\t\t\t<div class=\"faq-item-answer-text\"> <p>Elfsight bietet eine SaaS-L\u00f6sung, mit der Sie selbst ein \u201eBack to top\u201c-Widget erstellen k\u00f6nnen. Sehen Sie, wie einfach es ist Der Prozess ist: Arbeiten Sie direkt im Online-Editor, um ein \u201eZur\u00fcck zum Anfang\u201c-Widget zu erstellen, das Sie gerne auf Ihrer BigCommerce-Website sehen w\u00fcrden. W\u00e4hlen Sie eine der vorgefertigten Vorlagen aus und passen Sie die Einstellungen \u201eZur\u00fcck zum Anfang\u201c an, f\u00fcgen Sie Ihre Inhalte hinzu, \u00e4ndern Sie das Layout und die Farben ohne Programmierkenntnisse. Speichern Sie \u201eBack to top\u201c und kopieren Sie den Installationscode, den Sie einfach in Ihre BigCommerce-Website einbetten k\u00f6nnen, ohne einen kostenpflichtigen Plan kaufen zu m\u00fcssen. Mit unserem intuitiven Editor kann jeder Internetnutzer online ein Back-to-Top-Widget erstellen und es einfach in seine BigCommerce-Website einbetten. Um auf den Service zuzugreifen, m\u00fcssen Sie weder bezahlen noch Ihre Kartendaten eingeben. Sollten bei irgendeinem Schritt Probleme auftreten, wenden Sie sich bitte an unser technisches Support-Team.<\/p> <\/div>\r\n\t\t\t\t\t<\/div>\r\n\t\t\t\t<\/div> <\/div><\/div>\n","protected":false},"excerpt":{"rendered":"","protected":false},"author":9,"featured_media":0,"parent":2467,"menu_order":0,"comment_status":"closed","ping_status":"closed","template":"templates\/template-application-platform.php","meta":{"publish_to_discourse":"","publish_post_category":"","wpdc_auto_publish_overridden":"","wpdc_topic_tags":"","wpdc_pin_topic":"","wpdc_pin_until":"","discourse_post_id":"","discourse_permalink":"","wpdc_publishing_response":"","wpdc_publishing_error":"","footnotes":""},"class_list":["post-8001","page","type-page","status-publish","hentry"],"yoast_head":"<!-- This site is optimized with the Yoast SEO plugin v25.3.1 - https:\/\/yoast.com\/wordpress\/plugins\/seo\/ -->\n<title>Zur\u00fcck nach oben \u2013 F\u00fcgen Sie das Scroll-to-Top-Plugin zu BigCommerce hinzu (kostenlos und schnell)<\/title>\n<meta name=\"description\" content=\"F\u00fcgen Sie m\u00fchelos ein barrierefreies Back-to-Top-Tool auf Ihrer BigCommerce-Website hinzu. Wenden Sie unsere Live-Demo an, um in 1-2-3 Minuten Ihre einzigartige App zu erstellen.\" \/>\n<meta name=\"robots\" content=\"index, follow, max-snippet:-1, max-image-preview:large, max-video-preview:-1\" \/>\n<link rel=\"canonical\" href=\"https:\/\/elfsight.com\/de\/back-to-top-widget\/bigcommerce\/\" \/>\n<meta property=\"og:locale\" content=\"de_DE\" \/>\n<meta property=\"og:type\" content=\"article\" \/>\n<meta property=\"og:title\" content=\"Zur\u00fcck nach oben \u2013 F\u00fcgen Sie das Scroll-to-Top-Plugin zu BigCommerce hinzu (kostenlos und schnell)\" \/>\n<meta property=\"og:description\" content=\"F\u00fcgen Sie m\u00fchelos ein barrierefreies Back-to-Top-Tool auf Ihrer BigCommerce-Website hinzu. Wenden Sie unsere Live-Demo an, um in 1-2-3 Minuten Ihre einzigartige App zu erstellen.\" \/>\n<meta property=\"og:url\" content=\"https:\/\/elfsight.com\/de\/back-to-top-widget\/bigcommerce\/\" \/>\n<meta property=\"og:site_name\" content=\"Elfsight DE\" \/>\n<meta property=\"article:modified_time\" content=\"2025-02-20T13:07:24+00:00\" \/>\n<meta name=\"twitter:card\" content=\"summary_large_image\" \/>\n<meta name=\"twitter:label1\" content=\"Gesch\u00e4tzte Lesezeit\" \/>\n\t<meta name=\"twitter:data1\" content=\"3\u00a0Minuten\" \/>\n<!-- \/ Yoast SEO plugin. -->","yoast_head_json":{"title":"Zur\u00fcck nach oben \u2013 F\u00fcgen Sie das Scroll-to-Top-Plugin zu BigCommerce hinzu (kostenlos und schnell)","description":"F\u00fcgen Sie m\u00fchelos ein barrierefreies Back-to-Top-Tool auf Ihrer BigCommerce-Website hinzu. Wenden Sie unsere Live-Demo an, um in 1-2-3 Minuten Ihre einzigartige App zu erstellen.","robots":{"index":"index","follow":"follow","max-snippet":"max-snippet:-1","max-image-preview":"max-image-preview:large","max-video-preview":"max-video-preview:-1"},"canonical":"https:\/\/elfsight.com\/de\/back-to-top-widget\/bigcommerce\/","og_locale":"de_DE","og_type":"article","og_title":"Zur\u00fcck nach oben \u2013 F\u00fcgen Sie das Scroll-to-Top-Plugin zu BigCommerce hinzu (kostenlos und schnell)","og_description":"F\u00fcgen Sie m\u00fchelos ein barrierefreies Back-to-Top-Tool auf Ihrer BigCommerce-Website hinzu. Wenden Sie unsere Live-Demo an, um in 1-2-3 Minuten Ihre einzigartige App zu erstellen.","og_url":"https:\/\/elfsight.com\/de\/back-to-top-widget\/bigcommerce\/","og_site_name":"Elfsight DE","article_modified_time":"2025-02-20T13:07:24+00:00","twitter_card":"summary_large_image","twitter_misc":{"Gesch\u00e4tzte Lesezeit":"3\u00a0Minuten"},"schema":{"@context":"https:\/\/schema.org","@graph":[{"@type":"WebPage","@id":"https:\/\/elfsight.com\/de\/back-to-top-widget\/bigcommerce\/","url":"https:\/\/elfsight.com\/de\/back-to-top-widget\/bigcommerce\/","name":"Zur\u00fcck nach oben \u2013 F\u00fcgen Sie das Scroll-to-Top-Plugin zu BigCommerce hinzu (kostenlos und schnell)","isPartOf":{"@id":"https:\/\/elfsight.com\/de\/#website"},"datePublished":"2024-05-03T06:29:11+00:00","dateModified":"2025-02-20T13:07:24+00:00","description":"F\u00fcgen Sie m\u00fchelos ein barrierefreies Back-to-Top-Tool auf Ihrer BigCommerce-Website hinzu. Wenden Sie unsere Live-Demo an, um in 1-2-3 Minuten Ihre einzigartige App zu erstellen.","breadcrumb":{"@id":"https:\/\/elfsight.com\/de\/back-to-top-widget\/bigcommerce\/#breadcrumb"},"inLanguage":"de","potentialAction":[{"@type":"ReadAction","target":["https:\/\/elfsight.com\/de\/back-to-top-widget\/bigcommerce\/"]}]},{"@type":"BreadcrumbList","@id":"https:\/\/elfsight.com\/de\/back-to-top-widget\/bigcommerce\/#breadcrumb","itemListElement":[{"@type":"ListItem","position":1,"name":"Home","item":"https:\/\/elfsight.com\/de\/"},{"@type":"ListItem","position":2,"name":"Back to Top","item":"https:\/\/elfsight.com\/de\/back-to-top-widget\/"},{"@type":"ListItem","position":3,"name":"Back to Top &#8211; BigCommerce"}]},{"@type":"WebSite","@id":"https:\/\/elfsight.com\/de\/#website","url":"https:\/\/elfsight.com\/de\/","name":"Elfsight DE","description":"Just another Elfsight Sites site","potentialAction":[{"@type":"SearchAction","target":{"@type":"EntryPoint","urlTemplate":"https:\/\/elfsight.com\/de\/?s={search_term_string}"},"query-input":{"@type":"PropertyValueSpecification","valueRequired":true,"valueName":"search_term_string"}}],"inLanguage":"de"}]}},"meta_box":{"industry":"","seo_heading":"","heading":"","description":"","cta_heading":"","cta_description":"","application":"511","h1":"BigCommerce Back to Top-App","h1_caption":"F\u00fcgen Sie eine einfache \u201eZur\u00fcck-nach-oben\u201c-Schaltfl\u00e4che hinzu, um die Benutzererfahrung zu verbessern, indem Sie eine einfache und m\u00fchelose Navigation zur\u00fcck zum Seitenanfang Ihrer BigCommerce-Website erm\u00f6glichen.","application_category":[],"applications_title":"","applications_request_title":"","applications_request_button_text":"","hero_text":"","hero_video":"","hero_video_schema_markup":"","selling_points_title":"","selling_points_caption":"","selling_points":[],"selling_points_cta_text":"","features_title":"","features":"","ed_cta_examples_text":"","ed_cta_examples_hidden":"","ed_cta_demo_text":"","ed_cta_demo_hidden":"","why_caption":"","why_editor_title":"","why_editor_text":"","why_team_title":"","why_team_text":"","why_service_title":"","why_service_text":"","template_catalog_visible":"0","template_catalog_title":"","template_catalog_text":"","template_catalog_categories_visible":"","demo_title":"Erstellen Sie Ihre Back to Top-App","demo_caption":"Konfigurieren Sie Ihr Back to Top und f\u00fcgen Sie es kostenlos zu Ihrer BigCommerce-Website hinzu!","default_faq_hidden":"","app_template_category":[],"platform":"268","template_public_id":"","codecanyon_url":"","codecanyon_item_id":"","codecanyon_price":"","pricing_caption":"","pricing_elfsight_apps_hide_column":"","pricing_elfsight_apps_url":"","pricing_codecanyon_price_caption":"","integration_category":[],"integration_request_title":"","integration_request_cta":"","integration_platform":"","integrations":[],"platform_category":[],"video_schema_markup":"","price":"ab 0 $ \/ Monat","trial":"","benefits":[{"text":"Kostenlose Installationshilfe"},{"text":"Kompetenter Kundenservice"},{"text":"14-t\u00e4gige R\u00fcckerstattungsgarantie"},{"text":"Kontinuierliche Verbesserungen"}],"button_url":"#demo","button_target_blank":"0","button_nofollow":"0","attributes":[{"name":"Installiert","content":"10,000 - 100,000"},{"name":"Reaktionsfreudig","content":"Ja"},{"name":"Kompatible Browser","content":"Firefox, Safari, Opera, Chrome, Edge"}],"tags":[],"tags_disable_links":"0","hide_more_platforms":"0","video_object":"","demo_hide_cta":"0","demo_hide_cloud_options":"0","pricing_title":"","pricing":[{"pricing_icon":"platform","pricing_title":"Elfsight Apps","pricing_title_caption":"Plattform\u00fcbergreifende Version, die auf jeder Website funktioniert","pricing_price":"ab 0 $ \/ Monat","pricing_price_caption":"Beginnen Sie mit einem kostenlosen Plan","pricing_benefits":[{"text":"Unbegrenzte Domains"},{"text":"Professionelle Unterst\u00fctzung"},{"text":"Kostenlose Installationshilfe"},{"text":"Vollst\u00e4ndig anpassbar"}],"pricing_button_text":"Zur Website hinzuf\u00fcgen","pricing_button_url":"#demo"}],"related_apps_title":"","related_apps_hidden":"0","author":"","image":[],"title":"","job":"","social_networks":[]},"_links":{"self":[{"href":"https:\/\/elfsight.com\/de\/wp-json\/wp\/v2\/pages\/8001","targetHints":{"allow":["GET"]}}],"collection":[{"href":"https:\/\/elfsight.com\/de\/wp-json\/wp\/v2\/pages"}],"about":[{"href":"https:\/\/elfsight.com\/de\/wp-json\/wp\/v2\/types\/page"}],"author":[{"embeddable":true,"href":"https:\/\/elfsight.com\/de\/wp-json\/wp\/v2\/users\/9"}],"replies":[{"embeddable":true,"href":"https:\/\/elfsight.com\/de\/wp-json\/wp\/v2\/comments?post=8001"}],"version-history":[{"count":2,"href":"https:\/\/elfsight.com\/de\/wp-json\/wp\/v2\/pages\/8001\/revisions"}],"predecessor-version":[{"id":24565,"href":"https:\/\/elfsight.com\/de\/wp-json\/wp\/v2\/pages\/8001\/revisions\/24565"}],"up":[{"embeddable":true,"href":"https:\/\/elfsight.com\/de\/wp-json\/wp\/v2\/pages\/2467"}],"wp:attachment":[{"href":"https:\/\/elfsight.com\/de\/wp-json\/wp\/v2\/media?parent=8001"}],"curies":[{"name":"wp","href":"https:\/\/api.w.org\/{rel}","templated":true}]}}