{"id":7996,"date":"2024-05-03T06:29:10","date_gmt":"2024-05-03T06:29:10","guid":{"rendered":"https:\/\/elfsight.com\/de\/?page_id=7996"},"modified":"2025-02-20T13:13:25","modified_gmt":"2025-02-20T13:13:25","slug":"blogger","status":"publish","type":"page","link":"https:\/\/elfsight.com\/de\/back-to-top-widget\/blogger\/","title":{"rendered":"Back to Top &#8211; Blogger"},"content":{"rendered":"\n<div class=\"application-platform-content-item-description application-platform-content-item\" id=\"description\" data-nav-section=\"description\"> <h2>Beschreibung<\/h2> <p>Elfsight Back to Top ist ein einfaches Tool f\u00fcr Blogger, mit dem Benutzer sofort und reibungslos an die Spitze zur\u00fcckkehren k\u00f6nnen Ihrer Website nach dem Scrollen durch l\u00e4ngere Seiten. Das Publikum Ihrer Website muss nicht mehr nach der Home-Taste suchen und die Bildlaufleiste \u00fcber die gesamte Seite bewegen. Das Back-to-Top-Tool kann ganz einfach an Ihre Bed\u00fcrfnisse angepasst werden \u2013 machen Sie es quadratisch oder abgerundet, \u00e4ndern Sie seine Farbe und Gr\u00f6\u00dfe und platzieren Sie es an einer beliebigen Stelle auf der Seite, um die Benutzerfreundlichkeit zu verbessern. Die Schaltfl\u00e4che kann auf jedem Ger\u00e4tetyp angezeigt werden \u2013 vom Smartphone bis zum Desktop. <\/p> <p><b>Verwenden Sie ein weiteres praktisches Back-to-Top-Plugin, um nahtloses UX bereitzustellen<\/b><\/p> <\/div> <div class=\"application-platform-content-item-features application-platform-content-item\" id=\"features\" data-nav-section=\"features\"> <h2>Dies sind nur einige davon die zahlreichen Widget-Funktionen: <\/h2> <ul><li>Schaltfl\u00e4che neu zeichnen<\/li><li>Implementieren Sie das Widget auf: jeder Seite, bestimmten oder ausgeschlossenen<\/li><li>Geben Sie die Scrollgeschwindigkeit an<\/li><li>8 Tastenpositionen zur Auswahl<\/li><li>Zwei Tastengruppen \u2013 schwebend oder eingebettet<\/li><\/ul><p><a href=\"#demo\">Sie k\u00f6nnen f\u00fchlen, was Das Widget lohnt sich mit Hilfe der Demo<\/a><\/p> <\/div> <div class=\"application-platform-content-item-installation application-platform-content-item\" id=\"installation\" data-nav-section=\"installation\"> <h2>Wie bette ich \u201eBack to Top\u201c in meine Blogger-Website ein? <\/h2> <p>F\u00fchren Sie einfach die unten beschriebenen Schritte aus, um das Tool zu aktivieren. <\/p> <ol><li><b>Mit unserer kostenlosen Demo beginnen Sie mit der Erstellung Ihres personalisierten Widgets. <\/b><br> Bestimmen Sie das ausgew\u00e4hlte Aussehen und die ausgew\u00e4hlten Aspekte des Widgets und \u00fcbernehmen Sie die \u00c4nderungen. <\/li> <li><b>Lassen Sie Ihren einzigartigen Code im Fenster von Elfsight Apps erscheinen. <\/b><br> Kopieren Sie unmittelbar nach Abschluss der Anpassung Ihres pers\u00f6nlichen Plugins den exklusiven Code im angezeigten Fenster und bewahren Sie ihn zur sp\u00e4teren Verwendung auf. <\/li> <li><b>Beginnen Sie mit der Anwendung des Plugins auf der Blogger-Homepage. <\/b><br> Implementieren Sie den Code, den Sie k\u00fcrzlich kopiert haben, in Ihre Website und \u00fcbernehmen Sie die \u00c4nderungen. <\/li> <li><b>Du bist fertig! Das Setup wurde erfolgreich durchgef\u00fchrt. <\/b><br> Besuchen Sie Ihre Website, um die Funktion des Tools zu \u00fcberpr\u00fcfen. <\/li><\/ol> <p>Wenn Sie Schwierigkeiten haben, schreiben Sie gerne an unser Support-Team. Unsere Berater helfen Ihnen gerne bei allen Schwierigkeiten, die Sie mit dem Produkt haben k\u00f6nnten. <\/p> <div class=\"faq\" data-component=\"FAQ\"><div class=\"faq-item\">\r\n\t\t\t\t\t<div class=\"faq-item-question\">\r\n\t\t\t\t\t\t<h3 class=\"faq-item-question-text\">Wie f\u00fcge ich \u201eZur\u00fcck zum Anfang\u201c zu meiner Blogger-Website ohne Programmierkenntnisse hinzu?<\/h3>\r\n\r\n\t\t\t\t\t\t<div class=\"faq-item-question-icon\"><\/div>\r\n\t\t\t\t\t<\/div>\r\n\r\n\t\t\t\t\t<div class=\"faq-item-answer\">\r\n\t\t\t\t\t\t<div class=\"faq-item-answer-text\"> <p>Elfsight bietet eine SaaS-L\u00f6sung, mit der Sie selbst ein \u201eZur\u00fcck zum Anfang\u201c-Widget erstellen k\u00f6nnen. Sehen Sie, wie einfach es ist Der Prozess ist: Arbeiten Sie direkt im Online-Editor, um ein \u201eZur\u00fcck zum Anfang\u201c-Widget zu erstellen, das Sie auf Ihrer Blogger-Website sehen m\u00f6chten. W\u00e4hlen Sie eine der vorgefertigten Vorlagen aus und passen Sie die Einstellungen \u201eZur\u00fcck zum Anfang\u201c an, f\u00fcgen Sie Ihre Inhalte hinzu, \u00e4ndern Sie das Layout und die Farben ohne Programmierkenntnisse. Speichern Sie \u201eZur\u00fcck zum Anfang\u201c und kopieren Sie den Installationscode, den Sie einfach in Ihre Blogger-Website einf\u00fcgen k\u00f6nnen, ohne ein kostenpflichtiges Abonnement kaufen zu m\u00fcssen. Mit unserem intuitiven Editor kann jeder Internetnutzer online ein Back-to-Top-Widget erstellen und es ganz einfach in seine Blogger-Website einbetten. Um auf den Service zuzugreifen, m\u00fcssen Sie weder bezahlen noch Ihre Kartendaten eingeben. Sollten bei irgendeinem Schritt Probleme auftreten, wenden Sie sich bitte an unser technisches Support-Team.<\/p> <\/div>\r\n\t\t\t\t\t<\/div>\r\n\t\t\t\t<\/div> <\/div><\/div>\n","protected":false},"excerpt":{"rendered":"","protected":false},"author":9,"featured_media":0,"parent":2467,"menu_order":0,"comment_status":"closed","ping_status":"closed","template":"templates\/template-application-platform.php","meta":{"publish_to_discourse":"","publish_post_category":"","wpdc_auto_publish_overridden":"","wpdc_topic_tags":"","wpdc_pin_topic":"","wpdc_pin_until":"","discourse_post_id":"","discourse_permalink":"","wpdc_publishing_response":"","wpdc_publishing_error":"","footnotes":""},"class_list":["post-7996","page","type-page","status-publish","hentry"],"yoast_head":"<!-- This site is optimized with the Yoast SEO plugin v25.3.1 - https:\/\/yoast.com\/wordpress\/plugins\/seo\/ -->\n<title>Zur\u00fcck nach oben \u2013 F\u00fcgen Sie das Scroll-to-Top-Plugin zu Blogger hinzu (kostenlos und schnell)<\/title>\n<meta name=\"description\" content=\"Implementieren Sie ohne gro\u00dfen Aufwand ein barrierefreies \u201eBack to Top\u201c-Widget auf Ihrer Blogger-Website. Nutzen Sie unsere n\u00fctzliche Demo, um Ihr einzigartiges Werkzeug zu konstruieren.\" \/>\n<meta name=\"robots\" content=\"index, follow, max-snippet:-1, max-image-preview:large, max-video-preview:-1\" \/>\n<link rel=\"canonical\" href=\"https:\/\/elfsight.com\/de\/back-to-top-widget\/blogger\/\" \/>\n<meta property=\"og:locale\" content=\"de_DE\" \/>\n<meta property=\"og:type\" content=\"article\" \/>\n<meta property=\"og:title\" content=\"Zur\u00fcck nach oben \u2013 F\u00fcgen Sie das Scroll-to-Top-Plugin zu Blogger hinzu (kostenlos und schnell)\" \/>\n<meta property=\"og:description\" content=\"Implementieren Sie ohne gro\u00dfen Aufwand ein barrierefreies \u201eBack to Top\u201c-Widget auf Ihrer Blogger-Website. Nutzen Sie unsere n\u00fctzliche Demo, um Ihr einzigartiges Werkzeug zu konstruieren.\" \/>\n<meta property=\"og:url\" content=\"https:\/\/elfsight.com\/de\/back-to-top-widget\/blogger\/\" \/>\n<meta property=\"og:site_name\" content=\"Elfsight DE\" \/>\n<meta property=\"article:modified_time\" content=\"2025-02-20T13:13:25+00:00\" \/>\n<meta name=\"twitter:card\" content=\"summary_large_image\" \/>\n<meta name=\"twitter:label1\" content=\"Gesch\u00e4tzte Lesezeit\" \/>\n\t<meta name=\"twitter:data1\" content=\"3\u00a0Minuten\" \/>\n<!-- \/ Yoast SEO plugin. -->","yoast_head_json":{"title":"Zur\u00fcck nach oben \u2013 F\u00fcgen Sie das Scroll-to-Top-Plugin zu Blogger hinzu (kostenlos und schnell)","description":"Implementieren Sie ohne gro\u00dfen Aufwand ein barrierefreies \u201eBack to Top\u201c-Widget auf Ihrer Blogger-Website. Nutzen Sie unsere n\u00fctzliche Demo, um Ihr einzigartiges Werkzeug zu konstruieren.","robots":{"index":"index","follow":"follow","max-snippet":"max-snippet:-1","max-image-preview":"max-image-preview:large","max-video-preview":"max-video-preview:-1"},"canonical":"https:\/\/elfsight.com\/de\/back-to-top-widget\/blogger\/","og_locale":"de_DE","og_type":"article","og_title":"Zur\u00fcck nach oben \u2013 F\u00fcgen Sie das Scroll-to-Top-Plugin zu Blogger hinzu (kostenlos und schnell)","og_description":"Implementieren Sie ohne gro\u00dfen Aufwand ein barrierefreies \u201eBack to Top\u201c-Widget auf Ihrer Blogger-Website. Nutzen Sie unsere n\u00fctzliche Demo, um Ihr einzigartiges Werkzeug zu konstruieren.","og_url":"https:\/\/elfsight.com\/de\/back-to-top-widget\/blogger\/","og_site_name":"Elfsight DE","article_modified_time":"2025-02-20T13:13:25+00:00","twitter_card":"summary_large_image","twitter_misc":{"Gesch\u00e4tzte Lesezeit":"3\u00a0Minuten"},"schema":{"@context":"https:\/\/schema.org","@graph":[{"@type":"WebPage","@id":"https:\/\/elfsight.com\/de\/back-to-top-widget\/blogger\/","url":"https:\/\/elfsight.com\/de\/back-to-top-widget\/blogger\/","name":"Zur\u00fcck nach oben \u2013 F\u00fcgen Sie das Scroll-to-Top-Plugin zu Blogger hinzu (kostenlos und schnell)","isPartOf":{"@id":"https:\/\/elfsight.com\/de\/#website"},"datePublished":"2024-05-03T06:29:10+00:00","dateModified":"2025-02-20T13:13:25+00:00","description":"Implementieren Sie ohne gro\u00dfen Aufwand ein barrierefreies \u201eBack to Top\u201c-Widget auf Ihrer Blogger-Website. Nutzen Sie unsere n\u00fctzliche Demo, um Ihr einzigartiges Werkzeug zu konstruieren.","breadcrumb":{"@id":"https:\/\/elfsight.com\/de\/back-to-top-widget\/blogger\/#breadcrumb"},"inLanguage":"de","potentialAction":[{"@type":"ReadAction","target":["https:\/\/elfsight.com\/de\/back-to-top-widget\/blogger\/"]}]},{"@type":"BreadcrumbList","@id":"https:\/\/elfsight.com\/de\/back-to-top-widget\/blogger\/#breadcrumb","itemListElement":[{"@type":"ListItem","position":1,"name":"Home","item":"https:\/\/elfsight.com\/de\/"},{"@type":"ListItem","position":2,"name":"Back to Top","item":"https:\/\/elfsight.com\/de\/back-to-top-widget\/"},{"@type":"ListItem","position":3,"name":"Back to Top &#8211; Blogger"}]},{"@type":"WebSite","@id":"https:\/\/elfsight.com\/de\/#website","url":"https:\/\/elfsight.com\/de\/","name":"Elfsight DE","description":"Just another Elfsight Sites site","potentialAction":[{"@type":"SearchAction","target":{"@type":"EntryPoint","urlTemplate":"https:\/\/elfsight.com\/de\/?s={search_term_string}"},"query-input":{"@type":"PropertyValueSpecification","valueRequired":true,"valueName":"search_term_string"}}],"inLanguage":"de"}]}},"meta_box":{"industry":"","seo_heading":"","heading":"","description":"","cta_heading":"","cta_description":"","application":"511","h1":"Blogger-Widget \u201eZur\u00fcck zum Anfang\u201c","h1_caption":"F\u00fcgen Sie eine einfache Schaltfl\u00e4che \u201eZur\u00fcck nach oben\u201c hinzu, um die Benutzererfahrung zu verbessern, indem Sie eine einfache und m\u00fchelose Navigation zur\u00fcck zum Seitenanfang Ihrer Blogger-Website erm\u00f6glichen.","application_category":[],"applications_title":"","applications_request_title":"","applications_request_button_text":"","hero_text":"","hero_video":"","hero_video_schema_markup":"","selling_points_title":"","selling_points_caption":"","selling_points":[],"selling_points_cta_text":"","features_title":"","features":"","ed_cta_examples_text":"","ed_cta_examples_hidden":"","ed_cta_demo_text":"","ed_cta_demo_hidden":"","why_caption":"","why_editor_title":"","why_editor_text":"","why_team_title":"","why_team_text":"","why_service_title":"","why_service_text":"","template_catalog_visible":"0","template_catalog_title":"","template_catalog_text":"","template_catalog_categories_visible":"","demo_title":"Erstellen Sie Ihr Back-to-Top-Widget","demo_caption":"Konfigurieren Sie Ihr Back to Top und f\u00fcgen Sie es kostenlos zu Ihrer Blogger-Website hinzu!","default_faq_hidden":"","app_template_category":[],"platform":"262","template_public_id":"","codecanyon_url":"","codecanyon_item_id":"","codecanyon_price":"","pricing_caption":"","pricing_elfsight_apps_hide_column":"","pricing_elfsight_apps_url":"","pricing_codecanyon_price_caption":"","integration_category":[],"integration_request_title":"","integration_request_cta":"","integration_platform":"","integrations":[],"platform_category":[],"video_schema_markup":"","price":"ab 0 $ \/ Monat","trial":"","benefits":[{"text":"Kostenlose Installationshilfe"},{"text":"Kompetenter Kundenservice"},{"text":"14-t\u00e4gige R\u00fcckerstattungsgarantie"},{"text":"St\u00e4ndige Aktualisierung"}],"button_url":"#demo","button_target_blank":"0","button_nofollow":"0","attributes":[{"name":"Installiert","content":"10,000 - 100,000"},{"name":"Reaktionsfreudig","content":"Ja"},{"name":"Kompatible Browser","content":"Firefox, Safari, Opera, Chrome, Edge"}],"tags":[],"tags_disable_links":"0","hide_more_platforms":"0","video_object":"","demo_hide_cta":"0","demo_hide_cloud_options":"0","pricing_title":"","pricing":[{"pricing_icon":"platform","pricing_title":"Elfsight Apps","pricing_title_caption":"Plattform\u00fcbergreifende Software, die f\u00fcr jede Website geeignet ist","pricing_price":"ab 0 $ \/ Monat","pricing_price_caption":"Beginnen Sie mit einem kostenlosen Plan","pricing_benefits":[{"text":"Unbegrenzte Domains"},{"text":"Erstklassiger und p\u00fcnktlicher Support"},{"text":"Kostenlose Installationsunterst\u00fctzung"},{"text":"Vollst\u00e4ndig anpassbar"}],"pricing_button_text":"Zur Website hinzuf\u00fcgen","pricing_button_url":"#demo"}],"related_apps_title":"","related_apps_hidden":"0","author":"","image":[],"title":"","job":"","social_networks":[]},"_links":{"self":[{"href":"https:\/\/elfsight.com\/de\/wp-json\/wp\/v2\/pages\/7996","targetHints":{"allow":["GET"]}}],"collection":[{"href":"https:\/\/elfsight.com\/de\/wp-json\/wp\/v2\/pages"}],"about":[{"href":"https:\/\/elfsight.com\/de\/wp-json\/wp\/v2\/types\/page"}],"author":[{"embeddable":true,"href":"https:\/\/elfsight.com\/de\/wp-json\/wp\/v2\/users\/9"}],"replies":[{"embeddable":true,"href":"https:\/\/elfsight.com\/de\/wp-json\/wp\/v2\/comments?post=7996"}],"version-history":[{"count":2,"href":"https:\/\/elfsight.com\/de\/wp-json\/wp\/v2\/pages\/7996\/revisions"}],"predecessor-version":[{"id":24568,"href":"https:\/\/elfsight.com\/de\/wp-json\/wp\/v2\/pages\/7996\/revisions\/24568"}],"up":[{"embeddable":true,"href":"https:\/\/elfsight.com\/de\/wp-json\/wp\/v2\/pages\/2467"}],"wp:attachment":[{"href":"https:\/\/elfsight.com\/de\/wp-json\/wp\/v2\/media?parent=7996"}],"curies":[{"name":"wp","href":"https:\/\/api.w.org\/{rel}","templated":true}]}}