{"id":7995,"date":"2024-05-03T06:29:09","date_gmt":"2024-05-03T06:29:09","guid":{"rendered":"https:\/\/elfsight.com\/de\/?page_id=7995"},"modified":"2025-02-20T13:14:21","modified_gmt":"2025-02-20T13:14:21","slug":"drupal","status":"publish","type":"page","link":"https:\/\/elfsight.com\/de\/back-to-top-widget\/drupal\/","title":{"rendered":"Back to Top &#8211; Drupal"},"content":{"rendered":"\n<div class=\"application-platform-content-item-description application-platform-content-item\" id=\"description\" data-nav-section=\"description\"> <h2>Description<\/h2> <p> Back to Top ist ein unkompliziertes Tool f\u00fcr Drupal, mit dem Website-Besucher schnell und reibungslos zum Anfang zur\u00fcckkehren k\u00f6nnen Ihre Website nach dem Scrollen einer langen Seite. Die Besucher Ihrer Website m\u00fcssen nicht mehr nach der Home-Schaltfl\u00e4che suchen und die Bildlaufleiste \u00fcber die gesamte Seite verschieben. Das Back-to-Top-Tool kann so angepasst werden, wie es am besten zu Ihnen passt \u2013 machen Sie es quadratisch oder rund, \u00e4ndern Sie seine Farbe und Gr\u00f6\u00dfe und platzieren Sie es an einer beliebigen Stelle auf der Seite, um die Benutzerfreundlichkeit zu verbessern. Der Button kann auf jedem Ger\u00e4t angezeigt werden \u2013 vom Smartphone bis zum Desktop. <\/p> <p><b>Nutzen Sie ein weiteres zug\u00e4ngliches Back-to-Top-Modul, um herausragende UX bereitzustellen<\/b><\/p> <\/div> <div class=\"application-platform-content-item-features application-platform-content-item\" id=\"features\" data-nav-section=\"features\"> <h2>Das wesentliche Widget Zu den Funktionen geh\u00f6ren<\/h2> <ul><li>Schaltfl\u00e4che neu lackieren<\/li><li>Platzieren Sie das Widget auf: jeder Seite, auf bestimmten oder ausgeschlossenen Seiten<\/li><li>Legen Sie die Bildlaufgeschwindigkeit fest<\/li><li>8 Schaltfl\u00e4chenpositionen verf\u00fcgbar<\/li><li>2 Schaltfl\u00e4chentypen \u2013 schwebend oder eingebettet<\/li><\/ul><p><a href=\"#demo\">Sie k\u00f6nnen mithilfe der Demo \u00fcberpr\u00fcfen, welche Funktionen das Widget bietet <\/a><\/p> <\/div> <div class=\"application-platform-content-item-installation application-platform-content-item\" id=\"installation\" data-nav-section=\"installation\"> <h2>Wie bette ich \u201eBack to Top\u201c auf meiner Drupal-Site ein? <\/h2> <p>Befolgen Sie einfach die nachstehenden Anweisungen, um das Modul zu aktivieren. <\/p> <ol><li><b>\u00d6ffnen Sie unseren kostenlosen Editor und beginnen Sie mit der Erstellung Ihres personalisierten Moduls. <\/b><br> W\u00e4hlen Sie die gew\u00fcnschte Anordnung und Funktionsmerkmale des Moduls und speichern Sie alle Korrekturen. <\/li> <li><b>Holen Sie sich den individuellen Code, der im Fenster von Elfsight Apps angezeigt wird. <\/b><br> Nachdem die Generierung Ihres pers\u00f6nlichen Moduls abgeschlossen ist, kopieren Sie den exklusiven Code aus dem angezeigten Fenster und speichern Sie ihn zur weiteren Verwendung. <\/li> <li><b>Initiieren Sie die Nutzung des Moduls auf Ihrer Drupal-Webseite. <\/b><br> F\u00fcgen Sie den zuvor kopierten Code in Ihre Website ein und \u00fcbernehmen Sie die Anpassungen. <\/li> <li><b>Das Setup wurde erfolgreich durchgef\u00fchrt. <\/b><br> \u00d6ffnen Sie Ihre Website, um zu sehen, wie das Modul funktioniert. <\/li><\/ol><p>Sollten Sie auf Hindernisse sto\u00dfen, wenden Sie sich bitte an unseren Kundendienst. Unsere Spezialisten helfen Ihnen gerne bei allen Fragen rund um das Modul. <\/p> <div class=\"faq\" data-component=\"FAQ\"><div class=\"faq-item\">\r\n\t\t\t\t\t<div class=\"faq-item-question\">\r\n\t\t\t\t\t\t<h3 class=\"faq-item-question-text\">Wie f\u00fcge ich \u201eBack to top\u201c zu meiner Drupal-Website hinzu, ohne Programmierkenntnisse zu haben?<\/h3>\r\n\r\n\t\t\t\t\t\t<div class=\"faq-item-question-icon\"><\/div>\r\n\t\t\t\t\t<\/div>\r\n\r\n\t\t\t\t\t<div class=\"faq-item-answer\">\r\n\t\t\t\t\t\t<div class=\"faq-item-answer-text\"> <p>Elfsight bietet eine SaaS-L\u00f6sung, mit der Sie selbst ein \u201eBack to top\u201c-Widget erstellen k\u00f6nnen. Sehen Sie, wie einfach es ist Der Prozess ist: Arbeiten Sie direkt im Online-Editor, um ein \u201eZur\u00fcck zum Anfang\u201c-Widget zu erstellen, das Sie gerne auf Ihrer Drupal-Website sehen w\u00fcrden. W\u00e4hlen Sie eine der vorgefertigten Vorlagen aus und passen Sie die Einstellungen \u201eZur\u00fcck zum Anfang\u201c an, f\u00fcgen Sie Ihre Inhalte hinzu, \u00e4ndern Sie das Layout und die Farben ohne Programmierkenntnisse. Speichern Sie \u201eZur\u00fcck zum Anfang\u201c und kopieren Sie den Installationscode, den Sie in Ihre Drupal-Website einbetten k\u00f6nnen, ohne eine kostenpflichtige Version kaufen zu m\u00fcssen. Mit unserem intuitiven Editor kann jeder Internetnutzer online ein Back-to-Top-Widget erstellen und es einfach in seine Drupal-Website einbetten. Um auf den Service zuzugreifen, m\u00fcssen Sie weder bezahlen noch Ihre Kartendaten eingeben. Sollten bei irgendeinem Schritt Probleme auftreten, wenden Sie sich bitte an unser technisches Support-Team.<\/p> <\/div>\r\n\t\t\t\t\t<\/div>\r\n\t\t\t\t<\/div> <\/div><\/div>\n","protected":false},"excerpt":{"rendered":"","protected":false},"author":9,"featured_media":0,"parent":2467,"menu_order":0,"comment_status":"closed","ping_status":"closed","template":"templates\/template-application-platform.php","meta":{"publish_to_discourse":"","publish_post_category":"","wpdc_auto_publish_overridden":"","wpdc_topic_tags":"","wpdc_pin_topic":"","wpdc_pin_until":"","discourse_post_id":"","discourse_permalink":"","wpdc_publishing_response":"","wpdc_publishing_error":"","footnotes":""},"class_list":["post-7995","page","type-page","status-publish","hentry"],"yoast_head":"<!-- This site is optimized with the Yoast SEO plugin v25.3.1 - https:\/\/yoast.com\/wordpress\/plugins\/seo\/ -->\n<title>Zur\u00fcck nach oben \u2013 Scroll-to-Top-Plugin zu Drupal hinzuf\u00fcgen (kostenlos und schnell)<\/title>\n<meta name=\"description\" content=\"F\u00fcgen Sie m\u00fchelos ein barrierefreies \u201eBack to Top\u201c-Modul auf Ihrer Drupal-Webseite hinzu. Nutzen Sie unsere praktische Demo, um Ihr einzigartiges Feature in 1-2-3 zu erstellen.\" \/>\n<meta name=\"robots\" content=\"index, follow, max-snippet:-1, max-image-preview:large, max-video-preview:-1\" \/>\n<link rel=\"canonical\" href=\"https:\/\/elfsight.com\/de\/back-to-top-widget\/drupal\/\" \/>\n<meta property=\"og:locale\" content=\"de_DE\" \/>\n<meta property=\"og:type\" content=\"article\" \/>\n<meta property=\"og:title\" content=\"Zur\u00fcck nach oben \u2013 Scroll-to-Top-Plugin zu Drupal hinzuf\u00fcgen (kostenlos und schnell)\" \/>\n<meta property=\"og:description\" content=\"F\u00fcgen Sie m\u00fchelos ein barrierefreies \u201eBack to Top\u201c-Modul auf Ihrer Drupal-Webseite hinzu. Nutzen Sie unsere praktische Demo, um Ihr einzigartiges Feature in 1-2-3 zu erstellen.\" \/>\n<meta property=\"og:url\" content=\"https:\/\/elfsight.com\/de\/back-to-top-widget\/drupal\/\" \/>\n<meta property=\"og:site_name\" content=\"Elfsight DE\" \/>\n<meta property=\"article:modified_time\" content=\"2025-02-20T13:14:21+00:00\" \/>\n<meta name=\"twitter:card\" content=\"summary_large_image\" \/>\n<meta name=\"twitter:label1\" content=\"Gesch\u00e4tzte Lesezeit\" \/>\n\t<meta name=\"twitter:data1\" content=\"3\u00a0Minuten\" \/>\n<!-- \/ Yoast SEO plugin. -->","yoast_head_json":{"title":"Zur\u00fcck nach oben \u2013 Scroll-to-Top-Plugin zu Drupal hinzuf\u00fcgen (kostenlos und schnell)","description":"F\u00fcgen Sie m\u00fchelos ein barrierefreies \u201eBack to Top\u201c-Modul auf Ihrer Drupal-Webseite hinzu. Nutzen Sie unsere praktische Demo, um Ihr einzigartiges Feature in 1-2-3 zu erstellen.","robots":{"index":"index","follow":"follow","max-snippet":"max-snippet:-1","max-image-preview":"max-image-preview:large","max-video-preview":"max-video-preview:-1"},"canonical":"https:\/\/elfsight.com\/de\/back-to-top-widget\/drupal\/","og_locale":"de_DE","og_type":"article","og_title":"Zur\u00fcck nach oben \u2013 Scroll-to-Top-Plugin zu Drupal hinzuf\u00fcgen (kostenlos und schnell)","og_description":"F\u00fcgen Sie m\u00fchelos ein barrierefreies \u201eBack to Top\u201c-Modul auf Ihrer Drupal-Webseite hinzu. Nutzen Sie unsere praktische Demo, um Ihr einzigartiges Feature in 1-2-3 zu erstellen.","og_url":"https:\/\/elfsight.com\/de\/back-to-top-widget\/drupal\/","og_site_name":"Elfsight DE","article_modified_time":"2025-02-20T13:14:21+00:00","twitter_card":"summary_large_image","twitter_misc":{"Gesch\u00e4tzte Lesezeit":"3\u00a0Minuten"},"schema":{"@context":"https:\/\/schema.org","@graph":[{"@type":"WebPage","@id":"https:\/\/elfsight.com\/de\/back-to-top-widget\/drupal\/","url":"https:\/\/elfsight.com\/de\/back-to-top-widget\/drupal\/","name":"Zur\u00fcck nach oben \u2013 Scroll-to-Top-Plugin zu Drupal hinzuf\u00fcgen (kostenlos und schnell)","isPartOf":{"@id":"https:\/\/elfsight.com\/de\/#website"},"datePublished":"2024-05-03T06:29:09+00:00","dateModified":"2025-02-20T13:14:21+00:00","description":"F\u00fcgen Sie m\u00fchelos ein barrierefreies \u201eBack to Top\u201c-Modul auf Ihrer Drupal-Webseite hinzu. Nutzen Sie unsere praktische Demo, um Ihr einzigartiges Feature in 1-2-3 zu erstellen.","breadcrumb":{"@id":"https:\/\/elfsight.com\/de\/back-to-top-widget\/drupal\/#breadcrumb"},"inLanguage":"de","potentialAction":[{"@type":"ReadAction","target":["https:\/\/elfsight.com\/de\/back-to-top-widget\/drupal\/"]}]},{"@type":"BreadcrumbList","@id":"https:\/\/elfsight.com\/de\/back-to-top-widget\/drupal\/#breadcrumb","itemListElement":[{"@type":"ListItem","position":1,"name":"Home","item":"https:\/\/elfsight.com\/de\/"},{"@type":"ListItem","position":2,"name":"Back to Top","item":"https:\/\/elfsight.com\/de\/back-to-top-widget\/"},{"@type":"ListItem","position":3,"name":"Back to Top &#8211; Drupal"}]},{"@type":"WebSite","@id":"https:\/\/elfsight.com\/de\/#website","url":"https:\/\/elfsight.com\/de\/","name":"Elfsight DE","description":"Just another Elfsight Sites site","potentialAction":[{"@type":"SearchAction","target":{"@type":"EntryPoint","urlTemplate":"https:\/\/elfsight.com\/de\/?s={search_term_string}"},"query-input":{"@type":"PropertyValueSpecification","valueRequired":true,"valueName":"search_term_string"}}],"inLanguage":"de"}]}},"meta_box":{"industry":"","seo_heading":"","heading":"","description":"","cta_heading":"","cta_description":"","application":"511","h1":"Drupal-Widget \u201eZur\u00fcck zum Anfang\u201c","h1_caption":"F\u00fcgen Sie eine einfache \u201eZur\u00fcck-nach-oben\u201c-Schaltfl\u00e4che hinzu, um die Benutzererfahrung zu verbessern, indem Sie eine einfache und m\u00fchelose Navigation zur\u00fcck zum Seitenanfang Ihrer Drupal-Website erm\u00f6glichen.","application_category":[],"applications_title":"","applications_request_title":"","applications_request_button_text":"","hero_text":"","hero_video":"","hero_video_schema_markup":"","selling_points_title":"","selling_points_caption":"","selling_points":[],"selling_points_cta_text":"","features_title":"","features":"","ed_cta_examples_text":"","ed_cta_examples_hidden":"","ed_cta_demo_text":"","ed_cta_demo_hidden":"","why_caption":"","why_editor_title":"","why_editor_text":"","why_team_title":"","why_team_text":"","why_service_title":"","why_service_text":"","template_catalog_visible":"0","template_catalog_title":"","template_catalog_text":"","template_catalog_categories_visible":"","demo_title":"Erstellen Sie Ihr Back to Top-Modul","demo_caption":"Konfigurieren Sie Ihr Back to Top und f\u00fcgen Sie es kostenlos zu Ihrer Drupal-Website hinzu!","default_faq_hidden":"","app_template_category":[],"platform":"261","template_public_id":"","codecanyon_url":"","codecanyon_item_id":"","codecanyon_price":"","pricing_caption":"","pricing_elfsight_apps_hide_column":"","pricing_elfsight_apps_url":"","pricing_codecanyon_price_caption":"","integration_category":[],"integration_request_title":"","integration_request_cta":"","integration_platform":"","integrations":[],"platform_category":[],"video_schema_markup":"","price":"ab 0 $ \/ Monat","trial":"","benefits":[{"text":"Kostenlose Installationsunterst\u00fctzung"},{"text":"Erfahrener Kundensupport"},{"text":"14-t\u00e4gige Geld-zur\u00fcck-Garantie"},{"text":"Laufende kostenlose Verbesserungen"}],"button_url":"#demo","button_target_blank":"0","button_nofollow":"0","attributes":[{"name":"Installiert","content":"10,000 - 100,000"},{"name":"Reaktionsfreudig","content":"Ja"},{"name":"Kompatible Browser","content":"IE11, Firefox, Safari, Opera, Chrome, Edge"}],"tags":[],"tags_disable_links":"0","hide_more_platforms":"0","video_object":"","demo_hide_cta":"0","demo_hide_cloud_options":"0","pricing_title":"","pricing":[{"pricing_icon":"platform","pricing_title":"Elfsight Apps","pricing_title_caption":"Plattformunabh\u00e4ngige L\u00f6sung","pricing_price":"ab 0 $ \/ Monat","pricing_price_caption":"Beginnen Sie mit einem kostenlosen Plan","pricing_benefits":[{"text":"Unbegrenzte Websites"},{"text":"Schneller Support und gut dokumentiert"},{"text":"Kostenloser Installationsservice"},{"text":"Sonderangebot f\u00fcr mehrere Apps"}],"pricing_button_text":"Zur Website hinzuf\u00fcgen","pricing_button_url":"#demo"}],"related_apps_title":"","related_apps_hidden":"0","author":"","image":[],"title":"","job":"","social_networks":[]},"_links":{"self":[{"href":"https:\/\/elfsight.com\/de\/wp-json\/wp\/v2\/pages\/7995","targetHints":{"allow":["GET"]}}],"collection":[{"href":"https:\/\/elfsight.com\/de\/wp-json\/wp\/v2\/pages"}],"about":[{"href":"https:\/\/elfsight.com\/de\/wp-json\/wp\/v2\/types\/page"}],"author":[{"embeddable":true,"href":"https:\/\/elfsight.com\/de\/wp-json\/wp\/v2\/users\/9"}],"replies":[{"embeddable":true,"href":"https:\/\/elfsight.com\/de\/wp-json\/wp\/v2\/comments?post=7995"}],"version-history":[{"count":2,"href":"https:\/\/elfsight.com\/de\/wp-json\/wp\/v2\/pages\/7995\/revisions"}],"predecessor-version":[{"id":24569,"href":"https:\/\/elfsight.com\/de\/wp-json\/wp\/v2\/pages\/7995\/revisions\/24569"}],"up":[{"embeddable":true,"href":"https:\/\/elfsight.com\/de\/wp-json\/wp\/v2\/pages\/2467"}],"wp:attachment":[{"href":"https:\/\/elfsight.com\/de\/wp-json\/wp\/v2\/media?parent=7995"}],"curies":[{"name":"wp","href":"https:\/\/api.w.org\/{rel}","templated":true}]}}