{"id":7994,"date":"2024-05-03T06:29:08","date_gmt":"2024-05-03T06:29:08","guid":{"rendered":"https:\/\/elfsight.com\/de\/?page_id=7994"},"modified":"2025-02-20T13:15:16","modified_gmt":"2025-02-20T13:15:16","slug":"facebook","status":"publish","type":"page","link":"https:\/\/elfsight.com\/de\/back-to-top-widget\/facebook\/","title":{"rendered":"Back to Top &#8211; Facebook"},"content":{"rendered":"\n<div class=\"application-platform-content-item-description application-platform-content-item\" id=\"description\" data-nav-section=\"description\"> <h2>Beschreibung<\/h2> <p>Elfsight Back to Top ist ein unkompliziertes Plugin f\u00fcr Facebook, mit dem Website-Besucher schnell und reibungslos an die Spitze zur\u00fcckkehren k\u00f6nnen Ihrer Website nach dem Scrollen durch l\u00e4ngere Seiten. Die Besucher Ihrer Webseite m\u00fcssen nicht mehr nach der Home-Taste suchen und die Bildlaufleiste durch die gesamte Seite bewegen. Unser Back-to-Top-Tool kann so angepasst werden, wie es am besten zu Ihnen passt \u2013 machen Sie es quadratisch oder rund, \u00e4ndern Sie seine Farbe und Gr\u00f6\u00dfe und platzieren Sie es an einer beliebigen Stelle auf Ihrer Website, um die UX zu verbessern. Der Button kann auf jedem Ger\u00e4tetyp vorgef\u00fchrt werden \u2013 vom Smartphone bis zum Desktop. <\/p> <p><b>Verwenden Sie ein weiteres zug\u00e4ngliches Scroll-to-Top-Plugin, um fantastische UX beizubehalten<\/b><\/p> <\/div> <div class=\"application-platform-content-item-features application-platform-content-item\" id=\"features\" data-nav-section=\"features\"> <h2>Hier finden Sie die grundlegenden Funktionen von Das Widget: <\/h2> <ul><li>F\u00e4rben Sie die Schaltfl\u00e4che neu<\/li><li>Implementieren Sie das Widget auf: jeder Seite, speziell oder ausgeschlossen<\/li><li>Legen Sie die Scroll-F\u00e4higkeit fest<\/li> <li>Acht Tastenpositionen verf\u00fcgbar<\/li><li>Zwei Tastengruppen \u2013 schwebend oder eingebettet<\/li><\/ul><p><a href=\"#demo\">Sehen Sie sich einfach diese Demo an, um die Funktionalit\u00e4t von zu verstehen das Widget<\/a><\/p> <\/div> <div class=\"application-platform-content-item-installation application-platform-content-item\" id=\"installation\" data-nav-section=\"installation\"> <h2>Wie kann ich \u201eZur\u00fcck zum Anfang\u201c zu meiner Facebook-Webseite hinzuf\u00fcgen? <\/h2> <p>Befolgen Sie einfach die folgenden Richtlinien, um das Widget zu aktivieren. <\/p> <ol><li><b>\u00d6ffnen Sie unseren kostenlosen Konfigurator und beginnen Sie mit dem Bau Ihres einzigartigen Instruments. <\/b><br> Bestimmen Sie die bevorzugte Form und Optionen des Widgets und nehmen Sie die Korrekturen vor. <\/li> <li><b>Erhalten Sie den pers\u00f6nlichen Code, der im speziellen Formular auf Elfsight Apps erscheint. <\/b><br> Sobald die Generierung Ihres pers\u00f6nlichen Tools abgeschlossen ist, kopieren Sie den individuellen Code aus dem angezeigten Feld und bewahren Sie ihn f\u00fcr die sp\u00e4tere Verwendung auf. <\/li> <li><b>Beginnen Sie mit der Anwendung des Widgets auf der Facebook-Seite. <\/b><br> Geben Sie den Code, den Sie zuvor kopiert haben, auf Ihrer Seite ein und speichern Sie die Verbesserungen. <\/li> <li><b>Das Setup wurde erfolgreich durchgef\u00fchrt. <\/b><br> Besuchen Sie Ihre Webseite, um zu sehen, wie das Widget funktioniert. <\/li><\/ol> <p>Bei Fragen oder Problemen wenden Sie sich bitte an unser Kundendienstteam. Unsere Mitarbeiter beantworten gerne alle Ihre Fragen zum Widget. <\/p> <div class=\"faq\" data-component=\"FAQ\"><div class=\"faq-item\">\r\n\t\t\t\t\t<div class=\"faq-item-question\">\r\n\t\t\t\t\t\t<h3 class=\"faq-item-question-text\">Wie f\u00fcge ich ohne Programmierkenntnisse \u201eZur\u00fcck zum Anfang\u201c zu meiner Facebook-Seiten-Website hinzu?<\/h3>\r\n\r\n\t\t\t\t\t\t<div class=\"faq-item-question-icon\"><\/div>\r\n\t\t\t\t\t<\/div>\r\n\r\n\t\t\t\t\t<div class=\"faq-item-answer\">\r\n\t\t\t\t\t\t<div class=\"faq-item-answer-text\"> Der Vorgang ist ganz einfach: Erstellen Sie direkt im Online-Editor ein Back-to-Top-Widget, das Sie gerne auf Ihrer Facebook-Seite sehen m\u00f6chten. W\u00e4hlen Sie eine der vorgefertigten Vorlagen aus und passen Sie die Einstellungen \u201eZur\u00fcck zum Anfang\u201c an, f\u00fcgen Sie Ihre Inhalte hinzu, \u00e4ndern Sie das Layout und die Farben ohne Programmierkenntnisse. Speichern Sie \u201eZur\u00fcck zum Anfang\u201c und kopieren Sie den Installationscode, den Sie in die Website Ihrer Facebook-Seite einf\u00fcgen k\u00f6nnen, ohne einen kostenpflichtigen Plan zu kaufen. Mit unserem intuitiven Editor kann jeder Internetnutzer online ein Back-to-Top-Widget erstellen und es ganz einfach in seine Facebook-Seite einbetten. Um auf den Service zuzugreifen, m\u00fcssen Sie weder bezahlen noch Ihre Kartendaten eingeben. Sollten bei irgendeinem Schritt Probleme auftreten, wenden Sie sich bitte an unser technisches Support-Team.<\/p> <\/div>\r\n\t\t\t\t\t<\/div>\r\n\t\t\t\t<\/div> <\/div><\/div>\n","protected":false},"excerpt":{"rendered":"","protected":false},"author":9,"featured_media":0,"parent":2467,"menu_order":0,"comment_status":"closed","ping_status":"closed","template":"templates\/template-application-platform.php","meta":{"publish_to_discourse":"","publish_post_category":"","wpdc_auto_publish_overridden":"","wpdc_topic_tags":"","wpdc_pin_topic":"","wpdc_pin_until":"","discourse_post_id":"","discourse_permalink":"","wpdc_publishing_response":"","wpdc_publishing_error":"","footnotes":""},"class_list":["post-7994","page","type-page","status-publish","hentry"],"yoast_head":"<!-- This site is optimized with the Yoast SEO plugin v25.3.1 - https:\/\/yoast.com\/wordpress\/plugins\/seo\/ -->\n<title>Schaltfl\u00e4che \u201eZur\u00fcck nach oben\u201c f\u00fcr die Facebook-Website (kostenlos und einfach)<\/title>\n<meta name=\"description\" content=\"Implementieren Sie m\u00fchelos ein zug\u00e4ngliches Back to Top-Tool auf Ihrer Facebook-Website. Nutzen Sie unsere praktische Demo, um mit nur wenigen Klicks Ihr einzigartiges Feature zu erstellen.\" \/>\n<meta name=\"robots\" content=\"index, follow, max-snippet:-1, max-image-preview:large, max-video-preview:-1\" \/>\n<link rel=\"canonical\" href=\"https:\/\/elfsight.com\/de\/back-to-top-widget\/facebook\/\" \/>\n<meta property=\"og:locale\" content=\"de_DE\" \/>\n<meta property=\"og:type\" content=\"article\" \/>\n<meta property=\"og:title\" content=\"Schaltfl\u00e4che \u201eZur\u00fcck nach oben\u201c f\u00fcr die Facebook-Website (kostenlos und einfach)\" \/>\n<meta property=\"og:description\" content=\"Implementieren Sie m\u00fchelos ein zug\u00e4ngliches Back to Top-Tool auf Ihrer Facebook-Website. Nutzen Sie unsere praktische Demo, um mit nur wenigen Klicks Ihr einzigartiges Feature zu erstellen.\" \/>\n<meta property=\"og:url\" content=\"https:\/\/elfsight.com\/de\/back-to-top-widget\/facebook\/\" \/>\n<meta property=\"og:site_name\" content=\"Elfsight DE\" \/>\n<meta property=\"article:modified_time\" content=\"2025-02-20T13:15:16+00:00\" \/>\n<meta name=\"twitter:card\" content=\"summary_large_image\" \/>\n<meta name=\"twitter:label1\" content=\"Gesch\u00e4tzte Lesezeit\" \/>\n\t<meta name=\"twitter:data1\" content=\"3\u00a0Minuten\" \/>\n<!-- \/ Yoast SEO plugin. -->","yoast_head_json":{"title":"Schaltfl\u00e4che \u201eZur\u00fcck nach oben\u201c f\u00fcr die Facebook-Website (kostenlos und einfach)","description":"Implementieren Sie m\u00fchelos ein zug\u00e4ngliches Back to Top-Tool auf Ihrer Facebook-Website. Nutzen Sie unsere praktische Demo, um mit nur wenigen Klicks Ihr einzigartiges Feature zu erstellen.","robots":{"index":"index","follow":"follow","max-snippet":"max-snippet:-1","max-image-preview":"max-image-preview:large","max-video-preview":"max-video-preview:-1"},"canonical":"https:\/\/elfsight.com\/de\/back-to-top-widget\/facebook\/","og_locale":"de_DE","og_type":"article","og_title":"Schaltfl\u00e4che \u201eZur\u00fcck nach oben\u201c f\u00fcr die Facebook-Website (kostenlos und einfach)","og_description":"Implementieren Sie m\u00fchelos ein zug\u00e4ngliches Back to Top-Tool auf Ihrer Facebook-Website. Nutzen Sie unsere praktische Demo, um mit nur wenigen Klicks Ihr einzigartiges Feature zu erstellen.","og_url":"https:\/\/elfsight.com\/de\/back-to-top-widget\/facebook\/","og_site_name":"Elfsight DE","article_modified_time":"2025-02-20T13:15:16+00:00","twitter_card":"summary_large_image","twitter_misc":{"Gesch\u00e4tzte Lesezeit":"3\u00a0Minuten"},"schema":{"@context":"https:\/\/schema.org","@graph":[{"@type":"WebPage","@id":"https:\/\/elfsight.com\/de\/back-to-top-widget\/facebook\/","url":"https:\/\/elfsight.com\/de\/back-to-top-widget\/facebook\/","name":"Schaltfl\u00e4che \u201eZur\u00fcck nach oben\u201c f\u00fcr die Facebook-Website (kostenlos und einfach)","isPartOf":{"@id":"https:\/\/elfsight.com\/de\/#website"},"datePublished":"2024-05-03T06:29:08+00:00","dateModified":"2025-02-20T13:15:16+00:00","description":"Implementieren Sie m\u00fchelos ein zug\u00e4ngliches Back to Top-Tool auf Ihrer Facebook-Website. Nutzen Sie unsere praktische Demo, um mit nur wenigen Klicks Ihr einzigartiges Feature zu erstellen.","breadcrumb":{"@id":"https:\/\/elfsight.com\/de\/back-to-top-widget\/facebook\/#breadcrumb"},"inLanguage":"de","potentialAction":[{"@type":"ReadAction","target":["https:\/\/elfsight.com\/de\/back-to-top-widget\/facebook\/"]}]},{"@type":"BreadcrumbList","@id":"https:\/\/elfsight.com\/de\/back-to-top-widget\/facebook\/#breadcrumb","itemListElement":[{"@type":"ListItem","position":1,"name":"Home","item":"https:\/\/elfsight.com\/de\/"},{"@type":"ListItem","position":2,"name":"Back to Top","item":"https:\/\/elfsight.com\/de\/back-to-top-widget\/"},{"@type":"ListItem","position":3,"name":"Back to Top &#8211; Facebook"}]},{"@type":"WebSite","@id":"https:\/\/elfsight.com\/de\/#website","url":"https:\/\/elfsight.com\/de\/","name":"Elfsight DE","description":"Just another Elfsight Sites site","potentialAction":[{"@type":"SearchAction","target":{"@type":"EntryPoint","urlTemplate":"https:\/\/elfsight.com\/de\/?s={search_term_string}"},"query-input":{"@type":"PropertyValueSpecification","valueRequired":true,"valueName":"search_term_string"}}],"inLanguage":"de"}]}},"meta_box":{"industry":"","seo_heading":"","heading":"","description":"","cta_heading":"","cta_description":"","application":"511","h1":"Facebook-Widget \u201eZur\u00fcck zum Anfang\u201c","h1_caption":"Bieten Sie Ihren Besuchern eine weitere Funktion, die die Leistung Ihrer Website steigert","application_category":[],"applications_title":"","applications_request_title":"","applications_request_button_text":"","hero_text":"","hero_video":"","hero_video_schema_markup":"","selling_points_title":"","selling_points_caption":"","selling_points":[],"selling_points_cta_text":"","features_title":"","features":"","ed_cta_examples_text":"","ed_cta_examples_hidden":"","ed_cta_demo_text":"","ed_cta_demo_hidden":"","why_caption":"","why_editor_title":"","why_editor_text":"","why_team_title":"","why_team_text":"","why_service_title":"","why_service_text":"","template_catalog_visible":"0","template_catalog_title":"","template_catalog_text":"","template_catalog_categories_visible":"","demo_title":"Z\u00f6gern Sie nicht, ein personalisiertes Facebook-Back to Top zu erstellen","demo_caption":"Passen Sie es an und f\u00fcgen Sie das Tool per aktiver Demo auf Ihrer Webseite hinzu","default_faq_hidden":"","app_template_category":[],"platform":"216","template_public_id":"","codecanyon_url":"","codecanyon_item_id":"","codecanyon_price":"","pricing_caption":"","pricing_elfsight_apps_hide_column":"","pricing_elfsight_apps_url":"","pricing_codecanyon_price_caption":"","integration_category":[],"integration_request_title":"","integration_request_cta":"","integration_platform":"","integrations":[],"platform_category":[],"video_schema_markup":"","price":"ab 0 $ \/ Monat","trial":"","benefits":[{"text":"Kostenlose Installationsunterst\u00fctzung"},{"text":"Effektiver Kundenservice"},{"text":"14-t\u00e4gige R\u00fcckerstattungsgarantie"},{"text":"Zuk\u00fcnftige kostenlose Updates"}],"button_url":"#demo","button_target_blank":"0","button_nofollow":"0","attributes":[{"name":"Installiert","content":"10,000 - 100,000"},{"name":"Reaktionsfreudig","content":"Ja"},{"name":"Kompatible Browser","content":"Firefox, Edge, Opera, Chrome, Safari"}],"tags":[],"tags_disable_links":"0","hide_more_platforms":"0","video_object":"","demo_hide_cta":"0","demo_hide_cloud_options":"0","pricing_title":"","pricing":[{"pricing_icon":"platform","pricing_title":"Elfsight Apps","pricing_title_caption":"Plattform\u00fcbergreifende digitale L\u00f6sung, die zu jeder Website passt","pricing_price":"ab 0 $ \/ Monat","pricing_price_caption":"Beginnen Sie mit einem kostenlosen Plan","pricing_benefits":[{"text":"Unbegrenzte Websites"},{"text":"Schneller und p\u00fcnktlicher Support"},{"text":"Kostenlose Installationsunterst\u00fctzung"},{"text":"100 % anpassbar"}],"pricing_button_text":"Zur Website hinzuf\u00fcgen","pricing_button_url":"#demo"}],"related_apps_title":"","related_apps_hidden":"0","author":"","image":[],"title":"","job":"","social_networks":[]},"_links":{"self":[{"href":"https:\/\/elfsight.com\/de\/wp-json\/wp\/v2\/pages\/7994","targetHints":{"allow":["GET"]}}],"collection":[{"href":"https:\/\/elfsight.com\/de\/wp-json\/wp\/v2\/pages"}],"about":[{"href":"https:\/\/elfsight.com\/de\/wp-json\/wp\/v2\/types\/page"}],"author":[{"embeddable":true,"href":"https:\/\/elfsight.com\/de\/wp-json\/wp\/v2\/users\/9"}],"replies":[{"embeddable":true,"href":"https:\/\/elfsight.com\/de\/wp-json\/wp\/v2\/comments?post=7994"}],"version-history":[{"count":2,"href":"https:\/\/elfsight.com\/de\/wp-json\/wp\/v2\/pages\/7994\/revisions"}],"predecessor-version":[{"id":24570,"href":"https:\/\/elfsight.com\/de\/wp-json\/wp\/v2\/pages\/7994\/revisions\/24570"}],"up":[{"embeddable":true,"href":"https:\/\/elfsight.com\/de\/wp-json\/wp\/v2\/pages\/2467"}],"wp:attachment":[{"href":"https:\/\/elfsight.com\/de\/wp-json\/wp\/v2\/media?parent=7994"}],"curies":[{"name":"wp","href":"https:\/\/api.w.org\/{rel}","templated":true}]}}