{"id":7985,"date":"2024-05-03T06:29:03","date_gmt":"2024-05-03T06:29:03","guid":{"rendered":"https:\/\/elfsight.com\/de\/?page_id=7985"},"modified":"2025-07-08T09:53:22","modified_gmt":"2025-07-08T09:53:22","slug":"iframe","status":"publish","type":"page","link":"https:\/\/elfsight.com\/de\/back-to-top-widget\/iframe\/","title":{"rendered":"Back to Top &#8211; iFrame"},"content":{"rendered":"<div class=\"application-platform-content-item-description application-platform-content-item\" id=\"description\" data-nav-section=\"description\"> <h2>Mit dem Elfsight-Widget \u201eBack to Top\u201c in iFrame einbetten<\/h2> <p> \u201eBack to Top\u201c ist ein einfaches Widget f\u00fcr iFrame, das Website-Besuchern erm\u00f6glicht So kehren Sie nach dem Scrollen durch l\u00e4ngere Seiten schnell und reibungslos zum Anfang Ihrer Website zur\u00fcck. Das Publikum Ihrer Webseite muss nicht mehr nach der Home-Schaltfl\u00e4che suchen und die Bildlaufleiste durch die gesamte Seite ziehen. Unser Back-to-Top-of-Page-Tool kann ganz einfach an Ihre Bed\u00fcrfnisse angepasst werden \u2013 machen Sie es quadratisch oder rund, \u00e4ndern Sie seine Farbe und Gr\u00f6\u00dfe und platzieren Sie es an einer beliebigen Stelle auf Ihrer Website, um die UX zu verbessern. Der Button kann auf jedem Ger\u00e4tetyp angezeigt werden \u2013 vom Smartphone bis zum Desktop. <\/p> <p><b>Verwenden Sie ein weiteres praktisches Scroll-to-Top-of-Content-Tool, um ein wunderbares Benutzererlebnis zu bieten<\/b><\/p> <\/div> <div class=\"application-platform-content-item-features application-platform-content-item\" id=\"features\" data-nav-section=\"features\"> <h2> Lernen Sie die Liste der besten Funktionen kennen: <\/h2> <ul><li>\u00c4ndern Sie die Farbe der Schaltfl\u00e4che<\/li><li>Betten Sie die Schaltfl\u00e4che ein auf: jeder Seite, speziell oder ausgeschlossen<\/li><li>Legen Sie die Scrollgeschwindigkeit fest<\/li><li>8 verf\u00fcgbare Schaltfl\u00e4chenpositionen<\/li><li>Zwei Schaltfl\u00e4chentypen \u2013 schwebend oder eingebettet<\/li><\/ul><p><a href=\"#demo\">Erkunden Sie alle Einstellungen in der Demo mit vollem Funktionsumfang<\/a><\/p> <\/div> <div class=\"application-platform-content-item-installation application-platform-content-item\" id=\"installation\" data-nav-section=\"installation\"> <h2>Wie f\u00fcge ich \u201eZur\u00fcck zum Anfang\u201c zu meiner iFrame-Site hinzu? <\/h2> <p>Befolgen Sie einfach die unten beschriebenen Schritte, um das Tool hinzuzuf\u00fcgen. <\/p> <ol><li><b>Starten Sie unseren kostenlosen Editor und beginnen Sie mit der Erstellung Ihres benutzerdefinierten Instruments. <\/b><br> Bestimmen Sie das bevorzugte Design und die Eigenschaften des Werkzeugs und speichern Sie die \u00c4nderungen. <\/li> <li><b>Erhalten Sie Ihren pers\u00f6nlichen Code, der in der Box auf Elfsight Apps angezeigt wird. <\/b><br> Wenn die Konfiguration Ihres pers\u00f6nlichen Tools abgeschlossen ist, kopieren Sie den individuellen Code aus dem angezeigten Fenster und speichern Sie ihn f\u00fcr zuk\u00fcnftige Gelegenheiten. <\/li> <li><b>Beginnen Sie mit der Verwendung des Tools auf Ihrer iFrame-Website. <\/b><br> Betten Sie den k\u00fcrzlich kopierten Code in Ihre Website ein und speichern Sie die Korrekturen. <\/li> <li><b>Die Installation ist vollst\u00e4ndig beendet. <\/b><br> Besuchen Sie Ihre Seite, um die Leistung des Widgets in Aktion zu sehen. <\/li><\/ol> <p>Sollten Sie auf Hindernisse sto\u00dfen, z\u00f6gern Sie nicht, unseren Support-Mitarbeitern zu schreiben. Unsere Mitarbeiter helfen Ihnen gerne bei allen Schwierigkeiten, die Sie mit dem Tool haben k\u00f6nnten. <\/p> <div class=\"faq\" data-component=\"FAQ\"><div class=\"faq-item\">\r\n\t\t\t\t\t<div class=\"faq-item-question\">\r\n\t\t\t\t\t\t<h3 class=\"faq-item-question-text\">Wie kann ich ohne Programmierkenntnisse ein Back-to-Top-Widget zu meiner iFrame-Website hinzuf\u00fcgen?<\/h3>\r\n\r\n\t\t\t\t\t\t<div class=\"faq-item-question-icon\"><\/div>\r\n\t\t\t\t\t<\/div>\r\n\r\n\t\t\t\t\t<div class=\"faq-item-answer\">\r\n\t\t\t\t\t\t<div class=\"faq-item-answer-text\"> <p>Elfsight bietet eine SaaS-L\u00f6sung, mit der Sie selbst ein Back-to-Top-Widget erstellen k\u00f6nnen. Sehen Sie, wie das geht Der Vorgang ist ganz einfach: Erstellen Sie direkt im Online-Editor ein Back-to-Top-Widget, das Sie auf Ihrer iFrame-Website sehen m\u00f6chten. W\u00e4hlen Sie eine der vorgefertigten Vorlagen aus und passen Sie die Einstellungen \u201eZur\u00fcck zum Anfang\u201c an, f\u00fcgen Sie Ihre Inhalte hinzu, \u00e4ndern Sie das Layout und die Farben ohne Programmierkenntnisse. Speichern Sie \u201eZur\u00fcck zum Anfang\u201c und kopieren Sie den Installationscode, den Sie in Ihre iFrame-Website einf\u00fcgen k\u00f6nnen, ohne ein kostenpflichtiges Abonnement zu kaufen. Mit unserem intuitiven Editor kann jeder Internetnutzer online ein Back-to-Top-Widget erstellen und es einfach in seine iFrame-Website einbetten. Um auf den Service zuzugreifen, m\u00fcssen Sie weder bezahlen noch Ihre Kartendaten eingeben. Sollten bei irgendeinem Schritt Probleme auftreten, wenden Sie sich bitte an unser technisches Support-Team.<\/p> <\/div>\r\n\t\t\t\t\t<\/div>\r\n\t\t\t\t<\/div> <\/div><\/div>","protected":false},"excerpt":{"rendered":"","protected":false},"author":9,"featured_media":0,"parent":2467,"menu_order":0,"comment_status":"closed","ping_status":"closed","template":"templates\/template-application-platform.php","meta":{"publish_to_discourse":"","publish_post_category":"","wpdc_auto_publish_overridden":"","wpdc_topic_tags":"","wpdc_pin_topic":"","wpdc_pin_until":"","discourse_post_id":"","discourse_permalink":"","wpdc_publishing_response":"","wpdc_publishing_error":"","footnotes":""},"class_list":["post-7985","page","type-page","status-publish","hentry"],"yoast_head":"<!-- This site is optimized with the Yoast SEO plugin v25.3.1 - https:\/\/yoast.com\/wordpress\/plugins\/seo\/ -->\n<title>Zur\u00fcck nach oben \u2013 F\u00fcgen Sie das Scroll-to-Top-Plugin zu iFrame hinzu (kostenlos und schnell)<\/title>\n<meta name=\"description\" content=\"F\u00fcgen Sie Ihrer iFrame-Website schnell eine reaktionsf\u00e4hige Schaltfl\u00e4che \u201eZur\u00fcck zum Anfang\u201c hinzu. Nutzen Sie unsere n\u00fctzliche Demo, um Ihr einzigartiges Feature in 1-2-3 zu erstellen.\" \/>\n<meta name=\"robots\" content=\"index, follow, max-snippet:-1, max-image-preview:large, max-video-preview:-1\" \/>\n<link rel=\"canonical\" href=\"https:\/\/elfsight.com\/de\/back-to-top-widget\/iframe\/\" \/>\n<meta property=\"og:locale\" content=\"de_DE\" \/>\n<meta property=\"og:type\" content=\"article\" \/>\n<meta property=\"og:title\" content=\"Zur\u00fcck nach oben \u2013 F\u00fcgen Sie das Scroll-to-Top-Plugin zu iFrame hinzu (kostenlos und schnell)\" \/>\n<meta property=\"og:description\" content=\"F\u00fcgen Sie Ihrer iFrame-Website schnell eine reaktionsf\u00e4hige Schaltfl\u00e4che \u201eZur\u00fcck zum Anfang\u201c hinzu. Nutzen Sie unsere n\u00fctzliche Demo, um Ihr einzigartiges Feature in 1-2-3 zu erstellen.\" \/>\n<meta property=\"og:url\" content=\"https:\/\/elfsight.com\/de\/back-to-top-widget\/iframe\/\" \/>\n<meta property=\"og:site_name\" content=\"Elfsight DE\" \/>\n<meta property=\"article:modified_time\" content=\"2025-07-08T09:53:22+00:00\" \/>\n<meta name=\"twitter:card\" content=\"summary_large_image\" \/>\n<meta name=\"twitter:label1\" content=\"Gesch\u00e4tzte Lesezeit\" \/>\n\t<meta name=\"twitter:data1\" content=\"3\u00a0Minuten\" \/>\n<!-- \/ Yoast SEO plugin. -->","yoast_head_json":{"title":"Zur\u00fcck nach oben \u2013 F\u00fcgen Sie das Scroll-to-Top-Plugin zu iFrame hinzu (kostenlos und schnell)","description":"F\u00fcgen Sie Ihrer iFrame-Website schnell eine reaktionsf\u00e4hige Schaltfl\u00e4che \u201eZur\u00fcck zum Anfang\u201c hinzu. Nutzen Sie unsere n\u00fctzliche Demo, um Ihr einzigartiges Feature in 1-2-3 zu erstellen.","robots":{"index":"index","follow":"follow","max-snippet":"max-snippet:-1","max-image-preview":"max-image-preview:large","max-video-preview":"max-video-preview:-1"},"canonical":"https:\/\/elfsight.com\/de\/back-to-top-widget\/iframe\/","og_locale":"de_DE","og_type":"article","og_title":"Zur\u00fcck nach oben \u2013 F\u00fcgen Sie das Scroll-to-Top-Plugin zu iFrame hinzu (kostenlos und schnell)","og_description":"F\u00fcgen Sie Ihrer iFrame-Website schnell eine reaktionsf\u00e4hige Schaltfl\u00e4che \u201eZur\u00fcck zum Anfang\u201c hinzu. Nutzen Sie unsere n\u00fctzliche Demo, um Ihr einzigartiges Feature in 1-2-3 zu erstellen.","og_url":"https:\/\/elfsight.com\/de\/back-to-top-widget\/iframe\/","og_site_name":"Elfsight DE","article_modified_time":"2025-07-08T09:53:22+00:00","twitter_card":"summary_large_image","twitter_misc":{"Gesch\u00e4tzte Lesezeit":"3\u00a0Minuten"},"schema":{"@context":"https:\/\/schema.org","@graph":[{"@type":"WebPage","@id":"https:\/\/elfsight.com\/de\/back-to-top-widget\/iframe\/","url":"https:\/\/elfsight.com\/de\/back-to-top-widget\/iframe\/","name":"Zur\u00fcck nach oben \u2013 F\u00fcgen Sie das Scroll-to-Top-Plugin zu iFrame hinzu (kostenlos und schnell)","isPartOf":{"@id":"https:\/\/elfsight.com\/de\/#website"},"datePublished":"2024-05-03T06:29:03+00:00","dateModified":"2025-07-08T09:53:22+00:00","description":"F\u00fcgen Sie Ihrer iFrame-Website schnell eine reaktionsf\u00e4hige Schaltfl\u00e4che \u201eZur\u00fcck zum Anfang\u201c hinzu. Nutzen Sie unsere n\u00fctzliche Demo, um Ihr einzigartiges Feature in 1-2-3 zu erstellen.","breadcrumb":{"@id":"https:\/\/elfsight.com\/de\/back-to-top-widget\/iframe\/#breadcrumb"},"inLanguage":"de","potentialAction":[{"@type":"ReadAction","target":["https:\/\/elfsight.com\/de\/back-to-top-widget\/iframe\/"]}]},{"@type":"BreadcrumbList","@id":"https:\/\/elfsight.com\/de\/back-to-top-widget\/iframe\/#breadcrumb","itemListElement":[{"@type":"ListItem","position":1,"name":"Home","item":"https:\/\/elfsight.com\/de\/"},{"@type":"ListItem","position":2,"name":"Back to Top","item":"https:\/\/elfsight.com\/de\/back-to-top-widget\/"},{"@type":"ListItem","position":3,"name":"Back to Top &#8211; iFrame"}]},{"@type":"WebSite","@id":"https:\/\/elfsight.com\/de\/#website","url":"https:\/\/elfsight.com\/de\/","name":"Elfsight DE","description":"Just another Elfsight Sites site","potentialAction":[{"@type":"SearchAction","target":{"@type":"EntryPoint","urlTemplate":"https:\/\/elfsight.com\/de\/?s={search_term_string}"},"query-input":{"@type":"PropertyValueSpecification","valueRequired":true,"valueName":"search_term_string"}}],"inLanguage":"de"}]}},"meta_box":{"industry":"","seo_heading":"","heading":"","description":"","cta_heading":"","cta_description":"","application":"511","h1":"iFrame-Widget \u201eZur\u00fcck zum Anfang\u201c.","h1_caption":"F\u00fcgen Sie eine einfache Schaltfl\u00e4che \u201eZur\u00fcck zum Anfang\u201c hinzu, um die Benutzererfahrung zu verbessern, indem Sie eine einfache und m\u00fchelose Navigation zur\u00fcck zum Seitenanfang Ihrer iFrame-Website erm\u00f6glichen.","application_category":[],"applications_title":"","applications_request_title":"","applications_request_button_text":"","hero_text":"","hero_video":"","hero_video_schema_markup":"","selling_points_title":"","selling_points_caption":"","selling_points":[],"selling_points_cta_text":"","features_title":"","features":"","ed_cta_examples_text":"","ed_cta_examples_hidden":"","ed_cta_demo_text":"","ed_cta_demo_hidden":"","why_caption":"","why_editor_title":"","why_editor_text":"","why_team_title":"","why_team_text":"","why_service_title":"","why_service_text":"","template_catalog_visible":"","template_catalog_title":"","template_catalog_text":"","template_catalog_categories_visible":"","demo_title":"Erstellen Sie Ihr Back-to-Top-Widget","demo_caption":"Konfigurieren Sie Ihr Back to Top und f\u00fcgen Sie es kostenlos zu Ihrer iFrame-Website hinzu!","default_faq_hidden":"","app_template_category":[],"platform":"240","template_public_id":"","codecanyon_url":"","codecanyon_item_id":"","codecanyon_price":"","pricing_caption":"","pricing_elfsight_apps_hide_column":"","pricing_elfsight_apps_url":"","pricing_codecanyon_price_caption":"","integration_category":[],"integration_request_title":"","integration_request_cta":"","integration_platform":"","integrations":[],"platform_category":[],"video_schema_markup":"","price":"ab 0 $ \/ Monat","trial":"","benefits":[{"text":"Kostenlose Installationsunterst\u00fctzung"},{"text":"Kompetenter Kundenservice"},{"text":"14-t\u00e4gige Geld-zur\u00fcck-Garantie"},{"text":"Fortlaufende Entwicklung"}],"button_url":"#demo","button_target_blank":"","button_nofollow":"","attributes":[{"name":"Installiert","content":"10,000 - 100,000"},{"name":"Reaktionsfreudig","content":"Ja"},{"name":"Kompatible Browser","content":"Firefox, Opera, Safari, Edge, Chrome"}],"tags":[],"tags_disable_links":"","hide_more_platforms":"","video_object":"","demo_hide_cta":"","demo_hide_cloud_options":"","pricing_title":"","pricing":[{"pricing_icon":"platform","pricing_title":"Elfsight Apps","pricing_title_caption":"Plattformunabh\u00e4ngige digitale L\u00f6sung, die auf jeder Website funktioniert","pricing_price":"ab 0 $ \/ Monat","pricing_price_caption":"Beginnen Sie mit einem kostenlosen Plan","pricing_benefits":[{"text":"Unbegrenzte Anzahl an Domains"},{"text":"Engagierter und p\u00fcnktlicher Support"},{"text":"Kostenlose Installationshilfe"},{"text":"Tolles Angebot f\u00fcr mehrere Apps"}],"pricing_button_text":"Zur Website hinzuf\u00fcgen","pricing_button_url":"#demo"}],"related_apps_title":"","related_apps_hidden":"","author":"","image":[],"title":"","job":"","social_networks":[]},"_links":{"self":[{"href":"https:\/\/elfsight.com\/de\/wp-json\/wp\/v2\/pages\/7985","targetHints":{"allow":["GET"]}}],"collection":[{"href":"https:\/\/elfsight.com\/de\/wp-json\/wp\/v2\/pages"}],"about":[{"href":"https:\/\/elfsight.com\/de\/wp-json\/wp\/v2\/types\/page"}],"author":[{"embeddable":true,"href":"https:\/\/elfsight.com\/de\/wp-json\/wp\/v2\/users\/9"}],"replies":[{"embeddable":true,"href":"https:\/\/elfsight.com\/de\/wp-json\/wp\/v2\/comments?post=7985"}],"version-history":[{"count":2,"href":"https:\/\/elfsight.com\/de\/wp-json\/wp\/v2\/pages\/7985\/revisions"}],"predecessor-version":[{"id":21275,"href":"https:\/\/elfsight.com\/de\/wp-json\/wp\/v2\/pages\/7985\/revisions\/21275"}],"up":[{"embeddable":true,"href":"https:\/\/elfsight.com\/de\/wp-json\/wp\/v2\/pages\/2467"}],"wp:attachment":[{"href":"https:\/\/elfsight.com\/de\/wp-json\/wp\/v2\/media?parent=7985"}],"curies":[{"name":"wp","href":"https:\/\/api.w.org\/{rel}","templated":true}]}}