{"id":7980,"date":"2024-05-03T06:29:02","date_gmt":"2024-05-03T06:29:02","guid":{"rendered":"https:\/\/elfsight.com\/de\/?page_id=7980"},"modified":"2025-02-20T13:20:39","modified_gmt":"2025-02-20T13:20:39","slug":"magento","status":"publish","type":"page","link":"https:\/\/elfsight.com\/de\/back-to-top-widget\/magento\/","title":{"rendered":"Back to Top &#8211; Magento"},"content":{"rendered":"\n<div class=\"application-platform-content-item-description application-platform-content-item\" id=\"description\" data-nav-section=\"description\"> <h2>Beschreibung<\/h2> <p>Elfsight Back to Top ist eine einfache Erweiterung f\u00fcr Magento, die es Benutzern erm\u00f6glicht, schnell und nahtlos wieder an den Anfang zu gelangen Ihre Webseite nach dem Scrollen durch l\u00e4ngere Seiten. Die Besucher Ihrer Webseite m\u00fcssen nicht mehr nach der Home-Taste suchen und die Bildlaufleiste \u00fcber die gesamte Seite ziehen. Unser Back-to-Top-Tool kann ganz nach Ihren W\u00fcnschen angepasst werden \u2013 machen Sie es quadratisch oder rund, \u00e4ndern Sie seine Farbe und Gr\u00f6\u00dfe und platzieren Sie es an einer beliebigen Stelle auf Ihrer Website, um die Benutzererfahrung zu verbessern. Der Button kann auf jedem Ger\u00e4t vorgef\u00fchrt werden \u2013 vom Smartphone bis zum Desktop. <\/p> <p><b>Verwenden Sie ein weiteres praktisches Back-to-Top-Tool, um fantastische UX zu gew\u00e4hrleisten<\/b><\/p> <\/div> <div class=\"application-platform-content-item-features application-platform-content-item\" id=\"features\" data-nav-section=\"features\"> <h2>Die Erweiterung hat leistungsstarke und einfache Funktionen, sehen Sie sich einige davon an: <\/h2> <ul><li>Schaltfl\u00e4che neu zeichnen<\/li><li>Das Widget platzieren auf: allen Seiten, bestimmten oder ausgeschlossenen<\/li><li>Angeben die Scroll-Agilit\u00e4t<\/li><li>8 Schaltfl\u00e4chenpositionen zur Auswahl<\/li><li>2 Schaltfl\u00e4chentypen \u2013 schwebend oder eingebettet<\/li><\/ul><p><a href=\"#demo\">Probieren Sie einfach diese Demo aus, um zu sehen, was die Erweiterung wert ist<\/a><\/p> <\/div> <div class=\"application-platform-content-item-installation application-platform-content-item\" id=\"installation\" data-nav-section=\"installation\"> <h2>Wie f\u00fcge ich \u201eBack to Top\u201c auf meiner Magento-Site hinzu? <\/h2> <p>Befolgen Sie einfach die nachstehenden Richtlinien, um das Widget einzuf\u00fcgen. <\/p> <ol><li><b>Verwalten Sie unsere kostenlose Demo und beginnen Sie mit der Erstellung Ihrer ma\u00dfgeschneiderten Erweiterung. <\/b><br> Geben Sie das benutzerdefinierte Design und die funktionalen Merkmale der Erweiterung an und speichern Sie alle \u00c4nderungen. <\/li> <li><b>Erhalten Sie Ihren pers\u00f6nlichen Code, der im Fenster von Elfsight Apps angezeigt wird. <\/b><br> Wenn die Einrichtung Ihrer pers\u00f6nlichen Nebenstelle abgeschlossen ist, kopieren Sie den exklusiven Code aus dem angezeigten Popup und bewahren Sie ihn f\u00fcr einen sp\u00e4teren Anlass auf. <\/li> <li><b>Beginnen Sie mit der Nutzung der Erweiterung auf Ihrer Magento-Seite. <\/b><br> Geben Sie den Code, den Sie k\u00fcrzlich gespeichert haben, auf Ihrer Webseite ein und speichern Sie die \u00c4nderungen. <\/li> <li><b>Fertig! Das Setup ist vollst\u00e4ndig durchgef\u00fchrt. <\/b><br> Besuchen Sie Ihre Website, um die Funktionsweise der Erweiterung zu sehen. <\/li><\/ol><p>Wenn Sie Fragen haben oder auf Hindernisse sto\u00dfen, z\u00f6gern Sie nicht, sich an unser Support-Team zu wenden. Unsere Spezialisten helfen Ihnen gerne bei allen Schwierigkeiten, die Sie mit dem Plugin haben. <\/p> <div class=\"faq\" data-component=\"FAQ\"><div class=\"faq-item\">\r\n\t\t\t\t\t<div class=\"faq-item-question\">\r\n\t\t\t\t\t\t<h3 class=\"faq-item-question-text\">Wie f\u00fcge ich \u201eBack to top\u201c zu meiner Magento-Website ohne Programmierkenntnisse hinzu?<\/h3>\r\n\r\n\t\t\t\t\t\t<div class=\"faq-item-question-icon\"><\/div>\r\n\t\t\t\t\t<\/div>\r\n\r\n\t\t\t\t\t<div class=\"faq-item-answer\">\r\n\t\t\t\t\t\t<div class=\"faq-item-answer-text\"> <p>Elfsight bietet eine SaaS-L\u00f6sung, mit der Sie selbst ein \u201eBack to top\u201c-Widget erstellen k\u00f6nnen. Sehen Sie, wie einfach es ist Der Prozess ist: Arbeiten Sie direkt im Online-Editor, um ein Back-to-Top-Widget zu erstellen, das Sie gerne auf Ihrer Magento-Website sehen w\u00fcrden. W\u00e4hlen Sie eine der vorgefertigten Vorlagen aus und passen Sie die Einstellungen \u201eZur\u00fcck zum Anfang\u201c an, f\u00fcgen Sie Ihre Inhalte hinzu, \u00e4ndern Sie das Layout und die Farben ohne Programmierkenntnisse. Speichern Sie \u201eZur\u00fcck zum Anfang\u201c und kopieren Sie den Installationscode, den Sie problemlos in Ihre Magento-Website einf\u00fcgen k\u00f6nnen, ohne einen kostenpflichtigen Plan kaufen zu m\u00fcssen. Mit unserem intuitiven Editor kann jeder Internetnutzer online ein Back-to-Top-Widget erstellen und es einfach in seine Magento-Website einbetten. Um auf den Service zuzugreifen, m\u00fcssen Sie weder bezahlen noch Ihre Kartendaten eingeben. Sollten bei irgendeinem Schritt Probleme auftreten, wenden Sie sich bitte an unser technisches Support-Team.<\/p> <\/div>\r\n\t\t\t\t\t<\/div>\r\n\t\t\t\t<\/div> <\/div><\/div>\n","protected":false},"excerpt":{"rendered":"","protected":false},"author":9,"featured_media":0,"parent":2467,"menu_order":0,"comment_status":"closed","ping_status":"closed","template":"templates\/template-application-platform.php","meta":{"publish_to_discourse":"","publish_post_category":"","wpdc_auto_publish_overridden":"","wpdc_topic_tags":"","wpdc_pin_topic":"","wpdc_pin_until":"","discourse_post_id":"","discourse_permalink":"","wpdc_publishing_response":"","wpdc_publishing_error":"","footnotes":""},"class_list":["post-7980","page","type-page","status-publish","hentry"],"yoast_head":"<!-- This site is optimized with the Yoast SEO plugin v25.3.1 - https:\/\/yoast.com\/wordpress\/plugins\/seo\/ -->\n<title>Zur\u00fcck nach oben \u2013 F\u00fcgen Sie die Schaltfl\u00e4che \u201eNach oben scrollen\u201c zu Magento hinzu (kostenlos und schnell)<\/title>\n<meta name=\"description\" content=\"Integrieren Sie m\u00fchelos eine barrierefreie Schaltfl\u00e4che \u201eZur\u00fcck zum Anfang\u201c in Ihre Magento-Webseite. Nutzen Sie unsere aktive Demo, um mit nur wenigen Klicks Ihr einzigartiges Feature zu gestalten.\" \/>\n<meta name=\"robots\" content=\"index, follow, max-snippet:-1, max-image-preview:large, max-video-preview:-1\" \/>\n<link rel=\"canonical\" href=\"https:\/\/elfsight.com\/de\/back-to-top-widget\/magento\/\" \/>\n<meta property=\"og:locale\" content=\"de_DE\" \/>\n<meta property=\"og:type\" content=\"article\" \/>\n<meta property=\"og:title\" content=\"Zur\u00fcck nach oben \u2013 F\u00fcgen Sie die Schaltfl\u00e4che \u201eNach oben scrollen\u201c zu Magento hinzu (kostenlos und schnell)\" \/>\n<meta property=\"og:description\" content=\"Integrieren Sie m\u00fchelos eine barrierefreie Schaltfl\u00e4che \u201eZur\u00fcck zum Anfang\u201c in Ihre Magento-Webseite. Nutzen Sie unsere aktive Demo, um mit nur wenigen Klicks Ihr einzigartiges Feature zu gestalten.\" \/>\n<meta property=\"og:url\" content=\"https:\/\/elfsight.com\/de\/back-to-top-widget\/magento\/\" \/>\n<meta property=\"og:site_name\" content=\"Elfsight DE\" \/>\n<meta property=\"article:modified_time\" content=\"2025-02-20T13:20:39+00:00\" \/>\n<meta name=\"twitter:card\" content=\"summary_large_image\" \/>\n<meta name=\"twitter:label1\" content=\"Gesch\u00e4tzte Lesezeit\" \/>\n\t<meta name=\"twitter:data1\" content=\"3\u00a0Minuten\" \/>\n<!-- \/ Yoast SEO plugin. -->","yoast_head_json":{"title":"Zur\u00fcck nach oben \u2013 F\u00fcgen Sie die Schaltfl\u00e4che \u201eNach oben scrollen\u201c zu Magento hinzu (kostenlos und schnell)","description":"Integrieren Sie m\u00fchelos eine barrierefreie Schaltfl\u00e4che \u201eZur\u00fcck zum Anfang\u201c in Ihre Magento-Webseite. Nutzen Sie unsere aktive Demo, um mit nur wenigen Klicks Ihr einzigartiges Feature zu gestalten.","robots":{"index":"index","follow":"follow","max-snippet":"max-snippet:-1","max-image-preview":"max-image-preview:large","max-video-preview":"max-video-preview:-1"},"canonical":"https:\/\/elfsight.com\/de\/back-to-top-widget\/magento\/","og_locale":"de_DE","og_type":"article","og_title":"Zur\u00fcck nach oben \u2013 F\u00fcgen Sie die Schaltfl\u00e4che \u201eNach oben scrollen\u201c zu Magento hinzu (kostenlos und schnell)","og_description":"Integrieren Sie m\u00fchelos eine barrierefreie Schaltfl\u00e4che \u201eZur\u00fcck zum Anfang\u201c in Ihre Magento-Webseite. Nutzen Sie unsere aktive Demo, um mit nur wenigen Klicks Ihr einzigartiges Feature zu gestalten.","og_url":"https:\/\/elfsight.com\/de\/back-to-top-widget\/magento\/","og_site_name":"Elfsight DE","article_modified_time":"2025-02-20T13:20:39+00:00","twitter_card":"summary_large_image","twitter_misc":{"Gesch\u00e4tzte Lesezeit":"3\u00a0Minuten"},"schema":{"@context":"https:\/\/schema.org","@graph":[{"@type":"WebPage","@id":"https:\/\/elfsight.com\/de\/back-to-top-widget\/magento\/","url":"https:\/\/elfsight.com\/de\/back-to-top-widget\/magento\/","name":"Zur\u00fcck nach oben \u2013 F\u00fcgen Sie die Schaltfl\u00e4che \u201eNach oben scrollen\u201c zu Magento hinzu (kostenlos und schnell)","isPartOf":{"@id":"https:\/\/elfsight.com\/de\/#website"},"datePublished":"2024-05-03T06:29:02+00:00","dateModified":"2025-02-20T13:20:39+00:00","description":"Integrieren Sie m\u00fchelos eine barrierefreie Schaltfl\u00e4che \u201eZur\u00fcck zum Anfang\u201c in Ihre Magento-Webseite. Nutzen Sie unsere aktive Demo, um mit nur wenigen Klicks Ihr einzigartiges Feature zu gestalten.","breadcrumb":{"@id":"https:\/\/elfsight.com\/de\/back-to-top-widget\/magento\/#breadcrumb"},"inLanguage":"de","potentialAction":[{"@type":"ReadAction","target":["https:\/\/elfsight.com\/de\/back-to-top-widget\/magento\/"]}]},{"@type":"BreadcrumbList","@id":"https:\/\/elfsight.com\/de\/back-to-top-widget\/magento\/#breadcrumb","itemListElement":[{"@type":"ListItem","position":1,"name":"Home","item":"https:\/\/elfsight.com\/de\/"},{"@type":"ListItem","position":2,"name":"Back to Top","item":"https:\/\/elfsight.com\/de\/back-to-top-widget\/"},{"@type":"ListItem","position":3,"name":"Back to Top &#8211; Magento"}]},{"@type":"WebSite","@id":"https:\/\/elfsight.com\/de\/#website","url":"https:\/\/elfsight.com\/de\/","name":"Elfsight DE","description":"Just another Elfsight Sites site","potentialAction":[{"@type":"SearchAction","target":{"@type":"EntryPoint","urlTemplate":"https:\/\/elfsight.com\/de\/?s={search_term_string}"},"query-input":{"@type":"PropertyValueSpecification","valueRequired":true,"valueName":"search_term_string"}}],"inLanguage":"de"}]}},"meta_box":{"industry":"","seo_heading":"","heading":"","description":"","cta_heading":"","cta_description":"","application":"511","h1":"Magento Back to Top-Erweiterung","h1_caption":"F\u00fcgen Sie eine einfache Schaltfl\u00e4che \u201eZur\u00fcck zum Anfang\u201c hinzu, um die Benutzererfahrung zu verbessern, indem Sie eine einfache und m\u00fchelose Navigation zur\u00fcck zum Seitenanfang Ihrer Magento-Website erm\u00f6glichen.","application_category":[],"applications_title":"","applications_request_title":"","applications_request_button_text":"","hero_text":"","hero_video":"","hero_video_schema_markup":"","selling_points_title":"","selling_points_caption":"","selling_points":[],"selling_points_cta_text":"","features_title":"","features":"","ed_cta_examples_text":"","ed_cta_examples_hidden":"","ed_cta_demo_text":"","ed_cta_demo_hidden":"","why_caption":"","why_editor_title":"","why_editor_text":"","why_team_title":"","why_team_text":"","why_service_title":"","why_service_text":"","template_catalog_visible":"0","template_catalog_title":"","template_catalog_text":"","template_catalog_categories_visible":"","demo_title":"Erstellen Sie Ihre Back to Top-Erweiterung","demo_caption":"Konfigurieren Sie Ihr Back to Top und f\u00fcgen Sie es kostenlos zu Ihrer Magento-Website hinzu!","default_faq_hidden":"","app_template_category":[],"platform":"256","template_public_id":"","codecanyon_url":"","codecanyon_item_id":"","codecanyon_price":"","pricing_caption":"","pricing_elfsight_apps_hide_column":"","pricing_elfsight_apps_url":"","pricing_codecanyon_price_caption":"","integration_category":[],"integration_request_title":"","integration_request_cta":"","integration_platform":"","integrations":[],"platform_category":[],"video_schema_markup":"","price":"ab 0 $ \/ Monat","trial":"","benefits":[{"text":"Kostenlose Installationshilfe"},{"text":"Kompetenter Kundenservice"},{"text":"14-t\u00e4gige Geld-zur\u00fcck-Garantie"},{"text":"Kontinuierliche kostenlose Updates"}],"button_url":"#demo","button_target_blank":"0","button_nofollow":"0","attributes":[{"name":"Installiert","content":"10,000 - 100,000"},{"name":"Reaktionsfreudig","content":"Ja"},{"name":"Kompatible Browser","content":"Firefox, Safari, Opera, Chrome, Edge"}],"tags":[],"tags_disable_links":"0","hide_more_platforms":"0","video_object":"","demo_hide_cta":"0","demo_hide_cloud_options":"0","pricing_title":"","pricing":[{"pricing_icon":"platform","pricing_title":"Elfsight Apps","pricing_title_caption":"Plattform\u00fcbergreifende Version, die f\u00fcr jede Website geeignet ist","pricing_price":"ab 0 $ \/ Monat","pricing_price_caption":"Beginnen Sie mit einem kostenlosen Plan","pricing_benefits":[{"text":"Unbegrenzte Websites"},{"text":"Kundensupport rund um die Uhr und gut dokumentiert"},{"text":"Kostenloser Installationsservice"},{"text":"Vollst\u00e4ndig anpassbar"}],"pricing_button_text":"Zur Website hinzuf\u00fcgen","pricing_button_url":"#demo"}],"related_apps_title":"","related_apps_hidden":"0","author":"","image":[],"title":"","job":"","social_networks":[]},"_links":{"self":[{"href":"https:\/\/elfsight.com\/de\/wp-json\/wp\/v2\/pages\/7980","targetHints":{"allow":["GET"]}}],"collection":[{"href":"https:\/\/elfsight.com\/de\/wp-json\/wp\/v2\/pages"}],"about":[{"href":"https:\/\/elfsight.com\/de\/wp-json\/wp\/v2\/types\/page"}],"author":[{"embeddable":true,"href":"https:\/\/elfsight.com\/de\/wp-json\/wp\/v2\/users\/9"}],"replies":[{"embeddable":true,"href":"https:\/\/elfsight.com\/de\/wp-json\/wp\/v2\/comments?post=7980"}],"version-history":[{"count":2,"href":"https:\/\/elfsight.com\/de\/wp-json\/wp\/v2\/pages\/7980\/revisions"}],"predecessor-version":[{"id":24574,"href":"https:\/\/elfsight.com\/de\/wp-json\/wp\/v2\/pages\/7980\/revisions\/24574"}],"up":[{"embeddable":true,"href":"https:\/\/elfsight.com\/de\/wp-json\/wp\/v2\/pages\/2467"}],"wp:attachment":[{"href":"https:\/\/elfsight.com\/de\/wp-json\/wp\/v2\/media?parent=7980"}],"curies":[{"name":"wp","href":"https:\/\/api.w.org\/{rel}","templated":true}]}}