{"id":7979,"date":"2024-05-03T06:29:01","date_gmt":"2024-05-03T06:29:01","guid":{"rendered":"https:\/\/elfsight.com\/de\/?page_id=7979"},"modified":"2025-02-20T13:21:30","modified_gmt":"2025-02-20T13:21:30","slug":"html","status":"publish","type":"page","link":"https:\/\/elfsight.com\/de\/back-to-top-widget\/html\/","title":{"rendered":"Back to Top &#8211; HTML"},"content":{"rendered":"<div class=\"application-platform-content-item-description application-platform-content-item\" id=\"description\" data-nav-section=\"description\"> <h2>Description<\/h2> <p> Back to Top ist ein einfaches Widget f\u00fcr HTML, mit dem Benutzer schnell und nahtlos zum Anfang zur\u00fcckkehren k\u00f6nnen Ihrer Website nach dem Scrollen langer Seiten. Die Besucher Ihrer Website m\u00fcssen nicht mehr nach der Home-Schaltfl\u00e4che suchen und die Bildlaufleiste \u00fcber die gesamte Seite ziehen. Unser Back to Top-Plugin kann so angepasst werden, wie es am besten zu Ihnen passt \u2013 machen Sie es quadratisch oder rund, \u00e4ndern Sie seine Farbe und Gr\u00f6\u00dfe und platzieren Sie es an einer beliebigen Stelle auf der Seite, um die Benutzererfahrung zu verbessern. Der Button kann auf jedem Ger\u00e4t vorgef\u00fchrt werden \u2013 vom Smartphone bis zum Desktop. <\/p> <p><b>Verwenden Sie ein weiteres praktisches \u201eGehe nach oben\u201c-Button-Tool, um eine nahtlose UX beizubehalten<\/b><\/p> <\/div> <div class=\"application-platform-content-item-features application-platform-content-item\" id=\"features\" data-nav-section=\"features\"> <h2>Die wesentlichen Widget-Funktionen include<\/h2> <ul><li>\u00c4ndern Sie die Farbe der Schaltfl\u00e4che<\/li><li>F\u00fcgen Sie das Plugin hinzu auf: jeder Seite, speziell oder ausgeschlossen<\/li><li>Geben Sie die Scrollgeschwindigkeit an<\/li><li>Acht Tastenpositionen verf\u00fcgbar<\/li><li>Zwei Tastensortierungen \u2013 schwebend oder eingebettet<\/li><\/ul><p><a href=\"#demo\">Sie k\u00f6nnen die volle Funktionalit\u00e4t des testen Widget in der Demo <\/a><\/p> <\/div> <div class=\"application-platform-content-item-installation application-platform-content-item\" id=\"installation\" data-nav-section=\"installation\"> <h2>Wie kann ich Scroll to Top in meine HTML-Webseite einbetten? <\/h2> <p>Befolgen Sie einfach die unten beschriebenen Schritte, um mit der Arbeit mit dem Tool zu beginnen. <\/p> <ol><li><b>Nutzen Sie unsere kostenlose Demo und beginnen Sie mit der Erstellung Ihres ma\u00dfgeschneiderten Widgets. <\/b><br> Finden Sie das gew\u00fcnschte Aussehen und die gew\u00fcnschten Eigenschaften des Widgets und nehmen Sie die Korrekturen vor. <\/li> <li><b>Sie erhalten Ihren individuellen Code, der im Feld von Elfsight Apps angezeigt wird. <\/b><br> Nachdem die Einrichtung Ihres pers\u00f6nlichen Plugins abgeschlossen ist, kopieren Sie den exklusiven Code in das erscheinende Feld und bewahren Sie ihn f\u00fcr einen sp\u00e4teren Bedarf auf. <\/li> <li><b>Beginnen Sie mit der Verwendung des Widgets auf der HTML-Site. <\/b><br> F\u00fcgen Sie den k\u00fcrzlich kopierten Code in Ihre Homepage ein und speichern Sie die Korrekturen. <\/li> <li><b>Du bist fertig! Die Einbettung ist erfolgreich abgeschlossen. <\/b><br> Besuchen Sie Ihre Website, um die Leistung des Plugins zu beobachten. <\/li><\/ol> <p>Sollten Sie Schwierigkeiten haben, wenden Sie sich bitte an unsere Support-Mitarbeiter. Unsere Berater beantworten gerne alle Fragen, die Sie zum Widget haben. <\/p> <\/div><div class=\"faq\" data-component=\"FAQ\"><div class=\"faq-item\">\r\n\t\t\t\t\t<div class=\"faq-item-question\">\r\n\t\t\t\t\t\t<h3 class=\"faq-item-question-text\">Wie kann ich der HTML-Website ein Back to Top hinzuf\u00fcgen?<\/h3>\r\n\r\n\t\t\t\t\t\t<div class=\"faq-item-question-icon\"><\/div>\r\n\t\t\t\t\t<\/div>\r\n\r\n\t\t\t\t\t<div class=\"faq-item-answer\">\r\n\t\t\t\t\t\t<div class=\"faq-item-answer-text\"><p>Die Erstellung des Widgets erfolgt auf den Elfsight-Seiten und Sie m\u00fcssen keine Programmierkenntnisse erlernen. \u00d6ffnen Sie die aktive Demo, um Ihr eigenes Tool zu erstellen, holen Sie sich den Code und f\u00fcgen Sie ihn in Ihre Website ein. <\/p><\/div>\r\n\t\t\t\t\t<\/div>\r\n\t\t\t\t<\/div><div class=\"faq-item\">\r\n\t\t\t\t\t<div class=\"faq-item-question\">\r\n\t\t\t\t\t\t<h3 class=\"faq-item-question-text\">Die besten M\u00f6glichkeiten, die Scroll-to-Top-Integration zu nutzen<\/h3>\r\n\r\n\t\t\t\t\t\t<div class=\"faq-item-question-icon\"><\/div>\r\n\t\t\t\t\t<\/div>\r\n\r\n\t\t\t\t\t<div class=\"faq-item-answer\">\r\n\t\t\t\t\t\t<div class=\"faq-item-answer-text\"><p>Wir bieten viele Anpassungsm\u00f6glichkeiten: Widgets in voller L\u00e4nge zur Implementierung im Inhaltsbereich , schwebende Plugins mit Scroll-Optionen, Miniaturansichten f\u00fcr die Fu\u00dfzeile Ihrer Website, Kopfzeile und alle Arten von vertikalen Optionen f\u00fcr Seitenleisten und Men\u00fcs. <\/p><\/div>\r\n\t\t\t\t\t<\/div>\r\n\t\t\t\t<\/div><div class=\"faq-item\">\r\n\t\t\t\t\t<div class=\"faq-item-question\">\r\n\t\t\t\t\t\t<h3 class=\"faq-item-question-text\">Darf ich mit Hilfe des Editors einen unauff\u00e4lligen Zur\u00fcck-zum-Top-Button erstellen?<\/h3>\r\n\r\n\t\t\t\t\t\t<div class=\"faq-item-question-icon\"><\/div>\r\n\t\t\t\t\t<\/div>\r\n\r\n\t\t\t\t\t<div class=\"faq-item-answer\">\r\n\t\t\t\t\t\t<div class=\"faq-item-answer-text\"><p>Es steht Ihnen frei, \u00c4nderungen an jedem Widget vorzunehmen. Im Editor steht eine gro\u00dfe Auswahl an Layouts zur Verf\u00fcgung, die alle schnell nach Ihren W\u00fcnschen personalisiert werden k\u00f6nnen. <\/p><\/div>\r\n\t\t\t\t\t<\/div>\r\n\t\t\t\t<\/div><\/div><p><\/p><!-- \/wp:paragraph - &gt; \/wp:paragraph -->","protected":false},"excerpt":{"rendered":"","protected":false},"author":9,"featured_media":0,"parent":2467,"menu_order":0,"comment_status":"closed","ping_status":"closed","template":"templates\/template-application-platform.php","meta":{"publish_to_discourse":"","publish_post_category":"","wpdc_auto_publish_overridden":"","wpdc_topic_tags":"","wpdc_pin_topic":"","wpdc_pin_until":"","discourse_post_id":"","discourse_permalink":"","wpdc_publishing_response":"","wpdc_publishing_error":"","footnotes":""},"class_list":["post-7979","page","type-page","status-publish","hentry"],"yoast_head":"<!-- This site is optimized with the Yoast SEO plugin v25.3.1 - https:\/\/yoast.com\/wordpress\/plugins\/seo\/ -->\n<title>Zur\u00fcck nach oben \u2013 F\u00fcgen Sie die Schaltfl\u00e4che \u201eNach oben scrollen\u201c zu HTML hinzu (kostenlos und schnell)<\/title>\n<meta name=\"description\" content=\"Betten Sie m\u00fchelos ein barrierefreies \u201eGo to Top\u201c-Widget in Ihre HTML-Website ein. Nutzen Sie unsere n\u00fctzliche Demo, um Ihr einzigartiges Plugin in 1-2-3 zu erstellen.\" \/>\n<meta name=\"robots\" content=\"index, follow, max-snippet:-1, max-image-preview:large, max-video-preview:-1\" \/>\n<link rel=\"canonical\" href=\"https:\/\/elfsight.com\/de\/back-to-top-widget\/html\/\" \/>\n<meta property=\"og:locale\" content=\"de_DE\" \/>\n<meta property=\"og:type\" content=\"article\" \/>\n<meta property=\"og:title\" content=\"Zur\u00fcck nach oben \u2013 F\u00fcgen Sie die Schaltfl\u00e4che \u201eNach oben scrollen\u201c zu HTML hinzu (kostenlos und schnell)\" \/>\n<meta property=\"og:description\" content=\"Betten Sie m\u00fchelos ein barrierefreies \u201eGo to Top\u201c-Widget in Ihre HTML-Website ein. Nutzen Sie unsere n\u00fctzliche Demo, um Ihr einzigartiges Plugin in 1-2-3 zu erstellen.\" \/>\n<meta property=\"og:url\" content=\"https:\/\/elfsight.com\/de\/back-to-top-widget\/html\/\" \/>\n<meta property=\"og:site_name\" content=\"Elfsight DE\" \/>\n<meta property=\"article:modified_time\" content=\"2025-02-20T13:21:30+00:00\" \/>\n<meta name=\"twitter:card\" content=\"summary_large_image\" \/>\n<meta name=\"twitter:label1\" content=\"Gesch\u00e4tzte Lesezeit\" \/>\n\t<meta name=\"twitter:data1\" content=\"3\u00a0Minuten\" \/>\n<!-- \/ Yoast SEO plugin. -->","yoast_head_json":{"title":"Zur\u00fcck nach oben \u2013 F\u00fcgen Sie die Schaltfl\u00e4che \u201eNach oben scrollen\u201c zu HTML hinzu (kostenlos und schnell)","description":"Betten Sie m\u00fchelos ein barrierefreies \u201eGo to Top\u201c-Widget in Ihre HTML-Website ein. Nutzen Sie unsere n\u00fctzliche Demo, um Ihr einzigartiges Plugin in 1-2-3 zu erstellen.","robots":{"index":"index","follow":"follow","max-snippet":"max-snippet:-1","max-image-preview":"max-image-preview:large","max-video-preview":"max-video-preview:-1"},"canonical":"https:\/\/elfsight.com\/de\/back-to-top-widget\/html\/","og_locale":"de_DE","og_type":"article","og_title":"Zur\u00fcck nach oben \u2013 F\u00fcgen Sie die Schaltfl\u00e4che \u201eNach oben scrollen\u201c zu HTML hinzu (kostenlos und schnell)","og_description":"Betten Sie m\u00fchelos ein barrierefreies \u201eGo to Top\u201c-Widget in Ihre HTML-Website ein. Nutzen Sie unsere n\u00fctzliche Demo, um Ihr einzigartiges Plugin in 1-2-3 zu erstellen.","og_url":"https:\/\/elfsight.com\/de\/back-to-top-widget\/html\/","og_site_name":"Elfsight DE","article_modified_time":"2025-02-20T13:21:30+00:00","twitter_card":"summary_large_image","twitter_misc":{"Gesch\u00e4tzte Lesezeit":"3\u00a0Minuten"},"schema":{"@context":"https:\/\/schema.org","@graph":[{"@type":"WebPage","@id":"https:\/\/elfsight.com\/de\/back-to-top-widget\/html\/","url":"https:\/\/elfsight.com\/de\/back-to-top-widget\/html\/","name":"Zur\u00fcck nach oben \u2013 F\u00fcgen Sie die Schaltfl\u00e4che \u201eNach oben scrollen\u201c zu HTML hinzu (kostenlos und schnell)","isPartOf":{"@id":"https:\/\/elfsight.com\/de\/#website"},"datePublished":"2024-05-03T06:29:01+00:00","dateModified":"2025-02-20T13:21:30+00:00","description":"Betten Sie m\u00fchelos ein barrierefreies \u201eGo to Top\u201c-Widget in Ihre HTML-Website ein. Nutzen Sie unsere n\u00fctzliche Demo, um Ihr einzigartiges Plugin in 1-2-3 zu erstellen.","breadcrumb":{"@id":"https:\/\/elfsight.com\/de\/back-to-top-widget\/html\/#breadcrumb"},"inLanguage":"de","potentialAction":[{"@type":"ReadAction","target":["https:\/\/elfsight.com\/de\/back-to-top-widget\/html\/"]}]},{"@type":"BreadcrumbList","@id":"https:\/\/elfsight.com\/de\/back-to-top-widget\/html\/#breadcrumb","itemListElement":[{"@type":"ListItem","position":1,"name":"Home","item":"https:\/\/elfsight.com\/de\/"},{"@type":"ListItem","position":2,"name":"Back to Top","item":"https:\/\/elfsight.com\/de\/back-to-top-widget\/"},{"@type":"ListItem","position":3,"name":"Back to Top &#8211; HTML"}]},{"@type":"WebSite","@id":"https:\/\/elfsight.com\/de\/#website","url":"https:\/\/elfsight.com\/de\/","name":"Elfsight DE","description":"Just another Elfsight Sites site","potentialAction":[{"@type":"SearchAction","target":{"@type":"EntryPoint","urlTemplate":"https:\/\/elfsight.com\/de\/?s={search_term_string}"},"query-input":{"@type":"PropertyValueSpecification","valueRequired":true,"valueName":"search_term_string"}}],"inLanguage":"de"}]}},"meta_box":{"industry":"","seo_heading":"","heading":"","description":"","cta_heading":"","cta_description":"","application":"511","h1":"HTML-Widget \u201eZur\u00fcck zum Anfang\u201c","h1_caption":"F\u00fcgen Sie eine einfache Schaltfl\u00e4che \u201eZur\u00fcck zum Seitenanfang\u201c hinzu, um die Benutzererfahrung zu verbessern, indem Sie eine einfache und m\u00fchelose Navigation zur\u00fcck zum Seitenanfang Ihrer HTML-Website erm\u00f6glichen.","application_category":[],"applications_title":"","applications_request_title":"","applications_request_button_text":"","hero_text":"","hero_video":"","hero_video_schema_markup":"","selling_points_title":"","selling_points_caption":"","selling_points":[],"selling_points_cta_text":"","features_title":"","features":"","ed_cta_examples_text":"","ed_cta_examples_hidden":"","ed_cta_demo_text":"","ed_cta_demo_hidden":"","why_caption":"","why_editor_title":"","why_editor_text":"","why_team_title":"","why_team_text":"","why_service_title":"","why_service_text":"","template_catalog_visible":"0","template_catalog_title":"","template_catalog_text":"","template_catalog_categories_visible":"","demo_title":"Erstellen Sie Ihr Back-to-Top-Widget","demo_caption":"Konfigurieren Sie Ihr Back to Top und f\u00fcgen Sie es kostenlos zu Ihrer HTML-Website hinzu!","default_faq_hidden":"","app_template_category":[],"platform":"260","template_public_id":"","codecanyon_url":"","codecanyon_item_id":"","codecanyon_price":"","pricing_caption":"","pricing_elfsight_apps_hide_column":"","pricing_elfsight_apps_url":"","pricing_codecanyon_price_caption":"","integration_category":[],"integration_request_title":"","integration_request_cta":"","integration_platform":"","integrations":[],"platform_category":[],"video_schema_markup":"","price":"ab 0 $ \/ Monat","trial":"","benefits":[{"text":"Kostenloser Installationsservice"},{"text":"Premium-Support"},{"text":"14-t\u00e4gige R\u00fcckerstattungsgarantie"},{"text":"Regelm\u00e4\u00dfige kostenlose Updates"}],"button_url":"#demo","button_target_blank":"0","button_nofollow":"0","attributes":[{"name":"Installiert","content":"10,000 - 100,000"},{"name":"Reaktionsfreudig","content":"Ja"},{"name":"Kompatible Browser","content":"Firefox, Safari, Opera, Chrome, Edge"}],"tags":[],"tags_disable_links":"0","hide_more_platforms":"0","video_object":"","demo_hide_cta":"0","demo_hide_cloud_options":"0","pricing_title":"","pricing":[{"pricing_icon":"platform","pricing_title":"Elfsight Apps","pricing_title_caption":"Plattform\u00fcbergreifende L\u00f6sung","pricing_price":"ab 0 $ \/ Monat","pricing_price_caption":"Beginnen Sie mit einem kostenlosen Plan","pricing_benefits":[{"text":"Unbegrenzte Websites"},{"text":"Schneller Kundensupport"},{"text":"Kostenlose Installationshilfe"},{"text":"Sonderangebot f\u00fcr mehrere Apps"}],"pricing_button_text":"Zur Website hinzuf\u00fcgen","pricing_button_url":"#demo"}],"related_apps_title":"","related_apps_hidden":"0","author":"","image":[],"title":"","job":"","social_networks":[]},"_links":{"self":[{"href":"https:\/\/elfsight.com\/de\/wp-json\/wp\/v2\/pages\/7979","targetHints":{"allow":["GET"]}}],"collection":[{"href":"https:\/\/elfsight.com\/de\/wp-json\/wp\/v2\/pages"}],"about":[{"href":"https:\/\/elfsight.com\/de\/wp-json\/wp\/v2\/types\/page"}],"author":[{"embeddable":true,"href":"https:\/\/elfsight.com\/de\/wp-json\/wp\/v2\/users\/9"}],"replies":[{"embeddable":true,"href":"https:\/\/elfsight.com\/de\/wp-json\/wp\/v2\/comments?post=7979"}],"version-history":[{"count":2,"href":"https:\/\/elfsight.com\/de\/wp-json\/wp\/v2\/pages\/7979\/revisions"}],"predecessor-version":[{"id":21274,"href":"https:\/\/elfsight.com\/de\/wp-json\/wp\/v2\/pages\/7979\/revisions\/21274"}],"up":[{"embeddable":true,"href":"https:\/\/elfsight.com\/de\/wp-json\/wp\/v2\/pages\/2467"}],"wp:attachment":[{"href":"https:\/\/elfsight.com\/de\/wp-json\/wp\/v2\/media?parent=7979"}],"curies":[{"name":"wp","href":"https:\/\/api.w.org\/{rel}","templated":true}]}}