{"id":7977,"date":"2024-05-03T06:28:59","date_gmt":"2024-05-03T06:28:59","guid":{"rendered":"https:\/\/elfsight.com\/de\/?page_id=7977"},"modified":"2025-02-20T13:22:59","modified_gmt":"2025-02-20T13:22:59","slug":"opencart","status":"publish","type":"page","link":"https:\/\/elfsight.com\/de\/back-to-top-widget\/opencart\/","title":{"rendered":"Back to Top &#8211; OpenCart"},"content":{"rendered":"\n<div class=\"application-platform-content-item-description application-platform-content-item\" id=\"description\" data-nav-section=\"description\"> <h2>Description<\/h2> <p> Back to Top ist eine unkomplizierte Erweiterung f\u00fcr OpenCart, mit der Website-Besucher sofort und nahtlos zum Anfang zur\u00fcckkehren k\u00f6nnen Ihre Webseite nach dem Scrollen durch l\u00e4ngere Seiten. Die Besucher Ihrer Webseite m\u00fcssen nicht mehr nach der Home-Taste suchen und die Bildlaufleiste durch die gesamte Seite ziehen. Die Schaltfl\u00e4che \u201eZur\u00fcck zum Anfang\u201c kann so angepasst werden, wie es Ihnen am besten passt \u2013 machen Sie sie quadratisch oder rund, \u00e4ndern Sie ihre Farbe und Gr\u00f6\u00dfe und platzieren Sie sie an einer beliebigen Stelle auf der Seite, um die UX zu verbessern. Der Button kann auf jedem Ger\u00e4t angezeigt werden \u2013 vom Mobilger\u00e4t bis zum Desktop. <\/p> <p><b>Nutzen Sie ein weiteres zug\u00e4ngliches Back-to-Top-Tool, um eine bewundernswerte UX zu gew\u00e4hrleisten<\/b><\/p> <\/div> <div class=\"application-platform-content-item-features application-platform-content-item\" id=\"features\" data-nav-section=\"features\"> <h2>Das unverzichtbare Widget Funktionsangebot<\/h2> <ul><li>\u00c4ndern Sie die Farbe der Schaltfl\u00e4che<\/li><li>F\u00fcgen Sie die Schaltfl\u00e4che hinzu auf: allen Seiten, bestimmten oder ausgeschlossenen<\/li><li>Legen Sie die Scroll-Agilit\u00e4t fest<\/li><li>Acht Schaltfl\u00e4chenpositionen zur Auswahl<\/li><li>Zwei Schaltfl\u00e4chentypen \u2013 schwebend oder eingebettet<\/li><\/ul><p><a href=\"#demo\">Sie k\u00f6nnen sehen, was Die Erweiterung lohnt sich mit der Demo<\/a><\/p> <\/div> <div class=\"application-platform-content-item-installation application-platform-content-item\" id=\"installation\" data-nav-section=\"installation\"> <h2>Wie kann ich \u201eBack to Top\u201c zu meiner OpenCart-Site hinzuf\u00fcgen? <\/h2> <p>F\u00fchren Sie einfach die unten beschriebenen Schritte aus, um das Tool zu integrieren. <\/p> <ol><li><b>\u00d6ffnen Sie unseren kostenlosen Konfigurator und beginnen Sie mit der Gestaltung Ihrer individuellen Erweiterung. <\/b><br> Geben Sie das ausgew\u00e4hlte Aussehen und die Leistung der Erweiterung an und speichern Sie alle \u00c4nderungen. <\/li> <li><b>Kopieren Sie Ihren individuellen Code, der im Fenster von Elfsight Apps angezeigt wird. <\/b><br> Kopieren Sie unmittelbar nach Abschluss der Erstellung Ihrer Erweiterung den einzelnen Code im angezeigten Fenster und speichern Sie ihn zur sp\u00e4teren Verwendung. <\/li> <li><b>Initiieren Sie die Nutzung der Erweiterung auf der OpenCart-Site. <\/b><br> F\u00fcgen Sie den k\u00fcrzlich gespeicherten Code in Ihre Website ein und \u00fcbernehmen Sie die \u00c4nderungen. <\/li> <li><b>Das Setup wurde erfolgreich durchgef\u00fchrt. <\/b><br> Besuchen Sie Ihre Website, um die Funktionsweise der Erweiterung zu sehen. <\/li><\/ol><p>Sollten Sie auf Probleme sto\u00dfen, k\u00f6nnen Sie sich gerne an unser Support-Team wenden. Unsere Spezialisten helfen Ihnen gerne bei allen Fragen rund um das Produkt weiter. <\/p> <div class=\"faq\" data-component=\"FAQ\"><div class=\"faq-item\">\r\n\t\t\t\t\t<div class=\"faq-item-question\">\r\n\t\t\t\t\t\t<h3 class=\"faq-item-question-text\">Wie f\u00fcge ich ohne Programmierkenntnisse \u201eZur\u00fcck zum Anfang\u201c zu meiner OpenCart-Website hinzu?<\/h3>\r\n\r\n\t\t\t\t\t\t<div class=\"faq-item-question-icon\"><\/div>\r\n\t\t\t\t\t<\/div>\r\n\r\n\t\t\t\t\t<div class=\"faq-item-answer\">\r\n\t\t\t\t\t\t<div class=\"faq-item-answer-text\"> Der Prozess ist: Arbeiten Sie direkt im Online-Editor, um ein \u201eZur\u00fcck zum Anfang\u201c-Widget zu erstellen, das Sie auf Ihrer OpenCart-Website sehen m\u00f6chten. W\u00e4hlen Sie eine der vorgefertigten Vorlagen aus und passen Sie die Einstellungen \u201eZur\u00fcck zum Anfang\u201c an, f\u00fcgen Sie Ihre Inhalte hinzu, \u00e4ndern Sie das Layout und die Farben ohne Programmierkenntnisse. Speichern Sie \u201eZur\u00fcck zum Anfang\u201c und kopieren Sie den Installationscode, den Sie einfach in Ihre OpenCart-Website einf\u00fcgen k\u00f6nnen, ohne einen kostenpflichtigen Plan zu kaufen. Mit unserem intuitiven Editor kann jeder Internetnutzer online ein Back-to-Top-Widget erstellen und es einfach in seine OpenCart-Website einbetten. Um auf den Service zuzugreifen, m\u00fcssen Sie weder bezahlen noch Ihre Kartendaten eingeben. Sollten bei irgendeinem Schritt Probleme auftreten, wenden Sie sich bitte an unser technisches Support-Team.<\/p> <\/div>\r\n\t\t\t\t\t<\/div>\r\n\t\t\t\t<\/div> <\/div><\/div>\n","protected":false},"excerpt":{"rendered":"","protected":false},"author":9,"featured_media":0,"parent":2467,"menu_order":0,"comment_status":"closed","ping_status":"closed","template":"templates\/template-application-platform.php","meta":{"publish_to_discourse":"","publish_post_category":"","wpdc_auto_publish_overridden":"","wpdc_topic_tags":"","wpdc_pin_topic":"","wpdc_pin_until":"","discourse_post_id":"","discourse_permalink":"","wpdc_publishing_response":"","wpdc_publishing_error":"","footnotes":""},"class_list":["post-7977","page","type-page","status-publish","hentry"],"yoast_head":"<!-- This site is optimized with the Yoast SEO plugin v25.3.1 - https:\/\/yoast.com\/wordpress\/plugins\/seo\/ -->\n<title>Zur\u00fcck nach oben \u2013 Scroll-to-Top-Plugin zu OpenCart hinzuf\u00fcgen (kostenlos und schnell)<\/title>\n<meta name=\"description\" content=\"Implementieren Sie problemlos eine barrierefreie Schaltfl\u00e4che \u201eZur\u00fcck zum Anfang\u201c auf Ihrer OpenCart-Site. Nutzen Sie unsere n\u00fctzliche Demo, um Ihre einzigartige Erweiterung zu erstellen.\" \/>\n<meta name=\"robots\" content=\"index, follow, max-snippet:-1, max-image-preview:large, max-video-preview:-1\" \/>\n<link rel=\"canonical\" href=\"https:\/\/elfsight.com\/de\/back-to-top-widget\/opencart\/\" \/>\n<meta property=\"og:locale\" content=\"de_DE\" \/>\n<meta property=\"og:type\" content=\"article\" \/>\n<meta property=\"og:title\" content=\"Zur\u00fcck nach oben \u2013 Scroll-to-Top-Plugin zu OpenCart hinzuf\u00fcgen (kostenlos und schnell)\" \/>\n<meta property=\"og:description\" content=\"Implementieren Sie problemlos eine barrierefreie Schaltfl\u00e4che \u201eZur\u00fcck zum Anfang\u201c auf Ihrer OpenCart-Site. Nutzen Sie unsere n\u00fctzliche Demo, um Ihre einzigartige Erweiterung zu erstellen.\" \/>\n<meta property=\"og:url\" content=\"https:\/\/elfsight.com\/de\/back-to-top-widget\/opencart\/\" \/>\n<meta property=\"og:site_name\" content=\"Elfsight DE\" \/>\n<meta property=\"article:modified_time\" content=\"2025-02-20T13:22:59+00:00\" \/>\n<meta name=\"twitter:card\" content=\"summary_large_image\" \/>\n<meta name=\"twitter:label1\" content=\"Gesch\u00e4tzte Lesezeit\" \/>\n\t<meta name=\"twitter:data1\" content=\"3\u00a0Minuten\" \/>\n<!-- \/ Yoast SEO plugin. -->","yoast_head_json":{"title":"Zur\u00fcck nach oben \u2013 Scroll-to-Top-Plugin zu OpenCart hinzuf\u00fcgen (kostenlos und schnell)","description":"Implementieren Sie problemlos eine barrierefreie Schaltfl\u00e4che \u201eZur\u00fcck zum Anfang\u201c auf Ihrer OpenCart-Site. Nutzen Sie unsere n\u00fctzliche Demo, um Ihre einzigartige Erweiterung zu erstellen.","robots":{"index":"index","follow":"follow","max-snippet":"max-snippet:-1","max-image-preview":"max-image-preview:large","max-video-preview":"max-video-preview:-1"},"canonical":"https:\/\/elfsight.com\/de\/back-to-top-widget\/opencart\/","og_locale":"de_DE","og_type":"article","og_title":"Zur\u00fcck nach oben \u2013 Scroll-to-Top-Plugin zu OpenCart hinzuf\u00fcgen (kostenlos und schnell)","og_description":"Implementieren Sie problemlos eine barrierefreie Schaltfl\u00e4che \u201eZur\u00fcck zum Anfang\u201c auf Ihrer OpenCart-Site. Nutzen Sie unsere n\u00fctzliche Demo, um Ihre einzigartige Erweiterung zu erstellen.","og_url":"https:\/\/elfsight.com\/de\/back-to-top-widget\/opencart\/","og_site_name":"Elfsight DE","article_modified_time":"2025-02-20T13:22:59+00:00","twitter_card":"summary_large_image","twitter_misc":{"Gesch\u00e4tzte Lesezeit":"3\u00a0Minuten"},"schema":{"@context":"https:\/\/schema.org","@graph":[{"@type":"WebPage","@id":"https:\/\/elfsight.com\/de\/back-to-top-widget\/opencart\/","url":"https:\/\/elfsight.com\/de\/back-to-top-widget\/opencart\/","name":"Zur\u00fcck nach oben \u2013 Scroll-to-Top-Plugin zu OpenCart hinzuf\u00fcgen (kostenlos und schnell)","isPartOf":{"@id":"https:\/\/elfsight.com\/de\/#website"},"datePublished":"2024-05-03T06:28:59+00:00","dateModified":"2025-02-20T13:22:59+00:00","description":"Implementieren Sie problemlos eine barrierefreie Schaltfl\u00e4che \u201eZur\u00fcck zum Anfang\u201c auf Ihrer OpenCart-Site. Nutzen Sie unsere n\u00fctzliche Demo, um Ihre einzigartige Erweiterung zu erstellen.","breadcrumb":{"@id":"https:\/\/elfsight.com\/de\/back-to-top-widget\/opencart\/#breadcrumb"},"inLanguage":"de","potentialAction":[{"@type":"ReadAction","target":["https:\/\/elfsight.com\/de\/back-to-top-widget\/opencart\/"]}]},{"@type":"BreadcrumbList","@id":"https:\/\/elfsight.com\/de\/back-to-top-widget\/opencart\/#breadcrumb","itemListElement":[{"@type":"ListItem","position":1,"name":"Home","item":"https:\/\/elfsight.com\/de\/"},{"@type":"ListItem","position":2,"name":"Back to Top","item":"https:\/\/elfsight.com\/de\/back-to-top-widget\/"},{"@type":"ListItem","position":3,"name":"Back to Top &#8211; OpenCart"}]},{"@type":"WebSite","@id":"https:\/\/elfsight.com\/de\/#website","url":"https:\/\/elfsight.com\/de\/","name":"Elfsight DE","description":"Just another Elfsight Sites site","potentialAction":[{"@type":"SearchAction","target":{"@type":"EntryPoint","urlTemplate":"https:\/\/elfsight.com\/de\/?s={search_term_string}"},"query-input":{"@type":"PropertyValueSpecification","valueRequired":true,"valueName":"search_term_string"}}],"inLanguage":"de"}]}},"meta_box":{"industry":"","seo_heading":"","heading":"","description":"","cta_heading":"","cta_description":"","application":"511","h1":"OpenCart-Erweiterung \u201eZur\u00fcck zum Anfang\u201c","h1_caption":"F\u00fcgen Sie eine einfache \u201eZur\u00fcck-nach-oben\u201c-Schaltfl\u00e4che hinzu, um die Benutzererfahrung zu verbessern, indem Sie eine einfache und m\u00fchelose Navigation zur\u00fcck zum Seitenanfang Ihrer Opencart-Website erm\u00f6glichen.","application_category":[],"applications_title":"","applications_request_title":"","applications_request_button_text":"","hero_text":"","hero_video":"","hero_video_schema_markup":"","selling_points_title":"","selling_points_caption":"","selling_points":[],"selling_points_cta_text":"","features_title":"","features":"","ed_cta_examples_text":"","ed_cta_examples_hidden":"","ed_cta_demo_text":"","ed_cta_demo_hidden":"","why_caption":"","why_editor_title":"","why_editor_text":"","why_team_title":"","why_team_text":"","why_service_title":"","why_service_text":"","template_catalog_visible":"0","template_catalog_title":"","template_catalog_text":"","template_catalog_categories_visible":"","demo_title":"Erstellen Sie Ihre Back to Top-Erweiterung","demo_caption":"Konfigurieren Sie Ihr Back to Top und f\u00fcgen Sie es kostenlos zu Ihrer OpenCart-Website hinzu!","default_faq_hidden":"","app_template_category":[],"platform":"254","template_public_id":"","codecanyon_url":"","codecanyon_item_id":"","codecanyon_price":"","pricing_caption":"","pricing_elfsight_apps_hide_column":"","pricing_elfsight_apps_url":"","pricing_codecanyon_price_caption":"","integration_category":[],"integration_request_title":"","integration_request_cta":"","integration_platform":"","integrations":[],"platform_category":[],"video_schema_markup":"","price":"ab 0 $ \/ Monat","trial":"","benefits":[{"text":"Kostenloser Installationsservice"},{"text":"Erfahrener Kundensupport"},{"text":"14-t\u00e4gige Geld-zur\u00fcck-Garantie"},{"text":"Lebenslange kostenlose Updates"}],"button_url":"#demo","button_target_blank":"0","button_nofollow":"0","attributes":[{"name":"Installiert","content":"10,000 - 100,000"},{"name":"Reaktionsfreudig","content":"Ja"},{"name":"Kompatible Browser","content":"Opera, Chrome, Firefox, Safari, Edge"}],"tags":[],"tags_disable_links":"0","hide_more_platforms":"0","video_object":"","demo_hide_cta":"0","demo_hide_cloud_options":"0","pricing_title":"","pricing":[{"pricing_icon":"platform","pricing_title":"Elfsight Apps","pricing_title_caption":"Plattformunabh\u00e4ngige Version, die auf jeder Website funktioniert","pricing_price":"ab 0 $ \/ Monat","pricing_price_caption":"Beginnen Sie mit einem kostenlosen Plan","pricing_benefits":[{"text":"Unbegrenzte Domains"},{"text":"Premium-Kundensupport"},{"text":"Kostenloser Installationsservice"},{"text":"Flexibles Design"}],"pricing_button_text":"Zur Website hinzuf\u00fcgen","pricing_button_url":"#demo"}],"related_apps_title":"","related_apps_hidden":"0","author":"","image":[],"title":"","job":"","social_networks":[]},"_links":{"self":[{"href":"https:\/\/elfsight.com\/de\/wp-json\/wp\/v2\/pages\/7977","targetHints":{"allow":["GET"]}}],"collection":[{"href":"https:\/\/elfsight.com\/de\/wp-json\/wp\/v2\/pages"}],"about":[{"href":"https:\/\/elfsight.com\/de\/wp-json\/wp\/v2\/types\/page"}],"author":[{"embeddable":true,"href":"https:\/\/elfsight.com\/de\/wp-json\/wp\/v2\/users\/9"}],"replies":[{"embeddable":true,"href":"https:\/\/elfsight.com\/de\/wp-json\/wp\/v2\/comments?post=7977"}],"version-history":[{"count":2,"href":"https:\/\/elfsight.com\/de\/wp-json\/wp\/v2\/pages\/7977\/revisions"}],"predecessor-version":[{"id":24575,"href":"https:\/\/elfsight.com\/de\/wp-json\/wp\/v2\/pages\/7977\/revisions\/24575"}],"up":[{"embeddable":true,"href":"https:\/\/elfsight.com\/de\/wp-json\/wp\/v2\/pages\/2467"}],"wp:attachment":[{"href":"https:\/\/elfsight.com\/de\/wp-json\/wp\/v2\/media?parent=7977"}],"curies":[{"name":"wp","href":"https:\/\/api.w.org\/{rel}","templated":true}]}}