{"id":7970,"date":"2024-05-03T06:28:56","date_gmt":"2024-05-03T06:28:56","guid":{"rendered":"https:\/\/elfsight.com\/de\/?page_id=7970"},"modified":"2025-02-20T13:27:38","modified_gmt":"2025-02-20T13:27:38","slug":"webflow","status":"publish","type":"page","link":"https:\/\/elfsight.com\/de\/back-to-top-widget\/webflow\/","title":{"rendered":"Back to Top &#8211; Webflow"},"content":{"rendered":"<div class=\"application-platform-content-item-description application-platform-content-item\" id=\"description\" data-nav-section=\"description\"> <h2>Einbetten von \u201eBack to Top\u201c in Webflow mit dem Elfsight-Widget<\/h2> <p>Elfsight Back to Top ist ein einfaches Tool f\u00fcr Webflow, das dies erm\u00f6glicht Benutzer kehren nach dem Scrollen durch l\u00e4ngere Seiten schnell und reibungslos zum Anfang Ihrer Webseite zur\u00fcck. Die Benutzer Ihrer Website m\u00fcssen nicht mehr nach der Home-Taste suchen und die Bildlaufleiste durch die Seite bewegen. Das Widget \u201eZur\u00fcck zum Anfang\u201c kann ganz nach Ihren W\u00fcnschen angepasst werden \u2013 machen Sie es quadratisch oder abgerundet, \u00e4ndern Sie seine Farbe und Gr\u00f6\u00dfe und platzieren Sie es an einer beliebigen Stelle auf der Seite, um die Benutzerfreundlichkeit zu verbessern. Die Schaltfl\u00e4che kann auf jedem Ger\u00e4t vorgef\u00fchrt werden \u2013 vom Mobilger\u00e4t bis zum Desktop. <\/p> <p><b>Verwenden Sie ein weiteres zug\u00e4ngliches Scroll-to-Top-Tool, um ein erstaunliches Benutzererlebnis zu bieten<\/b><\/p> <\/div> <div class=\"application-platform-content-item-features application-platform-content-item\" id=\"features\" data-nav-section=\"features\"> <h2>Das Grundlegende Zu den Widget-Funktionen geh\u00f6ren<\/h2> <ul><li>Schaltfl\u00e4che neu einf\u00e4rben<\/li><li>Schaltfl\u00e4che hinzuf\u00fcgen auf: jeder Seite, bestimmten oder ausgeschlossenen<\/li><li>Scroll-Agilit\u00e4t festlegen<\/li> <li>8 Schaltfl\u00e4chenpositionen zur Auswahl<\/li><li>2 Schaltfl\u00e4chensortierungen \u2013 schwebend oder eingebettet<\/li><\/ul><p><a href=\"#demo\">Probieren Sie einfach diese Demo aus Holen Sie sich die vollst\u00e4ndige Vorstellung<\/a><\/p> <\/div> <div class=\"application-platform-content-item-installation application-platform-content-item\" id=\"installation\" data-nav-section=\"installation\"> <h2>Wie f\u00fcge ich \u201eBack to Top\u201c auf meiner Webflow-Site hinzu? <\/h2> <p>F\u00fchren Sie einfach die unten beschriebenen Schritte aus, um mit der Verwendung des Widgets zu beginnen. <\/p> <ol><li><b>Nutzen Sie unsere kostenlose Demo und beginnen Sie mit der Erstellung Ihres personalisierten Widgets. <\/b><br> Suchen Sie die ausgew\u00e4hlte Form und Funktionalit\u00e4t des Widgets und \u00fcbernehmen Sie die \u00c4nderungen. <\/li> <li><b>Holen Sie sich den pers\u00f6nlichen Code, der im speziellen Formular auf Elfsight Apps erscheint. <\/b><br> Sobald die Generierung Ihres Widgets abgeschlossen ist, kopieren Sie den pers\u00f6nlichen Code aus dem angezeigten Popup und speichern Sie ihn f\u00fcr zuk\u00fcnftige Gelegenheiten. <\/li> <li><b>Geben Sie an, das Plugin auf Ihrer Webflow-Homepage zu verwenden. <\/b><br> F\u00fcgen Sie den zuvor gespeicherten Code in Ihre Seite ein und wenden Sie die Verbesserungen an. <\/li> <li><b>Das Setup wurde erfolgreich abgeschlossen. <\/b><br> Besuchen Sie Ihre Website, um die Leistung des Tools zu \u00fcberpr\u00fcfen. <\/li><\/ol> <p>Wenn Sie Fragen haben oder auf Schwierigkeiten sto\u00dfen, scheuen Sie sich nicht, sich an unsere Kundendienstmitarbeiter zu wenden. Unsere Berater werden sich freuen, alle Probleme zu l\u00f6sen, die Sie mit dem Plugin haben k\u00f6nnten. <\/p> <div class=\"faq\" data-component=\"FAQ\"><div class=\"faq-item\">\r\n\t\t\t\t\t<div class=\"faq-item-question\">\r\n\t\t\t\t\t\t<h3 class=\"faq-item-question-text\">Wie kann ich ohne Programmierkenntnisse ein Back-to-Top-Widget zu meiner Webflow-Website hinzuf\u00fcgen?<\/h3>\r\n\r\n\t\t\t\t\t\t<div class=\"faq-item-question-icon\"><\/div>\r\n\t\t\t\t\t<\/div>\r\n\r\n\t\t\t\t\t<div class=\"faq-item-answer\">\r\n\t\t\t\t\t\t<div class=\"faq-item-answer-text\"> <p>Elfsight bietet eine SaaS-L\u00f6sung, mit der Sie selbst ein Back-to-Top-Widget erstellen k\u00f6nnen. Sehen Sie, wie das geht Der Vorgang ist einfach: Erstellen Sie direkt im Online-Editor ein Back-to-Top-Widget, das Sie auf Ihrer Webflow-Website sehen m\u00f6chten. W\u00e4hlen Sie eine der vorgefertigten Vorlagen aus und passen Sie die Einstellungen \u201eZur\u00fcck zum Anfang\u201c an, f\u00fcgen Sie Ihre Inhalte hinzu, \u00e4ndern Sie das Layout und die Farben ohne Programmierkenntnisse. Speichern Sie \u201eZur\u00fcck zum Anfang\u201c und kopieren Sie den Installationscode, den Sie Ihrer Webflow-Website hinzuf\u00fcgen k\u00f6nnen, ohne ein kostenpflichtiges Abonnement kaufen zu m\u00fcssen. Mit unserem intuitiven Editor kann jeder Internetnutzer online ein Back-to-Top-Widget erstellen und es einfach in seine Webflow-Website einbetten. Sie m\u00fcssen weder bezahlen noch Ihre Kartendaten eingeben, um auf den Service zuzugreifen. Sollten bei irgendeinem Schritt Probleme auftreten, wenden Sie sich bitte an unser technisches Support-Team.<\/p> <\/div>\r\n\t\t\t\t\t<\/div>\r\n\t\t\t\t<\/div> <\/div><\/div>","protected":false},"excerpt":{"rendered":"","protected":false},"author":9,"featured_media":0,"parent":2467,"menu_order":0,"comment_status":"closed","ping_status":"closed","template":"templates\/template-application-platform.php","meta":{"publish_to_discourse":"","publish_post_category":"","wpdc_auto_publish_overridden":"","wpdc_topic_tags":"","wpdc_pin_topic":"","wpdc_pin_until":"","discourse_post_id":"","discourse_permalink":"","wpdc_publishing_response":"","wpdc_publishing_error":"","footnotes":""},"class_list":["post-7970","page","type-page","status-publish","hentry"],"yoast_head":"<!-- This site is optimized with the Yoast SEO plugin v25.3.1 - https:\/\/yoast.com\/wordpress\/plugins\/seo\/ -->\n<title>Zur\u00fcck nach oben \u2013 F\u00fcgen Sie die Schaltfl\u00e4che \u201eNach oben scrollen\u201c zu Webflow hinzu (kostenlos und schnell)<\/title>\n<meta name=\"description\" content=\"F\u00fcgen Sie Ihrer Webflow-Website schnell ein responsives \u201eZur\u00fcck zum Anfang\u201c-Widget hinzu. Nutzen Sie unsere praktische Demo, um mit nur wenigen Klicks Ihr einzigartiges Werkzeug zu formen.\" \/>\n<meta name=\"robots\" content=\"index, follow, max-snippet:-1, max-image-preview:large, max-video-preview:-1\" \/>\n<link rel=\"canonical\" href=\"https:\/\/elfsight.com\/de\/back-to-top-widget\/webflow\/\" \/>\n<meta property=\"og:locale\" content=\"de_DE\" \/>\n<meta property=\"og:type\" content=\"article\" \/>\n<meta property=\"og:title\" content=\"Zur\u00fcck nach oben \u2013 F\u00fcgen Sie die Schaltfl\u00e4che \u201eNach oben scrollen\u201c zu Webflow hinzu (kostenlos und schnell)\" \/>\n<meta property=\"og:description\" content=\"F\u00fcgen Sie Ihrer Webflow-Website schnell ein responsives \u201eZur\u00fcck zum Anfang\u201c-Widget hinzu. Nutzen Sie unsere praktische Demo, um mit nur wenigen Klicks Ihr einzigartiges Werkzeug zu formen.\" \/>\n<meta property=\"og:url\" content=\"https:\/\/elfsight.com\/de\/back-to-top-widget\/webflow\/\" \/>\n<meta property=\"og:site_name\" content=\"Elfsight DE\" \/>\n<meta property=\"article:modified_time\" content=\"2025-02-20T13:27:38+00:00\" \/>\n<meta name=\"twitter:card\" content=\"summary_large_image\" \/>\n<meta name=\"twitter:label1\" content=\"Gesch\u00e4tzte Lesezeit\" \/>\n\t<meta name=\"twitter:data1\" content=\"3\u00a0Minuten\" \/>\n<!-- \/ Yoast SEO plugin. -->","yoast_head_json":{"title":"Zur\u00fcck nach oben \u2013 F\u00fcgen Sie die Schaltfl\u00e4che \u201eNach oben scrollen\u201c zu Webflow hinzu (kostenlos und schnell)","description":"F\u00fcgen Sie Ihrer Webflow-Website schnell ein responsives \u201eZur\u00fcck zum Anfang\u201c-Widget hinzu. Nutzen Sie unsere praktische Demo, um mit nur wenigen Klicks Ihr einzigartiges Werkzeug zu formen.","robots":{"index":"index","follow":"follow","max-snippet":"max-snippet:-1","max-image-preview":"max-image-preview:large","max-video-preview":"max-video-preview:-1"},"canonical":"https:\/\/elfsight.com\/de\/back-to-top-widget\/webflow\/","og_locale":"de_DE","og_type":"article","og_title":"Zur\u00fcck nach oben \u2013 F\u00fcgen Sie die Schaltfl\u00e4che \u201eNach oben scrollen\u201c zu Webflow hinzu (kostenlos und schnell)","og_description":"F\u00fcgen Sie Ihrer Webflow-Website schnell ein responsives \u201eZur\u00fcck zum Anfang\u201c-Widget hinzu. Nutzen Sie unsere praktische Demo, um mit nur wenigen Klicks Ihr einzigartiges Werkzeug zu formen.","og_url":"https:\/\/elfsight.com\/de\/back-to-top-widget\/webflow\/","og_site_name":"Elfsight DE","article_modified_time":"2025-02-20T13:27:38+00:00","twitter_card":"summary_large_image","twitter_misc":{"Gesch\u00e4tzte Lesezeit":"3\u00a0Minuten"},"schema":{"@context":"https:\/\/schema.org","@graph":[{"@type":"WebPage","@id":"https:\/\/elfsight.com\/de\/back-to-top-widget\/webflow\/","url":"https:\/\/elfsight.com\/de\/back-to-top-widget\/webflow\/","name":"Zur\u00fcck nach oben \u2013 F\u00fcgen Sie die Schaltfl\u00e4che \u201eNach oben scrollen\u201c zu Webflow hinzu (kostenlos und schnell)","isPartOf":{"@id":"https:\/\/elfsight.com\/de\/#website"},"datePublished":"2024-05-03T06:28:56+00:00","dateModified":"2025-02-20T13:27:38+00:00","description":"F\u00fcgen Sie Ihrer Webflow-Website schnell ein responsives \u201eZur\u00fcck zum Anfang\u201c-Widget hinzu. Nutzen Sie unsere praktische Demo, um mit nur wenigen Klicks Ihr einzigartiges Werkzeug zu formen.","breadcrumb":{"@id":"https:\/\/elfsight.com\/de\/back-to-top-widget\/webflow\/#breadcrumb"},"inLanguage":"de","potentialAction":[{"@type":"ReadAction","target":["https:\/\/elfsight.com\/de\/back-to-top-widget\/webflow\/"]}]},{"@type":"BreadcrumbList","@id":"https:\/\/elfsight.com\/de\/back-to-top-widget\/webflow\/#breadcrumb","itemListElement":[{"@type":"ListItem","position":1,"name":"Home","item":"https:\/\/elfsight.com\/de\/"},{"@type":"ListItem","position":2,"name":"Back to Top","item":"https:\/\/elfsight.com\/de\/back-to-top-widget\/"},{"@type":"ListItem","position":3,"name":"Back to Top &#8211; Webflow"}]},{"@type":"WebSite","@id":"https:\/\/elfsight.com\/de\/#website","url":"https:\/\/elfsight.com\/de\/","name":"Elfsight DE","description":"Just another Elfsight Sites site","potentialAction":[{"@type":"SearchAction","target":{"@type":"EntryPoint","urlTemplate":"https:\/\/elfsight.com\/de\/?s={search_term_string}"},"query-input":{"@type":"PropertyValueSpecification","valueRequired":true,"valueName":"search_term_string"}}],"inLanguage":"de"}]}},"meta_box":{"industry":"","seo_heading":"","heading":"","description":"","cta_heading":"","cta_description":"","application":"511","h1":"Webflow-Widget \u201eZur\u00fcck zum Anfang\u201c","h1_caption":"F\u00fcgen Sie eine einfache Schaltfl\u00e4che \u201eZur\u00fcck zum Anfang\u201c hinzu, um die Benutzererfahrung zu verbessern, indem Sie eine einfache und m\u00fchelose Navigation zur\u00fcck zum Seitenanfang Ihrer Webflow-Website erm\u00f6glichen.","application_category":[],"applications_title":"","applications_request_title":"","applications_request_button_text":"","hero_text":"","hero_video":"","hero_video_schema_markup":"","selling_points_title":"","selling_points_caption":"","selling_points":[],"selling_points_cta_text":"","features_title":"","features":"","ed_cta_examples_text":"","ed_cta_examples_hidden":"","ed_cta_demo_text":"","ed_cta_demo_hidden":"","why_caption":"","why_editor_title":"","why_editor_text":"","why_team_title":"","why_team_text":"","why_service_title":"","why_service_text":"","template_catalog_visible":"0","template_catalog_title":"","template_catalog_text":"","template_catalog_categories_visible":"","demo_title":"Erstellen Sie Ihr Back-to-Top-Widget","demo_caption":"Konfigurieren Sie Ihr Back to Top und f\u00fcgen Sie es kostenlos zu Ihrer Webflow-Website hinzu!","default_faq_hidden":"","app_template_category":[],"platform":"250","template_public_id":"","codecanyon_url":"","codecanyon_item_id":"","codecanyon_price":"","pricing_caption":"","pricing_elfsight_apps_hide_column":"","pricing_elfsight_apps_url":"","pricing_codecanyon_price_caption":"","integration_category":[],"integration_request_title":"","integration_request_cta":"","integration_platform":"","integrations":[],"platform_category":[],"video_schema_markup":"","price":"ab 0 $ \/ Monat","trial":"","benefits":[{"text":"Kostenlose Installationshilfe"},{"text":"Professioneller Kundensupport"},{"text":"14-t\u00e4gige Geld-zur\u00fcck-Garantie"},{"text":"St\u00e4ndige Aktualisierung"}],"button_url":"#demo","button_target_blank":"0","button_nofollow":"0","attributes":[{"name":"Installiert","content":"10,000 - 100,000"},{"name":"Reaktionsfreudig","content":"Ja"},{"name":"Kompatible Browser","content":"Opera, Chrome, Edge, Safari, Firefox"}],"tags":[],"tags_disable_links":"0","hide_more_platforms":"0","video_object":"","demo_hide_cta":"0","demo_hide_cloud_options":"0","pricing_title":"","pricing":[{"pricing_icon":"platform","pricing_title":"Elfsight Apps","pricing_title_caption":"Plattform\u00fcbergreifende Software","pricing_price":"ab 0 $ \/ Monat","pricing_price_caption":"Beginnen Sie mit einem kostenlosen Plan","pricing_benefits":[{"text":"Unbegrenzte Anzahl an Domains"},{"text":"Engagierter Kundensupport"},{"text":"Kostenloser Installationsservice"},{"text":"Sonderangebot f\u00fcr mehrere Apps"}],"pricing_button_text":"Zur Website hinzuf\u00fcgen","pricing_button_url":"#demo"}],"related_apps_title":"","related_apps_hidden":"0","author":"","image":[],"title":"","job":"","social_networks":[]},"_links":{"self":[{"href":"https:\/\/elfsight.com\/de\/wp-json\/wp\/v2\/pages\/7970","targetHints":{"allow":["GET"]}}],"collection":[{"href":"https:\/\/elfsight.com\/de\/wp-json\/wp\/v2\/pages"}],"about":[{"href":"https:\/\/elfsight.com\/de\/wp-json\/wp\/v2\/types\/page"}],"author":[{"embeddable":true,"href":"https:\/\/elfsight.com\/de\/wp-json\/wp\/v2\/users\/9"}],"replies":[{"embeddable":true,"href":"https:\/\/elfsight.com\/de\/wp-json\/wp\/v2\/comments?post=7970"}],"version-history":[{"count":2,"href":"https:\/\/elfsight.com\/de\/wp-json\/wp\/v2\/pages\/7970\/revisions"}],"predecessor-version":[{"id":21271,"href":"https:\/\/elfsight.com\/de\/wp-json\/wp\/v2\/pages\/7970\/revisions\/21271"}],"up":[{"embeddable":true,"href":"https:\/\/elfsight.com\/de\/wp-json\/wp\/v2\/pages\/2467"}],"wp:attachment":[{"href":"https:\/\/elfsight.com\/de\/wp-json\/wp\/v2\/media?parent=7970"}],"curies":[{"name":"wp","href":"https:\/\/api.w.org\/{rel}","templated":true}]}}