{"id":7961,"date":"2024-05-03T06:28:51","date_gmt":"2024-05-03T06:28:51","guid":{"rendered":"https:\/\/elfsight.com\/de\/?page_id=7961"},"modified":"2025-02-20T13:32:38","modified_gmt":"2025-02-20T13:32:38","slug":"woocommerce","status":"publish","type":"page","link":"https:\/\/elfsight.com\/de\/back-to-top-widget\/woocommerce\/","title":{"rendered":"Back to Top &#8211; WooCommerce"},"content":{"rendered":"<div class=\"application-platform-content-item-description application-platform-content-item\" id=\"description\" data-nav-section=\"description\"> <h2>Beschreibung<\/h2> <p> Back to Top ist ein unkompliziertes Plugin f\u00fcr WooCommerce, das es Website-Besuchern erm\u00f6glicht, schnell und nahtlos nach oben zur\u00fcckzukehren Ihrer Website nach dem Scrollen langer Seiten. Die Benutzer Ihrer Webseite m\u00fcssen nicht mehr nach der Home-Schaltfl\u00e4che suchen und die Bildlaufleiste durch die Seite ziehen. Das Back-to-Top-Tool kann nach Ihren W\u00fcnschen angepasst werden \u2013 machen Sie es quadratisch oder rund, \u00e4ndern Sie seine Farbe und Gr\u00f6\u00dfe und platzieren Sie es an einer beliebigen Stelle auf Ihrer Website, um die Benutzererfahrung zu verbessern. Die Schaltfl\u00e4che kann auf jedem Ger\u00e4tetyp vorgef\u00fchrt werden \u2013 vom Mobilger\u00e4t bis zum Desktop. <\/p> <p><b>Nutzen Sie ein weiteres praktisches Back-to-Top-Widget, um ein hervorragendes Benutzererlebnis zu gew\u00e4hrleisten<\/b><\/p> <\/div> <div class=\"application-platform-content-item-features application-platform-content-item\" id=\"features\" data-nav-section=\"features\"> <h2>Dies sind Nur einige der vielen Plugin-Funktionen: <\/h2> <ul><li>\u00c4ndern Sie die Farbe der Schaltfl\u00e4che<\/li><li>Einbetten des Widgets auf: allen Seiten, bestimmten oder ausgeschlossenen<\/li><li>Stellen Sie die Bildlaufgeschwindigkeit ein<\/li><li>Acht Tastenpositionen zur Auswahl<\/li><li>2 Tastengruppen \u2013 schwebend oder eingebettet<\/li><\/ul><p><a href=\"# demo\">Sie k\u00f6nnen die vollst\u00e4ndigen Funktionen des Plugins in der Demo auf dieser Seite erfahren<\/a><\/p> <\/div> <div class=\"application-platform-content-item-installation application-platform-content-item\" id=\"installation\" data-nav-section=\"installation\"> <h2>Wie man Back to Top in meine einbettet WooCommerce-Website? <\/h2> <p>Erf\u00fcllen Sie einfach die folgenden Richtlinien, um das Widget zu aktivieren. <\/p> <ol><li><b>Nutzen Sie unsere kostenlose Demo und beginnen Sie mit der Erstellung Ihres ma\u00dfgeschneiderten Plugins. <\/b><br> W\u00e4hlen Sie das benutzerdefinierte Formular und die Aspekte des Plugins aus und \u00fcbernehmen Sie die \u00c4nderungen. <\/li> <li><b>Erhalten Sie Ihren pers\u00f6nlichen Code, der in der Witwe auf Elfsight Apps angezeigt wird. <\/b><br> Gleich nachdem die Konfiguration Ihres pers\u00f6nlichen Plugins abgeschlossen ist, kopieren Sie den pers\u00f6nlichen Code in das angezeigte Feld und bewahren Sie ihn f\u00fcr die zuk\u00fcnftige Verwendung auf. <\/li> <li><b>Erste Schritte mit der Verwendung des Tools auf der WooCommerce-Website. <\/b><br> F\u00fcgen Sie den zuvor gespeicherten Code in Ihre Seite ein und speichern Sie die Korrekturen. <\/li> <li><b>Die Installation ist vollst\u00e4ndig beendet. <\/b><br> Gehen Sie zu Ihrer Webseite, um die Leistung des Plugins zu \u00fcberpr\u00fcfen. <\/li><\/ol> <p>Wenn Sie Fragen haben oder auf Hindernisse sto\u00dfen, k\u00f6nnen Sie sich gerne an unser Support-Team wenden. Unsere Mitarbeiter sind bestrebt, alle Ihre Fragen zum Widget zu beantworten. <\/p> <\/div><div class=\"faq\" data-component=\"FAQ\"><div class=\"faq-item\">\r\n\t\t\t\t\t<div class=\"faq-item-question\">\r\n\t\t\t\t\t\t<h3 class=\"faq-item-question-text\">Wie f\u00fcge ich ein Back to Top zur WooCommerce-Site hinzu?<\/h3>\r\n\r\n\t\t\t\t\t\t<div class=\"faq-item-question-icon\"><\/div>\r\n\t\t\t\t\t<\/div>\r\n\r\n\t\t\t\t\t<div class=\"faq-item-answer\">\r\n\t\t\t\t\t\t<div class=\"faq-item-answer-text\"><p>Der Aufbau des Widgets erfolgt auf den Elfsight-Seiten und Sie m\u00fcssen keine Programmierkenntnisse erlernen. Nutzen Sie die Online-Demo, um Ihre pers\u00f6nliche App zu erstellen, den Code zu erhalten und ihn in Ihre Website zu integrieren. <\/p><\/div>\r\n\t\t\t\t\t<\/div>\r\n\t\t\t\t<\/div><div class=\"faq-item\">\r\n\t\t\t\t\t<div class=\"faq-item-question\">\r\n\t\t\t\t\t\t<h3 class=\"faq-item-question-text\">Die besten Anwendungsbeispiele f\u00fcr die Scroll-to-Top-Integration<\/h3>\r\n\r\n\t\t\t\t\t\t<div class=\"faq-item-question-icon\"><\/div>\r\n\t\t\t\t\t<\/div>\r\n\r\n\t\t\t\t\t<div class=\"faq-item-answer\">\r\n\t\t\t\t\t\t<div class=\"faq-item-answer-text\"><p>Wir bieten Ihnen eine F\u00fclle von Anpassungsm\u00f6glichkeiten: Widgets in voller L\u00e4nge zur Implementierung im Inhaltsbereich , schwebende Widgets mit Scrollfunktion, Miniaturansichten f\u00fcr die Fu\u00dfzeile Ihrer Website, Kopfzeile und alle Arten von vertikalen Optionen f\u00fcr Seitenleisten und Men\u00fcs Ihrer Website. <\/p><\/div>\r\n\t\t\t\t\t<\/div>\r\n\t\t\t\t<\/div><div class=\"faq-item\">\r\n\t\t\t\t\t<div class=\"faq-item-question\">\r\n\t\t\t\t\t\t<h3 class=\"faq-item-question-text\">Wie erstelle ich mit Hilfe Ihres Redakteurs einen Scroll-Top-Button oder einen Link zum Top-Button?<\/h3>\r\n\r\n\t\t\t\t\t\t<div class=\"faq-item-question-icon\"><\/div>\r\n\t\t\t\t\t<\/div>\r\n\r\n\t\t\t\t\t<div class=\"faq-item-answer\">\r\n\t\t\t\t\t\t<div class=\"faq-item-answer-text\"><p>Sie k\u00f6nnen gerne beliebige Widgets erstellen \u00c4nderungen. Im Editor stehen zahlreiche Layouts zur Verf\u00fcgung, die alle ganz einfach an Ihre Bed\u00fcrfnisse angepasst werden k\u00f6nnen. <\/p><\/div>\r\n\t\t\t\t\t<\/div>\r\n\t\t\t\t<\/div><\/div>","protected":false},"excerpt":{"rendered":"","protected":false},"author":9,"featured_media":0,"parent":2467,"menu_order":0,"comment_status":"closed","ping_status":"closed","template":"templates\/template-application-platform.php","meta":{"publish_to_discourse":"","publish_post_category":"","wpdc_auto_publish_overridden":"","wpdc_topic_tags":"","wpdc_pin_topic":"","wpdc_pin_until":"","discourse_post_id":"","discourse_permalink":"","wpdc_publishing_response":"","wpdc_publishing_error":"","footnotes":""},"class_list":["post-7961","page","type-page","status-publish","hentry"],"yoast_head":"<!-- This site is optimized with the Yoast SEO plugin v25.3.1 - https:\/\/yoast.com\/wordpress\/plugins\/seo\/ -->\n<title>Zur\u00fcck nach oben \u2013 F\u00fcgen Sie die Schaltfl\u00e4che \u201eNach oben scrollen\u201c zu WooCommerce hinzu (kostenlos und schnell)<\/title>\n<meta name=\"description\" content=\"F\u00fcgen Sie ohne gro\u00dfen Aufwand ein responsives \u201eBack to Top\u201c-Widget auf Ihrer WooCommerce-Website hinzu. Nutzen Sie unsere praktische Demo, um Ihr einzigartiges Werkzeug zu konstruieren.\" \/>\n<meta name=\"robots\" content=\"index, follow, max-snippet:-1, max-image-preview:large, max-video-preview:-1\" \/>\n<link rel=\"canonical\" href=\"https:\/\/elfsight.com\/de\/back-to-top-widget\/woocommerce\/\" \/>\n<meta property=\"og:locale\" content=\"de_DE\" \/>\n<meta property=\"og:type\" content=\"article\" \/>\n<meta property=\"og:title\" content=\"Zur\u00fcck nach oben \u2013 F\u00fcgen Sie die Schaltfl\u00e4che \u201eNach oben scrollen\u201c zu WooCommerce hinzu (kostenlos und schnell)\" \/>\n<meta property=\"og:description\" content=\"F\u00fcgen Sie ohne gro\u00dfen Aufwand ein responsives \u201eBack to Top\u201c-Widget auf Ihrer WooCommerce-Website hinzu. Nutzen Sie unsere praktische Demo, um Ihr einzigartiges Werkzeug zu konstruieren.\" \/>\n<meta property=\"og:url\" content=\"https:\/\/elfsight.com\/de\/back-to-top-widget\/woocommerce\/\" \/>\n<meta property=\"og:site_name\" content=\"Elfsight DE\" \/>\n<meta property=\"article:modified_time\" content=\"2025-02-20T13:32:38+00:00\" \/>\n<meta name=\"twitter:card\" content=\"summary_large_image\" \/>\n<meta name=\"twitter:label1\" content=\"Gesch\u00e4tzte Lesezeit\" \/>\n\t<meta name=\"twitter:data1\" content=\"3\u00a0Minuten\" \/>\n<!-- \/ Yoast SEO plugin. -->","yoast_head_json":{"title":"Zur\u00fcck nach oben \u2013 F\u00fcgen Sie die Schaltfl\u00e4che \u201eNach oben scrollen\u201c zu WooCommerce hinzu (kostenlos und schnell)","description":"F\u00fcgen Sie ohne gro\u00dfen Aufwand ein responsives \u201eBack to Top\u201c-Widget auf Ihrer WooCommerce-Website hinzu. Nutzen Sie unsere praktische Demo, um Ihr einzigartiges Werkzeug zu konstruieren.","robots":{"index":"index","follow":"follow","max-snippet":"max-snippet:-1","max-image-preview":"max-image-preview:large","max-video-preview":"max-video-preview:-1"},"canonical":"https:\/\/elfsight.com\/de\/back-to-top-widget\/woocommerce\/","og_locale":"de_DE","og_type":"article","og_title":"Zur\u00fcck nach oben \u2013 F\u00fcgen Sie die Schaltfl\u00e4che \u201eNach oben scrollen\u201c zu WooCommerce hinzu (kostenlos und schnell)","og_description":"F\u00fcgen Sie ohne gro\u00dfen Aufwand ein responsives \u201eBack to Top\u201c-Widget auf Ihrer WooCommerce-Website hinzu. Nutzen Sie unsere praktische Demo, um Ihr einzigartiges Werkzeug zu konstruieren.","og_url":"https:\/\/elfsight.com\/de\/back-to-top-widget\/woocommerce\/","og_site_name":"Elfsight DE","article_modified_time":"2025-02-20T13:32:38+00:00","twitter_card":"summary_large_image","twitter_misc":{"Gesch\u00e4tzte Lesezeit":"3\u00a0Minuten"},"schema":{"@context":"https:\/\/schema.org","@graph":[{"@type":"WebPage","@id":"https:\/\/elfsight.com\/de\/back-to-top-widget\/woocommerce\/","url":"https:\/\/elfsight.com\/de\/back-to-top-widget\/woocommerce\/","name":"Zur\u00fcck nach oben \u2013 F\u00fcgen Sie die Schaltfl\u00e4che \u201eNach oben scrollen\u201c zu WooCommerce hinzu (kostenlos und schnell)","isPartOf":{"@id":"https:\/\/elfsight.com\/de\/#website"},"datePublished":"2024-05-03T06:28:51+00:00","dateModified":"2025-02-20T13:32:38+00:00","description":"F\u00fcgen Sie ohne gro\u00dfen Aufwand ein responsives \u201eBack to Top\u201c-Widget auf Ihrer WooCommerce-Website hinzu. Nutzen Sie unsere praktische Demo, um Ihr einzigartiges Werkzeug zu konstruieren.","breadcrumb":{"@id":"https:\/\/elfsight.com\/de\/back-to-top-widget\/woocommerce\/#breadcrumb"},"inLanguage":"de","potentialAction":[{"@type":"ReadAction","target":["https:\/\/elfsight.com\/de\/back-to-top-widget\/woocommerce\/"]}]},{"@type":"BreadcrumbList","@id":"https:\/\/elfsight.com\/de\/back-to-top-widget\/woocommerce\/#breadcrumb","itemListElement":[{"@type":"ListItem","position":1,"name":"Home","item":"https:\/\/elfsight.com\/de\/"},{"@type":"ListItem","position":2,"name":"Back to Top","item":"https:\/\/elfsight.com\/de\/back-to-top-widget\/"},{"@type":"ListItem","position":3,"name":"Back to Top &#8211; WooCommerce"}]},{"@type":"WebSite","@id":"https:\/\/elfsight.com\/de\/#website","url":"https:\/\/elfsight.com\/de\/","name":"Elfsight DE","description":"Just another Elfsight Sites site","potentialAction":[{"@type":"SearchAction","target":{"@type":"EntryPoint","urlTemplate":"https:\/\/elfsight.com\/de\/?s={search_term_string}"},"query-input":{"@type":"PropertyValueSpecification","valueRequired":true,"valueName":"search_term_string"}}],"inLanguage":"de"}]}},"meta_box":{"industry":"","seo_heading":"","heading":"","description":"","cta_heading":"","cta_description":"","application":"511","h1":"WooCommerce-Plugin \u201eZur\u00fcck zum Anfang\u201c","h1_caption":"F\u00fcgen Sie eine einfache \u201eZur\u00fcck-nach-oben\u201c-Schaltfl\u00e4che hinzu, um die Benutzererfahrung zu verbessern, indem Sie eine einfache und m\u00fchelose Navigation zur\u00fcck zum Seitenanfang Ihrer WooCommerce-Website erm\u00f6glichen.","application_category":[],"applications_title":"","applications_request_title":"","applications_request_button_text":"","hero_text":"","hero_video":"","hero_video_schema_markup":"","selling_points_title":"","selling_points_caption":"","selling_points":[],"selling_points_cta_text":"","features_title":"","features":"","ed_cta_examples_text":"","ed_cta_examples_hidden":"","ed_cta_demo_text":"","ed_cta_demo_hidden":"","why_caption":"","why_editor_title":"","why_editor_text":"","why_team_title":"","why_team_text":"","why_service_title":"","why_service_text":"","template_catalog_visible":"0","template_catalog_title":"","template_catalog_text":"","template_catalog_categories_visible":"","demo_title":"Erstellen Sie Ihre Back to Top-App","demo_caption":"Konfigurieren Sie Ihr Back to Top und f\u00fcgen Sie es kostenlos zu Ihrer WooCommerce-Website hinzu!","default_faq_hidden":"","app_template_category":[],"platform":"200","template_public_id":"","codecanyon_url":"","codecanyon_item_id":"","codecanyon_price":"","pricing_caption":"","pricing_elfsight_apps_hide_column":"","pricing_elfsight_apps_url":"","pricing_codecanyon_price_caption":"","integration_category":[],"integration_request_title":"","integration_request_cta":"","integration_platform":"","integrations":[],"platform_category":[],"video_schema_markup":"","price":"ab 0 $ \/ Monat","trial":"","benefits":[{"text":"Kostenloser Installationsservice"},{"text":"Au\u00dfergew\u00f6hnlicher Support"},{"text":"14-t\u00e4gige R\u00fcckerstattungsgarantie"},{"text":"St\u00e4ndige Aktualisierung"}],"button_url":"#demo","button_target_blank":"0","button_nofollow":"0","attributes":[{"name":"Installiert","content":"10,000 - 100,000"},{"name":"Reaktionsfreudig","content":"Ja"},{"name":"Kompatible Browser","content":"Firefox, Safari, Opera, Chrome, Edge"}],"tags":[],"tags_disable_links":"0","hide_more_platforms":"0","video_object":"","demo_hide_cta":"0","demo_hide_cloud_options":"0","pricing_title":"","pricing":[{"pricing_icon":"platform","pricing_title":"Elfsight Apps","pricing_title_caption":"Plattform\u00fcbergreifende Version, die auf jeder Website funktioniert","pricing_price":"ab 0 $ \/ Monat","pricing_price_caption":"Beginnen Sie mit einem kostenlosen Plan","pricing_benefits":[{"text":"Unbegrenzte Websites"},{"text":"Premium-Kundensupport"},{"text":"Kostenloser Installationssupport"},{"text":"100 % anpassbar"}],"pricing_button_text":"Zur Website hinzuf\u00fcgen","pricing_button_url":"#demo"}],"related_apps_title":"","related_apps_hidden":"0","author":"","image":[],"title":"","job":"","social_networks":[]},"_links":{"self":[{"href":"https:\/\/elfsight.com\/de\/wp-json\/wp\/v2\/pages\/7961","targetHints":{"allow":["GET"]}}],"collection":[{"href":"https:\/\/elfsight.com\/de\/wp-json\/wp\/v2\/pages"}],"about":[{"href":"https:\/\/elfsight.com\/de\/wp-json\/wp\/v2\/types\/page"}],"author":[{"embeddable":true,"href":"https:\/\/elfsight.com\/de\/wp-json\/wp\/v2\/users\/9"}],"replies":[{"embeddable":true,"href":"https:\/\/elfsight.com\/de\/wp-json\/wp\/v2\/comments?post=7961"}],"version-history":[{"count":2,"href":"https:\/\/elfsight.com\/de\/wp-json\/wp\/v2\/pages\/7961\/revisions"}],"predecessor-version":[{"id":21268,"href":"https:\/\/elfsight.com\/de\/wp-json\/wp\/v2\/pages\/7961\/revisions\/21268"}],"up":[{"embeddable":true,"href":"https:\/\/elfsight.com\/de\/wp-json\/wp\/v2\/pages\/2467"}],"wp:attachment":[{"href":"https:\/\/elfsight.com\/de\/wp-json\/wp\/v2\/media?parent=7961"}],"curies":[{"name":"wp","href":"https:\/\/api.w.org\/{rel}","templated":true}]}}