{"id":7955,"date":"2024-05-03T06:28:49","date_gmt":"2024-05-03T06:28:49","guid":{"rendered":"https:\/\/elfsight.com\/de\/?page_id=7955"},"modified":"2025-02-20T13:47:05","modified_gmt":"2025-02-20T13:47:05","slug":"godaddy","status":"publish","type":"page","link":"https:\/\/elfsight.com\/de\/back-to-top-widget\/godaddy\/","title":{"rendered":"Back to top &#8211; GoDaddy"},"content":{"rendered":"\n<div class=\"application-platform-content-item-description application-platform-content-item\" id=\"description\" data-nav-section=\"description\"> <h2>Mit dem Elfsight-Widget \u201eZur\u00fcck zum Anfang\u201c auf GoDaddy einbetten<\/h2> <p> \u201eZur\u00fcck zum Anfang\u201c ist ein unkompliziertes Plugin f\u00fcr GoDaddy, das Benutzern den sofortigen Zugriff erm\u00f6glicht und kehren Sie nach dem Scrollen langer Seiten reibungslos zum Anfang Ihrer Webseite zur\u00fcck. Die Besucher Ihrer Webseite m\u00fcssen nicht mehr nach der Home-Taste suchen und die Bildlaufleiste durch die Seite bewegen. Unsere Schaltfl\u00e4che \u201eZur\u00fcck zum Anfang\u201c kann so angepasst werden, wie sie am besten zu Ihnen passt \u2013 gestalten Sie sie quadratisch oder rund, \u00e4ndern Sie ihre Farbe und Gr\u00f6\u00dfe und platzieren Sie sie an einer beliebigen Stelle auf Ihrer Website, um die Benutzererfahrung zu verbessern. Der Button kann auf jedem Ger\u00e4tetyp angezeigt werden \u2013 vom Mobilger\u00e4t bis zum Desktop. <\/p> <p><b>Verwenden Sie ein weiteres praktisches Back-to-Top-Plugin, um eine bewundernswerte UX bereitzustellen<\/b><\/p> <\/div> <div class=\"application-platform-content-item-features application-platform-content-item\" id=\"features\" data-nav-section=\"features\"> <h2>Wir bieten leistungsstarke und einfache Funktionen, sehen Sie sich einige davon an: <\/h2> <ul><li>F\u00e4rben Sie die Schaltfl\u00e4che neu<\/li><li>Implementieren Sie die Schaltfl\u00e4che auf: jeder Seite, spezifisch oder ausgeschlossen<\/li><li>Geben Sie an Scroll-Agilit\u00e4t<\/li><li>8 Tastenpositionen zur Auswahl<\/li><li>2 Tastensortierungen \u2013 schwebend oder eingebettet<\/li><\/ul><p><a href=\"#demo\"> Untersuchen Sie alle Anpassungsoptionen in einer voll funktionsf\u00e4higen Demo<\/a><\/p> <\/div> <div class=\"application-platform-content-item-installation application-platform-content-item\" id=\"installation\" data-nav-section=\"installation\"> <h2>Wie f\u00fcge ich \u201eBack to Top\u201c zu meiner GoDaddy-Website hinzu? <\/h2> <p>Befolgen Sie einfach die nachstehenden Anweisungen, um das Plugin hinzuzuf\u00fcgen. <\/p> <ol><li><b>Starten Sie unseren kostenlosen Editor und beginnen Sie mit der Erstellung Ihres individuellen Plugins. <\/b><br> Bestimmen Sie das bevorzugte Design und die Parameter des Plugins und wenden Sie die \u00c4nderungen an. <\/li> <li><b>Lassen Sie sich Ihren pers\u00f6nlichen Code im speziellen Formular auf Elfsight Apps anzeigen. <\/b><br> Nachdem die Konfiguration Ihres pers\u00f6nlichen Plugins abgeschlossen ist, kopieren Sie den pers\u00f6nlichen Code im erscheinenden Fenster und bewahren Sie ihn f\u00fcr zuk\u00fcnftige Gelegenheiten auf. <\/li> <li><b>Beginnen Sie mit der Nutzung des Tools auf der GoDaddy-Homepage. <\/b><br> F\u00fcgen Sie den k\u00fcrzlich kopierten Code in Ihre Homepage ein und wenden Sie die Verbesserungen an. <\/li> <li><b>Fertig! Die Integration wurde erfolgreich durchgef\u00fchrt. <\/b><br> Besuchen Sie Ihre Website, um zu \u00fcberpr\u00fcfen, wie das Plugin funktioniert. <\/li><\/ol> <p>Wenn Sie auf Schwierigkeiten sto\u00dfen, z\u00f6gern Sie nicht, die Hilfe unseres Kundendienstteams in Anspruch zu nehmen. Unsere Berater helfen Ihnen gerne bei allen Fragen rund um das Plugin weiter. <\/p> <div class=\"faq\" data-component=\"FAQ\"><div class=\"faq-item\">\r\n\t\t\t\t\t<div class=\"faq-item-question\">\r\n\t\t\t\t\t\t<h3 class=\"faq-item-question-text\">Wie f\u00fcge ich ohne Programmierkenntnisse \u201eZur\u00fcck zum Anfang\u201c zu meiner GoDaddy-Website hinzu?<\/h3>\r\n\r\n\t\t\t\t\t\t<div class=\"faq-item-question-icon\"><\/div>\r\n\t\t\t\t\t<\/div>\r\n\r\n\t\t\t\t\t<div class=\"faq-item-answer\">\r\n\t\t\t\t\t\t<div class=\"faq-item-answer-text\"> <p>Elfsight bietet eine SaaS-L\u00f6sung, mit der Sie selbst ein \u201eZur\u00fcck zum Anfang\u201c-Widget erstellen k\u00f6nnen. Sehen Sie, wie einfach es ist Der Vorgang ist: Arbeiten Sie direkt im Online-Editor, um ein \u201eZur\u00fcck zum Anfang\u201c-Widget zu erstellen, das Sie auf Ihrer GoDaddy-Website sehen m\u00f6chten. W\u00e4hlen Sie eine der vorgefertigten Vorlagen aus und passen Sie die Einstellungen \u201eZur\u00fcck zum Anfang\u201c an, f\u00fcgen Sie Ihre Inhalte hinzu, \u00e4ndern Sie das Layout und die Farben ohne Programmierkenntnisse. Speichern Sie \u201eBack to top\u201c und kopieren Sie den Installationscode, den Sie ganz einfach in Ihre GoDaddy-Website einbetten k\u00f6nnen, ohne einen kostenpflichtigen Plan kaufen zu m\u00fcssen. Mit unserem intuitiven Editor kann jeder Internetnutzer online ein Back-to-Top-Widget erstellen und es einfach in seine GoDaddy-Website einbetten. Um auf den Service zuzugreifen, m\u00fcssen Sie weder bezahlen noch Ihre Kartendaten eingeben. Sollten bei irgendeinem Schritt Probleme auftreten, wenden Sie sich bitte an unser technisches Support-Team.<\/p> <\/div>\r\n\t\t\t\t\t<\/div>\r\n\t\t\t\t<\/div> <\/div><\/div>\n","protected":false},"excerpt":{"rendered":"","protected":false},"author":9,"featured_media":0,"parent":2467,"menu_order":0,"comment_status":"closed","ping_status":"closed","template":"templates\/template-application-platform.php","meta":{"publish_to_discourse":"","publish_post_category":"","wpdc_auto_publish_overridden":"","wpdc_topic_tags":"","wpdc_pin_topic":"","wpdc_pin_until":"","discourse_post_id":"","discourse_permalink":"","wpdc_publishing_response":"","wpdc_publishing_error":"","footnotes":""},"class_list":["post-7955","page","type-page","status-publish","hentry"],"yoast_head":"<!-- This site is optimized with the Yoast SEO plugin v25.3.1 - https:\/\/yoast.com\/wordpress\/plugins\/seo\/ -->\n<title>Back to Top \u2013 F\u00fcgen Sie das Back to Top-Plugin zur GoDaddy-Website hinzu!<\/title>\n<meta name=\"description\" content=\"Implementieren Sie schnell ein responsives \u201eBack to Top\u201c-Plugin auf Ihrer GoDaddy-Webseite. Nutzen Sie unsere n\u00fctzliche Demo, um Ihr einzigartiges Plugin zu erstellen!\" \/>\n<meta name=\"robots\" content=\"index, follow, max-snippet:-1, max-image-preview:large, max-video-preview:-1\" \/>\n<link rel=\"canonical\" href=\"https:\/\/elfsight.com\/de\/back-to-top-widget\/godaddy\/\" \/>\n<meta property=\"og:locale\" content=\"de_DE\" \/>\n<meta property=\"og:type\" content=\"article\" \/>\n<meta property=\"og:title\" content=\"Back to Top \u2013 F\u00fcgen Sie das Back to Top-Plugin zur GoDaddy-Website hinzu!\" \/>\n<meta property=\"og:description\" content=\"Implementieren Sie schnell ein responsives \u201eBack to Top\u201c-Plugin auf Ihrer GoDaddy-Webseite. Nutzen Sie unsere n\u00fctzliche Demo, um Ihr einzigartiges Plugin zu erstellen!\" \/>\n<meta property=\"og:url\" content=\"https:\/\/elfsight.com\/de\/back-to-top-widget\/godaddy\/\" \/>\n<meta property=\"og:site_name\" content=\"Elfsight DE\" \/>\n<meta property=\"article:modified_time\" content=\"2025-02-20T13:47:05+00:00\" \/>\n<meta name=\"twitter:card\" content=\"summary_large_image\" \/>\n<meta name=\"twitter:label1\" content=\"Gesch\u00e4tzte Lesezeit\" \/>\n\t<meta name=\"twitter:data1\" content=\"3\u00a0Minuten\" \/>\n<!-- \/ Yoast SEO plugin. -->","yoast_head_json":{"title":"Back to Top \u2013 F\u00fcgen Sie das Back to Top-Plugin zur GoDaddy-Website hinzu!","description":"Implementieren Sie schnell ein responsives \u201eBack to Top\u201c-Plugin auf Ihrer GoDaddy-Webseite. Nutzen Sie unsere n\u00fctzliche Demo, um Ihr einzigartiges Plugin zu erstellen!","robots":{"index":"index","follow":"follow","max-snippet":"max-snippet:-1","max-image-preview":"max-image-preview:large","max-video-preview":"max-video-preview:-1"},"canonical":"https:\/\/elfsight.com\/de\/back-to-top-widget\/godaddy\/","og_locale":"de_DE","og_type":"article","og_title":"Back to Top \u2013 F\u00fcgen Sie das Back to Top-Plugin zur GoDaddy-Website hinzu!","og_description":"Implementieren Sie schnell ein responsives \u201eBack to Top\u201c-Plugin auf Ihrer GoDaddy-Webseite. Nutzen Sie unsere n\u00fctzliche Demo, um Ihr einzigartiges Plugin zu erstellen!","og_url":"https:\/\/elfsight.com\/de\/back-to-top-widget\/godaddy\/","og_site_name":"Elfsight DE","article_modified_time":"2025-02-20T13:47:05+00:00","twitter_card":"summary_large_image","twitter_misc":{"Gesch\u00e4tzte Lesezeit":"3\u00a0Minuten"},"schema":{"@context":"https:\/\/schema.org","@graph":[{"@type":"WebPage","@id":"https:\/\/elfsight.com\/de\/back-to-top-widget\/godaddy\/","url":"https:\/\/elfsight.com\/de\/back-to-top-widget\/godaddy\/","name":"Back to Top \u2013 F\u00fcgen Sie das Back to Top-Plugin zur GoDaddy-Website hinzu!","isPartOf":{"@id":"https:\/\/elfsight.com\/de\/#website"},"datePublished":"2024-05-03T06:28:49+00:00","dateModified":"2025-02-20T13:47:05+00:00","description":"Implementieren Sie schnell ein responsives \u201eBack to Top\u201c-Plugin auf Ihrer GoDaddy-Webseite. Nutzen Sie unsere n\u00fctzliche Demo, um Ihr einzigartiges Plugin zu erstellen!","breadcrumb":{"@id":"https:\/\/elfsight.com\/de\/back-to-top-widget\/godaddy\/#breadcrumb"},"inLanguage":"de","potentialAction":[{"@type":"ReadAction","target":["https:\/\/elfsight.com\/de\/back-to-top-widget\/godaddy\/"]}]},{"@type":"BreadcrumbList","@id":"https:\/\/elfsight.com\/de\/back-to-top-widget\/godaddy\/#breadcrumb","itemListElement":[{"@type":"ListItem","position":1,"name":"Home","item":"https:\/\/elfsight.com\/de\/"},{"@type":"ListItem","position":2,"name":"Back to Top","item":"https:\/\/elfsight.com\/de\/back-to-top-widget\/"},{"@type":"ListItem","position":3,"name":"Back to top &#8211; GoDaddy"}]},{"@type":"WebSite","@id":"https:\/\/elfsight.com\/de\/#website","url":"https:\/\/elfsight.com\/de\/","name":"Elfsight DE","description":"Just another Elfsight Sites site","potentialAction":[{"@type":"SearchAction","target":{"@type":"EntryPoint","urlTemplate":"https:\/\/elfsight.com\/de\/?s={search_term_string}"},"query-input":{"@type":"PropertyValueSpecification","valueRequired":true,"valueName":"search_term_string"}}],"inLanguage":"de"}]}},"meta_box":{"industry":"","seo_heading":"","heading":"","description":"","cta_heading":"","cta_description":"","application":"511","h1":"GoDaddy Zur\u00fcck zum Top-Plugin","h1_caption":"F\u00fcgen Sie eine einfache \u201eZur\u00fcck-nach-oben\u201c-Schaltfl\u00e4che hinzu, um die Benutzererfahrung zu verbessern, indem Sie eine einfache und m\u00fchelose Navigation zur\u00fcck zum Seitenanfang Ihrer GoDaddy-Website erm\u00f6glichen.","application_category":[],"applications_title":"","applications_request_title":"","applications_request_button_text":"","hero_text":"","hero_video":"","hero_video_schema_markup":"","selling_points_title":"","selling_points_caption":"","selling_points":[],"selling_points_cta_text":"","features_title":"","features":"","ed_cta_examples_text":"","ed_cta_examples_hidden":"","ed_cta_demo_text":"","ed_cta_demo_hidden":"","why_caption":"","why_editor_title":"","why_editor_text":"","why_team_title":"","why_team_text":"","why_service_title":"","why_service_text":"","template_catalog_visible":"0","template_catalog_title":"","template_catalog_text":"","template_catalog_categories_visible":"","demo_title":"Erstellen Sie Ihr \u201eZur\u00fcck zum Anfang\u201c-Plugin","demo_caption":"Konfigurieren Sie Ihr Back to top und f\u00fcgen Sie es kostenlos zu Ihrer GoDaddy-Website hinzu!","default_faq_hidden":"","app_template_category":[],"platform":"241","template_public_id":"","codecanyon_url":"","codecanyon_item_id":"","codecanyon_price":"","pricing_caption":"","pricing_elfsight_apps_hide_column":"","pricing_elfsight_apps_url":"","pricing_codecanyon_price_caption":"","integration_category":[],"integration_request_title":"","integration_request_cta":"","integration_platform":"","integrations":[],"platform_category":[],"video_schema_markup":"","price":"ab 0 $ \/ Monat","trial":"","benefits":[{"text":"Kostenlose Installationsunterst\u00fctzung"},{"text":"Effektiver Kundenservice"},{"text":"14-t\u00e4gige R\u00fcckerstattungsgarantie"},{"text":"Fortlaufende Entwicklung"}],"button_url":"#demo","button_target_blank":"0","button_nofollow":"0","attributes":[{"name":"Installiert","content":"10,000 - 100,000"},{"name":"Reaktionsfreudig","content":"Ja"},{"name":"Kompatible Browser","content":"IE11, Firefox, Safari, Opera, Chrome, Edge"}],"tags":[],"tags_disable_links":"0","hide_more_platforms":"0","video_object":"","demo_hide_cta":"0","demo_hide_cloud_options":"0","pricing_title":"","pricing":[{"pricing_icon":"platform","pricing_title":"Elfsight Apps","pricing_title_caption":"Plattformunabh\u00e4ngige digitale L\u00f6sung, die f\u00fcr jeden Standort geeignet ist","pricing_price":"ab 0 $ \/ Monat","pricing_price_caption":"Beginnen Sie mit einem kostenlosen Plan","pricing_benefits":[{"text":"Unbegrenzte Websites"},{"text":"Erstklassiger und p\u00fcnktlicher Support und gut dokumentiert"},{"text":"Kostenlose Installationshilfe"},{"text":"Flexibles Design"}],"pricing_button_text":"Zur Website hinzuf\u00fcgen","pricing_button_url":"#demo"}],"related_apps_title":"","related_apps_hidden":"0","author":"","image":[],"title":"","job":"","social_networks":[]},"_links":{"self":[{"href":"https:\/\/elfsight.com\/de\/wp-json\/wp\/v2\/pages\/7955","targetHints":{"allow":["GET"]}}],"collection":[{"href":"https:\/\/elfsight.com\/de\/wp-json\/wp\/v2\/pages"}],"about":[{"href":"https:\/\/elfsight.com\/de\/wp-json\/wp\/v2\/types\/page"}],"author":[{"embeddable":true,"href":"https:\/\/elfsight.com\/de\/wp-json\/wp\/v2\/users\/9"}],"replies":[{"embeddable":true,"href":"https:\/\/elfsight.com\/de\/wp-json\/wp\/v2\/comments?post=7955"}],"version-history":[{"count":3,"href":"https:\/\/elfsight.com\/de\/wp-json\/wp\/v2\/pages\/7955\/revisions"}],"predecessor-version":[{"id":24581,"href":"https:\/\/elfsight.com\/de\/wp-json\/wp\/v2\/pages\/7955\/revisions\/24581"}],"up":[{"embeddable":true,"href":"https:\/\/elfsight.com\/de\/wp-json\/wp\/v2\/pages\/2467"}],"wp:attachment":[{"href":"https:\/\/elfsight.com\/de\/wp-json\/wp\/v2\/media?parent=7955"}],"curies":[{"name":"wp","href":"https:\/\/api.w.org\/{rel}","templated":true}]}}