{"id":7954,"date":"2024-05-03T06:28:48","date_gmt":"2024-05-03T06:28:48","guid":{"rendered":"https:\/\/elfsight.com\/de\/?page_id=7954"},"modified":"2025-07-08T10:10:40","modified_gmt":"2025-07-08T10:10:40","slug":"prestashop","status":"publish","type":"page","link":"https:\/\/elfsight.com\/de\/back-to-top-widget\/prestashop\/","title":{"rendered":"Back to Top &#8211; PrestaShop"},"content":{"rendered":"<div class=\"application-platform-content-item-description application-platform-content-item\" id=\"description\" data-nav-section=\"description\"> <h2>Beschreibung<\/h2> <p> Back to Top ist ein unkompliziertes Tool, mit dem Benutzer schnell und nahtlos zum Anfang Ihres Webs zur\u00fcckkehren k\u00f6nnen Seite nach dem Scrollen langer Seiten. Das Publikum Ihrer Webseite muss nicht mehr nach der Home-Taste suchen und die Bildlaufleiste \u00fcber die gesamte Seite bewegen. Das Widget \u201eZur\u00fcck zum Anfang\u201c kann ganz nach Ihren W\u00fcnschen angepasst werden \u2013 machen Sie es quadratisch oder rund, \u00e4ndern Sie seine Farbe und Gr\u00f6\u00dfe und platzieren Sie es an einer beliebigen Stelle auf Ihrer Website, um die Benutzerfreundlichkeit zu verbessern. Der Button kann auf jedem Ger\u00e4tetyp angezeigt werden \u2013 vom Smartphone bis zum Desktop. <\/p><p><b>Machen Sie Ihre Website f\u00fcr gesch\u00e4ftliche Aufgaben erfolgreicher mit Back to Top<\/b><\/p> <\/div> <div class=\"application-platform-content-item-features application-platform-content-item\" id=\"features\" data-nav-section=\"features\"> <h2>Das Angebot an grundlegenden Widget-Funktionen <\/h2> <ul><li>F\u00fcgen Sie die Schaltfl\u00e4che hinzu f\u00fcr: bestimmte oder ausgeschlossene, alle Seiten<\/li><li>Legen Sie die Scrollgeschwindigkeit fest<\/li><li>8 verf\u00fcgbare Schaltfl\u00e4chenpositionen<\/li><li>2 Schaltfl\u00e4chentypen \u2013 schwebend oder eingebettet<\/li><li>Offset in Pixel festlegen<\/li><li>Drei Gr\u00f6\u00dfen verf\u00fcgbar \u2013 mittel, klein oder gro\u00df<\/li><li>F\u00e4rben Sie den Text und die Schaltfl\u00e4che neu<\/li> li&gt;<li>W\u00e4hlen Sie eine von drei Schaltfl\u00e4chenformen<\/li><li>Zwei Layouts: vertikal und horizontal<\/li><\/ul><p><a href=\"#demo\">Sie k\u00f6nnen sich die vollst\u00e4ndige Version ansehen Funktionalit\u00e4t des Widgets in der Demo hier<\/a><\/p> <\/div> <div class=\"application-platform-content-item-installation application-platform-content-item\" id=\"installation\" data-nav-section=\"installation\"> <h2>Wie bette ich \u201eBack to Top\u201c auf meiner PrestaShop-Site ein? <\/h2> <p>Befolgen Sie einfach die unten beschriebenen Schritte, um das Add-on zu aktivieren. <\/p> <ol><li><b>Nutzen Sie unseren kostenlosen Konfigurator und beginnen Sie mit der Erstellung Ihres eigenen Add-ons. <\/b><br> Finden Sie das passende Layout und die passenden Aspekte des Add-ons und wenden Sie die \u00c4nderungen an. <\/li> <li><b>Erhalten Sie Ihren einzigartigen Code im speziellen Formular auf Elfsight Apps. <\/b><br> Nachdem die Erstellung Ihres pers\u00f6nlichen Add-ons abgeschlossen ist, kopieren Sie den exklusiven Code aus dem erscheinenden Fenster und speichern Sie ihn zur sp\u00e4teren Verwendung. <\/li> <li><b>Beginnen Sie mit der Verwendung des Tools auf Ihrer PrestaShop-Webseite. <\/b><br> F\u00fcgen Sie den Code, den Sie k\u00fcrzlich gespeichert haben, auf Ihrer Homepage hinzu und \u00fcbernehmen Sie die \u00c4nderungen. <\/li> <li><b>Das Setup ist vollst\u00e4ndig durchgef\u00fchrt. <\/b><br> Gehen Sie auf Ihre Seite, um zu \u00fcberpr\u00fcfen, wie das Add-on funktioniert. <\/li><\/ol> <p>Wenn Sie Fragen haben oder auf Schwierigkeiten sto\u00dfen, k\u00f6nnen Sie sich gerne an unser Kundendienstteam wenden. Unsere Mitarbeiter l\u00f6sen gerne alle Probleme, die Sie mit dem Tool haben k\u00f6nnten. <\/p> <div class=\"faq\" data-component=\"FAQ\"><div class=\"faq-item\">\r\n\t\t\t\t\t<div class=\"faq-item-question\">\r\n\t\t\t\t\t\t<h3 class=\"faq-item-question-text\">Wie kann ich ohne Programmierkenntnisse ein Back-to-Top-Widget zu meiner PrestaShop-Website hinzuf\u00fcgen?<\/h3>\r\n\r\n\t\t\t\t\t\t<div class=\"faq-item-question-icon\"><\/div>\r\n\t\t\t\t\t<\/div>\r\n\r\n\t\t\t\t\t<div class=\"faq-item-answer\">\r\n\t\t\t\t\t\t<div class=\"faq-item-answer-text\"> <p>Elfsight bietet eine SaaS-L\u00f6sung, mit der Sie selbst ein Back-to-Top-Widget erstellen k\u00f6nnen. Sehen Sie, wie das geht Der Vorgang ist ganz einfach: Arbeiten Sie direkt im Online-Editor, um ein Back-to-Top-Widget zu erstellen, das Sie gerne auf Ihrer PrestaShop-Website sehen w\u00fcrden. W\u00e4hlen Sie eine der vorgefertigten Vorlagen aus und passen Sie die Einstellungen \u201eZur\u00fcck zum Anfang\u201c an, f\u00fcgen Sie Ihre Inhalte hinzu, \u00e4ndern Sie das Layout und die Farben ohne Programmierkenntnisse. Speichern Sie \u201eZur\u00fcck zum Anfang\u201c und kopieren Sie den Installationscode, den Sie problemlos in Ihre PrestaShop-Website einf\u00fcgen k\u00f6nnen, ohne eine kostenpflichtige Version kaufen zu m\u00fcssen. Mit unserem intuitiven Editor kann jeder Internetnutzer online ein Back-to-Top-Widget erstellen und es einfach in seine PrestaShop-Website einbetten. Um auf den Service zuzugreifen, m\u00fcssen Sie weder bezahlen noch Ihre Kartendaten eingeben. Sollten bei irgendeinem Schritt Probleme auftreten, wenden Sie sich bitte an unser technisches Support-Team.<\/p> <\/div>\r\n\t\t\t\t\t<\/div>\r\n\t\t\t\t<\/div> <\/div><\/div>","protected":false},"excerpt":{"rendered":"","protected":false},"author":9,"featured_media":0,"parent":2467,"menu_order":0,"comment_status":"closed","ping_status":"closed","template":"templates\/template-application-platform.php","meta":{"publish_to_discourse":"","publish_post_category":"","wpdc_auto_publish_overridden":"","wpdc_topic_tags":"","wpdc_pin_topic":"","wpdc_pin_until":"","discourse_post_id":"","discourse_permalink":"","wpdc_publishing_response":"","wpdc_publishing_error":"","footnotes":""},"class_list":["post-7954","page","type-page","status-publish","hentry"],"yoast_head":"<!-- This site is optimized with the Yoast SEO plugin v25.3.1 - https:\/\/yoast.com\/wordpress\/plugins\/seo\/ -->\n<title>Zur\u00fcck nach oben \u2013 F\u00fcgen Sie die Schaltfl\u00e4che \u201eNach oben scrollen\u201c zu PrestaShop hinzu (kostenlos und schnell)<\/title>\n<meta name=\"description\" content=\"Implementieren Sie ein responsives \u201eZur\u00fcck zum Anfang\u201c-Widget auf Ihrer PrestaShop-Site. Nutzen Sie unsere aktive Demo, um mit nur wenigen Klicks Ihr einzigartiges Werkzeug zu formen.\" \/>\n<meta name=\"robots\" content=\"index, follow, max-snippet:-1, max-image-preview:large, max-video-preview:-1\" \/>\n<link rel=\"canonical\" href=\"https:\/\/elfsight.com\/de\/back-to-top-widget\/prestashop\/\" \/>\n<meta property=\"og:locale\" content=\"de_DE\" \/>\n<meta property=\"og:type\" content=\"article\" \/>\n<meta property=\"og:title\" content=\"Zur\u00fcck nach oben \u2013 F\u00fcgen Sie die Schaltfl\u00e4che \u201eNach oben scrollen\u201c zu PrestaShop hinzu (kostenlos und schnell)\" \/>\n<meta property=\"og:description\" content=\"Implementieren Sie ein responsives \u201eZur\u00fcck zum Anfang\u201c-Widget auf Ihrer PrestaShop-Site. Nutzen Sie unsere aktive Demo, um mit nur wenigen Klicks Ihr einzigartiges Werkzeug zu formen.\" \/>\n<meta property=\"og:url\" content=\"https:\/\/elfsight.com\/de\/back-to-top-widget\/prestashop\/\" \/>\n<meta property=\"og:site_name\" content=\"Elfsight DE\" \/>\n<meta property=\"article:modified_time\" content=\"2025-07-08T10:10:40+00:00\" \/>\n<meta name=\"twitter:card\" content=\"summary_large_image\" \/>\n<meta name=\"twitter:label1\" content=\"Gesch\u00e4tzte Lesezeit\" \/>\n\t<meta name=\"twitter:data1\" content=\"3\u00a0Minuten\" \/>\n<!-- \/ Yoast SEO plugin. -->","yoast_head_json":{"title":"Zur\u00fcck nach oben \u2013 F\u00fcgen Sie die Schaltfl\u00e4che \u201eNach oben scrollen\u201c zu PrestaShop hinzu (kostenlos und schnell)","description":"Implementieren Sie ein responsives \u201eZur\u00fcck zum Anfang\u201c-Widget auf Ihrer PrestaShop-Site. Nutzen Sie unsere aktive Demo, um mit nur wenigen Klicks Ihr einzigartiges Werkzeug zu formen.","robots":{"index":"index","follow":"follow","max-snippet":"max-snippet:-1","max-image-preview":"max-image-preview:large","max-video-preview":"max-video-preview:-1"},"canonical":"https:\/\/elfsight.com\/de\/back-to-top-widget\/prestashop\/","og_locale":"de_DE","og_type":"article","og_title":"Zur\u00fcck nach oben \u2013 F\u00fcgen Sie die Schaltfl\u00e4che \u201eNach oben scrollen\u201c zu PrestaShop hinzu (kostenlos und schnell)","og_description":"Implementieren Sie ein responsives \u201eZur\u00fcck zum Anfang\u201c-Widget auf Ihrer PrestaShop-Site. Nutzen Sie unsere aktive Demo, um mit nur wenigen Klicks Ihr einzigartiges Werkzeug zu formen.","og_url":"https:\/\/elfsight.com\/de\/back-to-top-widget\/prestashop\/","og_site_name":"Elfsight DE","article_modified_time":"2025-07-08T10:10:40+00:00","twitter_card":"summary_large_image","twitter_misc":{"Gesch\u00e4tzte Lesezeit":"3\u00a0Minuten"},"schema":{"@context":"https:\/\/schema.org","@graph":[{"@type":"WebPage","@id":"https:\/\/elfsight.com\/de\/back-to-top-widget\/prestashop\/","url":"https:\/\/elfsight.com\/de\/back-to-top-widget\/prestashop\/","name":"Zur\u00fcck nach oben \u2013 F\u00fcgen Sie die Schaltfl\u00e4che \u201eNach oben scrollen\u201c zu PrestaShop hinzu (kostenlos und schnell)","isPartOf":{"@id":"https:\/\/elfsight.com\/de\/#website"},"datePublished":"2024-05-03T06:28:48+00:00","dateModified":"2025-07-08T10:10:40+00:00","description":"Implementieren Sie ein responsives \u201eZur\u00fcck zum Anfang\u201c-Widget auf Ihrer PrestaShop-Site. Nutzen Sie unsere aktive Demo, um mit nur wenigen Klicks Ihr einzigartiges Werkzeug zu formen.","breadcrumb":{"@id":"https:\/\/elfsight.com\/de\/back-to-top-widget\/prestashop\/#breadcrumb"},"inLanguage":"de","potentialAction":[{"@type":"ReadAction","target":["https:\/\/elfsight.com\/de\/back-to-top-widget\/prestashop\/"]}]},{"@type":"BreadcrumbList","@id":"https:\/\/elfsight.com\/de\/back-to-top-widget\/prestashop\/#breadcrumb","itemListElement":[{"@type":"ListItem","position":1,"name":"Home","item":"https:\/\/elfsight.com\/de\/"},{"@type":"ListItem","position":2,"name":"Back to Top","item":"https:\/\/elfsight.com\/de\/back-to-top-widget\/"},{"@type":"ListItem","position":3,"name":"Back to Top &#8211; PrestaShop"}]},{"@type":"WebSite","@id":"https:\/\/elfsight.com\/de\/#website","url":"https:\/\/elfsight.com\/de\/","name":"Elfsight DE","description":"Just another Elfsight Sites site","potentialAction":[{"@type":"SearchAction","target":{"@type":"EntryPoint","urlTemplate":"https:\/\/elfsight.com\/de\/?s={search_term_string}"},"query-input":{"@type":"PropertyValueSpecification","valueRequired":true,"valueName":"search_term_string"}}],"inLanguage":"de"}]}},"meta_box":{"industry":"","seo_heading":"","heading":"","description":"","cta_heading":"","cta_description":"","application":"511","h1":"PrestaShop-Zur\u00fcck-zum-Top-Add-on","h1_caption":"F\u00fcgen Sie eine einfache Schaltfl\u00e4che \u201eZur\u00fcck zum Anfang\u201c hinzu, um die Benutzererfahrung zu verbessern, indem Sie eine einfache und m\u00fchelose Navigation zur\u00fcck zum Seitenanfang Ihrer Prestashop-Website erm\u00f6glichen.","application_category":[],"applications_title":"","applications_request_title":"","applications_request_button_text":"","hero_text":"","hero_video":"","hero_video_schema_markup":"","selling_points_title":"","selling_points_caption":"","selling_points":[],"selling_points_cta_text":"","features_title":"","features":"","ed_cta_examples_text":"","ed_cta_examples_hidden":"","ed_cta_demo_text":"","ed_cta_demo_hidden":"","why_caption":"","why_editor_title":"","why_editor_text":"","why_team_title":"","why_team_text":"","why_service_title":"","why_service_text":"","template_catalog_visible":"","template_catalog_title":"","template_catalog_text":"","template_catalog_categories_visible":"","demo_title":"Erstellen Sie Ihr Back to Top-Addon","demo_caption":"Konfigurieren Sie Ihr Back to Top und f\u00fcgen Sie es kostenlos zu Ihrer PrestaShop-Website hinzu!","default_faq_hidden":"","app_template_category":[],"platform":"3811","template_public_id":"","codecanyon_url":"","codecanyon_item_id":"","codecanyon_price":"","pricing_caption":"","pricing_elfsight_apps_hide_column":"","pricing_elfsight_apps_url":"","pricing_codecanyon_price_caption":"","integration_category":[],"integration_request_title":"","integration_request_cta":"","integration_platform":"","integrations":[],"platform_category":[],"video_schema_markup":"","price":"ab 0 $ \/ Monat","trial":"","benefits":[{"text":"Kostenlose Installationshilfe"},{"text":"Kompetenter Kundenservice"},{"text":"14-t\u00e4gige R\u00fcckerstattungsgarantie"},{"text":"Kontinuierliche Verbesserungen"}],"button_url":"#demo","button_target_blank":"","button_nofollow":"","attributes":[{"name":"Installiert","content":"10,000 - 100,000"},{"name":"Reaktionsfreudig","content":"Ja"},{"name":"Kompatible Browser","content":"Firefox, Safari, Opera, Chrome, Edge"}],"tags":[],"tags_disable_links":"","hide_more_platforms":"","video_object":"","demo_hide_cta":"","demo_hide_cloud_options":"","pricing_title":"","pricing":[{"pricing_icon":"platform","pricing_title":"Elfsight Apps","pricing_title_caption":"Plattform\u00fcbergreifende Software","pricing_price":"ab 0 $ \/ Monat","pricing_price_caption":"Beginnen Sie mit einem kostenlosen Plan","pricing_benefits":[{"text":"Unbegrenzte Domains"},{"text":"Professioneller Kundensupport"},{"text":"Kostenlose Installationshilfe"},{"text":"Vollst\u00e4ndig anpassbar"}],"pricing_button_text":"Zur Website hinzuf\u00fcgen","pricing_button_url":"#demo"}],"related_apps_title":"","related_apps_hidden":"","author":"","image":[],"title":"","job":"","social_networks":[]},"_links":{"self":[{"href":"https:\/\/elfsight.com\/de\/wp-json\/wp\/v2\/pages\/7954","targetHints":{"allow":["GET"]}}],"collection":[{"href":"https:\/\/elfsight.com\/de\/wp-json\/wp\/v2\/pages"}],"about":[{"href":"https:\/\/elfsight.com\/de\/wp-json\/wp\/v2\/types\/page"}],"author":[{"embeddable":true,"href":"https:\/\/elfsight.com\/de\/wp-json\/wp\/v2\/users\/9"}],"replies":[{"embeddable":true,"href":"https:\/\/elfsight.com\/de\/wp-json\/wp\/v2\/comments?post=7954"}],"version-history":[{"count":2,"href":"https:\/\/elfsight.com\/de\/wp-json\/wp\/v2\/pages\/7954\/revisions"}],"predecessor-version":[{"id":21266,"href":"https:\/\/elfsight.com\/de\/wp-json\/wp\/v2\/pages\/7954\/revisions\/21266"}],"up":[{"embeddable":true,"href":"https:\/\/elfsight.com\/de\/wp-json\/wp\/v2\/pages\/2467"}],"wp:attachment":[{"href":"https:\/\/elfsight.com\/de\/wp-json\/wp\/v2\/media?parent=7954"}],"curies":[{"name":"wp","href":"https:\/\/api.w.org\/{rel}","templated":true}]}}