{"id":7890,"date":"2024-05-03T06:28:16","date_gmt":"2024-05-03T06:28:16","guid":{"rendered":"https:\/\/elfsight.com\/de\/?page_id=7890"},"modified":"2025-07-08T09:47:29","modified_gmt":"2025-07-08T09:47:29","slug":"facebook","status":"publish","type":"page","link":"https:\/\/elfsight.com\/de\/apple-app-store-reviews-widget\/facebook\/","title":{"rendered":"Apple App Store Reviews &#8211; Facebook"},"content":{"rendered":"<div class=\"application-platform-content-item-description application-platform-content-item\" id=\"description\" data-nav-section=\"description\"><h2>Beschreibung<\/h2> <p>Elfsight Apple Store Reviews ist ein praktisches Widget, mit dem Sie die Bewertungen zu Ihren Angeboten direkt anzeigen k\u00f6nnen deine Seite. Mit unserem Widget k\u00f6nnen Sie Filter verwenden, um negative Bewertungen auszublenden, Ihre Sterne- und Zahlenbewertung anzuzeigen, detaillierte Informationen zu den Erstellern der Bewertungen anzuzeigen und eine Call-to-Action-Schaltfl\u00e4che hinzuzuf\u00fcgen, die Benutzer dazu inspiriert, ihren Kommentar zu posten. Mit dem Elfsight Apple Reviews-Widget k\u00f6nnen Sie Ihren hohen Social Proof auf Ihrer Website r\u00fchmen und mehr Neuk\u00e4ufe t\u00e4tigen. <\/p><p><b>Vorverkauf mit toller Bewertung und Kundenerkennung<\/b><\/p><\/div> <div class=\"application-platform-content-item-features application-platform-content-item\" id=\"features\" data-nav-section=\"features\"><h2>Funktionen<\/h2> <p>\u00dcberpr\u00fcfen eine Liste aller funktionalen Merkmale des Produkts. Sie sind direkt im Editor verf\u00fcgbar und helfen Ihnen dabei, das Widget genau nach Ihren Bed\u00fcrfnissen zu erstellen. <\/p> <ul> <li>Eine Option zum Festlegen der Foliengeschwindigkeit und der Autoplay-Geschwindigkeit; <\/li> <li>Auswahl des Paginierungstyps im Slider-Layout; <\/li> <li>Anpassbare Breite und H\u00f6he des Widgets; <\/li> <li>Umschaltbarer Header des Tools; <\/li> <\/ul> <p><a href=\"#demo\">Sehen Sie in unserer Demo, wie alle Funktionen funktionieren<\/a><\/p> <\/div> <div class=\"application-platform-content-item-installation application-platform-content-item\" id=\"installation\" data-nav-section=\"installation\"> <h2>Wie kann ich Apple Store-Bewertungen zu Facebook hinzuf\u00fcgen? <\/h2> <p>Befolgen Sie zur Integration des Widgets die folgenden Richtlinien. <\/p> <ul> <li><b>Erstellen Sie Ihr einzigartiges Apple-Plugin<\/b><br> Erhalten Sie mit unserem kostenlosen Editor ein Plugin mit einem ausgew\u00e4hlten Layout und funktionalen Merkmalen. <\/li> <li><b>Kopieren Sie den individuellen Code, um das Plugin zu installieren<\/b><br> Direkt nachdem Sie Ihr Widget eingestellt haben, erhalten Sie den Installationscode aus dem Popup-Fenster von Elfsight Apps. Kopieren Sie den Code. <\/li> <li><b>Betten Sie das Plugin in Ihre Facebook-Website ein<\/b><br> W\u00e4hlen Sie die Stelle aus, an der Sie das Plugin anzeigen m\u00f6chten, und f\u00fcgen Sie dort den gespeicherten Code ein. Speichern Sie die Ergebnisse. <\/li> <li><b>Sie haben die Installation erfolgreich durchgef\u00fchrt<\/b><br> Gehen Sie zur Website, um Ihr Plugin zu sehen. <\/li> <\/ul> <p>Z\u00f6gern Sie nicht, unseren Support zu kontaktieren, wenn Sie Rat ben\u00f6tigen oder Fragen haben. Unsere Spezialisten stehen Ihnen bei jeder Anfrage gerne zur Verf\u00fcgung. <\/p> <\/div>","protected":false},"excerpt":{"rendered":"","protected":false},"author":9,"featured_media":0,"parent":1843,"menu_order":0,"comment_status":"closed","ping_status":"closed","template":"templates\/template-application-platform.php","meta":{"publish_to_discourse":"","publish_post_category":"","wpdc_auto_publish_overridden":"","wpdc_topic_tags":"","wpdc_pin_topic":"","wpdc_pin_until":"","discourse_post_id":"","discourse_permalink":"","wpdc_publishing_response":"","wpdc_publishing_error":"","footnotes":""},"class_list":["post-7890","page","type-page","status-publish","hentry"],"yoast_head":"<!-- This site is optimized with the Yoast SEO plugin v25.3.1 - https:\/\/yoast.com\/wordpress\/plugins\/seo\/ -->\n<title>Betten Sie Apple-Bewertungen auf Ihrer Facebook-Seite ein (einfach und schnell)<\/title>\n<meta name=\"description\" content=\"Es ist ein unkomplizierter Prozess, Ihr eigenes Apple Revies-Widget zu erstellen und es auf Ihrer Facebook-Seite zu ver\u00f6ffentlichen. Der Kundendienst von Elfsight ist kostenlos.\" \/>\n<meta name=\"robots\" content=\"index, follow, max-snippet:-1, max-image-preview:large, max-video-preview:-1\" \/>\n<link rel=\"canonical\" href=\"https:\/\/elfsight.com\/de\/apple-app-store-reviews-widget\/facebook\/\" \/>\n<meta property=\"og:locale\" content=\"de_DE\" \/>\n<meta property=\"og:type\" content=\"article\" \/>\n<meta property=\"og:title\" content=\"Betten Sie Apple-Bewertungen auf Ihrer Facebook-Seite ein (einfach und schnell)\" \/>\n<meta property=\"og:description\" content=\"Es ist ein unkomplizierter Prozess, Ihr eigenes Apple Revies-Widget zu erstellen und es auf Ihrer Facebook-Seite zu ver\u00f6ffentlichen. Der Kundendienst von Elfsight ist kostenlos.\" \/>\n<meta property=\"og:url\" content=\"https:\/\/elfsight.com\/de\/apple-app-store-reviews-widget\/facebook\/\" \/>\n<meta property=\"og:site_name\" content=\"Elfsight DE\" \/>\n<meta property=\"article:modified_time\" content=\"2025-07-08T09:47:29+00:00\" \/>\n<meta name=\"twitter:card\" content=\"summary_large_image\" \/>\n<meta name=\"twitter:label1\" content=\"Gesch\u00e4tzte Lesezeit\" \/>\n\t<meta name=\"twitter:data1\" content=\"2\u00a0Minuten\" \/>\n<!-- \/ Yoast SEO plugin. -->","yoast_head_json":{"title":"Betten Sie Apple-Bewertungen auf Ihrer Facebook-Seite ein (einfach und schnell)","description":"Es ist ein unkomplizierter Prozess, Ihr eigenes Apple Revies-Widget zu erstellen und es auf Ihrer Facebook-Seite zu ver\u00f6ffentlichen. Der Kundendienst von Elfsight ist kostenlos.","robots":{"index":"index","follow":"follow","max-snippet":"max-snippet:-1","max-image-preview":"max-image-preview:large","max-video-preview":"max-video-preview:-1"},"canonical":"https:\/\/elfsight.com\/de\/apple-app-store-reviews-widget\/facebook\/","og_locale":"de_DE","og_type":"article","og_title":"Betten Sie Apple-Bewertungen auf Ihrer Facebook-Seite ein (einfach und schnell)","og_description":"Es ist ein unkomplizierter Prozess, Ihr eigenes Apple Revies-Widget zu erstellen und es auf Ihrer Facebook-Seite zu ver\u00f6ffentlichen. Der Kundendienst von Elfsight ist kostenlos.","og_url":"https:\/\/elfsight.com\/de\/apple-app-store-reviews-widget\/facebook\/","og_site_name":"Elfsight DE","article_modified_time":"2025-07-08T09:47:29+00:00","twitter_card":"summary_large_image","twitter_misc":{"Gesch\u00e4tzte Lesezeit":"2\u00a0Minuten"},"schema":{"@context":"https:\/\/schema.org","@graph":[{"@type":"WebPage","@id":"https:\/\/elfsight.com\/de\/apple-app-store-reviews-widget\/facebook\/","url":"https:\/\/elfsight.com\/de\/apple-app-store-reviews-widget\/facebook\/","name":"Betten Sie Apple-Bewertungen auf Ihrer Facebook-Seite ein (einfach und schnell)","isPartOf":{"@id":"https:\/\/elfsight.com\/de\/#website"},"datePublished":"2024-05-03T06:28:16+00:00","dateModified":"2025-07-08T09:47:29+00:00","description":"Es ist ein unkomplizierter Prozess, Ihr eigenes Apple Revies-Widget zu erstellen und es auf Ihrer Facebook-Seite zu ver\u00f6ffentlichen. Der Kundendienst von Elfsight ist kostenlos.","breadcrumb":{"@id":"https:\/\/elfsight.com\/de\/apple-app-store-reviews-widget\/facebook\/#breadcrumb"},"inLanguage":"de","potentialAction":[{"@type":"ReadAction","target":["https:\/\/elfsight.com\/de\/apple-app-store-reviews-widget\/facebook\/"]}]},{"@type":"BreadcrumbList","@id":"https:\/\/elfsight.com\/de\/apple-app-store-reviews-widget\/facebook\/#breadcrumb","itemListElement":[{"@type":"ListItem","position":1,"name":"Home","item":"https:\/\/elfsight.com\/de\/"},{"@type":"ListItem","position":2,"name":"Apple App Store Reviews","item":"https:\/\/elfsight.com\/de\/apple-app-store-reviews-widget\/"},{"@type":"ListItem","position":3,"name":"Apple App Store Reviews &#8211; Facebook"}]},{"@type":"WebSite","@id":"https:\/\/elfsight.com\/de\/#website","url":"https:\/\/elfsight.com\/de\/","name":"Elfsight DE","description":"Just another Elfsight Sites site","potentialAction":[{"@type":"SearchAction","target":{"@type":"EntryPoint","urlTemplate":"https:\/\/elfsight.com\/de\/?s={search_term_string}"},"query-input":{"@type":"PropertyValueSpecification","valueRequired":true,"valueName":"search_term_string"}}],"inLanguage":"de"}]}},"meta_box":{"industry":"","seo_heading":"","heading":"","description":"","cta_heading":"","cta_description":"","application":"501","h1":"Facebook Apple App Store-Rezensions-Widget","h1_caption":"Erh\u00f6hen Sie das Vertrauen, indem Sie echte Benutzerbewertungen mit Autoreninformationen anzeigen","application_category":[],"applications_title":"","applications_request_title":"","applications_request_button_text":"","hero_text":"","hero_video":"","hero_video_schema_markup":"","selling_points_title":"","selling_points_caption":"","selling_points":[],"selling_points_cta_text":"","features_title":"","features":"","ed_cta_examples_text":"","ed_cta_examples_hidden":"","ed_cta_demo_text":"","ed_cta_demo_hidden":"","why_caption":"","why_editor_title":"","why_editor_text":"","why_team_title":"","why_team_text":"","why_service_title":"","why_service_text":"","template_catalog_visible":"","template_catalog_title":"","template_catalog_text":"","template_catalog_categories_visible":"","demo_title":"Erhalten Sie in nur wenigen Minuten ein personalisiertes Produkt!","demo_caption":"Nutzen Sie die Chance, das Widget mit ein paar Klicks zu personalisieren und es direkt aus der Demo auf Ihrer Website einzuf\u00fchren.","default_faq_hidden":"","app_template_category":[],"platform":"216","template_public_id":"","codecanyon_url":"","codecanyon_item_id":"","codecanyon_price":"","pricing_caption":"","pricing_elfsight_apps_hide_column":"","pricing_elfsight_apps_url":"","pricing_codecanyon_price_caption":"","integration_category":[],"integration_request_title":"","integration_request_cta":"","integration_platform":"","integrations":[],"platform_category":[],"video_schema_markup":"","price":"ab 0 $ \/ Monat","trial":"","benefits":[{"text":"Kostenlose Installationsunterst\u00fctzung"},{"text":"Effektiver Kundenservice"},{"text":"14-t\u00e4gige Geld-zur\u00fcck-Garantie"},{"text":"Laufende kostenlose Updates"}],"button_url":"#demo","button_target_blank":"","button_nofollow":"","attributes":[{"name":"Installiert","content":"10,000 - 100,000"},{"name":"Reaktionsfreudig","content":"Ja"},{"name":"Kompatible Browser","content":"Firefox, Opera, Chrome, Safari, Edge"}],"tags":[],"tags_disable_links":"","hide_more_platforms":"","video_object":"","demo_hide_cta":"","demo_hide_cloud_options":"","pricing_title":"","pricing":[{"pricing_icon":"platform","pricing_title":"Elfsight Apps","pricing_title_caption":"Plattform\u00fcbergreifende L\u00f6sung, die zu jeder Website passt","pricing_price":"ab 0 $ \/ Monat","pricing_price_caption":"Beginnen Sie mit einem kostenlosen Plan","pricing_benefits":[{"text":"Unbegrenzte Domains"},{"text":"Professionelle Unternehmensunterst\u00fctzung"},{"text":"Kostenloser Installationsservice"},{"text":"100 % anpassbar"}],"pricing_button_text":"Zur Website hinzuf\u00fcgen","pricing_button_url":"#demo"}],"related_apps_title":"","related_apps_hidden":"","author":"","image":[],"title":"","job":"","social_networks":[]},"_links":{"self":[{"href":"https:\/\/elfsight.com\/de\/wp-json\/wp\/v2\/pages\/7890","targetHints":{"allow":["GET"]}}],"collection":[{"href":"https:\/\/elfsight.com\/de\/wp-json\/wp\/v2\/pages"}],"about":[{"href":"https:\/\/elfsight.com\/de\/wp-json\/wp\/v2\/types\/page"}],"author":[{"embeddable":true,"href":"https:\/\/elfsight.com\/de\/wp-json\/wp\/v2\/users\/9"}],"replies":[{"embeddable":true,"href":"https:\/\/elfsight.com\/de\/wp-json\/wp\/v2\/comments?post=7890"}],"version-history":[{"count":1,"href":"https:\/\/elfsight.com\/de\/wp-json\/wp\/v2\/pages\/7890\/revisions"}],"predecessor-version":[{"id":7894,"href":"https:\/\/elfsight.com\/de\/wp-json\/wp\/v2\/pages\/7890\/revisions\/7894"}],"up":[{"embeddable":true,"href":"https:\/\/elfsight.com\/de\/wp-json\/wp\/v2\/pages\/1843"}],"wp:attachment":[{"href":"https:\/\/elfsight.com\/de\/wp-json\/wp\/v2\/media?parent=7890"}],"curies":[{"name":"wp","href":"https:\/\/api.w.org\/{rel}","templated":true}]}}