{"id":7883,"date":"2024-05-03T06:28:13","date_gmt":"2024-05-03T06:28:13","guid":{"rendered":"https:\/\/elfsight.com\/de\/?page_id=7883"},"modified":"2025-02-17T10:34:04","modified_gmt":"2025-02-17T10:34:04","slug":"iframe","status":"publish","type":"page","link":"https:\/\/elfsight.com\/de\/apple-app-store-reviews-widget\/iframe\/","title":{"rendered":"Apple App Store Reviews &#8211; iFrame"},"content":{"rendered":"\n<div class=\"application-platform-content-item-description application-platform-content-item\" id=\"description\" data-nav-section=\"description\"><h2>Apple App Store Reviews auf iFrame mit dem Elfsight-Widget einbetten<\/h2> <p>Elfsight Apple Store Reviews ist ein praktisches Tool, mit dem Sie dies tun k\u00f6nnen Zeigen Sie die Bewertungen zu Ihren Angeboten direkt auf Ihrer Webseite an. Mit diesem Widget k\u00f6nnen Sie Filter zum Ausblenden negativer Kommentare anwenden, Ihre Stern- und Zahlenbewertung anzeigen, detaillierte Informationen zu den Autoren der Bewertungen anzeigen und eine Call-to-Action-Schaltfl\u00e4che hinzuf\u00fcgen, die Benutzer dazu motiviert, ihren Kommentar zu hinterlassen. Elfsight Apple Reviews wird Ihnen dabei helfen, Ihren gro\u00dfartigen Social Proof auf der Website zu pr\u00e4sentieren und neue Verk\u00e4ufe anzulocken. <\/p><p><b>Steigern Sie Ihren Umsatz, indem Sie mit Ihrer bemerkenswerten Bewertung und der Anerkennung Ihrer Kunden prahlen<\/b><\/p><\/div> <div class=\"application-platform-content-item-features application-platform-content-item\" id=\"features\" data-nav-section=\"features\"><h2>Hauptfunktionen der Apple App Store Reviews-Widget<\/h2> <p>\u00dcberpr\u00fcfen Sie alle funktionalen Merkmale des Produkts. Sie k\u00f6nnen sie direkt im Editor festlegen und sie helfen Ihnen dabei, das Widget speziell f\u00fcr Ihren Anwendungsfall zu gestalten. <\/p> <ul> <li>Auswahl der Foliengeschwindigkeit und der Autoplay-Geschwindigkeit; <\/li> <li>Auswahl des Paginierungstyps im Slider-Layout; <\/li> <li>Flexible Breite und H\u00f6he des Widgets; <\/li> <li>Umschaltbarer Header des Widgets; <\/li> <\/ul> <p><a href=\"#demo\">Sie k\u00f6nnen alle Funktionen des Widgets direkt in der Demo ausprobieren<\/a><\/p> <\/div> <div class=\"application-platform-content-item-installation application-platform-content-item\" id=\"installation\" data-nav-section=\"installation\"> <h2>Wie integriere ich Apple Store Reviews mit iFrame? <\/h2> <p>Um das Widget zu aktivieren, befolgen Sie die nachstehenden Anweisungen. <\/p> <ul> <li><b>Erstellen Sie Ihr ma\u00dfgeschneidertes Apple-Plugin<\/b><br> Erstellen Sie mit unserer kostenlosen Demo ein Plugin mit individuellem Design und individuellen Funktionen. <\/li> <li><b>Kopieren Sie den individuellen Code, um das Plugin zu ver\u00f6ffentlichen<\/b><br> Nachdem Sie Ihr Widget konfiguriert haben, erhalten Sie Ihren pers\u00f6nlichen Code aus dem Popup-Fenster von Elfsight Apps. Kopiere diesen Code. <\/li> <li><b>F\u00fcgen Sie das Plugin auf Ihrer iFrame-Website hinzu<\/b><br> Suchen Sie den Ort, an dem Sie das Plugin integrieren m\u00f6chten, und f\u00fcgen Sie dort den gespeicherten Code ein. \u00dcbernehmen Sie die \u00c4nderungen. <\/li> <li><b>Fertig! <\/b><br> Betreten Sie den Store, um Ihr Widget zu sehen. <\/li> <\/ul> <p>Wenn Sie Hilfe ben\u00f6tigen oder Fragen haben, k\u00f6nnen Sie sich gerne an unseren Support-Service wenden. Unsere Spezialisten helfen Ihnen gerne bei jeder Anfrage weiter. <\/p> <div class=\"faq\" data-component=\"FAQ\"><div class=\"faq-item\">\r\n\t\t\t\t\t<div class=\"faq-item-question\">\r\n\t\t\t\t\t\t<h3 class=\"faq-item-question-text\">Wie kann ich ohne Programmierkenntnisse ein iFrame Apple App Store Reviews Widget in meine Website einbetten?<\/h3>\r\n\r\n\t\t\t\t\t\t<div class=\"faq-item-question-icon\"><\/div>\r\n\t\t\t\t\t<\/div>\r\n\r\n\t\t\t\t\t<div class=\"faq-item-answer\">\r\n\t\t\t\t\t\t<div class=\"faq-item-answer-text\"><p>Elfsight bietet eine cloudbasierte L\u00f6sung, mit der Benutzer ein iFrame-Widget einbetten k\u00f6nnen. Sehen Sie, wie einfach der Prozess ist:<\/p><ul><li>Greifen Sie auf den Online-Editor zu, um einen Abschnitt mit dem Apple App Store Reviews Widget zu erstellen, den Sie in Ihre Website integrieren m\u00f6chten.<\/li><li>W\u00e4hlen Sie eine unserer vorgefertigten Vorlagen und passen Sie die Einstellungen des Widgets an. \u00c4ndern Sie das Layout und das Farbschema und f\u00fcgen Sie Ihre Inhalte hinzu \u2013 ganz ohne Programmierung.<\/li> <li>Speichern Sie die vorgenommenen Einstellungen und erhalten Sie den Code des Widgets, den Sie m\u00fchelos und kostenlos in Ihre Website einf\u00fcgen k\u00f6nnen.<\/li><\/ul><p>Mit dem benutzerfreundlichen Editor kann jeder Internetnutzer einen Abschnitt f\u00fcr das iFrame Apple App Store Reviews Widget erstellen und in seine Website einbetten. Der Zugriff auf den Elfsight-Editor erfordert keine Zahlung oder die Offenlegung von Kreditkarteninformationen. Sollten Sie auf Probleme sto\u00dfen, k\u00f6nnen Sie sich jederzeit an unseren Kundensupport wenden.<\/p><\/div>\r\n\t\t\t\t\t<\/div>\r\n\t\t\t\t<\/div><\/div><\/div>\n","protected":false},"excerpt":{"rendered":"","protected":false},"author":9,"featured_media":0,"parent":1843,"menu_order":0,"comment_status":"closed","ping_status":"closed","template":"templates\/template-application-platform.php","meta":{"publish_to_discourse":"","publish_post_category":"","wpdc_auto_publish_overridden":"","wpdc_topic_tags":"","wpdc_pin_topic":"","wpdc_pin_until":"","discourse_post_id":"","discourse_permalink":"","wpdc_publishing_response":"","wpdc_publishing_error":"","footnotes":""},"class_list":["post-7883","page","type-page","status-publish","hentry"],"yoast_head":"<!-- This site is optimized with the Yoast SEO plugin v25.3.1 - https:\/\/yoast.com\/wordpress\/plugins\/seo\/ -->\n<title>Betten Sie Apple-Bewertungen auf Ihrer iFrame-Website ein (einfach und schnell)<\/title>\n<meta name=\"description\" content=\"Es ist ein unkomplizierter Prozess, Ihr eigenes Apple Reviews-Widget zu erstellen und es auf Ihrer iFrame-Website zu ver\u00f6ffentlichen. Der Kundendienst von Elfsight ist kostenlos.\" \/>\n<meta name=\"robots\" content=\"index, follow, max-snippet:-1, max-image-preview:large, max-video-preview:-1\" \/>\n<link rel=\"canonical\" href=\"https:\/\/elfsight.com\/de\/apple-app-store-reviews-widget\/iframe\/\" \/>\n<meta property=\"og:locale\" content=\"de_DE\" \/>\n<meta property=\"og:type\" content=\"article\" \/>\n<meta property=\"og:title\" content=\"Betten Sie Apple-Bewertungen auf Ihrer iFrame-Website ein (einfach und schnell)\" \/>\n<meta property=\"og:description\" content=\"Es ist ein unkomplizierter Prozess, Ihr eigenes Apple Reviews-Widget zu erstellen und es auf Ihrer iFrame-Website zu ver\u00f6ffentlichen. Der Kundendienst von Elfsight ist kostenlos.\" \/>\n<meta property=\"og:url\" content=\"https:\/\/elfsight.com\/de\/apple-app-store-reviews-widget\/iframe\/\" \/>\n<meta property=\"og:site_name\" content=\"Elfsight DE\" \/>\n<meta property=\"article:modified_time\" content=\"2025-02-17T10:34:04+00:00\" \/>\n<meta name=\"twitter:card\" content=\"summary_large_image\" \/>\n<meta name=\"twitter:label1\" content=\"Gesch\u00e4tzte Lesezeit\" \/>\n\t<meta name=\"twitter:data1\" content=\"3\u00a0Minuten\" \/>\n<!-- \/ Yoast SEO plugin. -->","yoast_head_json":{"title":"Betten Sie Apple-Bewertungen auf Ihrer iFrame-Website ein (einfach und schnell)","description":"Es ist ein unkomplizierter Prozess, Ihr eigenes Apple Reviews-Widget zu erstellen und es auf Ihrer iFrame-Website zu ver\u00f6ffentlichen. Der Kundendienst von Elfsight ist kostenlos.","robots":{"index":"index","follow":"follow","max-snippet":"max-snippet:-1","max-image-preview":"max-image-preview:large","max-video-preview":"max-video-preview:-1"},"canonical":"https:\/\/elfsight.com\/de\/apple-app-store-reviews-widget\/iframe\/","og_locale":"de_DE","og_type":"article","og_title":"Betten Sie Apple-Bewertungen auf Ihrer iFrame-Website ein (einfach und schnell)","og_description":"Es ist ein unkomplizierter Prozess, Ihr eigenes Apple Reviews-Widget zu erstellen und es auf Ihrer iFrame-Website zu ver\u00f6ffentlichen. Der Kundendienst von Elfsight ist kostenlos.","og_url":"https:\/\/elfsight.com\/de\/apple-app-store-reviews-widget\/iframe\/","og_site_name":"Elfsight DE","article_modified_time":"2025-02-17T10:34:04+00:00","twitter_card":"summary_large_image","twitter_misc":{"Gesch\u00e4tzte Lesezeit":"3\u00a0Minuten"},"schema":{"@context":"https:\/\/schema.org","@graph":[{"@type":"WebPage","@id":"https:\/\/elfsight.com\/de\/apple-app-store-reviews-widget\/iframe\/","url":"https:\/\/elfsight.com\/de\/apple-app-store-reviews-widget\/iframe\/","name":"Betten Sie Apple-Bewertungen auf Ihrer iFrame-Website ein (einfach und schnell)","isPartOf":{"@id":"https:\/\/elfsight.com\/de\/#website"},"datePublished":"2024-05-03T06:28:13+00:00","dateModified":"2025-02-17T10:34:04+00:00","description":"Es ist ein unkomplizierter Prozess, Ihr eigenes Apple Reviews-Widget zu erstellen und es auf Ihrer iFrame-Website zu ver\u00f6ffentlichen. Der Kundendienst von Elfsight ist kostenlos.","breadcrumb":{"@id":"https:\/\/elfsight.com\/de\/apple-app-store-reviews-widget\/iframe\/#breadcrumb"},"inLanguage":"de","potentialAction":[{"@type":"ReadAction","target":["https:\/\/elfsight.com\/de\/apple-app-store-reviews-widget\/iframe\/"]}]},{"@type":"BreadcrumbList","@id":"https:\/\/elfsight.com\/de\/apple-app-store-reviews-widget\/iframe\/#breadcrumb","itemListElement":[{"@type":"ListItem","position":1,"name":"Home","item":"https:\/\/elfsight.com\/de\/"},{"@type":"ListItem","position":2,"name":"Apple App Store Reviews","item":"https:\/\/elfsight.com\/de\/apple-app-store-reviews-widget\/"},{"@type":"ListItem","position":3,"name":"Apple App Store Reviews &#8211; iFrame"}]},{"@type":"WebSite","@id":"https:\/\/elfsight.com\/de\/#website","url":"https:\/\/elfsight.com\/de\/","name":"Elfsight DE","description":"Just another Elfsight Sites site","potentialAction":[{"@type":"SearchAction","target":{"@type":"EntryPoint","urlTemplate":"https:\/\/elfsight.com\/de\/?s={search_term_string}"},"query-input":{"@type":"PropertyValueSpecification","valueRequired":true,"valueName":"search_term_string"}}],"inLanguage":"de"}]}},"meta_box":{"industry":"","seo_heading":"","heading":"","description":"","cta_heading":"","cta_description":"","application":"501","h1":"iFrame Apple App Store-Rezensions-Widget","h1_caption":"Betten Sie Bewertungen aus Ihrem Apple-Widget-Store-Widget ein, um Glaubw\u00fcrdigkeit aufzubauen und m\u00fchelos mehr Downloads auf Ihrer iFrame-Website zu f\u00f6rdern.","application_category":[],"applications_title":"","applications_request_title":"","applications_request_button_text":"","hero_text":"","hero_video":"","hero_video_schema_markup":"","selling_points_title":"","selling_points_caption":"","selling_points":[],"selling_points_cta_text":"","features_title":"","features":"","ed_cta_examples_text":"","ed_cta_examples_hidden":"","ed_cta_demo_text":"","ed_cta_demo_hidden":"","why_caption":"","why_editor_title":"","why_editor_text":"","why_team_title":"","why_team_text":"","why_service_title":"","why_service_text":"","template_catalog_visible":"0","template_catalog_title":"","template_catalog_text":"","template_catalog_categories_visible":"","demo_title":"Erstellen Sie Ihr Apple App Store Reviews-Widget","demo_caption":"Konfigurieren Sie Ihre Apple App Store-Bewertungen und f\u00fcgen Sie sie kostenlos zu Ihrer iFrame-Website hinzu!","default_faq_hidden":"","app_template_category":[],"platform":"240","template_public_id":"","codecanyon_url":"","codecanyon_item_id":"","codecanyon_price":"","pricing_caption":"","pricing_elfsight_apps_hide_column":"","pricing_elfsight_apps_url":"","pricing_codecanyon_price_caption":"","integration_category":[],"integration_request_title":"","integration_request_cta":"","integration_platform":"","integrations":[],"platform_category":[],"video_schema_markup":"","price":"ab 0 $ \/ Monat","trial":"","benefits":[{"text":"Kostenlose Installationshilfe"},{"text":"Kompetenter Kundenservice"},{"text":"14-t\u00e4gige R\u00fcckerstattungsgarantie"},{"text":"Zuk\u00fcnftige kostenlose Updates"}],"button_url":"#demo","button_target_blank":"0","button_nofollow":"0","attributes":[{"name":"Installiert","content":"10,000 - 100,000"},{"name":"Reaktionsfreudig","content":"Ja"},{"name":"Kompatible Browser","content":"Firefox, Chrome, Edge, Safari, Opera"}],"tags":[],"tags_disable_links":"0","hide_more_platforms":"0","video_object":"","demo_hide_cta":"0","demo_hide_cloud_options":"0","pricing_title":"","pricing":[{"pricing_icon":"platform","pricing_title":"Elfsight Apps","pricing_title_caption":"Plattform\u00fcbergreifende Software, die zu jeder Website passt","pricing_price":"ab 0 $ \/ Monat","pricing_price_caption":"Beginnen Sie mit einem kostenlosen Plan","pricing_benefits":[{"text":"Unbegrenzte Websites"},{"text":"Premium-Support"},{"text":"Kostenloser Installationsservice"},{"text":"Sonderangebot f\u00fcr mehrere Apps"}],"pricing_button_text":"Zur Website hinzuf\u00fcgen","pricing_button_url":"#demo"}],"related_apps_title":"","related_apps_hidden":"0","author":"","image":[],"title":"","job":"","social_networks":[]},"_links":{"self":[{"href":"https:\/\/elfsight.com\/de\/wp-json\/wp\/v2\/pages\/7883","targetHints":{"allow":["GET"]}}],"collection":[{"href":"https:\/\/elfsight.com\/de\/wp-json\/wp\/v2\/pages"}],"about":[{"href":"https:\/\/elfsight.com\/de\/wp-json\/wp\/v2\/types\/page"}],"author":[{"embeddable":true,"href":"https:\/\/elfsight.com\/de\/wp-json\/wp\/v2\/users\/9"}],"replies":[{"embeddable":true,"href":"https:\/\/elfsight.com\/de\/wp-json\/wp\/v2\/comments?post=7883"}],"version-history":[{"count":3,"href":"https:\/\/elfsight.com\/de\/wp-json\/wp\/v2\/pages\/7883\/revisions"}],"predecessor-version":[{"id":24248,"href":"https:\/\/elfsight.com\/de\/wp-json\/wp\/v2\/pages\/7883\/revisions\/24248"}],"up":[{"embeddable":true,"href":"https:\/\/elfsight.com\/de\/wp-json\/wp\/v2\/pages\/1843"}],"wp:attachment":[{"href":"https:\/\/elfsight.com\/de\/wp-json\/wp\/v2\/media?parent=7883"}],"curies":[{"name":"wp","href":"https:\/\/api.w.org\/{rel}","templated":true}]}}