{"id":7881,"date":"2024-05-03T06:28:11","date_gmt":"2024-05-03T06:28:11","guid":{"rendered":"https:\/\/elfsight.com\/de\/?page_id=7881"},"modified":"2025-07-08T09:47:36","modified_gmt":"2025-07-08T09:47:36","slug":"html","status":"publish","type":"page","link":"https:\/\/elfsight.com\/de\/apple-app-store-reviews-widget\/html\/","title":{"rendered":"Apple App Store Reviews &#8211; HTML"},"content":{"rendered":"<div class=\"application-platform-content-item-description application-platform-content-item\" id=\"description\" data-nav-section=\"description\"><h2>Beschreibung<\/h2> <p>Elfsight Apple Store Reviews ist ein n\u00fctzliches Widget, mit dem Sie die Bewertungen Ihrer Produkte direkt auf Ihrer Website anzeigen k\u00f6nnen. Mit dem Elfsight-Tool k\u00f6nnen Sie Filter verwenden, um unerw\u00fcnschte Kommentare zu verschleiern, Ihre Sterne- und Zahlenbewertung anzuzeigen, Daten zu den Erstellern der Kommentare anzuzeigen und einen Call-to-Action hinzuzuf\u00fcgen, der Benutzer dazu bringen kann, ihren Kommentar zu posten . Elfsight Apple Reviews hilft Ihnen dabei, Ihren gro\u00dfartigen Social Proof auf Ihrer Website zu demonstrieren und neue Verk\u00e4ufe zu erzielen. <\/p><p><b>Vorverkauf mit hervorragender Bewertung und Kundenerkennung<\/b><\/p><\/div> <div class=\"application-platform-content-item-features application-platform-content-item\" id=\"features\" data-nav-section=\"features\"><h2>Funktionen<\/h2> <p>Hier eine Liste aller Produktmerkmale. Sie sind direkt im Editor verf\u00fcgbar und helfen Ihnen, das richtige Widget f\u00fcr Ihren Fall zu erstellen. <\/p> <ul> <li>Foliengeschwindigkeit und Autoplay-Geschwindigkeit einstellen; <\/li> <li>Auswahl des Paginierungstyps im Slider-Layout; <\/li> <li>Flexible Breite und H\u00f6he des Widgets; <\/li> <li>Umschaltbarer Header des Widgets; <\/li> <\/ul> <p><a href=\"#demo\">\u00dcberpr\u00fcfen Sie alle anderen Funktionen in der Demo<\/a><\/p> <\/div> <div class=\"application-platform-content-item-installation application-platform-content-item\" id=\"installation\" data-nav-section=\"installation\"><h2> Wie integriere ich Apple Store Reviews in meine HTML-Site? <\/h2> <p>Um ein Widget einzuf\u00fcgen, befolgen Sie die folgenden Richtlinien. <\/p> <ul> <li><b>Erstellen Sie Ihr einzigartiges Apple-Plugin<\/b><br> Erstellen Sie mit unserer kostenlosen Demo ein Plugin mit einer bevorzugten Zusammensetzung und Funktionalit\u00e4t. <\/li> <li><b>Kopieren Sie den pers\u00f6nlichen Code, um das Plugin zu integrieren<\/b><br> Nachdem Sie Ihr Widget eingerichtet haben, erhalten Sie Ihren Installationscode aus der angezeigten Benachrichtigung auf Elfsight Apps. Kopieren Sie den Code. <\/li> <li><b> Das Plugin auf Ihrer HTML-Website<\/b><br> Suchen Sie den Bereich, in dem Sie das Plugin anzeigen m\u00f6chten, und f\u00fcgen Sie dort den kopierten Code ein. Speichern Sie die \u00c4nderungen. <\/li> <li><b>Die Installation ist abgeschlossen<\/b><br> Besuchen Sie den Store, um Ihr Widget zu sehen. <\/li> <\/ul> <p>Wenn Sie Hilfe ben\u00f6tigen oder Probleme haben, k\u00f6nnen Sie sich jederzeit an den Kundendienst von Elfsight wenden. Wir helfen Ihnen gerne bei jedem Anliegen weiter. <\/p> <\/div>","protected":false},"excerpt":{"rendered":"","protected":false},"author":9,"featured_media":0,"parent":1843,"menu_order":0,"comment_status":"closed","ping_status":"closed","template":"templates\/template-application-platform.php","meta":{"publish_to_discourse":"","publish_post_category":"","wpdc_auto_publish_overridden":"","wpdc_topic_tags":"","wpdc_pin_topic":"","wpdc_pin_until":"","discourse_post_id":"","discourse_permalink":"","wpdc_publishing_response":"","wpdc_publishing_error":"","footnotes":""},"class_list":["post-7881","page","type-page","status-publish","hentry"],"yoast_head":"<!-- This site is optimized with the Yoast SEO plugin v25.3.1 - https:\/\/yoast.com\/wordpress\/plugins\/seo\/ -->\n<title>Betten Sie Apple Reviews in Ihre HTML-Website ein (einfach und schnell)<\/title>\n<meta name=\"description\" content=\"Es ist ein unkomplizierter Prozess, Ihr eigenes Apple Reviews-Widget zu erstellen und es auf Ihrer HTML-Website zu ver\u00f6ffentlichen. Der Kundendienst von Elfsight ist kostenlos.\" \/>\n<meta name=\"robots\" content=\"index, follow, max-snippet:-1, max-image-preview:large, max-video-preview:-1\" \/>\n<link rel=\"canonical\" href=\"https:\/\/elfsight.com\/de\/apple-app-store-reviews-widget\/html\/\" \/>\n<meta property=\"og:locale\" content=\"de_DE\" \/>\n<meta property=\"og:type\" content=\"article\" \/>\n<meta property=\"og:title\" content=\"Betten Sie Apple Reviews in Ihre HTML-Website ein (einfach und schnell)\" \/>\n<meta property=\"og:description\" content=\"Es ist ein unkomplizierter Prozess, Ihr eigenes Apple Reviews-Widget zu erstellen und es auf Ihrer HTML-Website zu ver\u00f6ffentlichen. Der Kundendienst von Elfsight ist kostenlos.\" \/>\n<meta property=\"og:url\" content=\"https:\/\/elfsight.com\/de\/apple-app-store-reviews-widget\/html\/\" \/>\n<meta property=\"og:site_name\" content=\"Elfsight DE\" \/>\n<meta property=\"article:modified_time\" content=\"2025-07-08T09:47:36+00:00\" \/>\n<meta name=\"twitter:card\" content=\"summary_large_image\" \/>\n<meta name=\"twitter:label1\" content=\"Gesch\u00e4tzte Lesezeit\" \/>\n\t<meta name=\"twitter:data1\" content=\"2\u00a0Minuten\" \/>\n<!-- \/ Yoast SEO plugin. -->","yoast_head_json":{"title":"Betten Sie Apple Reviews in Ihre HTML-Website ein (einfach und schnell)","description":"Es ist ein unkomplizierter Prozess, Ihr eigenes Apple Reviews-Widget zu erstellen und es auf Ihrer HTML-Website zu ver\u00f6ffentlichen. Der Kundendienst von Elfsight ist kostenlos.","robots":{"index":"index","follow":"follow","max-snippet":"max-snippet:-1","max-image-preview":"max-image-preview:large","max-video-preview":"max-video-preview:-1"},"canonical":"https:\/\/elfsight.com\/de\/apple-app-store-reviews-widget\/html\/","og_locale":"de_DE","og_type":"article","og_title":"Betten Sie Apple Reviews in Ihre HTML-Website ein (einfach und schnell)","og_description":"Es ist ein unkomplizierter Prozess, Ihr eigenes Apple Reviews-Widget zu erstellen und es auf Ihrer HTML-Website zu ver\u00f6ffentlichen. Der Kundendienst von Elfsight ist kostenlos.","og_url":"https:\/\/elfsight.com\/de\/apple-app-store-reviews-widget\/html\/","og_site_name":"Elfsight DE","article_modified_time":"2025-07-08T09:47:36+00:00","twitter_card":"summary_large_image","twitter_misc":{"Gesch\u00e4tzte Lesezeit":"2\u00a0Minuten"},"schema":{"@context":"https:\/\/schema.org","@graph":[{"@type":"WebPage","@id":"https:\/\/elfsight.com\/de\/apple-app-store-reviews-widget\/html\/","url":"https:\/\/elfsight.com\/de\/apple-app-store-reviews-widget\/html\/","name":"Betten Sie Apple Reviews in Ihre HTML-Website ein (einfach und schnell)","isPartOf":{"@id":"https:\/\/elfsight.com\/de\/#website"},"datePublished":"2024-05-03T06:28:11+00:00","dateModified":"2025-07-08T09:47:36+00:00","description":"Es ist ein unkomplizierter Prozess, Ihr eigenes Apple Reviews-Widget zu erstellen und es auf Ihrer HTML-Website zu ver\u00f6ffentlichen. Der Kundendienst von Elfsight ist kostenlos.","breadcrumb":{"@id":"https:\/\/elfsight.com\/de\/apple-app-store-reviews-widget\/html\/#breadcrumb"},"inLanguage":"de","potentialAction":[{"@type":"ReadAction","target":["https:\/\/elfsight.com\/de\/apple-app-store-reviews-widget\/html\/"]}]},{"@type":"BreadcrumbList","@id":"https:\/\/elfsight.com\/de\/apple-app-store-reviews-widget\/html\/#breadcrumb","itemListElement":[{"@type":"ListItem","position":1,"name":"Home","item":"https:\/\/elfsight.com\/de\/"},{"@type":"ListItem","position":2,"name":"Apple App Store Reviews","item":"https:\/\/elfsight.com\/de\/apple-app-store-reviews-widget\/"},{"@type":"ListItem","position":3,"name":"Apple App Store Reviews &#8211; HTML"}]},{"@type":"WebSite","@id":"https:\/\/elfsight.com\/de\/#website","url":"https:\/\/elfsight.com\/de\/","name":"Elfsight DE","description":"Just another Elfsight Sites site","potentialAction":[{"@type":"SearchAction","target":{"@type":"EntryPoint","urlTemplate":"https:\/\/elfsight.com\/de\/?s={search_term_string}"},"query-input":{"@type":"PropertyValueSpecification","valueRequired":true,"valueName":"search_term_string"}}],"inLanguage":"de"}]}},"meta_box":{"industry":"","seo_heading":"","heading":"","description":"","cta_heading":"","cta_description":"","application":"501","h1":"HTML-Apple-App-Store-Rezensions-Widget","h1_caption":"Betten Sie Bewertungen aus Ihrem Apple-Widget-Store-Widget ein, um Glaubw\u00fcrdigkeit aufzubauen und m\u00fchelos mehr Downloads auf Ihrer HTML-Website zu f\u00f6rdern.","application_category":[],"applications_title":"","applications_request_title":"","applications_request_button_text":"","hero_text":"","hero_video":"","hero_video_schema_markup":"","selling_points_title":"","selling_points_caption":"","selling_points":[],"selling_points_cta_text":"","features_title":"","features":"","ed_cta_examples_text":"","ed_cta_examples_hidden":"","ed_cta_demo_text":"","ed_cta_demo_hidden":"","why_caption":"","why_editor_title":"","why_editor_text":"","why_team_title":"","why_team_text":"","why_service_title":"","why_service_text":"","template_catalog_visible":"","template_catalog_title":"","template_catalog_text":"","template_catalog_categories_visible":"","demo_title":"Erstellen Sie Ihr Apple App Store Reviews-Widget","demo_caption":"Konfigurieren Sie Ihre Apple App Store-Bewertungen und f\u00fcgen Sie sie kostenlos zu Ihrer HTML-Website hinzu!","default_faq_hidden":"","app_template_category":[],"platform":"260","template_public_id":"","codecanyon_url":"","codecanyon_item_id":"","codecanyon_price":"","pricing_caption":"","pricing_elfsight_apps_hide_column":"","pricing_elfsight_apps_url":"","pricing_codecanyon_price_caption":"","integration_category":[],"integration_request_title":"","integration_request_cta":"","integration_platform":"","integrations":[],"platform_category":[],"video_schema_markup":"","price":"ab 0 $ \/ Monat","trial":"","benefits":[{"text":"Kostenlose Installationsunterst\u00fctzung"},{"text":"Kompetenter Kundenservice"},{"text":"14-t\u00e4gige R\u00fcckerstattungsgarantie"},{"text":"Kontinuierliche kostenlose Updates"}],"button_url":"#demo","button_target_blank":"","button_nofollow":"","attributes":[{"name":"Installiert","content":"10,000 - 100,000"},{"name":"Reaktionsfreudig","content":"Ja"},{"name":"Kompatible Browser","content":"Firefox, Safari, Opera, Chrome, Edge"}],"tags":[],"tags_disable_links":"","hide_more_platforms":"","video_object":"","demo_hide_cta":"","demo_hide_cloud_options":"","pricing_title":"","pricing":[{"pricing_icon":"platform","pricing_title":"Elfsight Apps","pricing_title_caption":"Plattformunabh\u00e4ngige L\u00f6sung, die f\u00fcr jede Site geeignet ist","pricing_price":"ab 0 $ \/ Monat","pricing_price_caption":"Beginnen Sie mit einem kostenlosen Plan","pricing_benefits":[{"text":"Unbegrenzte Domains"},{"text":"24\/7 und p\u00fcnktlicher Support und gut dokumentiert"},{"text":"Kostenlose Installationsunterst\u00fctzung"},{"text":"Preis f\u00fcr mehrere Apps"}],"pricing_button_text":"Zur Website hinzuf\u00fcgen","pricing_button_url":"#demo"}],"related_apps_title":"","related_apps_hidden":"","author":"","image":[],"title":"","job":"","social_networks":[]},"_links":{"self":[{"href":"https:\/\/elfsight.com\/de\/wp-json\/wp\/v2\/pages\/7881","targetHints":{"allow":["GET"]}}],"collection":[{"href":"https:\/\/elfsight.com\/de\/wp-json\/wp\/v2\/pages"}],"about":[{"href":"https:\/\/elfsight.com\/de\/wp-json\/wp\/v2\/types\/page"}],"author":[{"embeddable":true,"href":"https:\/\/elfsight.com\/de\/wp-json\/wp\/v2\/users\/9"}],"replies":[{"embeddable":true,"href":"https:\/\/elfsight.com\/de\/wp-json\/wp\/v2\/comments?post=7881"}],"version-history":[{"count":1,"href":"https:\/\/elfsight.com\/de\/wp-json\/wp\/v2\/pages\/7881\/revisions"}],"predecessor-version":[{"id":7885,"href":"https:\/\/elfsight.com\/de\/wp-json\/wp\/v2\/pages\/7881\/revisions\/7885"}],"up":[{"embeddable":true,"href":"https:\/\/elfsight.com\/de\/wp-json\/wp\/v2\/pages\/1843"}],"wp:attachment":[{"href":"https:\/\/elfsight.com\/de\/wp-json\/wp\/v2\/media?parent=7881"}],"curies":[{"name":"wp","href":"https:\/\/api.w.org\/{rel}","templated":true}]}}