{"id":7874,"date":"2024-05-03T06:28:08","date_gmt":"2024-05-03T06:28:08","guid":{"rendered":"https:\/\/elfsight.com\/de\/?page_id=7874"},"modified":"2025-07-08T09:48:35","modified_gmt":"2025-07-08T09:48:35","slug":"shopify","status":"publish","type":"page","link":"https:\/\/elfsight.com\/de\/apple-app-store-reviews-widget\/shopify\/","title":{"rendered":"Apple App Store Reviews &#8211; Shopify"},"content":{"rendered":"<div class=\"application-platform-content-item-description application-platform-content-item\" id=\"description\" data-nav-section=\"description\"><h2>Einbetten von Apple App Store Reviews auf Shopify mit dem Elfsight-Widget<\/h2> <p>Elfsight Apple Store Reviews ist eine n\u00fctzliche App zur Pr\u00e4sentation die Bewertungen zu Ihren Angeboten direkt auf Ihrer Website. Mit diesem Widget k\u00f6nnen Sie Filter zum Ausblenden negativer Kommentare verwenden, Ihre Sterne- und Zahlenbewertung angeben, detaillierte Informationen zu den Erstellern der Kommentare anzeigen und einen Call-to-Action hinzuf\u00fcgen, der Benutzer dazu inspirieren soll hinterlassen Sie ihre Bewertung. Das Elfsight Apple Reviews-Widget hilft Ihnen dabei, Ihren gro\u00dfartigen Social Proof auf Ihrer Website zu demonstrieren und neue K\u00e4ufe anzulocken. <\/p><p><b>Steigern Sie den Umsatz durch hervorragende Bewertungen und die Dankbarkeit der Besucher<\/b><\/p><\/div> <div class=\"application-platform-content-item-features application-platform-content-item\" id=\"features\" data-nav-section=\"features\"><h2>Hauptfunktionen des Apple App Store Bewertungs-Widget<\/h2> <p>\u00dcberpr\u00fcfen Sie alle funktionalen Merkmale des Produkts. Sie k\u00f6nnen sie direkt im Editor anpassen und sie helfen Ihnen, das Widget genau an Ihren Anwendungsfall anzupassen. <\/p> <ul> <li>Eine Option zum Festlegen der Foliengeschwindigkeit und der Autoplay-Geschwindigkeit; <\/li> <li>Auswahl des Paginierungstyps im Slider-Layout; <\/li> <li>Responsive Breite und H\u00f6he; <\/li> <li>Eine Option zum Ein-\/Ausschalten der Kopfzeile des Widgets; <\/li> <\/ul> <p><a href=\"#demo\">Probieren Sie alle anderen Funktionen in der Demo aus<\/a><\/p> <\/div> <div class=\"application-platform-content-item-installation application-platform-content-item\" id=\"installation\" data-nav-section=\"installation\"><h2> Wie kann ich Apple Store-Bewertungen auf Shopify einbetten? <\/h2> <p>Um das Widget zu integrieren, f\u00fchren Sie mehrere schnelle Schritte aus. <\/p> <ol><li><b>Nutzen Sie unseren kostenlosen Editor und beginnen Sie mit der Gestaltung Ihrer einzigartigen App. <\/b><br> W\u00e4hlen Sie die bevorzugte Benutzeroberfl\u00e4che und die gew\u00fcnschten Funktionen der App und \u00fcbernehmen Sie alle \u00c4nderungen. <\/li> <li><b>Sie erhalten Ihren pers\u00f6nlichen Code, der im Fenster von Elfsight Apps angezeigt wird. <\/b><br> Nachdem Sie Ihre App eingerichtet haben, kopieren Sie den pers\u00f6nlichen Code aus dem erscheinenden Fenster und speichern Sie ihn zur sp\u00e4teren Verwendung. <\/li> <li><b>Beginnen Sie mit der Nutzung der App auf der Shopify-Website. <\/b><br> F\u00fcgen Sie den zuvor kopierten Code auf Ihrer Website hinzu und speichern Sie die \u00c4nderungen. <\/li> <li><b>Du bist fertig! Die Einbettung ist vollst\u00e4ndig durchgef\u00fchrt. <\/b><br> Besuchen Sie Ihre Website, um einen Blick auf die Leistung der App zu werfen. <\/li><\/ol><p>Wenn Sie Rat ben\u00f6tigen oder Probleme haben, k\u00f6nnen Sie sich gerne an den Kundensupport von Elfsight wenden. Bei jeder Anfrage stehen wir Ihnen gerne zur Verf\u00fcgung. <\/p> <div class=\"faq\" data-component=\"FAQ\"><div class=\"faq-item\">\r\n\t\t\t\t\t<div class=\"faq-item-question\">\r\n\t\t\t\t\t\t<h3 class=\"faq-item-question-text\">Wie kann ich die Apple App Store Reviews App ohne Programmierkenntnisse in meine Shopify-Website einbetten?<\/h3>\r\n\r\n\t\t\t\t\t\t<div class=\"faq-item-question-icon\"><\/div>\r\n\t\t\t\t\t<\/div>\r\n\r\n\t\t\t\t\t<div class=\"faq-item-answer\">\r\n\t\t\t\t\t\t<div class=\"faq-item-answer-text\"><p>Elfsight bietet eine Cloud-basierte L\u00f6sung, die es Benutzern erm\u00f6glicht, eine Apple App zu erstellen Store Reviews App selbst. Sehen Sie, wie einfach der Vorgang ist:<\/p><ul><li>Greifen Sie auf den Online-Editor zu, um einen App-Bereich f\u00fcr Apple App Store Reviews zu erstellen, den Sie in Ihre Shopify-Website integrieren m\u00f6chten.<\/li><li>W\u00e4hlen Sie einen aus Nutzen Sie unsere vorgefertigten Vorlagen und passen Sie die Einstellungen der Apple App Store Reviews App an, \u00e4ndern Sie das Layout und das Farbschema und f\u00fcgen Sie Ihre Inhalte ein, ohne dass eine Programmierung erforderlich ist.<\/li><li>Speichern Sie die Einstellungen, die Sie f\u00fcr die Apple App konfiguriert haben Store Reviews App und erhalten Sie den Code zum Einbetten der App, der m\u00fchelos und kostenlos zu Ihrer Shopify-Website hinzugef\u00fcgt werden kann.<\/li><\/ul><p>Durch die Arbeit im benutzerfreundlichen Editor kann jeder Internetnutzer erstellen einen Apple App Store Reviews App-Bereich erstellen und ihn in die Shopify-Website einbetten. F\u00fcr den Zugriff auf den Elfsight-Editor ist keine Zahlung oder Offenlegung Ihrer Karteninformationen erforderlich. Sollten Sie zu irgendeinem Zeitpunkt auf Schwierigkeiten sto\u00dfen, wenden Sie sich bitte an unseren Kundensupport.<\/p><\/div>\r\n\t\t\t\t\t<\/div>\r\n\t\t\t\t<\/div><\/div><\/div>","protected":false},"excerpt":{"rendered":"","protected":false},"author":9,"featured_media":0,"parent":1843,"menu_order":0,"comment_status":"closed","ping_status":"closed","template":"templates\/template-application-platform.php","meta":{"publish_to_discourse":"","publish_post_category":"","wpdc_auto_publish_overridden":"","wpdc_topic_tags":"","wpdc_pin_topic":"","wpdc_pin_until":"","discourse_post_id":"","discourse_permalink":"","wpdc_publishing_response":"","wpdc_publishing_error":"","footnotes":""},"class_list":["post-7874","page","type-page","status-publish","hentry"],"yoast_head":"<!-- This site is optimized with the Yoast SEO plugin v25.3.1 - https:\/\/yoast.com\/wordpress\/plugins\/seo\/ -->\n<title>Betten Sie Apple-Bewertungen auf Ihrer Shopify-Website ein (einfach und schnell)<\/title>\n<meta name=\"description\" content=\"Es ist ein unkomplizierter Prozess, Ihr eigenes Apple Reviews-Widget zu erstellen und es auf Ihrer Shopify-Website zu ver\u00f6ffentlichen. Der Kundendienst von Elfsight ist kostenlos.\" \/>\n<meta name=\"robots\" content=\"index, follow, max-snippet:-1, max-image-preview:large, max-video-preview:-1\" \/>\n<link rel=\"canonical\" href=\"https:\/\/elfsight.com\/de\/apple-app-store-reviews-widget\/shopify\/\" \/>\n<meta property=\"og:locale\" content=\"de_DE\" \/>\n<meta property=\"og:type\" content=\"article\" \/>\n<meta property=\"og:title\" content=\"Betten Sie Apple-Bewertungen auf Ihrer Shopify-Website ein (einfach und schnell)\" \/>\n<meta property=\"og:description\" content=\"Es ist ein unkomplizierter Prozess, Ihr eigenes Apple Reviews-Widget zu erstellen und es auf Ihrer Shopify-Website zu ver\u00f6ffentlichen. Der Kundendienst von Elfsight ist kostenlos.\" \/>\n<meta property=\"og:url\" content=\"https:\/\/elfsight.com\/de\/apple-app-store-reviews-widget\/shopify\/\" \/>\n<meta property=\"og:site_name\" content=\"Elfsight DE\" \/>\n<meta property=\"article:modified_time\" content=\"2025-07-08T09:48:35+00:00\" \/>\n<meta name=\"twitter:card\" content=\"summary_large_image\" \/>\n<meta name=\"twitter:label1\" content=\"Gesch\u00e4tzte Lesezeit\" \/>\n\t<meta name=\"twitter:data1\" content=\"3\u00a0Minuten\" \/>\n<!-- \/ Yoast SEO plugin. -->","yoast_head_json":{"title":"Betten Sie Apple-Bewertungen auf Ihrer Shopify-Website ein (einfach und schnell)","description":"Es ist ein unkomplizierter Prozess, Ihr eigenes Apple Reviews-Widget zu erstellen und es auf Ihrer Shopify-Website zu ver\u00f6ffentlichen. Der Kundendienst von Elfsight ist kostenlos.","robots":{"index":"index","follow":"follow","max-snippet":"max-snippet:-1","max-image-preview":"max-image-preview:large","max-video-preview":"max-video-preview:-1"},"canonical":"https:\/\/elfsight.com\/de\/apple-app-store-reviews-widget\/shopify\/","og_locale":"de_DE","og_type":"article","og_title":"Betten Sie Apple-Bewertungen auf Ihrer Shopify-Website ein (einfach und schnell)","og_description":"Es ist ein unkomplizierter Prozess, Ihr eigenes Apple Reviews-Widget zu erstellen und es auf Ihrer Shopify-Website zu ver\u00f6ffentlichen. Der Kundendienst von Elfsight ist kostenlos.","og_url":"https:\/\/elfsight.com\/de\/apple-app-store-reviews-widget\/shopify\/","og_site_name":"Elfsight DE","article_modified_time":"2025-07-08T09:48:35+00:00","twitter_card":"summary_large_image","twitter_misc":{"Gesch\u00e4tzte Lesezeit":"3\u00a0Minuten"},"schema":{"@context":"https:\/\/schema.org","@graph":[{"@type":"WebPage","@id":"https:\/\/elfsight.com\/de\/apple-app-store-reviews-widget\/shopify\/","url":"https:\/\/elfsight.com\/de\/apple-app-store-reviews-widget\/shopify\/","name":"Betten Sie Apple-Bewertungen auf Ihrer Shopify-Website ein (einfach und schnell)","isPartOf":{"@id":"https:\/\/elfsight.com\/de\/#website"},"datePublished":"2024-05-03T06:28:08+00:00","dateModified":"2025-07-08T09:48:35+00:00","description":"Es ist ein unkomplizierter Prozess, Ihr eigenes Apple Reviews-Widget zu erstellen und es auf Ihrer Shopify-Website zu ver\u00f6ffentlichen. Der Kundendienst von Elfsight ist kostenlos.","breadcrumb":{"@id":"https:\/\/elfsight.com\/de\/apple-app-store-reviews-widget\/shopify\/#breadcrumb"},"inLanguage":"de","potentialAction":[{"@type":"ReadAction","target":["https:\/\/elfsight.com\/de\/apple-app-store-reviews-widget\/shopify\/"]}]},{"@type":"BreadcrumbList","@id":"https:\/\/elfsight.com\/de\/apple-app-store-reviews-widget\/shopify\/#breadcrumb","itemListElement":[{"@type":"ListItem","position":1,"name":"Home","item":"https:\/\/elfsight.com\/de\/"},{"@type":"ListItem","position":2,"name":"Apple App Store Reviews","item":"https:\/\/elfsight.com\/de\/apple-app-store-reviews-widget\/"},{"@type":"ListItem","position":3,"name":"Apple App Store Reviews &#8211; Shopify"}]},{"@type":"WebSite","@id":"https:\/\/elfsight.com\/de\/#website","url":"https:\/\/elfsight.com\/de\/","name":"Elfsight DE","description":"Just another Elfsight Sites site","potentialAction":[{"@type":"SearchAction","target":{"@type":"EntryPoint","urlTemplate":"https:\/\/elfsight.com\/de\/?s={search_term_string}"},"query-input":{"@type":"PropertyValueSpecification","valueRequired":true,"valueName":"search_term_string"}}],"inLanguage":"de"}]}},"meta_box":{"industry":"","seo_heading":"","heading":"","description":"","cta_heading":"","cta_description":"","application":"501","h1":"Shopify Apple App Store Reviews App","h1_caption":"Betten Sie Bewertungen aus Ihrer Apple App Store-App ein, um Glaubw\u00fcrdigkeit aufzubauen und m\u00fchelos mehr Downloads auf Ihrer Shopify-Website zu f\u00f6rdern.","application_category":[],"applications_title":"","applications_request_title":"","applications_request_button_text":"","hero_text":"","hero_video":"","hero_video_schema_markup":"","selling_points_title":"","selling_points_caption":"","selling_points":[],"selling_points_cta_text":"","features_title":"","features":"","ed_cta_examples_text":"","ed_cta_examples_hidden":"","ed_cta_demo_text":"","ed_cta_demo_hidden":"","why_caption":"","why_editor_title":"","why_editor_text":"","why_team_title":"","why_team_text":"","why_service_title":"","why_service_text":"","template_catalog_visible":"","template_catalog_title":"","template_catalog_text":"","template_catalog_categories_visible":"","demo_title":"Erstellen Sie Ihre Apple App Store Reviews-App","demo_caption":"Konfigurieren Sie Ihre Apple App Store-Bewertungen und f\u00fcgen Sie sie kostenlos zu Ihrer Shopify-Website hinzu!","default_faq_hidden":"","app_template_category":[],"platform":"253","template_public_id":"","codecanyon_url":"","codecanyon_item_id":"","codecanyon_price":"","pricing_caption":"","pricing_elfsight_apps_hide_column":"","pricing_elfsight_apps_url":"","pricing_codecanyon_price_caption":"","integration_category":[],"integration_request_title":"","integration_request_cta":"","integration_platform":"","integrations":[],"platform_category":[],"video_schema_markup":"","price":"ab 0 $ \/ Monat","trial":"","benefits":[{"text":"Kostenloser Installationsservice"},{"text":"Premium-Support"},{"text":"14-t\u00e4gige Geld-zur\u00fcck-Garantie"},{"text":"Kontinuierliche kostenlose Updates"}],"button_url":"#demo","button_target_blank":"","button_nofollow":"","attributes":[{"name":"Installiert","content":"10,000 - 100,000"},{"name":"Reaktionsfreudig","content":"Ja"},{"name":"Kompatible Browser","content":"Firefox, Safari, Opera, Chrome, Edge"}],"tags":[],"tags_disable_links":"","hide_more_platforms":"","video_object":"","demo_hide_cta":"","demo_hide_cloud_options":"","pricing_title":"","pricing":[{"pricing_icon":"platform","pricing_title":"Elfsight Apps","pricing_title_caption":"Plattform\u00fcbergreifende Version, die auf jeder Website funktioniert","pricing_price":"ab 0 $ \/ Monat","pricing_price_caption":"Beginnen Sie mit einem kostenlosen Plan","pricing_benefits":[{"text":"Unbegrenzte Websites"},{"text":"Premium-Support"},{"text":"Kostenloser Installationsservice"},{"text":"Sonderangebot f\u00fcr mehrere Apps"}],"pricing_button_text":"Zur Website hinzuf\u00fcgen","pricing_button_url":"#demo"}],"related_apps_title":"","related_apps_hidden":"","author":"","image":[],"title":"","job":"","social_networks":[]},"_links":{"self":[{"href":"https:\/\/elfsight.com\/de\/wp-json\/wp\/v2\/pages\/7874","targetHints":{"allow":["GET"]}}],"collection":[{"href":"https:\/\/elfsight.com\/de\/wp-json\/wp\/v2\/pages"}],"about":[{"href":"https:\/\/elfsight.com\/de\/wp-json\/wp\/v2\/types\/page"}],"author":[{"embeddable":true,"href":"https:\/\/elfsight.com\/de\/wp-json\/wp\/v2\/users\/9"}],"replies":[{"embeddable":true,"href":"https:\/\/elfsight.com\/de\/wp-json\/wp\/v2\/comments?post=7874"}],"version-history":[{"count":2,"href":"https:\/\/elfsight.com\/de\/wp-json\/wp\/v2\/pages\/7874\/revisions"}],"predecessor-version":[{"id":21246,"href":"https:\/\/elfsight.com\/de\/wp-json\/wp\/v2\/pages\/7874\/revisions\/21246"}],"up":[{"embeddable":true,"href":"https:\/\/elfsight.com\/de\/wp-json\/wp\/v2\/pages\/1843"}],"wp:attachment":[{"href":"https:\/\/elfsight.com\/de\/wp-json\/wp\/v2\/media?parent=7874"}],"curies":[{"name":"wp","href":"https:\/\/api.w.org\/{rel}","templated":true}]}}